{"id":189578,"date":"2023-09-10T21:06:16","date_gmt":"2023-09-10T19:06:16","guid":{"rendered":"https:\/\/hobby4geek.com\/?post_type=product&#038;p=189578"},"modified":"2024-05-12T12:59:00","modified_gmt":"2024-05-12T11:59:00","slug":"threezero-transformers-rise-of-the-beasts-dlx-optimus-primal","status":"publish","type":"product","link":"https:\/\/hobby4geek.com\/es\/producto\/threezero-transformers-rise-of-the-beasts-dlx-optimus-primal\/","title":{"rendered":"ThreeZero - Transformers: Rise of the Beasts DLX Optimus Primal"},"content":{"rendered":"<p>Con una altura aproximada de 28,5 cm, la figura coleccionable Transformers: Rise of the Beasts DLX Optimus Primal captura la esencia del ic\u00f3nico l\u00edder de los Maximals tal y como aparece en la pel\u00edcula. Transformers: Rise of the Beasts DLX Optimus Primal se lleva el honor de tener el mayor n\u00famero de puntos de articulaci\u00f3n de la l\u00ednea de juguetes coleccionables DLX, \u00a1con aproximadamente 74 puntos de articulaci\u00f3n! Contiene varios segmentos entrelazados para los movimientos del brazo, la pierna y el cuerpo, este rango din\u00e1mico de posabilidad te permite recrear los momentos \u00e9picos y las escenas de batalla de la pel\u00edcula. Dise\u00f1ado con un marco de metal fundido a presi\u00f3n que los niveles m\u00e1ximos de durabilidad y estabilidad. La detallada aplicaci\u00f3n de pintura desgastada resalta su aspecto de batalla, mostrando la resistencia y determinaci\u00f3n del personaje.<\/p>\n<p><strong>CARACTER\u00cdSTICAS<\/strong><\/p>\n<ul>\n<li>Con licencia oficial de Hasbro y TakaraTomy<\/li>\n<li>Aproximadamente 28,5 cm de alto<\/li>\n<li>Aproximadamente 74 puntos de articulaci\u00f3n<\/li>\n<li>Aplicaci\u00f3n detallada de pintura envejecida<\/li>\n<li>Ojos iluminados con LED<\/li>\n<li>Estructura de metal fundido a presi\u00f3n con articulaci\u00f3n avanzada<\/li>\n<li>Cibercuchillas que pueden combinarse en una sola arma<\/li>\n<li>Cadena met\u00e1lica incluida para conectar las Cyber Blades<\/li>\n<li>Caras intercambiables<\/li>\n<li>Piel de PVC a\u00f1adida a la armadura del hombro para reproducir la silueta de la pel\u00edcula.<\/li>\n<li>Varias funciones de encadenamiento para los movimientos de brazos, piernas y cuerpo<\/li>\n<\/ul>\n<p><strong>ACCESORIOS<\/strong><\/p>\n<ul>\n<li>Dos (2) unidades de Cyber Blades<\/li>\n<li>Una (1) unidad de cadena<\/li>\n<li>Una (1) pieza de conexi\u00f3n entre Cyber Blades<\/li>\n<li>Dos (2) piezas de conexi\u00f3n entre Cyber Blade y la parte posterior de DLX Optimus Primal<\/li>\n<li>Tres (3) piezas frontales intercambiables<\/li>\n<li>Cuatro (4) pares de manos intercambiables: un (1) par de Pu\u00f1os, un (1) par de Manos Relajadas, un (1) par de Manos de Acci\u00f3n y un (1) par de Manos de Sujeci\u00f3n de Armas.<\/li>\n<li>Una (1) pieza de soporte de acci\u00f3n DLX<\/li>\n<\/ul>\n<p><strong>CARACTER\u00cdSTICAS DE LOS LEDES<\/strong><\/p>\n<ul>\n<li>Ojos<\/li>\n<\/ul>\n<p><strong>Observaciones<br \/>\n<\/strong><\/p>\n<p>* Requiere pilas AG13 x 2 (Pilas no incluidas)<\/p>\n<p><strong>Materiales<br \/>\n<\/strong>Aleaci\u00f3n de zinc fundido a presi\u00f3n, PVC, ABS, POM<\/p>","protected":false},"excerpt":{"rendered":"<p><strong>CARACTER\u00cdSTICAS<\/strong><\/p>\n<ul>\n<li>Con licencia oficial de Hasbro y TakaraTomy<\/li>\n<li>Aproximadamente 28,5 cm de alto<\/li>\n<li>Aproximadamente 74 puntos de articulaci\u00f3n<\/li>\n<li>Aplicaci\u00f3n detallada de pintura envejecida<\/li>\n<li>Ojos iluminados con LED<\/li>\n<li>Estructura de metal fundido a presi\u00f3n con articulaci\u00f3n avanzada<\/li>\n<li>Cibercuchillas que pueden combinarse en una sola arma<\/li>\n<li>Cadena met\u00e1lica incluida para conectar las Cyber Blades<\/li>\n<li>Caras intercambiables<\/li>\n<li>Piel de PVC a\u00f1adida a la armadura del hombro para reproducir la silueta de la pel\u00edcula.<\/li>\n<li>Varias funciones de encadenamiento para los movimientos de brazos, piernas y cuerpo<\/li>\n<\/ul>\n<p><strong>ACCESORIOS<\/strong><\/p>\n<ul>\n<li>Dos (2) unidades de Cyber Blades<\/li>\n<li>Una (1) unidad de cadena<\/li>\n<li>Una (1) pieza de conexi\u00f3n entre Cyber Blades<\/li>\n<li>Dos (2) piezas de conexi\u00f3n entre Cyber Blade y la parte posterior de DLX Optimus Primal<\/li>\n<li>Tres (3) piezas frontales intercambiables<\/li>\n<li>Cuatro (4) pares de manos intercambiables: un (1) par de Pu\u00f1os, un (1) par de Manos Relajadas, un (1) par de Manos de Acci\u00f3n y un (1) par de Manos de Sujeci\u00f3n de Armas.<\/li>\n<li>Una (1) pieza de soporte de acci\u00f3n DLX<\/li>\n<\/ul>\n<p><strong>CARACTER\u00cdSTICAS DE LOS LEDES<\/strong><\/p>\n<ul>\n<li>Ojos<\/li>\n<\/ul>\n<p><strong>Observaciones<br \/>\n<\/strong><\/p>\n<p>* Requiere pilas AG13 x 2 (Pilas no incluidas)<\/p>\n<p><strong>Materiales<br \/>\n<\/strong>Aleaci\u00f3n de zinc fundido a presi\u00f3n, PVC, ABS, POM<\/p>","protected":false},"featured_media":189579,"comment_status":"open","ping_status":"closed","template":"","meta":{"inline_featured_image":false},"product_brand":[],"product_cat":[68,90,1955],"product_tag":[332,1976,221,333,334,335,1936,562,265,1956,337,770,204,2453,235,2227],"giftcard-category":[],"class_list":{"0":"post-189578","1":"product","2":"type-product","3":"status-publish","4":"has-post-thumbnail","6":"product_cat-hasbro","7":"product_cat-threezero","8":"product_cat-transformers","9":"product_tag-3a","10":"product_tag-collector-figures","11":"product_tag-decepticon","12":"product_tag-dlx-collectible-series","13":"product_tag-film","14":"product_tag-hasbro","15":"product_tag-models-co","16":"product_tag-optimus-primal","17":"product_tag-pre-orders","18":"product_tag-rise-of-the-beasts","19":"product_tag-threea","20":"product_tag-threezero","21":"product_tag-transformers","22":"product_tag-transformers-x-threezero","23":"product_tag-transformers-bumblebee","24":"product_tag-transformers-rise-of-the-beasts","25":"product_shipping_class-standard","26":"inventories-france-inventory","28":"first","29":"instock","30":"taxable","31":"shipping-taxable","32":"purchasable","33":"product-type-simple","34":"add-to-wishlist-after_add_to_cart"},"yoast_head":"<!-- This site is optimized with the Yoast SEO Premium plugin v25.3.1 (Yoast SEO v27.4) - https:\/\/yoast.com\/product\/yoast-seo-premium-wordpress\/ -->\n<title>ThreeZero - Transformers: Rise of the Beasts DLX Optimus Primal<\/title>\n<meta name=\"robots\" content=\"index, follow, max-snippet:-1, max-image-preview:large, max-video-preview:-1\" \/>\n<link rel=\"canonical\" href=\"https:\/\/hobby4geek.com\/es\/producto\/threezero-transformers-rise-of-the-beasts-dlx-optimus-primal\/\" \/>\n<meta property=\"og:locale\" content=\"es_ES\" \/>\n<meta property=\"og:type\" content=\"article\" \/>\n<meta property=\"og:title\" content=\"ThreeZero - Transformers: Rise of the Beasts DLX Optimus Primal\" \/>\n<meta property=\"og:description\" content=\"FEATURES   Officially Licensed by Hasbro and TakaraTomy  Approximately 11.2 inches (~28.5cm) tall  Approximately 74 points of articulation  Detailed weathered paint application  LED-illuminated eyes  Die-cast metal frame design with advanced articulation range  Cyber Blades that can combine into a single weapon  Metallic chain included for connecting the Cyber Blades  Interchangeable faces  PVC fur added to shoulder armor to replicate the silhouette from the movie  Various interlinking functions for arm, leg, and body movements  ACCESSORIES   Two (2) pcs of Cyber Blades  One (1) pc of Chain  One (1) pc Connection part between Cyber Blades  Two (2) pc of Connection part between Cyber Blade and DLX Optimus Primal\u2019s back  Three (3) pcs of interchangeable face parts  Four (4) pairs of interchangeable hands: one (1) pair of Fists, one (1) pair of Relaxed Hands, one (1) pair of Action Hands, and one (1) pair of Weapon Holding Hands  One (1) pc of DLX action stand  LED FEATURES*   Eyes  Remarks   * Requires AG13 batteries x 2 (Batteries Not Included)  Materials Die-cast zinc alloy, PVC, ABS, POM\" \/>\n<meta property=\"og:url\" content=\"https:\/\/hobby4geek.com\/es\/producto\/threezero-transformers-rise-of-the-beasts-dlx-optimus-primal\/\" \/>\n<meta property=\"og:site_name\" content=\"Hobby4Geek\" \/>\n<meta property=\"article:publisher\" content=\"https:\/\/www.facebook.com\/hobby4geek\" \/>\n<meta property=\"article:modified_time\" content=\"2024-05-12T11:59:00+00:00\" \/>\n<meta property=\"og:image\" content=\"https:\/\/hobby4geek.com\/wp-content\/uploads\/2023\/09\/threezero-transformers-rise-of-the-beasts-dlx-optimus-primal.jpg\" \/>\n\t<meta property=\"og:image:width\" content=\"600\" \/>\n\t<meta property=\"og:image:height\" content=\"600\" \/>\n\t<meta property=\"og:image:type\" content=\"image\/jpeg\" \/>\n<meta name=\"twitter:card\" content=\"summary_large_image\" \/>\n<meta name=\"twitter:site\" content=\"@hobby4geek\" \/>\n<script type=\"application\/ld+json\" class=\"yoast-schema-graph\">{\"@context\":\"https:\\\/\\\/schema.org\",\"@graph\":[{\"@type\":\"WebPage\",\"@id\":\"https:\\\/\\\/hobby4geek.com\\\/product\\\/threezero-transformers-rise-of-the-beasts-dlx-optimus-primal\\\/\",\"url\":\"https:\\\/\\\/hobby4geek.com\\\/product\\\/threezero-transformers-rise-of-the-beasts-dlx-optimus-primal\\\/\",\"name\":\"ThreeZero - Transformers: Rise of the Beasts DLX Optimus Primal\",\"isPartOf\":{\"@id\":\"https:\\\/\\\/hobby4geek.com\\\/#website\"},\"primaryImageOfPage\":{\"@id\":\"https:\\\/\\\/hobby4geek.com\\\/product\\\/threezero-transformers-rise-of-the-beasts-dlx-optimus-primal\\\/#primaryimage\"},\"image\":{\"@id\":\"https:\\\/\\\/hobby4geek.com\\\/product\\\/threezero-transformers-rise-of-the-beasts-dlx-optimus-primal\\\/#primaryimage\"},\"thumbnailUrl\":\"https:\\\/\\\/hobby4geek.com\\\/wp-content\\\/uploads\\\/2023\\\/09\\\/threezero-transformers-rise-of-the-beasts-dlx-optimus-primal.jpg\",\"datePublished\":\"2023-09-10T19:06:16+00:00\",\"dateModified\":\"2024-05-12T11:59:00+00:00\",\"breadcrumb\":{\"@id\":\"https:\\\/\\\/hobby4geek.com\\\/product\\\/threezero-transformers-rise-of-the-beasts-dlx-optimus-primal\\\/#breadcrumb\"},\"inLanguage\":\"es\",\"potentialAction\":[{\"@type\":\"ReadAction\",\"target\":[\"https:\\\/\\\/hobby4geek.com\\\/product\\\/threezero-transformers-rise-of-the-beasts-dlx-optimus-primal\\\/\"]}]},{\"@type\":\"ImageObject\",\"inLanguage\":\"es\",\"@id\":\"https:\\\/\\\/hobby4geek.com\\\/product\\\/threezero-transformers-rise-of-the-beasts-dlx-optimus-primal\\\/#primaryimage\",\"url\":\"https:\\\/\\\/hobby4geek.com\\\/wp-content\\\/uploads\\\/2023\\\/09\\\/threezero-transformers-rise-of-the-beasts-dlx-optimus-primal.jpg\",\"contentUrl\":\"https:\\\/\\\/hobby4geek.com\\\/wp-content\\\/uploads\\\/2023\\\/09\\\/threezero-transformers-rise-of-the-beasts-dlx-optimus-primal.jpg\",\"width\":600,\"height\":600},{\"@type\":\"BreadcrumbList\",\"@id\":\"https:\\\/\\\/hobby4geek.com\\\/product\\\/threezero-transformers-rise-of-the-beasts-dlx-optimus-primal\\\/#breadcrumb\",\"itemListElement\":[{\"@type\":\"ListItem\",\"position\":1,\"name\":\"Home\",\"item\":\"https:\\\/\\\/hobby4geek.com\\\/\"},{\"@type\":\"ListItem\",\"position\":2,\"name\":\"Shop\",\"item\":\"https:\\\/\\\/hobby4geek.com\\\/shop\\\/\"},{\"@type\":\"ListItem\",\"position\":3,\"name\":\"ThreeZero &#8211; Transformers: Rise of the Beasts DLX Optimus Primal\"}]},{\"@type\":\"WebSite\",\"@id\":\"https:\\\/\\\/hobby4geek.com\\\/#website\",\"url\":\"https:\\\/\\\/hobby4geek.com\\\/\",\"name\":\"Hobby4Geek\",\"description\":\"Collect, Play &amp; Showcase, Embrace your Geekiness\",\"publisher\":{\"@id\":\"https:\\\/\\\/hobby4geek.com\\\/#organization\"},\"potentialAction\":[{\"@type\":\"SearchAction\",\"target\":{\"@type\":\"EntryPoint\",\"urlTemplate\":\"https:\\\/\\\/hobby4geek.com\\\/?s={search_term_string}\"},\"query-input\":{\"@type\":\"PropertyValueSpecification\",\"valueRequired\":true,\"valueName\":\"search_term_string\"}}],\"inLanguage\":\"es\"},{\"@type\":\"Organization\",\"@id\":\"https:\\\/\\\/hobby4geek.com\\\/#organization\",\"name\":\"Hobby4Geek\",\"url\":\"https:\\\/\\\/hobby4geek.com\\\/\",\"logo\":{\"@type\":\"ImageObject\",\"inLanguage\":\"es\",\"@id\":\"https:\\\/\\\/hobby4geek.com\\\/#\\\/schema\\\/logo\\\/image\\\/\",\"url\":\"https:\\\/\\\/hobby4geek.com\\\/wp-content\\\/uploads\\\/2023\\\/02\\\/default-kit.png\",\"contentUrl\":\"https:\\\/\\\/hobby4geek.com\\\/wp-content\\\/uploads\\\/2023\\\/02\\\/default-kit.png\",\"width\":600,\"height\":600,\"caption\":\"Hobby4Geek\"},\"image\":{\"@id\":\"https:\\\/\\\/hobby4geek.com\\\/#\\\/schema\\\/logo\\\/image\\\/\"},\"sameAs\":[\"https:\\\/\\\/www.facebook.com\\\/hobby4geek\",\"https:\\\/\\\/x.com\\\/hobby4geek\",\"https:\\\/\\\/www.instagram.com\\\/hobby4geek\\\/\"]}]}<\/script>\n<meta property=\"product:brand\" content=\"Hasbro\" \/>\n<meta property=\"product:price:amount\" content=\"324.00\" \/>\n<meta property=\"product:price:currency\" content=\"EUR\" \/>\n<meta property=\"og:availability\" content=\"instock\" \/>\n<meta property=\"product:availability\" content=\"instock\" \/>\n<meta property=\"product:retailer_item_id\" content=\"4895250808294\" \/>\n<meta property=\"product:condition\" content=\"new\" \/>\n<!-- \/ Yoast SEO Premium plugin. -->","yoast_head_json":{"title":"ThreeZero - Transformers: Rise of the Beasts DLX Optimus Primal","robots":{"index":"index","follow":"follow","max-snippet":"max-snippet:-1","max-image-preview":"max-image-preview:large","max-video-preview":"max-video-preview:-1"},"canonical":"https:\/\/hobby4geek.com\/es\/producto\/threezero-transformers-rise-of-the-beasts-dlx-optimus-primal\/","og_locale":"es_ES","og_type":"article","og_title":"ThreeZero - Transformers: Rise of the Beasts DLX Optimus Primal","og_description":"FEATURES   Officially Licensed by Hasbro and TakaraTomy  Approximately 11.2 inches (~28.5cm) tall  Approximately 74 points of articulation  Detailed weathered paint application  LED-illuminated eyes  Die-cast metal frame design with advanced articulation range  Cyber Blades that can combine into a single weapon  Metallic chain included for connecting the Cyber Blades  Interchangeable faces  PVC fur added to shoulder armor to replicate the silhouette from the movie  Various interlinking functions for arm, leg, and body movements  ACCESSORIES   Two (2) pcs of Cyber Blades  One (1) pc of Chain  One (1) pc Connection part between Cyber Blades  Two (2) pc of Connection part between Cyber Blade and DLX Optimus Primal\u2019s back  Three (3) pcs of interchangeable face parts  Four (4) pairs of interchangeable hands: one (1) pair of Fists, one (1) pair of Relaxed Hands, one (1) pair of Action Hands, and one (1) pair of Weapon Holding Hands  One (1) pc of DLX action stand  LED FEATURES*   Eyes  Remarks   * Requires AG13 batteries x 2 (Batteries Not Included)  Materials Die-cast zinc alloy, PVC, ABS, POM","og_url":"https:\/\/hobby4geek.com\/es\/producto\/threezero-transformers-rise-of-the-beasts-dlx-optimus-primal\/","og_site_name":"Hobby4Geek","article_publisher":"https:\/\/www.facebook.com\/hobby4geek","article_modified_time":"2024-05-12T11:59:00+00:00","og_image":[{"width":600,"height":600,"url":"https:\/\/hobby4geek.com\/wp-content\/uploads\/2023\/09\/threezero-transformers-rise-of-the-beasts-dlx-optimus-primal.jpg","type":"image\/jpeg"}],"twitter_card":"summary_large_image","twitter_site":"@hobby4geek","schema":{"@context":"https:\/\/schema.org","@graph":[{"@type":"WebPage","@id":"https:\/\/hobby4geek.com\/product\/threezero-transformers-rise-of-the-beasts-dlx-optimus-primal\/","url":"https:\/\/hobby4geek.com\/product\/threezero-transformers-rise-of-the-beasts-dlx-optimus-primal\/","name":"ThreeZero - Transformers: Rise of the Beasts DLX Optimus Primal","isPartOf":{"@id":"https:\/\/hobby4geek.com\/#website"},"primaryImageOfPage":{"@id":"https:\/\/hobby4geek.com\/product\/threezero-transformers-rise-of-the-beasts-dlx-optimus-primal\/#primaryimage"},"image":{"@id":"https:\/\/hobby4geek.com\/product\/threezero-transformers-rise-of-the-beasts-dlx-optimus-primal\/#primaryimage"},"thumbnailUrl":"https:\/\/hobby4geek.com\/wp-content\/uploads\/2023\/09\/threezero-transformers-rise-of-the-beasts-dlx-optimus-primal.jpg","datePublished":"2023-09-10T19:06:16+00:00","dateModified":"2024-05-12T11:59:00+00:00","breadcrumb":{"@id":"https:\/\/hobby4geek.com\/product\/threezero-transformers-rise-of-the-beasts-dlx-optimus-primal\/#breadcrumb"},"inLanguage":"es","potentialAction":[{"@type":"ReadAction","target":["https:\/\/hobby4geek.com\/product\/threezero-transformers-rise-of-the-beasts-dlx-optimus-primal\/"]}]},{"@type":"ImageObject","inLanguage":"es","@id":"https:\/\/hobby4geek.com\/product\/threezero-transformers-rise-of-the-beasts-dlx-optimus-primal\/#primaryimage","url":"https:\/\/hobby4geek.com\/wp-content\/uploads\/2023\/09\/threezero-transformers-rise-of-the-beasts-dlx-optimus-primal.jpg","contentUrl":"https:\/\/hobby4geek.com\/wp-content\/uploads\/2023\/09\/threezero-transformers-rise-of-the-beasts-dlx-optimus-primal.jpg","width":600,"height":600},{"@type":"BreadcrumbList","@id":"https:\/\/hobby4geek.com\/product\/threezero-transformers-rise-of-the-beasts-dlx-optimus-primal\/#breadcrumb","itemListElement":[{"@type":"ListItem","position":1,"name":"Home","item":"https:\/\/hobby4geek.com\/"},{"@type":"ListItem","position":2,"name":"Shop","item":"https:\/\/hobby4geek.com\/shop\/"},{"@type":"ListItem","position":3,"name":"ThreeZero &#8211; Transformers: Rise of the Beasts DLX Optimus Primal"}]},{"@type":"WebSite","@id":"https:\/\/hobby4geek.com\/#website","url":"https:\/\/hobby4geek.com\/","name":"Hobby4Geek","description":"Coleccionar, jugar y exhibir, abrazar su frikismo","publisher":{"@id":"https:\/\/hobby4geek.com\/#organization"},"potentialAction":[{"@type":"SearchAction","target":{"@type":"EntryPoint","urlTemplate":"https:\/\/hobby4geek.com\/?s={search_term_string}"},"query-input":{"@type":"PropertyValueSpecification","valueRequired":true,"valueName":"search_term_string"}}],"inLanguage":"es"},{"@type":"Organization","@id":"https:\/\/hobby4geek.com\/#organization","name":"Hobby4Geek","url":"https:\/\/hobby4geek.com\/","logo":{"@type":"ImageObject","inLanguage":"es","@id":"https:\/\/hobby4geek.com\/#\/schema\/logo\/image\/","url":"https:\/\/hobby4geek.com\/wp-content\/uploads\/2023\/02\/default-kit.png","contentUrl":"https:\/\/hobby4geek.com\/wp-content\/uploads\/2023\/02\/default-kit.png","width":600,"height":600,"caption":"Hobby4Geek"},"image":{"@id":"https:\/\/hobby4geek.com\/#\/schema\/logo\/image\/"},"sameAs":["https:\/\/www.facebook.com\/hobby4geek","https:\/\/x.com\/hobby4geek","https:\/\/www.instagram.com\/hobby4geek\/"]}]},"product_brand":"Hasbro","product_price_amount":"324.00","product_price_currency":"EUR","og_availability":"instock","product_availability":"instock","product_retailer_item_id":"4895250808294","product_condition":"new"},"_links":{"self":[{"href":"https:\/\/hobby4geek.com\/es\/wp-json\/wp\/v2\/product\/189578","targetHints":{"allow":["GET"]}}],"collection":[{"href":"https:\/\/hobby4geek.com\/es\/wp-json\/wp\/v2\/product"}],"about":[{"href":"https:\/\/hobby4geek.com\/es\/wp-json\/wp\/v2\/types\/product"}],"replies":[{"embeddable":true,"href":"https:\/\/hobby4geek.com\/es\/wp-json\/wp\/v2\/comments?post=189578"}],"version-history":[{"count":0,"href":"https:\/\/hobby4geek.com\/es\/wp-json\/wp\/v2\/product\/189578\/revisions"}],"wp:featuredmedia":[{"embeddable":true,"href":"https:\/\/hobby4geek.com\/es\/wp-json\/wp\/v2\/media\/189579"}],"wp:attachment":[{"href":"https:\/\/hobby4geek.com\/es\/wp-json\/wp\/v2\/media?parent=189578"}],"wp:term":[{"taxonomy":"product_brand","embeddable":true,"href":"https:\/\/hobby4geek.com\/es\/wp-json\/wp\/v2\/product_brand?post=189578"},{"taxonomy":"product_cat","embeddable":true,"href":"https:\/\/hobby4geek.com\/es\/wp-json\/wp\/v2\/product_cat?post=189578"},{"taxonomy":"product_tag","embeddable":true,"href":"https:\/\/hobby4geek.com\/es\/wp-json\/wp\/v2\/product_tag?post=189578"},{"taxonomy":"giftcard-category","embeddable":true,"href":"https:\/\/hobby4geek.com\/es\/wp-json\/wp\/v2\/giftcard-category?post=189578"}],"curies":[{"name":"wp","href":"https:\/\/api.w.org\/{rel}","templated":true}]}}