{"id":189307,"date":"2023-12-03T18:04:17","date_gmt":"2023-12-03T16:04:17","guid":{"rendered":"https:\/\/hobby4geek.com\/?post_type=product&#038;p=189307"},"modified":"2025-01-14T01:45:46","modified_gmt":"2025-01-14T00:45:46","slug":"transformers-masterpiece-movie-series-mpm-14-bonecrusher","status":"publish","type":"product","link":"https:\/\/hobby4geek.com\/es\/producto\/transformers-masterpiece-movie-series-mpm-14-bonecrusher\/","title":{"rendered":"Transformers: Masterpiece Movie Series MPM-14 Bonecrusher"},"content":{"rendered":"<p>Modelada a partir de las pel\u00edculas de acci\u00f3n real Transformers, esta figura de acci\u00f3n Movie Masterpiece Bonecrusher cuenta con detalles y accesorios inspirados en la pel\u00edcula, ideales para exhibir en las estanter\u00edas de los coleccionistas. Esta aut\u00e9ntica figura de colecci\u00f3n Transformers est\u00e1 inspirada en los archivos CAD de la primera pel\u00edcula de acci\u00f3n real Transformers e incluye piezas de fundici\u00f3n a presi\u00f3n, m\u00e1s de 180 deco ops y m\u00e1s de 50 puntos de articulaci\u00f3n.<\/p>\n<p>Esta figura Bonecrusher cuenta con especificaciones y detalles inspirados en la aparici\u00f3n del personaje en la primera pel\u00edcula de acci\u00f3n real Transformers e incluye una cara alternativa, garras alternativas y 6 efectos de explosi\u00f3n. La figura Bonecrusher se transforma en 84 pasos entre el modo robot y el modo veh\u00edculo protegido contra minas, y cuenta con brazos, piernas, cintura, cabeza y horquilla para minas articulados. Busca m\u00e1s figuras Movie Masterpiece para reimaginar escenas ic\u00f3nicas de las pel\u00edculas Transformers. (Cada una se vende por separado. Sujeto a disponibilidad).<\/p>\n<p>Transformers y todos los personajes relacionados son marcas comerciales de Hasbro.<br \/>\nHasbro y todos los t\u00e9rminos relacionados son marcas comerciales de Hasbro.<br \/>\nFabricado bajo licencia de General Dynamics Land Systems - Force Protection, Inc. Todos los derechos reservados.<\/p>\n<p>Incluye figura, 8 accesorios e instrucciones.<br \/>\nEscala de la figura: 10 pulgadas \/ 26,5 cm<\/p>\n<div class=\"styles__StyledCol-sc-fw90uk-0 hOcoMD h-padding-t-x2 h-padding-r-tight\">\n<ul>\n<li class=\"styles__Bullet-sc-6aebpn-0 bTWoMB\">BONECRUSHER DE LA SERIE MOVIE MASTERPIECE: Las figuras Movie Masterpiece son aut\u00e9nticas figuras de acci\u00f3n Transformers modeladas seg\u00fan las pel\u00edculas de acci\u00f3n real Transformers, con detalles y accesorios inspirados en la pantalla.<\/li>\n<\/ul>\n<\/div>\n<div class=\"styles__StyledCol-sc-fw90uk-0 hOcoMD h-padding-t-x2 h-padding-r-tight\">\n<ul>\n<li class=\"styles__Bullet-sc-6aebpn-0 bTWoMB\">DISE\u00d1O PREMIUM: Con piezas de fundici\u00f3n a presi\u00f3n, m\u00e1s de 180 piezas deco y m\u00e1s de 50 puntos de articulaci\u00f3n, esta figura Bonecrusher est\u00e1 inspirada en los archivos CAD de la primera pel\u00edcula de acci\u00f3n real Transformers.<\/li>\n<\/ul>\n<\/div>\n<div class=\"styles__StyledCol-sc-fw90uk-0 hOcoMD h-padding-t-x2 h-padding-r-tight\">\n<ul>\n<li class=\"styles__Bullet-sc-6aebpn-0 bTWoMB\">CONVERSI\u00d3N A LA PANTALLA: Convierte la figura Bonecrusher en un veh\u00edculo antiminas inspirado en la primera pel\u00edcula de acci\u00f3n real Transformers en 84 pasos.<\/li>\n<\/ul>\n<\/div>\n<div class=\"styles__StyledCol-sc-fw90uk-0 hOcoMD h-padding-t-x2 h-padding-r-tight\">\n<ul>\n<li class=\"styles__Bullet-sc-6aebpn-0 bTWoMB\">CARACTER\u00cdSTICAS DETALLADAS Y ACCESORIOS: La figura Bonecrusher cuenta con brazos, piernas, cintura, cabeza y horquilla de mina articulados. Incluye una cara alternativa, garras alternativas y 6 efectos de explosi\u00f3n.<\/li>\n<\/ul>\n<\/div>\n<div class=\"styles__StyledCol-sc-fw90uk-0 hOcoMD h-padding-t-x2 h-padding-r-tight\">\n<ul>\n<li class=\"styles__Bullet-sc-6aebpn-0 bTWoMB\">POSA CON OTRAS FIGURAS MAESTRAS DE LAS PEL\u00cdCULAS Reimagina momentos ic\u00f3nicos de las pel\u00edculas Transformers con otras figuras coleccionables Movie Masterpiece Transformers (cada una se vende por separado, sujeto a disponibilidad).<\/li>\n<\/ul>\n<\/div>","protected":false},"excerpt":{"rendered":"<ul>\n<li>Tama\u00f1o de la figura: 10 pulgadas \/ 26,5 cm<\/li>\n<li>Incluye una cara alternativa<\/li>\n<li>Garras alternativas<\/li>\n<li>6 efectos de r\u00e1faga<\/li>\n<li>Transformaci\u00f3n en 84 pasos<\/li>\n<li>Instrucciones<\/li>\n<\/ul>","protected":false},"featured_media":189310,"comment_status":"open","ping_status":"closed","template":"","meta":{"inline_featured_image":false},"product_brand":[],"product_cat":[68,69,1955],"product_tag":[200,1759,458,221,202,2276,203,1975,204,1961],"giftcard-category":[],"class_list":{"0":"post-189307","1":"product","2":"type-product","3":"status-publish","4":"has-post-thumbnail","6":"product_cat-hasbro","7":"product_cat-takara-tomy","8":"product_cat-transformers","9":"product_tag-action-figures","10":"product_tag-action-toys","11":"product_tag-bonecrusher","12":"product_tag-decepticon","13":"product_tag-masterpiece-movie-series","14":"product_tag-mpm-14","15":"product_tag-takara-tomy","16":"product_tag-toys-figures","17":"product_tag-transformers","18":"product_tag-transformers-authentic","19":"product_shipping_class-standard","20":"inventories-china-inventory","22":"first","23":"instock","24":"taxable","25":"shipping-taxable","26":"purchasable","27":"product-type-simple","28":"add-to-wishlist-after_add_to_cart"},"yoast_head":"<!-- This site is optimized with the Yoast SEO Premium plugin v25.3.1 (Yoast SEO v27.4) - https:\/\/yoast.com\/product\/yoast-seo-premium-wordpress\/ -->\n<title>Transformers: Masterpiece Movie Series MPM-14 Bonecrusher<\/title>\n<meta name=\"robots\" content=\"index, follow, max-snippet:-1, max-image-preview:large, max-video-preview:-1\" \/>\n<link rel=\"canonical\" href=\"https:\/\/hobby4geek.com\/es\/producto\/transformers-masterpiece-movie-series-mpm-14-bonecrusher\/\" \/>\n<meta property=\"og:locale\" content=\"es_ES\" \/>\n<meta property=\"og:type\" content=\"article\" \/>\n<meta property=\"og:title\" content=\"Transformers: Masterpiece Movie Series MPM-14 Bonecrusher\" \/>\n<meta property=\"og:description\" content=\"Figure size: 10 inches \/ 26.5 cm  Includes an alternate face  Alternate claws  6 blast effects  Transformation in 84 steps  Instructions\" \/>\n<meta property=\"og:url\" content=\"https:\/\/hobby4geek.com\/es\/producto\/transformers-masterpiece-movie-series-mpm-14-bonecrusher\/\" \/>\n<meta property=\"og:site_name\" content=\"Hobby4Geek\" \/>\n<meta property=\"article:publisher\" content=\"https:\/\/www.facebook.com\/hobby4geek\" \/>\n<meta property=\"article:modified_time\" content=\"2025-01-14T00:45:46+00:00\" \/>\n<meta property=\"og:image\" content=\"https:\/\/hobby4geek.com\/wp-content\/uploads\/2023\/07\/transformers-masterpiece-movie-series-mpm-14-bonecrusher-3.webp\" \/>\n\t<meta property=\"og:image:width\" content=\"2000\" \/>\n\t<meta property=\"og:image:height\" content=\"2000\" \/>\n\t<meta property=\"og:image:type\" content=\"image\/webp\" \/>\n<meta name=\"twitter:card\" content=\"summary_large_image\" \/>\n<meta name=\"twitter:site\" content=\"@hobby4geek\" \/>\n<script type=\"application\/ld+json\" class=\"yoast-schema-graph\">{\"@context\":\"https:\\\/\\\/schema.org\",\"@graph\":[{\"@type\":\"WebPage\",\"@id\":\"https:\\\/\\\/hobby4geek.com\\\/product\\\/transformers-masterpiece-movie-series-mpm-14-bonecrusher\\\/\",\"url\":\"https:\\\/\\\/hobby4geek.com\\\/product\\\/transformers-masterpiece-movie-series-mpm-14-bonecrusher\\\/\",\"name\":\"Transformers: Masterpiece Movie Series MPM-14 Bonecrusher\",\"isPartOf\":{\"@id\":\"https:\\\/\\\/hobby4geek.com\\\/#website\"},\"primaryImageOfPage\":{\"@id\":\"https:\\\/\\\/hobby4geek.com\\\/product\\\/transformers-masterpiece-movie-series-mpm-14-bonecrusher\\\/#primaryimage\"},\"image\":{\"@id\":\"https:\\\/\\\/hobby4geek.com\\\/product\\\/transformers-masterpiece-movie-series-mpm-14-bonecrusher\\\/#primaryimage\"},\"thumbnailUrl\":\"https:\\\/\\\/hobby4geek.com\\\/wp-content\\\/uploads\\\/2023\\\/07\\\/transformers-masterpiece-movie-series-mpm-14-bonecrusher-3.webp\",\"datePublished\":\"2023-12-03T16:04:17+00:00\",\"dateModified\":\"2025-01-14T00:45:46+00:00\",\"breadcrumb\":{\"@id\":\"https:\\\/\\\/hobby4geek.com\\\/product\\\/transformers-masterpiece-movie-series-mpm-14-bonecrusher\\\/#breadcrumb\"},\"inLanguage\":\"es\",\"potentialAction\":[{\"@type\":\"ReadAction\",\"target\":[\"https:\\\/\\\/hobby4geek.com\\\/product\\\/transformers-masterpiece-movie-series-mpm-14-bonecrusher\\\/\"]}]},{\"@type\":\"ImageObject\",\"inLanguage\":\"es\",\"@id\":\"https:\\\/\\\/hobby4geek.com\\\/product\\\/transformers-masterpiece-movie-series-mpm-14-bonecrusher\\\/#primaryimage\",\"url\":\"https:\\\/\\\/hobby4geek.com\\\/wp-content\\\/uploads\\\/2023\\\/07\\\/transformers-masterpiece-movie-series-mpm-14-bonecrusher-3.webp\",\"contentUrl\":\"https:\\\/\\\/hobby4geek.com\\\/wp-content\\\/uploads\\\/2023\\\/07\\\/transformers-masterpiece-movie-series-mpm-14-bonecrusher-3.webp\",\"width\":2000,\"height\":2000},{\"@type\":\"BreadcrumbList\",\"@id\":\"https:\\\/\\\/hobby4geek.com\\\/product\\\/transformers-masterpiece-movie-series-mpm-14-bonecrusher\\\/#breadcrumb\",\"itemListElement\":[{\"@type\":\"ListItem\",\"position\":1,\"name\":\"Home\",\"item\":\"https:\\\/\\\/hobby4geek.com\\\/\"},{\"@type\":\"ListItem\",\"position\":2,\"name\":\"Shop\",\"item\":\"https:\\\/\\\/hobby4geek.com\\\/shop\\\/\"},{\"@type\":\"ListItem\",\"position\":3,\"name\":\"Transformers: Masterpiece Movie Series MPM-14 Bonecrusher\"}]},{\"@type\":\"WebSite\",\"@id\":\"https:\\\/\\\/hobby4geek.com\\\/#website\",\"url\":\"https:\\\/\\\/hobby4geek.com\\\/\",\"name\":\"Hobby4Geek\",\"description\":\"Collect, Play &amp; Showcase, Embrace your Geekiness\",\"publisher\":{\"@id\":\"https:\\\/\\\/hobby4geek.com\\\/#organization\"},\"potentialAction\":[{\"@type\":\"SearchAction\",\"target\":{\"@type\":\"EntryPoint\",\"urlTemplate\":\"https:\\\/\\\/hobby4geek.com\\\/?s={search_term_string}\"},\"query-input\":{\"@type\":\"PropertyValueSpecification\",\"valueRequired\":true,\"valueName\":\"search_term_string\"}}],\"inLanguage\":\"es\"},{\"@type\":\"Organization\",\"@id\":\"https:\\\/\\\/hobby4geek.com\\\/#organization\",\"name\":\"Hobby4Geek\",\"url\":\"https:\\\/\\\/hobby4geek.com\\\/\",\"logo\":{\"@type\":\"ImageObject\",\"inLanguage\":\"es\",\"@id\":\"https:\\\/\\\/hobby4geek.com\\\/#\\\/schema\\\/logo\\\/image\\\/\",\"url\":\"https:\\\/\\\/hobby4geek.com\\\/wp-content\\\/uploads\\\/2023\\\/02\\\/default-kit.png\",\"contentUrl\":\"https:\\\/\\\/hobby4geek.com\\\/wp-content\\\/uploads\\\/2023\\\/02\\\/default-kit.png\",\"width\":600,\"height\":600,\"caption\":\"Hobby4Geek\"},\"image\":{\"@id\":\"https:\\\/\\\/hobby4geek.com\\\/#\\\/schema\\\/logo\\\/image\\\/\"},\"sameAs\":[\"https:\\\/\\\/www.facebook.com\\\/hobby4geek\",\"https:\\\/\\\/x.com\\\/hobby4geek\",\"https:\\\/\\\/www.instagram.com\\\/hobby4geek\\\/\"]}]}<\/script>\n<meta property=\"product:brand\" content=\"Hasbro\" \/>\n<meta property=\"product:price:amount\" content=\"226.80\" \/>\n<meta property=\"product:price:currency\" content=\"EUR\" \/>\n<meta property=\"og:availability\" content=\"instock\" \/>\n<meta property=\"product:availability\" content=\"instock\" \/>\n<meta property=\"product:retailer_item_id\" content=\"5010996165541\" \/>\n<meta property=\"product:condition\" content=\"new\" \/>\n<!-- \/ Yoast SEO Premium plugin. -->","yoast_head_json":{"title":"Transformers: Masterpiece Movie Series MPM-14 Bonecrusher","robots":{"index":"index","follow":"follow","max-snippet":"max-snippet:-1","max-image-preview":"max-image-preview:large","max-video-preview":"max-video-preview:-1"},"canonical":"https:\/\/hobby4geek.com\/es\/producto\/transformers-masterpiece-movie-series-mpm-14-bonecrusher\/","og_locale":"es_ES","og_type":"article","og_title":"Transformers: Masterpiece Movie Series MPM-14 Bonecrusher","og_description":"Figure size: 10 inches \/ 26.5 cm  Includes an alternate face  Alternate claws  6 blast effects  Transformation in 84 steps  Instructions","og_url":"https:\/\/hobby4geek.com\/es\/producto\/transformers-masterpiece-movie-series-mpm-14-bonecrusher\/","og_site_name":"Hobby4Geek","article_publisher":"https:\/\/www.facebook.com\/hobby4geek","article_modified_time":"2025-01-14T00:45:46+00:00","og_image":[{"width":2000,"height":2000,"url":"https:\/\/hobby4geek.com\/wp-content\/uploads\/2023\/07\/transformers-masterpiece-movie-series-mpm-14-bonecrusher-3.webp","type":"image\/webp"}],"twitter_card":"summary_large_image","twitter_site":"@hobby4geek","schema":{"@context":"https:\/\/schema.org","@graph":[{"@type":"WebPage","@id":"https:\/\/hobby4geek.com\/product\/transformers-masterpiece-movie-series-mpm-14-bonecrusher\/","url":"https:\/\/hobby4geek.com\/product\/transformers-masterpiece-movie-series-mpm-14-bonecrusher\/","name":"Transformers: Masterpiece Movie Series MPM-14 Bonecrusher","isPartOf":{"@id":"https:\/\/hobby4geek.com\/#website"},"primaryImageOfPage":{"@id":"https:\/\/hobby4geek.com\/product\/transformers-masterpiece-movie-series-mpm-14-bonecrusher\/#primaryimage"},"image":{"@id":"https:\/\/hobby4geek.com\/product\/transformers-masterpiece-movie-series-mpm-14-bonecrusher\/#primaryimage"},"thumbnailUrl":"https:\/\/hobby4geek.com\/wp-content\/uploads\/2023\/07\/transformers-masterpiece-movie-series-mpm-14-bonecrusher-3.webp","datePublished":"2023-12-03T16:04:17+00:00","dateModified":"2025-01-14T00:45:46+00:00","breadcrumb":{"@id":"https:\/\/hobby4geek.com\/product\/transformers-masterpiece-movie-series-mpm-14-bonecrusher\/#breadcrumb"},"inLanguage":"es","potentialAction":[{"@type":"ReadAction","target":["https:\/\/hobby4geek.com\/product\/transformers-masterpiece-movie-series-mpm-14-bonecrusher\/"]}]},{"@type":"ImageObject","inLanguage":"es","@id":"https:\/\/hobby4geek.com\/product\/transformers-masterpiece-movie-series-mpm-14-bonecrusher\/#primaryimage","url":"https:\/\/hobby4geek.com\/wp-content\/uploads\/2023\/07\/transformers-masterpiece-movie-series-mpm-14-bonecrusher-3.webp","contentUrl":"https:\/\/hobby4geek.com\/wp-content\/uploads\/2023\/07\/transformers-masterpiece-movie-series-mpm-14-bonecrusher-3.webp","width":2000,"height":2000},{"@type":"BreadcrumbList","@id":"https:\/\/hobby4geek.com\/product\/transformers-masterpiece-movie-series-mpm-14-bonecrusher\/#breadcrumb","itemListElement":[{"@type":"ListItem","position":1,"name":"Home","item":"https:\/\/hobby4geek.com\/"},{"@type":"ListItem","position":2,"name":"Shop","item":"https:\/\/hobby4geek.com\/shop\/"},{"@type":"ListItem","position":3,"name":"Transformers: Masterpiece Movie Series MPM-14 Bonecrusher"}]},{"@type":"WebSite","@id":"https:\/\/hobby4geek.com\/#website","url":"https:\/\/hobby4geek.com\/","name":"Hobby4Geek","description":"Coleccionar, jugar y exhibir, abrazar su frikismo","publisher":{"@id":"https:\/\/hobby4geek.com\/#organization"},"potentialAction":[{"@type":"SearchAction","target":{"@type":"EntryPoint","urlTemplate":"https:\/\/hobby4geek.com\/?s={search_term_string}"},"query-input":{"@type":"PropertyValueSpecification","valueRequired":true,"valueName":"search_term_string"}}],"inLanguage":"es"},{"@type":"Organization","@id":"https:\/\/hobby4geek.com\/#organization","name":"Hobby4Geek","url":"https:\/\/hobby4geek.com\/","logo":{"@type":"ImageObject","inLanguage":"es","@id":"https:\/\/hobby4geek.com\/#\/schema\/logo\/image\/","url":"https:\/\/hobby4geek.com\/wp-content\/uploads\/2023\/02\/default-kit.png","contentUrl":"https:\/\/hobby4geek.com\/wp-content\/uploads\/2023\/02\/default-kit.png","width":600,"height":600,"caption":"Hobby4Geek"},"image":{"@id":"https:\/\/hobby4geek.com\/#\/schema\/logo\/image\/"},"sameAs":["https:\/\/www.facebook.com\/hobby4geek","https:\/\/x.com\/hobby4geek","https:\/\/www.instagram.com\/hobby4geek\/"]}]},"product_brand":"Hasbro","product_price_amount":"226.80","product_price_currency":"EUR","og_availability":"instock","product_availability":"instock","product_retailer_item_id":"5010996165541","product_condition":"new"},"_links":{"self":[{"href":"https:\/\/hobby4geek.com\/es\/wp-json\/wp\/v2\/product\/189307","targetHints":{"allow":["GET"]}}],"collection":[{"href":"https:\/\/hobby4geek.com\/es\/wp-json\/wp\/v2\/product"}],"about":[{"href":"https:\/\/hobby4geek.com\/es\/wp-json\/wp\/v2\/types\/product"}],"replies":[{"embeddable":true,"href":"https:\/\/hobby4geek.com\/es\/wp-json\/wp\/v2\/comments?post=189307"}],"version-history":[{"count":0,"href":"https:\/\/hobby4geek.com\/es\/wp-json\/wp\/v2\/product\/189307\/revisions"}],"wp:featuredmedia":[{"embeddable":true,"href":"https:\/\/hobby4geek.com\/es\/wp-json\/wp\/v2\/media\/189310"}],"wp:attachment":[{"href":"https:\/\/hobby4geek.com\/es\/wp-json\/wp\/v2\/media?parent=189307"}],"wp:term":[{"taxonomy":"product_brand","embeddable":true,"href":"https:\/\/hobby4geek.com\/es\/wp-json\/wp\/v2\/product_brand?post=189307"},{"taxonomy":"product_cat","embeddable":true,"href":"https:\/\/hobby4geek.com\/es\/wp-json\/wp\/v2\/product_cat?post=189307"},{"taxonomy":"product_tag","embeddable":true,"href":"https:\/\/hobby4geek.com\/es\/wp-json\/wp\/v2\/product_tag?post=189307"},{"taxonomy":"giftcard-category","embeddable":true,"href":"https:\/\/hobby4geek.com\/es\/wp-json\/wp\/v2\/giftcard-category?post=189307"}],"curies":[{"name":"wp","href":"https:\/\/api.w.org\/{rel}","templated":true}]}}