{"id":189255,"date":"2023-06-30T19:26:50","date_gmt":"2023-06-30T17:26:50","guid":{"rendered":"https:\/\/hobby4geek.com\/?post_type=product&#038;p=189255"},"modified":"2024-05-12T12:56:52","modified_gmt":"2024-05-12T11:56:52","slug":"lego-dc-batman-super-heroes","status":"publish","type":"product","link":"https:\/\/hobby4geek.com\/es\/producto\/lego-dc-batman-super-heroes\/","title":{"rendered":"Lego 76259 DC: Batman - Superh\u00e9roes"},"content":{"rendered":"<p>Pon el futuro de Gotham City en manos de tu joven luchador contra el crimen con la minifigura de construcci\u00f3n LEGO DC Batman (76259).<\/p>\n<p>Este juguete de Batman para ni\u00f1os mayores de 8 a\u00f1os, totalmente articulado y con todo lujo de detalles, mide m\u00e1s de 26 cm y animar\u00e1 a los fans a descubrir el superh\u00e9roe que llevan dentro.<\/p>\n<p>La figura de Batman captura el estilo y la fuerza de Batman tal y como se retrata en la pel\u00edcula Batman de 1989. Con articulaciones m\u00f3viles en los hombros, brazos, caderas y piernas, este vers\u00e1til juguete es divertido de construir, jugar y exhibir para decorar a Batman. Con detalles aut\u00e9nticos y una capa textil de cuerpo entero, esta figura coleccionable de Batman ofrece infinitas posibilidades de juego all\u00e1 donde vayan los ni\u00f1os.<\/p>\n<p>Para mayor diversi\u00f3n digital, los constructores pueden hacer zoom, girar el juego en 3D y seguir su progreso mediante la divertida e intuitiva aplicaci\u00f3n LEGO Builder.<\/p>\n<p>Los juguetes LEGO Batman para ni\u00f1os llevan la serie de televisi\u00f3n cl\u00e1sica y las pel\u00edculas llenas de acci\u00f3n a las habitaciones de los ni\u00f1os, donde pueden representar escenas emocionantes o construir veh\u00edculos aut\u00e9nticos de lucha contra el crimen.<\/p>\n<p>Esta figura del superh\u00e9roe Gotham City Knight es un regalo estupendo que encantar\u00e1 a todos tus hijos.<\/p>\n<p>Este juego de construcci\u00f3n contiene 275 piezas.<\/p>\n<ul>\n<li>Lego DC Batman<\/li>\n<li>M\u00e1s de 26 cm<\/li>\n<li>275 piezas<\/li>\n<\/ul>","protected":false},"excerpt":{"rendered":"<ul>\n<li>Lego DC Batman<\/li>\n<li>M\u00e1s de 26 cm<\/li>\n<li>275 piezas<\/li>\n<\/ul>","protected":false},"featured_media":189260,"comment_status":"open","ping_status":"closed","template":"","meta":{"inline_featured_image":false},"product_brand":[],"product_cat":[2270,2269,2274],"product_tag":[2254,1984,2251,2253,1968,2267,2271],"giftcard-category":[],"class_list":{"0":"post-189255","1":"product","2":"type-product","3":"status-publish","4":"has-post-thumbnail","6":"product_cat-batman","7":"product_cat-dc","8":"product_cat-lego","9":"product_tag-batman","10":"product_tag-bricks-blocs","11":"product_tag-dc","12":"product_tag-dc-comics","13":"product_tag-games","14":"product_tag-lego","15":"product_tag-n76259","16":"product_shipping_class-light","17":"inventories-france-inventory","19":"first","20":"instock","21":"taxable","22":"shipping-taxable","23":"purchasable","24":"product-type-simple","25":"add-to-wishlist-after_add_to_cart"},"yoast_head":"<!-- This site is optimized with the Yoast SEO Premium plugin v25.3.1 (Yoast SEO v27.2) - https:\/\/yoast.com\/product\/yoast-seo-premium-wordpress\/ -->\n<title>Lego 76259 DC: Batman - Super Heroes<\/title>\n<meta name=\"robots\" content=\"index, follow, max-snippet:-1, max-image-preview:large, max-video-preview:-1\" \/>\n<link rel=\"canonical\" href=\"https:\/\/hobby4geek.com\/es\/producto\/lego-dc-batman-super-heroes\/\" \/>\n<meta property=\"og:locale\" content=\"es_ES\" \/>\n<meta property=\"og:type\" content=\"article\" \/>\n<meta property=\"og:title\" content=\"Lego 76259 DC: Batman - Super Heroes\" \/>\n<meta property=\"og:description\" content=\"Lego DC Batman  More than 26cm  275 pieces\" \/>\n<meta property=\"og:url\" content=\"https:\/\/hobby4geek.com\/es\/producto\/lego-dc-batman-super-heroes\/\" \/>\n<meta property=\"og:site_name\" content=\"Hobby4Geek\" \/>\n<meta property=\"article:publisher\" content=\"https:\/\/www.facebook.com\/hobby4geek\" \/>\n<meta property=\"article:modified_time\" content=\"2024-05-12T11:56:52+00:00\" \/>\n<meta property=\"og:image\" content=\"https:\/\/hobby4geek.com\/wp-content\/uploads\/2023\/07\/lego-76259-dc-batman-super-heroes.webp\" \/>\n\t<meta property=\"og:image:width\" content=\"1600\" \/>\n\t<meta property=\"og:image:height\" content=\"1200\" \/>\n\t<meta property=\"og:image:type\" content=\"image\/webp\" \/>\n<meta name=\"twitter:card\" content=\"summary_large_image\" \/>\n<meta name=\"twitter:site\" content=\"@hobby4geek\" \/>\n<script type=\"application\/ld+json\" class=\"yoast-schema-graph\">{\"@context\":\"https:\/\/schema.org\",\"@graph\":[{\"@type\":\"WebPage\",\"@id\":\"https:\/\/hobby4geek.com\/product\/lego-dc-batman-super-heroes\/\",\"url\":\"https:\/\/hobby4geek.com\/product\/lego-dc-batman-super-heroes\/\",\"name\":\"Lego 76259 DC: Batman - Super Heroes\",\"isPartOf\":{\"@id\":\"https:\/\/hobby4geek.com\/#website\"},\"primaryImageOfPage\":{\"@id\":\"https:\/\/hobby4geek.com\/product\/lego-dc-batman-super-heroes\/#primaryimage\"},\"image\":{\"@id\":\"https:\/\/hobby4geek.com\/product\/lego-dc-batman-super-heroes\/#primaryimage\"},\"thumbnailUrl\":\"https:\/\/hobby4geek.com\/wp-content\/uploads\/2023\/07\/lego-76259-dc-batman-super-heroes.webp\",\"datePublished\":\"2023-06-30T17:26:50+00:00\",\"dateModified\":\"2024-05-12T11:56:52+00:00\",\"breadcrumb\":{\"@id\":\"https:\/\/hobby4geek.com\/product\/lego-dc-batman-super-heroes\/#breadcrumb\"},\"inLanguage\":\"es\",\"potentialAction\":[{\"@type\":\"ReadAction\",\"target\":[\"https:\/\/hobby4geek.com\/product\/lego-dc-batman-super-heroes\/\"]}]},{\"@type\":\"ImageObject\",\"inLanguage\":\"es\",\"@id\":\"https:\/\/hobby4geek.com\/product\/lego-dc-batman-super-heroes\/#primaryimage\",\"url\":\"https:\/\/hobby4geek.com\/wp-content\/uploads\/2023\/07\/lego-76259-dc-batman-super-heroes.webp\",\"contentUrl\":\"https:\/\/hobby4geek.com\/wp-content\/uploads\/2023\/07\/lego-76259-dc-batman-super-heroes.webp\",\"width\":1600,\"height\":1200},{\"@type\":\"BreadcrumbList\",\"@id\":\"https:\/\/hobby4geek.com\/product\/lego-dc-batman-super-heroes\/#breadcrumb\",\"itemListElement\":[{\"@type\":\"ListItem\",\"position\":1,\"name\":\"Home\",\"item\":\"https:\/\/hobby4geek.com\/\"},{\"@type\":\"ListItem\",\"position\":2,\"name\":\"Shop\",\"item\":\"https:\/\/hobby4geek.com\/shop\/\"},{\"@type\":\"ListItem\",\"position\":3,\"name\":\"Lego 76259 DC: Batman &#8211; Super Heroes\"}]},{\"@type\":\"WebSite\",\"@id\":\"https:\/\/hobby4geek.com\/#website\",\"url\":\"https:\/\/hobby4geek.com\/\",\"name\":\"Hobby4Geek\",\"description\":\"Collect, Play &amp; Showcase, Embrace your Geekiness\",\"publisher\":{\"@id\":\"https:\/\/hobby4geek.com\/#organization\"},\"potentialAction\":[{\"@type\":\"SearchAction\",\"target\":{\"@type\":\"EntryPoint\",\"urlTemplate\":\"https:\/\/hobby4geek.com\/?s={search_term_string}\"},\"query-input\":{\"@type\":\"PropertyValueSpecification\",\"valueRequired\":true,\"valueName\":\"search_term_string\"}}],\"inLanguage\":\"es\"},{\"@type\":\"Organization\",\"@id\":\"https:\/\/hobby4geek.com\/#organization\",\"name\":\"Hobby4Geek\",\"url\":\"https:\/\/hobby4geek.com\/\",\"logo\":{\"@type\":\"ImageObject\",\"inLanguage\":\"es\",\"@id\":\"https:\/\/hobby4geek.com\/#\/schema\/logo\/image\/\",\"url\":\"https:\/\/hobby4geek.com\/wp-content\/uploads\/2023\/02\/default-kit.png\",\"contentUrl\":\"https:\/\/hobby4geek.com\/wp-content\/uploads\/2023\/02\/default-kit.png\",\"width\":600,\"height\":600,\"caption\":\"Hobby4Geek\"},\"image\":{\"@id\":\"https:\/\/hobby4geek.com\/#\/schema\/logo\/image\/\"},\"sameAs\":[\"https:\/\/www.facebook.com\/hobby4geek\",\"https:\/\/x.com\/hobby4geek\",\"https:\/\/www.instagram.com\/hobby4geek\/\"]}]}<\/script>\n<meta property=\"product:brand\" content=\"Batman\" \/>\n<meta property=\"product:price:amount\" content=\"47.00\" \/>\n<meta property=\"product:price:currency\" content=\"EUR\" \/>\n<meta property=\"og:availability\" content=\"instock\" \/>\n<meta property=\"product:availability\" content=\"instock\" \/>\n<meta property=\"product:retailer_item_id\" content=\"5702017419756\" \/>\n<meta property=\"product:condition\" content=\"new\" \/>\n<!-- \/ Yoast SEO Premium plugin. -->","yoast_head_json":{"title":"Lego 76259 DC: Batman - Superh\u00e9roes","robots":{"index":"index","follow":"follow","max-snippet":"max-snippet:-1","max-image-preview":"max-image-preview:large","max-video-preview":"max-video-preview:-1"},"canonical":"https:\/\/hobby4geek.com\/es\/producto\/lego-dc-batman-super-heroes\/","og_locale":"es_ES","og_type":"article","og_title":"Lego 76259 DC: Batman - Super Heroes","og_description":"Lego DC Batman  More than 26cm  275 pieces","og_url":"https:\/\/hobby4geek.com\/es\/producto\/lego-dc-batman-super-heroes\/","og_site_name":"Hobby4Geek","article_publisher":"https:\/\/www.facebook.com\/hobby4geek","article_modified_time":"2024-05-12T11:56:52+00:00","og_image":[{"width":1600,"height":1200,"url":"https:\/\/hobby4geek.com\/wp-content\/uploads\/2023\/07\/lego-76259-dc-batman-super-heroes.webp","type":"image\/webp"}],"twitter_card":"summary_large_image","twitter_site":"@hobby4geek","schema":{"@context":"https:\/\/schema.org","@graph":[{"@type":"WebPage","@id":"https:\/\/hobby4geek.com\/product\/lego-dc-batman-super-heroes\/","url":"https:\/\/hobby4geek.com\/product\/lego-dc-batman-super-heroes\/","name":"Lego 76259 DC: Batman - Superh\u00e9roes","isPartOf":{"@id":"https:\/\/hobby4geek.com\/#website"},"primaryImageOfPage":{"@id":"https:\/\/hobby4geek.com\/product\/lego-dc-batman-super-heroes\/#primaryimage"},"image":{"@id":"https:\/\/hobby4geek.com\/product\/lego-dc-batman-super-heroes\/#primaryimage"},"thumbnailUrl":"https:\/\/hobby4geek.com\/wp-content\/uploads\/2023\/07\/lego-76259-dc-batman-super-heroes.webp","datePublished":"2023-06-30T17:26:50+00:00","dateModified":"2024-05-12T11:56:52+00:00","breadcrumb":{"@id":"https:\/\/hobby4geek.com\/product\/lego-dc-batman-super-heroes\/#breadcrumb"},"inLanguage":"es","potentialAction":[{"@type":"ReadAction","target":["https:\/\/hobby4geek.com\/product\/lego-dc-batman-super-heroes\/"]}]},{"@type":"ImageObject","inLanguage":"es","@id":"https:\/\/hobby4geek.com\/product\/lego-dc-batman-super-heroes\/#primaryimage","url":"https:\/\/hobby4geek.com\/wp-content\/uploads\/2023\/07\/lego-76259-dc-batman-super-heroes.webp","contentUrl":"https:\/\/hobby4geek.com\/wp-content\/uploads\/2023\/07\/lego-76259-dc-batman-super-heroes.webp","width":1600,"height":1200},{"@type":"BreadcrumbList","@id":"https:\/\/hobby4geek.com\/product\/lego-dc-batman-super-heroes\/#breadcrumb","itemListElement":[{"@type":"ListItem","position":1,"name":"Home","item":"https:\/\/hobby4geek.com\/"},{"@type":"ListItem","position":2,"name":"Shop","item":"https:\/\/hobby4geek.com\/shop\/"},{"@type":"ListItem","position":3,"name":"Lego 76259 DC: Batman &#8211; Super Heroes"}]},{"@type":"WebSite","@id":"https:\/\/hobby4geek.com\/#website","url":"https:\/\/hobby4geek.com\/","name":"Hobby4Geek","description":"Coleccionar, jugar y exhibir, abrazar su frikismo","publisher":{"@id":"https:\/\/hobby4geek.com\/#organization"},"potentialAction":[{"@type":"SearchAction","target":{"@type":"EntryPoint","urlTemplate":"https:\/\/hobby4geek.com\/?s={search_term_string}"},"query-input":{"@type":"PropertyValueSpecification","valueRequired":true,"valueName":"search_term_string"}}],"inLanguage":"es"},{"@type":"Organization","@id":"https:\/\/hobby4geek.com\/#organization","name":"Hobby4Geek","url":"https:\/\/hobby4geek.com\/","logo":{"@type":"ImageObject","inLanguage":"es","@id":"https:\/\/hobby4geek.com\/#\/schema\/logo\/image\/","url":"https:\/\/hobby4geek.com\/wp-content\/uploads\/2023\/02\/default-kit.png","contentUrl":"https:\/\/hobby4geek.com\/wp-content\/uploads\/2023\/02\/default-kit.png","width":600,"height":600,"caption":"Hobby4Geek"},"image":{"@id":"https:\/\/hobby4geek.com\/#\/schema\/logo\/image\/"},"sameAs":["https:\/\/www.facebook.com\/hobby4geek","https:\/\/x.com\/hobby4geek","https:\/\/www.instagram.com\/hobby4geek\/"]}]},"product_brand":"Batman","product_price_amount":"47.00","product_price_currency":"EUR","og_availability":"instock","product_availability":"instock","product_retailer_item_id":"5702017419756","product_condition":"new"},"_links":{"self":[{"href":"https:\/\/hobby4geek.com\/es\/wp-json\/wp\/v2\/product\/189255","targetHints":{"allow":["GET"]}}],"collection":[{"href":"https:\/\/hobby4geek.com\/es\/wp-json\/wp\/v2\/product"}],"about":[{"href":"https:\/\/hobby4geek.com\/es\/wp-json\/wp\/v2\/types\/product"}],"replies":[{"embeddable":true,"href":"https:\/\/hobby4geek.com\/es\/wp-json\/wp\/v2\/comments?post=189255"}],"version-history":[{"count":0,"href":"https:\/\/hobby4geek.com\/es\/wp-json\/wp\/v2\/product\/189255\/revisions"}],"wp:featuredmedia":[{"embeddable":true,"href":"https:\/\/hobby4geek.com\/es\/wp-json\/wp\/v2\/media\/189260"}],"wp:attachment":[{"href":"https:\/\/hobby4geek.com\/es\/wp-json\/wp\/v2\/media?parent=189255"}],"wp:term":[{"taxonomy":"product_brand","embeddable":true,"href":"https:\/\/hobby4geek.com\/es\/wp-json\/wp\/v2\/product_brand?post=189255"},{"taxonomy":"product_cat","embeddable":true,"href":"https:\/\/hobby4geek.com\/es\/wp-json\/wp\/v2\/product_cat?post=189255"},{"taxonomy":"product_tag","embeddable":true,"href":"https:\/\/hobby4geek.com\/es\/wp-json\/wp\/v2\/product_tag?post=189255"},{"taxonomy":"giftcard-category","embeddable":true,"href":"https:\/\/hobby4geek.com\/es\/wp-json\/wp\/v2\/giftcard-category?post=189255"}],"curies":[{"name":"wp","href":"https:\/\/api.w.org\/{rel}","templated":true}]}}