{"id":188938,"date":"2023-06-14T16:39:52","date_gmt":"2023-06-14T14:39:52","guid":{"rendered":"https:\/\/hobby4geek.com\/?post_type=product&#038;p=188938"},"modified":"2024-05-12T12:54:52","modified_gmt":"2024-05-12T11:54:52","slug":"transformers-bumblebee-buzzworthy-studio-series-86-24bb-ironhide-86-20bb-prowl","status":"publish","type":"product","link":"https:\/\/hobby4geek.com\/es\/producto\/transformers-bumblebee-buzzworthy-studio-series-86-24bb-ironhide-86-20bb-prowl\/","title":{"rendered":"Transformers: Bumblebee Buzzworthy - Studio Series - 86-24BB Ironhide &amp; 86-20BB Prowl"},"content":{"rendered":"<div class=\"row\">\n<div class=\"col-md-12\">\n<p>Bumblebee est\u00e1 dejando su huella con una l\u00ednea de figuras de acci\u00f3n de Transformers para ni\u00f1os, ni\u00f1as y fans de todas las edades. Descubre por qu\u00e9 tanto revuelo. Lleva la acci\u00f3n \u00e9pica de las pel\u00edculas Transformers de la gran pantalla a tu colecci\u00f3n con las figuras de acci\u00f3n Transformers Studio Series Ironhide y Prowl. Cuando los Decepticons secuestran la lanzadera Autobot, Prowl y Ironhide luchan hasta el final. Los juguetes Studio Series Transformers son figuras de acci\u00f3n coleccionables para ni\u00f1os y ni\u00f1as de 8 a\u00f1os que cuentan con detalles y accesorios inspirados en la pel\u00edcula. El juguete Ironhide se convierte de robot a furgoneta en 26 pasos. El juguete Prowl se convierte de robot a coche de polic\u00eda en 17 pasos. Viene con 3 accesorios blaster. Coloca estos juguetes Transformers en la escena de fondo extra\u00edble Decepticon Shuttle Ambush incluida. Las figuras Buzzworthy Bumblebee incluyen un embalaje especial coleccionable. Colecciona m\u00e1s juguetes Buzzworthy Bumblebee (cada uno se vende por separado, sujeto a disponibilidad).<\/p>\n<ul>\n<li>La colecci\u00f3n Buzzworthy Bumblebee incluye algunas de las figuras de acci\u00f3n Transformers m\u00e1s buzzworthy para ni\u00f1os, ni\u00f1as y fans de todas las edades.<\/li>\n<li>Las figuras de acci\u00f3n Transformers Studio Series de 6,5 pulgadas Ironhide y Prowl de 4,5 pulgadas presentan una decoraci\u00f3n y detalles inspirados en la pel\u00edcula. Viene con 3 accesorios bl\u00e1ster<\/li>\n<li>El juguete Ironhide y el juguete Prowl tienen decoraci\u00f3n y detalles inspirados en la escena de la emboscada de la lanzadera Decepticon de La Transformers: la pel\u00edcula.<\/li>\n<li>El juguete Transformers para ni\u00f1os y ni\u00f1as de 8 a\u00f1os se convierte en un cl\u00e1sico. El juguete Ironhide se convierte de robot a furgoneta en 26 pasos. El juguete Prowl se convierte de robot a coche de polic\u00eda en 17 pasos.<\/li>\n<li>Esta figura Transformers incluye un envoltorio coleccionable especial Buzzworthy Bumblebee<\/li>\n<\/ul>\n<p>Incluye 2 figuras, 3 accesorios, tel\u00f3n de fondo desmontable e instrucciones.<\/p>\n<\/div>\n<\/div>","protected":false},"excerpt":{"rendered":"<ul>\n<li>Incluye 2 figuras<\/li>\n<li>3 accesorios<\/li>\n<li>tel\u00f3n de fondo extra\u00edble<\/li>\n<li>instrucciones.<\/li>\n<\/ul>","protected":false},"featured_media":188943,"comment_status":"open","ping_status":"closed","template":"","meta":{"inline_featured_image":false},"product_brand":[],"product_cat":[1955,68,69,1960],"product_tag":[2236,2234,2235,2233,200,1759,199,335,217,2110,240,203,1975,204,1961,1962,1994,2174],"giftcard-category":[],"class_list":{"0":"post-188938","1":"product","2":"type-product","3":"status-publish","4":"has-post-thumbnail","6":"product_cat-transformers","7":"product_cat-hasbro","8":"product_cat-takara-tomy","9":"product_cat-transformers-generations","10":"product_tag-86-20bb","11":"product_tag-86-20bb-prowl","12":"product_tag-86-24bb","13":"product_tag-86-24bb-ironhide","14":"product_tag-action-figures","15":"product_tag-action-toys","16":"product_tag-autobot","17":"product_tag-hasbro","18":"product_tag-ironhide","19":"product_tag-prowl","20":"product_tag-studio-series","21":"product_tag-takara-tomy","22":"product_tag-toys-figures","23":"product_tag-transformers","24":"product_tag-transformers-authentic","25":"product_tag-transformers-generations","26":"product_tag-transformers-studio-series","27":"product_tag-transformers-bumblebee-buzzworthy","28":"product_shipping_class-light","30":"first","31":"outofstock","32":"taxable","33":"shipping-taxable","34":"purchasable","35":"product-type-simple","36":"add-to-wishlist-after_add_to_cart"},"yoast_head":"<!-- This site is optimized with the Yoast SEO Premium plugin v25.3.1 (Yoast SEO v27.2) - https:\/\/yoast.com\/product\/yoast-seo-premium-wordpress\/ -->\n<title>Transformers: Bumblebee Buzzworthy - Studio Series - 86-24BB Ironhide &amp; 86-20BB Prowl<\/title>\n<meta name=\"robots\" content=\"index, follow, max-snippet:-1, max-image-preview:large, max-video-preview:-1\" \/>\n<link rel=\"canonical\" href=\"https:\/\/hobby4geek.com\/es\/producto\/transformers-bumblebee-buzzworthy-studio-series-86-24bb-ironhide-86-20bb-prowl\/\" \/>\n<meta property=\"og:locale\" content=\"es_ES\" \/>\n<meta property=\"og:type\" content=\"article\" \/>\n<meta property=\"og:title\" content=\"Transformers: Bumblebee Buzzworthy - Studio Series - 86-24BB Ironhide &amp; 86-20BB Prowl\" \/>\n<meta property=\"og:description\" content=\"Includes 2 figures  3 accessories  removable backdrop  instructions.\" \/>\n<meta property=\"og:url\" content=\"https:\/\/hobby4geek.com\/es\/producto\/transformers-bumblebee-buzzworthy-studio-series-86-24bb-ironhide-86-20bb-prowl\/\" \/>\n<meta property=\"og:site_name\" content=\"Hobby4Geek\" \/>\n<meta property=\"article:publisher\" content=\"https:\/\/www.facebook.com\/hobby4geek\" \/>\n<meta property=\"article:modified_time\" content=\"2024-05-12T11:54:52+00:00\" \/>\n<meta property=\"og:image\" content=\"https:\/\/hobby4geek.com\/wp-content\/uploads\/2023\/06\/transformers-bumblebee-buzzworthy-studio-series-86-24bb-ironhide-86-20bb-prowl-5.webp\" \/>\n\t<meta property=\"og:image:width\" content=\"2000\" \/>\n\t<meta property=\"og:image:height\" content=\"2000\" \/>\n\t<meta property=\"og:image:type\" content=\"image\/webp\" \/>\n<meta name=\"twitter:card\" content=\"summary_large_image\" \/>\n<meta name=\"twitter:site\" content=\"@hobby4geek\" \/>\n<script type=\"application\/ld+json\" class=\"yoast-schema-graph\">{\"@context\":\"https:\/\/schema.org\",\"@graph\":[{\"@type\":\"WebPage\",\"@id\":\"https:\/\/hobby4geek.com\/it\/prodotto\/transformers-bumblebee-buzzworthy-studio-series-86-24bb-ironhide-86-20bb-prowl\/\",\"url\":\"https:\/\/hobby4geek.com\/it\/prodotto\/transformers-bumblebee-buzzworthy-studio-series-86-24bb-ironhide-86-20bb-prowl\/\",\"name\":\"Transformers: Bumblebee Buzzworthy - Studio Series - 86-24BB Ironhide & 86-20BB Prowl\",\"isPartOf\":{\"@id\":\"https:\/\/hobby4geek.com\/#website\"},\"primaryImageOfPage\":{\"@id\":\"https:\/\/hobby4geek.com\/it\/prodotto\/transformers-bumblebee-buzzworthy-studio-series-86-24bb-ironhide-86-20bb-prowl\/#primaryimage\"},\"image\":{\"@id\":\"https:\/\/hobby4geek.com\/it\/prodotto\/transformers-bumblebee-buzzworthy-studio-series-86-24bb-ironhide-86-20bb-prowl\/#primaryimage\"},\"thumbnailUrl\":\"https:\/\/hobby4geek.com\/wp-content\/uploads\/2023\/06\/transformers-bumblebee-buzzworthy-studio-series-86-24bb-ironhide-86-20bb-prowl-5.webp\",\"datePublished\":\"2023-06-14T14:39:52+00:00\",\"dateModified\":\"2024-05-12T11:54:52+00:00\",\"breadcrumb\":{\"@id\":\"https:\/\/hobby4geek.com\/it\/prodotto\/transformers-bumblebee-buzzworthy-studio-series-86-24bb-ironhide-86-20bb-prowl\/#breadcrumb\"},\"inLanguage\":\"es\",\"potentialAction\":[{\"@type\":\"ReadAction\",\"target\":[\"https:\/\/hobby4geek.com\/it\/prodotto\/transformers-bumblebee-buzzworthy-studio-series-86-24bb-ironhide-86-20bb-prowl\/\"]}]},{\"@type\":\"ImageObject\",\"inLanguage\":\"es\",\"@id\":\"https:\/\/hobby4geek.com\/it\/prodotto\/transformers-bumblebee-buzzworthy-studio-series-86-24bb-ironhide-86-20bb-prowl\/#primaryimage\",\"url\":\"https:\/\/hobby4geek.com\/wp-content\/uploads\/2023\/06\/transformers-bumblebee-buzzworthy-studio-series-86-24bb-ironhide-86-20bb-prowl-5.webp\",\"contentUrl\":\"https:\/\/hobby4geek.com\/wp-content\/uploads\/2023\/06\/transformers-bumblebee-buzzworthy-studio-series-86-24bb-ironhide-86-20bb-prowl-5.webp\",\"width\":2000,\"height\":2000},{\"@type\":\"BreadcrumbList\",\"@id\":\"https:\/\/hobby4geek.com\/it\/prodotto\/transformers-bumblebee-buzzworthy-studio-series-86-24bb-ironhide-86-20bb-prowl\/#breadcrumb\",\"itemListElement\":[{\"@type\":\"ListItem\",\"position\":1,\"name\":\"Home\",\"item\":\"https:\/\/hobby4geek.com\/\"},{\"@type\":\"ListItem\",\"position\":2,\"name\":\"Shop\",\"item\":\"https:\/\/hobby4geek.com\/shop\/\"},{\"@type\":\"ListItem\",\"position\":3,\"name\":\"Transformers: Bumblebee Buzzworthy &#8211; Studio Series &#8211; 86-24BB Ironhide &#038; 86-20BB Prowl\"}]},{\"@type\":\"WebSite\",\"@id\":\"https:\/\/hobby4geek.com\/#website\",\"url\":\"https:\/\/hobby4geek.com\/\",\"name\":\"Hobby4Geek\",\"description\":\"Collect, Play &amp; Showcase, Embrace your Geekiness\",\"publisher\":{\"@id\":\"https:\/\/hobby4geek.com\/#organization\"},\"potentialAction\":[{\"@type\":\"SearchAction\",\"target\":{\"@type\":\"EntryPoint\",\"urlTemplate\":\"https:\/\/hobby4geek.com\/?s={search_term_string}\"},\"query-input\":{\"@type\":\"PropertyValueSpecification\",\"valueRequired\":true,\"valueName\":\"search_term_string\"}}],\"inLanguage\":\"es\"},{\"@type\":\"Organization\",\"@id\":\"https:\/\/hobby4geek.com\/#organization\",\"name\":\"Hobby4Geek\",\"url\":\"https:\/\/hobby4geek.com\/\",\"logo\":{\"@type\":\"ImageObject\",\"inLanguage\":\"es\",\"@id\":\"https:\/\/hobby4geek.com\/#\/schema\/logo\/image\/\",\"url\":\"https:\/\/hobby4geek.com\/wp-content\/uploads\/2023\/02\/default-kit.png\",\"contentUrl\":\"https:\/\/hobby4geek.com\/wp-content\/uploads\/2023\/02\/default-kit.png\",\"width\":600,\"height\":600,\"caption\":\"Hobby4Geek\"},\"image\":{\"@id\":\"https:\/\/hobby4geek.com\/#\/schema\/logo\/image\/\"},\"sameAs\":[\"https:\/\/www.facebook.com\/hobby4geek\",\"https:\/\/x.com\/hobby4geek\",\"https:\/\/www.instagram.com\/hobby4geek\/\"]}]}<\/script>\n<meta property=\"product:brand\" content=\"Transformers\" \/>\n<meta property=\"product:price:amount\" content=\"54.80\" \/>\n<meta property=\"product:price:currency\" content=\"EUR\" \/>\n<meta property=\"og:availability\" content=\"out of stock\" \/>\n<meta property=\"product:availability\" content=\"out of stock\" \/>\n<meta property=\"product:retailer_item_id\" content=\"5010996138774\" \/>\n<meta property=\"product:condition\" content=\"new\" \/>\n<!-- \/ Yoast SEO Premium plugin. -->","yoast_head_json":{"title":"Transformers: Bumblebee Buzzworthy - Studio Series - 86-24BB Ironhide &amp; 86-20BB Prowl","robots":{"index":"index","follow":"follow","max-snippet":"max-snippet:-1","max-image-preview":"max-image-preview:large","max-video-preview":"max-video-preview:-1"},"canonical":"https:\/\/hobby4geek.com\/es\/producto\/transformers-bumblebee-buzzworthy-studio-series-86-24bb-ironhide-86-20bb-prowl\/","og_locale":"es_ES","og_type":"article","og_title":"Transformers: Bumblebee Buzzworthy - Studio Series - 86-24BB Ironhide & 86-20BB Prowl","og_description":"Includes 2 figures  3 accessories  removable backdrop  instructions.","og_url":"https:\/\/hobby4geek.com\/es\/producto\/transformers-bumblebee-buzzworthy-studio-series-86-24bb-ironhide-86-20bb-prowl\/","og_site_name":"Hobby4Geek","article_publisher":"https:\/\/www.facebook.com\/hobby4geek","article_modified_time":"2024-05-12T11:54:52+00:00","og_image":[{"width":2000,"height":2000,"url":"https:\/\/hobby4geek.com\/wp-content\/uploads\/2023\/06\/transformers-bumblebee-buzzworthy-studio-series-86-24bb-ironhide-86-20bb-prowl-5.webp","type":"image\/webp"}],"twitter_card":"summary_large_image","twitter_site":"@hobby4geek","schema":{"@context":"https:\/\/schema.org","@graph":[{"@type":"WebPage","@id":"https:\/\/hobby4geek.com\/it\/prodotto\/transformers-bumblebee-buzzworthy-studio-series-86-24bb-ironhide-86-20bb-prowl\/","url":"https:\/\/hobby4geek.com\/it\/prodotto\/transformers-bumblebee-buzzworthy-studio-series-86-24bb-ironhide-86-20bb-prowl\/","name":"Transformers: Bumblebee Buzzworthy - Studio Series - 86-24BB Ironhide &amp; 86-20BB Prowl","isPartOf":{"@id":"https:\/\/hobby4geek.com\/#website"},"primaryImageOfPage":{"@id":"https:\/\/hobby4geek.com\/it\/prodotto\/transformers-bumblebee-buzzworthy-studio-series-86-24bb-ironhide-86-20bb-prowl\/#primaryimage"},"image":{"@id":"https:\/\/hobby4geek.com\/it\/prodotto\/transformers-bumblebee-buzzworthy-studio-series-86-24bb-ironhide-86-20bb-prowl\/#primaryimage"},"thumbnailUrl":"https:\/\/hobby4geek.com\/wp-content\/uploads\/2023\/06\/transformers-bumblebee-buzzworthy-studio-series-86-24bb-ironhide-86-20bb-prowl-5.webp","datePublished":"2023-06-14T14:39:52+00:00","dateModified":"2024-05-12T11:54:52+00:00","breadcrumb":{"@id":"https:\/\/hobby4geek.com\/it\/prodotto\/transformers-bumblebee-buzzworthy-studio-series-86-24bb-ironhide-86-20bb-prowl\/#breadcrumb"},"inLanguage":"es","potentialAction":[{"@type":"ReadAction","target":["https:\/\/hobby4geek.com\/it\/prodotto\/transformers-bumblebee-buzzworthy-studio-series-86-24bb-ironhide-86-20bb-prowl\/"]}]},{"@type":"ImageObject","inLanguage":"es","@id":"https:\/\/hobby4geek.com\/it\/prodotto\/transformers-bumblebee-buzzworthy-studio-series-86-24bb-ironhide-86-20bb-prowl\/#primaryimage","url":"https:\/\/hobby4geek.com\/wp-content\/uploads\/2023\/06\/transformers-bumblebee-buzzworthy-studio-series-86-24bb-ironhide-86-20bb-prowl-5.webp","contentUrl":"https:\/\/hobby4geek.com\/wp-content\/uploads\/2023\/06\/transformers-bumblebee-buzzworthy-studio-series-86-24bb-ironhide-86-20bb-prowl-5.webp","width":2000,"height":2000},{"@type":"BreadcrumbList","@id":"https:\/\/hobby4geek.com\/it\/prodotto\/transformers-bumblebee-buzzworthy-studio-series-86-24bb-ironhide-86-20bb-prowl\/#breadcrumb","itemListElement":[{"@type":"ListItem","position":1,"name":"Home","item":"https:\/\/hobby4geek.com\/"},{"@type":"ListItem","position":2,"name":"Shop","item":"https:\/\/hobby4geek.com\/shop\/"},{"@type":"ListItem","position":3,"name":"Transformers: Bumblebee Buzzworthy &#8211; Studio Series &#8211; 86-24BB Ironhide &#038; 86-20BB Prowl"}]},{"@type":"WebSite","@id":"https:\/\/hobby4geek.com\/#website","url":"https:\/\/hobby4geek.com\/","name":"Hobby4Geek","description":"Coleccionar, jugar y exhibir, abrazar su frikismo","publisher":{"@id":"https:\/\/hobby4geek.com\/#organization"},"potentialAction":[{"@type":"SearchAction","target":{"@type":"EntryPoint","urlTemplate":"https:\/\/hobby4geek.com\/?s={search_term_string}"},"query-input":{"@type":"PropertyValueSpecification","valueRequired":true,"valueName":"search_term_string"}}],"inLanguage":"es"},{"@type":"Organization","@id":"https:\/\/hobby4geek.com\/#organization","name":"Hobby4Geek","url":"https:\/\/hobby4geek.com\/","logo":{"@type":"ImageObject","inLanguage":"es","@id":"https:\/\/hobby4geek.com\/#\/schema\/logo\/image\/","url":"https:\/\/hobby4geek.com\/wp-content\/uploads\/2023\/02\/default-kit.png","contentUrl":"https:\/\/hobby4geek.com\/wp-content\/uploads\/2023\/02\/default-kit.png","width":600,"height":600,"caption":"Hobby4Geek"},"image":{"@id":"https:\/\/hobby4geek.com\/#\/schema\/logo\/image\/"},"sameAs":["https:\/\/www.facebook.com\/hobby4geek","https:\/\/x.com\/hobby4geek","https:\/\/www.instagram.com\/hobby4geek\/"]}]},"product_brand":"Transformers","product_price_amount":"54.80","product_price_currency":"EUR","og_availability":"out of stock","product_availability":"out of stock","product_retailer_item_id":"5010996138774","product_condition":"new"},"_links":{"self":[{"href":"https:\/\/hobby4geek.com\/es\/wp-json\/wp\/v2\/product\/188938","targetHints":{"allow":["GET"]}}],"collection":[{"href":"https:\/\/hobby4geek.com\/es\/wp-json\/wp\/v2\/product"}],"about":[{"href":"https:\/\/hobby4geek.com\/es\/wp-json\/wp\/v2\/types\/product"}],"replies":[{"embeddable":true,"href":"https:\/\/hobby4geek.com\/es\/wp-json\/wp\/v2\/comments?post=188938"}],"version-history":[{"count":0,"href":"https:\/\/hobby4geek.com\/es\/wp-json\/wp\/v2\/product\/188938\/revisions"}],"wp:featuredmedia":[{"embeddable":true,"href":"https:\/\/hobby4geek.com\/es\/wp-json\/wp\/v2\/media\/188943"}],"wp:attachment":[{"href":"https:\/\/hobby4geek.com\/es\/wp-json\/wp\/v2\/media?parent=188938"}],"wp:term":[{"taxonomy":"product_brand","embeddable":true,"href":"https:\/\/hobby4geek.com\/es\/wp-json\/wp\/v2\/product_brand?post=188938"},{"taxonomy":"product_cat","embeddable":true,"href":"https:\/\/hobby4geek.com\/es\/wp-json\/wp\/v2\/product_cat?post=188938"},{"taxonomy":"product_tag","embeddable":true,"href":"https:\/\/hobby4geek.com\/es\/wp-json\/wp\/v2\/product_tag?post=188938"},{"taxonomy":"giftcard-category","embeddable":true,"href":"https:\/\/hobby4geek.com\/es\/wp-json\/wp\/v2\/giftcard-category?post=188938"}],"curies":[{"name":"wp","href":"https:\/\/api.w.org\/{rel}","templated":true}]}}