{"id":188927,"date":"2023-08-29T14:35:47","date_gmt":"2023-08-29T13:35:47","guid":{"rendered":"https:\/\/hobby4geek.com\/?post_type=product&#038;p=188927"},"modified":"2024-08-23T10:53:14","modified_gmt":"2024-08-23T09:53:14","slug":"transformers-bumblebee-buzzworthy-studio-series-07bb-leader-grimlock","status":"publish","type":"product","link":"https:\/\/hobby4geek.com\/es\/producto\/transformers-bumblebee-buzzworthy-studio-series-07bb-leader-grimlock\/","title":{"rendered":"Transformers: Bumblebee Buzzworthy - Studio Series - 07BB L\u00edder Grimlock"},"content":{"rendered":"<div class=\"row\">\n<div class=\"col-md-12\">\n<p>Seguro que ya has o\u00eddo el rumor, pero Bumblebee es algo grande. Y ahora el robot bodacious est\u00e1 haciendo su marca con una l\u00ednea de algunas de las figuras de acci\u00f3n Transformers m\u00e1s buzzworthy para los ni\u00f1os, ni\u00f1as y aficionados de todas las edades. Lleva la acci\u00f3n \u00e9pica de las pel\u00edculas Transformers de la gran pantalla a tu colecci\u00f3n con la figura de acci\u00f3n Transformers Studio Series Grimlock. Liberado de sus confines, Grimlock desata una fuerza Dinobot descomunal. Los juguetes Studio Series Transformers son figuras de acci\u00f3n coleccionables para ni\u00f1os y ni\u00f1as de 8 a\u00f1os que cuentan con detalles y accesorios inspirados en las pel\u00edculas. Convierte la figura de acci\u00f3n de robot a T. rex en 30 pasos. Coloca el juguete Grimlock en la escena de fondo extra\u00edble Hong Kong Pursuit incluida. Las figuras Buzzworthy Bumblebee incluyen un envoltorio especial coleccionable Buzzworthy Bumblebee. Colecciona m\u00e1s figuras Buzzworthy Bumblebee (cada una se vende por separado, sujeto a disponibilidad).<\/p>\n<p>Incluye figura, tel\u00f3n de fondo desmontable e instrucciones.<\/p>\n<ul>\n<li>BUZZWORTHY BUMBLEBEE: La colecci\u00f3n Buzzworthy Bumblebee incluye algunas de las figuras de acci\u00f3n Transformers m\u00e1s buzzworthy<\/li>\n<li>GRIMLOCK A ESCALA DE 8,5 PULGADAS: Transformers Studio Series 07BB El l\u00edder Grimlock es una figura de acci\u00f3n con decoraci\u00f3n y detalles inspirados en la pel\u00edcula.<\/li>\n<li>INSPIRADO EN LA GRAN PANTALLA: La escala del juguete de Grimlock refleja el tama\u00f1o del personaje en la Transformers: Age of Extinction. Coloca a la figura frente al tel\u00f3n de fondo extra\u00edble que representa la escena Persecuci\u00f3n en Hong Kong.<\/li>\n<li>2 MODOS IC\u00d3NICOS: este juguete Transformers para ni\u00f1os y ni\u00f1as de 8 a\u00f1os ofrece la conversi\u00f3n cl\u00e1sica entre los modos robot y T. rex en 30 pasos<\/li>\n<li>EMBALAJE TEM\u00c1TICO DE BUMBLEBEE: Esta figura Transformers cuenta con un embalaje coleccionable especial de Buzzworthy Bumblebee<\/li>\n<\/ul>\n<\/div>\n<\/div>","protected":false},"excerpt":{"rendered":"<ul>\n<li>22 cm<\/li>\n<li>Clase L\u00edder<\/li>\n<li>30 Pasos<\/li>\n<li>Decoraci\u00f3n extra\u00edble<\/li>\n<\/ul>","protected":false},"featured_media":188931,"comment_status":"open","ping_status":"closed","template":"","meta":{"inline_featured_image":false},"product_brand":[],"product_cat":[68,69,1955,1960],"product_tag":[200,1759,199,252,335,1903,2232,2231,240,2230,203,1975,204,903,1961,1962,1994,2174],"giftcard-category":[],"class_list":{"0":"post-188927","1":"product","2":"type-product","3":"status-publish","4":"has-post-thumbnail","6":"product_cat-hasbro","7":"product_cat-takara-tomy","8":"product_cat-transformers","9":"product_cat-transformers-generations","10":"product_tag-action-figures","11":"product_tag-action-toys","12":"product_tag-autobot","13":"product_tag-grimlock","14":"product_tag-hasbro","15":"product_tag-leader-class","16":"product_tag-ss-07","17":"product_tag-ss-07bb","18":"product_tag-studio-series","19":"product_tag-studio-series-07bb","20":"product_tag-takara-tomy","21":"product_tag-toys-figures","22":"product_tag-transformers","23":"product_tag-transformers-age-of-extinction","24":"product_tag-transformers-authentic","25":"product_tag-transformers-generations","26":"product_tag-transformers-studio-series","27":"product_tag-transformers-bumblebee-buzzworthy","28":"product_shipping_class-light","30":"first","31":"outofstock","32":"taxable","33":"shipping-taxable","34":"purchasable","35":"product-type-simple","36":"add-to-wishlist-after_add_to_cart"},"yoast_head":"<!-- This site is optimized with the Yoast SEO Premium plugin v25.3.1 (Yoast SEO v27.4) - https:\/\/yoast.com\/product\/yoast-seo-premium-wordpress\/ -->\n<title>Transformers: Bumblebee Buzzworthy - Studio Series - 07BB Leader Grimlock<\/title>\n<meta name=\"robots\" content=\"index, follow, max-snippet:-1, max-image-preview:large, max-video-preview:-1\" \/>\n<link rel=\"canonical\" href=\"https:\/\/hobby4geek.com\/es\/producto\/transformers-bumblebee-buzzworthy-studio-series-07bb-leader-grimlock\/\" \/>\n<meta property=\"og:locale\" content=\"es_ES\" \/>\n<meta property=\"og:type\" content=\"article\" \/>\n<meta property=\"og:title\" content=\"Transformers: Bumblebee Buzzworthy - Studio Series - 07BB Leader Grimlock\" \/>\n<meta property=\"og:description\" content=\"22 cm  Leader Class  30 Steps  Removable Decor\" \/>\n<meta property=\"og:url\" content=\"https:\/\/hobby4geek.com\/es\/producto\/transformers-bumblebee-buzzworthy-studio-series-07bb-leader-grimlock\/\" \/>\n<meta property=\"og:site_name\" content=\"Hobby4Geek\" \/>\n<meta property=\"article:publisher\" content=\"https:\/\/www.facebook.com\/hobby4geek\" \/>\n<meta property=\"article:modified_time\" content=\"2024-08-23T09:53:14+00:00\" \/>\n<meta property=\"og:image\" content=\"https:\/\/hobby4geek.com\/wp-content\/uploads\/2023\/06\/transformers-bumblebee-buzzworthy-studio-series-07bb-leader-grimlock-3.webp\" \/>\n\t<meta property=\"og:image:width\" content=\"2000\" \/>\n\t<meta property=\"og:image:height\" content=\"2000\" \/>\n\t<meta property=\"og:image:type\" content=\"image\/webp\" \/>\n<meta name=\"twitter:card\" content=\"summary_large_image\" \/>\n<meta name=\"twitter:site\" content=\"@hobby4geek\" \/>\n<script type=\"application\/ld+json\" class=\"yoast-schema-graph\">{\"@context\":\"https:\\\/\\\/schema.org\",\"@graph\":[{\"@type\":\"WebPage\",\"@id\":\"https:\\\/\\\/hobby4geek.com\\\/product\\\/transformers-bumblebee-buzzworthy-studio-series-07bb-leader-grimlock\\\/\",\"url\":\"https:\\\/\\\/hobby4geek.com\\\/product\\\/transformers-bumblebee-buzzworthy-studio-series-07bb-leader-grimlock\\\/\",\"name\":\"Transformers: Bumblebee Buzzworthy - Studio Series - 07BB Leader Grimlock\",\"isPartOf\":{\"@id\":\"https:\\\/\\\/hobby4geek.com\\\/#website\"},\"primaryImageOfPage\":{\"@id\":\"https:\\\/\\\/hobby4geek.com\\\/product\\\/transformers-bumblebee-buzzworthy-studio-series-07bb-leader-grimlock\\\/#primaryimage\"},\"image\":{\"@id\":\"https:\\\/\\\/hobby4geek.com\\\/product\\\/transformers-bumblebee-buzzworthy-studio-series-07bb-leader-grimlock\\\/#primaryimage\"},\"thumbnailUrl\":\"https:\\\/\\\/hobby4geek.com\\\/wp-content\\\/uploads\\\/2023\\\/06\\\/transformers-bumblebee-buzzworthy-studio-series-07bb-leader-grimlock-3.webp\",\"datePublished\":\"2023-08-29T13:35:47+00:00\",\"dateModified\":\"2024-08-23T09:53:14+00:00\",\"breadcrumb\":{\"@id\":\"https:\\\/\\\/hobby4geek.com\\\/product\\\/transformers-bumblebee-buzzworthy-studio-series-07bb-leader-grimlock\\\/#breadcrumb\"},\"inLanguage\":\"es\",\"potentialAction\":[{\"@type\":\"ReadAction\",\"target\":[\"https:\\\/\\\/hobby4geek.com\\\/product\\\/transformers-bumblebee-buzzworthy-studio-series-07bb-leader-grimlock\\\/\"]}]},{\"@type\":\"ImageObject\",\"inLanguage\":\"es\",\"@id\":\"https:\\\/\\\/hobby4geek.com\\\/product\\\/transformers-bumblebee-buzzworthy-studio-series-07bb-leader-grimlock\\\/#primaryimage\",\"url\":\"https:\\\/\\\/hobby4geek.com\\\/wp-content\\\/uploads\\\/2023\\\/06\\\/transformers-bumblebee-buzzworthy-studio-series-07bb-leader-grimlock-3.webp\",\"contentUrl\":\"https:\\\/\\\/hobby4geek.com\\\/wp-content\\\/uploads\\\/2023\\\/06\\\/transformers-bumblebee-buzzworthy-studio-series-07bb-leader-grimlock-3.webp\",\"width\":2000,\"height\":2000},{\"@type\":\"BreadcrumbList\",\"@id\":\"https:\\\/\\\/hobby4geek.com\\\/product\\\/transformers-bumblebee-buzzworthy-studio-series-07bb-leader-grimlock\\\/#breadcrumb\",\"itemListElement\":[{\"@type\":\"ListItem\",\"position\":1,\"name\":\"Home\",\"item\":\"https:\\\/\\\/hobby4geek.com\\\/\"},{\"@type\":\"ListItem\",\"position\":2,\"name\":\"Shop\",\"item\":\"https:\\\/\\\/hobby4geek.com\\\/shop\\\/\"},{\"@type\":\"ListItem\",\"position\":3,\"name\":\"Transformers: Bumblebee Buzzworthy &#8211; Studio Series &#8211; 07BB Leader Grimlock\"}]},{\"@type\":\"WebSite\",\"@id\":\"https:\\\/\\\/hobby4geek.com\\\/#website\",\"url\":\"https:\\\/\\\/hobby4geek.com\\\/\",\"name\":\"Hobby4Geek\",\"description\":\"Collect, Play &amp; Showcase, Embrace your Geekiness\",\"publisher\":{\"@id\":\"https:\\\/\\\/hobby4geek.com\\\/#organization\"},\"potentialAction\":[{\"@type\":\"SearchAction\",\"target\":{\"@type\":\"EntryPoint\",\"urlTemplate\":\"https:\\\/\\\/hobby4geek.com\\\/?s={search_term_string}\"},\"query-input\":{\"@type\":\"PropertyValueSpecification\",\"valueRequired\":true,\"valueName\":\"search_term_string\"}}],\"inLanguage\":\"es\"},{\"@type\":\"Organization\",\"@id\":\"https:\\\/\\\/hobby4geek.com\\\/#organization\",\"name\":\"Hobby4Geek\",\"url\":\"https:\\\/\\\/hobby4geek.com\\\/\",\"logo\":{\"@type\":\"ImageObject\",\"inLanguage\":\"es\",\"@id\":\"https:\\\/\\\/hobby4geek.com\\\/#\\\/schema\\\/logo\\\/image\\\/\",\"url\":\"https:\\\/\\\/hobby4geek.com\\\/wp-content\\\/uploads\\\/2023\\\/02\\\/default-kit.png\",\"contentUrl\":\"https:\\\/\\\/hobby4geek.com\\\/wp-content\\\/uploads\\\/2023\\\/02\\\/default-kit.png\",\"width\":600,\"height\":600,\"caption\":\"Hobby4Geek\"},\"image\":{\"@id\":\"https:\\\/\\\/hobby4geek.com\\\/#\\\/schema\\\/logo\\\/image\\\/\"},\"sameAs\":[\"https:\\\/\\\/www.facebook.com\\\/hobby4geek\",\"https:\\\/\\\/x.com\\\/hobby4geek\",\"https:\\\/\\\/www.instagram.com\\\/hobby4geek\\\/\"]}]}<\/script>\n<meta property=\"product:brand\" content=\"Hasbro\" \/>\n<meta property=\"product:price:amount\" content=\"54.80\" \/>\n<meta property=\"product:price:currency\" content=\"EUR\" \/>\n<meta property=\"og:availability\" content=\"out of stock\" \/>\n<meta property=\"product:availability\" content=\"out of stock\" \/>\n<meta property=\"product:retailer_item_id\" content=\"5010996137982\" \/>\n<meta property=\"product:condition\" content=\"new\" \/>\n<!-- \/ Yoast SEO Premium plugin. -->","yoast_head_json":{"title":"Transformers: Bumblebee Buzzworthy - Studio Series - 07BB L\u00edder Grimlock","robots":{"index":"index","follow":"follow","max-snippet":"max-snippet:-1","max-image-preview":"max-image-preview:large","max-video-preview":"max-video-preview:-1"},"canonical":"https:\/\/hobby4geek.com\/es\/producto\/transformers-bumblebee-buzzworthy-studio-series-07bb-leader-grimlock\/","og_locale":"es_ES","og_type":"article","og_title":"Transformers: Bumblebee Buzzworthy - Studio Series - 07BB Leader Grimlock","og_description":"22 cm  Leader Class  30 Steps  Removable Decor","og_url":"https:\/\/hobby4geek.com\/es\/producto\/transformers-bumblebee-buzzworthy-studio-series-07bb-leader-grimlock\/","og_site_name":"Hobby4Geek","article_publisher":"https:\/\/www.facebook.com\/hobby4geek","article_modified_time":"2024-08-23T09:53:14+00:00","og_image":[{"width":2000,"height":2000,"url":"https:\/\/hobby4geek.com\/wp-content\/uploads\/2023\/06\/transformers-bumblebee-buzzworthy-studio-series-07bb-leader-grimlock-3.webp","type":"image\/webp"}],"twitter_card":"summary_large_image","twitter_site":"@hobby4geek","schema":{"@context":"https:\/\/schema.org","@graph":[{"@type":"WebPage","@id":"https:\/\/hobby4geek.com\/product\/transformers-bumblebee-buzzworthy-studio-series-07bb-leader-grimlock\/","url":"https:\/\/hobby4geek.com\/product\/transformers-bumblebee-buzzworthy-studio-series-07bb-leader-grimlock\/","name":"Transformers: Bumblebee Buzzworthy - Studio Series - 07BB L\u00edder Grimlock","isPartOf":{"@id":"https:\/\/hobby4geek.com\/#website"},"primaryImageOfPage":{"@id":"https:\/\/hobby4geek.com\/product\/transformers-bumblebee-buzzworthy-studio-series-07bb-leader-grimlock\/#primaryimage"},"image":{"@id":"https:\/\/hobby4geek.com\/product\/transformers-bumblebee-buzzworthy-studio-series-07bb-leader-grimlock\/#primaryimage"},"thumbnailUrl":"https:\/\/hobby4geek.com\/wp-content\/uploads\/2023\/06\/transformers-bumblebee-buzzworthy-studio-series-07bb-leader-grimlock-3.webp","datePublished":"2023-08-29T13:35:47+00:00","dateModified":"2024-08-23T09:53:14+00:00","breadcrumb":{"@id":"https:\/\/hobby4geek.com\/product\/transformers-bumblebee-buzzworthy-studio-series-07bb-leader-grimlock\/#breadcrumb"},"inLanguage":"es","potentialAction":[{"@type":"ReadAction","target":["https:\/\/hobby4geek.com\/product\/transformers-bumblebee-buzzworthy-studio-series-07bb-leader-grimlock\/"]}]},{"@type":"ImageObject","inLanguage":"es","@id":"https:\/\/hobby4geek.com\/product\/transformers-bumblebee-buzzworthy-studio-series-07bb-leader-grimlock\/#primaryimage","url":"https:\/\/hobby4geek.com\/wp-content\/uploads\/2023\/06\/transformers-bumblebee-buzzworthy-studio-series-07bb-leader-grimlock-3.webp","contentUrl":"https:\/\/hobby4geek.com\/wp-content\/uploads\/2023\/06\/transformers-bumblebee-buzzworthy-studio-series-07bb-leader-grimlock-3.webp","width":2000,"height":2000},{"@type":"BreadcrumbList","@id":"https:\/\/hobby4geek.com\/product\/transformers-bumblebee-buzzworthy-studio-series-07bb-leader-grimlock\/#breadcrumb","itemListElement":[{"@type":"ListItem","position":1,"name":"Home","item":"https:\/\/hobby4geek.com\/"},{"@type":"ListItem","position":2,"name":"Shop","item":"https:\/\/hobby4geek.com\/shop\/"},{"@type":"ListItem","position":3,"name":"Transformers: Bumblebee Buzzworthy &#8211; Studio Series &#8211; 07BB Leader Grimlock"}]},{"@type":"WebSite","@id":"https:\/\/hobby4geek.com\/#website","url":"https:\/\/hobby4geek.com\/","name":"Hobby4Geek","description":"Coleccionar, jugar y exhibir, abrazar su frikismo","publisher":{"@id":"https:\/\/hobby4geek.com\/#organization"},"potentialAction":[{"@type":"SearchAction","target":{"@type":"EntryPoint","urlTemplate":"https:\/\/hobby4geek.com\/?s={search_term_string}"},"query-input":{"@type":"PropertyValueSpecification","valueRequired":true,"valueName":"search_term_string"}}],"inLanguage":"es"},{"@type":"Organization","@id":"https:\/\/hobby4geek.com\/#organization","name":"Hobby4Geek","url":"https:\/\/hobby4geek.com\/","logo":{"@type":"ImageObject","inLanguage":"es","@id":"https:\/\/hobby4geek.com\/#\/schema\/logo\/image\/","url":"https:\/\/hobby4geek.com\/wp-content\/uploads\/2023\/02\/default-kit.png","contentUrl":"https:\/\/hobby4geek.com\/wp-content\/uploads\/2023\/02\/default-kit.png","width":600,"height":600,"caption":"Hobby4Geek"},"image":{"@id":"https:\/\/hobby4geek.com\/#\/schema\/logo\/image\/"},"sameAs":["https:\/\/www.facebook.com\/hobby4geek","https:\/\/x.com\/hobby4geek","https:\/\/www.instagram.com\/hobby4geek\/"]}]},"product_brand":"Hasbro","product_price_amount":"54.80","product_price_currency":"EUR","og_availability":"out of stock","product_availability":"out of stock","product_retailer_item_id":"5010996137982","product_condition":"new"},"_links":{"self":[{"href":"https:\/\/hobby4geek.com\/es\/wp-json\/wp\/v2\/product\/188927","targetHints":{"allow":["GET"]}}],"collection":[{"href":"https:\/\/hobby4geek.com\/es\/wp-json\/wp\/v2\/product"}],"about":[{"href":"https:\/\/hobby4geek.com\/es\/wp-json\/wp\/v2\/types\/product"}],"replies":[{"embeddable":true,"href":"https:\/\/hobby4geek.com\/es\/wp-json\/wp\/v2\/comments?post=188927"}],"version-history":[{"count":0,"href":"https:\/\/hobby4geek.com\/es\/wp-json\/wp\/v2\/product\/188927\/revisions"}],"wp:featuredmedia":[{"embeddable":true,"href":"https:\/\/hobby4geek.com\/es\/wp-json\/wp\/v2\/media\/188931"}],"wp:attachment":[{"href":"https:\/\/hobby4geek.com\/es\/wp-json\/wp\/v2\/media?parent=188927"}],"wp:term":[{"taxonomy":"product_brand","embeddable":true,"href":"https:\/\/hobby4geek.com\/es\/wp-json\/wp\/v2\/product_brand?post=188927"},{"taxonomy":"product_cat","embeddable":true,"href":"https:\/\/hobby4geek.com\/es\/wp-json\/wp\/v2\/product_cat?post=188927"},{"taxonomy":"product_tag","embeddable":true,"href":"https:\/\/hobby4geek.com\/es\/wp-json\/wp\/v2\/product_tag?post=188927"},{"taxonomy":"giftcard-category","embeddable":true,"href":"https:\/\/hobby4geek.com\/es\/wp-json\/wp\/v2\/giftcard-category?post=188927"}],"curies":[{"name":"wp","href":"https:\/\/api.w.org\/{rel}","templated":true}]}}