{"id":188871,"date":"2024-04-28T20:56:03","date_gmt":"2024-04-28T19:56:03","guid":{"rendered":"https:\/\/hobby4geek.com\/?post_type=product&#038;p=188871"},"modified":"2025-05-30T08:31:45","modified_gmt":"2025-05-30T07:31:45","slug":"threezero-transformers-rise-of-the-beasts-dlx-bumblebee","status":"publish","type":"product","link":"https:\/\/hobby4geek.com\/es\/producto\/threezero-transformers-rise-of-the-beasts-dlx-bumblebee\/","title":{"rendered":"ThreeZero - Transformers: Rise of the Beasts DLX Bumblebee"},"content":{"rendered":"<p>La pr\u00f3xima y emocionante entrega de la serie de pel\u00edculas \"Transformers\", \"Transformers: Rise of the Beasts\", llega a los cines este verano y el querido Autobot Bumblebee hace su deslumbrante regreso al cine y a la serie de figuras coleccionables DLX de threezero con su nuevo dise\u00f1o mejorado en modo bot.<\/p>\n<p>\"Transformers: Rise of the Beasts\" DLX Bumblebee reproduce fielmente el dise\u00f1o de la pel\u00edcula en cada detalle y apariencia, representando cuidadosamente el nuevo y elegante modo bot de Bumblebee. Los componentes de los ojos de DLX Bumblebee en la cabeza de batalla cuentan con luces LED intercambiables de dos colores, rojo y azul, e incluye Blasters de Ion de dos brazos intercambiables equipados con efectos de iluminaci\u00f3n LED, capturando a la perfecci\u00f3n el modo de batalla de Bumblebee. Las ruedas del cuerpo est\u00e1n hechas de un material suave similar al caucho con efectos de envejecimiento a\u00f1adidos. El DLX Bumblebee altamente articulado tiene articulaciones inteligentemente dise\u00f1adas, permitiendo un amplio rango de movimiento a lo largo de todo su cuerpo, incluyendo las alas traseras que pueden replicar sus posiciones plegadas y desplegadas. La acci\u00f3n contin\u00faa con la artesan\u00eda de renombre de threezero y la aplicaci\u00f3n de pintura envejecida replicando completamente este Autobot heroico.<\/p>\n<p>Las figuras coleccionables DLX presentan intrincados dise\u00f1os Transformers a menor escala con un valor de producci\u00f3n de alta fidelidad. Con su exclusivo dise\u00f1o de armaz\u00f3n de metal fundido a presi\u00f3n, DLX no s\u00f3lo proporciona una avanzada gama de articulaciones, sino que tambi\u00e9n mejora enormemente el peso y la durabilidad. Junto con la aplicaci\u00f3n de pintura detallada y envejecida de threezero, se consigue un parecido notable al igualar a los personajes tal y como se ven en los medios originales.<\/p>\n<p>TRANSFORMERS y todos los personajes relacionados son marcas registradas de Hasbro y se utilizan con permiso. 2023 Hasbro. Todos los derechos reservados. 2023 Paramount Pictures Corporation. Todos los derechos reservados. Con licencia de Hasbro.<\/p>\n<p><strong>CARACTER\u00cdSTICAS<\/strong><\/p>\n<ul>\n<li>Con licencia oficial de Hasbro y TakaraTomy<\/li>\n<li>Aproximadamente 23,2 cm de alto<\/li>\n<li>Aproximadamente 60 puntos de articulaci\u00f3n<\/li>\n<li>Aplicaci\u00f3n de pintura detallada y desgastada<\/li>\n<li>Estructura de metal fundido a presi\u00f3n con articulaci\u00f3n avanzada<\/li>\n<li>Ojos iluminados con LED, Ion Blaster, Battle Head Eyes<\/li>\n<\/ul>\n<p><strong>ACCESORIOS<\/strong><\/p>\n<ul>\n<li>Una (1) pieza de Cabeza de Batalla intercambiable<\/li>\n<li>Un (1) par de Ion Blasters<\/li>\n<li>Cuatro (3) pares de manos intercambiables: un (1) par de pu\u00f1os, un (1) par de manos relajadas y un (1) par de manos de acci\u00f3n<\/li>\n<li>Un (1) soporte de acci\u00f3n DLX<\/li>\n<\/ul>\n<p><strong>CARACTER\u00cdSTICAS DE LOS LEDES<\/strong><\/p>\n<ul>\n<li>Ojos<\/li>\n<li>Ion Blaster<\/li>\n<li>Cabeza de batalla Ojos<\/li>\n<\/ul>\n<p><strong>Observaciones<br \/>\n<\/strong>* Requiere pilas AG13 x 8 (Pilas no incluidas)<\/p>\n<p><strong>Materiales<br \/>\n<\/strong>Aleaci\u00f3n de zinc fundido a presi\u00f3n, PVC, ABS, POM<\/p>","protected":false},"excerpt":{"rendered":"<p><strong>CARACTER\u00cdSTICAS<\/strong><\/p>\n<ul>\n<li>Con licencia oficial de Hasbro y TakaraTomy<\/li>\n<li>Aproximadamente 23,2 cm de alto<\/li>\n<li>Aproximadamente 60 puntos de articulaci\u00f3n<\/li>\n<li>Aplicaci\u00f3n de pintura detallada y desgastada<\/li>\n<li>Estructura de metal fundido a presi\u00f3n con articulaci\u00f3n avanzada<\/li>\n<li>Ojos iluminados con LED, Ion Blaster, Battle Head Eyes<\/li>\n<\/ul>\n<p><strong>ACCESORIOS<\/strong><\/p>\n<ul>\n<li>Una (1) pieza de Cabeza de Batalla intercambiable<\/li>\n<li>Un (1) par de Ion Blasters<\/li>\n<li>Cuatro (3) pares de manos intercambiables: un (1) par de pu\u00f1os, un (1) par de manos relajadas y un (1) par de manos de acci\u00f3n<\/li>\n<li>Un (1) soporte de acci\u00f3n DLX<\/li>\n<\/ul>\n<p><strong>CARACTER\u00cdSTICAS DE LOS LEDES<\/strong><\/p>\n<ul>\n<li>Ojos<\/li>\n<li>Ion Blaster<\/li>\n<li>Cabeza de batalla Ojos<\/li>\n<\/ul>\n<p><strong>Observaciones<br \/>\n<\/strong>* Requiere pilas AG13 x 8 (Pilas no incluidas)<\/p>\n<p><strong>Materiales<br \/>\n<\/strong>Aleaci\u00f3n de zinc fundido a presi\u00f3n, PVC, ABS, POM<\/p>","protected":false},"featured_media":188907,"comment_status":"open","ping_status":"closed","template":"","meta":{"inline_featured_image":false},"product_brand":[],"product_cat":[68,90,1955],"product_tag":[332,224,1976,221,2228,333,334,335,1936,265,1956,337,770,204,2453,235,2227],"giftcard-category":[],"class_list":{"0":"post-188871","1":"product","2":"type-product","3":"status-publish","4":"has-post-thumbnail","6":"product_cat-hasbro","7":"product_cat-threezero","8":"product_cat-transformers","9":"product_tag-3a","10":"product_tag-bumblebee","11":"product_tag-collector-figures","12":"product_tag-decepticon","13":"product_tag-dlx-bumblebee","14":"product_tag-dlx-collectible-series","15":"product_tag-film","16":"product_tag-hasbro","17":"product_tag-models-co","18":"product_tag-pre-orders","19":"product_tag-rise-of-the-beasts","20":"product_tag-threea","21":"product_tag-threezero","22":"product_tag-transformers","23":"product_tag-transformers-x-threezero","24":"product_tag-transformers-bumblebee","25":"product_tag-transformers-rise-of-the-beasts","26":"product_shipping_class-standard","28":"first","29":"outofstock","30":"sale","31":"featured","32":"taxable","33":"shipping-taxable","34":"purchasable","35":"product-type-simple","36":"add-to-wishlist-after_add_to_cart"},"yoast_head":"<!-- This site is optimized with the Yoast SEO Premium plugin v25.3.1 (Yoast SEO v27.4) - https:\/\/yoast.com\/product\/yoast-seo-premium-wordpress\/ -->\n<title>ThreeZero - Transformers: Rise of the Beasts DLX Bumblebee<\/title>\n<meta name=\"robots\" content=\"index, follow, max-snippet:-1, max-image-preview:large, max-video-preview:-1\" \/>\n<link rel=\"canonical\" href=\"https:\/\/hobby4geek.com\/es\/producto\/threezero-transformers-rise-of-the-beasts-dlx-bumblebee\/\" \/>\n<meta property=\"og:locale\" content=\"es_ES\" \/>\n<meta property=\"og:type\" content=\"article\" \/>\n<meta property=\"og:title\" content=\"ThreeZero - Transformers: Rise of the Beasts DLX Bumblebee\" \/>\n<meta property=\"og:description\" content=\"FEATURES   Officially Licensed by Hasbro and TakaraTomy  Approximately 8 inches (~23.2cm) tall  Approximately 60 points of articulation  Detailed and weathered paint application  Die-cast Metal frame design with advanced range of articulation  LED illuminated eyes, Ion Blaster, Battle Head Eyes  ACCESSORIES   One (1) pc of interchangeable Battle Head  One (1) pair of Ion Blasters  Four (3) pairs of interchangeable hands: one (1) pair of fists, one (1) pair of relaxed hands and one (1) pair of action hands  One (1) DLX action stand  LED FEATURES*   Eyes  Ion Blaster  Battle Head Eyes  Remarks * Requires AG13 batteries x 8 (Batteries Not Included)  Materials Die-cast zinc alloy, PVC, ABS, POM\" \/>\n<meta property=\"og:url\" content=\"https:\/\/hobby4geek.com\/es\/producto\/threezero-transformers-rise-of-the-beasts-dlx-bumblebee\/\" \/>\n<meta property=\"og:site_name\" content=\"Hobby4Geek\" \/>\n<meta property=\"article:publisher\" content=\"https:\/\/www.facebook.com\/hobby4geek\" \/>\n<meta property=\"article:modified_time\" content=\"2025-05-30T07:31:45+00:00\" \/>\n<meta property=\"og:image\" content=\"https:\/\/hobby4geek.com\/wp-content\/uploads\/2023\/06\/threezero-transformers-rise-of-the-beasts-dlx-bumblebee-36.jpg\" \/>\n\t<meta property=\"og:image:width\" content=\"600\" \/>\n\t<meta property=\"og:image:height\" content=\"600\" \/>\n\t<meta property=\"og:image:type\" content=\"image\/jpeg\" \/>\n<meta name=\"twitter:card\" content=\"summary_large_image\" \/>\n<meta name=\"twitter:site\" content=\"@hobby4geek\" \/>\n<script type=\"application\/ld+json\" class=\"yoast-schema-graph\">{\"@context\":\"https:\\\/\\\/schema.org\",\"@graph\":[{\"@type\":\"WebPage\",\"@id\":\"https:\\\/\\\/hobby4geek.com\\\/product\\\/threezero-transformers-rise-of-the-beasts-dlx-bumblebee\\\/\",\"url\":\"https:\\\/\\\/hobby4geek.com\\\/product\\\/threezero-transformers-rise-of-the-beasts-dlx-bumblebee\\\/\",\"name\":\"ThreeZero - Transformers: Rise of the Beasts DLX Bumblebee\",\"isPartOf\":{\"@id\":\"https:\\\/\\\/hobby4geek.com\\\/#website\"},\"primaryImageOfPage\":{\"@id\":\"https:\\\/\\\/hobby4geek.com\\\/product\\\/threezero-transformers-rise-of-the-beasts-dlx-bumblebee\\\/#primaryimage\"},\"image\":{\"@id\":\"https:\\\/\\\/hobby4geek.com\\\/product\\\/threezero-transformers-rise-of-the-beasts-dlx-bumblebee\\\/#primaryimage\"},\"thumbnailUrl\":\"https:\\\/\\\/hobby4geek.com\\\/wp-content\\\/uploads\\\/2023\\\/06\\\/threezero-transformers-rise-of-the-beasts-dlx-bumblebee-36.jpg\",\"datePublished\":\"2024-04-28T19:56:03+00:00\",\"dateModified\":\"2025-05-30T07:31:45+00:00\",\"breadcrumb\":{\"@id\":\"https:\\\/\\\/hobby4geek.com\\\/product\\\/threezero-transformers-rise-of-the-beasts-dlx-bumblebee\\\/#breadcrumb\"},\"inLanguage\":\"es\",\"potentialAction\":[{\"@type\":\"ReadAction\",\"target\":[\"https:\\\/\\\/hobby4geek.com\\\/product\\\/threezero-transformers-rise-of-the-beasts-dlx-bumblebee\\\/\"]}]},{\"@type\":\"ImageObject\",\"inLanguage\":\"es\",\"@id\":\"https:\\\/\\\/hobby4geek.com\\\/product\\\/threezero-transformers-rise-of-the-beasts-dlx-bumblebee\\\/#primaryimage\",\"url\":\"https:\\\/\\\/hobby4geek.com\\\/wp-content\\\/uploads\\\/2023\\\/06\\\/threezero-transformers-rise-of-the-beasts-dlx-bumblebee-36.jpg\",\"contentUrl\":\"https:\\\/\\\/hobby4geek.com\\\/wp-content\\\/uploads\\\/2023\\\/06\\\/threezero-transformers-rise-of-the-beasts-dlx-bumblebee-36.jpg\",\"width\":600,\"height\":600},{\"@type\":\"BreadcrumbList\",\"@id\":\"https:\\\/\\\/hobby4geek.com\\\/product\\\/threezero-transformers-rise-of-the-beasts-dlx-bumblebee\\\/#breadcrumb\",\"itemListElement\":[{\"@type\":\"ListItem\",\"position\":1,\"name\":\"Home\",\"item\":\"https:\\\/\\\/hobby4geek.com\\\/\"},{\"@type\":\"ListItem\",\"position\":2,\"name\":\"Shop\",\"item\":\"https:\\\/\\\/hobby4geek.com\\\/shop\\\/\"},{\"@type\":\"ListItem\",\"position\":3,\"name\":\"ThreeZero &#8211; Transformers: Rise of the Beasts DLX Bumblebee\"}]},{\"@type\":\"WebSite\",\"@id\":\"https:\\\/\\\/hobby4geek.com\\\/#website\",\"url\":\"https:\\\/\\\/hobby4geek.com\\\/\",\"name\":\"Hobby4Geek\",\"description\":\"Collect, Play &amp; Showcase, Embrace your Geekiness\",\"publisher\":{\"@id\":\"https:\\\/\\\/hobby4geek.com\\\/#organization\"},\"potentialAction\":[{\"@type\":\"SearchAction\",\"target\":{\"@type\":\"EntryPoint\",\"urlTemplate\":\"https:\\\/\\\/hobby4geek.com\\\/?s={search_term_string}\"},\"query-input\":{\"@type\":\"PropertyValueSpecification\",\"valueRequired\":true,\"valueName\":\"search_term_string\"}}],\"inLanguage\":\"es\"},{\"@type\":\"Organization\",\"@id\":\"https:\\\/\\\/hobby4geek.com\\\/#organization\",\"name\":\"Hobby4Geek\",\"url\":\"https:\\\/\\\/hobby4geek.com\\\/\",\"logo\":{\"@type\":\"ImageObject\",\"inLanguage\":\"es\",\"@id\":\"https:\\\/\\\/hobby4geek.com\\\/#\\\/schema\\\/logo\\\/image\\\/\",\"url\":\"https:\\\/\\\/hobby4geek.com\\\/wp-content\\\/uploads\\\/2023\\\/02\\\/default-kit.png\",\"contentUrl\":\"https:\\\/\\\/hobby4geek.com\\\/wp-content\\\/uploads\\\/2023\\\/02\\\/default-kit.png\",\"width\":600,\"height\":600,\"caption\":\"Hobby4Geek\"},\"image\":{\"@id\":\"https:\\\/\\\/hobby4geek.com\\\/#\\\/schema\\\/logo\\\/image\\\/\"},\"sameAs\":[\"https:\\\/\\\/www.facebook.com\\\/hobby4geek\",\"https:\\\/\\\/x.com\\\/hobby4geek\",\"https:\\\/\\\/www.instagram.com\\\/hobby4geek\\\/\"]}]}<\/script>\n<meta property=\"product:brand\" content=\"Hasbro\" \/>\n<meta property=\"product:price:amount\" content=\"228.00\" \/>\n<meta property=\"product:price:currency\" content=\"EUR\" \/>\n<meta property=\"og:availability\" content=\"out of stock\" \/>\n<meta property=\"product:availability\" content=\"out of stock\" \/>\n<meta property=\"product:retailer_item_id\" content=\"4895250806917\" \/>\n<meta property=\"product:condition\" content=\"new\" \/>\n<!-- \/ Yoast SEO Premium plugin. -->","yoast_head_json":{"title":"ThreeZero - Transformers: Rise of the Beasts DLX Bumblebee","robots":{"index":"index","follow":"follow","max-snippet":"max-snippet:-1","max-image-preview":"max-image-preview:large","max-video-preview":"max-video-preview:-1"},"canonical":"https:\/\/hobby4geek.com\/es\/producto\/threezero-transformers-rise-of-the-beasts-dlx-bumblebee\/","og_locale":"es_ES","og_type":"article","og_title":"ThreeZero - Transformers: Rise of the Beasts DLX Bumblebee","og_description":"FEATURES   Officially Licensed by Hasbro and TakaraTomy  Approximately 8 inches (~23.2cm) tall  Approximately 60 points of articulation  Detailed and weathered paint application  Die-cast Metal frame design with advanced range of articulation  LED illuminated eyes, Ion Blaster, Battle Head Eyes  ACCESSORIES   One (1) pc of interchangeable Battle Head  One (1) pair of Ion Blasters  Four (3) pairs of interchangeable hands: one (1) pair of fists, one (1) pair of relaxed hands and one (1) pair of action hands  One (1) DLX action stand  LED FEATURES*   Eyes  Ion Blaster  Battle Head Eyes  Remarks * Requires AG13 batteries x 8 (Batteries Not Included)  Materials Die-cast zinc alloy, PVC, ABS, POM","og_url":"https:\/\/hobby4geek.com\/es\/producto\/threezero-transformers-rise-of-the-beasts-dlx-bumblebee\/","og_site_name":"Hobby4Geek","article_publisher":"https:\/\/www.facebook.com\/hobby4geek","article_modified_time":"2025-05-30T07:31:45+00:00","og_image":[{"width":600,"height":600,"url":"https:\/\/hobby4geek.com\/wp-content\/uploads\/2023\/06\/threezero-transformers-rise-of-the-beasts-dlx-bumblebee-36.jpg","type":"image\/jpeg"}],"twitter_card":"summary_large_image","twitter_site":"@hobby4geek","schema":{"@context":"https:\/\/schema.org","@graph":[{"@type":"WebPage","@id":"https:\/\/hobby4geek.com\/product\/threezero-transformers-rise-of-the-beasts-dlx-bumblebee\/","url":"https:\/\/hobby4geek.com\/product\/threezero-transformers-rise-of-the-beasts-dlx-bumblebee\/","name":"ThreeZero - Transformers: Rise of the Beasts DLX Bumblebee","isPartOf":{"@id":"https:\/\/hobby4geek.com\/#website"},"primaryImageOfPage":{"@id":"https:\/\/hobby4geek.com\/product\/threezero-transformers-rise-of-the-beasts-dlx-bumblebee\/#primaryimage"},"image":{"@id":"https:\/\/hobby4geek.com\/product\/threezero-transformers-rise-of-the-beasts-dlx-bumblebee\/#primaryimage"},"thumbnailUrl":"https:\/\/hobby4geek.com\/wp-content\/uploads\/2023\/06\/threezero-transformers-rise-of-the-beasts-dlx-bumblebee-36.jpg","datePublished":"2024-04-28T19:56:03+00:00","dateModified":"2025-05-30T07:31:45+00:00","breadcrumb":{"@id":"https:\/\/hobby4geek.com\/product\/threezero-transformers-rise-of-the-beasts-dlx-bumblebee\/#breadcrumb"},"inLanguage":"es","potentialAction":[{"@type":"ReadAction","target":["https:\/\/hobby4geek.com\/product\/threezero-transformers-rise-of-the-beasts-dlx-bumblebee\/"]}]},{"@type":"ImageObject","inLanguage":"es","@id":"https:\/\/hobby4geek.com\/product\/threezero-transformers-rise-of-the-beasts-dlx-bumblebee\/#primaryimage","url":"https:\/\/hobby4geek.com\/wp-content\/uploads\/2023\/06\/threezero-transformers-rise-of-the-beasts-dlx-bumblebee-36.jpg","contentUrl":"https:\/\/hobby4geek.com\/wp-content\/uploads\/2023\/06\/threezero-transformers-rise-of-the-beasts-dlx-bumblebee-36.jpg","width":600,"height":600},{"@type":"BreadcrumbList","@id":"https:\/\/hobby4geek.com\/product\/threezero-transformers-rise-of-the-beasts-dlx-bumblebee\/#breadcrumb","itemListElement":[{"@type":"ListItem","position":1,"name":"Home","item":"https:\/\/hobby4geek.com\/"},{"@type":"ListItem","position":2,"name":"Shop","item":"https:\/\/hobby4geek.com\/shop\/"},{"@type":"ListItem","position":3,"name":"ThreeZero &#8211; Transformers: Rise of the Beasts DLX Bumblebee"}]},{"@type":"WebSite","@id":"https:\/\/hobby4geek.com\/#website","url":"https:\/\/hobby4geek.com\/","name":"Hobby4Geek","description":"Coleccionar, jugar y exhibir, abrazar su frikismo","publisher":{"@id":"https:\/\/hobby4geek.com\/#organization"},"potentialAction":[{"@type":"SearchAction","target":{"@type":"EntryPoint","urlTemplate":"https:\/\/hobby4geek.com\/?s={search_term_string}"},"query-input":{"@type":"PropertyValueSpecification","valueRequired":true,"valueName":"search_term_string"}}],"inLanguage":"es"},{"@type":"Organization","@id":"https:\/\/hobby4geek.com\/#organization","name":"Hobby4Geek","url":"https:\/\/hobby4geek.com\/","logo":{"@type":"ImageObject","inLanguage":"es","@id":"https:\/\/hobby4geek.com\/#\/schema\/logo\/image\/","url":"https:\/\/hobby4geek.com\/wp-content\/uploads\/2023\/02\/default-kit.png","contentUrl":"https:\/\/hobby4geek.com\/wp-content\/uploads\/2023\/02\/default-kit.png","width":600,"height":600,"caption":"Hobby4Geek"},"image":{"@id":"https:\/\/hobby4geek.com\/#\/schema\/logo\/image\/"},"sameAs":["https:\/\/www.facebook.com\/hobby4geek","https:\/\/x.com\/hobby4geek","https:\/\/www.instagram.com\/hobby4geek\/"]}]},"product_brand":"Hasbro","product_price_amount":"228.00","product_price_currency":"EUR","og_availability":"out of stock","product_availability":"out of stock","product_retailer_item_id":"4895250806917","product_condition":"new"},"_links":{"self":[{"href":"https:\/\/hobby4geek.com\/es\/wp-json\/wp\/v2\/product\/188871","targetHints":{"allow":["GET"]}}],"collection":[{"href":"https:\/\/hobby4geek.com\/es\/wp-json\/wp\/v2\/product"}],"about":[{"href":"https:\/\/hobby4geek.com\/es\/wp-json\/wp\/v2\/types\/product"}],"replies":[{"embeddable":true,"href":"https:\/\/hobby4geek.com\/es\/wp-json\/wp\/v2\/comments?post=188871"}],"version-history":[{"count":0,"href":"https:\/\/hobby4geek.com\/es\/wp-json\/wp\/v2\/product\/188871\/revisions"}],"wp:featuredmedia":[{"embeddable":true,"href":"https:\/\/hobby4geek.com\/es\/wp-json\/wp\/v2\/media\/188907"}],"wp:attachment":[{"href":"https:\/\/hobby4geek.com\/es\/wp-json\/wp\/v2\/media?parent=188871"}],"wp:term":[{"taxonomy":"product_brand","embeddable":true,"href":"https:\/\/hobby4geek.com\/es\/wp-json\/wp\/v2\/product_brand?post=188871"},{"taxonomy":"product_cat","embeddable":true,"href":"https:\/\/hobby4geek.com\/es\/wp-json\/wp\/v2\/product_cat?post=188871"},{"taxonomy":"product_tag","embeddable":true,"href":"https:\/\/hobby4geek.com\/es\/wp-json\/wp\/v2\/product_tag?post=188871"},{"taxonomy":"giftcard-category","embeddable":true,"href":"https:\/\/hobby4geek.com\/es\/wp-json\/wp\/v2\/giftcard-category?post=188871"}],"curies":[{"name":"wp","href":"https:\/\/api.w.org\/{rel}","templated":true}]}}