{"id":188859,"date":"2023-06-09T09:57:29","date_gmt":"2023-06-09T07:57:29","guid":{"rendered":"https:\/\/hobby4geek.com\/?post_type=product&#038;p=188859"},"modified":"2024-05-12T12:54:53","modified_gmt":"2024-05-12T11:54:53","slug":"transformers-rise-of-the-beasts-deluxe-class-airazor","status":"publish","type":"product","link":"https:\/\/hobby4geek.com\/es\/producto\/transformers-rise-of-the-beasts-deluxe-class-airazor\/","title":{"rendered":"Transformers: Rise of the Beasts - Clase Deluxe Airazor"},"content":{"rendered":"<p>Airazor, el valiente explorador de Maximal, vuela alto por encima de sus cabezas para detectar el peligro m\u00e1s abajo. Las figuras Deluxe Class y Voyager Class est\u00e1n basadas en los personajes de la nueva pel\u00edcula de Transformers, Transformers: \u00a1Rise of the Beasts! Las figuras est\u00e1n articuladas para posar y vienen con fant\u00e1sticos accesorios para las armas. (Cada una se vende por separado, sujeto a disponibilidad).<\/p>\n<p>La batalla en la Tierra ya no es entre los heroicos Autobots y los malvados Decepticons. Transformers: Rise of the Beasts introduce misteriosas facciones, los Maximals, los Predacons y los Terrorcons, en una \u00e9pica aventura trotamundos de los 90.<\/p>\n<ul>\n<li>Las figuras Deluxe Class miden 15 cm y est\u00e1n articuladas para adoptar posturas de batalla.<\/li>\n<li>Esta figura de acci\u00f3n marr\u00f3n Transformers Airazor se convierte de robot a halc\u00f3n peregrino en 24 pasos.<\/li>\n<li>Este juguete Airazor incluye 2 accesorios de espada<\/li>\n<li>Con personajes robots y bestias inspirados en la \u00e9pica pel\u00edcula Transformers: \u00a1Rise of the Beasts!<\/li>\n<li>Colecciona otros juguetes de la pel\u00edcula Transformers: Rise of the Beasts (Cada uno se vende por separado, sujeto a disponibilidad)<\/li>\n<\/ul>","protected":false},"excerpt":{"rendered":"<ul>\n<li>13 cm<\/li>\n<li>Clase de Lujo<\/li>\n<li>24 Pasos<\/li>\n<li>2 accesorios de espada<\/li>\n<\/ul>","protected":false},"featured_media":188863,"comment_status":"open","ping_status":"closed","template":"","meta":{"inline_featured_image":false},"product_brand":[],"product_cat":[68,69,1955,1960],"product_tag":[1759,1963,1964,335,2226,1956,1957,240,203,1975,204,1961,1962,2227],"giftcard-category":[],"class_list":{"0":"post-188859","1":"product","2":"type-product","3":"status-publish","4":"has-post-thumbnail","6":"product_cat-hasbro","7":"product_cat-takara-tomy","8":"product_cat-transformers","9":"product_cat-transformers-generations","10":"product_tag-action-toys","11":"product_tag-airazor","12":"product_tag-deluxe-class","13":"product_tag-hasbro","14":"product_tag-mainline","15":"product_tag-rise-of-the-beasts","16":"product_tag-rotb","17":"product_tag-studio-series","18":"product_tag-takara-tomy","19":"product_tag-toys-figures","20":"product_tag-transformers","21":"product_tag-transformers-authentic","22":"product_tag-transformers-generations","23":"product_tag-transformers-rise-of-the-beasts","24":"product_shipping_class-standard","26":"first","27":"outofstock","28":"taxable","29":"shipping-taxable","30":"purchasable","31":"product-type-simple","32":"add-to-wishlist-after_add_to_cart"},"yoast_head":"<!-- This site is optimized with the Yoast SEO Premium plugin v25.3.1 (Yoast SEO v27.4) - https:\/\/yoast.com\/product\/yoast-seo-premium-wordpress\/ -->\n<title>Transformers: Rise of the Beasts - Deluxe Class Airazor<\/title>\n<meta name=\"robots\" content=\"index, follow, max-snippet:-1, max-image-preview:large, max-video-preview:-1\" \/>\n<link rel=\"canonical\" href=\"https:\/\/hobby4geek.com\/es\/producto\/transformers-rise-of-the-beasts-deluxe-class-airazor\/\" \/>\n<meta property=\"og:locale\" content=\"es_ES\" \/>\n<meta property=\"og:type\" content=\"article\" \/>\n<meta property=\"og:title\" content=\"Transformers: Rise of the Beasts - Deluxe Class Airazor\" \/>\n<meta property=\"og:description\" content=\"13 cm  Deluxe Class  24 Steps  2 sword accessories\" \/>\n<meta property=\"og:url\" content=\"https:\/\/hobby4geek.com\/es\/producto\/transformers-rise-of-the-beasts-deluxe-class-airazor\/\" \/>\n<meta property=\"og:site_name\" content=\"Hobby4Geek\" \/>\n<meta property=\"article:publisher\" content=\"https:\/\/www.facebook.com\/hobby4geek\" \/>\n<meta property=\"article:modified_time\" content=\"2024-05-12T11:54:53+00:00\" \/>\n<meta property=\"og:image\" content=\"https:\/\/hobby4geek.com\/wp-content\/uploads\/2023\/06\/transformers-rise-of-the-beasts-deluxe-class-airazor-4.webp\" \/>\n\t<meta property=\"og:image:width\" content=\"2000\" \/>\n\t<meta property=\"og:image:height\" content=\"2000\" \/>\n\t<meta property=\"og:image:type\" content=\"image\/webp\" \/>\n<meta name=\"twitter:card\" content=\"summary_large_image\" \/>\n<meta name=\"twitter:site\" content=\"@hobby4geek\" \/>\n<script type=\"application\/ld+json\" class=\"yoast-schema-graph\">{\"@context\":\"https:\\\/\\\/schema.org\",\"@graph\":[{\"@type\":\"WebPage\",\"@id\":\"https:\\\/\\\/hobby4geek.com\\\/fr\\\/produit\\\/transformers-rise-of-the-beasts-deluxe-class-airazor\\\/\",\"url\":\"https:\\\/\\\/hobby4geek.com\\\/fr\\\/produit\\\/transformers-rise-of-the-beasts-deluxe-class-airazor\\\/\",\"name\":\"Transformers: Rise of the Beasts - Deluxe Class Airazor\",\"isPartOf\":{\"@id\":\"https:\\\/\\\/hobby4geek.com\\\/#website\"},\"primaryImageOfPage\":{\"@id\":\"https:\\\/\\\/hobby4geek.com\\\/fr\\\/produit\\\/transformers-rise-of-the-beasts-deluxe-class-airazor\\\/#primaryimage\"},\"image\":{\"@id\":\"https:\\\/\\\/hobby4geek.com\\\/fr\\\/produit\\\/transformers-rise-of-the-beasts-deluxe-class-airazor\\\/#primaryimage\"},\"thumbnailUrl\":\"https:\\\/\\\/hobby4geek.com\\\/wp-content\\\/uploads\\\/2023\\\/06\\\/transformers-rise-of-the-beasts-deluxe-class-airazor-4.webp\",\"datePublished\":\"2023-06-09T07:57:29+00:00\",\"dateModified\":\"2024-05-12T11:54:53+00:00\",\"breadcrumb\":{\"@id\":\"https:\\\/\\\/hobby4geek.com\\\/fr\\\/produit\\\/transformers-rise-of-the-beasts-deluxe-class-airazor\\\/#breadcrumb\"},\"inLanguage\":\"es\",\"potentialAction\":[{\"@type\":\"ReadAction\",\"target\":[\"https:\\\/\\\/hobby4geek.com\\\/fr\\\/produit\\\/transformers-rise-of-the-beasts-deluxe-class-airazor\\\/\"]}]},{\"@type\":\"ImageObject\",\"inLanguage\":\"es\",\"@id\":\"https:\\\/\\\/hobby4geek.com\\\/fr\\\/produit\\\/transformers-rise-of-the-beasts-deluxe-class-airazor\\\/#primaryimage\",\"url\":\"https:\\\/\\\/hobby4geek.com\\\/wp-content\\\/uploads\\\/2023\\\/06\\\/transformers-rise-of-the-beasts-deluxe-class-airazor-4.webp\",\"contentUrl\":\"https:\\\/\\\/hobby4geek.com\\\/wp-content\\\/uploads\\\/2023\\\/06\\\/transformers-rise-of-the-beasts-deluxe-class-airazor-4.webp\",\"width\":2000,\"height\":2000},{\"@type\":\"BreadcrumbList\",\"@id\":\"https:\\\/\\\/hobby4geek.com\\\/fr\\\/produit\\\/transformers-rise-of-the-beasts-deluxe-class-airazor\\\/#breadcrumb\",\"itemListElement\":[{\"@type\":\"ListItem\",\"position\":1,\"name\":\"Home\",\"item\":\"https:\\\/\\\/hobby4geek.com\\\/\"},{\"@type\":\"ListItem\",\"position\":2,\"name\":\"Shop\",\"item\":\"https:\\\/\\\/hobby4geek.com\\\/shop\\\/\"},{\"@type\":\"ListItem\",\"position\":3,\"name\":\"Transformers: Rise of the Beasts &#8211; Deluxe Class Airazor\"}]},{\"@type\":\"WebSite\",\"@id\":\"https:\\\/\\\/hobby4geek.com\\\/#website\",\"url\":\"https:\\\/\\\/hobby4geek.com\\\/\",\"name\":\"Hobby4Geek\",\"description\":\"Collect, Play &amp; Showcase, Embrace your Geekiness\",\"publisher\":{\"@id\":\"https:\\\/\\\/hobby4geek.com\\\/#organization\"},\"potentialAction\":[{\"@type\":\"SearchAction\",\"target\":{\"@type\":\"EntryPoint\",\"urlTemplate\":\"https:\\\/\\\/hobby4geek.com\\\/?s={search_term_string}\"},\"query-input\":{\"@type\":\"PropertyValueSpecification\",\"valueRequired\":true,\"valueName\":\"search_term_string\"}}],\"inLanguage\":\"es\"},{\"@type\":\"Organization\",\"@id\":\"https:\\\/\\\/hobby4geek.com\\\/#organization\",\"name\":\"Hobby4Geek\",\"url\":\"https:\\\/\\\/hobby4geek.com\\\/\",\"logo\":{\"@type\":\"ImageObject\",\"inLanguage\":\"es\",\"@id\":\"https:\\\/\\\/hobby4geek.com\\\/#\\\/schema\\\/logo\\\/image\\\/\",\"url\":\"https:\\\/\\\/hobby4geek.com\\\/wp-content\\\/uploads\\\/2023\\\/02\\\/default-kit.png\",\"contentUrl\":\"https:\\\/\\\/hobby4geek.com\\\/wp-content\\\/uploads\\\/2023\\\/02\\\/default-kit.png\",\"width\":600,\"height\":600,\"caption\":\"Hobby4Geek\"},\"image\":{\"@id\":\"https:\\\/\\\/hobby4geek.com\\\/#\\\/schema\\\/logo\\\/image\\\/\"},\"sameAs\":[\"https:\\\/\\\/www.facebook.com\\\/hobby4geek\",\"https:\\\/\\\/x.com\\\/hobby4geek\",\"https:\\\/\\\/www.instagram.com\\\/hobby4geek\\\/\"]}]}<\/script>\n<meta property=\"product:brand\" content=\"Hasbro\" \/>\n<meta property=\"product:price:amount\" content=\"27.80\" \/>\n<meta property=\"product:price:currency\" content=\"EUR\" \/>\n<meta property=\"og:availability\" content=\"out of stock\" \/>\n<meta property=\"product:availability\" content=\"out of stock\" \/>\n<meta property=\"product:retailer_item_id\" content=\"5010993982592\" \/>\n<meta property=\"product:condition\" content=\"new\" \/>\n<!-- \/ Yoast SEO Premium plugin. -->","yoast_head_json":{"title":"Transformers: Rise of the Beasts - Clase Deluxe Airazor","robots":{"index":"index","follow":"follow","max-snippet":"max-snippet:-1","max-image-preview":"max-image-preview:large","max-video-preview":"max-video-preview:-1"},"canonical":"https:\/\/hobby4geek.com\/es\/producto\/transformers-rise-of-the-beasts-deluxe-class-airazor\/","og_locale":"es_ES","og_type":"article","og_title":"Transformers: Rise of the Beasts - Deluxe Class Airazor","og_description":"13 cm  Deluxe Class  24 Steps  2 sword accessories","og_url":"https:\/\/hobby4geek.com\/es\/producto\/transformers-rise-of-the-beasts-deluxe-class-airazor\/","og_site_name":"Hobby4Geek","article_publisher":"https:\/\/www.facebook.com\/hobby4geek","article_modified_time":"2024-05-12T11:54:53+00:00","og_image":[{"width":2000,"height":2000,"url":"https:\/\/hobby4geek.com\/wp-content\/uploads\/2023\/06\/transformers-rise-of-the-beasts-deluxe-class-airazor-4.webp","type":"image\/webp"}],"twitter_card":"summary_large_image","twitter_site":"@hobby4geek","schema":{"@context":"https:\/\/schema.org","@graph":[{"@type":"WebPage","@id":"https:\/\/hobby4geek.com\/fr\/produit\/transformers-rise-of-the-beasts-deluxe-class-airazor\/","url":"https:\/\/hobby4geek.com\/fr\/produit\/transformers-rise-of-the-beasts-deluxe-class-airazor\/","name":"Transformers: Rise of the Beasts - Clase Deluxe Airazor","isPartOf":{"@id":"https:\/\/hobby4geek.com\/#website"},"primaryImageOfPage":{"@id":"https:\/\/hobby4geek.com\/fr\/produit\/transformers-rise-of-the-beasts-deluxe-class-airazor\/#primaryimage"},"image":{"@id":"https:\/\/hobby4geek.com\/fr\/produit\/transformers-rise-of-the-beasts-deluxe-class-airazor\/#primaryimage"},"thumbnailUrl":"https:\/\/hobby4geek.com\/wp-content\/uploads\/2023\/06\/transformers-rise-of-the-beasts-deluxe-class-airazor-4.webp","datePublished":"2023-06-09T07:57:29+00:00","dateModified":"2024-05-12T11:54:53+00:00","breadcrumb":{"@id":"https:\/\/hobby4geek.com\/fr\/produit\/transformers-rise-of-the-beasts-deluxe-class-airazor\/#breadcrumb"},"inLanguage":"es","potentialAction":[{"@type":"ReadAction","target":["https:\/\/hobby4geek.com\/fr\/produit\/transformers-rise-of-the-beasts-deluxe-class-airazor\/"]}]},{"@type":"ImageObject","inLanguage":"es","@id":"https:\/\/hobby4geek.com\/fr\/produit\/transformers-rise-of-the-beasts-deluxe-class-airazor\/#primaryimage","url":"https:\/\/hobby4geek.com\/wp-content\/uploads\/2023\/06\/transformers-rise-of-the-beasts-deluxe-class-airazor-4.webp","contentUrl":"https:\/\/hobby4geek.com\/wp-content\/uploads\/2023\/06\/transformers-rise-of-the-beasts-deluxe-class-airazor-4.webp","width":2000,"height":2000},{"@type":"BreadcrumbList","@id":"https:\/\/hobby4geek.com\/fr\/produit\/transformers-rise-of-the-beasts-deluxe-class-airazor\/#breadcrumb","itemListElement":[{"@type":"ListItem","position":1,"name":"Home","item":"https:\/\/hobby4geek.com\/"},{"@type":"ListItem","position":2,"name":"Shop","item":"https:\/\/hobby4geek.com\/shop\/"},{"@type":"ListItem","position":3,"name":"Transformers: Rise of the Beasts &#8211; Deluxe Class Airazor"}]},{"@type":"WebSite","@id":"https:\/\/hobby4geek.com\/#website","url":"https:\/\/hobby4geek.com\/","name":"Hobby4Geek","description":"Coleccionar, jugar y exhibir, abrazar su frikismo","publisher":{"@id":"https:\/\/hobby4geek.com\/#organization"},"potentialAction":[{"@type":"SearchAction","target":{"@type":"EntryPoint","urlTemplate":"https:\/\/hobby4geek.com\/?s={search_term_string}"},"query-input":{"@type":"PropertyValueSpecification","valueRequired":true,"valueName":"search_term_string"}}],"inLanguage":"es"},{"@type":"Organization","@id":"https:\/\/hobby4geek.com\/#organization","name":"Hobby4Geek","url":"https:\/\/hobby4geek.com\/","logo":{"@type":"ImageObject","inLanguage":"es","@id":"https:\/\/hobby4geek.com\/#\/schema\/logo\/image\/","url":"https:\/\/hobby4geek.com\/wp-content\/uploads\/2023\/02\/default-kit.png","contentUrl":"https:\/\/hobby4geek.com\/wp-content\/uploads\/2023\/02\/default-kit.png","width":600,"height":600,"caption":"Hobby4Geek"},"image":{"@id":"https:\/\/hobby4geek.com\/#\/schema\/logo\/image\/"},"sameAs":["https:\/\/www.facebook.com\/hobby4geek","https:\/\/x.com\/hobby4geek","https:\/\/www.instagram.com\/hobby4geek\/"]}]},"product_brand":"Hasbro","product_price_amount":"27.80","product_price_currency":"EUR","og_availability":"out of stock","product_availability":"out of stock","product_retailer_item_id":"5010993982592","product_condition":"new"},"_links":{"self":[{"href":"https:\/\/hobby4geek.com\/es\/wp-json\/wp\/v2\/product\/188859","targetHints":{"allow":["GET"]}}],"collection":[{"href":"https:\/\/hobby4geek.com\/es\/wp-json\/wp\/v2\/product"}],"about":[{"href":"https:\/\/hobby4geek.com\/es\/wp-json\/wp\/v2\/types\/product"}],"replies":[{"embeddable":true,"href":"https:\/\/hobby4geek.com\/es\/wp-json\/wp\/v2\/comments?post=188859"}],"version-history":[{"count":0,"href":"https:\/\/hobby4geek.com\/es\/wp-json\/wp\/v2\/product\/188859\/revisions"}],"wp:featuredmedia":[{"embeddable":true,"href":"https:\/\/hobby4geek.com\/es\/wp-json\/wp\/v2\/media\/188863"}],"wp:attachment":[{"href":"https:\/\/hobby4geek.com\/es\/wp-json\/wp\/v2\/media?parent=188859"}],"wp:term":[{"taxonomy":"product_brand","embeddable":true,"href":"https:\/\/hobby4geek.com\/es\/wp-json\/wp\/v2\/product_brand?post=188859"},{"taxonomy":"product_cat","embeddable":true,"href":"https:\/\/hobby4geek.com\/es\/wp-json\/wp\/v2\/product_cat?post=188859"},{"taxonomy":"product_tag","embeddable":true,"href":"https:\/\/hobby4geek.com\/es\/wp-json\/wp\/v2\/product_tag?post=188859"},{"taxonomy":"giftcard-category","embeddable":true,"href":"https:\/\/hobby4geek.com\/es\/wp-json\/wp\/v2\/giftcard-category?post=188859"}],"curies":[{"name":"wp","href":"https:\/\/api.w.org\/{rel}","templated":true}]}}