{"id":188839,"date":"2023-09-29T21:23:16","date_gmt":"2023-09-29T19:23:16","guid":{"rendered":"https:\/\/hobby4geek.com\/?post_type=product&#038;p=188839"},"modified":"2024-11-20T08:07:43","modified_gmt":"2024-11-20T07:07:43","slug":"maestros-del-universo-origenes-playset-montana-de-serpientes","status":"publish","type":"product","link":"https:\/\/hobby4geek.com\/es\/producto\/maestros-del-universo-origenes-playset-montana-de-serpientes\/","title":{"rendered":"Masters del Universo: Origins - Playset Snake Mountain"},"content":{"rendered":"<p>Este detallado playset de Masters of the Universe\u2122 Or\u00edgenes est\u00e1 inspirado en la guarida de la Monta\u00f1a de la Serpiente en el Hemisferio Oscuro de Eternia\u2122. Se cre\u00f3 como homenaje a los a\u00f1os 80, pero con un dise\u00f1o moderno m\u00e1s grande y mejor. La enorme serpiente domina la parte superior. Abundan las opciones de historia con amplias caracter\u00edsticas que incluyen una trampilla, una mazmorra, el trono de Skeletor\u2122, una \"piscina de \u00e1cido\" y un t\u00fanel de escape. Las escaleras y pasarelas acomodan figuras de Origins de 5,5 pulgadas. Para fans a partir de 6 a\u00f1os. Los colores y la decoraci\u00f3n pueden variar.<\/p>\n<ul>\n<li>Este MOTU\u2122 Origins Snake Mountain Playset est\u00e1 listo para las historias del lado oscuro de Eternia\u2122 con m\u00faltiples caracter\u00edsticas y un dise\u00f1o aut\u00e9ntico que es un retroceso al aspecto de los a\u00f1os 80.<\/li>\n<li>Delante, la cabeza de Lobo gira y la puerta se abre. La serpiente de la parte superior puede coger con la boca una figura de Or\u00edgenes a escala de 5,5 pulgadas o derribarla de la plataforma superior. Las figuras de Origins se venden por separado, sujetas a disponibilidad.<\/li>\n<li>Cuando una figura suba por las escaleras y atraviese la puerta superior... \u00a1BAM! Caer\u00e1 por la trampilla hasta la jaula. La jaula puede trasladarse a la mazmorra bajo el trono de Skeletor\u2122 para su custodia.<\/li>\n<li>Para llegar al trono, las figuras deben pasar junto a la cabeza de lobo y la intimidante ara\u00f1a. Para salir, deben tener cuidado con la \"piscina de \u00e1cido\" en el camino hacia el t\u00fanel de escape oculto.<\/li>\n<li>Acomoda figuras MOTU\u2122 Origins a escala de 5,5 pulgadas. Las figuras se venden por separado y est\u00e1n sujetas a disponibilidad.<\/li>\n<li>Es un regalo estupendo para ampliar cualquier colecci\u00f3n de MOTU\u2122 Origins para fans a partir de 6 a\u00f1os.<\/li>\n<\/ul>","protected":false},"excerpt":{"rendered":"<ul>\n<li>68,4 cm<\/li>\n<li>Desde el lado oscuro de Eternia\u2122<\/li>\n<li>La jaula puede trasladarse a la mazmorra bajo el trono de Skeletor\u2122.<\/li>\n<\/ul>","protected":false},"featured_media":188852,"comment_status":"open","ping_status":"closed","template":"","meta":{"inline_featured_image":false},"product_brand":[],"product_cat":[2218,2224,2023],"product_tag":[1759,2222,2219,2223,2225,2220,2221,1975],"giftcard-category":[],"class_list":{"0":"post-188839","1":"product","2":"type-product","3":"status-publish","4":"has-post-thumbnail","6":"product_cat-masters-of-the-universe","7":"product_cat-masters-of-the-universe-origins","8":"product_cat-mattel","9":"product_tag-action-toys","10":"product_tag-dark-side-of-eternia","11":"product_tag-masters-of-the-universe-origins","12":"product_tag-motu","13":"product_tag-origins","14":"product_tag-playset","15":"product_tag-snake-mountain","16":"product_tag-toys-figures","17":"product_shipping_class-medium","19":"first","20":"outofstock","21":"taxable","22":"shipping-taxable","23":"purchasable","24":"product-type-simple","25":"add-to-wishlist-after_add_to_cart"},"yoast_head":"<!-- This site is optimized with the Yoast SEO Premium plugin v25.3.1 (Yoast SEO v27.2) - https:\/\/yoast.com\/product\/yoast-seo-premium-wordpress\/ -->\n<title>Masters of the Universe: Origins - Playset Snake Mountain<\/title>\n<meta name=\"robots\" content=\"index, follow, max-snippet:-1, max-image-preview:large, max-video-preview:-1\" \/>\n<link rel=\"canonical\" href=\"https:\/\/hobby4geek.com\/es\/producto\/maestros-del-universo-origenes-playset-montana-de-serpientes\/\" \/>\n<meta property=\"og:locale\" content=\"es_ES\" \/>\n<meta property=\"og:type\" content=\"article\" \/>\n<meta property=\"og:title\" content=\"Masters of the Universe: Origins - Playset Snake Mountain\" \/>\n<meta property=\"og:description\" content=\"68.4 cm  From the Dark side of Eternia\u2122  The cage can move to the dungeon underneath the throne of Skeletor\u2122\" \/>\n<meta property=\"og:url\" content=\"https:\/\/hobby4geek.com\/es\/producto\/maestros-del-universo-origenes-playset-montana-de-serpientes\/\" \/>\n<meta property=\"og:site_name\" content=\"Hobby4Geek\" \/>\n<meta property=\"article:publisher\" content=\"https:\/\/www.facebook.com\/hobby4geek\" \/>\n<meta property=\"article:modified_time\" content=\"2024-11-20T07:07:43+00:00\" \/>\n<meta property=\"og:image\" content=\"https:\/\/hobby4geek.com\/wp-content\/uploads\/2023\/06\/masters-of-the-universe-origins-playset-snake-mountain-7.jpg\" \/>\n\t<meta property=\"og:image:width\" content=\"1000\" \/>\n\t<meta property=\"og:image:height\" content=\"1000\" \/>\n\t<meta property=\"og:image:type\" content=\"image\/jpeg\" \/>\n<meta name=\"twitter:card\" content=\"summary_large_image\" \/>\n<meta name=\"twitter:site\" content=\"@hobby4geek\" \/>\n<script type=\"application\/ld+json\" class=\"yoast-schema-graph\">{\"@context\":\"https:\/\/schema.org\",\"@graph\":[{\"@type\":\"WebPage\",\"@id\":\"https:\/\/hobby4geek.com\/product\/masters-of-the-universe-origins-playset-snake-mountain\/\",\"url\":\"https:\/\/hobby4geek.com\/product\/masters-of-the-universe-origins-playset-snake-mountain\/\",\"name\":\"Masters of the Universe: Origins - Playset Snake Mountain\",\"isPartOf\":{\"@id\":\"https:\/\/hobby4geek.com\/#website\"},\"primaryImageOfPage\":{\"@id\":\"https:\/\/hobby4geek.com\/product\/masters-of-the-universe-origins-playset-snake-mountain\/#primaryimage\"},\"image\":{\"@id\":\"https:\/\/hobby4geek.com\/product\/masters-of-the-universe-origins-playset-snake-mountain\/#primaryimage\"},\"thumbnailUrl\":\"https:\/\/hobby4geek.com\/wp-content\/uploads\/2023\/06\/masters-of-the-universe-origins-playset-snake-mountain-7.jpg\",\"datePublished\":\"2023-09-29T19:23:16+00:00\",\"dateModified\":\"2024-11-20T07:07:43+00:00\",\"breadcrumb\":{\"@id\":\"https:\/\/hobby4geek.com\/product\/masters-of-the-universe-origins-playset-snake-mountain\/#breadcrumb\"},\"inLanguage\":\"es\",\"potentialAction\":[{\"@type\":\"ReadAction\",\"target\":[\"https:\/\/hobby4geek.com\/product\/masters-of-the-universe-origins-playset-snake-mountain\/\"]}]},{\"@type\":\"ImageObject\",\"inLanguage\":\"es\",\"@id\":\"https:\/\/hobby4geek.com\/product\/masters-of-the-universe-origins-playset-snake-mountain\/#primaryimage\",\"url\":\"https:\/\/hobby4geek.com\/wp-content\/uploads\/2023\/06\/masters-of-the-universe-origins-playset-snake-mountain-7.jpg\",\"contentUrl\":\"https:\/\/hobby4geek.com\/wp-content\/uploads\/2023\/06\/masters-of-the-universe-origins-playset-snake-mountain-7.jpg\",\"width\":1000,\"height\":1000},{\"@type\":\"BreadcrumbList\",\"@id\":\"https:\/\/hobby4geek.com\/product\/masters-of-the-universe-origins-playset-snake-mountain\/#breadcrumb\",\"itemListElement\":[{\"@type\":\"ListItem\",\"position\":1,\"name\":\"Home\",\"item\":\"https:\/\/hobby4geek.com\/\"},{\"@type\":\"ListItem\",\"position\":2,\"name\":\"Shop\",\"item\":\"https:\/\/hobby4geek.com\/shop\/\"},{\"@type\":\"ListItem\",\"position\":3,\"name\":\"Masters of the Universe: Origins &#8211; Playset Snake Mountain\"}]},{\"@type\":\"WebSite\",\"@id\":\"https:\/\/hobby4geek.com\/#website\",\"url\":\"https:\/\/hobby4geek.com\/\",\"name\":\"Hobby4Geek\",\"description\":\"Collect, Play &amp; Showcase, Embrace your Geekiness\",\"publisher\":{\"@id\":\"https:\/\/hobby4geek.com\/#organization\"},\"potentialAction\":[{\"@type\":\"SearchAction\",\"target\":{\"@type\":\"EntryPoint\",\"urlTemplate\":\"https:\/\/hobby4geek.com\/?s={search_term_string}\"},\"query-input\":{\"@type\":\"PropertyValueSpecification\",\"valueRequired\":true,\"valueName\":\"search_term_string\"}}],\"inLanguage\":\"es\"},{\"@type\":\"Organization\",\"@id\":\"https:\/\/hobby4geek.com\/#organization\",\"name\":\"Hobby4Geek\",\"url\":\"https:\/\/hobby4geek.com\/\",\"logo\":{\"@type\":\"ImageObject\",\"inLanguage\":\"es\",\"@id\":\"https:\/\/hobby4geek.com\/#\/schema\/logo\/image\/\",\"url\":\"https:\/\/hobby4geek.com\/wp-content\/uploads\/2023\/02\/default-kit.png\",\"contentUrl\":\"https:\/\/hobby4geek.com\/wp-content\/uploads\/2023\/02\/default-kit.png\",\"width\":600,\"height\":600,\"caption\":\"Hobby4Geek\"},\"image\":{\"@id\":\"https:\/\/hobby4geek.com\/#\/schema\/logo\/image\/\"},\"sameAs\":[\"https:\/\/www.facebook.com\/hobby4geek\",\"https:\/\/x.com\/hobby4geek\",\"https:\/\/www.instagram.com\/hobby4geek\/\"]}]}<\/script>\n<meta property=\"product:brand\" content=\"Masters of the Universe\" \/>\n<meta property=\"product:price:amount\" content=\"128.00\" \/>\n<meta property=\"product:price:currency\" content=\"EUR\" \/>\n<meta property=\"og:availability\" content=\"out of stock\" \/>\n<meta property=\"product:availability\" content=\"out of stock\" \/>\n<meta property=\"product:retailer_item_id\" content=\"0194735158232\" \/>\n<meta property=\"product:condition\" content=\"new\" \/>\n<!-- \/ Yoast SEO Premium plugin. -->","yoast_head_json":{"title":"Masters del Universo: Origins - Playset Snake Mountain","robots":{"index":"index","follow":"follow","max-snippet":"max-snippet:-1","max-image-preview":"max-image-preview:large","max-video-preview":"max-video-preview:-1"},"canonical":"https:\/\/hobby4geek.com\/es\/producto\/maestros-del-universo-origenes-playset-montana-de-serpientes\/","og_locale":"es_ES","og_type":"article","og_title":"Masters of the Universe: Origins - Playset Snake Mountain","og_description":"68.4 cm  From the Dark side of Eternia\u2122  The cage can move to the dungeon underneath the throne of Skeletor\u2122","og_url":"https:\/\/hobby4geek.com\/es\/producto\/maestros-del-universo-origenes-playset-montana-de-serpientes\/","og_site_name":"Hobby4Geek","article_publisher":"https:\/\/www.facebook.com\/hobby4geek","article_modified_time":"2024-11-20T07:07:43+00:00","og_image":[{"width":1000,"height":1000,"url":"https:\/\/hobby4geek.com\/wp-content\/uploads\/2023\/06\/masters-of-the-universe-origins-playset-snake-mountain-7.jpg","type":"image\/jpeg"}],"twitter_card":"summary_large_image","twitter_site":"@hobby4geek","schema":{"@context":"https:\/\/schema.org","@graph":[{"@type":"WebPage","@id":"https:\/\/hobby4geek.com\/product\/masters-of-the-universe-origins-playset-snake-mountain\/","url":"https:\/\/hobby4geek.com\/product\/masters-of-the-universe-origins-playset-snake-mountain\/","name":"Masters del Universo: Origins - Playset Snake Mountain","isPartOf":{"@id":"https:\/\/hobby4geek.com\/#website"},"primaryImageOfPage":{"@id":"https:\/\/hobby4geek.com\/product\/masters-of-the-universe-origins-playset-snake-mountain\/#primaryimage"},"image":{"@id":"https:\/\/hobby4geek.com\/product\/masters-of-the-universe-origins-playset-snake-mountain\/#primaryimage"},"thumbnailUrl":"https:\/\/hobby4geek.com\/wp-content\/uploads\/2023\/06\/masters-of-the-universe-origins-playset-snake-mountain-7.jpg","datePublished":"2023-09-29T19:23:16+00:00","dateModified":"2024-11-20T07:07:43+00:00","breadcrumb":{"@id":"https:\/\/hobby4geek.com\/product\/masters-of-the-universe-origins-playset-snake-mountain\/#breadcrumb"},"inLanguage":"es","potentialAction":[{"@type":"ReadAction","target":["https:\/\/hobby4geek.com\/product\/masters-of-the-universe-origins-playset-snake-mountain\/"]}]},{"@type":"ImageObject","inLanguage":"es","@id":"https:\/\/hobby4geek.com\/product\/masters-of-the-universe-origins-playset-snake-mountain\/#primaryimage","url":"https:\/\/hobby4geek.com\/wp-content\/uploads\/2023\/06\/masters-of-the-universe-origins-playset-snake-mountain-7.jpg","contentUrl":"https:\/\/hobby4geek.com\/wp-content\/uploads\/2023\/06\/masters-of-the-universe-origins-playset-snake-mountain-7.jpg","width":1000,"height":1000},{"@type":"BreadcrumbList","@id":"https:\/\/hobby4geek.com\/product\/masters-of-the-universe-origins-playset-snake-mountain\/#breadcrumb","itemListElement":[{"@type":"ListItem","position":1,"name":"Home","item":"https:\/\/hobby4geek.com\/"},{"@type":"ListItem","position":2,"name":"Shop","item":"https:\/\/hobby4geek.com\/shop\/"},{"@type":"ListItem","position":3,"name":"Masters of the Universe: Origins &#8211; Playset Snake Mountain"}]},{"@type":"WebSite","@id":"https:\/\/hobby4geek.com\/#website","url":"https:\/\/hobby4geek.com\/","name":"Hobby4Geek","description":"Coleccionar, jugar y exhibir, abrazar su frikismo","publisher":{"@id":"https:\/\/hobby4geek.com\/#organization"},"potentialAction":[{"@type":"SearchAction","target":{"@type":"EntryPoint","urlTemplate":"https:\/\/hobby4geek.com\/?s={search_term_string}"},"query-input":{"@type":"PropertyValueSpecification","valueRequired":true,"valueName":"search_term_string"}}],"inLanguage":"es"},{"@type":"Organization","@id":"https:\/\/hobby4geek.com\/#organization","name":"Hobby4Geek","url":"https:\/\/hobby4geek.com\/","logo":{"@type":"ImageObject","inLanguage":"es","@id":"https:\/\/hobby4geek.com\/#\/schema\/logo\/image\/","url":"https:\/\/hobby4geek.com\/wp-content\/uploads\/2023\/02\/default-kit.png","contentUrl":"https:\/\/hobby4geek.com\/wp-content\/uploads\/2023\/02\/default-kit.png","width":600,"height":600,"caption":"Hobby4Geek"},"image":{"@id":"https:\/\/hobby4geek.com\/#\/schema\/logo\/image\/"},"sameAs":["https:\/\/www.facebook.com\/hobby4geek","https:\/\/x.com\/hobby4geek","https:\/\/www.instagram.com\/hobby4geek\/"]}]},"product_brand":"Masters of the Universe","product_price_amount":"128.00","product_price_currency":"EUR","og_availability":"out of stock","product_availability":"out of stock","product_retailer_item_id":"0194735158232","product_condition":"new"},"_links":{"self":[{"href":"https:\/\/hobby4geek.com\/es\/wp-json\/wp\/v2\/product\/188839","targetHints":{"allow":["GET"]}}],"collection":[{"href":"https:\/\/hobby4geek.com\/es\/wp-json\/wp\/v2\/product"}],"about":[{"href":"https:\/\/hobby4geek.com\/es\/wp-json\/wp\/v2\/types\/product"}],"replies":[{"embeddable":true,"href":"https:\/\/hobby4geek.com\/es\/wp-json\/wp\/v2\/comments?post=188839"}],"version-history":[{"count":0,"href":"https:\/\/hobby4geek.com\/es\/wp-json\/wp\/v2\/product\/188839\/revisions"}],"wp:featuredmedia":[{"embeddable":true,"href":"https:\/\/hobby4geek.com\/es\/wp-json\/wp\/v2\/media\/188852"}],"wp:attachment":[{"href":"https:\/\/hobby4geek.com\/es\/wp-json\/wp\/v2\/media?parent=188839"}],"wp:term":[{"taxonomy":"product_brand","embeddable":true,"href":"https:\/\/hobby4geek.com\/es\/wp-json\/wp\/v2\/product_brand?post=188839"},{"taxonomy":"product_cat","embeddable":true,"href":"https:\/\/hobby4geek.com\/es\/wp-json\/wp\/v2\/product_cat?post=188839"},{"taxonomy":"product_tag","embeddable":true,"href":"https:\/\/hobby4geek.com\/es\/wp-json\/wp\/v2\/product_tag?post=188839"},{"taxonomy":"giftcard-category","embeddable":true,"href":"https:\/\/hobby4geek.com\/es\/wp-json\/wp\/v2\/giftcard-category?post=188839"}],"curies":[{"name":"wp","href":"https:\/\/api.w.org\/{rel}","templated":true}]}}