{"id":188786,"date":"2023-09-14T13:00:31","date_gmt":"2023-09-14T11:00:31","guid":{"rendered":"https:\/\/hobby4geek.com\/?post_type=product&#038;p=188786"},"modified":"2024-05-12T13:08:23","modified_gmt":"2024-05-12T12:08:23","slug":"transformers-rise-of-the-beasts-command-convert-animatronic-optimus-primal","status":"publish","type":"product","link":"https:\/\/hobby4geek.com\/es\/producto\/transformers-rise-of-the-beasts-command-convert-animatronic-optimus-primal\/","title":{"rendered":"Transformers: Rise of the Beasts Mando y Conversi\u00f3n Animatronic Optimus Primal"},"content":{"rendered":"<p>Prep\u00e1rate para entrar en acci\u00f3n con el juguete electr\u00f3nico Command &amp; Convert Optimus Primal. Optimus Primal se convierte en su poderoso modo gorila y protege la Tierra de cualquier amenaza como l\u00edder de los Maximals. Este juguete electr\u00f3nico cambia autom\u00e1ticamente entre los modos robot y gorila al o\u00edr tu voz. Activa m\u00e1s de 100 combinaciones de sonido y movimiento con la activaci\u00f3n por voz o pulsando un bot\u00f3n. El juguete gorila para ni\u00f1os y ni\u00f1as cuenta con detalles realistas de pelaje moldeado y viene con 2 accesorios de espada acoplables. Este juguete animatr\u00f3nico est\u00e1 dise\u00f1ado con detalles y deco inspirados en la \u00faltima superproducci\u00f3n Transformers,\u00a0<em>Transformers: Rise of the Beasts.<\/em><\/p>\n<p>Incluye figura, 2 accesorios e instrucciones.<\/p>\n<ul>\n<li>TRANSFORMERS OPTIMUS PRIMAL ANIMATRONIC: \u00a1Entra en acci\u00f3n con el juguete electr\u00f3nico Command &amp; Convert Animatronic Optimus Primal! El heroico l\u00edder Maximal se convierte como nunca con luces, sonidos y movimientos activados por voz.<\/li>\n<li>ANIMATR\u00d3NICO AUTO-CONVERTIBLE: el juguete animatr\u00f3nico Optimus Primal cambia autom\u00e1ticamente entre los modos robot y gorila al o\u00edr tu voz.<\/li>\n<li>M\u00c1S DE 100 COMBINACIONES: El juguete interactivo ofrece m\u00e1s de 100 combinaciones de sonidos y movimientos. Ordena al juguete Optimus Primal que hable, se golpee el pecho, golpee el suelo, ruja, \u00a1y mucho m\u00e1s! Pilas no incluidas<\/li>\n<li>DETALLES INSPIRADOS EN LAS PEL\u00cdCULAS: Presenta el s\u00edmbolo de Maximals brillante en el pecho y detalles realistas de pelaje moldeado. Viene con 2 accesorios de espada acoplables inspirados en Transformers Beast Wars Optimus Primal<\/li>\n<li><em>TRANSFORMADORES: RISE OF THE BEASTS:<\/em>\u00a0Esta figura de acci\u00f3n interactiva est\u00e1 inspirada en el l\u00edder Maximal de la \u00e9pica pel\u00edcula Transformers,\u00a0<em>Transformers: Rise of the Beasts<\/em>!<\/li>\n<\/ul>\n<p><iframe title=\"Transformers: Rise of the Beasts Comando y Conversi\u00f3n Optimus Primal | Demo\" width=\"800\" height=\"450\" src=\"https:\/\/www.youtube.com\/embed\/XGAkNgezbi8?feature=oembed\" frameborder=\"0\" allow=\"accelerometer; autoplay; clipboard-write; encrypted-media; gyroscope; picture-in-picture; web-share\" referrerpolicy=\"strict-origin-when-cross-origin\" allowfullscreen><\/iframe><\/p>","protected":false},"excerpt":{"rendered":"<ul>\n<li>32 cm<\/li>\n<li>Figura de acci\u00f3n interactiva<\/li>\n<li>Animatronic<\/li>\n<li>Combinaciones de sonido y movimiento<\/li>\n<li>Habla en ingl\u00e9s<\/li>\n<\/ul>","protected":false},"featured_media":188791,"comment_status":"open","ping_status":"closed","template":"","meta":{"inline_featured_image":false},"product_brand":[],"product_cat":[68,1955,1960],"product_tag":[1759,2212,335,2213,561,562,1956,1957,1975,204,1961,1962,2227,1910],"giftcard-category":[],"class_list":{"0":"post-188786","1":"product","2":"type-product","3":"status-publish","4":"has-post-thumbnail","6":"product_cat-hasbro","7":"product_cat-transformers","8":"product_cat-transformers-generations","9":"product_tag-action-toys","10":"product_tag-animatronic","11":"product_tag-hasbro","12":"product_tag-interactive-action-figure","13":"product_tag-maximal","14":"product_tag-optimus-primal","15":"product_tag-rise-of-the-beasts","16":"product_tag-rotb","17":"product_tag-toys-figures","18":"product_tag-transformers","19":"product_tag-transformers-authentic","20":"product_tag-transformers-generations","21":"product_tag-transformers-rise-of-the-beasts","22":"product_tag-voyager-class","23":"product_shipping_class-standard","25":"first","26":"outofstock","27":"taxable","28":"shipping-taxable","29":"purchasable","30":"product-type-simple","31":"add-to-wishlist-after_add_to_cart"},"yoast_head":"<!-- This site is optimized with the Yoast SEO Premium plugin v25.3.1 (Yoast SEO v27.4) - https:\/\/yoast.com\/product\/yoast-seo-premium-wordpress\/ -->\n<title>Transformers: Rise of the Beasts Command &amp; Convert Animatronic Optimus Primal<\/title>\n<meta name=\"robots\" content=\"index, follow, max-snippet:-1, max-image-preview:large, max-video-preview:-1\" \/>\n<link rel=\"canonical\" href=\"https:\/\/hobby4geek.com\/es\/producto\/transformers-rise-of-the-beasts-command-convert-animatronic-optimus-primal\/\" \/>\n<meta property=\"og:locale\" content=\"es_ES\" \/>\n<meta property=\"og:type\" content=\"article\" \/>\n<meta property=\"og:title\" content=\"Transformers: Rise of the Beasts Command &amp; Convert Animatronic Optimus Primal\" \/>\n<meta property=\"og:description\" content=\"32 cm  Interactive action figure  Animatronic  Sound and motion combinations  Speaks in English\" \/>\n<meta property=\"og:url\" content=\"https:\/\/hobby4geek.com\/es\/producto\/transformers-rise-of-the-beasts-command-convert-animatronic-optimus-primal\/\" \/>\n<meta property=\"og:site_name\" content=\"Hobby4Geek\" \/>\n<meta property=\"article:publisher\" content=\"https:\/\/www.facebook.com\/hobby4geek\" \/>\n<meta property=\"article:modified_time\" content=\"2024-05-12T12:08:23+00:00\" \/>\n<meta property=\"og:image\" content=\"https:\/\/hobby4geek.com\/wp-content\/uploads\/2023\/06\/transformers-rise-of-the-beasts-command-convert-animatronic-optimus-primal-5.webp\" \/>\n\t<meta property=\"og:image:width\" content=\"900\" \/>\n\t<meta property=\"og:image:height\" content=\"900\" \/>\n\t<meta property=\"og:image:type\" content=\"image\/webp\" \/>\n<meta name=\"twitter:card\" content=\"summary_large_image\" \/>\n<meta name=\"twitter:site\" content=\"@hobby4geek\" \/>\n<script type=\"application\/ld+json\" class=\"yoast-schema-graph\">{\"@context\":\"https:\\\/\\\/schema.org\",\"@graph\":[{\"@type\":\"WebPage\",\"@id\":\"https:\\\/\\\/hobby4geek.com\\\/fr\\\/produit\\\/transformers-rise-of-the-beasts-command-convert-animatronic-optimus-primal\\\/\",\"url\":\"https:\\\/\\\/hobby4geek.com\\\/fr\\\/produit\\\/transformers-rise-of-the-beasts-command-convert-animatronic-optimus-primal\\\/\",\"name\":\"Transformers: Rise of the Beasts Command & Convert Animatronic Optimus Primal\",\"isPartOf\":{\"@id\":\"https:\\\/\\\/hobby4geek.com\\\/#website\"},\"primaryImageOfPage\":{\"@id\":\"https:\\\/\\\/hobby4geek.com\\\/fr\\\/produit\\\/transformers-rise-of-the-beasts-command-convert-animatronic-optimus-primal\\\/#primaryimage\"},\"image\":{\"@id\":\"https:\\\/\\\/hobby4geek.com\\\/fr\\\/produit\\\/transformers-rise-of-the-beasts-command-convert-animatronic-optimus-primal\\\/#primaryimage\"},\"thumbnailUrl\":\"https:\\\/\\\/hobby4geek.com\\\/wp-content\\\/uploads\\\/2023\\\/06\\\/transformers-rise-of-the-beasts-command-convert-animatronic-optimus-primal-5.webp\",\"datePublished\":\"2023-09-14T11:00:31+00:00\",\"dateModified\":\"2024-05-12T12:08:23+00:00\",\"breadcrumb\":{\"@id\":\"https:\\\/\\\/hobby4geek.com\\\/fr\\\/produit\\\/transformers-rise-of-the-beasts-command-convert-animatronic-optimus-primal\\\/#breadcrumb\"},\"inLanguage\":\"es\",\"potentialAction\":[{\"@type\":\"ReadAction\",\"target\":[\"https:\\\/\\\/hobby4geek.com\\\/fr\\\/produit\\\/transformers-rise-of-the-beasts-command-convert-animatronic-optimus-primal\\\/\"]}]},{\"@type\":\"ImageObject\",\"inLanguage\":\"es\",\"@id\":\"https:\\\/\\\/hobby4geek.com\\\/fr\\\/produit\\\/transformers-rise-of-the-beasts-command-convert-animatronic-optimus-primal\\\/#primaryimage\",\"url\":\"https:\\\/\\\/hobby4geek.com\\\/wp-content\\\/uploads\\\/2023\\\/06\\\/transformers-rise-of-the-beasts-command-convert-animatronic-optimus-primal-5.webp\",\"contentUrl\":\"https:\\\/\\\/hobby4geek.com\\\/wp-content\\\/uploads\\\/2023\\\/06\\\/transformers-rise-of-the-beasts-command-convert-animatronic-optimus-primal-5.webp\",\"width\":900,\"height\":900},{\"@type\":\"BreadcrumbList\",\"@id\":\"https:\\\/\\\/hobby4geek.com\\\/fr\\\/produit\\\/transformers-rise-of-the-beasts-command-convert-animatronic-optimus-primal\\\/#breadcrumb\",\"itemListElement\":[{\"@type\":\"ListItem\",\"position\":1,\"name\":\"Home\",\"item\":\"https:\\\/\\\/hobby4geek.com\\\/\"},{\"@type\":\"ListItem\",\"position\":2,\"name\":\"Shop\",\"item\":\"https:\\\/\\\/hobby4geek.com\\\/shop\\\/\"},{\"@type\":\"ListItem\",\"position\":3,\"name\":\"Transformers: Rise of the Beasts Command &#038; Convert Animatronic Optimus Primal\"}]},{\"@type\":\"WebSite\",\"@id\":\"https:\\\/\\\/hobby4geek.com\\\/#website\",\"url\":\"https:\\\/\\\/hobby4geek.com\\\/\",\"name\":\"Hobby4Geek\",\"description\":\"Collect, Play &amp; Showcase, Embrace your Geekiness\",\"publisher\":{\"@id\":\"https:\\\/\\\/hobby4geek.com\\\/#organization\"},\"potentialAction\":[{\"@type\":\"SearchAction\",\"target\":{\"@type\":\"EntryPoint\",\"urlTemplate\":\"https:\\\/\\\/hobby4geek.com\\\/?s={search_term_string}\"},\"query-input\":{\"@type\":\"PropertyValueSpecification\",\"valueRequired\":true,\"valueName\":\"search_term_string\"}}],\"inLanguage\":\"es\"},{\"@type\":\"Organization\",\"@id\":\"https:\\\/\\\/hobby4geek.com\\\/#organization\",\"name\":\"Hobby4Geek\",\"url\":\"https:\\\/\\\/hobby4geek.com\\\/\",\"logo\":{\"@type\":\"ImageObject\",\"inLanguage\":\"es\",\"@id\":\"https:\\\/\\\/hobby4geek.com\\\/#\\\/schema\\\/logo\\\/image\\\/\",\"url\":\"https:\\\/\\\/hobby4geek.com\\\/wp-content\\\/uploads\\\/2023\\\/02\\\/default-kit.png\",\"contentUrl\":\"https:\\\/\\\/hobby4geek.com\\\/wp-content\\\/uploads\\\/2023\\\/02\\\/default-kit.png\",\"width\":600,\"height\":600,\"caption\":\"Hobby4Geek\"},\"image\":{\"@id\":\"https:\\\/\\\/hobby4geek.com\\\/#\\\/schema\\\/logo\\\/image\\\/\"},\"sameAs\":[\"https:\\\/\\\/www.facebook.com\\\/hobby4geek\",\"https:\\\/\\\/x.com\\\/hobby4geek\",\"https:\\\/\\\/www.instagram.com\\\/hobby4geek\\\/\"]}]}<\/script>\n<meta property=\"product:brand\" content=\"Hasbro\" \/>\n<meta property=\"product:price:amount\" content=\"109.00\" \/>\n<meta property=\"product:price:currency\" content=\"EUR\" \/>\n<meta property=\"og:availability\" content=\"out of stock\" \/>\n<meta property=\"product:availability\" content=\"out of stock\" \/>\n<meta property=\"product:retailer_item_id\" content=\"5010994118860\" \/>\n<meta property=\"product:condition\" content=\"new\" \/>\n<!-- \/ Yoast SEO Premium plugin. -->","yoast_head_json":{"title":"Transformers: Rise of the Beasts Mando y Conversi\u00f3n Animatronic Optimus Primal","robots":{"index":"index","follow":"follow","max-snippet":"max-snippet:-1","max-image-preview":"max-image-preview:large","max-video-preview":"max-video-preview:-1"},"canonical":"https:\/\/hobby4geek.com\/es\/producto\/transformers-rise-of-the-beasts-command-convert-animatronic-optimus-primal\/","og_locale":"es_ES","og_type":"article","og_title":"Transformers: Rise of the Beasts Command & Convert Animatronic Optimus Primal","og_description":"32 cm  Interactive action figure  Animatronic  Sound and motion combinations  Speaks in English","og_url":"https:\/\/hobby4geek.com\/es\/producto\/transformers-rise-of-the-beasts-command-convert-animatronic-optimus-primal\/","og_site_name":"Hobby4Geek","article_publisher":"https:\/\/www.facebook.com\/hobby4geek","article_modified_time":"2024-05-12T12:08:23+00:00","og_image":[{"width":900,"height":900,"url":"https:\/\/hobby4geek.com\/wp-content\/uploads\/2023\/06\/transformers-rise-of-the-beasts-command-convert-animatronic-optimus-primal-5.webp","type":"image\/webp"}],"twitter_card":"summary_large_image","twitter_site":"@hobby4geek","schema":{"@context":"https:\/\/schema.org","@graph":[{"@type":"WebPage","@id":"https:\/\/hobby4geek.com\/fr\/produit\/transformers-rise-of-the-beasts-command-convert-animatronic-optimus-primal\/","url":"https:\/\/hobby4geek.com\/fr\/produit\/transformers-rise-of-the-beasts-command-convert-animatronic-optimus-primal\/","name":"Transformers: Rise of the Beasts Mando y Conversi\u00f3n Animatronic Optimus Primal","isPartOf":{"@id":"https:\/\/hobby4geek.com\/#website"},"primaryImageOfPage":{"@id":"https:\/\/hobby4geek.com\/fr\/produit\/transformers-rise-of-the-beasts-command-convert-animatronic-optimus-primal\/#primaryimage"},"image":{"@id":"https:\/\/hobby4geek.com\/fr\/produit\/transformers-rise-of-the-beasts-command-convert-animatronic-optimus-primal\/#primaryimage"},"thumbnailUrl":"https:\/\/hobby4geek.com\/wp-content\/uploads\/2023\/06\/transformers-rise-of-the-beasts-command-convert-animatronic-optimus-primal-5.webp","datePublished":"2023-09-14T11:00:31+00:00","dateModified":"2024-05-12T12:08:23+00:00","breadcrumb":{"@id":"https:\/\/hobby4geek.com\/fr\/produit\/transformers-rise-of-the-beasts-command-convert-animatronic-optimus-primal\/#breadcrumb"},"inLanguage":"es","potentialAction":[{"@type":"ReadAction","target":["https:\/\/hobby4geek.com\/fr\/produit\/transformers-rise-of-the-beasts-command-convert-animatronic-optimus-primal\/"]}]},{"@type":"ImageObject","inLanguage":"es","@id":"https:\/\/hobby4geek.com\/fr\/produit\/transformers-rise-of-the-beasts-command-convert-animatronic-optimus-primal\/#primaryimage","url":"https:\/\/hobby4geek.com\/wp-content\/uploads\/2023\/06\/transformers-rise-of-the-beasts-command-convert-animatronic-optimus-primal-5.webp","contentUrl":"https:\/\/hobby4geek.com\/wp-content\/uploads\/2023\/06\/transformers-rise-of-the-beasts-command-convert-animatronic-optimus-primal-5.webp","width":900,"height":900},{"@type":"BreadcrumbList","@id":"https:\/\/hobby4geek.com\/fr\/produit\/transformers-rise-of-the-beasts-command-convert-animatronic-optimus-primal\/#breadcrumb","itemListElement":[{"@type":"ListItem","position":1,"name":"Home","item":"https:\/\/hobby4geek.com\/"},{"@type":"ListItem","position":2,"name":"Shop","item":"https:\/\/hobby4geek.com\/shop\/"},{"@type":"ListItem","position":3,"name":"Transformers: Rise of the Beasts Command &#038; Convert Animatronic Optimus Primal"}]},{"@type":"WebSite","@id":"https:\/\/hobby4geek.com\/#website","url":"https:\/\/hobby4geek.com\/","name":"Hobby4Geek","description":"Coleccionar, jugar y exhibir, abrazar su frikismo","publisher":{"@id":"https:\/\/hobby4geek.com\/#organization"},"potentialAction":[{"@type":"SearchAction","target":{"@type":"EntryPoint","urlTemplate":"https:\/\/hobby4geek.com\/?s={search_term_string}"},"query-input":{"@type":"PropertyValueSpecification","valueRequired":true,"valueName":"search_term_string"}}],"inLanguage":"es"},{"@type":"Organization","@id":"https:\/\/hobby4geek.com\/#organization","name":"Hobby4Geek","url":"https:\/\/hobby4geek.com\/","logo":{"@type":"ImageObject","inLanguage":"es","@id":"https:\/\/hobby4geek.com\/#\/schema\/logo\/image\/","url":"https:\/\/hobby4geek.com\/wp-content\/uploads\/2023\/02\/default-kit.png","contentUrl":"https:\/\/hobby4geek.com\/wp-content\/uploads\/2023\/02\/default-kit.png","width":600,"height":600,"caption":"Hobby4Geek"},"image":{"@id":"https:\/\/hobby4geek.com\/#\/schema\/logo\/image\/"},"sameAs":["https:\/\/www.facebook.com\/hobby4geek","https:\/\/x.com\/hobby4geek","https:\/\/www.instagram.com\/hobby4geek\/"]}]},"product_brand":"Hasbro","product_price_amount":"109.00","product_price_currency":"EUR","og_availability":"out of stock","product_availability":"out of stock","product_retailer_item_id":"5010994118860","product_condition":"new"},"_links":{"self":[{"href":"https:\/\/hobby4geek.com\/es\/wp-json\/wp\/v2\/product\/188786","targetHints":{"allow":["GET"]}}],"collection":[{"href":"https:\/\/hobby4geek.com\/es\/wp-json\/wp\/v2\/product"}],"about":[{"href":"https:\/\/hobby4geek.com\/es\/wp-json\/wp\/v2\/types\/product"}],"replies":[{"embeddable":true,"href":"https:\/\/hobby4geek.com\/es\/wp-json\/wp\/v2\/comments?post=188786"}],"version-history":[{"count":0,"href":"https:\/\/hobby4geek.com\/es\/wp-json\/wp\/v2\/product\/188786\/revisions"}],"wp:featuredmedia":[{"embeddable":true,"href":"https:\/\/hobby4geek.com\/es\/wp-json\/wp\/v2\/media\/188791"}],"wp:attachment":[{"href":"https:\/\/hobby4geek.com\/es\/wp-json\/wp\/v2\/media?parent=188786"}],"wp:term":[{"taxonomy":"product_brand","embeddable":true,"href":"https:\/\/hobby4geek.com\/es\/wp-json\/wp\/v2\/product_brand?post=188786"},{"taxonomy":"product_cat","embeddable":true,"href":"https:\/\/hobby4geek.com\/es\/wp-json\/wp\/v2\/product_cat?post=188786"},{"taxonomy":"product_tag","embeddable":true,"href":"https:\/\/hobby4geek.com\/es\/wp-json\/wp\/v2\/product_tag?post=188786"},{"taxonomy":"giftcard-category","embeddable":true,"href":"https:\/\/hobby4geek.com\/es\/wp-json\/wp\/v2\/giftcard-category?post=188786"}],"curies":[{"name":"wp","href":"https:\/\/api.w.org\/{rel}","templated":true}]}}