{"id":188778,"date":"2023-06-01T23:08:03","date_gmt":"2023-06-01T21:08:03","guid":{"rendered":"https:\/\/hobby4geek.com\/?post_type=product&#038;p=188778"},"modified":"2024-05-12T13:31:13","modified_gmt":"2024-05-12T12:31:13","slug":"transformers-dark-of-the-moon-studio-series-core-class-bumblebee","status":"publish","type":"product","link":"https:\/\/hobby4geek.com\/es\/producto\/transformers-dark-of-the-moon-studio-series-core-class-bumblebee\/","title":{"rendered":"Transformers: Dark of The Moon - Studio Series - Core Class Bumblebee"},"content":{"rendered":"<p>\u00a1Lleva la \u00e9pica acci\u00f3n de las pel\u00edculas Transformers de la gran pantalla a tu colecci\u00f3n con la figura de acci\u00f3n Transformers Studio Series Bumblebee!<\/p>\n<p>Los juguetes Studio Series Transformers son figuras de acci\u00f3n coleccionables para ni\u00f1os y ni\u00f1as de 8 a\u00f1os que cuentan con detalles y accesorios inspirados en las pel\u00edculas. Convierte la figura de acci\u00f3n coleccionable de robot a modo Camaro con licencia en 15 pasos y posa el juguete Bumblebee con el accesorio blaster incluido.<\/p>\n<ul>\n<li>TRANSFORMERS STUDIO SERIES CORE CLASS: Estas figuras de acci\u00f3n coleccionables de 3,5 pulgadas para ni\u00f1os y ni\u00f1as est\u00e1n inspiradas en escenas ic\u00f3nicas de las pel\u00edculas y dise\u00f1adas con detalles que reflejan el universo cinematogr\u00e1fico de Transformers.<\/li>\n<li>JUGUETE BUMBLEBEE A ESCALA DE 3,5 PULGADAS: la figura de acci\u00f3n Transformers Studio Series Bumblebee est\u00e1 muy articulada para facilitar su colocaci\u00f3n y cuenta con detalles y decoraci\u00f3n inspirados en la pel\u00edcula.<\/li>\n<li>2 MODOS IC\u00d3NICOS: esta figura de acci\u00f3n ofrece la conversi\u00f3n cl\u00e1sica entre los modos robot y Camaro con licencia en 15 pasos.<\/li>\n<li>ACCESORIOS INCRE\u00cdBLES: La figura Transformers viene con un accesorio blaster que se acopla a la figura Bumblebee en ambos modos<\/li>\n<li>REGALOS PARA NI\u00d1OS Y NI\u00d1AS: los juguetes Transformers son estupendos regalos para ni\u00f1os y ni\u00f1as a partir de 8 a\u00f1os.<\/li>\n<\/ul>\n<ul>\n<li>8,9 cm<\/li>\n<li>Clase N\u00facleo<\/li>\n<li>Tranformar en 15 pasos<\/li>\n<li>Accesorio Blaster<\/li>\n<\/ul>","protected":false},"excerpt":{"rendered":"<ul>\n<li>8,9 cm<\/li>\n<li>Clase N\u00facleo<\/li>\n<li>Tranformar en 15 pasos<\/li>\n<li>Accesorio Blaster<\/li>\n<\/ul>","protected":false},"featured_media":188783,"comment_status":"open","ping_status":"closed","template":"","meta":{"inline_featured_image":false},"product_brand":[],"product_cat":[1955,68,69,1960],"product_tag":[1759,224,2109,647,335,240,203,1975,204,913,1961,1962,1994],"giftcard-category":[],"class_list":{"0":"post-188778","1":"product","2":"type-product","3":"status-publish","4":"has-post-thumbnail","6":"product_cat-transformers","7":"product_cat-hasbro","8":"product_cat-takara-tomy","9":"product_cat-transformers-generations","10":"product_tag-action-toys","11":"product_tag-bumblebee","12":"product_tag-core-class","13":"product_tag-dotm","14":"product_tag-hasbro","15":"product_tag-studio-series","16":"product_tag-takara-tomy","17":"product_tag-toys-figures","18":"product_tag-transformers","19":"product_tag-transformers-dark-of-the-moon","20":"product_tag-transformers-authentic","21":"product_tag-transformers-generations","22":"product_tag-transformers-studio-series","23":"product_shipping_class-light","25":"first","26":"outofstock","27":"taxable","28":"shipping-taxable","29":"purchasable","30":"product-type-simple","31":"add-to-wishlist-after_add_to_cart"},"yoast_head":"<!-- This site is optimized with the Yoast SEO Premium plugin v25.3.1 (Yoast SEO v27.2) - https:\/\/yoast.com\/product\/yoast-seo-premium-wordpress\/ -->\n<title>Transformers: Dark of The Moon - Studio Series - Core Class Bumblebee<\/title>\n<meta name=\"robots\" content=\"index, follow, max-snippet:-1, max-image-preview:large, max-video-preview:-1\" \/>\n<link rel=\"canonical\" href=\"https:\/\/hobby4geek.com\/es\/producto\/transformers-dark-of-the-moon-studio-series-core-class-bumblebee\/\" \/>\n<meta property=\"og:locale\" content=\"es_ES\" \/>\n<meta property=\"og:type\" content=\"article\" \/>\n<meta property=\"og:title\" content=\"Transformers: Dark of The Moon - Studio Series - Core Class Bumblebee\" \/>\n<meta property=\"og:description\" content=\"8,9 cm  Core Class  Tranform in 15 steps  Blaster accessory\" \/>\n<meta property=\"og:url\" content=\"https:\/\/hobby4geek.com\/es\/producto\/transformers-dark-of-the-moon-studio-series-core-class-bumblebee\/\" \/>\n<meta property=\"og:site_name\" content=\"Hobby4Geek\" \/>\n<meta property=\"article:publisher\" content=\"https:\/\/www.facebook.com\/hobby4geek\" \/>\n<meta property=\"article:modified_time\" content=\"2024-05-12T12:31:13+00:00\" \/>\n<meta property=\"og:image\" content=\"https:\/\/hobby4geek.com\/wp-content\/uploads\/2023\/06\/transformers-dark-of-the-moon-studio-series-core-class-bumblebee-5.jpg\" \/>\n\t<meta property=\"og:image:width\" content=\"1920\" \/>\n\t<meta property=\"og:image:height\" content=\"1920\" \/>\n\t<meta property=\"og:image:type\" content=\"image\/jpeg\" \/>\n<meta name=\"twitter:card\" content=\"summary_large_image\" \/>\n<meta name=\"twitter:site\" content=\"@hobby4geek\" \/>\n<script type=\"application\/ld+json\" class=\"yoast-schema-graph\">{\"@context\":\"https:\/\/schema.org\",\"@graph\":[{\"@type\":\"WebPage\",\"@id\":\"https:\/\/hobby4geek.com\/es\/producto\/transformers-dark-of-the-moon-studio-series-core-class-bumblebee\/\",\"url\":\"https:\/\/hobby4geek.com\/es\/producto\/transformers-dark-of-the-moon-studio-series-core-class-bumblebee\/\",\"name\":\"Transformers: Dark of The Moon - Studio Series - Core Class Bumblebee\",\"isPartOf\":{\"@id\":\"https:\/\/hobby4geek.com\/#website\"},\"primaryImageOfPage\":{\"@id\":\"https:\/\/hobby4geek.com\/es\/producto\/transformers-dark-of-the-moon-studio-series-core-class-bumblebee\/#primaryimage\"},\"image\":{\"@id\":\"https:\/\/hobby4geek.com\/es\/producto\/transformers-dark-of-the-moon-studio-series-core-class-bumblebee\/#primaryimage\"},\"thumbnailUrl\":\"https:\/\/hobby4geek.com\/wp-content\/uploads\/2023\/06\/transformers-dark-of-the-moon-studio-series-core-class-bumblebee-5.jpg\",\"datePublished\":\"2023-06-01T21:08:03+00:00\",\"dateModified\":\"2024-05-12T12:31:13+00:00\",\"breadcrumb\":{\"@id\":\"https:\/\/hobby4geek.com\/es\/producto\/transformers-dark-of-the-moon-studio-series-core-class-bumblebee\/#breadcrumb\"},\"inLanguage\":\"es\",\"potentialAction\":[{\"@type\":\"ReadAction\",\"target\":[\"https:\/\/hobby4geek.com\/es\/producto\/transformers-dark-of-the-moon-studio-series-core-class-bumblebee\/\"]}]},{\"@type\":\"ImageObject\",\"inLanguage\":\"es\",\"@id\":\"https:\/\/hobby4geek.com\/es\/producto\/transformers-dark-of-the-moon-studio-series-core-class-bumblebee\/#primaryimage\",\"url\":\"https:\/\/hobby4geek.com\/wp-content\/uploads\/2023\/06\/transformers-dark-of-the-moon-studio-series-core-class-bumblebee-5.jpg\",\"contentUrl\":\"https:\/\/hobby4geek.com\/wp-content\/uploads\/2023\/06\/transformers-dark-of-the-moon-studio-series-core-class-bumblebee-5.jpg\",\"width\":1920,\"height\":1920},{\"@type\":\"BreadcrumbList\",\"@id\":\"https:\/\/hobby4geek.com\/es\/producto\/transformers-dark-of-the-moon-studio-series-core-class-bumblebee\/#breadcrumb\",\"itemListElement\":[{\"@type\":\"ListItem\",\"position\":1,\"name\":\"Home\",\"item\":\"https:\/\/hobby4geek.com\/\"},{\"@type\":\"ListItem\",\"position\":2,\"name\":\"Shop\",\"item\":\"https:\/\/hobby4geek.com\/shop\/\"},{\"@type\":\"ListItem\",\"position\":3,\"name\":\"Transformers: Dark of The Moon &#8211; Studio Series &#8211; Core Class Bumblebee\"}]},{\"@type\":\"WebSite\",\"@id\":\"https:\/\/hobby4geek.com\/#website\",\"url\":\"https:\/\/hobby4geek.com\/\",\"name\":\"Hobby4Geek\",\"description\":\"Collect, Play &amp; Showcase, Embrace your Geekiness\",\"publisher\":{\"@id\":\"https:\/\/hobby4geek.com\/#organization\"},\"potentialAction\":[{\"@type\":\"SearchAction\",\"target\":{\"@type\":\"EntryPoint\",\"urlTemplate\":\"https:\/\/hobby4geek.com\/?s={search_term_string}\"},\"query-input\":{\"@type\":\"PropertyValueSpecification\",\"valueRequired\":true,\"valueName\":\"search_term_string\"}}],\"inLanguage\":\"es\"},{\"@type\":\"Organization\",\"@id\":\"https:\/\/hobby4geek.com\/#organization\",\"name\":\"Hobby4Geek\",\"url\":\"https:\/\/hobby4geek.com\/\",\"logo\":{\"@type\":\"ImageObject\",\"inLanguage\":\"es\",\"@id\":\"https:\/\/hobby4geek.com\/#\/schema\/logo\/image\/\",\"url\":\"https:\/\/hobby4geek.com\/wp-content\/uploads\/2023\/02\/default-kit.png\",\"contentUrl\":\"https:\/\/hobby4geek.com\/wp-content\/uploads\/2023\/02\/default-kit.png\",\"width\":600,\"height\":600,\"caption\":\"Hobby4Geek\"},\"image\":{\"@id\":\"https:\/\/hobby4geek.com\/#\/schema\/logo\/image\/\"},\"sameAs\":[\"https:\/\/www.facebook.com\/hobby4geek\",\"https:\/\/x.com\/hobby4geek\",\"https:\/\/www.instagram.com\/hobby4geek\/\"]}]}<\/script>\n<meta property=\"product:brand\" content=\"Transformers\" \/>\n<meta property=\"product:price:amount\" content=\"14.80\" \/>\n<meta property=\"product:price:currency\" content=\"EUR\" \/>\n<meta property=\"og:availability\" content=\"out of stock\" \/>\n<meta property=\"product:availability\" content=\"out of stock\" \/>\n<meta property=\"product:retailer_item_id\" content=\"5010996145741\" \/>\n<meta property=\"product:condition\" content=\"new\" \/>\n<!-- \/ Yoast SEO Premium plugin. -->","yoast_head_json":{"title":"Transformers: Dark of The Moon - Studio Series - Core Class Bumblebee","robots":{"index":"index","follow":"follow","max-snippet":"max-snippet:-1","max-image-preview":"max-image-preview:large","max-video-preview":"max-video-preview:-1"},"canonical":"https:\/\/hobby4geek.com\/es\/producto\/transformers-dark-of-the-moon-studio-series-core-class-bumblebee\/","og_locale":"es_ES","og_type":"article","og_title":"Transformers: Dark of The Moon - Studio Series - Core Class Bumblebee","og_description":"8,9 cm  Core Class  Tranform in 15 steps  Blaster accessory","og_url":"https:\/\/hobby4geek.com\/es\/producto\/transformers-dark-of-the-moon-studio-series-core-class-bumblebee\/","og_site_name":"Hobby4Geek","article_publisher":"https:\/\/www.facebook.com\/hobby4geek","article_modified_time":"2024-05-12T12:31:13+00:00","og_image":[{"width":1920,"height":1920,"url":"https:\/\/hobby4geek.com\/wp-content\/uploads\/2023\/06\/transformers-dark-of-the-moon-studio-series-core-class-bumblebee-5.jpg","type":"image\/jpeg"}],"twitter_card":"summary_large_image","twitter_site":"@hobby4geek","schema":{"@context":"https:\/\/schema.org","@graph":[{"@type":"WebPage","@id":"https:\/\/hobby4geek.com\/es\/producto\/transformers-dark-of-the-moon-studio-series-core-class-bumblebee\/","url":"https:\/\/hobby4geek.com\/es\/producto\/transformers-dark-of-the-moon-studio-series-core-class-bumblebee\/","name":"Transformers: Dark of The Moon - Studio Series - Core Class Bumblebee","isPartOf":{"@id":"https:\/\/hobby4geek.com\/#website"},"primaryImageOfPage":{"@id":"https:\/\/hobby4geek.com\/es\/producto\/transformers-dark-of-the-moon-studio-series-core-class-bumblebee\/#primaryimage"},"image":{"@id":"https:\/\/hobby4geek.com\/es\/producto\/transformers-dark-of-the-moon-studio-series-core-class-bumblebee\/#primaryimage"},"thumbnailUrl":"https:\/\/hobby4geek.com\/wp-content\/uploads\/2023\/06\/transformers-dark-of-the-moon-studio-series-core-class-bumblebee-5.jpg","datePublished":"2023-06-01T21:08:03+00:00","dateModified":"2024-05-12T12:31:13+00:00","breadcrumb":{"@id":"https:\/\/hobby4geek.com\/es\/producto\/transformers-dark-of-the-moon-studio-series-core-class-bumblebee\/#breadcrumb"},"inLanguage":"es","potentialAction":[{"@type":"ReadAction","target":["https:\/\/hobby4geek.com\/es\/producto\/transformers-dark-of-the-moon-studio-series-core-class-bumblebee\/"]}]},{"@type":"ImageObject","inLanguage":"es","@id":"https:\/\/hobby4geek.com\/es\/producto\/transformers-dark-of-the-moon-studio-series-core-class-bumblebee\/#primaryimage","url":"https:\/\/hobby4geek.com\/wp-content\/uploads\/2023\/06\/transformers-dark-of-the-moon-studio-series-core-class-bumblebee-5.jpg","contentUrl":"https:\/\/hobby4geek.com\/wp-content\/uploads\/2023\/06\/transformers-dark-of-the-moon-studio-series-core-class-bumblebee-5.jpg","width":1920,"height":1920},{"@type":"BreadcrumbList","@id":"https:\/\/hobby4geek.com\/es\/producto\/transformers-dark-of-the-moon-studio-series-core-class-bumblebee\/#breadcrumb","itemListElement":[{"@type":"ListItem","position":1,"name":"Home","item":"https:\/\/hobby4geek.com\/"},{"@type":"ListItem","position":2,"name":"Shop","item":"https:\/\/hobby4geek.com\/shop\/"},{"@type":"ListItem","position":3,"name":"Transformers: Dark of The Moon &#8211; Studio Series &#8211; Core Class Bumblebee"}]},{"@type":"WebSite","@id":"https:\/\/hobby4geek.com\/#website","url":"https:\/\/hobby4geek.com\/","name":"Hobby4Geek","description":"Coleccionar, jugar y exhibir, abrazar su frikismo","publisher":{"@id":"https:\/\/hobby4geek.com\/#organization"},"potentialAction":[{"@type":"SearchAction","target":{"@type":"EntryPoint","urlTemplate":"https:\/\/hobby4geek.com\/?s={search_term_string}"},"query-input":{"@type":"PropertyValueSpecification","valueRequired":true,"valueName":"search_term_string"}}],"inLanguage":"es"},{"@type":"Organization","@id":"https:\/\/hobby4geek.com\/#organization","name":"Hobby4Geek","url":"https:\/\/hobby4geek.com\/","logo":{"@type":"ImageObject","inLanguage":"es","@id":"https:\/\/hobby4geek.com\/#\/schema\/logo\/image\/","url":"https:\/\/hobby4geek.com\/wp-content\/uploads\/2023\/02\/default-kit.png","contentUrl":"https:\/\/hobby4geek.com\/wp-content\/uploads\/2023\/02\/default-kit.png","width":600,"height":600,"caption":"Hobby4Geek"},"image":{"@id":"https:\/\/hobby4geek.com\/#\/schema\/logo\/image\/"},"sameAs":["https:\/\/www.facebook.com\/hobby4geek","https:\/\/x.com\/hobby4geek","https:\/\/www.instagram.com\/hobby4geek\/"]}]},"product_brand":"Transformers","product_price_amount":"14.80","product_price_currency":"EUR","og_availability":"out of stock","product_availability":"out of stock","product_retailer_item_id":"5010996145741","product_condition":"new"},"_links":{"self":[{"href":"https:\/\/hobby4geek.com\/es\/wp-json\/wp\/v2\/product\/188778","targetHints":{"allow":["GET"]}}],"collection":[{"href":"https:\/\/hobby4geek.com\/es\/wp-json\/wp\/v2\/product"}],"about":[{"href":"https:\/\/hobby4geek.com\/es\/wp-json\/wp\/v2\/types\/product"}],"replies":[{"embeddable":true,"href":"https:\/\/hobby4geek.com\/es\/wp-json\/wp\/v2\/comments?post=188778"}],"version-history":[{"count":0,"href":"https:\/\/hobby4geek.com\/es\/wp-json\/wp\/v2\/product\/188778\/revisions"}],"wp:featuredmedia":[{"embeddable":true,"href":"https:\/\/hobby4geek.com\/es\/wp-json\/wp\/v2\/media\/188783"}],"wp:attachment":[{"href":"https:\/\/hobby4geek.com\/es\/wp-json\/wp\/v2\/media?parent=188778"}],"wp:term":[{"taxonomy":"product_brand","embeddable":true,"href":"https:\/\/hobby4geek.com\/es\/wp-json\/wp\/v2\/product_brand?post=188778"},{"taxonomy":"product_cat","embeddable":true,"href":"https:\/\/hobby4geek.com\/es\/wp-json\/wp\/v2\/product_cat?post=188778"},{"taxonomy":"product_tag","embeddable":true,"href":"https:\/\/hobby4geek.com\/es\/wp-json\/wp\/v2\/product_tag?post=188778"},{"taxonomy":"giftcard-category","embeddable":true,"href":"https:\/\/hobby4geek.com\/es\/wp-json\/wp\/v2\/giftcard-category?post=188778"}],"curies":[{"name":"wp","href":"https:\/\/api.w.org\/{rel}","templated":true}]}}