{"id":188204,"date":"2024-01-23T01:58:58","date_gmt":"2024-01-23T00:58:58","guid":{"rendered":"https:\/\/hobby4geek.com\/?post_type=product&#038;p=188204"},"modified":"2024-07-16T11:56:04","modified_gmt":"2024-07-16T10:56:04","slug":"threezero-transformers-bumblebee-dlx-arcee","status":"publish","type":"product","link":"https:\/\/hobby4geek.com\/es\/producto\/threezero-transformers-bumblebee-dlx-arcee\/","title":{"rendered":"ThreeZero - Transformers: Bumblebee DLX Arcee"},"content":{"rendered":"<p>Hasbro y threezero se complacen en presentar a Arcee, la Autobot femenina de la pel\u00edcula Transformers: Bumblebee, como la pr\u00f3xima figura de la serie de figuras articuladas coleccionables Transformers DLX.<\/p>\n<p>Con 20,3 cm de altura, la figura coleccionable Transformers Bumblebee DLX Arcee cuenta con aproximadamente 60 puntos de articulaci\u00f3n, una estructura de metal fundido y ojos iluminados por LED. Los accesorios incluyen un par de bl\u00e1sters, cuatro pares de manos intercambiables y un soporte de acci\u00f3n DLX para poses m\u00e1s din\u00e1micas.<\/p>\n<p>Las figuras coleccionables DLX presentan intrincados dise\u00f1os Transformers a menor escala con un valor de producci\u00f3n de alta fidelidad. Con su exclusivo dise\u00f1o de armaz\u00f3n de metal fundido a presi\u00f3n, DLX no s\u00f3lo proporciona una avanzada gama de articulaciones, sino que tambi\u00e9n mejora enormemente el peso y la durabilidad. Junto con la aplicaci\u00f3n de pintura detallada y envejecida de threezero, se consigue un parecido notable al igualar a los personajes tal y como se ven en los medios originales.<\/p>\n<p>TRANSFORMERS y todos los personajes relacionados son marcas registradas de Hasbro y se utilizan con permiso. \u00a92023 Hasbro. Todos los derechos reservados. 2023 Paramount Pictures Corporation. Todos los derechos reservados. Con licencia de Hasbro.<\/p>\n<ul>\n<li>Con licencia oficial de Hasbro y TakaraTomy<\/li>\n<li>Aproximadamente 20,3 cm de alto<\/li>\n<li>Aproximadamente 60 puntos de articulaci\u00f3n<\/li>\n<li>Aplicaci\u00f3n de pintura detallada y desgastada<\/li>\n<li>Armaz\u00f3n de metal fundido a presi\u00f3n<\/li>\n<li>LED en los ojos<\/li>\n<\/ul>\n<p><strong>Accesorios:<\/strong><\/p>\n<ul>\n<li>Un (1) par de blasters<\/li>\n<li>Cuatro (4) pares de manos intercambiables: un (1) par de pu\u00f1os, un (1) par de manos relajadas, un (1) par de manos de acci\u00f3n y un (1) par de manos para sujetar el blaster.<\/li>\n<li>Un (1) soporte de acci\u00f3n DLX<\/li>\n<\/ul>\n<p><strong>Observaciones<br \/>\n<\/strong>*Las funciones LED requieren pilas AG13 x2 (pilas no incluidas)<\/p>\n<p><strong>Materiales<br \/>\n<\/strong>Aleaci\u00f3n de zinc fundido a presi\u00f3n, PVC, ABS, POM y piezas met\u00e1licas<\/p>","protected":false},"excerpt":{"rendered":"<ul>\n<li>Con licencia oficial de Hasbro y TakaraTomy<\/li>\n<li>Aproximadamente 20,3 cm de alto<\/li>\n<li>Aproximadamente 60 puntos de articulaci\u00f3n<\/li>\n<li>Aplicaci\u00f3n de pintura detallada y desgastada<\/li>\n<li>Armaz\u00f3n de metal fundido a presi\u00f3n<\/li>\n<li>LED en los ojos<\/li>\n<\/ul>\n<p><strong>Accesorios:<\/strong><\/p>\n<ul>\n<li>Un (1) par de blasters<\/li>\n<li>Cuatro (4) pares de manos intercambiables: un (1) par de pu\u00f1os, un (1) par de manos relajadas, un (1) par de manos de acci\u00f3n y un (1) par de manos para sujetar el blaster.<\/li>\n<li>Un (1) soporte de acci\u00f3n DLX<\/li>\n<\/ul>\n<p><strong>Observaciones<br \/>\n<\/strong>*Las funciones LED requieren pilas AG13 x2 (pilas no incluidas)<\/p>\n<p><strong>Materiales<br \/>\n<\/strong>Aleaci\u00f3n de zinc fundido a presi\u00f3n, PVC, ABS, POM y piezas met\u00e1licas<\/p>","protected":false},"featured_media":188220,"comment_status":"open","ping_status":"closed","template":"","meta":{"inline_featured_image":false},"product_brand":[],"product_cat":[68,90,1955],"product_tag":[332,665,224,1976,221,333,334,335,1936,265,337,770,204,538,2453,235],"giftcard-category":[],"class_list":{"0":"post-188204","1":"product","2":"type-product","3":"status-publish","4":"has-post-thumbnail","6":"product_cat-hasbro","7":"product_cat-threezero","8":"product_cat-transformers","9":"product_tag-3a","10":"product_tag-arcee","11":"product_tag-bumblebee","12":"product_tag-collector-figures","13":"product_tag-decepticon","14":"product_tag-dlx-collectible-series","15":"product_tag-film","16":"product_tag-hasbro","17":"product_tag-models-co","18":"product_tag-pre-orders","19":"product_tag-threea","20":"product_tag-threezero","21":"product_tag-transformers","22":"product_tag-transformers-bumblebee-movie","23":"product_tag-transformers-x-threezero","24":"product_tag-transformers-bumblebee","25":"product_shipping_class-medium","27":"first","28":"outofstock","29":"taxable","30":"shipping-taxable","31":"purchasable","32":"product-type-simple","33":"add-to-wishlist-after_add_to_cart"},"yoast_head":"<!-- This site is optimized with the Yoast SEO Premium plugin v25.3.1 (Yoast SEO v27.4) - https:\/\/yoast.com\/product\/yoast-seo-premium-wordpress\/ -->\n<title>ThreeZero - Transformers: Bumblebee DLX Arcee<\/title>\n<meta name=\"robots\" content=\"index, follow, max-snippet:-1, max-image-preview:large, max-video-preview:-1\" \/>\n<link rel=\"canonical\" href=\"https:\/\/hobby4geek.com\/es\/producto\/threezero-transformers-bumblebee-dlx-arcee\/\" \/>\n<meta property=\"og:locale\" content=\"es_ES\" \/>\n<meta property=\"og:type\" content=\"article\" \/>\n<meta property=\"og:title\" content=\"ThreeZero - Transformers: Bumblebee DLX Arcee\" \/>\n<meta property=\"og:description\" content=\"Officially Licensed by Hasbro and TakaraTomy  Approximately 8 inches (~20.3cm) tall  Approximately 60 points of articulation  Detailed and weathered paint application  Die-cast Metal frame  LED on Eyes  Accessories:   One (1) pair of blasters  Four (4) pairs of interchangeable hands: one (1) pair of fists, one (1) pair of relaxed hands, one (1) pair of action hands and one (1) pair of blaster-holding hands  One (1) DLX action stand  Remarks *LED features require AG13 x2 batteries (batteries not included)  Materials Die-cast zinc alloy, PVC, ABS, POM and metal parts\" \/>\n<meta property=\"og:url\" content=\"https:\/\/hobby4geek.com\/es\/producto\/threezero-transformers-bumblebee-dlx-arcee\/\" \/>\n<meta property=\"og:site_name\" content=\"Hobby4Geek\" \/>\n<meta property=\"article:publisher\" content=\"https:\/\/www.facebook.com\/hobby4geek\" \/>\n<meta property=\"article:modified_time\" content=\"2024-07-16T10:56:04+00:00\" \/>\n<meta property=\"og:image\" content=\"https:\/\/hobby4geek.com\/wp-content\/uploads\/2023\/05\/threezero-transformers-bumblebee-dlx-arcee-16.jpg\" \/>\n\t<meta property=\"og:image:width\" content=\"600\" \/>\n\t<meta property=\"og:image:height\" content=\"600\" \/>\n\t<meta property=\"og:image:type\" content=\"image\/jpeg\" \/>\n<meta name=\"twitter:card\" content=\"summary_large_image\" \/>\n<meta name=\"twitter:site\" content=\"@hobby4geek\" \/>\n<script type=\"application\/ld+json\" class=\"yoast-schema-graph\">{\"@context\":\"https:\\\/\\\/schema.org\",\"@graph\":[{\"@type\":\"WebPage\",\"@id\":\"https:\\\/\\\/hobby4geek.com\\\/product\\\/threezero-transformers-bumblebee-dlx-arcee\\\/\",\"url\":\"https:\\\/\\\/hobby4geek.com\\\/product\\\/threezero-transformers-bumblebee-dlx-arcee\\\/\",\"name\":\"ThreeZero - Transformers: Bumblebee DLX Arcee\",\"isPartOf\":{\"@id\":\"https:\\\/\\\/hobby4geek.com\\\/#website\"},\"primaryImageOfPage\":{\"@id\":\"https:\\\/\\\/hobby4geek.com\\\/product\\\/threezero-transformers-bumblebee-dlx-arcee\\\/#primaryimage\"},\"image\":{\"@id\":\"https:\\\/\\\/hobby4geek.com\\\/product\\\/threezero-transformers-bumblebee-dlx-arcee\\\/#primaryimage\"},\"thumbnailUrl\":\"https:\\\/\\\/hobby4geek.com\\\/wp-content\\\/uploads\\\/2023\\\/05\\\/threezero-transformers-bumblebee-dlx-arcee-16.jpg\",\"datePublished\":\"2024-01-23T00:58:58+00:00\",\"dateModified\":\"2024-07-16T10:56:04+00:00\",\"breadcrumb\":{\"@id\":\"https:\\\/\\\/hobby4geek.com\\\/product\\\/threezero-transformers-bumblebee-dlx-arcee\\\/#breadcrumb\"},\"inLanguage\":\"es\",\"potentialAction\":[{\"@type\":\"ReadAction\",\"target\":[\"https:\\\/\\\/hobby4geek.com\\\/product\\\/threezero-transformers-bumblebee-dlx-arcee\\\/\"]}]},{\"@type\":\"ImageObject\",\"inLanguage\":\"es\",\"@id\":\"https:\\\/\\\/hobby4geek.com\\\/product\\\/threezero-transformers-bumblebee-dlx-arcee\\\/#primaryimage\",\"url\":\"https:\\\/\\\/hobby4geek.com\\\/wp-content\\\/uploads\\\/2023\\\/05\\\/threezero-transformers-bumblebee-dlx-arcee-16.jpg\",\"contentUrl\":\"https:\\\/\\\/hobby4geek.com\\\/wp-content\\\/uploads\\\/2023\\\/05\\\/threezero-transformers-bumblebee-dlx-arcee-16.jpg\",\"width\":600,\"height\":600},{\"@type\":\"BreadcrumbList\",\"@id\":\"https:\\\/\\\/hobby4geek.com\\\/product\\\/threezero-transformers-bumblebee-dlx-arcee\\\/#breadcrumb\",\"itemListElement\":[{\"@type\":\"ListItem\",\"position\":1,\"name\":\"Home\",\"item\":\"https:\\\/\\\/hobby4geek.com\\\/\"},{\"@type\":\"ListItem\",\"position\":2,\"name\":\"Shop\",\"item\":\"https:\\\/\\\/hobby4geek.com\\\/shop\\\/\"},{\"@type\":\"ListItem\",\"position\":3,\"name\":\"ThreeZero &#8211; Transformers: Bumblebee DLX Arcee\"}]},{\"@type\":\"WebSite\",\"@id\":\"https:\\\/\\\/hobby4geek.com\\\/#website\",\"url\":\"https:\\\/\\\/hobby4geek.com\\\/\",\"name\":\"Hobby4Geek\",\"description\":\"Collect, Play &amp; Showcase, Embrace your Geekiness\",\"publisher\":{\"@id\":\"https:\\\/\\\/hobby4geek.com\\\/#organization\"},\"potentialAction\":[{\"@type\":\"SearchAction\",\"target\":{\"@type\":\"EntryPoint\",\"urlTemplate\":\"https:\\\/\\\/hobby4geek.com\\\/?s={search_term_string}\"},\"query-input\":{\"@type\":\"PropertyValueSpecification\",\"valueRequired\":true,\"valueName\":\"search_term_string\"}}],\"inLanguage\":\"es\"},{\"@type\":\"Organization\",\"@id\":\"https:\\\/\\\/hobby4geek.com\\\/#organization\",\"name\":\"Hobby4Geek\",\"url\":\"https:\\\/\\\/hobby4geek.com\\\/\",\"logo\":{\"@type\":\"ImageObject\",\"inLanguage\":\"es\",\"@id\":\"https:\\\/\\\/hobby4geek.com\\\/#\\\/schema\\\/logo\\\/image\\\/\",\"url\":\"https:\\\/\\\/hobby4geek.com\\\/wp-content\\\/uploads\\\/2023\\\/02\\\/default-kit.png\",\"contentUrl\":\"https:\\\/\\\/hobby4geek.com\\\/wp-content\\\/uploads\\\/2023\\\/02\\\/default-kit.png\",\"width\":600,\"height\":600,\"caption\":\"Hobby4Geek\"},\"image\":{\"@id\":\"https:\\\/\\\/hobby4geek.com\\\/#\\\/schema\\\/logo\\\/image\\\/\"},\"sameAs\":[\"https:\\\/\\\/www.facebook.com\\\/hobby4geek\",\"https:\\\/\\\/x.com\\\/hobby4geek\",\"https:\\\/\\\/www.instagram.com\\\/hobby4geek\\\/\"]}]}<\/script>\n<meta property=\"product:brand\" content=\"Hasbro\" \/>\n<meta property=\"product:price:amount\" content=\"218.00\" \/>\n<meta property=\"product:price:currency\" content=\"EUR\" \/>\n<meta property=\"og:availability\" content=\"out of stock\" \/>\n<meta property=\"product:availability\" content=\"out of stock\" \/>\n<meta property=\"product:retailer_item_id\" content=\"4897056203556\" \/>\n<meta property=\"product:condition\" content=\"new\" \/>\n<!-- \/ Yoast SEO Premium plugin. -->","yoast_head_json":{"title":"ThreeZero - Transformers: Bumblebee DLX Arcee","robots":{"index":"index","follow":"follow","max-snippet":"max-snippet:-1","max-image-preview":"max-image-preview:large","max-video-preview":"max-video-preview:-1"},"canonical":"https:\/\/hobby4geek.com\/es\/producto\/threezero-transformers-bumblebee-dlx-arcee\/","og_locale":"es_ES","og_type":"article","og_title":"ThreeZero - Transformers: Bumblebee DLX Arcee","og_description":"Officially Licensed by Hasbro and TakaraTomy  Approximately 8 inches (~20.3cm) tall  Approximately 60 points of articulation  Detailed and weathered paint application  Die-cast Metal frame  LED on Eyes  Accessories:   One (1) pair of blasters  Four (4) pairs of interchangeable hands: one (1) pair of fists, one (1) pair of relaxed hands, one (1) pair of action hands and one (1) pair of blaster-holding hands  One (1) DLX action stand  Remarks *LED features require AG13 x2 batteries (batteries not included)  Materials Die-cast zinc alloy, PVC, ABS, POM and metal parts","og_url":"https:\/\/hobby4geek.com\/es\/producto\/threezero-transformers-bumblebee-dlx-arcee\/","og_site_name":"Hobby4Geek","article_publisher":"https:\/\/www.facebook.com\/hobby4geek","article_modified_time":"2024-07-16T10:56:04+00:00","og_image":[{"width":600,"height":600,"url":"https:\/\/hobby4geek.com\/wp-content\/uploads\/2023\/05\/threezero-transformers-bumblebee-dlx-arcee-16.jpg","type":"image\/jpeg"}],"twitter_card":"summary_large_image","twitter_site":"@hobby4geek","schema":{"@context":"https:\/\/schema.org","@graph":[{"@type":"WebPage","@id":"https:\/\/hobby4geek.com\/product\/threezero-transformers-bumblebee-dlx-arcee\/","url":"https:\/\/hobby4geek.com\/product\/threezero-transformers-bumblebee-dlx-arcee\/","name":"ThreeZero - Transformers: Bumblebee DLX Arcee","isPartOf":{"@id":"https:\/\/hobby4geek.com\/#website"},"primaryImageOfPage":{"@id":"https:\/\/hobby4geek.com\/product\/threezero-transformers-bumblebee-dlx-arcee\/#primaryimage"},"image":{"@id":"https:\/\/hobby4geek.com\/product\/threezero-transformers-bumblebee-dlx-arcee\/#primaryimage"},"thumbnailUrl":"https:\/\/hobby4geek.com\/wp-content\/uploads\/2023\/05\/threezero-transformers-bumblebee-dlx-arcee-16.jpg","datePublished":"2024-01-23T00:58:58+00:00","dateModified":"2024-07-16T10:56:04+00:00","breadcrumb":{"@id":"https:\/\/hobby4geek.com\/product\/threezero-transformers-bumblebee-dlx-arcee\/#breadcrumb"},"inLanguage":"es","potentialAction":[{"@type":"ReadAction","target":["https:\/\/hobby4geek.com\/product\/threezero-transformers-bumblebee-dlx-arcee\/"]}]},{"@type":"ImageObject","inLanguage":"es","@id":"https:\/\/hobby4geek.com\/product\/threezero-transformers-bumblebee-dlx-arcee\/#primaryimage","url":"https:\/\/hobby4geek.com\/wp-content\/uploads\/2023\/05\/threezero-transformers-bumblebee-dlx-arcee-16.jpg","contentUrl":"https:\/\/hobby4geek.com\/wp-content\/uploads\/2023\/05\/threezero-transformers-bumblebee-dlx-arcee-16.jpg","width":600,"height":600},{"@type":"BreadcrumbList","@id":"https:\/\/hobby4geek.com\/product\/threezero-transformers-bumblebee-dlx-arcee\/#breadcrumb","itemListElement":[{"@type":"ListItem","position":1,"name":"Home","item":"https:\/\/hobby4geek.com\/"},{"@type":"ListItem","position":2,"name":"Shop","item":"https:\/\/hobby4geek.com\/shop\/"},{"@type":"ListItem","position":3,"name":"ThreeZero &#8211; Transformers: Bumblebee DLX Arcee"}]},{"@type":"WebSite","@id":"https:\/\/hobby4geek.com\/#website","url":"https:\/\/hobby4geek.com\/","name":"Hobby4Geek","description":"Coleccionar, jugar y exhibir, abrazar su frikismo","publisher":{"@id":"https:\/\/hobby4geek.com\/#organization"},"potentialAction":[{"@type":"SearchAction","target":{"@type":"EntryPoint","urlTemplate":"https:\/\/hobby4geek.com\/?s={search_term_string}"},"query-input":{"@type":"PropertyValueSpecification","valueRequired":true,"valueName":"search_term_string"}}],"inLanguage":"es"},{"@type":"Organization","@id":"https:\/\/hobby4geek.com\/#organization","name":"Hobby4Geek","url":"https:\/\/hobby4geek.com\/","logo":{"@type":"ImageObject","inLanguage":"es","@id":"https:\/\/hobby4geek.com\/#\/schema\/logo\/image\/","url":"https:\/\/hobby4geek.com\/wp-content\/uploads\/2023\/02\/default-kit.png","contentUrl":"https:\/\/hobby4geek.com\/wp-content\/uploads\/2023\/02\/default-kit.png","width":600,"height":600,"caption":"Hobby4Geek"},"image":{"@id":"https:\/\/hobby4geek.com\/#\/schema\/logo\/image\/"},"sameAs":["https:\/\/www.facebook.com\/hobby4geek","https:\/\/x.com\/hobby4geek","https:\/\/www.instagram.com\/hobby4geek\/"]}]},"product_brand":"Hasbro","product_price_amount":"218.00","product_price_currency":"EUR","og_availability":"out of stock","product_availability":"out of stock","product_retailer_item_id":"4897056203556","product_condition":"new"},"_links":{"self":[{"href":"https:\/\/hobby4geek.com\/es\/wp-json\/wp\/v2\/product\/188204","targetHints":{"allow":["GET"]}}],"collection":[{"href":"https:\/\/hobby4geek.com\/es\/wp-json\/wp\/v2\/product"}],"about":[{"href":"https:\/\/hobby4geek.com\/es\/wp-json\/wp\/v2\/types\/product"}],"replies":[{"embeddable":true,"href":"https:\/\/hobby4geek.com\/es\/wp-json\/wp\/v2\/comments?post=188204"}],"version-history":[{"count":0,"href":"https:\/\/hobby4geek.com\/es\/wp-json\/wp\/v2\/product\/188204\/revisions"}],"wp:featuredmedia":[{"embeddable":true,"href":"https:\/\/hobby4geek.com\/es\/wp-json\/wp\/v2\/media\/188220"}],"wp:attachment":[{"href":"https:\/\/hobby4geek.com\/es\/wp-json\/wp\/v2\/media?parent=188204"}],"wp:term":[{"taxonomy":"product_brand","embeddable":true,"href":"https:\/\/hobby4geek.com\/es\/wp-json\/wp\/v2\/product_brand?post=188204"},{"taxonomy":"product_cat","embeddable":true,"href":"https:\/\/hobby4geek.com\/es\/wp-json\/wp\/v2\/product_cat?post=188204"},{"taxonomy":"product_tag","embeddable":true,"href":"https:\/\/hobby4geek.com\/es\/wp-json\/wp\/v2\/product_tag?post=188204"},{"taxonomy":"giftcard-category","embeddable":true,"href":"https:\/\/hobby4geek.com\/es\/wp-json\/wp\/v2\/giftcard-category?post=188204"}],"curies":[{"name":"wp","href":"https:\/\/api.w.org\/{rel}","templated":true}]}}