{"id":187820,"date":"2023-04-18T17:52:58","date_gmt":"2023-04-18T16:52:58","guid":{"rendered":"https:\/\/hobby4geek.com\/?post_type=product&#038;p=187820"},"modified":"2024-05-12T13:08:28","modified_gmt":"2024-05-12T12:08:28","slug":"transformers-buzzworthy-bumblebee-heroic-maximal-dinobot","status":"publish","type":"product","link":"https:\/\/hobby4geek.com\/es\/producto\/transformers-buzzworthy-bumblebee-heroic-maximal-dinobot\/","title":{"rendered":"Transformers - Buzzworthy Bumblebee - Heroic Maximal Dinobot"},"content":{"rendered":"<p>Ya no es ning\u00fan secreto: Bumblebee es una aut\u00e9ntica estrella. No es de extra\u00f1ar, por tanto, que sea objeto de toda una gama de fant\u00e1sticos art\u00edculos de merchandising para fans de todas las edades.<\/p>\n<p>Esta figura Heroic Maximal Dinobot de la Clase Voyager est\u00e1 inspirada en el dibujo animado original de 1996 Beast Wars: Transformers con un dise\u00f1o actualizado al estilo de las Generaciones. La figura Heroic Maximal Dinobot se convierte de modo robot a modo velociraptor en 28 pasos y viene con un arma de cola y una espada que se acoplan a la figura en ambos modos.<\/p>\n<p>Las figuras Buzzworthy Bumblebee se venden en un pack de coleccionista Buzzworthy Bumblebee. Tambi\u00e9n hay disponibles otras figuras Buzzworthy Bumblebee (cada una se vende por separado, hasta agotar existencias).<\/p>\n<ul>\n<li>18 cm<\/li>\n<li id=\"specs-altMode-data\">Modo Alt: Se convierte de robot a velociraptor<\/li>\n<li>Pasa del modo robot al modo velociraptor en 28 pasos<\/li>\n<li>Las dem\u00e1s figuras se venden por separado<\/li>\n<li>Totalmente articulado<\/li>\n<li>De pl\u00e1stico<\/li>\n<\/ul>\n<p><strong>Contenido del paquete:<\/strong><\/p>\n<ul>\n<li>1 x Figura<\/li>\n<li>1 x un arma de cola<\/li>\n<li>1 x espada<\/li>\n<\/ul>","protected":false},"excerpt":{"rendered":"<ul>\n<li>18 cm<\/li>\n<li id=\"specs-altMode-data\">Modo Alt: Se convierte de robot a velociraptor<\/li>\n<li>Pasa del modo robot al modo velociraptor en 28 pasos<\/li>\n<li>Las dem\u00e1s figuras se venden por separado<\/li>\n<li>Totalmente articulado<\/li>\n<li>De pl\u00e1stico<\/li>\n<\/ul>\n<p><strong>Contenido del paquete:<\/strong><\/p>\n<ul>\n<li>1 x Figurita<\/li>\n<li>1 x un arma de cola<\/li>\n<li>1 x espada<\/li>\n<li>instrucciones<\/li>\n<\/ul>","protected":false},"featured_media":187821,"comment_status":"open","ping_status":"closed","template":"","meta":{"inline_featured_image":false},"product_brand":[],"product_cat":[68,69,1955,1960],"product_tag":[1759,2126,335,2128,2107,1860,1975,204,1910],"giftcard-category":[],"class_list":{"0":"post-187820","1":"product","2":"type-product","3":"status-publish","4":"has-post-thumbnail","6":"product_cat-hasbro","7":"product_cat-takara-tomy","8":"product_cat-transformers","9":"product_cat-transformers-generations","10":"product_tag-action-toys","11":"product_tag-buzzworthy-bumblebee","12":"product_tag-hasbro","13":"product_tag-heroic-maximal-dinobot","14":"product_tag-legacy-evolution","15":"product_tag-takaratomy","16":"product_tag-toys-figures","17":"product_tag-transformers","18":"product_tag-voyager-class","19":"product_shipping_class-light","21":"first","22":"outofstock","23":"taxable","24":"shipping-taxable","25":"purchasable","26":"product-type-simple","27":"add-to-wishlist-after_add_to_cart"},"yoast_head":"<!-- This site is optimized with the Yoast SEO Premium plugin v25.3.1 (Yoast SEO v27.4) - https:\/\/yoast.com\/product\/yoast-seo-premium-wordpress\/ -->\n<title>Transformers - Buzzworthy Bumblebee - Heroic Maximal Dinobot<\/title>\n<meta name=\"robots\" content=\"index, follow, max-snippet:-1, max-image-preview:large, max-video-preview:-1\" \/>\n<link rel=\"canonical\" href=\"https:\/\/hobby4geek.com\/es\/producto\/transformers-buzzworthy-bumblebee-heroic-maximal-dinobot\/\" \/>\n<meta property=\"og:locale\" content=\"es_ES\" \/>\n<meta property=\"og:type\" content=\"article\" \/>\n<meta property=\"og:title\" content=\"Transformers - Buzzworthy Bumblebee - Heroic Maximal Dinobot\" \/>\n<meta property=\"og:description\" content=\"18 cm  Alt Mode: Converts from robot to velociraptor  Converts from robot to velociraptor mode in 28 steps  Other figures shown sold separately  Fully articulated  Made of plastic  Package Contents:   1 x\u00a0 Figurine  1 x a tail weapon  1 x sword  instructions\" \/>\n<meta property=\"og:url\" content=\"https:\/\/hobby4geek.com\/es\/producto\/transformers-buzzworthy-bumblebee-heroic-maximal-dinobot\/\" \/>\n<meta property=\"og:site_name\" content=\"Hobby4Geek\" \/>\n<meta property=\"article:publisher\" content=\"https:\/\/www.facebook.com\/hobby4geek\" \/>\n<meta property=\"article:modified_time\" content=\"2024-05-12T12:08:28+00:00\" \/>\n<meta property=\"og:image\" content=\"https:\/\/hobby4geek.com\/wp-content\/uploads\/2023\/04\/transformers-buzzworthy-bumblebee-heroic-maximal-dinobot.webp\" \/>\n\t<meta property=\"og:image:width\" content=\"2000\" \/>\n\t<meta property=\"og:image:height\" content=\"2000\" \/>\n\t<meta property=\"og:image:type\" content=\"image\/webp\" \/>\n<meta name=\"twitter:card\" content=\"summary_large_image\" \/>\n<meta name=\"twitter:site\" content=\"@hobby4geek\" \/>\n<script type=\"application\/ld+json\" class=\"yoast-schema-graph\">{\"@context\":\"https:\\\/\\\/schema.org\",\"@graph\":[{\"@type\":\"WebPage\",\"@id\":\"https:\\\/\\\/hobby4geek.com\\\/product\\\/transformers-buzzworthy-bumblebee-heroic-maximal-dinobot\\\/\",\"url\":\"https:\\\/\\\/hobby4geek.com\\\/product\\\/transformers-buzzworthy-bumblebee-heroic-maximal-dinobot\\\/\",\"name\":\"Transformers - Buzzworthy Bumblebee - Heroic Maximal Dinobot\",\"isPartOf\":{\"@id\":\"https:\\\/\\\/hobby4geek.com\\\/#website\"},\"primaryImageOfPage\":{\"@id\":\"https:\\\/\\\/hobby4geek.com\\\/product\\\/transformers-buzzworthy-bumblebee-heroic-maximal-dinobot\\\/#primaryimage\"},\"image\":{\"@id\":\"https:\\\/\\\/hobby4geek.com\\\/product\\\/transformers-buzzworthy-bumblebee-heroic-maximal-dinobot\\\/#primaryimage\"},\"thumbnailUrl\":\"https:\\\/\\\/hobby4geek.com\\\/wp-content\\\/uploads\\\/2023\\\/04\\\/transformers-buzzworthy-bumblebee-heroic-maximal-dinobot.webp\",\"datePublished\":\"2023-04-18T16:52:58+00:00\",\"dateModified\":\"2024-05-12T12:08:28+00:00\",\"breadcrumb\":{\"@id\":\"https:\\\/\\\/hobby4geek.com\\\/product\\\/transformers-buzzworthy-bumblebee-heroic-maximal-dinobot\\\/#breadcrumb\"},\"inLanguage\":\"es\",\"potentialAction\":[{\"@type\":\"ReadAction\",\"target\":[\"https:\\\/\\\/hobby4geek.com\\\/product\\\/transformers-buzzworthy-bumblebee-heroic-maximal-dinobot\\\/\"]}]},{\"@type\":\"ImageObject\",\"inLanguage\":\"es\",\"@id\":\"https:\\\/\\\/hobby4geek.com\\\/product\\\/transformers-buzzworthy-bumblebee-heroic-maximal-dinobot\\\/#primaryimage\",\"url\":\"https:\\\/\\\/hobby4geek.com\\\/wp-content\\\/uploads\\\/2023\\\/04\\\/transformers-buzzworthy-bumblebee-heroic-maximal-dinobot.webp\",\"contentUrl\":\"https:\\\/\\\/hobby4geek.com\\\/wp-content\\\/uploads\\\/2023\\\/04\\\/transformers-buzzworthy-bumblebee-heroic-maximal-dinobot.webp\",\"width\":2000,\"height\":2000},{\"@type\":\"BreadcrumbList\",\"@id\":\"https:\\\/\\\/hobby4geek.com\\\/product\\\/transformers-buzzworthy-bumblebee-heroic-maximal-dinobot\\\/#breadcrumb\",\"itemListElement\":[{\"@type\":\"ListItem\",\"position\":1,\"name\":\"Home\",\"item\":\"https:\\\/\\\/hobby4geek.com\\\/\"},{\"@type\":\"ListItem\",\"position\":2,\"name\":\"Shop\",\"item\":\"https:\\\/\\\/hobby4geek.com\\\/shop\\\/\"},{\"@type\":\"ListItem\",\"position\":3,\"name\":\"Transformers &#8211; Buzzworthy Bumblebee &#8211; Heroic Maximal Dinobot\"}]},{\"@type\":\"WebSite\",\"@id\":\"https:\\\/\\\/hobby4geek.com\\\/#website\",\"url\":\"https:\\\/\\\/hobby4geek.com\\\/\",\"name\":\"Hobby4Geek\",\"description\":\"Collect, Play &amp; Showcase, Embrace your Geekiness\",\"publisher\":{\"@id\":\"https:\\\/\\\/hobby4geek.com\\\/#organization\"},\"potentialAction\":[{\"@type\":\"SearchAction\",\"target\":{\"@type\":\"EntryPoint\",\"urlTemplate\":\"https:\\\/\\\/hobby4geek.com\\\/?s={search_term_string}\"},\"query-input\":{\"@type\":\"PropertyValueSpecification\",\"valueRequired\":true,\"valueName\":\"search_term_string\"}}],\"inLanguage\":\"es\"},{\"@type\":\"Organization\",\"@id\":\"https:\\\/\\\/hobby4geek.com\\\/#organization\",\"name\":\"Hobby4Geek\",\"url\":\"https:\\\/\\\/hobby4geek.com\\\/\",\"logo\":{\"@type\":\"ImageObject\",\"inLanguage\":\"es\",\"@id\":\"https:\\\/\\\/hobby4geek.com\\\/#\\\/schema\\\/logo\\\/image\\\/\",\"url\":\"https:\\\/\\\/hobby4geek.com\\\/wp-content\\\/uploads\\\/2023\\\/02\\\/default-kit.png\",\"contentUrl\":\"https:\\\/\\\/hobby4geek.com\\\/wp-content\\\/uploads\\\/2023\\\/02\\\/default-kit.png\",\"width\":600,\"height\":600,\"caption\":\"Hobby4Geek\"},\"image\":{\"@id\":\"https:\\\/\\\/hobby4geek.com\\\/#\\\/schema\\\/logo\\\/image\\\/\"},\"sameAs\":[\"https:\\\/\\\/www.facebook.com\\\/hobby4geek\",\"https:\\\/\\\/x.com\\\/hobby4geek\",\"https:\\\/\\\/www.instagram.com\\\/hobby4geek\\\/\"]}]}<\/script>\n<meta property=\"product:brand\" content=\"Hasbro\" \/>\n<meta property=\"product:price:amount\" content=\"32.00\" \/>\n<meta property=\"product:price:currency\" content=\"EUR\" \/>\n<meta property=\"og:availability\" content=\"out of stock\" \/>\n<meta property=\"product:availability\" content=\"out of stock\" \/>\n<meta property=\"product:retailer_item_id\" content=\"5010994145842\" \/>\n<meta property=\"product:condition\" content=\"new\" \/>\n<!-- \/ Yoast SEO Premium plugin. -->","yoast_head_json":{"title":"Transformers - Buzzworthy Bumblebee - Heroic Maximal Dinobot","robots":{"index":"index","follow":"follow","max-snippet":"max-snippet:-1","max-image-preview":"max-image-preview:large","max-video-preview":"max-video-preview:-1"},"canonical":"https:\/\/hobby4geek.com\/es\/producto\/transformers-buzzworthy-bumblebee-heroic-maximal-dinobot\/","og_locale":"es_ES","og_type":"article","og_title":"Transformers - Buzzworthy Bumblebee - Heroic Maximal Dinobot","og_description":"18 cm  Alt Mode: Converts from robot to velociraptor  Converts from robot to velociraptor mode in 28 steps  Other figures shown sold separately  Fully articulated  Made of plastic  Package Contents:   1 x\u00a0 Figurine  1 x a tail weapon  1 x sword  instructions","og_url":"https:\/\/hobby4geek.com\/es\/producto\/transformers-buzzworthy-bumblebee-heroic-maximal-dinobot\/","og_site_name":"Hobby4Geek","article_publisher":"https:\/\/www.facebook.com\/hobby4geek","article_modified_time":"2024-05-12T12:08:28+00:00","og_image":[{"width":2000,"height":2000,"url":"https:\/\/hobby4geek.com\/wp-content\/uploads\/2023\/04\/transformers-buzzworthy-bumblebee-heroic-maximal-dinobot.webp","type":"image\/webp"}],"twitter_card":"summary_large_image","twitter_site":"@hobby4geek","schema":{"@context":"https:\/\/schema.org","@graph":[{"@type":"WebPage","@id":"https:\/\/hobby4geek.com\/product\/transformers-buzzworthy-bumblebee-heroic-maximal-dinobot\/","url":"https:\/\/hobby4geek.com\/product\/transformers-buzzworthy-bumblebee-heroic-maximal-dinobot\/","name":"Transformers - Buzzworthy Bumblebee - Heroic Maximal Dinobot","isPartOf":{"@id":"https:\/\/hobby4geek.com\/#website"},"primaryImageOfPage":{"@id":"https:\/\/hobby4geek.com\/product\/transformers-buzzworthy-bumblebee-heroic-maximal-dinobot\/#primaryimage"},"image":{"@id":"https:\/\/hobby4geek.com\/product\/transformers-buzzworthy-bumblebee-heroic-maximal-dinobot\/#primaryimage"},"thumbnailUrl":"https:\/\/hobby4geek.com\/wp-content\/uploads\/2023\/04\/transformers-buzzworthy-bumblebee-heroic-maximal-dinobot.webp","datePublished":"2023-04-18T16:52:58+00:00","dateModified":"2024-05-12T12:08:28+00:00","breadcrumb":{"@id":"https:\/\/hobby4geek.com\/product\/transformers-buzzworthy-bumblebee-heroic-maximal-dinobot\/#breadcrumb"},"inLanguage":"es","potentialAction":[{"@type":"ReadAction","target":["https:\/\/hobby4geek.com\/product\/transformers-buzzworthy-bumblebee-heroic-maximal-dinobot\/"]}]},{"@type":"ImageObject","inLanguage":"es","@id":"https:\/\/hobby4geek.com\/product\/transformers-buzzworthy-bumblebee-heroic-maximal-dinobot\/#primaryimage","url":"https:\/\/hobby4geek.com\/wp-content\/uploads\/2023\/04\/transformers-buzzworthy-bumblebee-heroic-maximal-dinobot.webp","contentUrl":"https:\/\/hobby4geek.com\/wp-content\/uploads\/2023\/04\/transformers-buzzworthy-bumblebee-heroic-maximal-dinobot.webp","width":2000,"height":2000},{"@type":"BreadcrumbList","@id":"https:\/\/hobby4geek.com\/product\/transformers-buzzworthy-bumblebee-heroic-maximal-dinobot\/#breadcrumb","itemListElement":[{"@type":"ListItem","position":1,"name":"Home","item":"https:\/\/hobby4geek.com\/"},{"@type":"ListItem","position":2,"name":"Shop","item":"https:\/\/hobby4geek.com\/shop\/"},{"@type":"ListItem","position":3,"name":"Transformers &#8211; Buzzworthy Bumblebee &#8211; Heroic Maximal Dinobot"}]},{"@type":"WebSite","@id":"https:\/\/hobby4geek.com\/#website","url":"https:\/\/hobby4geek.com\/","name":"Hobby4Geek","description":"Coleccionar, jugar y exhibir, abrazar su frikismo","publisher":{"@id":"https:\/\/hobby4geek.com\/#organization"},"potentialAction":[{"@type":"SearchAction","target":{"@type":"EntryPoint","urlTemplate":"https:\/\/hobby4geek.com\/?s={search_term_string}"},"query-input":{"@type":"PropertyValueSpecification","valueRequired":true,"valueName":"search_term_string"}}],"inLanguage":"es"},{"@type":"Organization","@id":"https:\/\/hobby4geek.com\/#organization","name":"Hobby4Geek","url":"https:\/\/hobby4geek.com\/","logo":{"@type":"ImageObject","inLanguage":"es","@id":"https:\/\/hobby4geek.com\/#\/schema\/logo\/image\/","url":"https:\/\/hobby4geek.com\/wp-content\/uploads\/2023\/02\/default-kit.png","contentUrl":"https:\/\/hobby4geek.com\/wp-content\/uploads\/2023\/02\/default-kit.png","width":600,"height":600,"caption":"Hobby4Geek"},"image":{"@id":"https:\/\/hobby4geek.com\/#\/schema\/logo\/image\/"},"sameAs":["https:\/\/www.facebook.com\/hobby4geek","https:\/\/x.com\/hobby4geek","https:\/\/www.instagram.com\/hobby4geek\/"]}]},"product_brand":"Hasbro","product_price_amount":"32.00","product_price_currency":"EUR","og_availability":"out of stock","product_availability":"out of stock","product_retailer_item_id":"5010994145842","product_condition":"new"},"_links":{"self":[{"href":"https:\/\/hobby4geek.com\/es\/wp-json\/wp\/v2\/product\/187820","targetHints":{"allow":["GET"]}}],"collection":[{"href":"https:\/\/hobby4geek.com\/es\/wp-json\/wp\/v2\/product"}],"about":[{"href":"https:\/\/hobby4geek.com\/es\/wp-json\/wp\/v2\/types\/product"}],"replies":[{"embeddable":true,"href":"https:\/\/hobby4geek.com\/es\/wp-json\/wp\/v2\/comments?post=187820"}],"version-history":[{"count":0,"href":"https:\/\/hobby4geek.com\/es\/wp-json\/wp\/v2\/product\/187820\/revisions"}],"wp:featuredmedia":[{"embeddable":true,"href":"https:\/\/hobby4geek.com\/es\/wp-json\/wp\/v2\/media\/187821"}],"wp:attachment":[{"href":"https:\/\/hobby4geek.com\/es\/wp-json\/wp\/v2\/media?parent=187820"}],"wp:term":[{"taxonomy":"product_brand","embeddable":true,"href":"https:\/\/hobby4geek.com\/es\/wp-json\/wp\/v2\/product_brand?post=187820"},{"taxonomy":"product_cat","embeddable":true,"href":"https:\/\/hobby4geek.com\/es\/wp-json\/wp\/v2\/product_cat?post=187820"},{"taxonomy":"product_tag","embeddable":true,"href":"https:\/\/hobby4geek.com\/es\/wp-json\/wp\/v2\/product_tag?post=187820"},{"taxonomy":"giftcard-category","embeddable":true,"href":"https:\/\/hobby4geek.com\/es\/wp-json\/wp\/v2\/giftcard-category?post=187820"}],"curies":[{"name":"wp","href":"https:\/\/api.w.org\/{rel}","templated":true}]}}