{"id":187805,"date":"2023-04-17T18:42:01","date_gmt":"2023-04-17T17:42:01","guid":{"rendered":"https:\/\/hobby4geek.com\/?post_type=product&#038;p=187805"},"modified":"2024-05-12T13:37:23","modified_gmt":"2024-05-12T12:37:23","slug":"transformers-buzzworthy-bumblebee-evil-predacon-terrorsaur","status":"publish","type":"product","link":"https:\/\/hobby4geek.com\/es\/producto\/transformers-buzzworthy-bumblebee-evil-predacon-terrorsaur\/","title":{"rendered":"Transformers - Buzzworthy Bumblebee - Evil Predacon Terrorsaur"},"content":{"rendered":"<p>Transformers Generations Legacy Buzzworthy Bumblebee Deluxe Class 2022 Evil Predacon Terrorsaur 14cm Figura Ya no es ning\u00fan secreto: Bumblebee es una aut\u00e9ntica estrella. No es de extra\u00f1ar, por tanto, que aparezca en toda una gama de fant\u00e1sticos productos para fans de todas las edades. Esta figura Deluxe Class Evil Predacon Terrorsaur est\u00e1 inspirada en el dibujo animado original de 1996 Beast Wars: Transformers con un dise\u00f1o actualizado al estilo Generations.<\/p>\n<p>La figura Evil Predacon Terrorsaur se convierte de modo robot a modo pteranodonte en 22 pasos e incluye un blaster y una cuchilla para el brazo que se acoplan a la figura en ambos modos.<\/p>\n<ul>\n<li>14 cm<\/li>\n<li id=\"specs-altMode-data\">Modo Alt: Pasa de modo robot a pteranodonte.<\/li>\n<li>pasa del modo robot al modo pteranodonte en 22 pasos<\/li>\n<li>Las dem\u00e1s figuras se venden por separado<\/li>\n<li>Totalmente articulado<\/li>\n<li>De pl\u00e1stico<\/li>\n<\/ul>\n<p><strong>Contenido del paquete:<\/strong><\/p>\n<ul>\n<li>1 x Figura Buzzworthy Bumblebee<\/li>\n<li>1 x A blaster<\/li>\n<li>Hoja del brazo<\/li>\n<\/ul>","protected":false},"excerpt":{"rendered":"<ul>\n<li>14 cm<\/li>\n<li id=\"specs-altMode-data\">Modo Alt: Pasa de modo robot a pteranodonte.<\/li>\n<li>pasa del modo robot al modo pteranodonte en 22 pasos<\/li>\n<li>Las dem\u00e1s figuras se venden por separado<\/li>\n<li>Totalmente articulado<\/li>\n<li>De pl\u00e1stico<\/li>\n<\/ul>\n<p><strong>Contenido del paquete:<\/strong><\/p>\n<ul>\n<li>1 x Figura Buzzworthy Bumblebee<\/li>\n<li>1 x A blaster<\/li>\n<li>Hoja del brazo<\/li>\n<\/ul>","protected":false},"featured_media":187807,"comment_status":"open","ping_status":"closed","template":"","meta":{"inline_featured_image":false},"product_brand":[],"product_cat":[1955,68,69,1960],"product_tag":[1759,2126,2127,1774,335,2107,1860,1975,204],"giftcard-category":[],"class_list":{"0":"post-187805","1":"product","2":"type-product","3":"status-publish","4":"has-post-thumbnail","6":"product_cat-transformers","7":"product_cat-hasbro","8":"product_cat-takara-tomy","9":"product_cat-transformers-generations","10":"product_tag-action-toys","11":"product_tag-buzzworthy-bumblebee","12":"product_tag-evil-predacon-terrorsaur","13":"product_tag-g1-version","14":"product_tag-hasbro","15":"product_tag-legacy-evolution","16":"product_tag-takaratomy","17":"product_tag-toys-figures","18":"product_tag-transformers","19":"product_shipping_class-light","21":"first","22":"outofstock","23":"taxable","24":"shipping-taxable","25":"purchasable","26":"product-type-simple","27":"add-to-wishlist-after_add_to_cart"},"yoast_head":"<!-- This site is optimized with the Yoast SEO Premium plugin v25.3.1 (Yoast SEO v27.2) - https:\/\/yoast.com\/product\/yoast-seo-premium-wordpress\/ -->\n<title>Transformers - Buzzworthy Bumblebee - Evil Predacon Terrorsaur<\/title>\n<meta name=\"robots\" content=\"index, follow, max-snippet:-1, max-image-preview:large, max-video-preview:-1\" \/>\n<link rel=\"canonical\" href=\"https:\/\/hobby4geek.com\/es\/producto\/transformers-buzzworthy-bumblebee-evil-predacon-terrorsaur\/\" \/>\n<meta property=\"og:locale\" content=\"es_ES\" \/>\n<meta property=\"og:type\" content=\"article\" \/>\n<meta property=\"og:title\" content=\"Transformers - Buzzworthy Bumblebee - Evil Predacon Terrorsaur\" \/>\n<meta property=\"og:description\" content=\"14 cm  Alt Mode: Converts from robot mode to pteranodon  converts from robot mode to pteranodon mode in 22 steps  Other figures shown sold separately  Fully articulated  Made of plastic  Package Contents:   1 x\u00a0 Buzzworthy Bumblebee Figure  1 x A\u00a0blaster  Arm blade\" \/>\n<meta property=\"og:url\" content=\"https:\/\/hobby4geek.com\/es\/producto\/transformers-buzzworthy-bumblebee-evil-predacon-terrorsaur\/\" \/>\n<meta property=\"og:site_name\" content=\"Hobby4Geek\" \/>\n<meta property=\"article:publisher\" content=\"https:\/\/www.facebook.com\/hobby4geek\" \/>\n<meta property=\"article:modified_time\" content=\"2024-05-12T12:37:23+00:00\" \/>\n<meta property=\"og:image\" content=\"https:\/\/hobby4geek.com\/wp-content\/uploads\/2023\/04\/transformers-buzzworthy-bumblebee-evil-predacon-terrorsaur.jpg\" \/>\n\t<meta property=\"og:image:width\" content=\"1200\" \/>\n\t<meta property=\"og:image:height\" content=\"1200\" \/>\n\t<meta property=\"og:image:type\" content=\"image\/jpeg\" \/>\n<meta name=\"twitter:card\" content=\"summary_large_image\" \/>\n<meta name=\"twitter:site\" content=\"@hobby4geek\" \/>\n<script type=\"application\/ld+json\" class=\"yoast-schema-graph\">{\"@context\":\"https:\/\/schema.org\",\"@graph\":[{\"@type\":\"WebPage\",\"@id\":\"https:\/\/hobby4geek.com\/product\/transformers-buzzworthy-bumblebee-evil-predacon-terrorsaur\/\",\"url\":\"https:\/\/hobby4geek.com\/product\/transformers-buzzworthy-bumblebee-evil-predacon-terrorsaur\/\",\"name\":\"Transformers - Buzzworthy Bumblebee - Evil Predacon Terrorsaur\",\"isPartOf\":{\"@id\":\"https:\/\/hobby4geek.com\/#website\"},\"primaryImageOfPage\":{\"@id\":\"https:\/\/hobby4geek.com\/product\/transformers-buzzworthy-bumblebee-evil-predacon-terrorsaur\/#primaryimage\"},\"image\":{\"@id\":\"https:\/\/hobby4geek.com\/product\/transformers-buzzworthy-bumblebee-evil-predacon-terrorsaur\/#primaryimage\"},\"thumbnailUrl\":\"https:\/\/hobby4geek.com\/wp-content\/uploads\/2023\/04\/transformers-buzzworthy-bumblebee-evil-predacon-terrorsaur.jpg\",\"datePublished\":\"2023-04-17T17:42:01+00:00\",\"dateModified\":\"2024-05-12T12:37:23+00:00\",\"breadcrumb\":{\"@id\":\"https:\/\/hobby4geek.com\/product\/transformers-buzzworthy-bumblebee-evil-predacon-terrorsaur\/#breadcrumb\"},\"inLanguage\":\"es\",\"potentialAction\":[{\"@type\":\"ReadAction\",\"target\":[\"https:\/\/hobby4geek.com\/product\/transformers-buzzworthy-bumblebee-evil-predacon-terrorsaur\/\"]}]},{\"@type\":\"ImageObject\",\"inLanguage\":\"es\",\"@id\":\"https:\/\/hobby4geek.com\/product\/transformers-buzzworthy-bumblebee-evil-predacon-terrorsaur\/#primaryimage\",\"url\":\"https:\/\/hobby4geek.com\/wp-content\/uploads\/2023\/04\/transformers-buzzworthy-bumblebee-evil-predacon-terrorsaur.jpg\",\"contentUrl\":\"https:\/\/hobby4geek.com\/wp-content\/uploads\/2023\/04\/transformers-buzzworthy-bumblebee-evil-predacon-terrorsaur.jpg\",\"width\":1200,\"height\":1200},{\"@type\":\"BreadcrumbList\",\"@id\":\"https:\/\/hobby4geek.com\/product\/transformers-buzzworthy-bumblebee-evil-predacon-terrorsaur\/#breadcrumb\",\"itemListElement\":[{\"@type\":\"ListItem\",\"position\":1,\"name\":\"Home\",\"item\":\"https:\/\/hobby4geek.com\/\"},{\"@type\":\"ListItem\",\"position\":2,\"name\":\"Shop\",\"item\":\"https:\/\/hobby4geek.com\/shop\/\"},{\"@type\":\"ListItem\",\"position\":3,\"name\":\"Transformers &#8211; Buzzworthy Bumblebee &#8211; Evil Predacon Terrorsaur\"}]},{\"@type\":\"WebSite\",\"@id\":\"https:\/\/hobby4geek.com\/#website\",\"url\":\"https:\/\/hobby4geek.com\/\",\"name\":\"Hobby4Geek\",\"description\":\"Collect, Play &amp; Showcase, Embrace your Geekiness\",\"publisher\":{\"@id\":\"https:\/\/hobby4geek.com\/#organization\"},\"potentialAction\":[{\"@type\":\"SearchAction\",\"target\":{\"@type\":\"EntryPoint\",\"urlTemplate\":\"https:\/\/hobby4geek.com\/?s={search_term_string}\"},\"query-input\":{\"@type\":\"PropertyValueSpecification\",\"valueRequired\":true,\"valueName\":\"search_term_string\"}}],\"inLanguage\":\"es\"},{\"@type\":\"Organization\",\"@id\":\"https:\/\/hobby4geek.com\/#organization\",\"name\":\"Hobby4Geek\",\"url\":\"https:\/\/hobby4geek.com\/\",\"logo\":{\"@type\":\"ImageObject\",\"inLanguage\":\"es\",\"@id\":\"https:\/\/hobby4geek.com\/#\/schema\/logo\/image\/\",\"url\":\"https:\/\/hobby4geek.com\/wp-content\/uploads\/2023\/02\/default-kit.png\",\"contentUrl\":\"https:\/\/hobby4geek.com\/wp-content\/uploads\/2023\/02\/default-kit.png\",\"width\":600,\"height\":600,\"caption\":\"Hobby4Geek\"},\"image\":{\"@id\":\"https:\/\/hobby4geek.com\/#\/schema\/logo\/image\/\"},\"sameAs\":[\"https:\/\/www.facebook.com\/hobby4geek\",\"https:\/\/x.com\/hobby4geek\",\"https:\/\/www.instagram.com\/hobby4geek\/\"]}]}<\/script>\n<meta property=\"product:brand\" content=\"Transformers\" \/>\n<meta property=\"product:price:amount\" content=\"34.00\" \/>\n<meta property=\"product:price:currency\" content=\"EUR\" \/>\n<meta property=\"og:availability\" content=\"out of stock\" \/>\n<meta property=\"product:availability\" content=\"out of stock\" \/>\n<meta property=\"product:retailer_item_id\" content=\"5010994145767\" \/>\n<meta property=\"product:condition\" content=\"new\" \/>\n<!-- \/ Yoast SEO Premium plugin. -->","yoast_head_json":{"title":"Transformers - Buzzworthy Bumblebee - Evil Predacon Terrorsaur","robots":{"index":"index","follow":"follow","max-snippet":"max-snippet:-1","max-image-preview":"max-image-preview:large","max-video-preview":"max-video-preview:-1"},"canonical":"https:\/\/hobby4geek.com\/es\/producto\/transformers-buzzworthy-bumblebee-evil-predacon-terrorsaur\/","og_locale":"es_ES","og_type":"article","og_title":"Transformers - Buzzworthy Bumblebee - Evil Predacon Terrorsaur","og_description":"14 cm  Alt Mode: Converts from robot mode to pteranodon  converts from robot mode to pteranodon mode in 22 steps  Other figures shown sold separately  Fully articulated  Made of plastic  Package Contents:   1 x\u00a0 Buzzworthy Bumblebee Figure  1 x A\u00a0blaster  Arm blade","og_url":"https:\/\/hobby4geek.com\/es\/producto\/transformers-buzzworthy-bumblebee-evil-predacon-terrorsaur\/","og_site_name":"Hobby4Geek","article_publisher":"https:\/\/www.facebook.com\/hobby4geek","article_modified_time":"2024-05-12T12:37:23+00:00","og_image":[{"width":1200,"height":1200,"url":"https:\/\/hobby4geek.com\/wp-content\/uploads\/2023\/04\/transformers-buzzworthy-bumblebee-evil-predacon-terrorsaur.jpg","type":"image\/jpeg"}],"twitter_card":"summary_large_image","twitter_site":"@hobby4geek","schema":{"@context":"https:\/\/schema.org","@graph":[{"@type":"WebPage","@id":"https:\/\/hobby4geek.com\/product\/transformers-buzzworthy-bumblebee-evil-predacon-terrorsaur\/","url":"https:\/\/hobby4geek.com\/product\/transformers-buzzworthy-bumblebee-evil-predacon-terrorsaur\/","name":"Transformers - Buzzworthy Bumblebee - Evil Predacon Terrorsaur","isPartOf":{"@id":"https:\/\/hobby4geek.com\/#website"},"primaryImageOfPage":{"@id":"https:\/\/hobby4geek.com\/product\/transformers-buzzworthy-bumblebee-evil-predacon-terrorsaur\/#primaryimage"},"image":{"@id":"https:\/\/hobby4geek.com\/product\/transformers-buzzworthy-bumblebee-evil-predacon-terrorsaur\/#primaryimage"},"thumbnailUrl":"https:\/\/hobby4geek.com\/wp-content\/uploads\/2023\/04\/transformers-buzzworthy-bumblebee-evil-predacon-terrorsaur.jpg","datePublished":"2023-04-17T17:42:01+00:00","dateModified":"2024-05-12T12:37:23+00:00","breadcrumb":{"@id":"https:\/\/hobby4geek.com\/product\/transformers-buzzworthy-bumblebee-evil-predacon-terrorsaur\/#breadcrumb"},"inLanguage":"es","potentialAction":[{"@type":"ReadAction","target":["https:\/\/hobby4geek.com\/product\/transformers-buzzworthy-bumblebee-evil-predacon-terrorsaur\/"]}]},{"@type":"ImageObject","inLanguage":"es","@id":"https:\/\/hobby4geek.com\/product\/transformers-buzzworthy-bumblebee-evil-predacon-terrorsaur\/#primaryimage","url":"https:\/\/hobby4geek.com\/wp-content\/uploads\/2023\/04\/transformers-buzzworthy-bumblebee-evil-predacon-terrorsaur.jpg","contentUrl":"https:\/\/hobby4geek.com\/wp-content\/uploads\/2023\/04\/transformers-buzzworthy-bumblebee-evil-predacon-terrorsaur.jpg","width":1200,"height":1200},{"@type":"BreadcrumbList","@id":"https:\/\/hobby4geek.com\/product\/transformers-buzzworthy-bumblebee-evil-predacon-terrorsaur\/#breadcrumb","itemListElement":[{"@type":"ListItem","position":1,"name":"Home","item":"https:\/\/hobby4geek.com\/"},{"@type":"ListItem","position":2,"name":"Shop","item":"https:\/\/hobby4geek.com\/shop\/"},{"@type":"ListItem","position":3,"name":"Transformers &#8211; Buzzworthy Bumblebee &#8211; Evil Predacon Terrorsaur"}]},{"@type":"WebSite","@id":"https:\/\/hobby4geek.com\/#website","url":"https:\/\/hobby4geek.com\/","name":"Hobby4Geek","description":"Coleccionar, jugar y exhibir, abrazar su frikismo","publisher":{"@id":"https:\/\/hobby4geek.com\/#organization"},"potentialAction":[{"@type":"SearchAction","target":{"@type":"EntryPoint","urlTemplate":"https:\/\/hobby4geek.com\/?s={search_term_string}"},"query-input":{"@type":"PropertyValueSpecification","valueRequired":true,"valueName":"search_term_string"}}],"inLanguage":"es"},{"@type":"Organization","@id":"https:\/\/hobby4geek.com\/#organization","name":"Hobby4Geek","url":"https:\/\/hobby4geek.com\/","logo":{"@type":"ImageObject","inLanguage":"es","@id":"https:\/\/hobby4geek.com\/#\/schema\/logo\/image\/","url":"https:\/\/hobby4geek.com\/wp-content\/uploads\/2023\/02\/default-kit.png","contentUrl":"https:\/\/hobby4geek.com\/wp-content\/uploads\/2023\/02\/default-kit.png","width":600,"height":600,"caption":"Hobby4Geek"},"image":{"@id":"https:\/\/hobby4geek.com\/#\/schema\/logo\/image\/"},"sameAs":["https:\/\/www.facebook.com\/hobby4geek","https:\/\/x.com\/hobby4geek","https:\/\/www.instagram.com\/hobby4geek\/"]}]},"product_brand":"Transformers","product_price_amount":"34.00","product_price_currency":"EUR","og_availability":"out of stock","product_availability":"out of stock","product_retailer_item_id":"5010994145767","product_condition":"new"},"_links":{"self":[{"href":"https:\/\/hobby4geek.com\/es\/wp-json\/wp\/v2\/product\/187805","targetHints":{"allow":["GET"]}}],"collection":[{"href":"https:\/\/hobby4geek.com\/es\/wp-json\/wp\/v2\/product"}],"about":[{"href":"https:\/\/hobby4geek.com\/es\/wp-json\/wp\/v2\/types\/product"}],"replies":[{"embeddable":true,"href":"https:\/\/hobby4geek.com\/es\/wp-json\/wp\/v2\/comments?post=187805"}],"version-history":[{"count":0,"href":"https:\/\/hobby4geek.com\/es\/wp-json\/wp\/v2\/product\/187805\/revisions"}],"wp:featuredmedia":[{"embeddable":true,"href":"https:\/\/hobby4geek.com\/es\/wp-json\/wp\/v2\/media\/187807"}],"wp:attachment":[{"href":"https:\/\/hobby4geek.com\/es\/wp-json\/wp\/v2\/media?parent=187805"}],"wp:term":[{"taxonomy":"product_brand","embeddable":true,"href":"https:\/\/hobby4geek.com\/es\/wp-json\/wp\/v2\/product_brand?post=187805"},{"taxonomy":"product_cat","embeddable":true,"href":"https:\/\/hobby4geek.com\/es\/wp-json\/wp\/v2\/product_cat?post=187805"},{"taxonomy":"product_tag","embeddable":true,"href":"https:\/\/hobby4geek.com\/es\/wp-json\/wp\/v2\/product_tag?post=187805"},{"taxonomy":"giftcard-category","embeddable":true,"href":"https:\/\/hobby4geek.com\/es\/wp-json\/wp\/v2\/giftcard-category?post=187805"}],"curies":[{"name":"wp","href":"https:\/\/api.w.org\/{rel}","templated":true}]}}