{"id":187471,"date":"2023-04-13T16:17:27","date_gmt":"2023-04-13T15:17:27","guid":{"rendered":"https:\/\/hobby4geek.com\/?post_type=product&#038;p=187471"},"modified":"2024-05-12T13:00:41","modified_gmt":"2024-05-12T12:00:41","slug":"flametoys-transformers-leo-prime-model-kit","status":"publish","type":"product","link":"https:\/\/hobby4geek.com\/es\/producto\/flametoys-transformers-leo-prime-model-kit\/","title":{"rendered":"FlameToys - Kit de maqueta de Transformers Leo Prime"},"content":{"rendered":"<p>La 26\u00aa serie de Furai Model es la maqueta de Leo Prime. Con una altura aproximada de 7 pulgadas, se trata de un Leo Prime modernizado y de forma optimizada. Con m\u00e1s de 50 articulaciones m\u00f3viles, puede definir f\u00e1cilmente la figura terminada en cualquier pose.<\/p>\n<p>El kit de modelo est\u00e1 hecho de pl\u00e1stico duro ABS y PE, ser\u00e1 bueno para los usuarios profesionales de kit de modelo para hacer su propia coloraci\u00f3n Leo Prime. \u00a1El modelo tambi\u00e9n viene con una capa de tela! Las articulaciones son de pl\u00e1stico blando para que tengan un rendimiento m\u00f3vil estable.<\/p>\n<p>Con diferentes colores de inyecci\u00f3n de piezas deslizantes y un dise\u00f1o de montaje sencillo, tambi\u00e9n ser\u00e1 adecuado para principiantes en modelismo.<\/p>\n<ul>\n<li>17 cm<\/li>\n<li>Requiere montaje<\/li>\n<li>Pl\u00e1stico ABS y PE<\/li>\n<li>M\u00e1s de 50 articulaciones m\u00f3viles<\/li>\n<li>Las instrucciones pueden incluir o no una traducci\u00f3n al ingl\u00e9s<\/li>\n<\/ul>\n<p><strong>Contenido del paquete:<\/strong><\/p>\n<ul>\n<li>Piezas para construir<\/li>\n<li>Leo Prime<\/li>\n<li>Espada<\/li>\n<li>1 capa de tela<\/li>\n<li>Instrucciones<\/li>\n<\/ul>","protected":false},"excerpt":{"rendered":"<ul>\n<li>17 cm<\/li>\n<li>Requiere montaje<\/li>\n<li>Pl\u00e1stico ABS y PE<\/li>\n<li>M\u00e1s de 50 articulaciones m\u00f3viles<\/li>\n<li>Las instrucciones pueden incluir o no una traducci\u00f3n al ingl\u00e9s<\/li>\n<\/ul>\n<p><strong>Contenido del paquete:<\/strong><\/p>\n<ul>\n<li>Piezas para construir<\/li>\n<li>Leo Prime<\/li>\n<li>Espada<\/li>\n<li>1 capa de tela<\/li>\n<li>Instrucciones<\/li>\n<\/ul>","protected":false},"featured_media":187472,"comment_status":"open","ping_status":"closed","template":"","meta":{"inline_featured_image":false},"product_brand":[],"product_cat":[1955,162],"product_tag":[1983,1977,1601,2087,1341,1980,1975,204,2460],"giftcard-category":[],"class_list":{"0":"post-187471","1":"product","2":"type-product","3":"status-publish","4":"has-post-thumbnail","6":"product_cat-transformers","7":"product_cat-flame-toys","8":"product_tag-create-craft","9":"product_tag-figures-kit","10":"product_tag-flame-toys","11":"product_tag-leo-prime","12":"product_tag-model-kits","13":"product_tag-statues-co","14":"product_tag-toys-figures","15":"product_tag-transformers","16":"product_tag-transformers-x-flametoys","17":"product_shipping_class-light","19":"first","20":"outofstock","21":"taxable","22":"shipping-taxable","23":"purchasable","24":"product-type-simple","25":"add-to-wishlist-after_add_to_cart"},"yoast_head":"<!-- This site is optimized with the Yoast SEO Premium plugin v25.3.1 (Yoast SEO v27.2) - https:\/\/yoast.com\/product\/yoast-seo-premium-wordpress\/ -->\n<title>FlameToys - Transformers Leo Prime Model Kit<\/title>\n<meta name=\"robots\" content=\"index, follow, max-snippet:-1, max-image-preview:large, max-video-preview:-1\" \/>\n<link rel=\"canonical\" href=\"https:\/\/hobby4geek.com\/es\/producto\/flametoys-transformers-leo-prime-model-kit\/\" \/>\n<meta property=\"og:locale\" content=\"es_ES\" \/>\n<meta property=\"og:type\" content=\"article\" \/>\n<meta property=\"og:title\" content=\"FlameToys - Transformers Leo Prime Model Kit\" \/>\n<meta property=\"og:description\" content=\"17 cm  Assembly required  Plastic ABS &amp; PE  More than 50 movable joints  Instructions may or may not include an English translation  Package Contents:   Parts to build  Leo Prime  Sword  1 x cloth cape  Instructions\" \/>\n<meta property=\"og:url\" content=\"https:\/\/hobby4geek.com\/es\/producto\/flametoys-transformers-leo-prime-model-kit\/\" \/>\n<meta property=\"og:site_name\" content=\"Hobby4Geek\" \/>\n<meta property=\"article:publisher\" content=\"https:\/\/www.facebook.com\/hobby4geek\" \/>\n<meta property=\"article:modified_time\" content=\"2024-05-12T12:00:41+00:00\" \/>\n<meta property=\"og:image\" content=\"https:\/\/hobby4geek.com\/wp-content\/uploads\/2023\/04\/flametoys-transformers-leo-prime-model-kit.png\" \/>\n\t<meta property=\"og:image:width\" content=\"585\" \/>\n\t<meta property=\"og:image:height\" content=\"703\" \/>\n\t<meta property=\"og:image:type\" content=\"image\/png\" \/>\n<meta name=\"twitter:card\" content=\"summary_large_image\" \/>\n<meta name=\"twitter:site\" content=\"@hobby4geek\" \/>\n<script type=\"application\/ld+json\" class=\"yoast-schema-graph\">{\"@context\":\"https:\/\/schema.org\",\"@graph\":[{\"@type\":\"WebPage\",\"@id\":\"https:\/\/hobby4geek.com\/it\/prodotto\/flametoys-transformers-leo-prime-model-kit\/\",\"url\":\"https:\/\/hobby4geek.com\/it\/prodotto\/flametoys-transformers-leo-prime-model-kit\/\",\"name\":\"FlameToys - Transformers Leo Prime Model Kit\",\"isPartOf\":{\"@id\":\"https:\/\/hobby4geek.com\/#website\"},\"primaryImageOfPage\":{\"@id\":\"https:\/\/hobby4geek.com\/it\/prodotto\/flametoys-transformers-leo-prime-model-kit\/#primaryimage\"},\"image\":{\"@id\":\"https:\/\/hobby4geek.com\/it\/prodotto\/flametoys-transformers-leo-prime-model-kit\/#primaryimage\"},\"thumbnailUrl\":\"https:\/\/hobby4geek.com\/wp-content\/uploads\/2023\/04\/flametoys-transformers-leo-prime-model-kit.png\",\"datePublished\":\"2023-04-13T15:17:27+00:00\",\"dateModified\":\"2024-05-12T12:00:41+00:00\",\"breadcrumb\":{\"@id\":\"https:\/\/hobby4geek.com\/it\/prodotto\/flametoys-transformers-leo-prime-model-kit\/#breadcrumb\"},\"inLanguage\":\"es\",\"potentialAction\":[{\"@type\":\"ReadAction\",\"target\":[\"https:\/\/hobby4geek.com\/it\/prodotto\/flametoys-transformers-leo-prime-model-kit\/\"]}]},{\"@type\":\"ImageObject\",\"inLanguage\":\"es\",\"@id\":\"https:\/\/hobby4geek.com\/it\/prodotto\/flametoys-transformers-leo-prime-model-kit\/#primaryimage\",\"url\":\"https:\/\/hobby4geek.com\/wp-content\/uploads\/2023\/04\/flametoys-transformers-leo-prime-model-kit.png\",\"contentUrl\":\"https:\/\/hobby4geek.com\/wp-content\/uploads\/2023\/04\/flametoys-transformers-leo-prime-model-kit.png\",\"width\":585,\"height\":703},{\"@type\":\"BreadcrumbList\",\"@id\":\"https:\/\/hobby4geek.com\/it\/prodotto\/flametoys-transformers-leo-prime-model-kit\/#breadcrumb\",\"itemListElement\":[{\"@type\":\"ListItem\",\"position\":1,\"name\":\"Home\",\"item\":\"https:\/\/hobby4geek.com\/\"},{\"@type\":\"ListItem\",\"position\":2,\"name\":\"Shop\",\"item\":\"https:\/\/hobby4geek.com\/shop\/\"},{\"@type\":\"ListItem\",\"position\":3,\"name\":\"FlameToys &#8211; Transformers Leo Prime Model Kit\"}]},{\"@type\":\"WebSite\",\"@id\":\"https:\/\/hobby4geek.com\/#website\",\"url\":\"https:\/\/hobby4geek.com\/\",\"name\":\"Hobby4Geek\",\"description\":\"Collect, Play &amp; Showcase, Embrace your Geekiness\",\"publisher\":{\"@id\":\"https:\/\/hobby4geek.com\/#organization\"},\"potentialAction\":[{\"@type\":\"SearchAction\",\"target\":{\"@type\":\"EntryPoint\",\"urlTemplate\":\"https:\/\/hobby4geek.com\/?s={search_term_string}\"},\"query-input\":{\"@type\":\"PropertyValueSpecification\",\"valueRequired\":true,\"valueName\":\"search_term_string\"}}],\"inLanguage\":\"es\"},{\"@type\":\"Organization\",\"@id\":\"https:\/\/hobby4geek.com\/#organization\",\"name\":\"Hobby4Geek\",\"url\":\"https:\/\/hobby4geek.com\/\",\"logo\":{\"@type\":\"ImageObject\",\"inLanguage\":\"es\",\"@id\":\"https:\/\/hobby4geek.com\/#\/schema\/logo\/image\/\",\"url\":\"https:\/\/hobby4geek.com\/wp-content\/uploads\/2023\/02\/default-kit.png\",\"contentUrl\":\"https:\/\/hobby4geek.com\/wp-content\/uploads\/2023\/02\/default-kit.png\",\"width\":600,\"height\":600,\"caption\":\"Hobby4Geek\"},\"image\":{\"@id\":\"https:\/\/hobby4geek.com\/#\/schema\/logo\/image\/\"},\"sameAs\":[\"https:\/\/www.facebook.com\/hobby4geek\",\"https:\/\/x.com\/hobby4geek\",\"https:\/\/www.instagram.com\/hobby4geek\/\"]}]}<\/script>\n<meta property=\"product:brand\" content=\"Transformers\" \/>\n<meta property=\"product:price:amount\" content=\"129.80\" \/>\n<meta property=\"product:price:currency\" content=\"EUR\" \/>\n<meta property=\"og:availability\" content=\"out of stock\" \/>\n<meta property=\"product:availability\" content=\"out of stock\" \/>\n<meta property=\"product:retailer_item_id\" content=\"4897054514074\" \/>\n<meta property=\"product:condition\" content=\"new\" \/>\n<!-- \/ Yoast SEO Premium plugin. -->","yoast_head_json":{"title":"FlameToys - Transformers Kit de modelismo de Leo Prime","robots":{"index":"index","follow":"follow","max-snippet":"max-snippet:-1","max-image-preview":"max-image-preview:large","max-video-preview":"max-video-preview:-1"},"canonical":"https:\/\/hobby4geek.com\/es\/producto\/flametoys-transformers-leo-prime-model-kit\/","og_locale":"es_ES","og_type":"article","og_title":"FlameToys - Transformers Leo Prime Model Kit","og_description":"17 cm  Assembly required  Plastic ABS &amp; PE  More than 50 movable joints  Instructions may or may not include an English translation  Package Contents:   Parts to build  Leo Prime  Sword  1 x cloth cape  Instructions","og_url":"https:\/\/hobby4geek.com\/es\/producto\/flametoys-transformers-leo-prime-model-kit\/","og_site_name":"Hobby4Geek","article_publisher":"https:\/\/www.facebook.com\/hobby4geek","article_modified_time":"2024-05-12T12:00:41+00:00","og_image":[{"width":585,"height":703,"url":"https:\/\/hobby4geek.com\/wp-content\/uploads\/2023\/04\/flametoys-transformers-leo-prime-model-kit.png","type":"image\/png"}],"twitter_card":"summary_large_image","twitter_site":"@hobby4geek","schema":{"@context":"https:\/\/schema.org","@graph":[{"@type":"WebPage","@id":"https:\/\/hobby4geek.com\/it\/prodotto\/flametoys-transformers-leo-prime-model-kit\/","url":"https:\/\/hobby4geek.com\/it\/prodotto\/flametoys-transformers-leo-prime-model-kit\/","name":"FlameToys - Transformers Kit de modelismo de Leo Prime","isPartOf":{"@id":"https:\/\/hobby4geek.com\/#website"},"primaryImageOfPage":{"@id":"https:\/\/hobby4geek.com\/it\/prodotto\/flametoys-transformers-leo-prime-model-kit\/#primaryimage"},"image":{"@id":"https:\/\/hobby4geek.com\/it\/prodotto\/flametoys-transformers-leo-prime-model-kit\/#primaryimage"},"thumbnailUrl":"https:\/\/hobby4geek.com\/wp-content\/uploads\/2023\/04\/flametoys-transformers-leo-prime-model-kit.png","datePublished":"2023-04-13T15:17:27+00:00","dateModified":"2024-05-12T12:00:41+00:00","breadcrumb":{"@id":"https:\/\/hobby4geek.com\/it\/prodotto\/flametoys-transformers-leo-prime-model-kit\/#breadcrumb"},"inLanguage":"es","potentialAction":[{"@type":"ReadAction","target":["https:\/\/hobby4geek.com\/it\/prodotto\/flametoys-transformers-leo-prime-model-kit\/"]}]},{"@type":"ImageObject","inLanguage":"es","@id":"https:\/\/hobby4geek.com\/it\/prodotto\/flametoys-transformers-leo-prime-model-kit\/#primaryimage","url":"https:\/\/hobby4geek.com\/wp-content\/uploads\/2023\/04\/flametoys-transformers-leo-prime-model-kit.png","contentUrl":"https:\/\/hobby4geek.com\/wp-content\/uploads\/2023\/04\/flametoys-transformers-leo-prime-model-kit.png","width":585,"height":703},{"@type":"BreadcrumbList","@id":"https:\/\/hobby4geek.com\/it\/prodotto\/flametoys-transformers-leo-prime-model-kit\/#breadcrumb","itemListElement":[{"@type":"ListItem","position":1,"name":"Home","item":"https:\/\/hobby4geek.com\/"},{"@type":"ListItem","position":2,"name":"Shop","item":"https:\/\/hobby4geek.com\/shop\/"},{"@type":"ListItem","position":3,"name":"FlameToys &#8211; Transformers Leo Prime Model Kit"}]},{"@type":"WebSite","@id":"https:\/\/hobby4geek.com\/#website","url":"https:\/\/hobby4geek.com\/","name":"Hobby4Geek","description":"Coleccionar, jugar y exhibir, abrazar su frikismo","publisher":{"@id":"https:\/\/hobby4geek.com\/#organization"},"potentialAction":[{"@type":"SearchAction","target":{"@type":"EntryPoint","urlTemplate":"https:\/\/hobby4geek.com\/?s={search_term_string}"},"query-input":{"@type":"PropertyValueSpecification","valueRequired":true,"valueName":"search_term_string"}}],"inLanguage":"es"},{"@type":"Organization","@id":"https:\/\/hobby4geek.com\/#organization","name":"Hobby4Geek","url":"https:\/\/hobby4geek.com\/","logo":{"@type":"ImageObject","inLanguage":"es","@id":"https:\/\/hobby4geek.com\/#\/schema\/logo\/image\/","url":"https:\/\/hobby4geek.com\/wp-content\/uploads\/2023\/02\/default-kit.png","contentUrl":"https:\/\/hobby4geek.com\/wp-content\/uploads\/2023\/02\/default-kit.png","width":600,"height":600,"caption":"Hobby4Geek"},"image":{"@id":"https:\/\/hobby4geek.com\/#\/schema\/logo\/image\/"},"sameAs":["https:\/\/www.facebook.com\/hobby4geek","https:\/\/x.com\/hobby4geek","https:\/\/www.instagram.com\/hobby4geek\/"]}]},"product_brand":"Transformers","product_price_amount":"129.80","product_price_currency":"EUR","og_availability":"out of stock","product_availability":"out of stock","product_retailer_item_id":"4897054514074","product_condition":"new"},"_links":{"self":[{"href":"https:\/\/hobby4geek.com\/es\/wp-json\/wp\/v2\/product\/187471","targetHints":{"allow":["GET"]}}],"collection":[{"href":"https:\/\/hobby4geek.com\/es\/wp-json\/wp\/v2\/product"}],"about":[{"href":"https:\/\/hobby4geek.com\/es\/wp-json\/wp\/v2\/types\/product"}],"replies":[{"embeddable":true,"href":"https:\/\/hobby4geek.com\/es\/wp-json\/wp\/v2\/comments?post=187471"}],"version-history":[{"count":0,"href":"https:\/\/hobby4geek.com\/es\/wp-json\/wp\/v2\/product\/187471\/revisions"}],"wp:featuredmedia":[{"embeddable":true,"href":"https:\/\/hobby4geek.com\/es\/wp-json\/wp\/v2\/media\/187472"}],"wp:attachment":[{"href":"https:\/\/hobby4geek.com\/es\/wp-json\/wp\/v2\/media?parent=187471"}],"wp:term":[{"taxonomy":"product_brand","embeddable":true,"href":"https:\/\/hobby4geek.com\/es\/wp-json\/wp\/v2\/product_brand?post=187471"},{"taxonomy":"product_cat","embeddable":true,"href":"https:\/\/hobby4geek.com\/es\/wp-json\/wp\/v2\/product_cat?post=187471"},{"taxonomy":"product_tag","embeddable":true,"href":"https:\/\/hobby4geek.com\/es\/wp-json\/wp\/v2\/product_tag?post=187471"},{"taxonomy":"giftcard-category","embeddable":true,"href":"https:\/\/hobby4geek.com\/es\/wp-json\/wp\/v2\/giftcard-category?post=187471"}],"curies":[{"name":"wp","href":"https:\/\/api.w.org\/{rel}","templated":true}]}}