{"id":187075,"date":"2023-04-10T19:12:20","date_gmt":"2023-04-10T18:12:20","guid":{"rendered":"https:\/\/hobby4geek.com\/?post_type=product&#038;p=187075"},"modified":"2024-08-23T14:34:46","modified_gmt":"2024-08-23T13:34:46","slug":"first-4-figures-mario-kart-mario-standard-edition-pvc-statue-18-6-cm","status":"publish","type":"product","link":"https:\/\/hobby4geek.com\/es\/producto\/first-4-figures-mario-kart-mario-standard-edition-pvc-statue-18-6-cm\/","title":{"rendered":"First 4 Figures - Mario Kart - MARIO Standard Edition Estatua de PVC 18,6 cm"},"content":{"rendered":"<p>La figura de Mario Kart de la marca First 4 Figures es un imprescindible para todos los aficionados al ic\u00f3nico videojuego. Fabricada en PVC de alta calidad, esta figura tiene una postura inspirada en el original de 1992, con una base redonda para una presentaci\u00f3n perfecta. Con sus impresionantes dimensiones de 18 cm de alto y 28 cm de ancho, esta figura es un elemento decorativo incre\u00edble. Es fiel al original, con detalles finamente trabajados para un acabado sobrio. Los colores vivos y vibrantes hacen que esta figura sea a\u00fan m\u00e1s atractiva.<\/p>\n<p>Compra ahora esta figura de Mario Kart para completar tu colecci\u00f3n de videojuegos o para regalar a un fan de Mario Kart. Esta figura tambi\u00e9n est\u00e1 limitada, \u00a1as\u00ed que no pierdas la oportunidad de a\u00f1adirla a tu colecci\u00f3n!<\/p>\n<p><iframe title=\"MarioKart_ST_ONLY\" width=\"800\" height=\"450\" src=\"https:\/\/www.youtube.com\/embed\/3XLuGUuGZBc?feature=oembed\" frameborder=\"0\" allow=\"accelerometer; autoplay; clipboard-write; encrypted-media; gyroscope; picture-in-picture; web-share\" referrerpolicy=\"strict-origin-when-cross-origin\" allowfullscreen><\/iframe><\/p>\n<ul>\n<li>Figura de PVC<\/li>\n<li>Tama\u00f1o aprox. 19 cm<\/li>\n<li>En la base<\/li>\n<\/ul>\n<p>&nbsp;<\/p>","protected":false},"excerpt":{"rendered":"<ul>\n<li>Figura de PVC<\/li>\n<li>Tama\u00f1o aprox. 19 cm<\/li>\n<li>En la base<\/li>\n<\/ul>","protected":false},"featured_media":187077,"comment_status":"open","ping_status":"closed","template":"","meta":{"inline_featured_image":false},"product_brand":[],"product_cat":[2036,2035,2051],"product_tag":[2042,2041,2037,2040,2044,1935,1980,2038,2039,2053],"giftcard-category":[],"class_list":{"0":"post-187075","1":"product","2":"type-product","3":"status-publish","4":"has-post-thumbnail","6":"product_cat-first-4-figures","7":"product_cat-mario-kart","8":"product_cat-nintendo","9":"product_tag-first-4-fgures","10":"product_tag-mario","11":"product_tag-mario-kart","12":"product_tag-nintendo","13":"product_tag-standard-edition","14":"product_tag-statues","15":"product_tag-statues-co","16":"product_tag-statuette","17":"product_tag-super-mario","18":"product_tag-the-super-mario-bros","19":"product_shipping_class-standard","20":"inventories-france-inventory","22":"first","23":"instock","24":"taxable","25":"shipping-taxable","26":"purchasable","27":"product-type-simple","28":"add-to-wishlist-after_add_to_cart"},"yoast_head":"<!-- This site is optimized with the Yoast SEO Premium plugin v25.3.1 (Yoast SEO v27.2) - https:\/\/yoast.com\/product\/yoast-seo-premium-wordpress\/ -->\n<title>First 4 Figures - Mario Kart - MARIO Standard Edition PVC Statue 18.6 cm<\/title>\n<meta name=\"robots\" content=\"index, follow, max-snippet:-1, max-image-preview:large, max-video-preview:-1\" \/>\n<link rel=\"canonical\" href=\"https:\/\/hobby4geek.com\/es\/producto\/first-4-figures-mario-kart-mario-standard-edition-pvc-statue-18-6-cm\/\" \/>\n<meta property=\"og:locale\" content=\"es_ES\" \/>\n<meta property=\"og:type\" content=\"article\" \/>\n<meta property=\"og:title\" content=\"First 4 Figures - Mario Kart - MARIO Standard Edition PVC Statue 18.6 cm\" \/>\n<meta property=\"og:description\" content=\"PVC figure  Size approx. 19cm  On base\" \/>\n<meta property=\"og:url\" content=\"https:\/\/hobby4geek.com\/es\/producto\/first-4-figures-mario-kart-mario-standard-edition-pvc-statue-18-6-cm\/\" \/>\n<meta property=\"og:site_name\" content=\"Hobby4Geek\" \/>\n<meta property=\"article:publisher\" content=\"https:\/\/www.facebook.com\/hobby4geek\" \/>\n<meta property=\"article:modified_time\" content=\"2024-08-23T13:34:46+00:00\" \/>\n<meta property=\"og:image\" content=\"https:\/\/hobby4geek.com\/wp-content\/uploads\/2023\/04\/first-4-figures-mario-kart-mario-standard-edition-pvc-statue-186-cm-2.jpg\" \/>\n\t<meta property=\"og:image:width\" content=\"2560\" \/>\n\t<meta property=\"og:image:height\" content=\"2124\" \/>\n\t<meta property=\"og:image:type\" content=\"image\/jpeg\" \/>\n<meta name=\"twitter:card\" content=\"summary_large_image\" \/>\n<meta name=\"twitter:site\" content=\"@hobby4geek\" \/>\n<script type=\"application\/ld+json\" class=\"yoast-schema-graph\">{\"@context\":\"https:\/\/schema.org\",\"@graph\":[{\"@type\":\"WebPage\",\"@id\":\"https:\/\/hobby4geek.com\/product\/first-4-figures-mario-kart-mario-standard-edition-pvc-statue-18-6-cm\/\",\"url\":\"https:\/\/hobby4geek.com\/product\/first-4-figures-mario-kart-mario-standard-edition-pvc-statue-18-6-cm\/\",\"name\":\"First 4 Figures - Mario Kart - MARIO Standard Edition PVC Statue 18.6 cm\",\"isPartOf\":{\"@id\":\"https:\/\/hobby4geek.com\/#website\"},\"primaryImageOfPage\":{\"@id\":\"https:\/\/hobby4geek.com\/product\/first-4-figures-mario-kart-mario-standard-edition-pvc-statue-18-6-cm\/#primaryimage\"},\"image\":{\"@id\":\"https:\/\/hobby4geek.com\/product\/first-4-figures-mario-kart-mario-standard-edition-pvc-statue-18-6-cm\/#primaryimage\"},\"thumbnailUrl\":\"https:\/\/hobby4geek.com\/wp-content\/uploads\/2023\/04\/first-4-figures-mario-kart-mario-standard-edition-pvc-statue-186-cm-2.jpg\",\"datePublished\":\"2023-04-10T18:12:20+00:00\",\"dateModified\":\"2024-08-23T13:34:46+00:00\",\"breadcrumb\":{\"@id\":\"https:\/\/hobby4geek.com\/product\/first-4-figures-mario-kart-mario-standard-edition-pvc-statue-18-6-cm\/#breadcrumb\"},\"inLanguage\":\"es\",\"potentialAction\":[{\"@type\":\"ReadAction\",\"target\":[\"https:\/\/hobby4geek.com\/product\/first-4-figures-mario-kart-mario-standard-edition-pvc-statue-18-6-cm\/\"]}]},{\"@type\":\"ImageObject\",\"inLanguage\":\"es\",\"@id\":\"https:\/\/hobby4geek.com\/product\/first-4-figures-mario-kart-mario-standard-edition-pvc-statue-18-6-cm\/#primaryimage\",\"url\":\"https:\/\/hobby4geek.com\/wp-content\/uploads\/2023\/04\/first-4-figures-mario-kart-mario-standard-edition-pvc-statue-186-cm-2.jpg\",\"contentUrl\":\"https:\/\/hobby4geek.com\/wp-content\/uploads\/2023\/04\/first-4-figures-mario-kart-mario-standard-edition-pvc-statue-186-cm-2.jpg\",\"width\":2560,\"height\":2124},{\"@type\":\"BreadcrumbList\",\"@id\":\"https:\/\/hobby4geek.com\/product\/first-4-figures-mario-kart-mario-standard-edition-pvc-statue-18-6-cm\/#breadcrumb\",\"itemListElement\":[{\"@type\":\"ListItem\",\"position\":1,\"name\":\"Home\",\"item\":\"https:\/\/hobby4geek.com\/\"},{\"@type\":\"ListItem\",\"position\":2,\"name\":\"Shop\",\"item\":\"https:\/\/hobby4geek.com\/shop\/\"},{\"@type\":\"ListItem\",\"position\":3,\"name\":\"First 4 Figures &#8211; Mario Kart &#8211; MARIO Standard Edition PVC Statue 18.6 cm\"}]},{\"@type\":\"WebSite\",\"@id\":\"https:\/\/hobby4geek.com\/#website\",\"url\":\"https:\/\/hobby4geek.com\/\",\"name\":\"Hobby4Geek\",\"description\":\"Collect, Play &amp; Showcase, Embrace your Geekiness\",\"publisher\":{\"@id\":\"https:\/\/hobby4geek.com\/#organization\"},\"potentialAction\":[{\"@type\":\"SearchAction\",\"target\":{\"@type\":\"EntryPoint\",\"urlTemplate\":\"https:\/\/hobby4geek.com\/?s={search_term_string}\"},\"query-input\":{\"@type\":\"PropertyValueSpecification\",\"valueRequired\":true,\"valueName\":\"search_term_string\"}}],\"inLanguage\":\"es\"},{\"@type\":\"Organization\",\"@id\":\"https:\/\/hobby4geek.com\/#organization\",\"name\":\"Hobby4Geek\",\"url\":\"https:\/\/hobby4geek.com\/\",\"logo\":{\"@type\":\"ImageObject\",\"inLanguage\":\"es\",\"@id\":\"https:\/\/hobby4geek.com\/#\/schema\/logo\/image\/\",\"url\":\"https:\/\/hobby4geek.com\/wp-content\/uploads\/2023\/02\/default-kit.png\",\"contentUrl\":\"https:\/\/hobby4geek.com\/wp-content\/uploads\/2023\/02\/default-kit.png\",\"width\":600,\"height\":600,\"caption\":\"Hobby4Geek\"},\"image\":{\"@id\":\"https:\/\/hobby4geek.com\/#\/schema\/logo\/image\/\"},\"sameAs\":[\"https:\/\/www.facebook.com\/hobby4geek\",\"https:\/\/x.com\/hobby4geek\",\"https:\/\/www.instagram.com\/hobby4geek\/\"]}]}<\/script>\n<meta property=\"product:brand\" content=\"First 4 Figures\" \/>\n<meta property=\"product:price:amount\" content=\"148.00\" \/>\n<meta property=\"product:price:currency\" content=\"EUR\" \/>\n<meta property=\"og:availability\" content=\"instock\" \/>\n<meta property=\"product:availability\" content=\"instock\" \/>\n<meta property=\"product:retailer_item_id\" content=\"5060316624739\" \/>\n<meta property=\"product:condition\" content=\"new\" \/>\n<!-- \/ Yoast SEO Premium plugin. -->","yoast_head_json":{"title":"First 4 Figures - Mario Kart - MARIO Standard Edition Estatua de PVC 18,6 cm","robots":{"index":"index","follow":"follow","max-snippet":"max-snippet:-1","max-image-preview":"max-image-preview:large","max-video-preview":"max-video-preview:-1"},"canonical":"https:\/\/hobby4geek.com\/es\/producto\/first-4-figures-mario-kart-mario-standard-edition-pvc-statue-18-6-cm\/","og_locale":"es_ES","og_type":"article","og_title":"First 4 Figures - Mario Kart - MARIO Standard Edition PVC Statue 18.6 cm","og_description":"PVC figure  Size approx. 19cm  On base","og_url":"https:\/\/hobby4geek.com\/es\/producto\/first-4-figures-mario-kart-mario-standard-edition-pvc-statue-18-6-cm\/","og_site_name":"Hobby4Geek","article_publisher":"https:\/\/www.facebook.com\/hobby4geek","article_modified_time":"2024-08-23T13:34:46+00:00","og_image":[{"width":2560,"height":2124,"url":"https:\/\/hobby4geek.com\/wp-content\/uploads\/2023\/04\/first-4-figures-mario-kart-mario-standard-edition-pvc-statue-186-cm-2.jpg","type":"image\/jpeg"}],"twitter_card":"summary_large_image","twitter_site":"@hobby4geek","schema":{"@context":"https:\/\/schema.org","@graph":[{"@type":"WebPage","@id":"https:\/\/hobby4geek.com\/product\/first-4-figures-mario-kart-mario-standard-edition-pvc-statue-18-6-cm\/","url":"https:\/\/hobby4geek.com\/product\/first-4-figures-mario-kart-mario-standard-edition-pvc-statue-18-6-cm\/","name":"First 4 Figures - Mario Kart - MARIO Standard Edition Estatua de PVC 18,6 cm","isPartOf":{"@id":"https:\/\/hobby4geek.com\/#website"},"primaryImageOfPage":{"@id":"https:\/\/hobby4geek.com\/product\/first-4-figures-mario-kart-mario-standard-edition-pvc-statue-18-6-cm\/#primaryimage"},"image":{"@id":"https:\/\/hobby4geek.com\/product\/first-4-figures-mario-kart-mario-standard-edition-pvc-statue-18-6-cm\/#primaryimage"},"thumbnailUrl":"https:\/\/hobby4geek.com\/wp-content\/uploads\/2023\/04\/first-4-figures-mario-kart-mario-standard-edition-pvc-statue-186-cm-2.jpg","datePublished":"2023-04-10T18:12:20+00:00","dateModified":"2024-08-23T13:34:46+00:00","breadcrumb":{"@id":"https:\/\/hobby4geek.com\/product\/first-4-figures-mario-kart-mario-standard-edition-pvc-statue-18-6-cm\/#breadcrumb"},"inLanguage":"es","potentialAction":[{"@type":"ReadAction","target":["https:\/\/hobby4geek.com\/product\/first-4-figures-mario-kart-mario-standard-edition-pvc-statue-18-6-cm\/"]}]},{"@type":"ImageObject","inLanguage":"es","@id":"https:\/\/hobby4geek.com\/product\/first-4-figures-mario-kart-mario-standard-edition-pvc-statue-18-6-cm\/#primaryimage","url":"https:\/\/hobby4geek.com\/wp-content\/uploads\/2023\/04\/first-4-figures-mario-kart-mario-standard-edition-pvc-statue-186-cm-2.jpg","contentUrl":"https:\/\/hobby4geek.com\/wp-content\/uploads\/2023\/04\/first-4-figures-mario-kart-mario-standard-edition-pvc-statue-186-cm-2.jpg","width":2560,"height":2124},{"@type":"BreadcrumbList","@id":"https:\/\/hobby4geek.com\/product\/first-4-figures-mario-kart-mario-standard-edition-pvc-statue-18-6-cm\/#breadcrumb","itemListElement":[{"@type":"ListItem","position":1,"name":"Home","item":"https:\/\/hobby4geek.com\/"},{"@type":"ListItem","position":2,"name":"Shop","item":"https:\/\/hobby4geek.com\/shop\/"},{"@type":"ListItem","position":3,"name":"First 4 Figures &#8211; Mario Kart &#8211; MARIO Standard Edition PVC Statue 18.6 cm"}]},{"@type":"WebSite","@id":"https:\/\/hobby4geek.com\/#website","url":"https:\/\/hobby4geek.com\/","name":"Hobby4Geek","description":"Coleccionar, jugar y exhibir, abrazar su frikismo","publisher":{"@id":"https:\/\/hobby4geek.com\/#organization"},"potentialAction":[{"@type":"SearchAction","target":{"@type":"EntryPoint","urlTemplate":"https:\/\/hobby4geek.com\/?s={search_term_string}"},"query-input":{"@type":"PropertyValueSpecification","valueRequired":true,"valueName":"search_term_string"}}],"inLanguage":"es"},{"@type":"Organization","@id":"https:\/\/hobby4geek.com\/#organization","name":"Hobby4Geek","url":"https:\/\/hobby4geek.com\/","logo":{"@type":"ImageObject","inLanguage":"es","@id":"https:\/\/hobby4geek.com\/#\/schema\/logo\/image\/","url":"https:\/\/hobby4geek.com\/wp-content\/uploads\/2023\/02\/default-kit.png","contentUrl":"https:\/\/hobby4geek.com\/wp-content\/uploads\/2023\/02\/default-kit.png","width":600,"height":600,"caption":"Hobby4Geek"},"image":{"@id":"https:\/\/hobby4geek.com\/#\/schema\/logo\/image\/"},"sameAs":["https:\/\/www.facebook.com\/hobby4geek","https:\/\/x.com\/hobby4geek","https:\/\/www.instagram.com\/hobby4geek\/"]}]},"product_brand":"First 4 Figures","product_price_amount":"148.00","product_price_currency":"EUR","og_availability":"instock","product_availability":"instock","product_retailer_item_id":"5060316624739","product_condition":"new"},"_links":{"self":[{"href":"https:\/\/hobby4geek.com\/es\/wp-json\/wp\/v2\/product\/187075","targetHints":{"allow":["GET"]}}],"collection":[{"href":"https:\/\/hobby4geek.com\/es\/wp-json\/wp\/v2\/product"}],"about":[{"href":"https:\/\/hobby4geek.com\/es\/wp-json\/wp\/v2\/types\/product"}],"replies":[{"embeddable":true,"href":"https:\/\/hobby4geek.com\/es\/wp-json\/wp\/v2\/comments?post=187075"}],"version-history":[{"count":0,"href":"https:\/\/hobby4geek.com\/es\/wp-json\/wp\/v2\/product\/187075\/revisions"}],"wp:featuredmedia":[{"embeddable":true,"href":"https:\/\/hobby4geek.com\/es\/wp-json\/wp\/v2\/media\/187077"}],"wp:attachment":[{"href":"https:\/\/hobby4geek.com\/es\/wp-json\/wp\/v2\/media?parent=187075"}],"wp:term":[{"taxonomy":"product_brand","embeddable":true,"href":"https:\/\/hobby4geek.com\/es\/wp-json\/wp\/v2\/product_brand?post=187075"},{"taxonomy":"product_cat","embeddable":true,"href":"https:\/\/hobby4geek.com\/es\/wp-json\/wp\/v2\/product_cat?post=187075"},{"taxonomy":"product_tag","embeddable":true,"href":"https:\/\/hobby4geek.com\/es\/wp-json\/wp\/v2\/product_tag?post=187075"},{"taxonomy":"giftcard-category","embeddable":true,"href":"https:\/\/hobby4geek.com\/es\/wp-json\/wp\/v2\/giftcard-category?post=187075"}],"curies":[{"name":"wp","href":"https:\/\/api.w.org\/{rel}","templated":true}]}}