{"id":186864,"date":"2023-04-10T12:29:26","date_gmt":"2023-04-10T11:29:26","guid":{"rendered":"https:\/\/hobby4geek.com\/?post_type=product&#038;p=186864"},"modified":"2025-03-09T10:55:25","modified_gmt":"2025-03-09T09:55:25","slug":"star-wars-the-black-series-40th-anniversary-boba-fett-star-wars-episode-vi","status":"publish","type":"product","link":"https:\/\/hobby4geek.com\/es\/producto\/star-wars-the-black-series-40th-anniversary-boba-fett-star-wars-episode-vi\/","title":{"rendered":"Star Wars: La Serie Negra - 40\u00ba Aniversario - Boba Fett (Star Wars Episodio VI)"},"content":{"rendered":"<p>Conmemora el 40 aniversario de Star Wars: El retorno del Jedi con las figuras de The Black Series, \u00a1con un dise\u00f1o y un embalaje cl\u00e1sicos!<\/p>\n<p>\u00a1Ni\u00f1os y coleccionistas por igual pueden imaginar las mayores batallas y misiones de la saga Star Wars con las figuras de Star Wars The Black Series! Con unas caracter\u00edsticas y una decoraci\u00f3n exquisitas, esta serie encarna la calidad y el realismo que tanto gustan a los devotos de Star Wars. Star Wars The Black Series incluye figuras, veh\u00edculos y art\u00edculos de rol del legado de m\u00e1s de 40 a\u00f1os de la galaxia Star Wars, incluidos c\u00f3mics, pel\u00edculas y series de animaci\u00f3n.<\/p>\n<ul>\n<li>Serie Toy: The Black Series<\/li>\n<li>Tama\u00f1o del juguete: 15 cm<\/li>\n<li>Escala: 6 pulgadas<\/li>\n<li>De Star Wars Episodio VI: El retorno del Jedi<\/li>\n<li>Calidad de coleccionista con detalles de primera calidad<\/li>\n<li>M\u00faltiples puntos de articulaci\u00f3n<\/li>\n<li>De pl\u00e1stico<\/li>\n<li>El producto es nuevo y est\u00e1 en perfecto estado<\/li>\n<\/ul>\n<p><strong>Contenido del envase:<\/strong><\/p>\n<ul>\n<li>1 x Figura de Boba Fett<\/li>\n<li>1 x Jetpack<\/li>\n<li>2 x Efectos Jetpack Blast<\/li>\n<li>1 x Cuerda de seguridad<\/li>\n<li>1 x Rifle Blaster<\/li>\n<li>1 x Rifle Blaster Da\u00f1ado<\/li>\n<li>1 x Efecto Llama<\/li>\n<\/ul>","protected":false},"excerpt":{"rendered":"<ul>\n<li>Serie Toy: The Black Series<\/li>\n<li>Tama\u00f1o del juguete: 15 cm<\/li>\n<li>Escala: 6 pulgadas<\/li>\n<li>De Star Wars Episodio VI: El retorno del Jedi<\/li>\n<li>Calidad de coleccionista con detalles de primera calidad<\/li>\n<li>M\u00faltiples puntos de articulaci\u00f3n<\/li>\n<li>De pl\u00e1stico<\/li>\n<li>El producto es nuevo y est\u00e1 en perfecto estado<\/li>\n<\/ul>\n<p><strong>Contenido del envase:<\/strong><\/p>\n<ul>\n<li>1 x Figura de Boba Fett<\/li>\n<li>1 x Jetpack<\/li>\n<li>2 x Efectos Jetpack Blast<\/li>\n<li>1 x Cuerda de seguridad<\/li>\n<li>1 x Rifle Blaster<\/li>\n<li>1 x Rifle Blaster Da\u00f1ado<\/li>\n<li>1 x Efecto Llama<\/li>\n<\/ul>","protected":false},"featured_media":187266,"comment_status":"open","ping_status":"closed","template":"","meta":{"inline_featured_image":false},"product_brand":[],"product_cat":[68,2005],"product_tag":[2010,2007,1759,2006,2008,2009,2011,1975],"giftcard-category":[],"class_list":{"0":"post-186864","1":"product","2":"type-product","3":"status-publish","4":"has-post-thumbnail","6":"product_cat-hasbro","7":"product_cat-star-wars","8":"product_tag-40th-anniversary","9":"product_tag-deluxe-6-inch","10":"product_tag-action-toys","11":"product_tag-boba-fett","12":"product_tag-star-wars","13":"product_tag-the-black-series","14":"product_tag-the-mandalorian","15":"product_tag-toys-figures","16":"product_shipping_class-light","18":"first","19":"outofstock","20":"taxable","21":"shipping-taxable","22":"purchasable","23":"product-type-simple","24":"add-to-wishlist-after_add_to_cart"},"yoast_head":"<!-- This site is optimized with the Yoast SEO Premium plugin v25.3.1 (Yoast SEO v27.2) - https:\/\/yoast.com\/product\/yoast-seo-premium-wordpress\/ -->\n<title>Star Wars: The Black Series - 40th Anniversary - Boba Fett (Star Wars Episode VI)<\/title>\n<meta name=\"robots\" content=\"index, follow, max-snippet:-1, max-image-preview:large, max-video-preview:-1\" \/>\n<link rel=\"canonical\" href=\"https:\/\/hobby4geek.com\/es\/producto\/star-wars-the-black-series-40th-anniversary-boba-fett-star-wars-episode-vi\/\" \/>\n<meta property=\"og:locale\" content=\"es_ES\" \/>\n<meta property=\"og:type\" content=\"article\" \/>\n<meta property=\"og:title\" content=\"Star Wars: The Black Series - 40th Anniversary - Boba Fett (Star Wars Episode VI)\" \/>\n<meta property=\"og:description\" content=\"Toy Series: The Black Series  Toy Size: 6 inches  Scale: 6-inch Scale  From Star Wars Episode VI: Return of the Jedi  Collector-grade quality with premium details  Multiple points of articulation  Made of plastic  Product is brand new and in mint condition  Packaging Contents:   1 x Boba Fett Figure  1 x Jetpack  2 x Jetpack Blast Effects  1 x Ripcord  1 x Blaster Rifle  1 x Damaged Blaster Rifle  1 x Flame Effect\" \/>\n<meta property=\"og:url\" content=\"https:\/\/hobby4geek.com\/es\/producto\/star-wars-the-black-series-40th-anniversary-boba-fett-star-wars-episode-vi\/\" \/>\n<meta property=\"og:site_name\" content=\"Hobby4Geek\" \/>\n<meta property=\"article:publisher\" content=\"https:\/\/www.facebook.com\/hobby4geek\" \/>\n<meta property=\"article:modified_time\" content=\"2025-03-09T09:55:25+00:00\" \/>\n<meta property=\"og:image\" content=\"https:\/\/hobby4geek.com\/wp-content\/uploads\/2023\/04\/star-wars-the-black-series-40th-anniversary-boba-fett-star-wars-episode-vi-7.jpg\" \/>\n\t<meta property=\"og:image:width\" content=\"1500\" \/>\n\t<meta property=\"og:image:height\" content=\"1500\" \/>\n\t<meta property=\"og:image:type\" content=\"image\/jpeg\" \/>\n<meta name=\"twitter:card\" content=\"summary_large_image\" \/>\n<meta name=\"twitter:site\" content=\"@hobby4geek\" \/>\n<script type=\"application\/ld+json\" class=\"yoast-schema-graph\">{\"@context\":\"https:\/\/schema.org\",\"@graph\":[{\"@type\":\"WebPage\",\"@id\":\"https:\/\/hobby4geek.com\/product\/star-wars-the-black-series-40th-anniversary-boba-fett-star-wars-episode-vi\/\",\"url\":\"https:\/\/hobby4geek.com\/product\/star-wars-the-black-series-40th-anniversary-boba-fett-star-wars-episode-vi\/\",\"name\":\"Star Wars: The Black Series - 40th Anniversary - Boba Fett (Star Wars Episode VI)\",\"isPartOf\":{\"@id\":\"https:\/\/hobby4geek.com\/#website\"},\"primaryImageOfPage\":{\"@id\":\"https:\/\/hobby4geek.com\/product\/star-wars-the-black-series-40th-anniversary-boba-fett-star-wars-episode-vi\/#primaryimage\"},\"image\":{\"@id\":\"https:\/\/hobby4geek.com\/product\/star-wars-the-black-series-40th-anniversary-boba-fett-star-wars-episode-vi\/#primaryimage\"},\"thumbnailUrl\":\"https:\/\/hobby4geek.com\/wp-content\/uploads\/2023\/04\/star-wars-the-black-series-40th-anniversary-boba-fett-star-wars-episode-vi-7.jpg\",\"datePublished\":\"2023-04-10T11:29:26+00:00\",\"dateModified\":\"2025-03-09T09:55:25+00:00\",\"breadcrumb\":{\"@id\":\"https:\/\/hobby4geek.com\/product\/star-wars-the-black-series-40th-anniversary-boba-fett-star-wars-episode-vi\/#breadcrumb\"},\"inLanguage\":\"es\",\"potentialAction\":[{\"@type\":\"ReadAction\",\"target\":[\"https:\/\/hobby4geek.com\/product\/star-wars-the-black-series-40th-anniversary-boba-fett-star-wars-episode-vi\/\"]}]},{\"@type\":\"ImageObject\",\"inLanguage\":\"es\",\"@id\":\"https:\/\/hobby4geek.com\/product\/star-wars-the-black-series-40th-anniversary-boba-fett-star-wars-episode-vi\/#primaryimage\",\"url\":\"https:\/\/hobby4geek.com\/wp-content\/uploads\/2023\/04\/star-wars-the-black-series-40th-anniversary-boba-fett-star-wars-episode-vi-7.jpg\",\"contentUrl\":\"https:\/\/hobby4geek.com\/wp-content\/uploads\/2023\/04\/star-wars-the-black-series-40th-anniversary-boba-fett-star-wars-episode-vi-7.jpg\",\"width\":1500,\"height\":1500},{\"@type\":\"BreadcrumbList\",\"@id\":\"https:\/\/hobby4geek.com\/product\/star-wars-the-black-series-40th-anniversary-boba-fett-star-wars-episode-vi\/#breadcrumb\",\"itemListElement\":[{\"@type\":\"ListItem\",\"position\":1,\"name\":\"Home\",\"item\":\"https:\/\/hobby4geek.com\/\"},{\"@type\":\"ListItem\",\"position\":2,\"name\":\"Shop\",\"item\":\"https:\/\/hobby4geek.com\/shop\/\"},{\"@type\":\"ListItem\",\"position\":3,\"name\":\"Star Wars: The Black Series &#8211; 40th Anniversary &#8211; Boba Fett (Star Wars Episode VI)\"}]},{\"@type\":\"WebSite\",\"@id\":\"https:\/\/hobby4geek.com\/#website\",\"url\":\"https:\/\/hobby4geek.com\/\",\"name\":\"Hobby4Geek\",\"description\":\"Collect, Play &amp; Showcase, Embrace your Geekiness\",\"publisher\":{\"@id\":\"https:\/\/hobby4geek.com\/#organization\"},\"potentialAction\":[{\"@type\":\"SearchAction\",\"target\":{\"@type\":\"EntryPoint\",\"urlTemplate\":\"https:\/\/hobby4geek.com\/?s={search_term_string}\"},\"query-input\":{\"@type\":\"PropertyValueSpecification\",\"valueRequired\":true,\"valueName\":\"search_term_string\"}}],\"inLanguage\":\"es\"},{\"@type\":\"Organization\",\"@id\":\"https:\/\/hobby4geek.com\/#organization\",\"name\":\"Hobby4Geek\",\"url\":\"https:\/\/hobby4geek.com\/\",\"logo\":{\"@type\":\"ImageObject\",\"inLanguage\":\"es\",\"@id\":\"https:\/\/hobby4geek.com\/#\/schema\/logo\/image\/\",\"url\":\"https:\/\/hobby4geek.com\/wp-content\/uploads\/2023\/02\/default-kit.png\",\"contentUrl\":\"https:\/\/hobby4geek.com\/wp-content\/uploads\/2023\/02\/default-kit.png\",\"width\":600,\"height\":600,\"caption\":\"Hobby4Geek\"},\"image\":{\"@id\":\"https:\/\/hobby4geek.com\/#\/schema\/logo\/image\/\"},\"sameAs\":[\"https:\/\/www.facebook.com\/hobby4geek\",\"https:\/\/x.com\/hobby4geek\",\"https:\/\/www.instagram.com\/hobby4geek\/\"]}]}<\/script>\n<meta property=\"product:brand\" content=\"Hasbro\" \/>\n<meta property=\"product:price:amount\" content=\"46.00\" \/>\n<meta property=\"product:price:currency\" content=\"EUR\" \/>\n<meta property=\"og:availability\" content=\"out of stock\" \/>\n<meta property=\"product:availability\" content=\"out of stock\" \/>\n<meta property=\"product:retailer_item_id\" content=\"5010996130730\" \/>\n<meta property=\"product:condition\" content=\"new\" \/>\n<!-- \/ Yoast SEO Premium plugin. -->","yoast_head_json":{"title":"Star Wars: The Black Series - 40\u00ba Aniversario - Boba Fett (Star Wars Episodio VI)","robots":{"index":"index","follow":"follow","max-snippet":"max-snippet:-1","max-image-preview":"max-image-preview:large","max-video-preview":"max-video-preview:-1"},"canonical":"https:\/\/hobby4geek.com\/es\/producto\/star-wars-the-black-series-40th-anniversary-boba-fett-star-wars-episode-vi\/","og_locale":"es_ES","og_type":"article","og_title":"Star Wars: The Black Series - 40th Anniversary - Boba Fett (Star Wars Episode VI)","og_description":"Toy Series: The Black Series  Toy Size: 6 inches  Scale: 6-inch Scale  From Star Wars Episode VI: Return of the Jedi  Collector-grade quality with premium details  Multiple points of articulation  Made of plastic  Product is brand new and in mint condition  Packaging Contents:   1 x Boba Fett Figure  1 x Jetpack  2 x Jetpack Blast Effects  1 x Ripcord  1 x Blaster Rifle  1 x Damaged Blaster Rifle  1 x Flame Effect","og_url":"https:\/\/hobby4geek.com\/es\/producto\/star-wars-the-black-series-40th-anniversary-boba-fett-star-wars-episode-vi\/","og_site_name":"Hobby4Geek","article_publisher":"https:\/\/www.facebook.com\/hobby4geek","article_modified_time":"2025-03-09T09:55:25+00:00","og_image":[{"width":1500,"height":1500,"url":"https:\/\/hobby4geek.com\/wp-content\/uploads\/2023\/04\/star-wars-the-black-series-40th-anniversary-boba-fett-star-wars-episode-vi-7.jpg","type":"image\/jpeg"}],"twitter_card":"summary_large_image","twitter_site":"@hobby4geek","schema":{"@context":"https:\/\/schema.org","@graph":[{"@type":"WebPage","@id":"https:\/\/hobby4geek.com\/product\/star-wars-the-black-series-40th-anniversary-boba-fett-star-wars-episode-vi\/","url":"https:\/\/hobby4geek.com\/product\/star-wars-the-black-series-40th-anniversary-boba-fett-star-wars-episode-vi\/","name":"Star Wars: The Black Series - 40\u00ba Aniversario - Boba Fett (Star Wars Episodio VI)","isPartOf":{"@id":"https:\/\/hobby4geek.com\/#website"},"primaryImageOfPage":{"@id":"https:\/\/hobby4geek.com\/product\/star-wars-the-black-series-40th-anniversary-boba-fett-star-wars-episode-vi\/#primaryimage"},"image":{"@id":"https:\/\/hobby4geek.com\/product\/star-wars-the-black-series-40th-anniversary-boba-fett-star-wars-episode-vi\/#primaryimage"},"thumbnailUrl":"https:\/\/hobby4geek.com\/wp-content\/uploads\/2023\/04\/star-wars-the-black-series-40th-anniversary-boba-fett-star-wars-episode-vi-7.jpg","datePublished":"2023-04-10T11:29:26+00:00","dateModified":"2025-03-09T09:55:25+00:00","breadcrumb":{"@id":"https:\/\/hobby4geek.com\/product\/star-wars-the-black-series-40th-anniversary-boba-fett-star-wars-episode-vi\/#breadcrumb"},"inLanguage":"es","potentialAction":[{"@type":"ReadAction","target":["https:\/\/hobby4geek.com\/product\/star-wars-the-black-series-40th-anniversary-boba-fett-star-wars-episode-vi\/"]}]},{"@type":"ImageObject","inLanguage":"es","@id":"https:\/\/hobby4geek.com\/product\/star-wars-the-black-series-40th-anniversary-boba-fett-star-wars-episode-vi\/#primaryimage","url":"https:\/\/hobby4geek.com\/wp-content\/uploads\/2023\/04\/star-wars-the-black-series-40th-anniversary-boba-fett-star-wars-episode-vi-7.jpg","contentUrl":"https:\/\/hobby4geek.com\/wp-content\/uploads\/2023\/04\/star-wars-the-black-series-40th-anniversary-boba-fett-star-wars-episode-vi-7.jpg","width":1500,"height":1500},{"@type":"BreadcrumbList","@id":"https:\/\/hobby4geek.com\/product\/star-wars-the-black-series-40th-anniversary-boba-fett-star-wars-episode-vi\/#breadcrumb","itemListElement":[{"@type":"ListItem","position":1,"name":"Home","item":"https:\/\/hobby4geek.com\/"},{"@type":"ListItem","position":2,"name":"Shop","item":"https:\/\/hobby4geek.com\/shop\/"},{"@type":"ListItem","position":3,"name":"Star Wars: The Black Series &#8211; 40th Anniversary &#8211; Boba Fett (Star Wars Episode VI)"}]},{"@type":"WebSite","@id":"https:\/\/hobby4geek.com\/#website","url":"https:\/\/hobby4geek.com\/","name":"Hobby4Geek","description":"Coleccionar, jugar y exhibir, abrazar su frikismo","publisher":{"@id":"https:\/\/hobby4geek.com\/#organization"},"potentialAction":[{"@type":"SearchAction","target":{"@type":"EntryPoint","urlTemplate":"https:\/\/hobby4geek.com\/?s={search_term_string}"},"query-input":{"@type":"PropertyValueSpecification","valueRequired":true,"valueName":"search_term_string"}}],"inLanguage":"es"},{"@type":"Organization","@id":"https:\/\/hobby4geek.com\/#organization","name":"Hobby4Geek","url":"https:\/\/hobby4geek.com\/","logo":{"@type":"ImageObject","inLanguage":"es","@id":"https:\/\/hobby4geek.com\/#\/schema\/logo\/image\/","url":"https:\/\/hobby4geek.com\/wp-content\/uploads\/2023\/02\/default-kit.png","contentUrl":"https:\/\/hobby4geek.com\/wp-content\/uploads\/2023\/02\/default-kit.png","width":600,"height":600,"caption":"Hobby4Geek"},"image":{"@id":"https:\/\/hobby4geek.com\/#\/schema\/logo\/image\/"},"sameAs":["https:\/\/www.facebook.com\/hobby4geek","https:\/\/x.com\/hobby4geek","https:\/\/www.instagram.com\/hobby4geek\/"]}]},"product_brand":"Hasbro","product_price_amount":"46.00","product_price_currency":"EUR","og_availability":"out of stock","product_availability":"out of stock","product_retailer_item_id":"5010996130730","product_condition":"new"},"_links":{"self":[{"href":"https:\/\/hobby4geek.com\/es\/wp-json\/wp\/v2\/product\/186864","targetHints":{"allow":["GET"]}}],"collection":[{"href":"https:\/\/hobby4geek.com\/es\/wp-json\/wp\/v2\/product"}],"about":[{"href":"https:\/\/hobby4geek.com\/es\/wp-json\/wp\/v2\/types\/product"}],"replies":[{"embeddable":true,"href":"https:\/\/hobby4geek.com\/es\/wp-json\/wp\/v2\/comments?post=186864"}],"version-history":[{"count":0,"href":"https:\/\/hobby4geek.com\/es\/wp-json\/wp\/v2\/product\/186864\/revisions"}],"wp:featuredmedia":[{"embeddable":true,"href":"https:\/\/hobby4geek.com\/es\/wp-json\/wp\/v2\/media\/187266"}],"wp:attachment":[{"href":"https:\/\/hobby4geek.com\/es\/wp-json\/wp\/v2\/media?parent=186864"}],"wp:term":[{"taxonomy":"product_brand","embeddable":true,"href":"https:\/\/hobby4geek.com\/es\/wp-json\/wp\/v2\/product_brand?post=186864"},{"taxonomy":"product_cat","embeddable":true,"href":"https:\/\/hobby4geek.com\/es\/wp-json\/wp\/v2\/product_cat?post=186864"},{"taxonomy":"product_tag","embeddable":true,"href":"https:\/\/hobby4geek.com\/es\/wp-json\/wp\/v2\/product_tag?post=186864"},{"taxonomy":"giftcard-category","embeddable":true,"href":"https:\/\/hobby4geek.com\/es\/wp-json\/wp\/v2\/giftcard-category?post=186864"}],"curies":[{"name":"wp","href":"https:\/\/api.w.org\/{rel}","templated":true}]}}