{"id":185846,"date":"2023-04-30T15:46:59","date_gmt":"2023-04-30T13:46:59","guid":{"rendered":"https:\/\/hobby4geek.com\/?post_type=product&#038;p=185846"},"modified":"2024-05-12T13:03:16","modified_gmt":"2024-05-12T12:03:16","slug":"transformers-rise-of-the-beasts-studio-series-98-voyager-class-cheetor","status":"publish","type":"product","link":"https:\/\/hobby4geek.com\/es\/producto\/transformers-rise-of-the-beasts-studio-series-98-voyager-class-cheetor\/","title":{"rendered":"Transformers: Rise of the Beasts - Studio Series 98 - Clase Voyager Cheetor"},"content":{"rendered":"<p>Lleva la \u00e9pica acci\u00f3n de las pel\u00edculas Transformers de la gran pantalla a tu colecci\u00f3n con la figura de acci\u00f3n Transformers Studio Series Voyager Class Cheetor. Cheetor y los Maximals se unen a los Autobots para proteger la Llave Transwarp. Los juguetes Transformers Studio Series son figuras de acci\u00f3n coleccionables para ni\u00f1os y ni\u00f1as de 8 a\u00f1os con detalles y accesorios inspirados en las pel\u00edculas. Convierte la figura de acci\u00f3n de robot a modo guepardo en 24 pasos y coloca el juguete Cheetor en la escena de fondo extra\u00edble Peruvian Jungle Discovery incluida. Las figuras de acci\u00f3n Transformers para ni\u00f1os y ni\u00f1as son un regalo estupendo.<\/p>\n<p>Incluye figura, 2 accesorios, tel\u00f3n de fondo desmontable e instrucciones.<\/p>\n<ul>\n<li>TRANSFORMERS STUDIO SERIES VOYAGER CLASS: Estas figuras de acci\u00f3n coleccionables de 15 cm inspiradas en escenas ic\u00f3nicas de las pel\u00edculas y dise\u00f1adas con especificaciones y detalles que reflejan el universo cinematogr\u00e1fico de Transformers.<\/li>\n<li>CHEETOR A ESCALA DE 6,5 PULGADAS: La figura de acci\u00f3n Transformers Studio Series 98 Cheetor para ni\u00f1os y ni\u00f1as est\u00e1 muy articulada para facilitar su colocaci\u00f3n y cuenta con una decoraci\u00f3n y detalles inspirados en la pel\u00edcula.<\/li>\n<li>2 MODOS IC\u00d3NICOS: este juguete Transformers para ni\u00f1os y ni\u00f1as de 8 a\u00f1os ofrece la conversi\u00f3n cl\u00e1sica entre los modos robot y guepardo en 24 pasos<\/li>\n<li>ACCESORIOS INCRE\u00cdBLES: La figura Transformers viene con 2 accesorios de lanza combinables que se acoplan a la figura de Cheetor en ambos modos<\/li>\n<li>TEL\u00d3N DE FONDO EXTRA\u00cdBLE: El tel\u00f3n de fondo extra\u00edble muestra la figura de Cheetor en la escena Descubrimiento de la selva peruana. Los fans pueden usar el tel\u00f3n de fondo y posar sus figuras en la escena con su propio estilo<\/li>\n<\/ul>\n<p>A partir de 8 a\u00f1os<br \/>\nAdvertencia: Peligro de asfixia - Piezas peque\u00f1as. No apto para ni\u00f1os menores de 3 a\u00f1os.<\/p>","protected":false},"excerpt":{"rendered":"<ul>\n<li>16,5 cm<\/li>\n<li>Clase Viajero<\/li>\n<li>24 Pasos<\/li>\n<li>Decoraci\u00f3n extra\u00edble<\/li>\n<\/ul>","protected":false},"featured_media":185849,"comment_status":"open","ping_status":"closed","template":"","meta":{"inline_featured_image":false},"product_brand":[],"product_cat":[1955,68,69,1960],"product_tag":[1759,565,335,1956,1957,240,203,1975,204,1961,1962,1994,2227,1910],"giftcard-category":[],"class_list":{"0":"post-185846","1":"product","2":"type-product","3":"status-publish","4":"has-post-thumbnail","6":"product_cat-transformers","7":"product_cat-hasbro","8":"product_cat-takara-tomy","9":"product_cat-transformers-generations","10":"product_tag-action-toys","11":"product_tag-cheetor","12":"product_tag-hasbro","13":"product_tag-rise-of-the-beasts","14":"product_tag-rotb","15":"product_tag-studio-series","16":"product_tag-takara-tomy","17":"product_tag-toys-figures","18":"product_tag-transformers","19":"product_tag-transformers-authentic","20":"product_tag-transformers-generations","21":"product_tag-transformers-studio-series","22":"product_tag-transformers-rise-of-the-beasts","23":"product_tag-voyager-class","24":"product_shipping_class-light","26":"first","27":"outofstock","28":"taxable","29":"shipping-taxable","30":"purchasable","31":"product-type-simple","32":"add-to-wishlist-after_add_to_cart"},"yoast_head":"<!-- This site is optimized with the Yoast SEO Premium plugin v25.3.1 (Yoast SEO v27.2) - https:\/\/yoast.com\/product\/yoast-seo-premium-wordpress\/ -->\n<title>Transformers: Rise of the Beasts - Studio Series 98 - Voyager Class Cheetor<\/title>\n<meta name=\"robots\" content=\"index, follow, max-snippet:-1, max-image-preview:large, max-video-preview:-1\" \/>\n<link rel=\"canonical\" href=\"https:\/\/hobby4geek.com\/es\/producto\/transformers-rise-of-the-beasts-studio-series-98-voyager-class-cheetor\/\" \/>\n<meta property=\"og:locale\" content=\"es_ES\" \/>\n<meta property=\"og:type\" content=\"article\" \/>\n<meta property=\"og:title\" content=\"Transformers: Rise of the Beasts - Studio Series 98 - Voyager Class Cheetor\" \/>\n<meta property=\"og:description\" content=\"16,5 cm  Voyager Class  24 Steps  Removable Decor\" \/>\n<meta property=\"og:url\" content=\"https:\/\/hobby4geek.com\/es\/producto\/transformers-rise-of-the-beasts-studio-series-98-voyager-class-cheetor\/\" \/>\n<meta property=\"og:site_name\" content=\"Hobby4Geek\" \/>\n<meta property=\"article:publisher\" content=\"https:\/\/www.facebook.com\/hobby4geek\" \/>\n<meta property=\"article:modified_time\" content=\"2024-05-12T12:03:16+00:00\" \/>\n<meta property=\"og:image\" content=\"https:\/\/hobby4geek.com\/wp-content\/uploads\/2023\/03\/transformers-rise-of-the-beasts-studio-series-98-voyager-class-cheetor.webp\" \/>\n\t<meta property=\"og:image:width\" content=\"2000\" \/>\n\t<meta property=\"og:image:height\" content=\"2000\" \/>\n\t<meta property=\"og:image:type\" content=\"image\/webp\" \/>\n<meta name=\"twitter:card\" content=\"summary_large_image\" \/>\n<meta name=\"twitter:site\" content=\"@hobby4geek\" \/>\n<script type=\"application\/ld+json\" class=\"yoast-schema-graph\">{\"@context\":\"https:\/\/schema.org\",\"@graph\":[{\"@type\":\"WebPage\",\"@id\":\"https:\/\/hobby4geek.com\/fr\/produit\/transformers-rise-of-the-beasts-studio-series-98-voyager-class-cheetor\/\",\"url\":\"https:\/\/hobby4geek.com\/fr\/produit\/transformers-rise-of-the-beasts-studio-series-98-voyager-class-cheetor\/\",\"name\":\"Transformers: Rise of the Beasts - Studio Series 98 - Voyager Class Cheetor\",\"isPartOf\":{\"@id\":\"https:\/\/hobby4geek.com\/#website\"},\"primaryImageOfPage\":{\"@id\":\"https:\/\/hobby4geek.com\/fr\/produit\/transformers-rise-of-the-beasts-studio-series-98-voyager-class-cheetor\/#primaryimage\"},\"image\":{\"@id\":\"https:\/\/hobby4geek.com\/fr\/produit\/transformers-rise-of-the-beasts-studio-series-98-voyager-class-cheetor\/#primaryimage\"},\"thumbnailUrl\":\"https:\/\/hobby4geek.com\/wp-content\/uploads\/2023\/03\/transformers-rise-of-the-beasts-studio-series-98-voyager-class-cheetor.webp\",\"datePublished\":\"2023-04-30T13:46:59+00:00\",\"dateModified\":\"2024-05-12T12:03:16+00:00\",\"breadcrumb\":{\"@id\":\"https:\/\/hobby4geek.com\/fr\/produit\/transformers-rise-of-the-beasts-studio-series-98-voyager-class-cheetor\/#breadcrumb\"},\"inLanguage\":\"es\",\"potentialAction\":[{\"@type\":\"ReadAction\",\"target\":[\"https:\/\/hobby4geek.com\/fr\/produit\/transformers-rise-of-the-beasts-studio-series-98-voyager-class-cheetor\/\"]}]},{\"@type\":\"ImageObject\",\"inLanguage\":\"es\",\"@id\":\"https:\/\/hobby4geek.com\/fr\/produit\/transformers-rise-of-the-beasts-studio-series-98-voyager-class-cheetor\/#primaryimage\",\"url\":\"https:\/\/hobby4geek.com\/wp-content\/uploads\/2023\/03\/transformers-rise-of-the-beasts-studio-series-98-voyager-class-cheetor.webp\",\"contentUrl\":\"https:\/\/hobby4geek.com\/wp-content\/uploads\/2023\/03\/transformers-rise-of-the-beasts-studio-series-98-voyager-class-cheetor.webp\",\"width\":2000,\"height\":2000},{\"@type\":\"BreadcrumbList\",\"@id\":\"https:\/\/hobby4geek.com\/fr\/produit\/transformers-rise-of-the-beasts-studio-series-98-voyager-class-cheetor\/#breadcrumb\",\"itemListElement\":[{\"@type\":\"ListItem\",\"position\":1,\"name\":\"Home\",\"item\":\"https:\/\/hobby4geek.com\/\"},{\"@type\":\"ListItem\",\"position\":2,\"name\":\"Shop\",\"item\":\"https:\/\/hobby4geek.com\/shop\/\"},{\"@type\":\"ListItem\",\"position\":3,\"name\":\"Transformers: Rise of the Beasts &#8211; Studio Series 98 &#8211; Voyager Class Cheetor\"}]},{\"@type\":\"WebSite\",\"@id\":\"https:\/\/hobby4geek.com\/#website\",\"url\":\"https:\/\/hobby4geek.com\/\",\"name\":\"Hobby4Geek\",\"description\":\"Collect, Play &amp; Showcase, Embrace your Geekiness\",\"publisher\":{\"@id\":\"https:\/\/hobby4geek.com\/#organization\"},\"potentialAction\":[{\"@type\":\"SearchAction\",\"target\":{\"@type\":\"EntryPoint\",\"urlTemplate\":\"https:\/\/hobby4geek.com\/?s={search_term_string}\"},\"query-input\":{\"@type\":\"PropertyValueSpecification\",\"valueRequired\":true,\"valueName\":\"search_term_string\"}}],\"inLanguage\":\"es\"},{\"@type\":\"Organization\",\"@id\":\"https:\/\/hobby4geek.com\/#organization\",\"name\":\"Hobby4Geek\",\"url\":\"https:\/\/hobby4geek.com\/\",\"logo\":{\"@type\":\"ImageObject\",\"inLanguage\":\"es\",\"@id\":\"https:\/\/hobby4geek.com\/#\/schema\/logo\/image\/\",\"url\":\"https:\/\/hobby4geek.com\/wp-content\/uploads\/2023\/02\/default-kit.png\",\"contentUrl\":\"https:\/\/hobby4geek.com\/wp-content\/uploads\/2023\/02\/default-kit.png\",\"width\":600,\"height\":600,\"caption\":\"Hobby4Geek\"},\"image\":{\"@id\":\"https:\/\/hobby4geek.com\/#\/schema\/logo\/image\/\"},\"sameAs\":[\"https:\/\/www.facebook.com\/hobby4geek\",\"https:\/\/x.com\/hobby4geek\",\"https:\/\/www.instagram.com\/hobby4geek\/\"]}]}<\/script>\n<meta property=\"product:brand\" content=\"Transformers\" \/>\n<meta property=\"product:price:amount\" content=\"38.60\" \/>\n<meta property=\"product:price:currency\" content=\"EUR\" \/>\n<meta property=\"og:availability\" content=\"out of stock\" \/>\n<meta property=\"product:availability\" content=\"out of stock\" \/>\n<meta property=\"product:retailer_item_id\" content=\"5010996136336\" \/>\n<meta property=\"product:condition\" content=\"new\" \/>\n<!-- \/ Yoast SEO Premium plugin. -->","yoast_head_json":{"title":"Transformers: Rise of the Beasts - Studio Series 98 - Clase Voyager Cheetor","robots":{"index":"index","follow":"follow","max-snippet":"max-snippet:-1","max-image-preview":"max-image-preview:large","max-video-preview":"max-video-preview:-1"},"canonical":"https:\/\/hobby4geek.com\/es\/producto\/transformers-rise-of-the-beasts-studio-series-98-voyager-class-cheetor\/","og_locale":"es_ES","og_type":"article","og_title":"Transformers: Rise of the Beasts - Studio Series 98 - Voyager Class Cheetor","og_description":"16,5 cm  Voyager Class  24 Steps  Removable Decor","og_url":"https:\/\/hobby4geek.com\/es\/producto\/transformers-rise-of-the-beasts-studio-series-98-voyager-class-cheetor\/","og_site_name":"Hobby4Geek","article_publisher":"https:\/\/www.facebook.com\/hobby4geek","article_modified_time":"2024-05-12T12:03:16+00:00","og_image":[{"width":2000,"height":2000,"url":"https:\/\/hobby4geek.com\/wp-content\/uploads\/2023\/03\/transformers-rise-of-the-beasts-studio-series-98-voyager-class-cheetor.webp","type":"image\/webp"}],"twitter_card":"summary_large_image","twitter_site":"@hobby4geek","schema":{"@context":"https:\/\/schema.org","@graph":[{"@type":"WebPage","@id":"https:\/\/hobby4geek.com\/fr\/produit\/transformers-rise-of-the-beasts-studio-series-98-voyager-class-cheetor\/","url":"https:\/\/hobby4geek.com\/fr\/produit\/transformers-rise-of-the-beasts-studio-series-98-voyager-class-cheetor\/","name":"Transformers: Rise of the Beasts - Studio Series 98 - Clase Voyager Cheetor","isPartOf":{"@id":"https:\/\/hobby4geek.com\/#website"},"primaryImageOfPage":{"@id":"https:\/\/hobby4geek.com\/fr\/produit\/transformers-rise-of-the-beasts-studio-series-98-voyager-class-cheetor\/#primaryimage"},"image":{"@id":"https:\/\/hobby4geek.com\/fr\/produit\/transformers-rise-of-the-beasts-studio-series-98-voyager-class-cheetor\/#primaryimage"},"thumbnailUrl":"https:\/\/hobby4geek.com\/wp-content\/uploads\/2023\/03\/transformers-rise-of-the-beasts-studio-series-98-voyager-class-cheetor.webp","datePublished":"2023-04-30T13:46:59+00:00","dateModified":"2024-05-12T12:03:16+00:00","breadcrumb":{"@id":"https:\/\/hobby4geek.com\/fr\/produit\/transformers-rise-of-the-beasts-studio-series-98-voyager-class-cheetor\/#breadcrumb"},"inLanguage":"es","potentialAction":[{"@type":"ReadAction","target":["https:\/\/hobby4geek.com\/fr\/produit\/transformers-rise-of-the-beasts-studio-series-98-voyager-class-cheetor\/"]}]},{"@type":"ImageObject","inLanguage":"es","@id":"https:\/\/hobby4geek.com\/fr\/produit\/transformers-rise-of-the-beasts-studio-series-98-voyager-class-cheetor\/#primaryimage","url":"https:\/\/hobby4geek.com\/wp-content\/uploads\/2023\/03\/transformers-rise-of-the-beasts-studio-series-98-voyager-class-cheetor.webp","contentUrl":"https:\/\/hobby4geek.com\/wp-content\/uploads\/2023\/03\/transformers-rise-of-the-beasts-studio-series-98-voyager-class-cheetor.webp","width":2000,"height":2000},{"@type":"BreadcrumbList","@id":"https:\/\/hobby4geek.com\/fr\/produit\/transformers-rise-of-the-beasts-studio-series-98-voyager-class-cheetor\/#breadcrumb","itemListElement":[{"@type":"ListItem","position":1,"name":"Home","item":"https:\/\/hobby4geek.com\/"},{"@type":"ListItem","position":2,"name":"Shop","item":"https:\/\/hobby4geek.com\/shop\/"},{"@type":"ListItem","position":3,"name":"Transformers: Rise of the Beasts &#8211; Studio Series 98 &#8211; Voyager Class Cheetor"}]},{"@type":"WebSite","@id":"https:\/\/hobby4geek.com\/#website","url":"https:\/\/hobby4geek.com\/","name":"Hobby4Geek","description":"Coleccionar, jugar y exhibir, abrazar su frikismo","publisher":{"@id":"https:\/\/hobby4geek.com\/#organization"},"potentialAction":[{"@type":"SearchAction","target":{"@type":"EntryPoint","urlTemplate":"https:\/\/hobby4geek.com\/?s={search_term_string}"},"query-input":{"@type":"PropertyValueSpecification","valueRequired":true,"valueName":"search_term_string"}}],"inLanguage":"es"},{"@type":"Organization","@id":"https:\/\/hobby4geek.com\/#organization","name":"Hobby4Geek","url":"https:\/\/hobby4geek.com\/","logo":{"@type":"ImageObject","inLanguage":"es","@id":"https:\/\/hobby4geek.com\/#\/schema\/logo\/image\/","url":"https:\/\/hobby4geek.com\/wp-content\/uploads\/2023\/02\/default-kit.png","contentUrl":"https:\/\/hobby4geek.com\/wp-content\/uploads\/2023\/02\/default-kit.png","width":600,"height":600,"caption":"Hobby4Geek"},"image":{"@id":"https:\/\/hobby4geek.com\/#\/schema\/logo\/image\/"},"sameAs":["https:\/\/www.facebook.com\/hobby4geek","https:\/\/x.com\/hobby4geek","https:\/\/www.instagram.com\/hobby4geek\/"]}]},"product_brand":"Transformers","product_price_amount":"38.60","product_price_currency":"EUR","og_availability":"out of stock","product_availability":"out of stock","product_retailer_item_id":"5010996136336","product_condition":"new"},"_links":{"self":[{"href":"https:\/\/hobby4geek.com\/es\/wp-json\/wp\/v2\/product\/185846","targetHints":{"allow":["GET"]}}],"collection":[{"href":"https:\/\/hobby4geek.com\/es\/wp-json\/wp\/v2\/product"}],"about":[{"href":"https:\/\/hobby4geek.com\/es\/wp-json\/wp\/v2\/types\/product"}],"replies":[{"embeddable":true,"href":"https:\/\/hobby4geek.com\/es\/wp-json\/wp\/v2\/comments?post=185846"}],"version-history":[{"count":0,"href":"https:\/\/hobby4geek.com\/es\/wp-json\/wp\/v2\/product\/185846\/revisions"}],"wp:featuredmedia":[{"embeddable":true,"href":"https:\/\/hobby4geek.com\/es\/wp-json\/wp\/v2\/media\/185849"}],"wp:attachment":[{"href":"https:\/\/hobby4geek.com\/es\/wp-json\/wp\/v2\/media?parent=185846"}],"wp:term":[{"taxonomy":"product_brand","embeddable":true,"href":"https:\/\/hobby4geek.com\/es\/wp-json\/wp\/v2\/product_brand?post=185846"},{"taxonomy":"product_cat","embeddable":true,"href":"https:\/\/hobby4geek.com\/es\/wp-json\/wp\/v2\/product_cat?post=185846"},{"taxonomy":"product_tag","embeddable":true,"href":"https:\/\/hobby4geek.com\/es\/wp-json\/wp\/v2\/product_tag?post=185846"},{"taxonomy":"giftcard-category","embeddable":true,"href":"https:\/\/hobby4geek.com\/es\/wp-json\/wp\/v2\/giftcard-category?post=185846"}],"curies":[{"name":"wp","href":"https:\/\/api.w.org\/{rel}","templated":true}]}}