{"id":178107,"date":"2023-02-16T20:35:53","date_gmt":"2023-02-16T20:35:53","guid":{"rendered":"https:\/\/hobby4geek.com\/?post_type=product&#038;p=178107"},"modified":"2024-05-27T08:21:47","modified_gmt":"2024-05-27T07:21:47","slug":"transformers-obra-maestra-mp-57-cybertron-aviation-defense-skyfire","status":"publish","type":"product","link":"https:\/\/hobby4geek.com\/es\/producto\/transformers-obra-maestra-mp-57-cybertron-aviation-defense-skyfire\/","title":{"rendered":"Transformers Masterpiece MP-57 Defensa de Aviaci\u00f3n Cybertron - Skyfire"},"content":{"rendered":"<p>En la gama Transformer Masterpiece, Jetfire, activo en las primeras animaciones Transformers, \u00a1ya est\u00e1 disponible!<\/p>\n<p>MP-57 Skyfire es una reproducci\u00f3n completa del Jetfire activo en el anime \"The Transformers\". Adem\u00e1s del modo veh\u00edculo (avi\u00f3n a reacci\u00f3n) y el modo robot, tambi\u00e9n se reproduce el modo intermedio que pasa del modo veh\u00edculo al modo robot. Dado que se reproduce la escala original del Masterpiece, la altura del robot es la m\u00e1s alta de la serie.<\/p>\n<p>Tambi\u00e9n se incluyen las minifiguras Transformers Convoy, Meister y Wheeljack, que pueden montar a Skyfire en modo veh\u00edculo. Recrea tus escenas favoritas de la serie o crea las tuyas propias.<\/p>\n<ul>\n<li>Altura: 35 cm<\/li>\n<li>Modo alternativo: Jet<\/li>\n<li>Se transforma de robot en avi\u00f3n<\/li>\n<li>Basado en la cl\u00e1sica serie de animaci\u00f3n Transformers<\/li>\n<li>Las dem\u00e1s figuras se venden por separado<\/li>\n<li>Escala MP (Masterpiece)<\/li>\n<li>2 x cabezas alternativas : Risa y Sorpresa<\/li>\n<li>2 paneles pectorales de recambio<\/li>\n<li>1 ca\u00f1\u00f3n<\/li>\n<li>1 x pieza de efecto<\/li>\n<li>1 mini convoy<\/li>\n<li>1 x mini maestro<\/li>\n<li>1 x Mini Wheeljack<\/li>\n<li>2 x piezas de base de potencia<\/li>\n<li>1 stand<\/li>\n<li>1 tarjeta de personaje<\/li>\n<li>1 hoja de instrucciones<\/li>\n<\/ul>","protected":false},"excerpt":{"rendered":"<ul>\n<li>Altura: 35 cm<\/li>\n<li>Modo alternativo: Jet<\/li>\n<li>Se transforma de robot en avi\u00f3n<\/li>\n<li>Basado en la cl\u00e1sica serie de animaci\u00f3n Transformers<\/li>\n<li>Las dem\u00e1s figuras se venden por separado<\/li>\n<li>Escala MP (Masterpiece)<\/li>\n<li>2 x cabezas alternativas : Risa y Sorpresa<\/li>\n<li>2 paneles pectorales de recambio<\/li>\n<li>1 ca\u00f1\u00f3n<\/li>\n<li>1 x pieza de efecto<\/li>\n<li>1 mini convoy<\/li>\n<li>1 x mini maestro<\/li>\n<li>1 x Mini Wheeljack<\/li>\n<li>2 x piezas de base de potencia<\/li>\n<li>1 stand<\/li>\n<li>1 tarjeta de personaje<\/li>\n<li>1 hoja de instrucciones<\/li>\n<\/ul>","protected":false},"featured_media":184537,"comment_status":"open","ping_status":"closed","template":"","meta":{"inline_featured_image":false},"product_brand":[],"product_cat":[1955,68,69],"product_tag":[1759,199,1927,364,230,436,1975,204],"giftcard-category":[],"class_list":{"0":"post-178107","1":"product","2":"type-product","3":"status-publish","4":"has-post-thumbnail","6":"product_cat-transformers","7":"product_cat-hasbro","8":"product_cat-takara-tomy","9":"product_tag-action-toys","10":"product_tag-autobot","11":"product_tag-cybertron-aviation-defense","12":"product_tag-jetfire","13":"product_tag-masterpiece","14":"product_tag-skyfire","15":"product_tag-toys-figures","16":"product_tag-transformers","17":"product_shipping_class-free-shipping","18":"inventories-china-inventory","20":"first","21":"instock","22":"taxable","23":"shipping-taxable","24":"purchasable","25":"product-type-simple","26":"add-to-wishlist-after_add_to_cart"},"yoast_head":"<!-- This site is optimized with the Yoast SEO Premium plugin v25.3.1 (Yoast SEO v27.2) - https:\/\/yoast.com\/product\/yoast-seo-premium-wordpress\/ -->\n<title>Transformers Masterpiece MP-57 Cybertron Aviation Defense - Skyfire<\/title>\n<meta name=\"robots\" content=\"index, follow, max-snippet:-1, max-image-preview:large, max-video-preview:-1\" \/>\n<link rel=\"canonical\" href=\"https:\/\/hobby4geek.com\/es\/producto\/transformers-obra-maestra-mp-57-cybertron-aviation-defense-skyfire\/\" \/>\n<meta property=\"og:locale\" content=\"es_ES\" \/>\n<meta property=\"og:type\" content=\"article\" \/>\n<meta property=\"og:title\" content=\"Transformers Masterpiece MP-57 Cybertron Aviation Defense - Skyfire\" \/>\n<meta property=\"og:description\" content=\"Height: 13.8 inches \/ 35 cm  Alternate Mode: Jet  Transforms from robot to jet  Based on the classic Transformers animated series  Other figures shown sold separately  MP Scale (Masterpiece)  2 x alternative heads : Laughing and Surprise  2 x replacement chest panels  1 cannon  1 x effect piece  1 x mini convoy  1 x mini master  1 x Mini Wheeljack  2 x power base parts  1 stand  1 x character card  1 x instruction sheet\" \/>\n<meta property=\"og:url\" content=\"https:\/\/hobby4geek.com\/es\/producto\/transformers-obra-maestra-mp-57-cybertron-aviation-defense-skyfire\/\" \/>\n<meta property=\"og:site_name\" content=\"Hobby4Geek\" \/>\n<meta property=\"article:publisher\" content=\"https:\/\/www.facebook.com\/hobby4geek\" \/>\n<meta property=\"article:modified_time\" content=\"2024-05-27T07:21:47+00:00\" \/>\n<meta property=\"og:image\" content=\"https:\/\/hobby4geek.com\/wp-content\/uploads\/2023\/02\/transformers-masterpiece-mp-57-cybertron-aviation-defense-skyfire.webp\" \/>\n\t<meta property=\"og:image:width\" content=\"560\" \/>\n\t<meta property=\"og:image:height\" content=\"700\" \/>\n\t<meta property=\"og:image:type\" content=\"image\/webp\" \/>\n<meta name=\"twitter:card\" content=\"summary_large_image\" \/>\n<meta name=\"twitter:site\" content=\"@hobby4geek\" \/>\n<script type=\"application\/ld+json\" class=\"yoast-schema-graph\">{\"@context\":\"https:\/\/schema.org\",\"@graph\":[{\"@type\":\"WebPage\",\"@id\":\"https:\/\/hobby4geek.com\/product\/transformers-masterpiece-mp-57-cybertron-aviation-defense-skyfire\/\",\"url\":\"https:\/\/hobby4geek.com\/product\/transformers-masterpiece-mp-57-cybertron-aviation-defense-skyfire\/\",\"name\":\"Transformers Masterpiece MP-57 Cybertron Aviation Defense - Skyfire\",\"isPartOf\":{\"@id\":\"https:\/\/hobby4geek.com\/#website\"},\"primaryImageOfPage\":{\"@id\":\"https:\/\/hobby4geek.com\/product\/transformers-masterpiece-mp-57-cybertron-aviation-defense-skyfire\/#primaryimage\"},\"image\":{\"@id\":\"https:\/\/hobby4geek.com\/product\/transformers-masterpiece-mp-57-cybertron-aviation-defense-skyfire\/#primaryimage\"},\"thumbnailUrl\":\"https:\/\/hobby4geek.com\/wp-content\/uploads\/2023\/02\/transformers-masterpiece-mp-57-cybertron-aviation-defense-skyfire.webp\",\"datePublished\":\"2023-02-16T20:35:53+00:00\",\"dateModified\":\"2024-05-27T07:21:47+00:00\",\"breadcrumb\":{\"@id\":\"https:\/\/hobby4geek.com\/product\/transformers-masterpiece-mp-57-cybertron-aviation-defense-skyfire\/#breadcrumb\"},\"inLanguage\":\"es\",\"potentialAction\":[{\"@type\":\"ReadAction\",\"target\":[\"https:\/\/hobby4geek.com\/product\/transformers-masterpiece-mp-57-cybertron-aviation-defense-skyfire\/\"]}]},{\"@type\":\"ImageObject\",\"inLanguage\":\"es\",\"@id\":\"https:\/\/hobby4geek.com\/product\/transformers-masterpiece-mp-57-cybertron-aviation-defense-skyfire\/#primaryimage\",\"url\":\"https:\/\/hobby4geek.com\/wp-content\/uploads\/2023\/02\/transformers-masterpiece-mp-57-cybertron-aviation-defense-skyfire.webp\",\"contentUrl\":\"https:\/\/hobby4geek.com\/wp-content\/uploads\/2023\/02\/transformers-masterpiece-mp-57-cybertron-aviation-defense-skyfire.webp\",\"width\":560,\"height\":700},{\"@type\":\"BreadcrumbList\",\"@id\":\"https:\/\/hobby4geek.com\/product\/transformers-masterpiece-mp-57-cybertron-aviation-defense-skyfire\/#breadcrumb\",\"itemListElement\":[{\"@type\":\"ListItem\",\"position\":1,\"name\":\"Home\",\"item\":\"https:\/\/hobby4geek.com\/\"},{\"@type\":\"ListItem\",\"position\":2,\"name\":\"Shop\",\"item\":\"https:\/\/hobby4geek.com\/shop\/\"},{\"@type\":\"ListItem\",\"position\":3,\"name\":\"Transformers Masterpiece MP-57 Cybertron Aviation Defense &#8211; Skyfire\"}]},{\"@type\":\"WebSite\",\"@id\":\"https:\/\/hobby4geek.com\/#website\",\"url\":\"https:\/\/hobby4geek.com\/\",\"name\":\"Hobby4Geek\",\"description\":\"Collect, Play &amp; Showcase, Embrace your Geekiness\",\"publisher\":{\"@id\":\"https:\/\/hobby4geek.com\/#organization\"},\"potentialAction\":[{\"@type\":\"SearchAction\",\"target\":{\"@type\":\"EntryPoint\",\"urlTemplate\":\"https:\/\/hobby4geek.com\/?s={search_term_string}\"},\"query-input\":{\"@type\":\"PropertyValueSpecification\",\"valueRequired\":true,\"valueName\":\"search_term_string\"}}],\"inLanguage\":\"es\"},{\"@type\":\"Organization\",\"@id\":\"https:\/\/hobby4geek.com\/#organization\",\"name\":\"Hobby4Geek\",\"url\":\"https:\/\/hobby4geek.com\/\",\"logo\":{\"@type\":\"ImageObject\",\"inLanguage\":\"es\",\"@id\":\"https:\/\/hobby4geek.com\/#\/schema\/logo\/image\/\",\"url\":\"https:\/\/hobby4geek.com\/wp-content\/uploads\/2023\/02\/default-kit.png\",\"contentUrl\":\"https:\/\/hobby4geek.com\/wp-content\/uploads\/2023\/02\/default-kit.png\",\"width\":600,\"height\":600,\"caption\":\"Hobby4Geek\"},\"image\":{\"@id\":\"https:\/\/hobby4geek.com\/#\/schema\/logo\/image\/\"},\"sameAs\":[\"https:\/\/www.facebook.com\/hobby4geek\",\"https:\/\/x.com\/hobby4geek\",\"https:\/\/www.instagram.com\/hobby4geek\/\"]}]}<\/script>\n<meta property=\"product:brand\" content=\"Transformers\" \/>\n<meta property=\"product:price:amount\" content=\"319.00\" \/>\n<meta property=\"product:price:currency\" content=\"EUR\" \/>\n<meta property=\"og:availability\" content=\"instock\" \/>\n<meta property=\"product:availability\" content=\"instock\" \/>\n<meta property=\"product:condition\" content=\"new\" \/>\n<!-- \/ Yoast SEO Premium plugin. -->","yoast_head_json":{"title":"Transformers Masterpiece MP-57 Defensa de Aviaci\u00f3n Cybertron - Skyfire","robots":{"index":"index","follow":"follow","max-snippet":"max-snippet:-1","max-image-preview":"max-image-preview:large","max-video-preview":"max-video-preview:-1"},"canonical":"https:\/\/hobby4geek.com\/es\/producto\/transformers-obra-maestra-mp-57-cybertron-aviation-defense-skyfire\/","og_locale":"es_ES","og_type":"article","og_title":"Transformers Masterpiece MP-57 Cybertron Aviation Defense - Skyfire","og_description":"Height: 13.8 inches \/ 35 cm  Alternate Mode: Jet  Transforms from robot to jet  Based on the classic Transformers animated series  Other figures shown sold separately  MP Scale (Masterpiece)  2 x alternative heads : Laughing and Surprise  2 x replacement chest panels  1 cannon  1 x effect piece  1 x mini convoy  1 x mini master  1 x Mini Wheeljack  2 x power base parts  1 stand  1 x character card  1 x instruction sheet","og_url":"https:\/\/hobby4geek.com\/es\/producto\/transformers-obra-maestra-mp-57-cybertron-aviation-defense-skyfire\/","og_site_name":"Hobby4Geek","article_publisher":"https:\/\/www.facebook.com\/hobby4geek","article_modified_time":"2024-05-27T07:21:47+00:00","og_image":[{"width":560,"height":700,"url":"https:\/\/hobby4geek.com\/wp-content\/uploads\/2023\/02\/transformers-masterpiece-mp-57-cybertron-aviation-defense-skyfire.webp","type":"image\/webp"}],"twitter_card":"summary_large_image","twitter_site":"@hobby4geek","schema":{"@context":"https:\/\/schema.org","@graph":[{"@type":"WebPage","@id":"https:\/\/hobby4geek.com\/product\/transformers-masterpiece-mp-57-cybertron-aviation-defense-skyfire\/","url":"https:\/\/hobby4geek.com\/product\/transformers-masterpiece-mp-57-cybertron-aviation-defense-skyfire\/","name":"Transformers Masterpiece MP-57 Defensa de Aviaci\u00f3n Cybertron - Skyfire","isPartOf":{"@id":"https:\/\/hobby4geek.com\/#website"},"primaryImageOfPage":{"@id":"https:\/\/hobby4geek.com\/product\/transformers-masterpiece-mp-57-cybertron-aviation-defense-skyfire\/#primaryimage"},"image":{"@id":"https:\/\/hobby4geek.com\/product\/transformers-masterpiece-mp-57-cybertron-aviation-defense-skyfire\/#primaryimage"},"thumbnailUrl":"https:\/\/hobby4geek.com\/wp-content\/uploads\/2023\/02\/transformers-masterpiece-mp-57-cybertron-aviation-defense-skyfire.webp","datePublished":"2023-02-16T20:35:53+00:00","dateModified":"2024-05-27T07:21:47+00:00","breadcrumb":{"@id":"https:\/\/hobby4geek.com\/product\/transformers-masterpiece-mp-57-cybertron-aviation-defense-skyfire\/#breadcrumb"},"inLanguage":"es","potentialAction":[{"@type":"ReadAction","target":["https:\/\/hobby4geek.com\/product\/transformers-masterpiece-mp-57-cybertron-aviation-defense-skyfire\/"]}]},{"@type":"ImageObject","inLanguage":"es","@id":"https:\/\/hobby4geek.com\/product\/transformers-masterpiece-mp-57-cybertron-aviation-defense-skyfire\/#primaryimage","url":"https:\/\/hobby4geek.com\/wp-content\/uploads\/2023\/02\/transformers-masterpiece-mp-57-cybertron-aviation-defense-skyfire.webp","contentUrl":"https:\/\/hobby4geek.com\/wp-content\/uploads\/2023\/02\/transformers-masterpiece-mp-57-cybertron-aviation-defense-skyfire.webp","width":560,"height":700},{"@type":"BreadcrumbList","@id":"https:\/\/hobby4geek.com\/product\/transformers-masterpiece-mp-57-cybertron-aviation-defense-skyfire\/#breadcrumb","itemListElement":[{"@type":"ListItem","position":1,"name":"Home","item":"https:\/\/hobby4geek.com\/"},{"@type":"ListItem","position":2,"name":"Shop","item":"https:\/\/hobby4geek.com\/shop\/"},{"@type":"ListItem","position":3,"name":"Transformers Masterpiece MP-57 Cybertron Aviation Defense &#8211; Skyfire"}]},{"@type":"WebSite","@id":"https:\/\/hobby4geek.com\/#website","url":"https:\/\/hobby4geek.com\/","name":"Hobby4Geek","description":"Coleccionar, jugar y exhibir, abrazar su frikismo","publisher":{"@id":"https:\/\/hobby4geek.com\/#organization"},"potentialAction":[{"@type":"SearchAction","target":{"@type":"EntryPoint","urlTemplate":"https:\/\/hobby4geek.com\/?s={search_term_string}"},"query-input":{"@type":"PropertyValueSpecification","valueRequired":true,"valueName":"search_term_string"}}],"inLanguage":"es"},{"@type":"Organization","@id":"https:\/\/hobby4geek.com\/#organization","name":"Hobby4Geek","url":"https:\/\/hobby4geek.com\/","logo":{"@type":"ImageObject","inLanguage":"es","@id":"https:\/\/hobby4geek.com\/#\/schema\/logo\/image\/","url":"https:\/\/hobby4geek.com\/wp-content\/uploads\/2023\/02\/default-kit.png","contentUrl":"https:\/\/hobby4geek.com\/wp-content\/uploads\/2023\/02\/default-kit.png","width":600,"height":600,"caption":"Hobby4Geek"},"image":{"@id":"https:\/\/hobby4geek.com\/#\/schema\/logo\/image\/"},"sameAs":["https:\/\/www.facebook.com\/hobby4geek","https:\/\/x.com\/hobby4geek","https:\/\/www.instagram.com\/hobby4geek\/"]}]},"product_brand":"Transformers","product_price_amount":"319.00","product_price_currency":"EUR","og_availability":"instock","product_availability":"instock","product_condition":"new"},"_links":{"self":[{"href":"https:\/\/hobby4geek.com\/es\/wp-json\/wp\/v2\/product\/178107","targetHints":{"allow":["GET"]}}],"collection":[{"href":"https:\/\/hobby4geek.com\/es\/wp-json\/wp\/v2\/product"}],"about":[{"href":"https:\/\/hobby4geek.com\/es\/wp-json\/wp\/v2\/types\/product"}],"replies":[{"embeddable":true,"href":"https:\/\/hobby4geek.com\/es\/wp-json\/wp\/v2\/comments?post=178107"}],"version-history":[{"count":0,"href":"https:\/\/hobby4geek.com\/es\/wp-json\/wp\/v2\/product\/178107\/revisions"}],"wp:featuredmedia":[{"embeddable":true,"href":"https:\/\/hobby4geek.com\/es\/wp-json\/wp\/v2\/media\/184537"}],"wp:attachment":[{"href":"https:\/\/hobby4geek.com\/es\/wp-json\/wp\/v2\/media?parent=178107"}],"wp:term":[{"taxonomy":"product_brand","embeddable":true,"href":"https:\/\/hobby4geek.com\/es\/wp-json\/wp\/v2\/product_brand?post=178107"},{"taxonomy":"product_cat","embeddable":true,"href":"https:\/\/hobby4geek.com\/es\/wp-json\/wp\/v2\/product_cat?post=178107"},{"taxonomy":"product_tag","embeddable":true,"href":"https:\/\/hobby4geek.com\/es\/wp-json\/wp\/v2\/product_tag?post=178107"},{"taxonomy":"giftcard-category","embeddable":true,"href":"https:\/\/hobby4geek.com\/es\/wp-json\/wp\/v2\/giftcard-category?post=178107"}],"curies":[{"name":"wp","href":"https:\/\/api.w.org\/{rel}","templated":true}]}}