{"id":178019,"date":"2023-02-12T11:58:12","date_gmt":"2023-02-12T10:58:12","guid":{"rendered":"https:\/\/hobby4geek.com\/?post_type=product&#038;p=178019"},"modified":"2024-05-12T12:56:51","modified_gmt":"2024-05-12T11:56:51","slug":"heatboys-hb0012-tmnt-leonardo","status":"publish","type":"product","link":"https:\/\/hobby4geek.com\/es\/producto\/heatboys-hb0012-tmnt-leonardo\/","title":{"rendered":"HeatBoys HB0012 TMNT Leonardo"},"content":{"rendered":"<p>\u00a1HeatBoys presenta su figura Leonardo Teenage Mutant Ninja Turtles HB0012!<\/p>\n<p>Esta figura de Leonardo llevar\u00e1 tu colecci\u00f3n de figuras al siguiente nivel. Leo es una figura mec\u00e1nica totalmente articulada que est\u00e1 lista para salir a la calle y enfrentarse al Clan del Pie.<\/p>\n<p>Abre la parte trasera para descubrir una minifigura de Leonardo.<\/p>\n<ul>\n<li>Tama\u00f1o del juguete: 9,1 pulgadas \/ 23 cm<\/li>\n<li>Totalmente articulado<\/li>\n<li>Basado en la franquicia TMNT<\/li>\n<li>Incluye m\u00faltiples armas y accesorios<\/li>\n<li>De pl\u00e1stico y fundici\u00f3n a presi\u00f3n<\/li>\n<li>2 x Katanas y vainas<\/li>\n<li>2 x Espadas cortas<\/li>\n<li>2 pistolas Blaster<\/li>\n<li>1 x Rifle Blaster<\/li>\n<li>1 Escudo<\/li>\n<li>2 Shuriken<\/li>\n<li>2 x Leo Mini Runners<\/li>\n<li>1 Stand<\/li>\n<li>Piezas de conexi\u00f3n<\/li>\n<\/ul>","protected":false},"excerpt":{"rendered":"<ul>\n<li>Tama\u00f1o del juguete: 9,1 pulgadas \/ 23 cm<\/li>\n<li>Totalmente articulado<\/li>\n<li>Basado en la franquicia TMNT<\/li>\n<li>Incluye m\u00faltiples armas y accesorios<\/li>\n<li>De pl\u00e1stico y fundici\u00f3n a presi\u00f3n<\/li>\n<li>2 x Katanas y vainas<\/li>\n<li>2 x Espadas cortas<\/li>\n<li>2 pistolas Blaster<\/li>\n<li>1 x Rifle Blaster<\/li>\n<li>1 Escudo<\/li>\n<li>2 Shuriken<\/li>\n<li>2 x Leo Mini Runners<\/li>\n<li>1 Stand<\/li>\n<li>Piezas de conexi\u00f3n<\/li>\n<\/ul>","protected":false},"featured_media":178020,"comment_status":"open","ping_status":"closed","template":"","meta":{"inline_featured_image":false},"product_brand":[],"product_cat":[198,1967,1966],"product_tag":[1759,1976,1917,1918,1919,1920,1921,1922,1923,1924,1925,1975],"giftcard-category":[],"class_list":{"0":"post-178019","1":"product","2":"type-product","3":"status-publish","4":"has-post-thumbnail","6":"product_cat-heatboys","7":"product_cat-nickelodeon","8":"product_cat-tmnt","9":"product_tag-action-toys","10":"product_tag-collector-figures","11":"product_tag-hb0012","12":"product_tag-heatboys","13":"product_tag-leonardo","14":"product_tag-nickelodeon","15":"product_tag-ninja-turtle","16":"product_tag-snap","17":"product_tag-teenage-mutant-ninja-turtles","18":"product_tag-tmnt","19":"product_tag-tortues-ninja","20":"product_tag-toys-figures","21":"product_shipping_class-free-shipping","22":"inventories-china-inventory","24":"first","25":"onbackorder","26":"taxable","27":"shipping-taxable","28":"purchasable","29":"product-type-simple","30":"add-to-wishlist-after_add_to_cart"},"yoast_head":"<!-- This site is optimized with the Yoast SEO Premium plugin v25.3.1 (Yoast SEO v27.2) - https:\/\/yoast.com\/product\/yoast-seo-premium-wordpress\/ -->\n<title>HeatBoys HB0012 TMNT Leonardo<\/title>\n<meta name=\"robots\" content=\"index, follow, max-snippet:-1, max-image-preview:large, max-video-preview:-1\" \/>\n<link rel=\"canonical\" href=\"https:\/\/hobby4geek.com\/es\/producto\/heatboys-hb0012-tmnt-leonardo\/\" \/>\n<meta property=\"og:locale\" content=\"es_ES\" \/>\n<meta property=\"og:type\" content=\"article\" \/>\n<meta property=\"og:title\" content=\"HeatBoys HB0012 TMNT Leonardo\" \/>\n<meta property=\"og:description\" content=\"Toy size: 9.1 inches \/ 23 cm  Fully articulated  Based on the TMNT franchise  Includes multiple weapons and accessories  Made of plastic and die-cast  2 x Katanas and scabbards  2 x Short swords  2 x Blaster pistols  1 x Blaster rifle  1 Shield  2 Shuriken  2 x Leo Mini Runners  1 Stand  Connector parts\" \/>\n<meta property=\"og:url\" content=\"https:\/\/hobby4geek.com\/es\/producto\/heatboys-hb0012-tmnt-leonardo\/\" \/>\n<meta property=\"og:site_name\" content=\"Hobby4Geek\" \/>\n<meta property=\"article:publisher\" content=\"https:\/\/www.facebook.com\/hobby4geek\" \/>\n<meta property=\"article:modified_time\" content=\"2024-05-12T11:56:51+00:00\" \/>\n<meta property=\"og:image\" content=\"https:\/\/hobby4geek.com\/wp-content\/uploads\/2023\/02\/heatboys-hb0012-tmnt-leonardo-1.png\" \/>\n\t<meta property=\"og:image:width\" content=\"490\" \/>\n\t<meta property=\"og:image:height\" content=\"696\" \/>\n\t<meta property=\"og:image:type\" content=\"image\/png\" \/>\n<meta name=\"twitter:card\" content=\"summary_large_image\" \/>\n<meta name=\"twitter:site\" content=\"@hobby4geek\" \/>\n<script type=\"application\/ld+json\" class=\"yoast-schema-graph\">{\"@context\":\"https:\/\/schema.org\",\"@graph\":[{\"@type\":\"WebPage\",\"@id\":\"https:\/\/hobby4geek.com\/product\/heatboys-hb0012-tmnt-leonardo\/\",\"url\":\"https:\/\/hobby4geek.com\/product\/heatboys-hb0012-tmnt-leonardo\/\",\"name\":\"HeatBoys HB0012 TMNT Leonardo\",\"isPartOf\":{\"@id\":\"https:\/\/hobby4geek.com\/#website\"},\"primaryImageOfPage\":{\"@id\":\"https:\/\/hobby4geek.com\/product\/heatboys-hb0012-tmnt-leonardo\/#primaryimage\"},\"image\":{\"@id\":\"https:\/\/hobby4geek.com\/product\/heatboys-hb0012-tmnt-leonardo\/#primaryimage\"},\"thumbnailUrl\":\"https:\/\/hobby4geek.com\/wp-content\/uploads\/2023\/02\/heatboys-hb0012-tmnt-leonardo-1.png\",\"datePublished\":\"2023-02-12T10:58:12+00:00\",\"dateModified\":\"2024-05-12T11:56:51+00:00\",\"breadcrumb\":{\"@id\":\"https:\/\/hobby4geek.com\/product\/heatboys-hb0012-tmnt-leonardo\/#breadcrumb\"},\"inLanguage\":\"es\",\"potentialAction\":[{\"@type\":\"ReadAction\",\"target\":[\"https:\/\/hobby4geek.com\/product\/heatboys-hb0012-tmnt-leonardo\/\"]}]},{\"@type\":\"ImageObject\",\"inLanguage\":\"es\",\"@id\":\"https:\/\/hobby4geek.com\/product\/heatboys-hb0012-tmnt-leonardo\/#primaryimage\",\"url\":\"https:\/\/hobby4geek.com\/wp-content\/uploads\/2023\/02\/heatboys-hb0012-tmnt-leonardo-1.png\",\"contentUrl\":\"https:\/\/hobby4geek.com\/wp-content\/uploads\/2023\/02\/heatboys-hb0012-tmnt-leonardo-1.png\",\"width\":490,\"height\":696},{\"@type\":\"BreadcrumbList\",\"@id\":\"https:\/\/hobby4geek.com\/product\/heatboys-hb0012-tmnt-leonardo\/#breadcrumb\",\"itemListElement\":[{\"@type\":\"ListItem\",\"position\":1,\"name\":\"Home\",\"item\":\"https:\/\/hobby4geek.com\/\"},{\"@type\":\"ListItem\",\"position\":2,\"name\":\"Shop\",\"item\":\"https:\/\/hobby4geek.com\/shop\/\"},{\"@type\":\"ListItem\",\"position\":3,\"name\":\"HeatBoys HB0012 TMNT Leonardo\"}]},{\"@type\":\"WebSite\",\"@id\":\"https:\/\/hobby4geek.com\/#website\",\"url\":\"https:\/\/hobby4geek.com\/\",\"name\":\"Hobby4Geek\",\"description\":\"Collect, Play &amp; Showcase, Embrace your Geekiness\",\"publisher\":{\"@id\":\"https:\/\/hobby4geek.com\/#organization\"},\"potentialAction\":[{\"@type\":\"SearchAction\",\"target\":{\"@type\":\"EntryPoint\",\"urlTemplate\":\"https:\/\/hobby4geek.com\/?s={search_term_string}\"},\"query-input\":{\"@type\":\"PropertyValueSpecification\",\"valueRequired\":true,\"valueName\":\"search_term_string\"}}],\"inLanguage\":\"es\"},{\"@type\":\"Organization\",\"@id\":\"https:\/\/hobby4geek.com\/#organization\",\"name\":\"Hobby4Geek\",\"url\":\"https:\/\/hobby4geek.com\/\",\"logo\":{\"@type\":\"ImageObject\",\"inLanguage\":\"es\",\"@id\":\"https:\/\/hobby4geek.com\/#\/schema\/logo\/image\/\",\"url\":\"https:\/\/hobby4geek.com\/wp-content\/uploads\/2023\/02\/default-kit.png\",\"contentUrl\":\"https:\/\/hobby4geek.com\/wp-content\/uploads\/2023\/02\/default-kit.png\",\"width\":600,\"height\":600,\"caption\":\"Hobby4Geek\"},\"image\":{\"@id\":\"https:\/\/hobby4geek.com\/#\/schema\/logo\/image\/\"},\"sameAs\":[\"https:\/\/www.facebook.com\/hobby4geek\",\"https:\/\/x.com\/hobby4geek\",\"https:\/\/www.instagram.com\/hobby4geek\/\"]}]}<\/script>\n<meta property=\"product:brand\" content=\"HeatBoys\" \/>\n<meta property=\"product:price:amount\" content=\"239.00\" \/>\n<meta property=\"product:price:currency\" content=\"EUR\" \/>\n<meta property=\"og:availability\" content=\"backorder\" \/>\n<meta property=\"product:availability\" content=\"available for order\" \/>\n<meta property=\"product:condition\" content=\"new\" \/>\n<!-- \/ Yoast SEO Premium plugin. -->","yoast_head_json":{"title":"HeatBoys HB0012 TMNT Leonardo","robots":{"index":"index","follow":"follow","max-snippet":"max-snippet:-1","max-image-preview":"max-image-preview:large","max-video-preview":"max-video-preview:-1"},"canonical":"https:\/\/hobby4geek.com\/es\/producto\/heatboys-hb0012-tmnt-leonardo\/","og_locale":"es_ES","og_type":"article","og_title":"HeatBoys HB0012 TMNT Leonardo","og_description":"Toy size: 9.1 inches \/ 23 cm  Fully articulated  Based on the TMNT franchise  Includes multiple weapons and accessories  Made of plastic and die-cast  2 x Katanas and scabbards  2 x Short swords  2 x Blaster pistols  1 x Blaster rifle  1 Shield  2 Shuriken  2 x Leo Mini Runners  1 Stand  Connector parts","og_url":"https:\/\/hobby4geek.com\/es\/producto\/heatboys-hb0012-tmnt-leonardo\/","og_site_name":"Hobby4Geek","article_publisher":"https:\/\/www.facebook.com\/hobby4geek","article_modified_time":"2024-05-12T11:56:51+00:00","og_image":[{"width":490,"height":696,"url":"https:\/\/hobby4geek.com\/wp-content\/uploads\/2023\/02\/heatboys-hb0012-tmnt-leonardo-1.png","type":"image\/png"}],"twitter_card":"summary_large_image","twitter_site":"@hobby4geek","schema":{"@context":"https:\/\/schema.org","@graph":[{"@type":"WebPage","@id":"https:\/\/hobby4geek.com\/product\/heatboys-hb0012-tmnt-leonardo\/","url":"https:\/\/hobby4geek.com\/product\/heatboys-hb0012-tmnt-leonardo\/","name":"HeatBoys HB0012 TMNT Leonardo","isPartOf":{"@id":"https:\/\/hobby4geek.com\/#website"},"primaryImageOfPage":{"@id":"https:\/\/hobby4geek.com\/product\/heatboys-hb0012-tmnt-leonardo\/#primaryimage"},"image":{"@id":"https:\/\/hobby4geek.com\/product\/heatboys-hb0012-tmnt-leonardo\/#primaryimage"},"thumbnailUrl":"https:\/\/hobby4geek.com\/wp-content\/uploads\/2023\/02\/heatboys-hb0012-tmnt-leonardo-1.png","datePublished":"2023-02-12T10:58:12+00:00","dateModified":"2024-05-12T11:56:51+00:00","breadcrumb":{"@id":"https:\/\/hobby4geek.com\/product\/heatboys-hb0012-tmnt-leonardo\/#breadcrumb"},"inLanguage":"es","potentialAction":[{"@type":"ReadAction","target":["https:\/\/hobby4geek.com\/product\/heatboys-hb0012-tmnt-leonardo\/"]}]},{"@type":"ImageObject","inLanguage":"es","@id":"https:\/\/hobby4geek.com\/product\/heatboys-hb0012-tmnt-leonardo\/#primaryimage","url":"https:\/\/hobby4geek.com\/wp-content\/uploads\/2023\/02\/heatboys-hb0012-tmnt-leonardo-1.png","contentUrl":"https:\/\/hobby4geek.com\/wp-content\/uploads\/2023\/02\/heatboys-hb0012-tmnt-leonardo-1.png","width":490,"height":696},{"@type":"BreadcrumbList","@id":"https:\/\/hobby4geek.com\/product\/heatboys-hb0012-tmnt-leonardo\/#breadcrumb","itemListElement":[{"@type":"ListItem","position":1,"name":"Home","item":"https:\/\/hobby4geek.com\/"},{"@type":"ListItem","position":2,"name":"Shop","item":"https:\/\/hobby4geek.com\/shop\/"},{"@type":"ListItem","position":3,"name":"HeatBoys HB0012 TMNT Leonardo"}]},{"@type":"WebSite","@id":"https:\/\/hobby4geek.com\/#website","url":"https:\/\/hobby4geek.com\/","name":"Hobby4Geek","description":"Coleccionar, jugar y exhibir, abrazar su frikismo","publisher":{"@id":"https:\/\/hobby4geek.com\/#organization"},"potentialAction":[{"@type":"SearchAction","target":{"@type":"EntryPoint","urlTemplate":"https:\/\/hobby4geek.com\/?s={search_term_string}"},"query-input":{"@type":"PropertyValueSpecification","valueRequired":true,"valueName":"search_term_string"}}],"inLanguage":"es"},{"@type":"Organization","@id":"https:\/\/hobby4geek.com\/#organization","name":"Hobby4Geek","url":"https:\/\/hobby4geek.com\/","logo":{"@type":"ImageObject","inLanguage":"es","@id":"https:\/\/hobby4geek.com\/#\/schema\/logo\/image\/","url":"https:\/\/hobby4geek.com\/wp-content\/uploads\/2023\/02\/default-kit.png","contentUrl":"https:\/\/hobby4geek.com\/wp-content\/uploads\/2023\/02\/default-kit.png","width":600,"height":600,"caption":"Hobby4Geek"},"image":{"@id":"https:\/\/hobby4geek.com\/#\/schema\/logo\/image\/"},"sameAs":["https:\/\/www.facebook.com\/hobby4geek","https:\/\/x.com\/hobby4geek","https:\/\/www.instagram.com\/hobby4geek\/"]}]},"product_brand":"HeatBoys","product_price_amount":"239.00","product_price_currency":"EUR","og_availability":"backorder","product_availability":"available for order","product_condition":"new"},"_links":{"self":[{"href":"https:\/\/hobby4geek.com\/es\/wp-json\/wp\/v2\/product\/178019","targetHints":{"allow":["GET"]}}],"collection":[{"href":"https:\/\/hobby4geek.com\/es\/wp-json\/wp\/v2\/product"}],"about":[{"href":"https:\/\/hobby4geek.com\/es\/wp-json\/wp\/v2\/types\/product"}],"replies":[{"embeddable":true,"href":"https:\/\/hobby4geek.com\/es\/wp-json\/wp\/v2\/comments?post=178019"}],"version-history":[{"count":0,"href":"https:\/\/hobby4geek.com\/es\/wp-json\/wp\/v2\/product\/178019\/revisions"}],"wp:featuredmedia":[{"embeddable":true,"href":"https:\/\/hobby4geek.com\/es\/wp-json\/wp\/v2\/media\/178020"}],"wp:attachment":[{"href":"https:\/\/hobby4geek.com\/es\/wp-json\/wp\/v2\/media?parent=178019"}],"wp:term":[{"taxonomy":"product_brand","embeddable":true,"href":"https:\/\/hobby4geek.com\/es\/wp-json\/wp\/v2\/product_brand?post=178019"},{"taxonomy":"product_cat","embeddable":true,"href":"https:\/\/hobby4geek.com\/es\/wp-json\/wp\/v2\/product_cat?post=178019"},{"taxonomy":"product_tag","embeddable":true,"href":"https:\/\/hobby4geek.com\/es\/wp-json\/wp\/v2\/product_tag?post=178019"},{"taxonomy":"giftcard-category","embeddable":true,"href":"https:\/\/hobby4geek.com\/es\/wp-json\/wp\/v2\/giftcard-category?post=178019"}],"curies":[{"name":"wp","href":"https:\/\/api.w.org\/{rel}","templated":true}]}}