{"id":177150,"date":"2023-10-29T19:23:53","date_gmt":"2023-10-29T18:23:53","guid":{"rendered":"https:\/\/hobby4geek.com\/?post_type=product&#038;p=177150"},"modified":"2025-01-18T15:58:51","modified_gmt":"2025-01-18T14:58:51","slug":"mc003-dlx-rotf-optimus-prime","status":"publish","type":"product","link":"https:\/\/hobby4geek.com\/es\/producto\/mc003-dlx-rotf-optimus-prime\/","title":{"rendered":"4\u00aa Fiesta: MC003 - DLX ROTF Optimus Prime"},"content":{"rendered":"<p>Este magn\u00edfico Knock Off de ThreeZero - Transformers: Revenge of the Fallen DLX Optimus Prime mide 29.2cm (11.4 pulgadas) de alto, la figura cuenta con aproximadamente 57 puntos de articulaci\u00f3n, piezas de fundici\u00f3n y ojos iluminados por LEDs. Los accesorios incluyen dos Blasters de Iones, dos espadas de Energ\u00f3n y una m\u00e1scara de batalla y un rostro intercambiables, las manos se pueden posar.<\/p>\n<p>Esta figura est\u00e1 dise\u00f1ada para integrarse en el DLX Jetfire de la misma pel\u00edcula (que saldr\u00e1 a la venta en el primer trimestre de 2021). Juntas, las dos figuras forman el impresionante DLX Jetpower.<\/p>\n<p>Las figuras coleccionables DLX presentan intrincados dise\u00f1os de menor escala Transformers con un valor de producci\u00f3n de alta fidelidad.<\/p>\n<ul>\n<li>Cabeza modificada<\/li>\n<li>Patr\u00f3n aumentado en el pecho<\/li>\n<li>Manos articuladas<\/li>\n<li>Altura aproximada 29,2 cm<\/li>\n<li>Aproximadamente 57 puntos de articulaci\u00f3n<\/li>\n<li>Piezas de metal fundido a presi\u00f3n<\/li>\n<li>Ojos iluminados con LED*.<\/li>\n<li>Parte del blindaje externo es desmontable para su integraci\u00f3n con DLX Jetfire<\/li>\n<\/ul>\n<p><strong>Accesorios:<\/strong><\/p>\n<p>Una m\u00e1scara de combate y un rostro intercambiables<br \/>\nDos detonadores de iones<br \/>\nDos espadas duales de Energon<\/p>\n<p><strong>Observaciones:<\/strong><\/p>\n<p>*Las funciones LED requieren pilas AG13 x2 (pilas no incluidas)<\/p>\n<p><strong>Materiales:<\/strong><\/p>\n<p>Aleaci\u00f3n de zinc fundido a presi\u00f3n, POM, ABS y PVC<\/p>","protected":false},"excerpt":{"rendered":"<ul>\n<li>Cabeza modificada<\/li>\n<li>Patr\u00f3n aumentado en el pecho<\/li>\n<li>Manos articuladas<\/li>\n<li>Altura aproximada 29,2 cm<\/li>\n<li>Aproximadamente 57 puntos de articulaci\u00f3n<\/li>\n<li>Piezas de metal fundido a presi\u00f3n<\/li>\n<li>Ojos iluminados con LED*.<\/li>\n<li>Parte del blindaje externo es desmontable para su integraci\u00f3n con DLX Jetfire<\/li>\n<\/ul>\n<p><strong>Accesorios:<\/strong><\/p>\n<p>Una m\u00e1scara de combate y un rostro intercambiables<br \/>\nDos detonadores de iones<br \/>\nDos espadas duales de Energon<\/p>\n<p><strong>Observaciones:<\/strong><\/p>\n<p>*Las funciones LED requieren pilas AG13 x2 (pilas no incluidas)<\/p>\n<p><strong>Materiales:<\/strong><\/p>\n<p>Aleaci\u00f3n de zinc fundido a presi\u00f3n, POM, ABS y PVC<\/p>","protected":false},"featured_media":183327,"comment_status":"open","ping_status":"closed","template":"","meta":{"inline_featured_image":false},"product_brand":[],"product_cat":[94],"product_tag":[200,1759,199,333,335,1062,596,234,770,1975,204,1638],"giftcard-category":[],"class_list":{"0":"post-177150","1":"product","2":"type-product","3":"status-publish","4":"has-post-thumbnail","6":"product_cat-4th-party","7":"product_tag-action-figures","8":"product_tag-action-toys","9":"product_tag-autobot","10":"product_tag-dlx-collectible-series","11":"product_tag-hasbro","12":"product_tag-knock-off","13":"product_tag-ko","14":"product_tag-optimus-prime","15":"product_tag-threezero","16":"product_tag-toys-figures","17":"product_tag-transformers","18":"product_tag-transformers-revenge-of-the-fallen","19":"product_shipping_class-free-shipping","20":"inventories-china-inventory","22":"first","23":"outofstock","24":"taxable","25":"shipping-taxable","26":"purchasable","27":"product-type-simple","28":"add-to-wishlist-after_add_to_cart"},"yoast_head":"<!-- This site is optimized with the Yoast SEO Premium plugin v25.3.1 (Yoast SEO v27.4) - https:\/\/yoast.com\/product\/yoast-seo-premium-wordpress\/ -->\n<title>4th Party: MC003 - DLX ROTF Optimus Prime<\/title>\n<meta name=\"robots\" content=\"index, follow, max-snippet:-1, max-image-preview:large, max-video-preview:-1\" \/>\n<link rel=\"canonical\" href=\"https:\/\/hobby4geek.com\/es\/producto\/mc003-dlx-rotf-optimus-prime\/\" \/>\n<meta property=\"og:locale\" content=\"es_ES\" \/>\n<meta property=\"og:type\" content=\"article\" \/>\n<meta property=\"og:title\" content=\"4th Party: MC003 - DLX ROTF Optimus Prime\" \/>\n<meta property=\"og:description\" content=\"Modified head  Increased pattern on the chest  Articulated hands  Approximately 29.2 cm (11.4 inches) tall  Approximately 57 points of articulation  Die-cast metal parts  LED lighted eyes*  Part of the external armor is detachable for integration with DLX Jetfire  Accessories:  An interchangeable battle mask and face Two ion blasters Two Energon Dual Swords  Remarks:  *LED features require AG13 x2 batteries (batteries not included)  Materials:  Die-cast zinc alloy, POM, ABS and PVC\" \/>\n<meta property=\"og:url\" content=\"https:\/\/hobby4geek.com\/es\/producto\/mc003-dlx-rotf-optimus-prime\/\" \/>\n<meta property=\"og:site_name\" content=\"Hobby4Geek\" \/>\n<meta property=\"article:publisher\" content=\"https:\/\/www.facebook.com\/hobby4geek\" \/>\n<meta property=\"article:modified_time\" content=\"2025-01-18T14:58:51+00:00\" \/>\n<meta property=\"og:image\" content=\"https:\/\/hobby4geek.com\/wp-content\/uploads\/2023\/02\/4th-party-transformers-revenge-of-the-fallen-dlx-optimus-prime.jpg\" \/>\n\t<meta property=\"og:image:width\" content=\"1185\" \/>\n\t<meta property=\"og:image:height\" content=\"1080\" \/>\n\t<meta property=\"og:image:type\" content=\"image\/jpeg\" \/>\n<meta name=\"twitter:card\" content=\"summary_large_image\" \/>\n<meta name=\"twitter:site\" content=\"@hobby4geek\" \/>\n<script type=\"application\/ld+json\" class=\"yoast-schema-graph\">{\"@context\":\"https:\\\/\\\/schema.org\",\"@graph\":[{\"@type\":\"WebPage\",\"@id\":\"https:\\\/\\\/hobby4geek.com\\\/product\\\/mc003-dlx-rotf-optimus-prime\\\/\",\"url\":\"https:\\\/\\\/hobby4geek.com\\\/product\\\/mc003-dlx-rotf-optimus-prime\\\/\",\"name\":\"4th Party: MC003 - DLX ROTF Optimus Prime\",\"isPartOf\":{\"@id\":\"https:\\\/\\\/hobby4geek.com\\\/#website\"},\"primaryImageOfPage\":{\"@id\":\"https:\\\/\\\/hobby4geek.com\\\/product\\\/mc003-dlx-rotf-optimus-prime\\\/#primaryimage\"},\"image\":{\"@id\":\"https:\\\/\\\/hobby4geek.com\\\/product\\\/mc003-dlx-rotf-optimus-prime\\\/#primaryimage\"},\"thumbnailUrl\":\"https:\\\/\\\/hobby4geek.com\\\/wp-content\\\/uploads\\\/2023\\\/02\\\/4th-party-transformers-revenge-of-the-fallen-dlx-optimus-prime.jpg\",\"datePublished\":\"2023-10-29T18:23:53+00:00\",\"dateModified\":\"2025-01-18T14:58:51+00:00\",\"breadcrumb\":{\"@id\":\"https:\\\/\\\/hobby4geek.com\\\/product\\\/mc003-dlx-rotf-optimus-prime\\\/#breadcrumb\"},\"inLanguage\":\"es\",\"potentialAction\":[{\"@type\":\"ReadAction\",\"target\":[\"https:\\\/\\\/hobby4geek.com\\\/product\\\/mc003-dlx-rotf-optimus-prime\\\/\"]}]},{\"@type\":\"ImageObject\",\"inLanguage\":\"es\",\"@id\":\"https:\\\/\\\/hobby4geek.com\\\/product\\\/mc003-dlx-rotf-optimus-prime\\\/#primaryimage\",\"url\":\"https:\\\/\\\/hobby4geek.com\\\/wp-content\\\/uploads\\\/2023\\\/02\\\/4th-party-transformers-revenge-of-the-fallen-dlx-optimus-prime.jpg\",\"contentUrl\":\"https:\\\/\\\/hobby4geek.com\\\/wp-content\\\/uploads\\\/2023\\\/02\\\/4th-party-transformers-revenge-of-the-fallen-dlx-optimus-prime.jpg\",\"width\":1185,\"height\":1080,\"caption\":\"4th-party-transformers-revenge-of-the-fallen-dlx-optimus-prime\"},{\"@type\":\"BreadcrumbList\",\"@id\":\"https:\\\/\\\/hobby4geek.com\\\/product\\\/mc003-dlx-rotf-optimus-prime\\\/#breadcrumb\",\"itemListElement\":[{\"@type\":\"ListItem\",\"position\":1,\"name\":\"Home\",\"item\":\"https:\\\/\\\/hobby4geek.com\\\/\"},{\"@type\":\"ListItem\",\"position\":2,\"name\":\"Shop\",\"item\":\"https:\\\/\\\/hobby4geek.com\\\/shop\\\/\"},{\"@type\":\"ListItem\",\"position\":3,\"name\":\"4th Party: MC003 &#8211; DLX ROTF Optimus Prime\"}]},{\"@type\":\"WebSite\",\"@id\":\"https:\\\/\\\/hobby4geek.com\\\/#website\",\"url\":\"https:\\\/\\\/hobby4geek.com\\\/\",\"name\":\"Hobby4Geek\",\"description\":\"Collect, Play &amp; Showcase, Embrace your Geekiness\",\"publisher\":{\"@id\":\"https:\\\/\\\/hobby4geek.com\\\/#organization\"},\"potentialAction\":[{\"@type\":\"SearchAction\",\"target\":{\"@type\":\"EntryPoint\",\"urlTemplate\":\"https:\\\/\\\/hobby4geek.com\\\/?s={search_term_string}\"},\"query-input\":{\"@type\":\"PropertyValueSpecification\",\"valueRequired\":true,\"valueName\":\"search_term_string\"}}],\"inLanguage\":\"es\"},{\"@type\":\"Organization\",\"@id\":\"https:\\\/\\\/hobby4geek.com\\\/#organization\",\"name\":\"Hobby4Geek\",\"url\":\"https:\\\/\\\/hobby4geek.com\\\/\",\"logo\":{\"@type\":\"ImageObject\",\"inLanguage\":\"es\",\"@id\":\"https:\\\/\\\/hobby4geek.com\\\/#\\\/schema\\\/logo\\\/image\\\/\",\"url\":\"https:\\\/\\\/hobby4geek.com\\\/wp-content\\\/uploads\\\/2023\\\/02\\\/default-kit.png\",\"contentUrl\":\"https:\\\/\\\/hobby4geek.com\\\/wp-content\\\/uploads\\\/2023\\\/02\\\/default-kit.png\",\"width\":600,\"height\":600,\"caption\":\"Hobby4Geek\"},\"image\":{\"@id\":\"https:\\\/\\\/hobby4geek.com\\\/#\\\/schema\\\/logo\\\/image\\\/\"},\"sameAs\":[\"https:\\\/\\\/www.facebook.com\\\/hobby4geek\",\"https:\\\/\\\/x.com\\\/hobby4geek\",\"https:\\\/\\\/www.instagram.com\\\/hobby4geek\\\/\"]}]}<\/script>\n<meta property=\"product:brand\" content=\"4th Party\" \/>\n<meta property=\"product:price:amount\" content=\"164.80\" \/>\n<meta property=\"product:price:currency\" content=\"EUR\" \/>\n<meta property=\"og:availability\" content=\"out of stock\" \/>\n<meta property=\"product:availability\" content=\"out of stock\" \/>\n<meta property=\"product:condition\" content=\"new\" \/>\n<!-- \/ Yoast SEO Premium plugin. -->","yoast_head_json":{"title":"4th Party: MC003 - DLX ROTF Optimus Prime","robots":{"index":"index","follow":"follow","max-snippet":"max-snippet:-1","max-image-preview":"max-image-preview:large","max-video-preview":"max-video-preview:-1"},"canonical":"https:\/\/hobby4geek.com\/es\/producto\/mc003-dlx-rotf-optimus-prime\/","og_locale":"es_ES","og_type":"article","og_title":"4th Party: MC003 - DLX ROTF Optimus Prime","og_description":"Modified head  Increased pattern on the chest  Articulated hands  Approximately 29.2 cm (11.4 inches) tall  Approximately 57 points of articulation  Die-cast metal parts  LED lighted eyes*  Part of the external armor is detachable for integration with DLX Jetfire  Accessories:  An interchangeable battle mask and face Two ion blasters Two Energon Dual Swords  Remarks:  *LED features require AG13 x2 batteries (batteries not included)  Materials:  Die-cast zinc alloy, POM, ABS and PVC","og_url":"https:\/\/hobby4geek.com\/es\/producto\/mc003-dlx-rotf-optimus-prime\/","og_site_name":"Hobby4Geek","article_publisher":"https:\/\/www.facebook.com\/hobby4geek","article_modified_time":"2025-01-18T14:58:51+00:00","og_image":[{"width":1185,"height":1080,"url":"https:\/\/hobby4geek.com\/wp-content\/uploads\/2023\/02\/4th-party-transformers-revenge-of-the-fallen-dlx-optimus-prime.jpg","type":"image\/jpeg"}],"twitter_card":"summary_large_image","twitter_site":"@hobby4geek","schema":{"@context":"https:\/\/schema.org","@graph":[{"@type":"WebPage","@id":"https:\/\/hobby4geek.com\/product\/mc003-dlx-rotf-optimus-prime\/","url":"https:\/\/hobby4geek.com\/product\/mc003-dlx-rotf-optimus-prime\/","name":"4th Party: MC003 - DLX ROTF Optimus Prime","isPartOf":{"@id":"https:\/\/hobby4geek.com\/#website"},"primaryImageOfPage":{"@id":"https:\/\/hobby4geek.com\/product\/mc003-dlx-rotf-optimus-prime\/#primaryimage"},"image":{"@id":"https:\/\/hobby4geek.com\/product\/mc003-dlx-rotf-optimus-prime\/#primaryimage"},"thumbnailUrl":"https:\/\/hobby4geek.com\/wp-content\/uploads\/2023\/02\/4th-party-transformers-revenge-of-the-fallen-dlx-optimus-prime.jpg","datePublished":"2023-10-29T18:23:53+00:00","dateModified":"2025-01-18T14:58:51+00:00","breadcrumb":{"@id":"https:\/\/hobby4geek.com\/product\/mc003-dlx-rotf-optimus-prime\/#breadcrumb"},"inLanguage":"es","potentialAction":[{"@type":"ReadAction","target":["https:\/\/hobby4geek.com\/product\/mc003-dlx-rotf-optimus-prime\/"]}]},{"@type":"ImageObject","inLanguage":"es","@id":"https:\/\/hobby4geek.com\/product\/mc003-dlx-rotf-optimus-prime\/#primaryimage","url":"https:\/\/hobby4geek.com\/wp-content\/uploads\/2023\/02\/4th-party-transformers-revenge-of-the-fallen-dlx-optimus-prime.jpg","contentUrl":"https:\/\/hobby4geek.com\/wp-content\/uploads\/2023\/02\/4th-party-transformers-revenge-of-the-fallen-dlx-optimus-prime.jpg","width":1185,"height":1080,"caption":"4th-party-transformers-revenge-of-the-fallen-dlx-optimus-prime"},{"@type":"BreadcrumbList","@id":"https:\/\/hobby4geek.com\/product\/mc003-dlx-rotf-optimus-prime\/#breadcrumb","itemListElement":[{"@type":"ListItem","position":1,"name":"Home","item":"https:\/\/hobby4geek.com\/"},{"@type":"ListItem","position":2,"name":"Shop","item":"https:\/\/hobby4geek.com\/shop\/"},{"@type":"ListItem","position":3,"name":"4th Party: MC003 &#8211; DLX ROTF Optimus Prime"}]},{"@type":"WebSite","@id":"https:\/\/hobby4geek.com\/#website","url":"https:\/\/hobby4geek.com\/","name":"Hobby4Geek","description":"Coleccionar, jugar y exhibir, abrazar su frikismo","publisher":{"@id":"https:\/\/hobby4geek.com\/#organization"},"potentialAction":[{"@type":"SearchAction","target":{"@type":"EntryPoint","urlTemplate":"https:\/\/hobby4geek.com\/?s={search_term_string}"},"query-input":{"@type":"PropertyValueSpecification","valueRequired":true,"valueName":"search_term_string"}}],"inLanguage":"es"},{"@type":"Organization","@id":"https:\/\/hobby4geek.com\/#organization","name":"Hobby4Geek","url":"https:\/\/hobby4geek.com\/","logo":{"@type":"ImageObject","inLanguage":"es","@id":"https:\/\/hobby4geek.com\/#\/schema\/logo\/image\/","url":"https:\/\/hobby4geek.com\/wp-content\/uploads\/2023\/02\/default-kit.png","contentUrl":"https:\/\/hobby4geek.com\/wp-content\/uploads\/2023\/02\/default-kit.png","width":600,"height":600,"caption":"Hobby4Geek"},"image":{"@id":"https:\/\/hobby4geek.com\/#\/schema\/logo\/image\/"},"sameAs":["https:\/\/www.facebook.com\/hobby4geek","https:\/\/x.com\/hobby4geek","https:\/\/www.instagram.com\/hobby4geek\/"]}]},"product_brand":"4th Party","product_price_amount":"164.80","product_price_currency":"EUR","og_availability":"out of stock","product_availability":"out of stock","product_condition":"new"},"_links":{"self":[{"href":"https:\/\/hobby4geek.com\/es\/wp-json\/wp\/v2\/product\/177150","targetHints":{"allow":["GET"]}}],"collection":[{"href":"https:\/\/hobby4geek.com\/es\/wp-json\/wp\/v2\/product"}],"about":[{"href":"https:\/\/hobby4geek.com\/es\/wp-json\/wp\/v2\/types\/product"}],"replies":[{"embeddable":true,"href":"https:\/\/hobby4geek.com\/es\/wp-json\/wp\/v2\/comments?post=177150"}],"version-history":[{"count":0,"href":"https:\/\/hobby4geek.com\/es\/wp-json\/wp\/v2\/product\/177150\/revisions"}],"wp:featuredmedia":[{"embeddable":true,"href":"https:\/\/hobby4geek.com\/es\/wp-json\/wp\/v2\/media\/183327"}],"wp:attachment":[{"href":"https:\/\/hobby4geek.com\/es\/wp-json\/wp\/v2\/media?parent=177150"}],"wp:term":[{"taxonomy":"product_brand","embeddable":true,"href":"https:\/\/hobby4geek.com\/es\/wp-json\/wp\/v2\/product_brand?post=177150"},{"taxonomy":"product_cat","embeddable":true,"href":"https:\/\/hobby4geek.com\/es\/wp-json\/wp\/v2\/product_cat?post=177150"},{"taxonomy":"product_tag","embeddable":true,"href":"https:\/\/hobby4geek.com\/es\/wp-json\/wp\/v2\/product_tag?post=177150"},{"taxonomy":"giftcard-category","embeddable":true,"href":"https:\/\/hobby4geek.com\/es\/wp-json\/wp\/v2\/giftcard-category?post=177150"}],"curies":[{"name":"wp","href":"https:\/\/api.w.org\/{rel}","templated":true}]}}