{"id":175013,"date":"2022-11-05T16:37:42","date_gmt":"2022-11-05T16:37:42","guid":{"rendered":"https:\/\/hobby4geek.com\/?post_type=product&#038;p=175013"},"modified":"2024-05-12T12:56:43","modified_gmt":"2024-05-12T11:56:43","slug":"killerbody-kb20069-20-transformers-megatron-sd-action-figure","status":"publish","type":"product","link":"https:\/\/hobby4geek.com\/es\/producto\/killerbody-kb20069-20-transformers-megatron-sd-action-figure\/","title":{"rendered":"Killerbody KB20069-20 Transformers Megatron SD Figura de Acci\u00f3n"},"content":{"rendered":"<p>Killerbody 1\/1 KB20069-48 Casco port\u00e1til Megatron con licencia oficial y control por voz<\/p>\n<p>Material: ABS, PVC, PC, aleaci\u00f3n, componentes electr\u00f3nicos<br \/>\nDimensi\u00f3n de la figura 15,30 cm<\/p>\n<p><strong>Caracter\u00edsticas del producto: :<\/strong><\/p>\n<ol>\n<li>Boca m\u00f3vil (boca y dientes abiertos y cerrados, arriba y abajo)<\/li>\n<li>La cabeza puede moverse arriba y abajo, a izquierda y derecha<\/li>\n<li>Los brazos izquierdo y derecho pueden moverse 360<\/li>\n<li>Piernas que se mueven hacia adelante y hacia atr\u00e1s, dibujo de neum\u00e1tico grabado, engranaje, detalles mec\u00e1nicos<\/li>\n<li>Fant\u00e1sticas luces LED para los ojos, con finas l\u00edneas grabadas en los ojos, un bot\u00f3n en la parte posterior de la cabeza puede encender y apagar las luces de los ojos.<\/li>\n<li>Las armas exclusivas Megatron son desmontables, se pueden colocar en el portaarmas trasero o se pueden llevar en la mano<\/li>\n<li>Capa de batalla desmontable para m\u00e1s estilo<\/li>\n<li>La cadena rodea todo el cuerpo, recreando detalles de la pel\u00edcula<\/li>\n<li>Acabado pintado a mano, finas l\u00edneas grabadas por todo el cuerpo<\/li>\n<\/ol>","protected":false},"excerpt":{"rendered":"<p><strong>Caracter\u00edsticas del producto: :<\/strong><\/p>\n<ul>\n<li>Boca m\u00f3vil (boca y dientes abiertos y cerrados, arriba y abajo)<\/li>\n<li>La cabeza puede moverse arriba y abajo, a izquierda y derecha<\/li>\n<li>Los brazos izquierdo y derecho pueden moverse 360<\/li>\n<li>Piernas que se mueven hacia adelante y hacia atr\u00e1s, dibujo de neum\u00e1tico grabado, engranaje, detalles mec\u00e1nicos<\/li>\n<li>Fant\u00e1sticas luces LED para los ojos, con finas l\u00edneas grabadas en los ojos, un bot\u00f3n en la parte posterior de la cabeza puede encender y apagar las luces de los ojos.<\/li>\n<li>Las armas exclusivas Megatron son desmontables, se pueden colocar en el portaarmas trasero o se pueden llevar en la mano<\/li>\n<li>Capa de batalla desmontable para m\u00e1s estilo<\/li>\n<li>La cadena rodea todo el cuerpo, recreando detalles de la pel\u00edcula<\/li>\n<li>Acabado pintado a mano, finas l\u00edneas grabadas por todo el cuerpo<\/li>\n<\/ul>","protected":false},"featured_media":182862,"comment_status":"open","ping_status":"closed","template":"","meta":{"inline_featured_image":false},"product_brand":[],"product_cat":[1955,68,181],"product_tag":[1759,1767,1764,306,1768,1975,204],"giftcard-category":[],"class_list":{"0":"post-175013","1":"product","2":"type-product","3":"status-publish","4":"has-post-thumbnail","6":"product_cat-transformers","7":"product_cat-hasbro","8":"product_cat-killerbody","9":"product_tag-action-toys","10":"product_tag-kb20069-20","11":"product_tag-killerbody","12":"product_tag-megatron","13":"product_tag-sd-action-figure","14":"product_tag-toys-figures","15":"product_tag-transformers","16":"product_shipping_class-light","17":"inventories-china-inventory","19":"first","20":"onbackorder","21":"taxable","22":"shipping-taxable","23":"purchasable","24":"product-type-simple","25":"add-to-wishlist-after_add_to_cart"},"yoast_head":"<!-- This site is optimized with the Yoast SEO Premium plugin v25.3.1 (Yoast SEO v27.2) - https:\/\/yoast.com\/product\/yoast-seo-premium-wordpress\/ -->\n<title>Killerbody KB20069-20 Transformers Megatron SD Action Figure<\/title>\n<meta name=\"robots\" content=\"index, follow, max-snippet:-1, max-image-preview:large, max-video-preview:-1\" \/>\n<link rel=\"canonical\" href=\"https:\/\/hobby4geek.com\/es\/producto\/killerbody-kb20069-20-transformers-megatron-sd-action-figure\/\" \/>\n<meta property=\"og:locale\" content=\"es_ES\" \/>\n<meta property=\"og:type\" content=\"article\" \/>\n<meta property=\"og:title\" content=\"Killerbody KB20069-20 Transformers Megatron SD Action Figure\" \/>\n<meta property=\"og:description\" content=\"Product Features:\u00a0:   Movable mouth (open and closed mouth and teeth, up and down)  The head can move up and down, left and right  Left and right arms can move 360\u00b0  Moving legs back and forth, engraved tire pattern, gearing, mechanical details  Cool battle-damaged LED eye lights, etched fine lines on the eyes, a button on the back of the head can turn the eye lights on and off  Exclusive Megatron weapons are detachable, can be placed on the rear weapon rack or can be handheld  Detachable battle-damaged cape for added style  The chain wraps around the entire body, recreating details from the film  Hand-painted and hand-painted finish, fine lines etched all over the body\" \/>\n<meta property=\"og:url\" content=\"https:\/\/hobby4geek.com\/es\/producto\/killerbody-kb20069-20-transformers-megatron-sd-action-figure\/\" \/>\n<meta property=\"og:site_name\" content=\"Hobby4Geek\" \/>\n<meta property=\"article:publisher\" content=\"https:\/\/www.facebook.com\/hobby4geek\" \/>\n<meta property=\"article:modified_time\" content=\"2024-05-12T11:56:43+00:00\" \/>\n<meta property=\"og:image\" content=\"https:\/\/hobby4geek.com\/wp-content\/uploads\/2023\/02\/killerbody-kb20069-20-transformers-megatron-sd-action-figure-27.jpg\" \/>\n\t<meta property=\"og:image:width\" content=\"800\" \/>\n\t<meta property=\"og:image:height\" content=\"800\" \/>\n\t<meta property=\"og:image:type\" content=\"image\/jpeg\" \/>\n<meta name=\"twitter:card\" content=\"summary_large_image\" \/>\n<meta name=\"twitter:site\" content=\"@hobby4geek\" \/>\n<script type=\"application\/ld+json\" class=\"yoast-schema-graph\">{\"@context\":\"https:\/\/schema.org\",\"@graph\":[{\"@type\":\"WebPage\",\"@id\":\"https:\/\/hobby4geek.com\/product\/killerbody-kb20069-20-transformers-megatron-sd-action-figure\/\",\"url\":\"https:\/\/hobby4geek.com\/product\/killerbody-kb20069-20-transformers-megatron-sd-action-figure\/\",\"name\":\"Killerbody KB20069-20 Transformers Megatron SD Action Figure\",\"isPartOf\":{\"@id\":\"https:\/\/hobby4geek.com\/#website\"},\"primaryImageOfPage\":{\"@id\":\"https:\/\/hobby4geek.com\/product\/killerbody-kb20069-20-transformers-megatron-sd-action-figure\/#primaryimage\"},\"image\":{\"@id\":\"https:\/\/hobby4geek.com\/product\/killerbody-kb20069-20-transformers-megatron-sd-action-figure\/#primaryimage\"},\"thumbnailUrl\":\"https:\/\/hobby4geek.com\/wp-content\/uploads\/2023\/02\/killerbody-kb20069-20-transformers-megatron-sd-action-figure-27.jpg\",\"datePublished\":\"2022-11-05T16:37:42+00:00\",\"dateModified\":\"2024-05-12T11:56:43+00:00\",\"breadcrumb\":{\"@id\":\"https:\/\/hobby4geek.com\/product\/killerbody-kb20069-20-transformers-megatron-sd-action-figure\/#breadcrumb\"},\"inLanguage\":\"es\",\"potentialAction\":[{\"@type\":\"ReadAction\",\"target\":[\"https:\/\/hobby4geek.com\/product\/killerbody-kb20069-20-transformers-megatron-sd-action-figure\/\"]}]},{\"@type\":\"ImageObject\",\"inLanguage\":\"es\",\"@id\":\"https:\/\/hobby4geek.com\/product\/killerbody-kb20069-20-transformers-megatron-sd-action-figure\/#primaryimage\",\"url\":\"https:\/\/hobby4geek.com\/wp-content\/uploads\/2023\/02\/killerbody-kb20069-20-transformers-megatron-sd-action-figure-27.jpg\",\"contentUrl\":\"https:\/\/hobby4geek.com\/wp-content\/uploads\/2023\/02\/killerbody-kb20069-20-transformers-megatron-sd-action-figure-27.jpg\",\"width\":800,\"height\":800},{\"@type\":\"BreadcrumbList\",\"@id\":\"https:\/\/hobby4geek.com\/product\/killerbody-kb20069-20-transformers-megatron-sd-action-figure\/#breadcrumb\",\"itemListElement\":[{\"@type\":\"ListItem\",\"position\":1,\"name\":\"Home\",\"item\":\"https:\/\/hobby4geek.com\/\"},{\"@type\":\"ListItem\",\"position\":2,\"name\":\"Shop\",\"item\":\"https:\/\/hobby4geek.com\/shop\/\"},{\"@type\":\"ListItem\",\"position\":3,\"name\":\"Killerbody KB20069-20 Transformers Megatron SD Action Figure\"}]},{\"@type\":\"WebSite\",\"@id\":\"https:\/\/hobby4geek.com\/#website\",\"url\":\"https:\/\/hobby4geek.com\/\",\"name\":\"Hobby4Geek\",\"description\":\"Collect, Play &amp; Showcase, Embrace your Geekiness\",\"publisher\":{\"@id\":\"https:\/\/hobby4geek.com\/#organization\"},\"potentialAction\":[{\"@type\":\"SearchAction\",\"target\":{\"@type\":\"EntryPoint\",\"urlTemplate\":\"https:\/\/hobby4geek.com\/?s={search_term_string}\"},\"query-input\":{\"@type\":\"PropertyValueSpecification\",\"valueRequired\":true,\"valueName\":\"search_term_string\"}}],\"inLanguage\":\"es\"},{\"@type\":\"Organization\",\"@id\":\"https:\/\/hobby4geek.com\/#organization\",\"name\":\"Hobby4Geek\",\"url\":\"https:\/\/hobby4geek.com\/\",\"logo\":{\"@type\":\"ImageObject\",\"inLanguage\":\"es\",\"@id\":\"https:\/\/hobby4geek.com\/#\/schema\/logo\/image\/\",\"url\":\"https:\/\/hobby4geek.com\/wp-content\/uploads\/2023\/02\/default-kit.png\",\"contentUrl\":\"https:\/\/hobby4geek.com\/wp-content\/uploads\/2023\/02\/default-kit.png\",\"width\":600,\"height\":600,\"caption\":\"Hobby4Geek\"},\"image\":{\"@id\":\"https:\/\/hobby4geek.com\/#\/schema\/logo\/image\/\"},\"sameAs\":[\"https:\/\/www.facebook.com\/hobby4geek\",\"https:\/\/x.com\/hobby4geek\",\"https:\/\/www.instagram.com\/hobby4geek\/\"]}]}<\/script>\n<meta property=\"product:brand\" content=\"Transformers\" \/>\n<meta property=\"product:price:amount\" content=\"119.00\" \/>\n<meta property=\"product:price:currency\" content=\"EUR\" \/>\n<meta property=\"og:availability\" content=\"backorder\" \/>\n<meta property=\"product:availability\" content=\"available for order\" \/>\n<meta property=\"product:retailer_item_id\" content=\"4895229501966\" \/>\n<meta property=\"product:condition\" content=\"new\" \/>\n<!-- \/ Yoast SEO Premium plugin. -->","yoast_head_json":{"title":"Killerbody KB20069-20 Transformers Megatron SD Figura de Acci\u00f3n","robots":{"index":"index","follow":"follow","max-snippet":"max-snippet:-1","max-image-preview":"max-image-preview:large","max-video-preview":"max-video-preview:-1"},"canonical":"https:\/\/hobby4geek.com\/es\/producto\/killerbody-kb20069-20-transformers-megatron-sd-action-figure\/","og_locale":"es_ES","og_type":"article","og_title":"Killerbody KB20069-20 Transformers Megatron SD Action Figure","og_description":"Product Features:\u00a0:   Movable mouth (open and closed mouth and teeth, up and down)  The head can move up and down, left and right  Left and right arms can move 360\u00b0  Moving legs back and forth, engraved tire pattern, gearing, mechanical details  Cool battle-damaged LED eye lights, etched fine lines on the eyes, a button on the back of the head can turn the eye lights on and off  Exclusive Megatron weapons are detachable, can be placed on the rear weapon rack or can be handheld  Detachable battle-damaged cape for added style  The chain wraps around the entire body, recreating details from the film  Hand-painted and hand-painted finish, fine lines etched all over the body","og_url":"https:\/\/hobby4geek.com\/es\/producto\/killerbody-kb20069-20-transformers-megatron-sd-action-figure\/","og_site_name":"Hobby4Geek","article_publisher":"https:\/\/www.facebook.com\/hobby4geek","article_modified_time":"2024-05-12T11:56:43+00:00","og_image":[{"width":800,"height":800,"url":"https:\/\/hobby4geek.com\/wp-content\/uploads\/2023\/02\/killerbody-kb20069-20-transformers-megatron-sd-action-figure-27.jpg","type":"image\/jpeg"}],"twitter_card":"summary_large_image","twitter_site":"@hobby4geek","schema":{"@context":"https:\/\/schema.org","@graph":[{"@type":"WebPage","@id":"https:\/\/hobby4geek.com\/product\/killerbody-kb20069-20-transformers-megatron-sd-action-figure\/","url":"https:\/\/hobby4geek.com\/product\/killerbody-kb20069-20-transformers-megatron-sd-action-figure\/","name":"Killerbody KB20069-20 Transformers Megatron SD Figura de Acci\u00f3n","isPartOf":{"@id":"https:\/\/hobby4geek.com\/#website"},"primaryImageOfPage":{"@id":"https:\/\/hobby4geek.com\/product\/killerbody-kb20069-20-transformers-megatron-sd-action-figure\/#primaryimage"},"image":{"@id":"https:\/\/hobby4geek.com\/product\/killerbody-kb20069-20-transformers-megatron-sd-action-figure\/#primaryimage"},"thumbnailUrl":"https:\/\/hobby4geek.com\/wp-content\/uploads\/2023\/02\/killerbody-kb20069-20-transformers-megatron-sd-action-figure-27.jpg","datePublished":"2022-11-05T16:37:42+00:00","dateModified":"2024-05-12T11:56:43+00:00","breadcrumb":{"@id":"https:\/\/hobby4geek.com\/product\/killerbody-kb20069-20-transformers-megatron-sd-action-figure\/#breadcrumb"},"inLanguage":"es","potentialAction":[{"@type":"ReadAction","target":["https:\/\/hobby4geek.com\/product\/killerbody-kb20069-20-transformers-megatron-sd-action-figure\/"]}]},{"@type":"ImageObject","inLanguage":"es","@id":"https:\/\/hobby4geek.com\/product\/killerbody-kb20069-20-transformers-megatron-sd-action-figure\/#primaryimage","url":"https:\/\/hobby4geek.com\/wp-content\/uploads\/2023\/02\/killerbody-kb20069-20-transformers-megatron-sd-action-figure-27.jpg","contentUrl":"https:\/\/hobby4geek.com\/wp-content\/uploads\/2023\/02\/killerbody-kb20069-20-transformers-megatron-sd-action-figure-27.jpg","width":800,"height":800},{"@type":"BreadcrumbList","@id":"https:\/\/hobby4geek.com\/product\/killerbody-kb20069-20-transformers-megatron-sd-action-figure\/#breadcrumb","itemListElement":[{"@type":"ListItem","position":1,"name":"Home","item":"https:\/\/hobby4geek.com\/"},{"@type":"ListItem","position":2,"name":"Shop","item":"https:\/\/hobby4geek.com\/shop\/"},{"@type":"ListItem","position":3,"name":"Killerbody KB20069-20 Transformers Megatron SD Action Figure"}]},{"@type":"WebSite","@id":"https:\/\/hobby4geek.com\/#website","url":"https:\/\/hobby4geek.com\/","name":"Hobby4Geek","description":"Coleccionar, jugar y exhibir, abrazar su frikismo","publisher":{"@id":"https:\/\/hobby4geek.com\/#organization"},"potentialAction":[{"@type":"SearchAction","target":{"@type":"EntryPoint","urlTemplate":"https:\/\/hobby4geek.com\/?s={search_term_string}"},"query-input":{"@type":"PropertyValueSpecification","valueRequired":true,"valueName":"search_term_string"}}],"inLanguage":"es"},{"@type":"Organization","@id":"https:\/\/hobby4geek.com\/#organization","name":"Hobby4Geek","url":"https:\/\/hobby4geek.com\/","logo":{"@type":"ImageObject","inLanguage":"es","@id":"https:\/\/hobby4geek.com\/#\/schema\/logo\/image\/","url":"https:\/\/hobby4geek.com\/wp-content\/uploads\/2023\/02\/default-kit.png","contentUrl":"https:\/\/hobby4geek.com\/wp-content\/uploads\/2023\/02\/default-kit.png","width":600,"height":600,"caption":"Hobby4Geek"},"image":{"@id":"https:\/\/hobby4geek.com\/#\/schema\/logo\/image\/"},"sameAs":["https:\/\/www.facebook.com\/hobby4geek","https:\/\/x.com\/hobby4geek","https:\/\/www.instagram.com\/hobby4geek\/"]}]},"product_brand":"Transformers","product_price_amount":"119.00","product_price_currency":"EUR","og_availability":"backorder","product_availability":"available for order","product_retailer_item_id":"4895229501966","product_condition":"new"},"_links":{"self":[{"href":"https:\/\/hobby4geek.com\/es\/wp-json\/wp\/v2\/product\/175013","targetHints":{"allow":["GET"]}}],"collection":[{"href":"https:\/\/hobby4geek.com\/es\/wp-json\/wp\/v2\/product"}],"about":[{"href":"https:\/\/hobby4geek.com\/es\/wp-json\/wp\/v2\/types\/product"}],"replies":[{"embeddable":true,"href":"https:\/\/hobby4geek.com\/es\/wp-json\/wp\/v2\/comments?post=175013"}],"version-history":[{"count":0,"href":"https:\/\/hobby4geek.com\/es\/wp-json\/wp\/v2\/product\/175013\/revisions"}],"wp:featuredmedia":[{"embeddable":true,"href":"https:\/\/hobby4geek.com\/es\/wp-json\/wp\/v2\/media\/182862"}],"wp:attachment":[{"href":"https:\/\/hobby4geek.com\/es\/wp-json\/wp\/v2\/media?parent=175013"}],"wp:term":[{"taxonomy":"product_brand","embeddable":true,"href":"https:\/\/hobby4geek.com\/es\/wp-json\/wp\/v2\/product_brand?post=175013"},{"taxonomy":"product_cat","embeddable":true,"href":"https:\/\/hobby4geek.com\/es\/wp-json\/wp\/v2\/product_cat?post=175013"},{"taxonomy":"product_tag","embeddable":true,"href":"https:\/\/hobby4geek.com\/es\/wp-json\/wp\/v2\/product_tag?post=175013"},{"taxonomy":"giftcard-category","embeddable":true,"href":"https:\/\/hobby4geek.com\/es\/wp-json\/wp\/v2\/giftcard-category?post=175013"}],"curies":[{"name":"wp","href":"https:\/\/api.w.org\/{rel}","templated":true}]}}