{"id":174884,"date":"2022-10-28T20:37:51","date_gmt":"2022-10-28T20:37:51","guid":{"rendered":"https:\/\/hobby4geek.com\/?post_type=product&#038;p=174884"},"modified":"2025-03-03T08:08:05","modified_gmt":"2025-03-03T07:08:05","slug":"killerbody-kb20069-48-1-1-transformers-megatron-wearable-helmet-voice-changer","status":"publish","type":"product","link":"https:\/\/hobby4geek.com\/es\/producto\/killerbody-kb20069-48-1-1-transformers-megatron-wearable-helmet-voice-changer\/","title":{"rendered":"Killerbody KB20069-48 1\/1 Transformers Megatron Casco ponible y cambiador de voz"},"content":{"rendered":"<p>Killerbody 1\/1 KB20069-48 Casco port\u00e1til Megatron con licencia oficial y control por voz<\/p>\n<p>Material: ABS, PVC, PC, aleaci\u00f3n, componentes electr\u00f3nicos<br \/>\nDimensiones del casco: 40 x 30 x 29 cm \/ 15,75 x 11,81 x 11,42\u2033.<br \/>\nEscala: 1\/1<\/p>\n<p><strong>Caracter\u00edsticas del producto: :<\/strong><\/p>\n<ol>\n<li>Port\u00e1til<\/li>\n<li>Al cambiar al modo de batalla, la parte superior y los laterales de la cabeza pueden abrirse y cerrarse el\u00e9ctricamente;<\/li>\n<li>Megatron Cambiador de voz exclusivo<\/li>\n<li>Boca m\u00f3vil (sincronizada con el sonido), la boca y los dientes se abren y se cierran, suben y bajan cuando se emite el sonido.<\/li>\n<li>Reproduce las l\u00edneas cl\u00e1sicas Megatron<\/li>\n<li>Luz de arco fr\u00eda de batalla, efectos de luz de conmutaci\u00f3n con diferentes controles, acompa\u00f1ados de efectos de sonido actuales.<\/li>\n<li>Luces LED da\u00f1adas por la batalla, l\u00edneas finas grabadas en los ojos, efectos de luz de ojos da\u00f1ados por la batalla con diferentes controles, baja frecuencia<\/li>\n<li>parpadea<\/li>\n<li>Tapa superior integrada con cara de Decepticon, con luces oculares LED<\/li>\n<li>Acabado envejecido pintado a mano, fiel a los detalles de las pel\u00edculas<\/li>\n<li>Comandos de voz en chino<\/li>\n<li>Comandos de voz en ingl\u00e9s<\/li>\n<li>Control t\u00e1ctil<\/li>\n<li>Mando a distancia 2.4G (con logotipo Decepticon 3D)<\/li>\n<li>Pila seca: auriculares*4pcs mando a distancia*1pc<\/li>\n<\/ol>\n<p><iframe title=\"Megatron R\u00e9plica de casco #Transformers #OptimusPrime #Killerbody\" width=\"800\" height=\"450\" src=\"https:\/\/www.youtube.com\/embed\/_7LIR0gFclE?feature=oembed\" frameborder=\"0\" allow=\"accelerometer; autoplay; clipboard-write; encrypted-media; gyroscope; picture-in-picture; web-share\" referrerpolicy=\"strict-origin-when-cross-origin\" allowfullscreen><\/iframe><\/p>","protected":false},"excerpt":{"rendered":"<p><strong>Caracter\u00edsticas del producto: :<\/strong><\/p>\n<ul>\n<li>Port\u00e1til<\/li>\n<li>Al cambiar al modo de batalla, la parte superior y los laterales de la cabeza pueden abrirse y cerrarse el\u00e9ctricamente;<\/li>\n<li>Megatron Cambiador de voz exclusivo<\/li>\n<li>Boca m\u00f3vil (sincronizada con el sonido), la boca y los dientes se abren y se cierran, suben y bajan cuando se emite el sonido.<\/li>\n<li>Reproduce las l\u00edneas cl\u00e1sicas Megatron<\/li>\n<li>Luz de arco fr\u00eda de batalla, efectos de luz de conmutaci\u00f3n con diferentes controles, acompa\u00f1ados de efectos de sonido actuales.<\/li>\n<li>Luces LED da\u00f1adas por la batalla, l\u00edneas finas grabadas en los ojos, efectos de luz de ojos da\u00f1ados por la batalla con diferentes controles, baja frecuencia<\/li>\n<li>parpadea<\/li>\n<li>Tapa superior integrada con cara de Decepticon, con luces oculares LED<\/li>\n<li>Acabado envejecido pintado a mano, fiel a los detalles de las pel\u00edculas<\/li>\n<li>Comandos de voz en chino<\/li>\n<li>Comandos de voz en ingl\u00e9s<\/li>\n<li>Control t\u00e1ctil<\/li>\n<li>Mando a distancia 2.4G (con logotipo Decepticon 3D)<\/li>\n<li>Pila seca: auriculares*4pcs mando a distancia*1pc<\/li>\n<\/ul>","protected":false},"featured_media":185223,"comment_status":"open","ping_status":"closed","template":"","meta":{"inline_featured_image":false},"product_brand":[],"product_cat":[1955,68,181],"product_tag":[1762,1759,1763,1764,306,1975,204,1765,1766],"giftcard-category":[],"class_list":{"0":"post-174884","1":"product","2":"type-product","3":"status-publish","4":"has-post-thumbnail","6":"product_cat-transformers","7":"product_cat-hasbro","8":"product_cat-killerbody","9":"product_tag-1-1","10":"product_tag-action-toys","11":"product_tag-kb20069-48","12":"product_tag-killerbody","13":"product_tag-megatron","14":"product_tag-toys-figures","15":"product_tag-transformers","16":"product_tag-voice-changer","17":"product_tag-wearable-helmet","18":"product_shipping_class-heavy","19":"inventories-china-inventory","20":"inventories-france-inventory","22":"first","23":"onbackorder","24":"taxable","25":"shipping-taxable","26":"purchasable","27":"product-type-simple","28":"add-to-wishlist-after_add_to_cart"},"yoast_head":"<!-- This site is optimized with the Yoast SEO Premium plugin v25.3.1 (Yoast SEO v27.2) - https:\/\/yoast.com\/product\/yoast-seo-premium-wordpress\/ -->\n<title>Killerbody KB20069-48 1\/1 Transformers Megatron Wearable Helmet &amp; Voice-Changer<\/title>\n<meta name=\"robots\" content=\"index, follow, max-snippet:-1, max-image-preview:large, max-video-preview:-1\" \/>\n<link rel=\"canonical\" href=\"https:\/\/hobby4geek.com\/es\/producto\/killerbody-kb20069-48-1-1-transformers-megatron-wearable-helmet-voice-changer\/\" \/>\n<meta property=\"og:locale\" content=\"es_ES\" \/>\n<meta property=\"og:type\" content=\"article\" \/>\n<meta property=\"og:title\" content=\"Killerbody KB20069-48 1\/1 Transformers Megatron Wearable Helmet &amp; Voice-Changer\" \/>\n<meta property=\"og:description\" content=\"Product Features:\u00a0:   Portable  Switch to battle mode, the top and sides of the head can be opened and closed electrically;  Megatron Exclusive Voice Changer  Movable mouth (synchronized with sound), mouth and teeth open and close, up and down when sound is emitted  Plays classic Megatron lines  Battle-damaged cool arc light, switch light effects with different controls, accompanied by current sound effects  Battle-damaged LED lights, etched fine lines on the eyes, battle-damaged eye light effects with different controls, low frequency  flashes  Integrated top cover with Decepticon face, with LED eye lights  Hand painted weathered finish, true to movie detail  Chinese voice command  English voice command  Touch control  2.4G remote control (with Decepticon 3D logo)  Dry battery: headphones*4pcs remote control*1pc\" \/>\n<meta property=\"og:url\" content=\"https:\/\/hobby4geek.com\/es\/producto\/killerbody-kb20069-48-1-1-transformers-megatron-wearable-helmet-voice-changer\/\" \/>\n<meta property=\"og:site_name\" content=\"Hobby4Geek\" \/>\n<meta property=\"article:publisher\" content=\"https:\/\/www.facebook.com\/hobby4geek\" \/>\n<meta property=\"article:modified_time\" content=\"2025-03-03T07:08:05+00:00\" \/>\n<meta property=\"og:image\" content=\"https:\/\/hobby4geek.com\/wp-content\/uploads\/2022\/10\/killerbody-kb20069-48-1-1-transformers-megatron-wearable-helmet-voice-changer-11.webp\" \/>\n\t<meta property=\"og:image:width\" content=\"800\" \/>\n\t<meta property=\"og:image:height\" content=\"800\" \/>\n\t<meta property=\"og:image:type\" content=\"image\/webp\" \/>\n<meta name=\"twitter:card\" content=\"summary_large_image\" \/>\n<meta name=\"twitter:site\" content=\"@hobby4geek\" \/>\n<script type=\"application\/ld+json\" class=\"yoast-schema-graph\">{\"@context\":\"https:\/\/schema.org\",\"@graph\":[{\"@type\":\"WebPage\",\"@id\":\"https:\/\/hobby4geek.com\/product\/killerbody-kb20069-48-1-1-transformers-megatron-wearable-helmet-voice-changer\/\",\"url\":\"https:\/\/hobby4geek.com\/product\/killerbody-kb20069-48-1-1-transformers-megatron-wearable-helmet-voice-changer\/\",\"name\":\"Killerbody KB20069-48 1\/1 Transformers Megatron Wearable Helmet & Voice-Changer\",\"isPartOf\":{\"@id\":\"https:\/\/hobby4geek.com\/#website\"},\"primaryImageOfPage\":{\"@id\":\"https:\/\/hobby4geek.com\/product\/killerbody-kb20069-48-1-1-transformers-megatron-wearable-helmet-voice-changer\/#primaryimage\"},\"image\":{\"@id\":\"https:\/\/hobby4geek.com\/product\/killerbody-kb20069-48-1-1-transformers-megatron-wearable-helmet-voice-changer\/#primaryimage\"},\"thumbnailUrl\":\"https:\/\/hobby4geek.com\/wp-content\/uploads\/2022\/10\/killerbody-kb20069-48-1-1-transformers-megatron-wearable-helmet-voice-changer-11.webp\",\"datePublished\":\"2022-10-28T20:37:51+00:00\",\"dateModified\":\"2025-03-03T07:08:05+00:00\",\"breadcrumb\":{\"@id\":\"https:\/\/hobby4geek.com\/product\/killerbody-kb20069-48-1-1-transformers-megatron-wearable-helmet-voice-changer\/#breadcrumb\"},\"inLanguage\":\"es\",\"potentialAction\":[{\"@type\":\"ReadAction\",\"target\":[\"https:\/\/hobby4geek.com\/product\/killerbody-kb20069-48-1-1-transformers-megatron-wearable-helmet-voice-changer\/\"]}]},{\"@type\":\"ImageObject\",\"inLanguage\":\"es\",\"@id\":\"https:\/\/hobby4geek.com\/product\/killerbody-kb20069-48-1-1-transformers-megatron-wearable-helmet-voice-changer\/#primaryimage\",\"url\":\"https:\/\/hobby4geek.com\/wp-content\/uploads\/2022\/10\/killerbody-kb20069-48-1-1-transformers-megatron-wearable-helmet-voice-changer-11.webp\",\"contentUrl\":\"https:\/\/hobby4geek.com\/wp-content\/uploads\/2022\/10\/killerbody-kb20069-48-1-1-transformers-megatron-wearable-helmet-voice-changer-11.webp\",\"width\":800,\"height\":800},{\"@type\":\"BreadcrumbList\",\"@id\":\"https:\/\/hobby4geek.com\/product\/killerbody-kb20069-48-1-1-transformers-megatron-wearable-helmet-voice-changer\/#breadcrumb\",\"itemListElement\":[{\"@type\":\"ListItem\",\"position\":1,\"name\":\"Home\",\"item\":\"https:\/\/hobby4geek.com\/\"},{\"@type\":\"ListItem\",\"position\":2,\"name\":\"Shop\",\"item\":\"https:\/\/hobby4geek.com\/shop\/\"},{\"@type\":\"ListItem\",\"position\":3,\"name\":\"Killerbody KB20069-48 1\/1 Transformers Megatron Wearable Helmet &#038; Voice-Changer\"}]},{\"@type\":\"WebSite\",\"@id\":\"https:\/\/hobby4geek.com\/#website\",\"url\":\"https:\/\/hobby4geek.com\/\",\"name\":\"Hobby4Geek\",\"description\":\"Collect, Play &amp; Showcase, Embrace your Geekiness\",\"publisher\":{\"@id\":\"https:\/\/hobby4geek.com\/#organization\"},\"potentialAction\":[{\"@type\":\"SearchAction\",\"target\":{\"@type\":\"EntryPoint\",\"urlTemplate\":\"https:\/\/hobby4geek.com\/?s={search_term_string}\"},\"query-input\":{\"@type\":\"PropertyValueSpecification\",\"valueRequired\":true,\"valueName\":\"search_term_string\"}}],\"inLanguage\":\"es\"},{\"@type\":\"Organization\",\"@id\":\"https:\/\/hobby4geek.com\/#organization\",\"name\":\"Hobby4Geek\",\"url\":\"https:\/\/hobby4geek.com\/\",\"logo\":{\"@type\":\"ImageObject\",\"inLanguage\":\"es\",\"@id\":\"https:\/\/hobby4geek.com\/#\/schema\/logo\/image\/\",\"url\":\"https:\/\/hobby4geek.com\/wp-content\/uploads\/2023\/02\/default-kit.png\",\"contentUrl\":\"https:\/\/hobby4geek.com\/wp-content\/uploads\/2023\/02\/default-kit.png\",\"width\":600,\"height\":600,\"caption\":\"Hobby4Geek\"},\"image\":{\"@id\":\"https:\/\/hobby4geek.com\/#\/schema\/logo\/image\/\"},\"sameAs\":[\"https:\/\/www.facebook.com\/hobby4geek\",\"https:\/\/x.com\/hobby4geek\",\"https:\/\/www.instagram.com\/hobby4geek\/\"]}]}<\/script>\n<meta property=\"product:brand\" content=\"Transformers\" \/>\n<meta property=\"product:price:amount\" content=\"638.00\" \/>\n<meta property=\"product:price:currency\" content=\"EUR\" \/>\n<meta property=\"og:availability\" content=\"backorder\" \/>\n<meta property=\"product:availability\" content=\"available for order\" \/>\n<meta property=\"product:retailer_item_id\" content=\"4895229501836\" \/>\n<meta property=\"product:condition\" content=\"new\" \/>\n<!-- \/ Yoast SEO Premium plugin. -->","yoast_head_json":{"title":"Killerbody KB20069-48 1\/1 Transformers Megatron Casco port\u00e1til y cambiador de voz","robots":{"index":"index","follow":"follow","max-snippet":"max-snippet:-1","max-image-preview":"max-image-preview:large","max-video-preview":"max-video-preview:-1"},"canonical":"https:\/\/hobby4geek.com\/es\/producto\/killerbody-kb20069-48-1-1-transformers-megatron-wearable-helmet-voice-changer\/","og_locale":"es_ES","og_type":"article","og_title":"Killerbody KB20069-48 1\/1 Transformers Megatron Wearable Helmet & Voice-Changer","og_description":"Product Features:\u00a0:   Portable  Switch to battle mode, the top and sides of the head can be opened and closed electrically;  Megatron Exclusive Voice Changer  Movable mouth (synchronized with sound), mouth and teeth open and close, up and down when sound is emitted  Plays classic Megatron lines  Battle-damaged cool arc light, switch light effects with different controls, accompanied by current sound effects  Battle-damaged LED lights, etched fine lines on the eyes, battle-damaged eye light effects with different controls, low frequency  flashes  Integrated top cover with Decepticon face, with LED eye lights  Hand painted weathered finish, true to movie detail  Chinese voice command  English voice command  Touch control  2.4G remote control (with Decepticon 3D logo)  Dry battery: headphones*4pcs remote control*1pc","og_url":"https:\/\/hobby4geek.com\/es\/producto\/killerbody-kb20069-48-1-1-transformers-megatron-wearable-helmet-voice-changer\/","og_site_name":"Hobby4Geek","article_publisher":"https:\/\/www.facebook.com\/hobby4geek","article_modified_time":"2025-03-03T07:08:05+00:00","og_image":[{"width":800,"height":800,"url":"https:\/\/hobby4geek.com\/wp-content\/uploads\/2022\/10\/killerbody-kb20069-48-1-1-transformers-megatron-wearable-helmet-voice-changer-11.webp","type":"image\/webp"}],"twitter_card":"summary_large_image","twitter_site":"@hobby4geek","schema":{"@context":"https:\/\/schema.org","@graph":[{"@type":"WebPage","@id":"https:\/\/hobby4geek.com\/product\/killerbody-kb20069-48-1-1-transformers-megatron-wearable-helmet-voice-changer\/","url":"https:\/\/hobby4geek.com\/product\/killerbody-kb20069-48-1-1-transformers-megatron-wearable-helmet-voice-changer\/","name":"Killerbody KB20069-48 1\/1 Transformers Megatron Casco port\u00e1til y cambiador de voz","isPartOf":{"@id":"https:\/\/hobby4geek.com\/#website"},"primaryImageOfPage":{"@id":"https:\/\/hobby4geek.com\/product\/killerbody-kb20069-48-1-1-transformers-megatron-wearable-helmet-voice-changer\/#primaryimage"},"image":{"@id":"https:\/\/hobby4geek.com\/product\/killerbody-kb20069-48-1-1-transformers-megatron-wearable-helmet-voice-changer\/#primaryimage"},"thumbnailUrl":"https:\/\/hobby4geek.com\/wp-content\/uploads\/2022\/10\/killerbody-kb20069-48-1-1-transformers-megatron-wearable-helmet-voice-changer-11.webp","datePublished":"2022-10-28T20:37:51+00:00","dateModified":"2025-03-03T07:08:05+00:00","breadcrumb":{"@id":"https:\/\/hobby4geek.com\/product\/killerbody-kb20069-48-1-1-transformers-megatron-wearable-helmet-voice-changer\/#breadcrumb"},"inLanguage":"es","potentialAction":[{"@type":"ReadAction","target":["https:\/\/hobby4geek.com\/product\/killerbody-kb20069-48-1-1-transformers-megatron-wearable-helmet-voice-changer\/"]}]},{"@type":"ImageObject","inLanguage":"es","@id":"https:\/\/hobby4geek.com\/product\/killerbody-kb20069-48-1-1-transformers-megatron-wearable-helmet-voice-changer\/#primaryimage","url":"https:\/\/hobby4geek.com\/wp-content\/uploads\/2022\/10\/killerbody-kb20069-48-1-1-transformers-megatron-wearable-helmet-voice-changer-11.webp","contentUrl":"https:\/\/hobby4geek.com\/wp-content\/uploads\/2022\/10\/killerbody-kb20069-48-1-1-transformers-megatron-wearable-helmet-voice-changer-11.webp","width":800,"height":800},{"@type":"BreadcrumbList","@id":"https:\/\/hobby4geek.com\/product\/killerbody-kb20069-48-1-1-transformers-megatron-wearable-helmet-voice-changer\/#breadcrumb","itemListElement":[{"@type":"ListItem","position":1,"name":"Home","item":"https:\/\/hobby4geek.com\/"},{"@type":"ListItem","position":2,"name":"Shop","item":"https:\/\/hobby4geek.com\/shop\/"},{"@type":"ListItem","position":3,"name":"Killerbody KB20069-48 1\/1 Transformers Megatron Wearable Helmet &#038; Voice-Changer"}]},{"@type":"WebSite","@id":"https:\/\/hobby4geek.com\/#website","url":"https:\/\/hobby4geek.com\/","name":"Hobby4Geek","description":"Coleccionar, jugar y exhibir, abrazar su frikismo","publisher":{"@id":"https:\/\/hobby4geek.com\/#organization"},"potentialAction":[{"@type":"SearchAction","target":{"@type":"EntryPoint","urlTemplate":"https:\/\/hobby4geek.com\/?s={search_term_string}"},"query-input":{"@type":"PropertyValueSpecification","valueRequired":true,"valueName":"search_term_string"}}],"inLanguage":"es"},{"@type":"Organization","@id":"https:\/\/hobby4geek.com\/#organization","name":"Hobby4Geek","url":"https:\/\/hobby4geek.com\/","logo":{"@type":"ImageObject","inLanguage":"es","@id":"https:\/\/hobby4geek.com\/#\/schema\/logo\/image\/","url":"https:\/\/hobby4geek.com\/wp-content\/uploads\/2023\/02\/default-kit.png","contentUrl":"https:\/\/hobby4geek.com\/wp-content\/uploads\/2023\/02\/default-kit.png","width":600,"height":600,"caption":"Hobby4Geek"},"image":{"@id":"https:\/\/hobby4geek.com\/#\/schema\/logo\/image\/"},"sameAs":["https:\/\/www.facebook.com\/hobby4geek","https:\/\/x.com\/hobby4geek","https:\/\/www.instagram.com\/hobby4geek\/"]}]},"product_brand":"Transformers","product_price_amount":"638.00","product_price_currency":"EUR","og_availability":"backorder","product_availability":"available for order","product_retailer_item_id":"4895229501836","product_condition":"new"},"_links":{"self":[{"href":"https:\/\/hobby4geek.com\/es\/wp-json\/wp\/v2\/product\/174884","targetHints":{"allow":["GET"]}}],"collection":[{"href":"https:\/\/hobby4geek.com\/es\/wp-json\/wp\/v2\/product"}],"about":[{"href":"https:\/\/hobby4geek.com\/es\/wp-json\/wp\/v2\/types\/product"}],"replies":[{"embeddable":true,"href":"https:\/\/hobby4geek.com\/es\/wp-json\/wp\/v2\/comments?post=174884"}],"version-history":[{"count":0,"href":"https:\/\/hobby4geek.com\/es\/wp-json\/wp\/v2\/product\/174884\/revisions"}],"wp:featuredmedia":[{"embeddable":true,"href":"https:\/\/hobby4geek.com\/es\/wp-json\/wp\/v2\/media\/185223"}],"wp:attachment":[{"href":"https:\/\/hobby4geek.com\/es\/wp-json\/wp\/v2\/media?parent=174884"}],"wp:term":[{"taxonomy":"product_brand","embeddable":true,"href":"https:\/\/hobby4geek.com\/es\/wp-json\/wp\/v2\/product_brand?post=174884"},{"taxonomy":"product_cat","embeddable":true,"href":"https:\/\/hobby4geek.com\/es\/wp-json\/wp\/v2\/product_cat?post=174884"},{"taxonomy":"product_tag","embeddable":true,"href":"https:\/\/hobby4geek.com\/es\/wp-json\/wp\/v2\/product_tag?post=174884"},{"taxonomy":"giftcard-category","embeddable":true,"href":"https:\/\/hobby4geek.com\/es\/wp-json\/wp\/v2\/giftcard-category?post=174884"}],"curies":[{"name":"wp","href":"https:\/\/api.w.org\/{rel}","templated":true}]}}