{"id":173732,"date":"2024-08-01T08:57:16","date_gmt":"2024-08-01T07:57:16","guid":{"rendered":"https:\/\/hobby4geek.com\/?post_type=product&#038;p=173732"},"modified":"2024-08-04T15:17:11","modified_gmt":"2024-08-04T14:17:11","slug":"threezero-transformers-the-last-knight-dlx-bumblebee","status":"publish","type":"product","link":"https:\/\/hobby4geek.com\/es\/producto\/threezero-transformers-the-last-knight-dlx-bumblebee\/","title":{"rendered":"ThreeZero - Transformers: El \u00faltimo caballero DLX Bumblebee"},"content":{"rendered":"<p>Hasbro y Threezero se complacen en anunciar que nuestra popular figura coleccionable Bumblebee de la pel\u00edcula Transformers: The Last Knight \u00a1pronto estar\u00e1 disponible por primera vez en la serie DLX de Threezero!<\/p>\n<p>Las figuras coleccionables DLX presentan intrincados dise\u00f1os de Transformers a escala reducida con un valor de producci\u00f3n de alta fidelidad. Con su exclusivo dise\u00f1o de estructura de metal fundido a presi\u00f3n, DLX no s\u00f3lo ofrece una avanzada gama de articulaciones, sino que tambi\u00e9n mejora dr\u00e1sticamente el peso y la durabilidad. Gracias a la detallada aplicaci\u00f3n de pintura envejecida de threezero, se consigue un parecido extraordinario al igualar a los personajes tal y como se ven en los medios originales.<\/p>\n<p>Con 8,8 pulgadas (\u2248 22,40 cm) de altura, la Figura Coleccionable Transformers: The Last Knight - DLX Bumblebee cuenta con aproximadamente 60 puntos de articulaci\u00f3n, una estructura de metal fundido a presi\u00f3n y ojos con iluminaci\u00f3n LED. Los accesorios incluyen Ca\u00f1\u00f3n de brazo intercambiable con el brazo derecho est\u00e1ndar, martillo Cybertronian, m\u00e1scara de batalla intercambiable, alas desmontables, un total de cuatro pares de manos intercambiables y un soporte de acci\u00f3n DLX para varias poses expresivas.<\/p>\n<p><strong>Caract\u00e9ristiques:<\/strong><br \/>\nLicencia oficial de Hasbro y Paramount Pictures<br \/>\n\u25cf Altura aproximada de 8,8 pulgadas (\u2248 22,40 cm).<br \/>\n\u25cf Escala = 1\/22<br \/>\n\u25cf 60 puntos de articulaci\u00f3n<br \/>\n\u25cf Ojos de luz LED<br \/>\n\u25cf Piezas de metal fundido a presi\u00f3n<\/p>\n<p><b>Comprend:<\/b><br \/>\n\u25cf Brazo recto con ca\u00f1\u00f3n recto intercambiable<br \/>\n\u25cf Un martillo cibertroniano<br \/>\n\u25cf Una m\u00e1scara de combate<br \/>\n\u25cf Un par de alas desmontables<br \/>\n\u25cf Cuatro pares de manos intercambiables: un par de pu\u00f1os, un par relajado, un par con Pose de Acci\u00f3n y un par para sujetar el martillo Cybertroniano.<br \/>\n\u25cf Soporte de una acci\u00f3n con base<\/p>\n<p>* Requiere pilas AG13x2 (no incluidas)<\/p>\n<p>Materiales: Aleaci\u00f3n de zinc fundido a presi\u00f3n, POM, ABS, PC, PVC<br \/>\nTama\u00f1o del embalaje: ~ (W260x H360 x D110)mm (1,2kg)<\/p>","protected":false},"excerpt":{"rendered":"<h4><\/h4>\n<p>Licencia oficial de Hasbro y Paramount Pictures<br \/>\n\u25cf Altura aproximada de 8,8 pulgadas (\u2248 22,40 cm).<br \/>\n\u25cf Escala = 1\/22<br \/>\n\u25cf 60 puntos de articulaci\u00f3n<br \/>\n\u25cf Ojos de luz LED<br \/>\n\u25cf Piezas de metal fundido a presi\u00f3n<\/p>","protected":false},"featured_media":182595,"comment_status":"open","ping_status":"closed","template":"","meta":{"inline_featured_image":false},"product_brand":[],"product_cat":[1955,68,90],"product_tag":[332,768,199,224,1976,333,334,335,1936,659,337,770,280,204,2453],"giftcard-category":[],"class_list":{"0":"post-173732","1":"product","2":"type-product","3":"status-publish","4":"has-post-thumbnail","6":"product_cat-transformers","7":"product_cat-hasbro","8":"product_cat-threezero","9":"product_tag-3a","10":"product_tag-3zero","11":"product_tag-autobot","12":"product_tag-bumblebee","13":"product_tag-collector-figures","14":"product_tag-dlx-collectible-series","15":"product_tag-film","16":"product_tag-hasbro","17":"product_tag-models-co","18":"product_tag-the-last-knight","19":"product_tag-threea","20":"product_tag-threezero","21":"product_tag-tlk","22":"product_tag-transformers","23":"product_tag-transformers-x-threezero","24":"product_shipping_class-free-shipping","25":"inventories-france-inventory","27":"first","28":"instock","29":"sale","30":"taxable","31":"shipping-taxable","32":"purchasable","33":"product-type-simple","34":"add-to-wishlist-after_add_to_cart"},"yoast_head":"<!-- This site is optimized with the Yoast SEO Premium plugin v25.3.1 (Yoast SEO v27.2) - https:\/\/yoast.com\/product\/yoast-seo-premium-wordpress\/ -->\n<title>ThreeZero - Transformers: The Last Knight DLX Bumblebee<\/title>\n<meta name=\"robots\" content=\"index, follow, max-snippet:-1, max-image-preview:large, max-video-preview:-1\" \/>\n<link rel=\"canonical\" href=\"https:\/\/hobby4geek.com\/es\/producto\/threezero-transformers-the-last-knight-dlx-bumblebee\/\" \/>\n<meta property=\"og:locale\" content=\"es_ES\" \/>\n<meta property=\"og:type\" content=\"article\" \/>\n<meta property=\"og:title\" content=\"ThreeZero - Transformers: The Last Knight DLX Bumblebee\" \/>\n<meta property=\"og:description\" content=\"Official license from Hasbro and Paramount Pictures \u25cf Height about 8.8 inches (\u2248 22.40 cm) \u25cf Scale = 1\/22 \u25cf 60 points of articulation \u25cf LED light eyes \u25cf Die-cast metal parts\" \/>\n<meta property=\"og:url\" content=\"https:\/\/hobby4geek.com\/es\/producto\/threezero-transformers-the-last-knight-dlx-bumblebee\/\" \/>\n<meta property=\"og:site_name\" content=\"Hobby4Geek\" \/>\n<meta property=\"article:publisher\" content=\"https:\/\/www.facebook.com\/hobby4geek\" \/>\n<meta property=\"article:modified_time\" content=\"2024-08-04T14:17:11+00:00\" \/>\n<meta property=\"og:image\" content=\"https:\/\/hobby4geek.com\/wp-content\/uploads\/2023\/02\/threezero-transformers-the-last-knight-dlx-bumblebee-19.jpg\" \/>\n\t<meta property=\"og:image:width\" content=\"1045\" \/>\n\t<meta property=\"og:image:height\" content=\"1500\" \/>\n\t<meta property=\"og:image:type\" content=\"image\/jpeg\" \/>\n<meta name=\"twitter:card\" content=\"summary_large_image\" \/>\n<meta name=\"twitter:site\" content=\"@hobby4geek\" \/>\n<script type=\"application\/ld+json\" class=\"yoast-schema-graph\">{\"@context\":\"https:\/\/schema.org\",\"@graph\":[{\"@type\":\"WebPage\",\"@id\":\"https:\/\/hobby4geek.com\/product\/threezero-transformers-the-last-knight-dlx-bumblebee\/\",\"url\":\"https:\/\/hobby4geek.com\/product\/threezero-transformers-the-last-knight-dlx-bumblebee\/\",\"name\":\"ThreeZero - Transformers: The Last Knight DLX Bumblebee\",\"isPartOf\":{\"@id\":\"https:\/\/hobby4geek.com\/#website\"},\"primaryImageOfPage\":{\"@id\":\"https:\/\/hobby4geek.com\/product\/threezero-transformers-the-last-knight-dlx-bumblebee\/#primaryimage\"},\"image\":{\"@id\":\"https:\/\/hobby4geek.com\/product\/threezero-transformers-the-last-knight-dlx-bumblebee\/#primaryimage\"},\"thumbnailUrl\":\"https:\/\/hobby4geek.com\/wp-content\/uploads\/2023\/02\/threezero-transformers-the-last-knight-dlx-bumblebee-19.jpg\",\"datePublished\":\"2024-08-01T07:57:16+00:00\",\"dateModified\":\"2024-08-04T14:17:11+00:00\",\"breadcrumb\":{\"@id\":\"https:\/\/hobby4geek.com\/product\/threezero-transformers-the-last-knight-dlx-bumblebee\/#breadcrumb\"},\"inLanguage\":\"es\",\"potentialAction\":[{\"@type\":\"ReadAction\",\"target\":[\"https:\/\/hobby4geek.com\/product\/threezero-transformers-the-last-knight-dlx-bumblebee\/\"]}]},{\"@type\":\"ImageObject\",\"inLanguage\":\"es\",\"@id\":\"https:\/\/hobby4geek.com\/product\/threezero-transformers-the-last-knight-dlx-bumblebee\/#primaryimage\",\"url\":\"https:\/\/hobby4geek.com\/wp-content\/uploads\/2023\/02\/threezero-transformers-the-last-knight-dlx-bumblebee-19.jpg\",\"contentUrl\":\"https:\/\/hobby4geek.com\/wp-content\/uploads\/2023\/02\/threezero-transformers-the-last-knight-dlx-bumblebee-19.jpg\",\"width\":1045,\"height\":1500},{\"@type\":\"BreadcrumbList\",\"@id\":\"https:\/\/hobby4geek.com\/product\/threezero-transformers-the-last-knight-dlx-bumblebee\/#breadcrumb\",\"itemListElement\":[{\"@type\":\"ListItem\",\"position\":1,\"name\":\"Home\",\"item\":\"https:\/\/hobby4geek.com\/\"},{\"@type\":\"ListItem\",\"position\":2,\"name\":\"Shop\",\"item\":\"https:\/\/hobby4geek.com\/shop\/\"},{\"@type\":\"ListItem\",\"position\":3,\"name\":\"ThreeZero &#8211; Transformers: The Last Knight DLX Bumblebee\"}]},{\"@type\":\"WebSite\",\"@id\":\"https:\/\/hobby4geek.com\/#website\",\"url\":\"https:\/\/hobby4geek.com\/\",\"name\":\"Hobby4Geek\",\"description\":\"Collect, Play &amp; Showcase, Embrace your Geekiness\",\"publisher\":{\"@id\":\"https:\/\/hobby4geek.com\/#organization\"},\"potentialAction\":[{\"@type\":\"SearchAction\",\"target\":{\"@type\":\"EntryPoint\",\"urlTemplate\":\"https:\/\/hobby4geek.com\/?s={search_term_string}\"},\"query-input\":{\"@type\":\"PropertyValueSpecification\",\"valueRequired\":true,\"valueName\":\"search_term_string\"}}],\"inLanguage\":\"es\"},{\"@type\":\"Organization\",\"@id\":\"https:\/\/hobby4geek.com\/#organization\",\"name\":\"Hobby4Geek\",\"url\":\"https:\/\/hobby4geek.com\/\",\"logo\":{\"@type\":\"ImageObject\",\"inLanguage\":\"es\",\"@id\":\"https:\/\/hobby4geek.com\/#\/schema\/logo\/image\/\",\"url\":\"https:\/\/hobby4geek.com\/wp-content\/uploads\/2023\/02\/default-kit.png\",\"contentUrl\":\"https:\/\/hobby4geek.com\/wp-content\/uploads\/2023\/02\/default-kit.png\",\"width\":600,\"height\":600,\"caption\":\"Hobby4Geek\"},\"image\":{\"@id\":\"https:\/\/hobby4geek.com\/#\/schema\/logo\/image\/\"},\"sameAs\":[\"https:\/\/www.facebook.com\/hobby4geek\",\"https:\/\/x.com\/hobby4geek\",\"https:\/\/www.instagram.com\/hobby4geek\/\"]}]}<\/script>\n<meta property=\"product:brand\" content=\"Transformers\" \/>\n<meta property=\"product:price:amount\" content=\"228.00\" \/>\n<meta property=\"product:price:currency\" content=\"EUR\" \/>\n<meta property=\"og:availability\" content=\"instock\" \/>\n<meta property=\"product:availability\" content=\"instock\" \/>\n<meta property=\"product:retailer_item_id\" content=\"4897056202702\" \/>\n<meta property=\"product:condition\" content=\"new\" \/>\n<!-- \/ Yoast SEO Premium plugin. -->","yoast_head_json":{"title":"ThreeZero - Transformers: El \u00daltimo Caballero DLX Bumblebee","robots":{"index":"index","follow":"follow","max-snippet":"max-snippet:-1","max-image-preview":"max-image-preview:large","max-video-preview":"max-video-preview:-1"},"canonical":"https:\/\/hobby4geek.com\/es\/producto\/threezero-transformers-the-last-knight-dlx-bumblebee\/","og_locale":"es_ES","og_type":"article","og_title":"ThreeZero - Transformers: The Last Knight DLX Bumblebee","og_description":"Official license from Hasbro and Paramount Pictures \u25cf Height about 8.8 inches (\u2248 22.40 cm) \u25cf Scale = 1\/22 \u25cf 60 points of articulation \u25cf LED light eyes \u25cf Die-cast metal parts","og_url":"https:\/\/hobby4geek.com\/es\/producto\/threezero-transformers-the-last-knight-dlx-bumblebee\/","og_site_name":"Hobby4Geek","article_publisher":"https:\/\/www.facebook.com\/hobby4geek","article_modified_time":"2024-08-04T14:17:11+00:00","og_image":[{"width":1045,"height":1500,"url":"https:\/\/hobby4geek.com\/wp-content\/uploads\/2023\/02\/threezero-transformers-the-last-knight-dlx-bumblebee-19.jpg","type":"image\/jpeg"}],"twitter_card":"summary_large_image","twitter_site":"@hobby4geek","schema":{"@context":"https:\/\/schema.org","@graph":[{"@type":"WebPage","@id":"https:\/\/hobby4geek.com\/product\/threezero-transformers-the-last-knight-dlx-bumblebee\/","url":"https:\/\/hobby4geek.com\/product\/threezero-transformers-the-last-knight-dlx-bumblebee\/","name":"ThreeZero - Transformers: El \u00daltimo Caballero DLX Bumblebee","isPartOf":{"@id":"https:\/\/hobby4geek.com\/#website"},"primaryImageOfPage":{"@id":"https:\/\/hobby4geek.com\/product\/threezero-transformers-the-last-knight-dlx-bumblebee\/#primaryimage"},"image":{"@id":"https:\/\/hobby4geek.com\/product\/threezero-transformers-the-last-knight-dlx-bumblebee\/#primaryimage"},"thumbnailUrl":"https:\/\/hobby4geek.com\/wp-content\/uploads\/2023\/02\/threezero-transformers-the-last-knight-dlx-bumblebee-19.jpg","datePublished":"2024-08-01T07:57:16+00:00","dateModified":"2024-08-04T14:17:11+00:00","breadcrumb":{"@id":"https:\/\/hobby4geek.com\/product\/threezero-transformers-the-last-knight-dlx-bumblebee\/#breadcrumb"},"inLanguage":"es","potentialAction":[{"@type":"ReadAction","target":["https:\/\/hobby4geek.com\/product\/threezero-transformers-the-last-knight-dlx-bumblebee\/"]}]},{"@type":"ImageObject","inLanguage":"es","@id":"https:\/\/hobby4geek.com\/product\/threezero-transformers-the-last-knight-dlx-bumblebee\/#primaryimage","url":"https:\/\/hobby4geek.com\/wp-content\/uploads\/2023\/02\/threezero-transformers-the-last-knight-dlx-bumblebee-19.jpg","contentUrl":"https:\/\/hobby4geek.com\/wp-content\/uploads\/2023\/02\/threezero-transformers-the-last-knight-dlx-bumblebee-19.jpg","width":1045,"height":1500},{"@type":"BreadcrumbList","@id":"https:\/\/hobby4geek.com\/product\/threezero-transformers-the-last-knight-dlx-bumblebee\/#breadcrumb","itemListElement":[{"@type":"ListItem","position":1,"name":"Home","item":"https:\/\/hobby4geek.com\/"},{"@type":"ListItem","position":2,"name":"Shop","item":"https:\/\/hobby4geek.com\/shop\/"},{"@type":"ListItem","position":3,"name":"ThreeZero &#8211; Transformers: The Last Knight DLX Bumblebee"}]},{"@type":"WebSite","@id":"https:\/\/hobby4geek.com\/#website","url":"https:\/\/hobby4geek.com\/","name":"Hobby4Geek","description":"Coleccionar, jugar y exhibir, abrazar su frikismo","publisher":{"@id":"https:\/\/hobby4geek.com\/#organization"},"potentialAction":[{"@type":"SearchAction","target":{"@type":"EntryPoint","urlTemplate":"https:\/\/hobby4geek.com\/?s={search_term_string}"},"query-input":{"@type":"PropertyValueSpecification","valueRequired":true,"valueName":"search_term_string"}}],"inLanguage":"es"},{"@type":"Organization","@id":"https:\/\/hobby4geek.com\/#organization","name":"Hobby4Geek","url":"https:\/\/hobby4geek.com\/","logo":{"@type":"ImageObject","inLanguage":"es","@id":"https:\/\/hobby4geek.com\/#\/schema\/logo\/image\/","url":"https:\/\/hobby4geek.com\/wp-content\/uploads\/2023\/02\/default-kit.png","contentUrl":"https:\/\/hobby4geek.com\/wp-content\/uploads\/2023\/02\/default-kit.png","width":600,"height":600,"caption":"Hobby4Geek"},"image":{"@id":"https:\/\/hobby4geek.com\/#\/schema\/logo\/image\/"},"sameAs":["https:\/\/www.facebook.com\/hobby4geek","https:\/\/x.com\/hobby4geek","https:\/\/www.instagram.com\/hobby4geek\/"]}]},"product_brand":"Transformers","product_price_amount":"228.00","product_price_currency":"EUR","og_availability":"instock","product_availability":"instock","product_retailer_item_id":"4897056202702","product_condition":"new"},"_links":{"self":[{"href":"https:\/\/hobby4geek.com\/es\/wp-json\/wp\/v2\/product\/173732","targetHints":{"allow":["GET"]}}],"collection":[{"href":"https:\/\/hobby4geek.com\/es\/wp-json\/wp\/v2\/product"}],"about":[{"href":"https:\/\/hobby4geek.com\/es\/wp-json\/wp\/v2\/types\/product"}],"replies":[{"embeddable":true,"href":"https:\/\/hobby4geek.com\/es\/wp-json\/wp\/v2\/comments?post=173732"}],"version-history":[{"count":0,"href":"https:\/\/hobby4geek.com\/es\/wp-json\/wp\/v2\/product\/173732\/revisions"}],"wp:featuredmedia":[{"embeddable":true,"href":"https:\/\/hobby4geek.com\/es\/wp-json\/wp\/v2\/media\/182595"}],"wp:attachment":[{"href":"https:\/\/hobby4geek.com\/es\/wp-json\/wp\/v2\/media?parent=173732"}],"wp:term":[{"taxonomy":"product_brand","embeddable":true,"href":"https:\/\/hobby4geek.com\/es\/wp-json\/wp\/v2\/product_brand?post=173732"},{"taxonomy":"product_cat","embeddable":true,"href":"https:\/\/hobby4geek.com\/es\/wp-json\/wp\/v2\/product_cat?post=173732"},{"taxonomy":"product_tag","embeddable":true,"href":"https:\/\/hobby4geek.com\/es\/wp-json\/wp\/v2\/product_tag?post=173732"},{"taxonomy":"giftcard-category","embeddable":true,"href":"https:\/\/hobby4geek.com\/es\/wp-json\/wp\/v2\/giftcard-category?post=173732"}],"curies":[{"name":"wp","href":"https:\/\/api.w.org\/{rel}","templated":true}]}}