{"id":173527,"date":"2019-02-23T23:06:09","date_gmt":"2019-02-23T22:06:09","guid":{"rendered":"https:\/\/hobby4geek.com\/?post_type=product&#038;p=173527"},"modified":"2024-05-12T12:55:15","modified_gmt":"2024-05-12T11:55:15","slug":"transformers-studio-series-10-deluxe-jazz","status":"publish","type":"product","link":"https:\/\/hobby4geek.com\/es\/producto\/transformers-studio-series-10-deluxe-jazz\/","title":{"rendered":"Transformers Studio Series - 10 Deluxe Jazz"},"content":{"rendered":"<p>Construye la colecci\u00f3n Transformers definitiva con las figuras Studio Series, inspiradas en escenas ic\u00f3nicas de las pel\u00edculas y dise\u00f1adas con decorados y escalas de figuras que reflejan el universo cinematogr\u00e1fico.<\/p>\n<p>En la escena de la Batalla de Mission City de Transformers Pel\u00edcula 1, el Autobot Jazz mete todas las unidades de energ\u00eda en su armaz\u00f3n para proteger a las fuerzas Humanas y Autobots a sus espaldas.<\/p>\n<p>Esta figura Studio Series 10 Deluxe Class Movie 1 Autobot Jazz se convierte entre los modos robot y veh\u00edculo en 19 pasos y viene con un accesorio de arma. Retira el tel\u00f3n de fondo del pack para mostrar al Autobot Jazz en la escena de la batalla de Mission City.<\/p>\n<p><strong>Caracter\u00edsticas del producto :<\/strong><\/p>\n<ul>\n<li>Incluye la figura Transformers Studio Series 10 Deluxe Class Movie 1 Autobot Jazz, accesorio e instrucciones.<\/li>\n<li>Studio Series 10 Deluxe Clase Pel\u00edcula 1 Autobot Jazz Figura<\/li>\n<li>La figura y el envoltorio de alta calidad recrean la ic\u00f3nica escena de la batalla de Mission City<\/li>\n<li>La escala de la figura refleja el tama\u00f1o de los personajes en el mundo Transformers Movie 1<\/li>\n<li>Cambia entre los modos robot y veh\u00edculo en 19 pasos<\/li>\n<li>El tel\u00f3n de fondo extra\u00edble muestra la figura del Autobot Jazz en la escena de la batalla de Mission City<\/li>\n<li>Tama\u00f1o de la figura: 4,5 pulgadas<\/li>\n<\/ul>","protected":false},"excerpt":{"rendered":"<ul>\n<li>Incluye la figura Transformers Studio Series 10 Deluxe Class Movie 1 Autobot Jazz, accesorio e instrucciones.<\/li>\n<li>Studio Series 10 Deluxe Clase Pel\u00edcula 1 Autobot Jazz Figura<\/li>\n<li>La figura y el envoltorio de alta calidad recrean la ic\u00f3nica escena de la batalla de Mission City<\/li>\n<li>La escala de la figura refleja el tama\u00f1o de los personajes en el mundo Transformers Movie 1<\/li>\n<li>Cambia entre los modos robot y veh\u00edculo en 19 pasos<\/li>\n<li>El tel\u00f3n de fondo extra\u00edble muestra la figura del Autobot Jazz en la escena de la batalla de Mission City<\/li>\n<li>Tama\u00f1o de la figura: 4,5 pulgadas<\/li>\n<\/ul>","protected":false},"featured_media":182518,"comment_status":"open","ping_status":"closed","template":"","meta":{"inline_featured_image":false},"product_brand":[],"product_cat":[68,69,1955,1960],"product_tag":[200,1759,199,239,201,1709,1710,240,203,1975,204],"giftcard-category":[],"class_list":{"0":"post-173527","1":"product","2":"type-product","3":"status-publish","4":"has-post-thumbnail","6":"product_cat-hasbro","7":"product_cat-takara-tomy","8":"product_cat-transformers","9":"product_cat-transformers-generations","10":"product_tag-action-figures","11":"product_tag-action-toys","12":"product_tag-autobot","13":"product_tag-deluxe","14":"product_tag-jazz","15":"product_tag-ss-10","16":"product_tag-ss10","17":"product_tag-studio-series","18":"product_tag-takara-tomy","19":"product_tag-toys-figures","20":"product_tag-transformers","21":"product_shipping_class-from-china","22":"inventories-china-inventory","24":"first","25":"outofstock","26":"taxable","27":"shipping-taxable","28":"purchasable","29":"product-type-simple","30":"add-to-wishlist-after_add_to_cart"},"yoast_head":"<!-- This site is optimized with the Yoast SEO Premium plugin v25.3.1 (Yoast SEO v27.4) - https:\/\/yoast.com\/product\/yoast-seo-premium-wordpress\/ -->\n<title>Transformers Studio Series - 10 Deluxe Jazz<\/title>\n<meta name=\"robots\" content=\"index, follow, max-snippet:-1, max-image-preview:large, max-video-preview:-1\" \/>\n<link rel=\"canonical\" href=\"https:\/\/hobby4geek.com\/es\/producto\/transformers-studio-series-10-deluxe-jazz\/\" \/>\n<meta property=\"og:locale\" content=\"es_ES\" \/>\n<meta property=\"og:type\" content=\"article\" \/>\n<meta property=\"og:title\" content=\"Transformers Studio Series - 10 Deluxe Jazz\" \/>\n<meta property=\"og:description\" content=\"Includes Transformers Studio Series 10 Deluxe Class Movie 1 Autobot Jazz figure, accessory, and instructions.  Studio Series 10 Deluxe Class Movie 1 Autobot Jazz Figure  Premium figure and packaging recreate the iconic Mission City Battle scene  Figure scale reflects character size in Transformers Movie 1 world  Converts between robot and vehicle modes in 19 steps  Removable backdrop displays the Autobot Jazz figure in the Mission City Battle scene  Figure size: 4.5 inches\" \/>\n<meta property=\"og:url\" content=\"https:\/\/hobby4geek.com\/es\/producto\/transformers-studio-series-10-deluxe-jazz\/\" \/>\n<meta property=\"og:site_name\" content=\"Hobby4Geek\" \/>\n<meta property=\"article:publisher\" content=\"https:\/\/www.facebook.com\/hobby4geek\" \/>\n<meta property=\"article:modified_time\" content=\"2024-05-12T11:55:15+00:00\" \/>\n<meta property=\"og:image\" content=\"https:\/\/hobby4geek.com\/wp-content\/uploads\/2023\/02\/transformers-studio-series-10-deluxe-jazz.jpg\" \/>\n\t<meta property=\"og:image:width\" content=\"1500\" \/>\n\t<meta property=\"og:image:height\" content=\"909\" \/>\n\t<meta property=\"og:image:type\" content=\"image\/jpeg\" \/>\n<meta name=\"twitter:card\" content=\"summary_large_image\" \/>\n<meta name=\"twitter:site\" content=\"@hobby4geek\" \/>\n<script type=\"application\/ld+json\" class=\"yoast-schema-graph\">{\"@context\":\"https:\\\/\\\/schema.org\",\"@graph\":[{\"@type\":\"WebPage\",\"@id\":\"https:\\\/\\\/hobby4geek.com\\\/product\\\/transformers-studio-series-10-deluxe-jazz\\\/\",\"url\":\"https:\\\/\\\/hobby4geek.com\\\/product\\\/transformers-studio-series-10-deluxe-jazz\\\/\",\"name\":\"Transformers Studio Series - 10 Deluxe Jazz\",\"isPartOf\":{\"@id\":\"https:\\\/\\\/hobby4geek.com\\\/#website\"},\"primaryImageOfPage\":{\"@id\":\"https:\\\/\\\/hobby4geek.com\\\/product\\\/transformers-studio-series-10-deluxe-jazz\\\/#primaryimage\"},\"image\":{\"@id\":\"https:\\\/\\\/hobby4geek.com\\\/product\\\/transformers-studio-series-10-deluxe-jazz\\\/#primaryimage\"},\"thumbnailUrl\":\"https:\\\/\\\/hobby4geek.com\\\/wp-content\\\/uploads\\\/2023\\\/02\\\/transformers-studio-series-10-deluxe-jazz.jpg\",\"datePublished\":\"2019-02-23T22:06:09+00:00\",\"dateModified\":\"2024-05-12T11:55:15+00:00\",\"breadcrumb\":{\"@id\":\"https:\\\/\\\/hobby4geek.com\\\/product\\\/transformers-studio-series-10-deluxe-jazz\\\/#breadcrumb\"},\"inLanguage\":\"es\",\"potentialAction\":[{\"@type\":\"ReadAction\",\"target\":[\"https:\\\/\\\/hobby4geek.com\\\/product\\\/transformers-studio-series-10-deluxe-jazz\\\/\"]}]},{\"@type\":\"ImageObject\",\"inLanguage\":\"es\",\"@id\":\"https:\\\/\\\/hobby4geek.com\\\/product\\\/transformers-studio-series-10-deluxe-jazz\\\/#primaryimage\",\"url\":\"https:\\\/\\\/hobby4geek.com\\\/wp-content\\\/uploads\\\/2023\\\/02\\\/transformers-studio-series-10-deluxe-jazz.jpg\",\"contentUrl\":\"https:\\\/\\\/hobby4geek.com\\\/wp-content\\\/uploads\\\/2023\\\/02\\\/transformers-studio-series-10-deluxe-jazz.jpg\",\"width\":1500,\"height\":909,\"caption\":\"transformers-studio-series-10-deluxe-jazz\"},{\"@type\":\"BreadcrumbList\",\"@id\":\"https:\\\/\\\/hobby4geek.com\\\/product\\\/transformers-studio-series-10-deluxe-jazz\\\/#breadcrumb\",\"itemListElement\":[{\"@type\":\"ListItem\",\"position\":1,\"name\":\"Home\",\"item\":\"https:\\\/\\\/hobby4geek.com\\\/\"},{\"@type\":\"ListItem\",\"position\":2,\"name\":\"Shop\",\"item\":\"https:\\\/\\\/hobby4geek.com\\\/shop\\\/\"},{\"@type\":\"ListItem\",\"position\":3,\"name\":\"Transformers Studio Series &#8211; 10 Deluxe Jazz\"}]},{\"@type\":\"WebSite\",\"@id\":\"https:\\\/\\\/hobby4geek.com\\\/#website\",\"url\":\"https:\\\/\\\/hobby4geek.com\\\/\",\"name\":\"Hobby4Geek\",\"description\":\"Collect, Play &amp; Showcase, Embrace your Geekiness\",\"publisher\":{\"@id\":\"https:\\\/\\\/hobby4geek.com\\\/#organization\"},\"potentialAction\":[{\"@type\":\"SearchAction\",\"target\":{\"@type\":\"EntryPoint\",\"urlTemplate\":\"https:\\\/\\\/hobby4geek.com\\\/?s={search_term_string}\"},\"query-input\":{\"@type\":\"PropertyValueSpecification\",\"valueRequired\":true,\"valueName\":\"search_term_string\"}}],\"inLanguage\":\"es\"},{\"@type\":\"Organization\",\"@id\":\"https:\\\/\\\/hobby4geek.com\\\/#organization\",\"name\":\"Hobby4Geek\",\"url\":\"https:\\\/\\\/hobby4geek.com\\\/\",\"logo\":{\"@type\":\"ImageObject\",\"inLanguage\":\"es\",\"@id\":\"https:\\\/\\\/hobby4geek.com\\\/#\\\/schema\\\/logo\\\/image\\\/\",\"url\":\"https:\\\/\\\/hobby4geek.com\\\/wp-content\\\/uploads\\\/2023\\\/02\\\/default-kit.png\",\"contentUrl\":\"https:\\\/\\\/hobby4geek.com\\\/wp-content\\\/uploads\\\/2023\\\/02\\\/default-kit.png\",\"width\":600,\"height\":600,\"caption\":\"Hobby4Geek\"},\"image\":{\"@id\":\"https:\\\/\\\/hobby4geek.com\\\/#\\\/schema\\\/logo\\\/image\\\/\"},\"sameAs\":[\"https:\\\/\\\/www.facebook.com\\\/hobby4geek\",\"https:\\\/\\\/x.com\\\/hobby4geek\",\"https:\\\/\\\/www.instagram.com\\\/hobby4geek\\\/\"]}]}<\/script>\n<meta property=\"product:brand\" content=\"Hasbro\" \/>\n<meta property=\"product:price:amount\" content=\"29.00\" \/>\n<meta property=\"product:price:currency\" content=\"EUR\" \/>\n<meta property=\"og:availability\" content=\"out of stock\" \/>\n<meta property=\"product:availability\" content=\"out of stock\" \/>\n<meta property=\"product:condition\" content=\"new\" \/>\n<!-- \/ Yoast SEO Premium plugin. -->","yoast_head_json":{"title":"Transformers Studio Series - 10 Deluxe Jazz","robots":{"index":"index","follow":"follow","max-snippet":"max-snippet:-1","max-image-preview":"max-image-preview:large","max-video-preview":"max-video-preview:-1"},"canonical":"https:\/\/hobby4geek.com\/es\/producto\/transformers-studio-series-10-deluxe-jazz\/","og_locale":"es_ES","og_type":"article","og_title":"Transformers Studio Series - 10 Deluxe Jazz","og_description":"Includes Transformers Studio Series 10 Deluxe Class Movie 1 Autobot Jazz figure, accessory, and instructions.  Studio Series 10 Deluxe Class Movie 1 Autobot Jazz Figure  Premium figure and packaging recreate the iconic Mission City Battle scene  Figure scale reflects character size in Transformers Movie 1 world  Converts between robot and vehicle modes in 19 steps  Removable backdrop displays the Autobot Jazz figure in the Mission City Battle scene  Figure size: 4.5 inches","og_url":"https:\/\/hobby4geek.com\/es\/producto\/transformers-studio-series-10-deluxe-jazz\/","og_site_name":"Hobby4Geek","article_publisher":"https:\/\/www.facebook.com\/hobby4geek","article_modified_time":"2024-05-12T11:55:15+00:00","og_image":[{"width":1500,"height":909,"url":"https:\/\/hobby4geek.com\/wp-content\/uploads\/2023\/02\/transformers-studio-series-10-deluxe-jazz.jpg","type":"image\/jpeg"}],"twitter_card":"summary_large_image","twitter_site":"@hobby4geek","schema":{"@context":"https:\/\/schema.org","@graph":[{"@type":"WebPage","@id":"https:\/\/hobby4geek.com\/product\/transformers-studio-series-10-deluxe-jazz\/","url":"https:\/\/hobby4geek.com\/product\/transformers-studio-series-10-deluxe-jazz\/","name":"Transformers Studio Series - 10 Deluxe Jazz","isPartOf":{"@id":"https:\/\/hobby4geek.com\/#website"},"primaryImageOfPage":{"@id":"https:\/\/hobby4geek.com\/product\/transformers-studio-series-10-deluxe-jazz\/#primaryimage"},"image":{"@id":"https:\/\/hobby4geek.com\/product\/transformers-studio-series-10-deluxe-jazz\/#primaryimage"},"thumbnailUrl":"https:\/\/hobby4geek.com\/wp-content\/uploads\/2023\/02\/transformers-studio-series-10-deluxe-jazz.jpg","datePublished":"2019-02-23T22:06:09+00:00","dateModified":"2024-05-12T11:55:15+00:00","breadcrumb":{"@id":"https:\/\/hobby4geek.com\/product\/transformers-studio-series-10-deluxe-jazz\/#breadcrumb"},"inLanguage":"es","potentialAction":[{"@type":"ReadAction","target":["https:\/\/hobby4geek.com\/product\/transformers-studio-series-10-deluxe-jazz\/"]}]},{"@type":"ImageObject","inLanguage":"es","@id":"https:\/\/hobby4geek.com\/product\/transformers-studio-series-10-deluxe-jazz\/#primaryimage","url":"https:\/\/hobby4geek.com\/wp-content\/uploads\/2023\/02\/transformers-studio-series-10-deluxe-jazz.jpg","contentUrl":"https:\/\/hobby4geek.com\/wp-content\/uploads\/2023\/02\/transformers-studio-series-10-deluxe-jazz.jpg","width":1500,"height":909,"caption":"transformers-studio-series-10-deluxe-jazz"},{"@type":"BreadcrumbList","@id":"https:\/\/hobby4geek.com\/product\/transformers-studio-series-10-deluxe-jazz\/#breadcrumb","itemListElement":[{"@type":"ListItem","position":1,"name":"Home","item":"https:\/\/hobby4geek.com\/"},{"@type":"ListItem","position":2,"name":"Shop","item":"https:\/\/hobby4geek.com\/shop\/"},{"@type":"ListItem","position":3,"name":"Transformers Studio Series &#8211; 10 Deluxe Jazz"}]},{"@type":"WebSite","@id":"https:\/\/hobby4geek.com\/#website","url":"https:\/\/hobby4geek.com\/","name":"Hobby4Geek","description":"Coleccionar, jugar y exhibir, abrazar su frikismo","publisher":{"@id":"https:\/\/hobby4geek.com\/#organization"},"potentialAction":[{"@type":"SearchAction","target":{"@type":"EntryPoint","urlTemplate":"https:\/\/hobby4geek.com\/?s={search_term_string}"},"query-input":{"@type":"PropertyValueSpecification","valueRequired":true,"valueName":"search_term_string"}}],"inLanguage":"es"},{"@type":"Organization","@id":"https:\/\/hobby4geek.com\/#organization","name":"Hobby4Geek","url":"https:\/\/hobby4geek.com\/","logo":{"@type":"ImageObject","inLanguage":"es","@id":"https:\/\/hobby4geek.com\/#\/schema\/logo\/image\/","url":"https:\/\/hobby4geek.com\/wp-content\/uploads\/2023\/02\/default-kit.png","contentUrl":"https:\/\/hobby4geek.com\/wp-content\/uploads\/2023\/02\/default-kit.png","width":600,"height":600,"caption":"Hobby4Geek"},"image":{"@id":"https:\/\/hobby4geek.com\/#\/schema\/logo\/image\/"},"sameAs":["https:\/\/www.facebook.com\/hobby4geek","https:\/\/x.com\/hobby4geek","https:\/\/www.instagram.com\/hobby4geek\/"]}]},"product_brand":"Hasbro","product_price_amount":"29.00","product_price_currency":"EUR","og_availability":"out of stock","product_availability":"out of stock","product_condition":"new"},"_links":{"self":[{"href":"https:\/\/hobby4geek.com\/es\/wp-json\/wp\/v2\/product\/173527","targetHints":{"allow":["GET"]}}],"collection":[{"href":"https:\/\/hobby4geek.com\/es\/wp-json\/wp\/v2\/product"}],"about":[{"href":"https:\/\/hobby4geek.com\/es\/wp-json\/wp\/v2\/types\/product"}],"replies":[{"embeddable":true,"href":"https:\/\/hobby4geek.com\/es\/wp-json\/wp\/v2\/comments?post=173527"}],"version-history":[{"count":0,"href":"https:\/\/hobby4geek.com\/es\/wp-json\/wp\/v2\/product\/173527\/revisions"}],"wp:featuredmedia":[{"embeddable":true,"href":"https:\/\/hobby4geek.com\/es\/wp-json\/wp\/v2\/media\/182518"}],"wp:attachment":[{"href":"https:\/\/hobby4geek.com\/es\/wp-json\/wp\/v2\/media?parent=173527"}],"wp:term":[{"taxonomy":"product_brand","embeddable":true,"href":"https:\/\/hobby4geek.com\/es\/wp-json\/wp\/v2\/product_brand?post=173527"},{"taxonomy":"product_cat","embeddable":true,"href":"https:\/\/hobby4geek.com\/es\/wp-json\/wp\/v2\/product_cat?post=173527"},{"taxonomy":"product_tag","embeddable":true,"href":"https:\/\/hobby4geek.com\/es\/wp-json\/wp\/v2\/product_tag?post=173527"},{"taxonomy":"giftcard-category","embeddable":true,"href":"https:\/\/hobby4geek.com\/es\/wp-json\/wp\/v2\/giftcard-category?post=173527"}],"curies":[{"name":"wp","href":"https:\/\/api.w.org\/{rel}","templated":true}]}}