{"id":171609,"date":"2022-05-12T17:06:12","date_gmt":"2022-05-12T16:06:12","guid":{"rendered":"https:\/\/hobby4geek.com\/?post_type=product&#038;p=171609"},"modified":"2024-05-12T12:53:28","modified_gmt":"2024-05-12T11:53:28","slug":"3zero-transformers-revenge-of-the-fallen-dlx-optimus-prime","status":"publish","type":"product","link":"https:\/\/hobby4geek.com\/es\/producto\/3zero-transformers-revenge-of-the-fallen-dlx-optimus-prime\/","title":{"rendered":"ThreeZero - Transformers: La venganza de los ca\u00eddos DLX Optimus Prime"},"content":{"rendered":"<p>Hasbro y threezero se complacen en presentar a Optimus Prime, de la pel\u00edcula Transformers: La venganza de los ca\u00eddos, como la pr\u00f3xima figura de la serie de figuras coleccionables Transformers DLX.<\/p>\n<p>La figura coleccionable Transformers: Revenge of the Fallen - DLX Optimus Prime, de 11,4 pulgadas de alto, cuenta con aproximadamente 57 puntos de articulaci\u00f3n, una estructura de metal fundido a presi\u00f3n y ojos con iluminaci\u00f3n LED. Entre los accesorios se incluyen dos Blasters de Iones, dos espadas de Energ\u00f3n y una cara y m\u00e1scara de batalla intercambiables, un total de cuatro pares de manos intercambiables y un soporte de acci\u00f3n DLX para varias poses expresivas.<\/p>\n<p>Transformers: Revenge of the Fallen - DLX Optimus Prime est\u00e1 dise\u00f1ado para integrarse con el DLX Jetfire de la misma pel\u00edcula (lanzamiento previsto para el primer trimestre de 2021). Juntas, las dos figuras forman el impresionante DLX Jetpower.<\/p>\n<p>Las figuras coleccionables DLX presentan intrincados dise\u00f1os de menor escala Transformers con un valor de producci\u00f3n de alta fidelidad. Con su exclusivo dise\u00f1o de armaz\u00f3n de metal fundido a presi\u00f3n, DLX no s\u00f3lo ofrece una avanzada gama de articulaciones, sino que tambi\u00e9n mejora dr\u00e1sticamente el peso y la durabilidad. Con la detallada aplicaci\u00f3n de pintura envejecida de threezero, se consigue un notable parecido al igualar a los personajes tal y como se ven en los medios originales.<\/p>\n<ul>\n<li>Con licencia oficial de Hasbro y TakaraTomy<\/li>\n<li>Altura aproximada 29,2 cm<\/li>\n<li>Aproximadamente 57 puntos de articulaci\u00f3n<\/li>\n<li>Piezas de metal fundido a presi\u00f3n<\/li>\n<li>Ojos iluminados con LED*.<\/li>\n<li>Parte del blindaje externo es desmontable para su integraci\u00f3n con DLX Jetfire<\/li>\n<\/ul>\n<p><strong>Accesorios:<\/strong><\/p>\n<ul>\n<li>Una m\u00e1scara de combate y un rostro intercambiables<\/li>\n<li>Dos detonadores de iones<\/li>\n<li>Dos espadas duales de Energon<\/li>\n<li>Cuatro pares de manos intercambiables: un par de pu\u00f1os, un par de manos relajadas, un par de manos de acci\u00f3n y un par de manos para sujetar el Ion Blaster.<\/li>\n<li>Un soporte de acci\u00f3n con base<\/li>\n<\/ul>\n<p><strong>Observaciones<\/strong><\/p>\n<p>*Las funciones LED requieren pilas AG13 x2 (pilas no incluidas)<\/p>\n<p><strong>Materiales<\/strong><\/p>\n<p>Aleaci\u00f3n de zinc fundido a presi\u00f3n, POM, ABS y PVC<\/p>","protected":false},"excerpt":{"rendered":"<ul>\n<li>Con licencia oficial de Hasbro y TakaraTomy<\/li>\n<li>Altura aproximada 29,2 cm<\/li>\n<li>Aproximadamente 57 puntos de articulaci\u00f3n<\/li>\n<li>Piezas de metal fundido a presi\u00f3n<\/li>\n<li>Ojos iluminados con LED*.<\/li>\n<li>Parte del blindaje externo es desmontable para su integraci\u00f3n con DLX Jetfire<\/li>\n<\/ul>\n<p><strong>Accesorios:<\/strong><\/p>\n<ul>\n<li>Una m\u00e1scara de combate y un rostro intercambiables<\/li>\n<li>Dos detonadores de iones<\/li>\n<li>Dos espadas duales de Energon<\/li>\n<li>Cuatro pares de manos intercambiables: un par de pu\u00f1os, un par de manos relajadas, un par de manos de acci\u00f3n y un par de manos para sujetar el Ion Blaster.<\/li>\n<li>Un soporte de acci\u00f3n con base<\/li>\n<\/ul>\n<p><strong>Observaciones<\/strong><\/p>\n<p>*Las funciones LED requieren pilas AG13 x2 (pilas no incluidas)<\/p>\n<p><strong>Materiales<\/strong><\/p>\n<p>Aleaci\u00f3n de zinc fundido a presi\u00f3n, POM, ABS y PVC<\/p>","protected":false},"featured_media":182248,"comment_status":"open","ping_status":"closed","template":"","meta":{"inline_featured_image":false},"product_brand":[],"product_cat":[68,90,1955],"product_tag":[332,199,1976,333,334,335,1936,234,265,337,770,1975,204,2453,1638],"giftcard-category":[],"class_list":{"0":"post-171609","1":"product","2":"type-product","3":"status-publish","4":"has-post-thumbnail","6":"product_cat-hasbro","7":"product_cat-threezero","8":"product_cat-transformers","9":"product_tag-3a","10":"product_tag-autobot","11":"product_tag-collector-figures","12":"product_tag-dlx-collectible-series","13":"product_tag-film","14":"product_tag-hasbro","15":"product_tag-models-co","16":"product_tag-optimus-prime","17":"product_tag-pre-orders","18":"product_tag-threea","19":"product_tag-threezero","20":"product_tag-toys-figures","21":"product_tag-transformers","22":"product_tag-transformers-x-threezero","23":"product_tag-transformers-revenge-of-the-fallen","24":"product_shipping_class-from-china","26":"first","27":"outofstock","28":"taxable","29":"shipping-taxable","30":"purchasable","31":"product-type-simple","32":"add-to-wishlist-after_add_to_cart"},"yoast_head":"<!-- This site is optimized with the Yoast SEO Premium plugin v25.3.1 (Yoast SEO v27.4) - https:\/\/yoast.com\/product\/yoast-seo-premium-wordpress\/ -->\n<title>ThreeZero - Transformers: Revenge of the Fallen DLX Optimus Prime<\/title>\n<meta name=\"robots\" content=\"index, follow, max-snippet:-1, max-image-preview:large, max-video-preview:-1\" \/>\n<link rel=\"canonical\" href=\"https:\/\/hobby4geek.com\/es\/producto\/3zero-transformers-revenge-of-the-fallen-dlx-optimus-prime\/\" \/>\n<meta property=\"og:locale\" content=\"es_ES\" \/>\n<meta property=\"og:type\" content=\"article\" \/>\n<meta property=\"og:title\" content=\"ThreeZero - Transformers: Revenge of the Fallen DLX Optimus Prime\" \/>\n<meta property=\"og:description\" content=\"Officially licensed by Hasbro and TakaraTomy  Approximately 29.2 cm (11.4 inches) tall  Approximately 57 points of articulation  Die-cast metal parts  LED lighted eyes*  Part of the external armor is detachable for integration with DLX Jetfire  Accessories:   An interchangeable battle mask and face  Two ion blasters  Two Energon Dual Swords  Four pairs of interchangeable hands: a pair of fists, a pair of relaxed hands, a pair of action hands and a pair of hands to hold the Ion Blaster.  One Action stand with base  Remarks  *LED features require AG13 x2 batteries (batteries not included)  Materials  Die-cast zinc alloy, POM, ABS and PVC\" \/>\n<meta property=\"og:url\" content=\"https:\/\/hobby4geek.com\/es\/producto\/3zero-transformers-revenge-of-the-fallen-dlx-optimus-prime\/\" \/>\n<meta property=\"og:site_name\" content=\"Hobby4Geek\" \/>\n<meta property=\"article:publisher\" content=\"https:\/\/www.facebook.com\/hobby4geek\" \/>\n<meta property=\"article:modified_time\" content=\"2024-05-12T11:53:28+00:00\" \/>\n<meta property=\"og:image\" content=\"https:\/\/hobby4geek.com\/wp-content\/uploads\/2023\/02\/threezero-transformers-revenge-of-the-fallen-dlx-optimus-prime.jpg\" \/>\n\t<meta property=\"og:image:width\" content=\"1052\" \/>\n\t<meta property=\"og:image:height\" content=\"744\" \/>\n\t<meta property=\"og:image:type\" content=\"image\/jpeg\" \/>\n<meta name=\"twitter:card\" content=\"summary_large_image\" \/>\n<meta name=\"twitter:site\" content=\"@hobby4geek\" \/>\n<script type=\"application\/ld+json\" class=\"yoast-schema-graph\">{\"@context\":\"https:\\\/\\\/schema.org\",\"@graph\":[{\"@type\":\"WebPage\",\"@id\":\"https:\\\/\\\/hobby4geek.com\\\/product\\\/3zero-transformers-revenge-of-the-fallen-dlx-optimus-prime\\\/\",\"url\":\"https:\\\/\\\/hobby4geek.com\\\/product\\\/3zero-transformers-revenge-of-the-fallen-dlx-optimus-prime\\\/\",\"name\":\"ThreeZero - Transformers: Revenge of the Fallen DLX Optimus Prime\",\"isPartOf\":{\"@id\":\"https:\\\/\\\/hobby4geek.com\\\/#website\"},\"primaryImageOfPage\":{\"@id\":\"https:\\\/\\\/hobby4geek.com\\\/product\\\/3zero-transformers-revenge-of-the-fallen-dlx-optimus-prime\\\/#primaryimage\"},\"image\":{\"@id\":\"https:\\\/\\\/hobby4geek.com\\\/product\\\/3zero-transformers-revenge-of-the-fallen-dlx-optimus-prime\\\/#primaryimage\"},\"thumbnailUrl\":\"https:\\\/\\\/hobby4geek.com\\\/wp-content\\\/uploads\\\/2023\\\/02\\\/threezero-transformers-revenge-of-the-fallen-dlx-optimus-prime.jpg\",\"datePublished\":\"2022-05-12T16:06:12+00:00\",\"dateModified\":\"2024-05-12T11:53:28+00:00\",\"breadcrumb\":{\"@id\":\"https:\\\/\\\/hobby4geek.com\\\/product\\\/3zero-transformers-revenge-of-the-fallen-dlx-optimus-prime\\\/#breadcrumb\"},\"inLanguage\":\"es\",\"potentialAction\":[{\"@type\":\"ReadAction\",\"target\":[\"https:\\\/\\\/hobby4geek.com\\\/product\\\/3zero-transformers-revenge-of-the-fallen-dlx-optimus-prime\\\/\"]}]},{\"@type\":\"ImageObject\",\"inLanguage\":\"es\",\"@id\":\"https:\\\/\\\/hobby4geek.com\\\/product\\\/3zero-transformers-revenge-of-the-fallen-dlx-optimus-prime\\\/#primaryimage\",\"url\":\"https:\\\/\\\/hobby4geek.com\\\/wp-content\\\/uploads\\\/2023\\\/02\\\/threezero-transformers-revenge-of-the-fallen-dlx-optimus-prime.jpg\",\"contentUrl\":\"https:\\\/\\\/hobby4geek.com\\\/wp-content\\\/uploads\\\/2023\\\/02\\\/threezero-transformers-revenge-of-the-fallen-dlx-optimus-prime.jpg\",\"width\":1052,\"height\":744,\"caption\":\"007-PO-image\"},{\"@type\":\"BreadcrumbList\",\"@id\":\"https:\\\/\\\/hobby4geek.com\\\/product\\\/3zero-transformers-revenge-of-the-fallen-dlx-optimus-prime\\\/#breadcrumb\",\"itemListElement\":[{\"@type\":\"ListItem\",\"position\":1,\"name\":\"Home\",\"item\":\"https:\\\/\\\/hobby4geek.com\\\/\"},{\"@type\":\"ListItem\",\"position\":2,\"name\":\"Shop\",\"item\":\"https:\\\/\\\/hobby4geek.com\\\/shop\\\/\"},{\"@type\":\"ListItem\",\"position\":3,\"name\":\"ThreeZero &#8211; Transformers: Revenge of the Fallen DLX Optimus Prime\"}]},{\"@type\":\"WebSite\",\"@id\":\"https:\\\/\\\/hobby4geek.com\\\/#website\",\"url\":\"https:\\\/\\\/hobby4geek.com\\\/\",\"name\":\"Hobby4Geek\",\"description\":\"Collect, Play &amp; Showcase, Embrace your Geekiness\",\"publisher\":{\"@id\":\"https:\\\/\\\/hobby4geek.com\\\/#organization\"},\"potentialAction\":[{\"@type\":\"SearchAction\",\"target\":{\"@type\":\"EntryPoint\",\"urlTemplate\":\"https:\\\/\\\/hobby4geek.com\\\/?s={search_term_string}\"},\"query-input\":{\"@type\":\"PropertyValueSpecification\",\"valueRequired\":true,\"valueName\":\"search_term_string\"}}],\"inLanguage\":\"es\"},{\"@type\":\"Organization\",\"@id\":\"https:\\\/\\\/hobby4geek.com\\\/#organization\",\"name\":\"Hobby4Geek\",\"url\":\"https:\\\/\\\/hobby4geek.com\\\/\",\"logo\":{\"@type\":\"ImageObject\",\"inLanguage\":\"es\",\"@id\":\"https:\\\/\\\/hobby4geek.com\\\/#\\\/schema\\\/logo\\\/image\\\/\",\"url\":\"https:\\\/\\\/hobby4geek.com\\\/wp-content\\\/uploads\\\/2023\\\/02\\\/default-kit.png\",\"contentUrl\":\"https:\\\/\\\/hobby4geek.com\\\/wp-content\\\/uploads\\\/2023\\\/02\\\/default-kit.png\",\"width\":600,\"height\":600,\"caption\":\"Hobby4Geek\"},\"image\":{\"@id\":\"https:\\\/\\\/hobby4geek.com\\\/#\\\/schema\\\/logo\\\/image\\\/\"},\"sameAs\":[\"https:\\\/\\\/www.facebook.com\\\/hobby4geek\",\"https:\\\/\\\/x.com\\\/hobby4geek\",\"https:\\\/\\\/www.instagram.com\\\/hobby4geek\\\/\"]}]}<\/script>\n<meta property=\"product:brand\" content=\"Hasbro\" \/>\n<meta property=\"product:price:amount\" content=\"276.98\" \/>\n<meta property=\"product:price:currency\" content=\"EUR\" \/>\n<meta property=\"og:availability\" content=\"out of stock\" \/>\n<meta property=\"product:availability\" content=\"out of stock\" \/>\n<meta property=\"product:condition\" content=\"new\" \/>\n<!-- \/ Yoast SEO Premium plugin. -->","yoast_head_json":{"title":"ThreeZero - Transformers: Revenge of the Fallen DLX Optimus Prime","robots":{"index":"index","follow":"follow","max-snippet":"max-snippet:-1","max-image-preview":"max-image-preview:large","max-video-preview":"max-video-preview:-1"},"canonical":"https:\/\/hobby4geek.com\/es\/producto\/3zero-transformers-revenge-of-the-fallen-dlx-optimus-prime\/","og_locale":"es_ES","og_type":"article","og_title":"ThreeZero - Transformers: Revenge of the Fallen DLX Optimus Prime","og_description":"Officially licensed by Hasbro and TakaraTomy  Approximately 29.2 cm (11.4 inches) tall  Approximately 57 points of articulation  Die-cast metal parts  LED lighted eyes*  Part of the external armor is detachable for integration with DLX Jetfire  Accessories:   An interchangeable battle mask and face  Two ion blasters  Two Energon Dual Swords  Four pairs of interchangeable hands: a pair of fists, a pair of relaxed hands, a pair of action hands and a pair of hands to hold the Ion Blaster.  One Action stand with base  Remarks  *LED features require AG13 x2 batteries (batteries not included)  Materials  Die-cast zinc alloy, POM, ABS and PVC","og_url":"https:\/\/hobby4geek.com\/es\/producto\/3zero-transformers-revenge-of-the-fallen-dlx-optimus-prime\/","og_site_name":"Hobby4Geek","article_publisher":"https:\/\/www.facebook.com\/hobby4geek","article_modified_time":"2024-05-12T11:53:28+00:00","og_image":[{"width":1052,"height":744,"url":"https:\/\/hobby4geek.com\/wp-content\/uploads\/2023\/02\/threezero-transformers-revenge-of-the-fallen-dlx-optimus-prime.jpg","type":"image\/jpeg"}],"twitter_card":"summary_large_image","twitter_site":"@hobby4geek","schema":{"@context":"https:\/\/schema.org","@graph":[{"@type":"WebPage","@id":"https:\/\/hobby4geek.com\/product\/3zero-transformers-revenge-of-the-fallen-dlx-optimus-prime\/","url":"https:\/\/hobby4geek.com\/product\/3zero-transformers-revenge-of-the-fallen-dlx-optimus-prime\/","name":"ThreeZero - Transformers: Revenge of the Fallen DLX Optimus Prime","isPartOf":{"@id":"https:\/\/hobby4geek.com\/#website"},"primaryImageOfPage":{"@id":"https:\/\/hobby4geek.com\/product\/3zero-transformers-revenge-of-the-fallen-dlx-optimus-prime\/#primaryimage"},"image":{"@id":"https:\/\/hobby4geek.com\/product\/3zero-transformers-revenge-of-the-fallen-dlx-optimus-prime\/#primaryimage"},"thumbnailUrl":"https:\/\/hobby4geek.com\/wp-content\/uploads\/2023\/02\/threezero-transformers-revenge-of-the-fallen-dlx-optimus-prime.jpg","datePublished":"2022-05-12T16:06:12+00:00","dateModified":"2024-05-12T11:53:28+00:00","breadcrumb":{"@id":"https:\/\/hobby4geek.com\/product\/3zero-transformers-revenge-of-the-fallen-dlx-optimus-prime\/#breadcrumb"},"inLanguage":"es","potentialAction":[{"@type":"ReadAction","target":["https:\/\/hobby4geek.com\/product\/3zero-transformers-revenge-of-the-fallen-dlx-optimus-prime\/"]}]},{"@type":"ImageObject","inLanguage":"es","@id":"https:\/\/hobby4geek.com\/product\/3zero-transformers-revenge-of-the-fallen-dlx-optimus-prime\/#primaryimage","url":"https:\/\/hobby4geek.com\/wp-content\/uploads\/2023\/02\/threezero-transformers-revenge-of-the-fallen-dlx-optimus-prime.jpg","contentUrl":"https:\/\/hobby4geek.com\/wp-content\/uploads\/2023\/02\/threezero-transformers-revenge-of-the-fallen-dlx-optimus-prime.jpg","width":1052,"height":744,"caption":"007-PO-image"},{"@type":"BreadcrumbList","@id":"https:\/\/hobby4geek.com\/product\/3zero-transformers-revenge-of-the-fallen-dlx-optimus-prime\/#breadcrumb","itemListElement":[{"@type":"ListItem","position":1,"name":"Home","item":"https:\/\/hobby4geek.com\/"},{"@type":"ListItem","position":2,"name":"Shop","item":"https:\/\/hobby4geek.com\/shop\/"},{"@type":"ListItem","position":3,"name":"ThreeZero &#8211; Transformers: Revenge of the Fallen DLX Optimus Prime"}]},{"@type":"WebSite","@id":"https:\/\/hobby4geek.com\/#website","url":"https:\/\/hobby4geek.com\/","name":"Hobby4Geek","description":"Coleccionar, jugar y exhibir, abrazar su frikismo","publisher":{"@id":"https:\/\/hobby4geek.com\/#organization"},"potentialAction":[{"@type":"SearchAction","target":{"@type":"EntryPoint","urlTemplate":"https:\/\/hobby4geek.com\/?s={search_term_string}"},"query-input":{"@type":"PropertyValueSpecification","valueRequired":true,"valueName":"search_term_string"}}],"inLanguage":"es"},{"@type":"Organization","@id":"https:\/\/hobby4geek.com\/#organization","name":"Hobby4Geek","url":"https:\/\/hobby4geek.com\/","logo":{"@type":"ImageObject","inLanguage":"es","@id":"https:\/\/hobby4geek.com\/#\/schema\/logo\/image\/","url":"https:\/\/hobby4geek.com\/wp-content\/uploads\/2023\/02\/default-kit.png","contentUrl":"https:\/\/hobby4geek.com\/wp-content\/uploads\/2023\/02\/default-kit.png","width":600,"height":600,"caption":"Hobby4Geek"},"image":{"@id":"https:\/\/hobby4geek.com\/#\/schema\/logo\/image\/"},"sameAs":["https:\/\/www.facebook.com\/hobby4geek","https:\/\/x.com\/hobby4geek","https:\/\/www.instagram.com\/hobby4geek\/"]}]},"product_brand":"Hasbro","product_price_amount":"276.98","product_price_currency":"EUR","og_availability":"out of stock","product_availability":"out of stock","product_condition":"new"},"_links":{"self":[{"href":"https:\/\/hobby4geek.com\/es\/wp-json\/wp\/v2\/product\/171609","targetHints":{"allow":["GET"]}}],"collection":[{"href":"https:\/\/hobby4geek.com\/es\/wp-json\/wp\/v2\/product"}],"about":[{"href":"https:\/\/hobby4geek.com\/es\/wp-json\/wp\/v2\/types\/product"}],"replies":[{"embeddable":true,"href":"https:\/\/hobby4geek.com\/es\/wp-json\/wp\/v2\/comments?post=171609"}],"version-history":[{"count":0,"href":"https:\/\/hobby4geek.com\/es\/wp-json\/wp\/v2\/product\/171609\/revisions"}],"wp:featuredmedia":[{"embeddable":true,"href":"https:\/\/hobby4geek.com\/es\/wp-json\/wp\/v2\/media\/182248"}],"wp:attachment":[{"href":"https:\/\/hobby4geek.com\/es\/wp-json\/wp\/v2\/media?parent=171609"}],"wp:term":[{"taxonomy":"product_brand","embeddable":true,"href":"https:\/\/hobby4geek.com\/es\/wp-json\/wp\/v2\/product_brand?post=171609"},{"taxonomy":"product_cat","embeddable":true,"href":"https:\/\/hobby4geek.com\/es\/wp-json\/wp\/v2\/product_cat?post=171609"},{"taxonomy":"product_tag","embeddable":true,"href":"https:\/\/hobby4geek.com\/es\/wp-json\/wp\/v2\/product_tag?post=171609"},{"taxonomy":"giftcard-category","embeddable":true,"href":"https:\/\/hobby4geek.com\/es\/wp-json\/wp\/v2\/giftcard-category?post=171609"}],"curies":[{"name":"wp","href":"https:\/\/api.w.org\/{rel}","templated":true}]}}