{"id":164745,"date":"2019-02-23T18:22:41","date_gmt":"2019-02-23T17:22:41","guid":{"rendered":"https:\/\/hobby4geek.com\/?post_type=product&#038;p=164745"},"modified":"2024-05-12T12:55:19","modified_gmt":"2024-05-12T11:55:19","slug":"ss01-deluxe-bumblebee","status":"publish","type":"product","link":"https:\/\/hobby4geek.com\/es\/producto\/ss01-deluxe-bumblebee\/","title":{"rendered":"Transformers Studio Series - 01 Deluxe Bumblebee"},"content":{"rendered":"<p>Esta figura Bumblebee tiene caracter\u00edsticas y accesorios incre\u00edbles que encantar\u00e1n a los ni\u00f1os y a los fans de Transformers.<\/p>\n<p>Este robot Bumblebee se transforma en un coche Camaro en 22 pasos.<\/p>\n<p>La decoraci\u00f3n puede extraerse del embalaje para mostrar Bumblebee en una m\u00edtica escena de pel\u00edcula.<\/p>\n<p>Tama\u00f1o: 11,7 cm<\/p>","protected":false},"excerpt":{"rendered":"<ul>\n<li>Este robot Bumblebee se transforma en un coche Camaro en 22 pasos.<\/li>\n<li>La decoraci\u00f3n puede extraerse del embalaje para mostrar Bumblebee en una m\u00edtica escena de pel\u00edcula.<\/li>\n<li>Tama\u00f1o: 11,7 cm<\/li>\n<\/ul>","protected":false},"featured_media":182138,"comment_status":"open","ping_status":"closed","template":"","meta":{"inline_featured_image":false},"product_brand":[],"product_cat":[1955,68,69,1960],"product_tag":[200,1759,199,224,239,240,203,1975,204],"giftcard-category":[],"class_list":{"0":"post-164745","1":"product","2":"type-product","3":"status-publish","4":"has-post-thumbnail","6":"product_cat-transformers","7":"product_cat-hasbro","8":"product_cat-takara-tomy","9":"product_cat-transformers-generations","10":"product_tag-action-figures","11":"product_tag-action-toys","12":"product_tag-autobot","13":"product_tag-bumblebee","14":"product_tag-deluxe","15":"product_tag-studio-series","16":"product_tag-takara-tomy","17":"product_tag-toys-figures","18":"product_tag-transformers","19":"product_shipping_class-from-china","20":"inventories-china-inventory","22":"first","23":"outofstock","24":"taxable","25":"shipping-taxable","26":"purchasable","27":"product-type-simple","28":"add-to-wishlist-after_add_to_cart"},"yoast_head":"<!-- This site is optimized with the Yoast SEO Premium plugin v25.3.1 (Yoast SEO v27.2) - https:\/\/yoast.com\/product\/yoast-seo-premium-wordpress\/ -->\n<title>Transformers Studio Series - 01 Deluxe Bumblebee<\/title>\n<meta name=\"robots\" content=\"index, follow, max-snippet:-1, max-image-preview:large, max-video-preview:-1\" \/>\n<link rel=\"canonical\" href=\"https:\/\/hobby4geek.com\/es\/producto\/ss01-deluxe-bumblebee\/\" \/>\n<meta property=\"og:locale\" content=\"es_ES\" \/>\n<meta property=\"og:type\" content=\"article\" \/>\n<meta property=\"og:title\" content=\"Transformers Studio Series - 01 Deluxe Bumblebee\" \/>\n<meta property=\"og:description\" content=\"This Bumblebee robot transforms into a Camaro car in 22 steps.  The decor can be removed from the packaging to display Bumblebee in a mythical movie scene.  Size: 11.7cm\" \/>\n<meta property=\"og:url\" content=\"https:\/\/hobby4geek.com\/es\/producto\/ss01-deluxe-bumblebee\/\" \/>\n<meta property=\"og:site_name\" content=\"Hobby4Geek\" \/>\n<meta property=\"article:publisher\" content=\"https:\/\/www.facebook.com\/hobby4geek\" \/>\n<meta property=\"article:modified_time\" content=\"2024-05-12T11:55:19+00:00\" \/>\n<meta property=\"og:image\" content=\"https:\/\/hobby4geek.com\/wp-content\/uploads\/2023\/02\/transformers-studio-series-01-deluxe-bumblebee.jpg\" \/>\n\t<meta property=\"og:image:width\" content=\"600\" \/>\n\t<meta property=\"og:image:height\" content=\"600\" \/>\n\t<meta property=\"og:image:type\" content=\"image\/jpeg\" \/>\n<meta name=\"twitter:card\" content=\"summary_large_image\" \/>\n<meta name=\"twitter:site\" content=\"@hobby4geek\" \/>\n<script type=\"application\/ld+json\" class=\"yoast-schema-graph\">{\"@context\":\"https:\/\/schema.org\",\"@graph\":[{\"@type\":\"WebPage\",\"@id\":\"https:\/\/hobby4geek.com\/product\/ss01-deluxe-bumblebee\/\",\"url\":\"https:\/\/hobby4geek.com\/product\/ss01-deluxe-bumblebee\/\",\"name\":\"Transformers Studio Series - 01 Deluxe Bumblebee\",\"isPartOf\":{\"@id\":\"https:\/\/hobby4geek.com\/#website\"},\"primaryImageOfPage\":{\"@id\":\"https:\/\/hobby4geek.com\/product\/ss01-deluxe-bumblebee\/#primaryimage\"},\"image\":{\"@id\":\"https:\/\/hobby4geek.com\/product\/ss01-deluxe-bumblebee\/#primaryimage\"},\"thumbnailUrl\":\"https:\/\/hobby4geek.com\/wp-content\/uploads\/2023\/02\/transformers-studio-series-01-deluxe-bumblebee.jpg\",\"datePublished\":\"2019-02-23T17:22:41+00:00\",\"dateModified\":\"2024-05-12T11:55:19+00:00\",\"breadcrumb\":{\"@id\":\"https:\/\/hobby4geek.com\/product\/ss01-deluxe-bumblebee\/#breadcrumb\"},\"inLanguage\":\"es\",\"potentialAction\":[{\"@type\":\"ReadAction\",\"target\":[\"https:\/\/hobby4geek.com\/product\/ss01-deluxe-bumblebee\/\"]}]},{\"@type\":\"ImageObject\",\"inLanguage\":\"es\",\"@id\":\"https:\/\/hobby4geek.com\/product\/ss01-deluxe-bumblebee\/#primaryimage\",\"url\":\"https:\/\/hobby4geek.com\/wp-content\/uploads\/2023\/02\/transformers-studio-series-01-deluxe-bumblebee.jpg\",\"contentUrl\":\"https:\/\/hobby4geek.com\/wp-content\/uploads\/2023\/02\/transformers-studio-series-01-deluxe-bumblebee.jpg\",\"width\":600,\"height\":600,\"caption\":\"Transformers Studio Series 01 Deluxe Bumblebee\"},{\"@type\":\"BreadcrumbList\",\"@id\":\"https:\/\/hobby4geek.com\/product\/ss01-deluxe-bumblebee\/#breadcrumb\",\"itemListElement\":[{\"@type\":\"ListItem\",\"position\":1,\"name\":\"Home\",\"item\":\"https:\/\/hobby4geek.com\/\"},{\"@type\":\"ListItem\",\"position\":2,\"name\":\"Shop\",\"item\":\"https:\/\/hobby4geek.com\/shop\/\"},{\"@type\":\"ListItem\",\"position\":3,\"name\":\"Transformers Studio Series &#8211; 01 Deluxe Bumblebee\"}]},{\"@type\":\"WebSite\",\"@id\":\"https:\/\/hobby4geek.com\/#website\",\"url\":\"https:\/\/hobby4geek.com\/\",\"name\":\"Hobby4Geek\",\"description\":\"Collect, Play &amp; Showcase, Embrace your Geekiness\",\"publisher\":{\"@id\":\"https:\/\/hobby4geek.com\/#organization\"},\"potentialAction\":[{\"@type\":\"SearchAction\",\"target\":{\"@type\":\"EntryPoint\",\"urlTemplate\":\"https:\/\/hobby4geek.com\/?s={search_term_string}\"},\"query-input\":{\"@type\":\"PropertyValueSpecification\",\"valueRequired\":true,\"valueName\":\"search_term_string\"}}],\"inLanguage\":\"es\"},{\"@type\":\"Organization\",\"@id\":\"https:\/\/hobby4geek.com\/#organization\",\"name\":\"Hobby4Geek\",\"url\":\"https:\/\/hobby4geek.com\/\",\"logo\":{\"@type\":\"ImageObject\",\"inLanguage\":\"es\",\"@id\":\"https:\/\/hobby4geek.com\/#\/schema\/logo\/image\/\",\"url\":\"https:\/\/hobby4geek.com\/wp-content\/uploads\/2023\/02\/default-kit.png\",\"contentUrl\":\"https:\/\/hobby4geek.com\/wp-content\/uploads\/2023\/02\/default-kit.png\",\"width\":600,\"height\":600,\"caption\":\"Hobby4Geek\"},\"image\":{\"@id\":\"https:\/\/hobby4geek.com\/#\/schema\/logo\/image\/\"},\"sameAs\":[\"https:\/\/www.facebook.com\/hobby4geek\",\"https:\/\/x.com\/hobby4geek\",\"https:\/\/www.instagram.com\/hobby4geek\/\"]}]}<\/script>\n<meta property=\"product:brand\" content=\"Transformers\" \/>\n<meta property=\"product:price:amount\" content=\"26.00\" \/>\n<meta property=\"product:price:currency\" content=\"EUR\" \/>\n<meta property=\"og:availability\" content=\"out of stock\" \/>\n<meta property=\"product:availability\" content=\"out of stock\" \/>\n<meta property=\"product:condition\" content=\"new\" \/>\n<!-- \/ Yoast SEO Premium plugin. -->","yoast_head_json":{"title":"Transformers Studio Series - 01 Deluxe Bumblebee","robots":{"index":"index","follow":"follow","max-snippet":"max-snippet:-1","max-image-preview":"max-image-preview:large","max-video-preview":"max-video-preview:-1"},"canonical":"https:\/\/hobby4geek.com\/es\/producto\/ss01-deluxe-bumblebee\/","og_locale":"es_ES","og_type":"article","og_title":"Transformers Studio Series - 01 Deluxe Bumblebee","og_description":"This Bumblebee robot transforms into a Camaro car in 22 steps.  The decor can be removed from the packaging to display Bumblebee in a mythical movie scene.  Size: 11.7cm","og_url":"https:\/\/hobby4geek.com\/es\/producto\/ss01-deluxe-bumblebee\/","og_site_name":"Hobby4Geek","article_publisher":"https:\/\/www.facebook.com\/hobby4geek","article_modified_time":"2024-05-12T11:55:19+00:00","og_image":[{"width":600,"height":600,"url":"https:\/\/hobby4geek.com\/wp-content\/uploads\/2023\/02\/transformers-studio-series-01-deluxe-bumblebee.jpg","type":"image\/jpeg"}],"twitter_card":"summary_large_image","twitter_site":"@hobby4geek","schema":{"@context":"https:\/\/schema.org","@graph":[{"@type":"WebPage","@id":"https:\/\/hobby4geek.com\/product\/ss01-deluxe-bumblebee\/","url":"https:\/\/hobby4geek.com\/product\/ss01-deluxe-bumblebee\/","name":"Transformers Studio Series - 01 Deluxe Bumblebee","isPartOf":{"@id":"https:\/\/hobby4geek.com\/#website"},"primaryImageOfPage":{"@id":"https:\/\/hobby4geek.com\/product\/ss01-deluxe-bumblebee\/#primaryimage"},"image":{"@id":"https:\/\/hobby4geek.com\/product\/ss01-deluxe-bumblebee\/#primaryimage"},"thumbnailUrl":"https:\/\/hobby4geek.com\/wp-content\/uploads\/2023\/02\/transformers-studio-series-01-deluxe-bumblebee.jpg","datePublished":"2019-02-23T17:22:41+00:00","dateModified":"2024-05-12T11:55:19+00:00","breadcrumb":{"@id":"https:\/\/hobby4geek.com\/product\/ss01-deluxe-bumblebee\/#breadcrumb"},"inLanguage":"es","potentialAction":[{"@type":"ReadAction","target":["https:\/\/hobby4geek.com\/product\/ss01-deluxe-bumblebee\/"]}]},{"@type":"ImageObject","inLanguage":"es","@id":"https:\/\/hobby4geek.com\/product\/ss01-deluxe-bumblebee\/#primaryimage","url":"https:\/\/hobby4geek.com\/wp-content\/uploads\/2023\/02\/transformers-studio-series-01-deluxe-bumblebee.jpg","contentUrl":"https:\/\/hobby4geek.com\/wp-content\/uploads\/2023\/02\/transformers-studio-series-01-deluxe-bumblebee.jpg","width":600,"height":600,"caption":"Transformers Studio Series 01 Deluxe Bumblebee"},{"@type":"BreadcrumbList","@id":"https:\/\/hobby4geek.com\/product\/ss01-deluxe-bumblebee\/#breadcrumb","itemListElement":[{"@type":"ListItem","position":1,"name":"Home","item":"https:\/\/hobby4geek.com\/"},{"@type":"ListItem","position":2,"name":"Shop","item":"https:\/\/hobby4geek.com\/shop\/"},{"@type":"ListItem","position":3,"name":"Transformers Studio Series &#8211; 01 Deluxe Bumblebee"}]},{"@type":"WebSite","@id":"https:\/\/hobby4geek.com\/#website","url":"https:\/\/hobby4geek.com\/","name":"Hobby4Geek","description":"Coleccionar, jugar y exhibir, abrazar su frikismo","publisher":{"@id":"https:\/\/hobby4geek.com\/#organization"},"potentialAction":[{"@type":"SearchAction","target":{"@type":"EntryPoint","urlTemplate":"https:\/\/hobby4geek.com\/?s={search_term_string}"},"query-input":{"@type":"PropertyValueSpecification","valueRequired":true,"valueName":"search_term_string"}}],"inLanguage":"es"},{"@type":"Organization","@id":"https:\/\/hobby4geek.com\/#organization","name":"Hobby4Geek","url":"https:\/\/hobby4geek.com\/","logo":{"@type":"ImageObject","inLanguage":"es","@id":"https:\/\/hobby4geek.com\/#\/schema\/logo\/image\/","url":"https:\/\/hobby4geek.com\/wp-content\/uploads\/2023\/02\/default-kit.png","contentUrl":"https:\/\/hobby4geek.com\/wp-content\/uploads\/2023\/02\/default-kit.png","width":600,"height":600,"caption":"Hobby4Geek"},"image":{"@id":"https:\/\/hobby4geek.com\/#\/schema\/logo\/image\/"},"sameAs":["https:\/\/www.facebook.com\/hobby4geek","https:\/\/x.com\/hobby4geek","https:\/\/www.instagram.com\/hobby4geek\/"]}]},"product_brand":"Transformers","product_price_amount":"26.00","product_price_currency":"EUR","og_availability":"out of stock","product_availability":"out of stock","product_condition":"new"},"_links":{"self":[{"href":"https:\/\/hobby4geek.com\/es\/wp-json\/wp\/v2\/product\/164745","targetHints":{"allow":["GET"]}}],"collection":[{"href":"https:\/\/hobby4geek.com\/es\/wp-json\/wp\/v2\/product"}],"about":[{"href":"https:\/\/hobby4geek.com\/es\/wp-json\/wp\/v2\/types\/product"}],"replies":[{"embeddable":true,"href":"https:\/\/hobby4geek.com\/es\/wp-json\/wp\/v2\/comments?post=164745"}],"version-history":[{"count":0,"href":"https:\/\/hobby4geek.com\/es\/wp-json\/wp\/v2\/product\/164745\/revisions"}],"wp:featuredmedia":[{"embeddable":true,"href":"https:\/\/hobby4geek.com\/es\/wp-json\/wp\/v2\/media\/182138"}],"wp:attachment":[{"href":"https:\/\/hobby4geek.com\/es\/wp-json\/wp\/v2\/media?parent=164745"}],"wp:term":[{"taxonomy":"product_brand","embeddable":true,"href":"https:\/\/hobby4geek.com\/es\/wp-json\/wp\/v2\/product_brand?post=164745"},{"taxonomy":"product_cat","embeddable":true,"href":"https:\/\/hobby4geek.com\/es\/wp-json\/wp\/v2\/product_cat?post=164745"},{"taxonomy":"product_tag","embeddable":true,"href":"https:\/\/hobby4geek.com\/es\/wp-json\/wp\/v2\/product_tag?post=164745"},{"taxonomy":"giftcard-category","embeddable":true,"href":"https:\/\/hobby4geek.com\/es\/wp-json\/wp\/v2\/giftcard-category?post=164745"}],"curies":[{"name":"wp","href":"https:\/\/api.w.org\/{rel}","templated":true}]}}