{"id":150357,"date":"2022-03-30T21:32:59","date_gmt":"2022-03-30T20:32:59","guid":{"rendered":"https:\/\/hobby4geek.com\/?post_type=product&#038;p=150357"},"modified":"2024-07-01T10:48:21","modified_gmt":"2024-07-01T09:48:21","slug":"flame-toys-transformers-furai-model-kit-windblade","status":"publish","type":"product","link":"https:\/\/hobby4geek.com\/es\/producto\/flame-toys-transformers-furai-model-kit-windblade\/","title":{"rendered":"FLAME TOYS - Transformers - Kit de modelismo Furai - Windblade"},"content":{"rendered":"<p>Esta es una versi\u00f3n moderna y optimizada de Windblade. Buena articulaci\u00f3n con m\u00e1s de 50 articulaciones m\u00f3viles, puede establecer cualquier pose f\u00e1cilmente. El kit de modelo est\u00e1 hecho de ABS y PS de pl\u00e1stico duro, que ser\u00e1 bueno para los usuarios profesionales de kit de modelo para crear su propio colorido Windblade. Las articulaciones est\u00e1n hechas de pl\u00e1stico blando, lo que le da un rendimiento m\u00f3vil estable.<\/p>\n<p>Con diferentes colores de inyecci\u00f3n de las piezas deslizantes y un dise\u00f1o de montaje sencillo, tambi\u00e9n ser\u00e1 adecuado para los principiantes en el modelismo.<\/p>\n<ul>\n<li>16 cm<\/li>\n<li>Fabricado en ABS y PS<\/li>\n<li>Adecuado para principiantes<\/li>\n<li>Posicionabilidad extrema una vez completado<\/li>\n<li>Piezas para construir Windblade<\/li>\n<\/ul>","protected":false},"excerpt":{"rendered":"<ul>\n<li>16 cm<\/li>\n<li>Fabricado en ABS y PS<\/li>\n<li>Adecuado para principiantes<\/li>\n<li>Posicionabilidad extrema una vez completado<\/li>\n<li>Piezas para construir Windblade<\/li>\n<\/ul>","protected":false},"featured_media":182095,"comment_status":"open","ping_status":"closed","template":"","meta":{"inline_featured_image":false},"product_brand":[],"product_cat":[1955,162,68],"product_tag":[1977,1601,1602,1603,1341,1936,1975,204,2460,1173],"giftcard-category":[],"class_list":{"0":"post-150357","1":"product","2":"type-product","3":"status-publish","4":"has-post-thumbnail","6":"product_cat-transformers","7":"product_cat-flame-toys","8":"product_cat-hasbro","9":"product_tag-figures-kit","10":"product_tag-flame-toys","11":"product_tag-furai","12":"product_tag-furai-model-kit","13":"product_tag-model-kits","14":"product_tag-models-co","15":"product_tag-toys-figures","16":"product_tag-transformers","17":"product_tag-transformers-x-flametoys","18":"product_tag-windblade","19":"product_shipping_class-from-china","21":"first","22":"outofstock","23":"taxable","24":"shipping-taxable","25":"purchasable","26":"product-type-simple","27":"add-to-wishlist-after_add_to_cart"},"yoast_head":"<!-- This site is optimized with the Yoast SEO Premium plugin v25.3.1 (Yoast SEO v27.2) - https:\/\/yoast.com\/product\/yoast-seo-premium-wordpress\/ -->\n<title>FLAME TOYS - Transformers - Furai Model Kit - Windblade<\/title>\n<meta name=\"robots\" content=\"index, follow, max-snippet:-1, max-image-preview:large, max-video-preview:-1\" \/>\n<link rel=\"canonical\" href=\"https:\/\/hobby4geek.com\/es\/producto\/flame-toys-transformers-furai-model-kit-windblade\/\" \/>\n<meta property=\"og:locale\" content=\"es_ES\" \/>\n<meta property=\"og:type\" content=\"article\" \/>\n<meta property=\"og:title\" content=\"FLAME TOYS - Transformers - Furai Model Kit - Windblade\" \/>\n<meta property=\"og:description\" content=\"6.25 inches (16cm)  Made of ABS and PS  Suitable for model kit beginners  Extreme poseability when complete  Parts to build Windblade\" \/>\n<meta property=\"og:url\" content=\"https:\/\/hobby4geek.com\/es\/producto\/flame-toys-transformers-furai-model-kit-windblade\/\" \/>\n<meta property=\"og:site_name\" content=\"Hobby4Geek\" \/>\n<meta property=\"article:publisher\" content=\"https:\/\/www.facebook.com\/hobby4geek\" \/>\n<meta property=\"article:modified_time\" content=\"2024-07-01T09:48:21+00:00\" \/>\n<meta property=\"og:image\" content=\"https:\/\/hobby4geek.com\/wp-content\/uploads\/2023\/02\/flame-toys-transformers-furai-model-kit-windblade.jpg\" \/>\n\t<meta property=\"og:image:width\" content=\"720\" \/>\n\t<meta property=\"og:image:height\" content=\"540\" \/>\n\t<meta property=\"og:image:type\" content=\"image\/jpeg\" \/>\n<meta name=\"twitter:card\" content=\"summary_large_image\" \/>\n<meta name=\"twitter:site\" content=\"@hobby4geek\" \/>\n<script type=\"application\/ld+json\" class=\"yoast-schema-graph\">{\"@context\":\"https:\/\/schema.org\",\"@graph\":[{\"@type\":\"WebPage\",\"@id\":\"https:\/\/hobby4geek.com\/fr\/produit\/flame-toys-transformers-furai-model-kit-windblade\/\",\"url\":\"https:\/\/hobby4geek.com\/fr\/produit\/flame-toys-transformers-furai-model-kit-windblade\/\",\"name\":\"FLAME TOYS - Transformers - Furai Model Kit - Windblade\",\"isPartOf\":{\"@id\":\"https:\/\/hobby4geek.com\/#website\"},\"primaryImageOfPage\":{\"@id\":\"https:\/\/hobby4geek.com\/fr\/produit\/flame-toys-transformers-furai-model-kit-windblade\/#primaryimage\"},\"image\":{\"@id\":\"https:\/\/hobby4geek.com\/fr\/produit\/flame-toys-transformers-furai-model-kit-windblade\/#primaryimage\"},\"thumbnailUrl\":\"https:\/\/hobby4geek.com\/wp-content\/uploads\/2023\/02\/flame-toys-transformers-furai-model-kit-windblade.jpg\",\"datePublished\":\"2022-03-30T20:32:59+00:00\",\"dateModified\":\"2024-07-01T09:48:21+00:00\",\"breadcrumb\":{\"@id\":\"https:\/\/hobby4geek.com\/fr\/produit\/flame-toys-transformers-furai-model-kit-windblade\/#breadcrumb\"},\"inLanguage\":\"es\",\"potentialAction\":[{\"@type\":\"ReadAction\",\"target\":[\"https:\/\/hobby4geek.com\/fr\/produit\/flame-toys-transformers-furai-model-kit-windblade\/\"]}]},{\"@type\":\"ImageObject\",\"inLanguage\":\"es\",\"@id\":\"https:\/\/hobby4geek.com\/fr\/produit\/flame-toys-transformers-furai-model-kit-windblade\/#primaryimage\",\"url\":\"https:\/\/hobby4geek.com\/wp-content\/uploads\/2023\/02\/flame-toys-transformers-furai-model-kit-windblade.jpg\",\"contentUrl\":\"https:\/\/hobby4geek.com\/wp-content\/uploads\/2023\/02\/flame-toys-transformers-furai-model-kit-windblade.jpg\",\"width\":720,\"height\":540,\"caption\":\"Flame Toys Transformers Furai Model Kit Windblade\"},{\"@type\":\"BreadcrumbList\",\"@id\":\"https:\/\/hobby4geek.com\/fr\/produit\/flame-toys-transformers-furai-model-kit-windblade\/#breadcrumb\",\"itemListElement\":[{\"@type\":\"ListItem\",\"position\":1,\"name\":\"Home\",\"item\":\"https:\/\/hobby4geek.com\/\"},{\"@type\":\"ListItem\",\"position\":2,\"name\":\"Shop\",\"item\":\"https:\/\/hobby4geek.com\/shop\/\"},{\"@type\":\"ListItem\",\"position\":3,\"name\":\"FLAME TOYS &#8211; Transformers &#8211; Furai Model Kit &#8211; Windblade\"}]},{\"@type\":\"WebSite\",\"@id\":\"https:\/\/hobby4geek.com\/#website\",\"url\":\"https:\/\/hobby4geek.com\/\",\"name\":\"Hobby4Geek\",\"description\":\"Collect, Play &amp; Showcase, Embrace your Geekiness\",\"publisher\":{\"@id\":\"https:\/\/hobby4geek.com\/#organization\"},\"potentialAction\":[{\"@type\":\"SearchAction\",\"target\":{\"@type\":\"EntryPoint\",\"urlTemplate\":\"https:\/\/hobby4geek.com\/?s={search_term_string}\"},\"query-input\":{\"@type\":\"PropertyValueSpecification\",\"valueRequired\":true,\"valueName\":\"search_term_string\"}}],\"inLanguage\":\"es\"},{\"@type\":\"Organization\",\"@id\":\"https:\/\/hobby4geek.com\/#organization\",\"name\":\"Hobby4Geek\",\"url\":\"https:\/\/hobby4geek.com\/\",\"logo\":{\"@type\":\"ImageObject\",\"inLanguage\":\"es\",\"@id\":\"https:\/\/hobby4geek.com\/#\/schema\/logo\/image\/\",\"url\":\"https:\/\/hobby4geek.com\/wp-content\/uploads\/2023\/02\/default-kit.png\",\"contentUrl\":\"https:\/\/hobby4geek.com\/wp-content\/uploads\/2023\/02\/default-kit.png\",\"width\":600,\"height\":600,\"caption\":\"Hobby4Geek\"},\"image\":{\"@id\":\"https:\/\/hobby4geek.com\/#\/schema\/logo\/image\/\"},\"sameAs\":[\"https:\/\/www.facebook.com\/hobby4geek\",\"https:\/\/x.com\/hobby4geek\",\"https:\/\/www.instagram.com\/hobby4geek\/\"]}]}<\/script>\n<meta property=\"product:brand\" content=\"Transformers\" \/>\n<meta property=\"product:price:amount\" content=\"139.00\" \/>\n<meta property=\"product:price:currency\" content=\"EUR\" \/>\n<meta property=\"og:availability\" content=\"out of stock\" \/>\n<meta property=\"product:availability\" content=\"out of stock\" \/>\n<meta property=\"product:condition\" content=\"new\" \/>\n<!-- \/ Yoast SEO Premium plugin. -->","yoast_head_json":{"title":"FLAME TOYS - Transformers - Kit de modelismo Furai - Windblade","robots":{"index":"index","follow":"follow","max-snippet":"max-snippet:-1","max-image-preview":"max-image-preview:large","max-video-preview":"max-video-preview:-1"},"canonical":"https:\/\/hobby4geek.com\/es\/producto\/flame-toys-transformers-furai-model-kit-windblade\/","og_locale":"es_ES","og_type":"article","og_title":"FLAME TOYS - Transformers - Furai Model Kit - Windblade","og_description":"6.25 inches (16cm)  Made of ABS and PS  Suitable for model kit beginners  Extreme poseability when complete  Parts to build Windblade","og_url":"https:\/\/hobby4geek.com\/es\/producto\/flame-toys-transformers-furai-model-kit-windblade\/","og_site_name":"Hobby4Geek","article_publisher":"https:\/\/www.facebook.com\/hobby4geek","article_modified_time":"2024-07-01T09:48:21+00:00","og_image":[{"width":720,"height":540,"url":"https:\/\/hobby4geek.com\/wp-content\/uploads\/2023\/02\/flame-toys-transformers-furai-model-kit-windblade.jpg","type":"image\/jpeg"}],"twitter_card":"summary_large_image","twitter_site":"@hobby4geek","schema":{"@context":"https:\/\/schema.org","@graph":[{"@type":"WebPage","@id":"https:\/\/hobby4geek.com\/fr\/produit\/flame-toys-transformers-furai-model-kit-windblade\/","url":"https:\/\/hobby4geek.com\/fr\/produit\/flame-toys-transformers-furai-model-kit-windblade\/","name":"FLAME TOYS - Transformers - Kit de modelismo Furai - Windblade","isPartOf":{"@id":"https:\/\/hobby4geek.com\/#website"},"primaryImageOfPage":{"@id":"https:\/\/hobby4geek.com\/fr\/produit\/flame-toys-transformers-furai-model-kit-windblade\/#primaryimage"},"image":{"@id":"https:\/\/hobby4geek.com\/fr\/produit\/flame-toys-transformers-furai-model-kit-windblade\/#primaryimage"},"thumbnailUrl":"https:\/\/hobby4geek.com\/wp-content\/uploads\/2023\/02\/flame-toys-transformers-furai-model-kit-windblade.jpg","datePublished":"2022-03-30T20:32:59+00:00","dateModified":"2024-07-01T09:48:21+00:00","breadcrumb":{"@id":"https:\/\/hobby4geek.com\/fr\/produit\/flame-toys-transformers-furai-model-kit-windblade\/#breadcrumb"},"inLanguage":"es","potentialAction":[{"@type":"ReadAction","target":["https:\/\/hobby4geek.com\/fr\/produit\/flame-toys-transformers-furai-model-kit-windblade\/"]}]},{"@type":"ImageObject","inLanguage":"es","@id":"https:\/\/hobby4geek.com\/fr\/produit\/flame-toys-transformers-furai-model-kit-windblade\/#primaryimage","url":"https:\/\/hobby4geek.com\/wp-content\/uploads\/2023\/02\/flame-toys-transformers-furai-model-kit-windblade.jpg","contentUrl":"https:\/\/hobby4geek.com\/wp-content\/uploads\/2023\/02\/flame-toys-transformers-furai-model-kit-windblade.jpg","width":720,"height":540,"caption":"Flame Toys Transformers Furai Model Kit Windblade"},{"@type":"BreadcrumbList","@id":"https:\/\/hobby4geek.com\/fr\/produit\/flame-toys-transformers-furai-model-kit-windblade\/#breadcrumb","itemListElement":[{"@type":"ListItem","position":1,"name":"Home","item":"https:\/\/hobby4geek.com\/"},{"@type":"ListItem","position":2,"name":"Shop","item":"https:\/\/hobby4geek.com\/shop\/"},{"@type":"ListItem","position":3,"name":"FLAME TOYS &#8211; Transformers &#8211; Furai Model Kit &#8211; Windblade"}]},{"@type":"WebSite","@id":"https:\/\/hobby4geek.com\/#website","url":"https:\/\/hobby4geek.com\/","name":"Hobby4Geek","description":"Coleccionar, jugar y exhibir, abrazar su frikismo","publisher":{"@id":"https:\/\/hobby4geek.com\/#organization"},"potentialAction":[{"@type":"SearchAction","target":{"@type":"EntryPoint","urlTemplate":"https:\/\/hobby4geek.com\/?s={search_term_string}"},"query-input":{"@type":"PropertyValueSpecification","valueRequired":true,"valueName":"search_term_string"}}],"inLanguage":"es"},{"@type":"Organization","@id":"https:\/\/hobby4geek.com\/#organization","name":"Hobby4Geek","url":"https:\/\/hobby4geek.com\/","logo":{"@type":"ImageObject","inLanguage":"es","@id":"https:\/\/hobby4geek.com\/#\/schema\/logo\/image\/","url":"https:\/\/hobby4geek.com\/wp-content\/uploads\/2023\/02\/default-kit.png","contentUrl":"https:\/\/hobby4geek.com\/wp-content\/uploads\/2023\/02\/default-kit.png","width":600,"height":600,"caption":"Hobby4Geek"},"image":{"@id":"https:\/\/hobby4geek.com\/#\/schema\/logo\/image\/"},"sameAs":["https:\/\/www.facebook.com\/hobby4geek","https:\/\/x.com\/hobby4geek","https:\/\/www.instagram.com\/hobby4geek\/"]}]},"product_brand":"Transformers","product_price_amount":"139.00","product_price_currency":"EUR","og_availability":"out of stock","product_availability":"out of stock","product_condition":"new"},"_links":{"self":[{"href":"https:\/\/hobby4geek.com\/es\/wp-json\/wp\/v2\/product\/150357","targetHints":{"allow":["GET"]}}],"collection":[{"href":"https:\/\/hobby4geek.com\/es\/wp-json\/wp\/v2\/product"}],"about":[{"href":"https:\/\/hobby4geek.com\/es\/wp-json\/wp\/v2\/types\/product"}],"replies":[{"embeddable":true,"href":"https:\/\/hobby4geek.com\/es\/wp-json\/wp\/v2\/comments?post=150357"}],"version-history":[{"count":0,"href":"https:\/\/hobby4geek.com\/es\/wp-json\/wp\/v2\/product\/150357\/revisions"}],"wp:featuredmedia":[{"embeddable":true,"href":"https:\/\/hobby4geek.com\/es\/wp-json\/wp\/v2\/media\/182095"}],"wp:attachment":[{"href":"https:\/\/hobby4geek.com\/es\/wp-json\/wp\/v2\/media?parent=150357"}],"wp:term":[{"taxonomy":"product_brand","embeddable":true,"href":"https:\/\/hobby4geek.com\/es\/wp-json\/wp\/v2\/product_brand?post=150357"},{"taxonomy":"product_cat","embeddable":true,"href":"https:\/\/hobby4geek.com\/es\/wp-json\/wp\/v2\/product_cat?post=150357"},{"taxonomy":"product_tag","embeddable":true,"href":"https:\/\/hobby4geek.com\/es\/wp-json\/wp\/v2\/product_tag?post=150357"},{"taxonomy":"giftcard-category","embeddable":true,"href":"https:\/\/hobby4geek.com\/es\/wp-json\/wp\/v2\/giftcard-category?post=150357"}],"curies":[{"name":"wp","href":"https:\/\/api.w.org\/{rel}","templated":true}]}}