{"id":147398,"date":"2021-08-18T23:52:03","date_gmt":"2021-08-18T23:52:03","guid":{"rendered":"https:\/\/hobby4geek.com\/?post_type=product&#038;p=147398"},"modified":"2024-05-12T13:00:43","modified_gmt":"2024-05-12T12:00:43","slug":"metal-build-gundam-f91-chronicle-white-version","status":"publish","type":"product","link":"https:\/\/hobby4geek.com\/es\/producto\/metal-build-gundam-f91-chronicle-white-version\/","title":{"rendered":"METAL BUILD Gundam F91 Chronicle (Versi\u00f3n Blanca)"},"content":{"rendered":"<p>GUNDAM F\u00d3RMULA 91 CR\u00d3NICA BLANCA Ver.<\/p>\n<p><strong>El set incluye :<\/strong><\/p>\n<ol>\n<li>cuerpo principal, cabeza opcional,<\/li>\n<li>Cara opcional (abierta),<\/li>\n<li>Cuatro pares de manos opcionales,<\/li>\n<li>Rifle de rayos,<\/li>\n<li>lanzador de rayos,<\/li>\n<li>V.S.B.R (I\/D),<\/li>\n<li>Escudo de Rayos, Generador de Rayos,<\/li>\n<li>Dos sables de rayos,<\/li>\n<li>conjunto de corchetes,<\/li>\n<li>Armadura de hombro opcional (I\/D),<\/li>\n<li>Conjunto de unidades de armas (I\/D),<\/li>\n<li>Twin V.S.B.R set,<\/li>\n<li>Dos V.S.B.R.<\/li>\n<\/ol>\n<h4><\/h4>\n<ul>\n<li>Figura: Gundam Formula 91 Chronicle White ver.<\/li>\n<li>Tama\u00f1o: Aprox. 17cm<\/li>\n<li>Material: ABS\/PVC\/Fundici\u00f3n a presi\u00f3n<\/li>\n<li>Licencia\/Manga: Mobile Suit Gundam F91<\/li>\n<li>Gama: Construcci\u00f3n met\u00e1lica<\/li>\n<li>Marca: Tamashii Nations<\/li>\n<li>Fabricante : Bandai Spirits<\/li>\n<\/ul>","protected":false},"excerpt":{"rendered":"<h4><\/h4>\n<h4><\/h4>\n<ul>\n<li>Figura: Gundam Formula 91 Chronicle White ver.<\/li>\n<li>Tama\u00f1o: Aprox. 17cm<\/li>\n<li>Material: ABS\/PVC\/Fundici\u00f3n a presi\u00f3n<\/li>\n<li>Licencia\/Manga: Mobile Suit Gundam F91<\/li>\n<li>Gama: Construcci\u00f3n met\u00e1lica<\/li>\n<li>Marca: Tamashii Nations<\/li>\n<li>Fabricante : Bandai Spirits<\/li>\n<\/ul>","protected":false},"featured_media":181516,"comment_status":"open","ping_status":"closed","template":"","meta":{"inline_featured_image":false},"product_brand":[],"product_cat":[142,143,144],"product_tag":[1361,1362,1363,1364,1365,1366,1367,1368],"giftcard-category":[],"class_list":{"0":"post-147398","1":"product","2":"type-product","3":"status-publish","4":"has-post-thumbnail","6":"product_cat-bandai-spirits","7":"product_cat-metal-build","8":"product_cat-tamashii-nations","9":"product_tag-bandai-spirits","10":"product_tag-formula-91","11":"product_tag-gundam","12":"product_tag-gundam-formula-91-chronicle-white-ver","13":"product_tag-metal-build","14":"product_tag-mobile-suit-gundam-f91","15":"product_tag-tamashii-nations","16":"product_tag-white-version","17":"product_shipping_class-from-china","18":"inventories-china-inventory","20":"first","21":"instock","22":"taxable","23":"shipping-taxable","24":"purchasable","25":"product-type-simple","26":"add-to-wishlist-after_add_to_cart"},"yoast_head":"<!-- This site is optimized with the Yoast SEO Premium plugin v25.3.1 (Yoast SEO v27.2) - https:\/\/yoast.com\/product\/yoast-seo-premium-wordpress\/ -->\n<title>METAL BUILD Gundam F91 Chronicle (White Version)<\/title>\n<meta name=\"robots\" content=\"index, follow, max-snippet:-1, max-image-preview:large, max-video-preview:-1\" \/>\n<link rel=\"canonical\" href=\"https:\/\/hobby4geek.com\/es\/producto\/metal-build-gundam-f91-chronicle-white-version\/\" \/>\n<meta property=\"og:locale\" content=\"es_ES\" \/>\n<meta property=\"og:type\" content=\"article\" \/>\n<meta property=\"og:title\" content=\"METAL BUILD Gundam F91 Chronicle (White Version)\" \/>\n<meta property=\"og:description\" content=\"Figure: Gundam Formula 91 Chronicle White ver.  Size: Approx. 17cm  Material: ABS\/PVC\/Diecast  License\/Manga: Mobile Suit Gundam F91  Range: Metal Build  Brand: Tamashii Nations  Manufacturer : Bandai Spirits\" \/>\n<meta property=\"og:url\" content=\"https:\/\/hobby4geek.com\/es\/producto\/metal-build-gundam-f91-chronicle-white-version\/\" \/>\n<meta property=\"og:site_name\" content=\"Hobby4Geek\" \/>\n<meta property=\"article:publisher\" content=\"https:\/\/www.facebook.com\/hobby4geek\" \/>\n<meta property=\"article:modified_time\" content=\"2024-05-12T12:00:43+00:00\" \/>\n<meta property=\"og:image\" content=\"https:\/\/hobby4geek.com\/wp-content\/uploads\/2023\/02\/metal-build-gundam-f91-chronicle-white-version.jpg\" \/>\n\t<meta property=\"og:image:width\" content=\"1200\" \/>\n\t<meta property=\"og:image:height\" content=\"809\" \/>\n\t<meta property=\"og:image:type\" content=\"image\/jpeg\" \/>\n<meta name=\"twitter:card\" content=\"summary_large_image\" \/>\n<meta name=\"twitter:site\" content=\"@hobby4geek\" \/>\n<script type=\"application\/ld+json\" class=\"yoast-schema-graph\">{\"@context\":\"https:\/\/schema.org\",\"@graph\":[{\"@type\":\"WebPage\",\"@id\":\"https:\/\/hobby4geek.com\/product\/metal-build-gundam-f91-chronicle-white-version\/\",\"url\":\"https:\/\/hobby4geek.com\/product\/metal-build-gundam-f91-chronicle-white-version\/\",\"name\":\"METAL BUILD Gundam F91 Chronicle (White Version)\",\"isPartOf\":{\"@id\":\"https:\/\/hobby4geek.com\/#website\"},\"primaryImageOfPage\":{\"@id\":\"https:\/\/hobby4geek.com\/product\/metal-build-gundam-f91-chronicle-white-version\/#primaryimage\"},\"image\":{\"@id\":\"https:\/\/hobby4geek.com\/product\/metal-build-gundam-f91-chronicle-white-version\/#primaryimage\"},\"thumbnailUrl\":\"https:\/\/hobby4geek.com\/wp-content\/uploads\/2023\/02\/metal-build-gundam-f91-chronicle-white-version.jpg\",\"datePublished\":\"2021-08-18T23:52:03+00:00\",\"dateModified\":\"2024-05-12T12:00:43+00:00\",\"breadcrumb\":{\"@id\":\"https:\/\/hobby4geek.com\/product\/metal-build-gundam-f91-chronicle-white-version\/#breadcrumb\"},\"inLanguage\":\"es\",\"potentialAction\":[{\"@type\":\"ReadAction\",\"target\":[\"https:\/\/hobby4geek.com\/product\/metal-build-gundam-f91-chronicle-white-version\/\"]}]},{\"@type\":\"ImageObject\",\"inLanguage\":\"es\",\"@id\":\"https:\/\/hobby4geek.com\/product\/metal-build-gundam-f91-chronicle-white-version\/#primaryimage\",\"url\":\"https:\/\/hobby4geek.com\/wp-content\/uploads\/2023\/02\/metal-build-gundam-f91-chronicle-white-version.jpg\",\"contentUrl\":\"https:\/\/hobby4geek.com\/wp-content\/uploads\/2023\/02\/metal-build-gundam-f91-chronicle-white-version.jpg\",\"width\":1200,\"height\":809,\"caption\":\"Metal Build Gundam F91 Chronicle White Version\"},{\"@type\":\"BreadcrumbList\",\"@id\":\"https:\/\/hobby4geek.com\/product\/metal-build-gundam-f91-chronicle-white-version\/#breadcrumb\",\"itemListElement\":[{\"@type\":\"ListItem\",\"position\":1,\"name\":\"Home\",\"item\":\"https:\/\/hobby4geek.com\/\"},{\"@type\":\"ListItem\",\"position\":2,\"name\":\"Shop\",\"item\":\"https:\/\/hobby4geek.com\/shop\/\"},{\"@type\":\"ListItem\",\"position\":3,\"name\":\"METAL BUILD Gundam F91 Chronicle (White Version)\"}]},{\"@type\":\"WebSite\",\"@id\":\"https:\/\/hobby4geek.com\/#website\",\"url\":\"https:\/\/hobby4geek.com\/\",\"name\":\"Hobby4Geek\",\"description\":\"Collect, Play &amp; Showcase, Embrace your Geekiness\",\"publisher\":{\"@id\":\"https:\/\/hobby4geek.com\/#organization\"},\"potentialAction\":[{\"@type\":\"SearchAction\",\"target\":{\"@type\":\"EntryPoint\",\"urlTemplate\":\"https:\/\/hobby4geek.com\/?s={search_term_string}\"},\"query-input\":{\"@type\":\"PropertyValueSpecification\",\"valueRequired\":true,\"valueName\":\"search_term_string\"}}],\"inLanguage\":\"es\"},{\"@type\":\"Organization\",\"@id\":\"https:\/\/hobby4geek.com\/#organization\",\"name\":\"Hobby4Geek\",\"url\":\"https:\/\/hobby4geek.com\/\",\"logo\":{\"@type\":\"ImageObject\",\"inLanguage\":\"es\",\"@id\":\"https:\/\/hobby4geek.com\/#\/schema\/logo\/image\/\",\"url\":\"https:\/\/hobby4geek.com\/wp-content\/uploads\/2023\/02\/default-kit.png\",\"contentUrl\":\"https:\/\/hobby4geek.com\/wp-content\/uploads\/2023\/02\/default-kit.png\",\"width\":600,\"height\":600,\"caption\":\"Hobby4Geek\"},\"image\":{\"@id\":\"https:\/\/hobby4geek.com\/#\/schema\/logo\/image\/\"},\"sameAs\":[\"https:\/\/www.facebook.com\/hobby4geek\",\"https:\/\/x.com\/hobby4geek\",\"https:\/\/www.instagram.com\/hobby4geek\/\"]}]}<\/script>\n<meta property=\"product:brand\" content=\"Bandai Spirits\" \/>\n<meta property=\"product:price:amount\" content=\"379.68\" \/>\n<meta property=\"product:price:currency\" content=\"EUR\" \/>\n<meta property=\"og:availability\" content=\"instock\" \/>\n<meta property=\"product:availability\" content=\"instock\" \/>\n<meta property=\"product:condition\" content=\"new\" \/>\n<!-- \/ Yoast SEO Premium plugin. -->","yoast_head_json":{"title":"METAL BUILD Gundam F91 Chronicle (Versi\u00f3n Blanca)","robots":{"index":"index","follow":"follow","max-snippet":"max-snippet:-1","max-image-preview":"max-image-preview:large","max-video-preview":"max-video-preview:-1"},"canonical":"https:\/\/hobby4geek.com\/es\/producto\/metal-build-gundam-f91-chronicle-white-version\/","og_locale":"es_ES","og_type":"article","og_title":"METAL BUILD Gundam F91 Chronicle (White Version)","og_description":"Figure: Gundam Formula 91 Chronicle White ver.  Size: Approx. 17cm  Material: ABS\/PVC\/Diecast  License\/Manga: Mobile Suit Gundam F91  Range: Metal Build  Brand: Tamashii Nations  Manufacturer : Bandai Spirits","og_url":"https:\/\/hobby4geek.com\/es\/producto\/metal-build-gundam-f91-chronicle-white-version\/","og_site_name":"Hobby4Geek","article_publisher":"https:\/\/www.facebook.com\/hobby4geek","article_modified_time":"2024-05-12T12:00:43+00:00","og_image":[{"width":1200,"height":809,"url":"https:\/\/hobby4geek.com\/wp-content\/uploads\/2023\/02\/metal-build-gundam-f91-chronicle-white-version.jpg","type":"image\/jpeg"}],"twitter_card":"summary_large_image","twitter_site":"@hobby4geek","schema":{"@context":"https:\/\/schema.org","@graph":[{"@type":"WebPage","@id":"https:\/\/hobby4geek.com\/product\/metal-build-gundam-f91-chronicle-white-version\/","url":"https:\/\/hobby4geek.com\/product\/metal-build-gundam-f91-chronicle-white-version\/","name":"METAL BUILD Gundam F91 Chronicle (Versi\u00f3n Blanca)","isPartOf":{"@id":"https:\/\/hobby4geek.com\/#website"},"primaryImageOfPage":{"@id":"https:\/\/hobby4geek.com\/product\/metal-build-gundam-f91-chronicle-white-version\/#primaryimage"},"image":{"@id":"https:\/\/hobby4geek.com\/product\/metal-build-gundam-f91-chronicle-white-version\/#primaryimage"},"thumbnailUrl":"https:\/\/hobby4geek.com\/wp-content\/uploads\/2023\/02\/metal-build-gundam-f91-chronicle-white-version.jpg","datePublished":"2021-08-18T23:52:03+00:00","dateModified":"2024-05-12T12:00:43+00:00","breadcrumb":{"@id":"https:\/\/hobby4geek.com\/product\/metal-build-gundam-f91-chronicle-white-version\/#breadcrumb"},"inLanguage":"es","potentialAction":[{"@type":"ReadAction","target":["https:\/\/hobby4geek.com\/product\/metal-build-gundam-f91-chronicle-white-version\/"]}]},{"@type":"ImageObject","inLanguage":"es","@id":"https:\/\/hobby4geek.com\/product\/metal-build-gundam-f91-chronicle-white-version\/#primaryimage","url":"https:\/\/hobby4geek.com\/wp-content\/uploads\/2023\/02\/metal-build-gundam-f91-chronicle-white-version.jpg","contentUrl":"https:\/\/hobby4geek.com\/wp-content\/uploads\/2023\/02\/metal-build-gundam-f91-chronicle-white-version.jpg","width":1200,"height":809,"caption":"Metal Build Gundam F91 Chronicle White Version"},{"@type":"BreadcrumbList","@id":"https:\/\/hobby4geek.com\/product\/metal-build-gundam-f91-chronicle-white-version\/#breadcrumb","itemListElement":[{"@type":"ListItem","position":1,"name":"Home","item":"https:\/\/hobby4geek.com\/"},{"@type":"ListItem","position":2,"name":"Shop","item":"https:\/\/hobby4geek.com\/shop\/"},{"@type":"ListItem","position":3,"name":"METAL BUILD Gundam F91 Chronicle (White Version)"}]},{"@type":"WebSite","@id":"https:\/\/hobby4geek.com\/#website","url":"https:\/\/hobby4geek.com\/","name":"Hobby4Geek","description":"Coleccionar, jugar y exhibir, abrazar su frikismo","publisher":{"@id":"https:\/\/hobby4geek.com\/#organization"},"potentialAction":[{"@type":"SearchAction","target":{"@type":"EntryPoint","urlTemplate":"https:\/\/hobby4geek.com\/?s={search_term_string}"},"query-input":{"@type":"PropertyValueSpecification","valueRequired":true,"valueName":"search_term_string"}}],"inLanguage":"es"},{"@type":"Organization","@id":"https:\/\/hobby4geek.com\/#organization","name":"Hobby4Geek","url":"https:\/\/hobby4geek.com\/","logo":{"@type":"ImageObject","inLanguage":"es","@id":"https:\/\/hobby4geek.com\/#\/schema\/logo\/image\/","url":"https:\/\/hobby4geek.com\/wp-content\/uploads\/2023\/02\/default-kit.png","contentUrl":"https:\/\/hobby4geek.com\/wp-content\/uploads\/2023\/02\/default-kit.png","width":600,"height":600,"caption":"Hobby4Geek"},"image":{"@id":"https:\/\/hobby4geek.com\/#\/schema\/logo\/image\/"},"sameAs":["https:\/\/www.facebook.com\/hobby4geek","https:\/\/x.com\/hobby4geek","https:\/\/www.instagram.com\/hobby4geek\/"]}]},"product_brand":"Bandai Spirits","product_price_amount":"379.68","product_price_currency":"EUR","og_availability":"instock","product_availability":"instock","product_condition":"new"},"_links":{"self":[{"href":"https:\/\/hobby4geek.com\/es\/wp-json\/wp\/v2\/product\/147398","targetHints":{"allow":["GET"]}}],"collection":[{"href":"https:\/\/hobby4geek.com\/es\/wp-json\/wp\/v2\/product"}],"about":[{"href":"https:\/\/hobby4geek.com\/es\/wp-json\/wp\/v2\/types\/product"}],"replies":[{"embeddable":true,"href":"https:\/\/hobby4geek.com\/es\/wp-json\/wp\/v2\/comments?post=147398"}],"version-history":[{"count":0,"href":"https:\/\/hobby4geek.com\/es\/wp-json\/wp\/v2\/product\/147398\/revisions"}],"wp:featuredmedia":[{"embeddable":true,"href":"https:\/\/hobby4geek.com\/es\/wp-json\/wp\/v2\/media\/181516"}],"wp:attachment":[{"href":"https:\/\/hobby4geek.com\/es\/wp-json\/wp\/v2\/media?parent=147398"}],"wp:term":[{"taxonomy":"product_brand","embeddable":true,"href":"https:\/\/hobby4geek.com\/es\/wp-json\/wp\/v2\/product_brand?post=147398"},{"taxonomy":"product_cat","embeddable":true,"href":"https:\/\/hobby4geek.com\/es\/wp-json\/wp\/v2\/product_cat?post=147398"},{"taxonomy":"product_tag","embeddable":true,"href":"https:\/\/hobby4geek.com\/es\/wp-json\/wp\/v2\/product_tag?post=147398"},{"taxonomy":"giftcard-category","embeddable":true,"href":"https:\/\/hobby4geek.com\/es\/wp-json\/wp\/v2\/giftcard-category?post=147398"}],"curies":[{"name":"wp","href":"https:\/\/api.w.org\/{rel}","templated":true}]}}