{"id":143030,"date":"2020-12-05T04:13:23","date_gmt":"2020-12-05T03:13:23","guid":{"rendered":"https:\/\/hobby4geek.com\/?post_type=product&#038;p=143030"},"modified":"2024-05-12T12:54:58","modified_gmt":"2024-05-12T11:54:58","slug":"transformers-studio-series-71-deluxe-autobot-dino","status":"publish","type":"product","link":"https:\/\/hobby4geek.com\/es\/producto\/transformers-studio-series-71-deluxe-autobot-dino\/","title":{"rendered":"Transformers Studio Series - 71 Autobot de lujo Dino"},"content":{"rendered":"<p>Dise\u00f1adas al estilo de los personajes del universo Transformers, las figuras Studio Series (cada una se vende por separado) est\u00e1n inspiradas en escenas ic\u00f3nicas de las pel\u00edculas. Adem\u00e1s, son ideales para crear una impresionante colecci\u00f3n Transformers.<\/p>\n<p>Esta figura Studio Series 71 Deluxe Autobot Dino, inspirada en Transformers: Dark of the Moon, se convierte de modo robot a modo coche deportivo en 27 pasos. Retira el tel\u00f3n de fondo para mostrar al Autobot Dino en la escena Persecuci\u00f3n a gran velocidad. En la escena Persecuci\u00f3n a alta velocidad de Transformers: Dark of the Moon, los Dreads persiguen a los Autobots por la autopista en un intento de apoderarse de Sentinel Prime. El Autobot Dino bloquea sus cuchillas sobre Hatchet, gui\u00e1ndolo hacia los disparos de los blasters Autobot y lanz\u00e1ndolo contra el tr\u00e1fico que se aproxima. Posa la figura con los accesorios de cuchillas incluidos e imagina recrear ese momento cl\u00e1sico de la pel\u00edcula.<\/p>\n<p>Incluye : figura, 2 accesorios, fondo desmontable e instrucciones.<\/p>\n<ul>\n<li>11,43 cm (4,50 pulgadas)<\/li>\n<li>En pl\u00e1stico<\/li>\n<li>Cifra Premium<\/li>\n<li>Fondo extra\u00edble inspirado en una escena ic\u00f3nica de la pel\u00edcula Transformers: Dark of the Moon<\/li>\n<li>2 cuchillas<\/li>\n<li>Transformaci\u00f3n en 27 pasos.<\/li>\n<\/ul>","protected":false},"excerpt":{"rendered":"<ul>\n<li>11,43 cm (4,50 pulgadas)<\/li>\n<li>En pl\u00e1stico<\/li>\n<li>Cifra Premium<\/li>\n<li>Fondo extra\u00edble inspirado en una escena ic\u00f3nica de la pel\u00edcula Transformers: Dark of the Moon<\/li>\n<li>2 cuchillas<\/li>\n<li>Transformaci\u00f3n en 27 pasos.<\/li>\n<\/ul>","protected":false},"featured_media":181038,"comment_status":"open","ping_status":"closed","template":"","meta":{"inline_featured_image":false},"product_brand":[],"product_cat":[68,69,1955,1960],"product_tag":[1198,200,1759,199,239,421,647,423,655,1199,240,203,1975,204,913],"giftcard-category":[],"class_list":{"0":"post-143030","1":"product","2":"type-product","3":"status-publish","4":"has-post-thumbnail","6":"product_cat-hasbro","7":"product_cat-takara-tomy","8":"product_cat-transformers","9":"product_cat-transformers-generations","10":"product_tag-1198","11":"product_tag-action-figures","12":"product_tag-action-toys","13":"product_tag-autobot","14":"product_tag-deluxe","15":"product_tag-dino","16":"product_tag-dotm","17":"product_tag-mirage","18":"product_tag-ss","19":"product_tag-ss71","20":"product_tag-studio-series","21":"product_tag-takara-tomy","22":"product_tag-toys-figures","23":"product_tag-transformers","24":"product_tag-transformers-dark-of-the-moon","25":"product_shipping_class-from-china","26":"inventories-china-inventory","28":"first","29":"outofstock","30":"taxable","31":"shipping-taxable","32":"purchasable","33":"product-type-simple","34":"add-to-wishlist-after_add_to_cart"},"yoast_head":"<!-- This site is optimized with the Yoast SEO Premium plugin v25.3.1 (Yoast SEO v27.4) - https:\/\/yoast.com\/product\/yoast-seo-premium-wordpress\/ -->\n<title>Transformers Studio Series - 71 Deluxe Autobot Dino<\/title>\n<meta name=\"robots\" content=\"index, follow, max-snippet:-1, max-image-preview:large, max-video-preview:-1\" \/>\n<link rel=\"canonical\" href=\"https:\/\/hobby4geek.com\/es\/producto\/transformers-studio-series-71-deluxe-autobot-dino\/\" \/>\n<meta property=\"og:locale\" content=\"es_ES\" \/>\n<meta property=\"og:type\" content=\"article\" \/>\n<meta property=\"og:title\" content=\"Transformers Studio Series - 71 Deluxe Autobot Dino\" \/>\n<meta property=\"og:description\" content=\"4.50 inches (11.43cm)  In plastic  Premium figure  Removable bottom inspired by an iconic scene from the Transformers: Dark of the Moon movie  2 Blades  Transformation in 27 steps.\" \/>\n<meta property=\"og:url\" content=\"https:\/\/hobby4geek.com\/es\/producto\/transformers-studio-series-71-deluxe-autobot-dino\/\" \/>\n<meta property=\"og:site_name\" content=\"Hobby4Geek\" \/>\n<meta property=\"article:publisher\" content=\"https:\/\/www.facebook.com\/hobby4geek\" \/>\n<meta property=\"article:modified_time\" content=\"2024-05-12T11:54:58+00:00\" \/>\n<meta property=\"og:image\" content=\"https:\/\/hobby4geek.com\/wp-content\/uploads\/2023\/02\/transformers-studio-series-71-deluxe-autobot-dino-2.jpg\" \/>\n\t<meta property=\"og:image:width\" content=\"1315\" \/>\n\t<meta property=\"og:image:height\" content=\"1500\" \/>\n\t<meta property=\"og:image:type\" content=\"image\/jpeg\" \/>\n<meta name=\"twitter:card\" content=\"summary_large_image\" \/>\n<meta name=\"twitter:site\" content=\"@hobby4geek\" \/>\n<script type=\"application\/ld+json\" class=\"yoast-schema-graph\">{\"@context\":\"https:\\\/\\\/schema.org\",\"@graph\":[{\"@type\":\"WebPage\",\"@id\":\"https:\\\/\\\/hobby4geek.com\\\/product\\\/transformers-studio-series-71-deluxe-autobot-dino\\\/\",\"url\":\"https:\\\/\\\/hobby4geek.com\\\/product\\\/transformers-studio-series-71-deluxe-autobot-dino\\\/\",\"name\":\"Transformers Studio Series - 71 Deluxe Autobot Dino\",\"isPartOf\":{\"@id\":\"https:\\\/\\\/hobby4geek.com\\\/#website\"},\"primaryImageOfPage\":{\"@id\":\"https:\\\/\\\/hobby4geek.com\\\/product\\\/transformers-studio-series-71-deluxe-autobot-dino\\\/#primaryimage\"},\"image\":{\"@id\":\"https:\\\/\\\/hobby4geek.com\\\/product\\\/transformers-studio-series-71-deluxe-autobot-dino\\\/#primaryimage\"},\"thumbnailUrl\":\"https:\\\/\\\/hobby4geek.com\\\/wp-content\\\/uploads\\\/2023\\\/02\\\/transformers-studio-series-71-deluxe-autobot-dino-2.jpg\",\"datePublished\":\"2020-12-05T03:13:23+00:00\",\"dateModified\":\"2024-05-12T11:54:58+00:00\",\"breadcrumb\":{\"@id\":\"https:\\\/\\\/hobby4geek.com\\\/product\\\/transformers-studio-series-71-deluxe-autobot-dino\\\/#breadcrumb\"},\"inLanguage\":\"es\",\"potentialAction\":[{\"@type\":\"ReadAction\",\"target\":[\"https:\\\/\\\/hobby4geek.com\\\/product\\\/transformers-studio-series-71-deluxe-autobot-dino\\\/\"]}]},{\"@type\":\"ImageObject\",\"inLanguage\":\"es\",\"@id\":\"https:\\\/\\\/hobby4geek.com\\\/product\\\/transformers-studio-series-71-deluxe-autobot-dino\\\/#primaryimage\",\"url\":\"https:\\\/\\\/hobby4geek.com\\\/wp-content\\\/uploads\\\/2023\\\/02\\\/transformers-studio-series-71-deluxe-autobot-dino-2.jpg\",\"contentUrl\":\"https:\\\/\\\/hobby4geek.com\\\/wp-content\\\/uploads\\\/2023\\\/02\\\/transformers-studio-series-71-deluxe-autobot-dino-2.jpg\",\"width\":1315,\"height\":1500,\"caption\":\"Transformers Studio Series 71 Deluxe Autobot Dino 2\"},{\"@type\":\"BreadcrumbList\",\"@id\":\"https:\\\/\\\/hobby4geek.com\\\/product\\\/transformers-studio-series-71-deluxe-autobot-dino\\\/#breadcrumb\",\"itemListElement\":[{\"@type\":\"ListItem\",\"position\":1,\"name\":\"Home\",\"item\":\"https:\\\/\\\/hobby4geek.com\\\/\"},{\"@type\":\"ListItem\",\"position\":2,\"name\":\"Shop\",\"item\":\"https:\\\/\\\/hobby4geek.com\\\/shop\\\/\"},{\"@type\":\"ListItem\",\"position\":3,\"name\":\"Transformers Studio Series &#8211; 71 Deluxe Autobot Dino\"}]},{\"@type\":\"WebSite\",\"@id\":\"https:\\\/\\\/hobby4geek.com\\\/#website\",\"url\":\"https:\\\/\\\/hobby4geek.com\\\/\",\"name\":\"Hobby4Geek\",\"description\":\"Collect, Play &amp; Showcase, Embrace your Geekiness\",\"publisher\":{\"@id\":\"https:\\\/\\\/hobby4geek.com\\\/#organization\"},\"potentialAction\":[{\"@type\":\"SearchAction\",\"target\":{\"@type\":\"EntryPoint\",\"urlTemplate\":\"https:\\\/\\\/hobby4geek.com\\\/?s={search_term_string}\"},\"query-input\":{\"@type\":\"PropertyValueSpecification\",\"valueRequired\":true,\"valueName\":\"search_term_string\"}}],\"inLanguage\":\"es\"},{\"@type\":\"Organization\",\"@id\":\"https:\\\/\\\/hobby4geek.com\\\/#organization\",\"name\":\"Hobby4Geek\",\"url\":\"https:\\\/\\\/hobby4geek.com\\\/\",\"logo\":{\"@type\":\"ImageObject\",\"inLanguage\":\"es\",\"@id\":\"https:\\\/\\\/hobby4geek.com\\\/#\\\/schema\\\/logo\\\/image\\\/\",\"url\":\"https:\\\/\\\/hobby4geek.com\\\/wp-content\\\/uploads\\\/2023\\\/02\\\/default-kit.png\",\"contentUrl\":\"https:\\\/\\\/hobby4geek.com\\\/wp-content\\\/uploads\\\/2023\\\/02\\\/default-kit.png\",\"width\":600,\"height\":600,\"caption\":\"Hobby4Geek\"},\"image\":{\"@id\":\"https:\\\/\\\/hobby4geek.com\\\/#\\\/schema\\\/logo\\\/image\\\/\"},\"sameAs\":[\"https:\\\/\\\/www.facebook.com\\\/hobby4geek\",\"https:\\\/\\\/x.com\\\/hobby4geek\",\"https:\\\/\\\/www.instagram.com\\\/hobby4geek\\\/\"]}]}<\/script>\n<meta property=\"product:brand\" content=\"Hasbro\" \/>\n<meta property=\"product:price:amount\" content=\"32.00\" \/>\n<meta property=\"product:price:currency\" content=\"EUR\" \/>\n<meta property=\"og:availability\" content=\"out of stock\" \/>\n<meta property=\"product:availability\" content=\"out of stock\" \/>\n<meta property=\"product:condition\" content=\"new\" \/>\n<!-- \/ Yoast SEO Premium plugin. -->","yoast_head_json":{"title":"Transformers Studio Series - 71 Autobot de lujo Dino","robots":{"index":"index","follow":"follow","max-snippet":"max-snippet:-1","max-image-preview":"max-image-preview:large","max-video-preview":"max-video-preview:-1"},"canonical":"https:\/\/hobby4geek.com\/es\/producto\/transformers-studio-series-71-deluxe-autobot-dino\/","og_locale":"es_ES","og_type":"article","og_title":"Transformers Studio Series - 71 Deluxe Autobot Dino","og_description":"4.50 inches (11.43cm)  In plastic  Premium figure  Removable bottom inspired by an iconic scene from the Transformers: Dark of the Moon movie  2 Blades  Transformation in 27 steps.","og_url":"https:\/\/hobby4geek.com\/es\/producto\/transformers-studio-series-71-deluxe-autobot-dino\/","og_site_name":"Hobby4Geek","article_publisher":"https:\/\/www.facebook.com\/hobby4geek","article_modified_time":"2024-05-12T11:54:58+00:00","og_image":[{"width":1315,"height":1500,"url":"https:\/\/hobby4geek.com\/wp-content\/uploads\/2023\/02\/transformers-studio-series-71-deluxe-autobot-dino-2.jpg","type":"image\/jpeg"}],"twitter_card":"summary_large_image","twitter_site":"@hobby4geek","schema":{"@context":"https:\/\/schema.org","@graph":[{"@type":"WebPage","@id":"https:\/\/hobby4geek.com\/product\/transformers-studio-series-71-deluxe-autobot-dino\/","url":"https:\/\/hobby4geek.com\/product\/transformers-studio-series-71-deluxe-autobot-dino\/","name":"Transformers Studio Series - 71 Autobot de lujo Dino","isPartOf":{"@id":"https:\/\/hobby4geek.com\/#website"},"primaryImageOfPage":{"@id":"https:\/\/hobby4geek.com\/product\/transformers-studio-series-71-deluxe-autobot-dino\/#primaryimage"},"image":{"@id":"https:\/\/hobby4geek.com\/product\/transformers-studio-series-71-deluxe-autobot-dino\/#primaryimage"},"thumbnailUrl":"https:\/\/hobby4geek.com\/wp-content\/uploads\/2023\/02\/transformers-studio-series-71-deluxe-autobot-dino-2.jpg","datePublished":"2020-12-05T03:13:23+00:00","dateModified":"2024-05-12T11:54:58+00:00","breadcrumb":{"@id":"https:\/\/hobby4geek.com\/product\/transformers-studio-series-71-deluxe-autobot-dino\/#breadcrumb"},"inLanguage":"es","potentialAction":[{"@type":"ReadAction","target":["https:\/\/hobby4geek.com\/product\/transformers-studio-series-71-deluxe-autobot-dino\/"]}]},{"@type":"ImageObject","inLanguage":"es","@id":"https:\/\/hobby4geek.com\/product\/transformers-studio-series-71-deluxe-autobot-dino\/#primaryimage","url":"https:\/\/hobby4geek.com\/wp-content\/uploads\/2023\/02\/transformers-studio-series-71-deluxe-autobot-dino-2.jpg","contentUrl":"https:\/\/hobby4geek.com\/wp-content\/uploads\/2023\/02\/transformers-studio-series-71-deluxe-autobot-dino-2.jpg","width":1315,"height":1500,"caption":"Transformers Studio Series 71 Deluxe Autobot Dino 2"},{"@type":"BreadcrumbList","@id":"https:\/\/hobby4geek.com\/product\/transformers-studio-series-71-deluxe-autobot-dino\/#breadcrumb","itemListElement":[{"@type":"ListItem","position":1,"name":"Home","item":"https:\/\/hobby4geek.com\/"},{"@type":"ListItem","position":2,"name":"Shop","item":"https:\/\/hobby4geek.com\/shop\/"},{"@type":"ListItem","position":3,"name":"Transformers Studio Series &#8211; 71 Deluxe Autobot Dino"}]},{"@type":"WebSite","@id":"https:\/\/hobby4geek.com\/#website","url":"https:\/\/hobby4geek.com\/","name":"Hobby4Geek","description":"Coleccionar, jugar y exhibir, abrazar su frikismo","publisher":{"@id":"https:\/\/hobby4geek.com\/#organization"},"potentialAction":[{"@type":"SearchAction","target":{"@type":"EntryPoint","urlTemplate":"https:\/\/hobby4geek.com\/?s={search_term_string}"},"query-input":{"@type":"PropertyValueSpecification","valueRequired":true,"valueName":"search_term_string"}}],"inLanguage":"es"},{"@type":"Organization","@id":"https:\/\/hobby4geek.com\/#organization","name":"Hobby4Geek","url":"https:\/\/hobby4geek.com\/","logo":{"@type":"ImageObject","inLanguage":"es","@id":"https:\/\/hobby4geek.com\/#\/schema\/logo\/image\/","url":"https:\/\/hobby4geek.com\/wp-content\/uploads\/2023\/02\/default-kit.png","contentUrl":"https:\/\/hobby4geek.com\/wp-content\/uploads\/2023\/02\/default-kit.png","width":600,"height":600,"caption":"Hobby4Geek"},"image":{"@id":"https:\/\/hobby4geek.com\/#\/schema\/logo\/image\/"},"sameAs":["https:\/\/www.facebook.com\/hobby4geek","https:\/\/x.com\/hobby4geek","https:\/\/www.instagram.com\/hobby4geek\/"]}]},"product_brand":"Hasbro","product_price_amount":"32.00","product_price_currency":"EUR","og_availability":"out of stock","product_availability":"out of stock","product_condition":"new"},"_links":{"self":[{"href":"https:\/\/hobby4geek.com\/es\/wp-json\/wp\/v2\/product\/143030","targetHints":{"allow":["GET"]}}],"collection":[{"href":"https:\/\/hobby4geek.com\/es\/wp-json\/wp\/v2\/product"}],"about":[{"href":"https:\/\/hobby4geek.com\/es\/wp-json\/wp\/v2\/types\/product"}],"replies":[{"embeddable":true,"href":"https:\/\/hobby4geek.com\/es\/wp-json\/wp\/v2\/comments?post=143030"}],"version-history":[{"count":0,"href":"https:\/\/hobby4geek.com\/es\/wp-json\/wp\/v2\/product\/143030\/revisions"}],"wp:featuredmedia":[{"embeddable":true,"href":"https:\/\/hobby4geek.com\/es\/wp-json\/wp\/v2\/media\/181038"}],"wp:attachment":[{"href":"https:\/\/hobby4geek.com\/es\/wp-json\/wp\/v2\/media?parent=143030"}],"wp:term":[{"taxonomy":"product_brand","embeddable":true,"href":"https:\/\/hobby4geek.com\/es\/wp-json\/wp\/v2\/product_brand?post=143030"},{"taxonomy":"product_cat","embeddable":true,"href":"https:\/\/hobby4geek.com\/es\/wp-json\/wp\/v2\/product_cat?post=143030"},{"taxonomy":"product_tag","embeddable":true,"href":"https:\/\/hobby4geek.com\/es\/wp-json\/wp\/v2\/product_tag?post=143030"},{"taxonomy":"giftcard-category","embeddable":true,"href":"https:\/\/hobby4geek.com\/es\/wp-json\/wp\/v2\/giftcard-category?post=143030"}],"curies":[{"name":"wp","href":"https:\/\/api.w.org\/{rel}","templated":true}]}}