{"id":142021,"date":"2020-12-15T16:51:26","date_gmt":"2020-12-15T15:51:26","guid":{"rendered":"https:\/\/hobby4geek.com\/?post_type=product&#038;p=142021"},"modified":"2024-05-12T13:17:17","modified_gmt":"2024-05-12T12:17:17","slug":"tfc-toys-chengdu-j-20-black-flash-lumitent","status":"publish","type":"product","link":"https:\/\/hobby4geek.com\/es\/producto\/tfc-toys-chengdu-j-20-black-flash-lumitent\/","title":{"rendered":"TFC Toys - Chengdu J-20 Black Flash | \u6b7c-20 \u9ed1\u95ea LUMITENT"},"content":{"rendered":"<p>\u00a1El modelo Variable Fighter llamado \"Black Flash\" fue desarrollado bajo la direcci\u00f3n de \u822a\u7a7a\u5de5\u4e1a China Aviation Industry Cultural Center, producido conjuntamente por Shenji Industry &amp; Contact Youpin, especialmente dise\u00f1ado por TFC TOYS, restaura perfectamente la poderosa postura del caza \"J-20\" \"!<\/p>\n<p>Es la primera vez que los Army Fighters activos aparecen como productos mec\u00e1nicos totalmente deformados.<\/p>\n<p>\u00a1Cuerpo totalmente pintado, un gran n\u00famero de materiales de aleaci\u00f3n, la forma de la Fighter es de 25 cm de largo, con armas exclusivas y montajes variables!<\/p>\n<p>Los productos se dividen en dos tipos: mercanc\u00eda general y exposici\u00f3n a\u00e9rea limitada. \u00a1El c\u00f3mic \"No Sky 2035\" con este modelo como protagonista tambi\u00e9n se actualiza en exclusiva en bilibili comics!<\/p>\n<p>Aficionados al ej\u00e9rcito, aficionados a las maquetas, aficionados a los juguetes deformables, \u00a1prestad atenci\u00f3n! \u00a1La foto es una foto real del prototipo inicial, y el progreso de seguimiento se actualizar\u00e1 de vez en cuando! La fecha de venta de la edici\u00f3n general: finales de 2020 La fecha de lanzamiento de la edici\u00f3n limitada airshow: Noviembre de 2020 (solo disponible en el sitio web de Zhuhai Airshow).<\/p>\n<p>El manga en chino puede leerse aqu\u00ed:<\/p>\n<p><i> <\/i><i><a class=\"externalLink\" href=\"https:\/\/manga.bilibili.com\/mc27428\/451431?from=manga_detail\" target=\"_blank\" rel=\"nofollow noopener noreferrer\">Manga Online Watch-Bilibili Comics<\/a><\/i><\/p>\n<ul>\n<li>25 cm de largo<\/li>\n<li>Se transforma de robot a avi\u00f3n de combate<\/li>\n<li>Incluye arma y accesorio<\/li>\n<\/ul>","protected":false},"excerpt":{"rendered":"<ul>\n<li>25 cm de largo<\/li>\n<li>Se transforma de robot a avi\u00f3n de combate<\/li>\n<li>Incluye arma y accesorio<\/li>\n<\/ul>","protected":false},"featured_media":180796,"comment_status":"open","ping_status":"closed","template":"","meta":{"inline_featured_image":false},"product_brand":[],"product_cat":[171,132],"product_tag":[1759,1144,1145,1146,1147,1148,1149,1150,1975,1151,1152,1153],"giftcard-category":[],"class_list":{"0":"post-142021","1":"product","2":"type-product","3":"status-publish","4":"has-post-thumbnail","6":"product_cat-scifigure-industry","7":"product_cat-tfc-toys","8":"product_tag-action-toys","9":"product_tag-black-flash","10":"product_tag-chengdu","11":"product_tag-j-20","12":"product_tag-lumitent","13":"product_tag-mighty-dragon","14":"product_tag-scifigure-industry","15":"product_tag-tfc-toys","16":"product_tag-toys-figures","17":"product_tag-variable-fighter","18":"product_tag-1152","19":"product_tag-1153","20":"product_shipping_class-from-china","21":"inventories-china-inventory","23":"first","24":"instock","25":"taxable","26":"shipping-taxable","27":"purchasable","28":"product-type-simple","29":"add-to-wishlist-after_add_to_cart"},"yoast_head":"<!-- This site is optimized with the Yoast SEO Premium plugin v25.3.1 (Yoast SEO v27.2) - https:\/\/yoast.com\/product\/yoast-seo-premium-wordpress\/ -->\n<title>TFC Toys - Chengdu J-20 Black Flash | \u6b7c-20 \u9ed1\u95ea LUMITENT<\/title>\n<meta name=\"robots\" content=\"index, follow, max-snippet:-1, max-image-preview:large, max-video-preview:-1\" \/>\n<link rel=\"canonical\" href=\"https:\/\/hobby4geek.com\/es\/producto\/tfc-toys-chengdu-j-20-black-flash-lumitent\/\" \/>\n<meta property=\"og:locale\" content=\"es_ES\" \/>\n<meta property=\"og:type\" content=\"article\" \/>\n<meta property=\"og:title\" content=\"TFC Toys - Chengdu J-20 Black Flash | \u6b7c-20 \u9ed1\u95ea LUMITENT\" \/>\n<meta property=\"og:description\" content=\"25cm long  Transforms from robot to fighter plane  Includes weapon and accessory\" \/>\n<meta property=\"og:url\" content=\"https:\/\/hobby4geek.com\/es\/producto\/tfc-toys-chengdu-j-20-black-flash-lumitent\/\" \/>\n<meta property=\"og:site_name\" content=\"Hobby4Geek\" \/>\n<meta property=\"article:publisher\" content=\"https:\/\/www.facebook.com\/hobby4geek\" \/>\n<meta property=\"article:modified_time\" content=\"2024-05-12T12:17:17+00:00\" \/>\n<meta property=\"og:image\" content=\"https:\/\/hobby4geek.com\/wp-content\/uploads\/2023\/02\/tfc-toys-chengdu-j-20-black-flash-\u6b7c-20-\u9ed1\u95ea-lumitent.jpg\" \/>\n\t<meta property=\"og:image:width\" content=\"1000\" \/>\n\t<meta property=\"og:image:height\" content=\"667\" \/>\n\t<meta property=\"og:image:type\" content=\"image\/jpeg\" \/>\n<meta name=\"twitter:card\" content=\"summary_large_image\" \/>\n<meta name=\"twitter:site\" content=\"@hobby4geek\" \/>\n<script type=\"application\/ld+json\" class=\"yoast-schema-graph\">{\"@context\":\"https:\/\/schema.org\",\"@graph\":[{\"@type\":\"WebPage\",\"@id\":\"https:\/\/hobby4geek.com\/product\/tfc-toys-chengdu-j-20-black-flash-lumitent\/\",\"url\":\"https:\/\/hobby4geek.com\/product\/tfc-toys-chengdu-j-20-black-flash-lumitent\/\",\"name\":\"TFC Toys - Chengdu J-20 Black Flash | \u6b7c-20 \u9ed1\u95ea LUMITENT\",\"isPartOf\":{\"@id\":\"https:\/\/hobby4geek.com\/#website\"},\"primaryImageOfPage\":{\"@id\":\"https:\/\/hobby4geek.com\/product\/tfc-toys-chengdu-j-20-black-flash-lumitent\/#primaryimage\"},\"image\":{\"@id\":\"https:\/\/hobby4geek.com\/product\/tfc-toys-chengdu-j-20-black-flash-lumitent\/#primaryimage\"},\"thumbnailUrl\":\"https:\/\/hobby4geek.com\/wp-content\/uploads\/2023\/02\/tfc-toys-chengdu-j-20-black-flash-\u6b7c-20-\u9ed1\u95ea-lumitent.jpg\",\"datePublished\":\"2020-12-15T15:51:26+00:00\",\"dateModified\":\"2024-05-12T12:17:17+00:00\",\"breadcrumb\":{\"@id\":\"https:\/\/hobby4geek.com\/product\/tfc-toys-chengdu-j-20-black-flash-lumitent\/#breadcrumb\"},\"inLanguage\":\"es\",\"potentialAction\":[{\"@type\":\"ReadAction\",\"target\":[\"https:\/\/hobby4geek.com\/product\/tfc-toys-chengdu-j-20-black-flash-lumitent\/\"]}]},{\"@type\":\"ImageObject\",\"inLanguage\":\"es\",\"@id\":\"https:\/\/hobby4geek.com\/product\/tfc-toys-chengdu-j-20-black-flash-lumitent\/#primaryimage\",\"url\":\"https:\/\/hobby4geek.com\/wp-content\/uploads\/2023\/02\/tfc-toys-chengdu-j-20-black-flash-\u6b7c-20-\u9ed1\u95ea-lumitent.jpg\",\"contentUrl\":\"https:\/\/hobby4geek.com\/wp-content\/uploads\/2023\/02\/tfc-toys-chengdu-j-20-black-flash-\u6b7c-20-\u9ed1\u95ea-lumitent.jpg\",\"width\":1000,\"height\":667,\"caption\":\"0089vhguly1gilcinga1qj30rs0ijtlu\"},{\"@type\":\"BreadcrumbList\",\"@id\":\"https:\/\/hobby4geek.com\/product\/tfc-toys-chengdu-j-20-black-flash-lumitent\/#breadcrumb\",\"itemListElement\":[{\"@type\":\"ListItem\",\"position\":1,\"name\":\"Home\",\"item\":\"https:\/\/hobby4geek.com\/\"},{\"@type\":\"ListItem\",\"position\":2,\"name\":\"Shop\",\"item\":\"https:\/\/hobby4geek.com\/shop\/\"},{\"@type\":\"ListItem\",\"position\":3,\"name\":\"TFC Toys &#8211; Chengdu J-20 Black Flash | \u6b7c-20 \u9ed1\u95ea LUMITENT\"}]},{\"@type\":\"WebSite\",\"@id\":\"https:\/\/hobby4geek.com\/#website\",\"url\":\"https:\/\/hobby4geek.com\/\",\"name\":\"Hobby4Geek\",\"description\":\"Collect, Play &amp; Showcase, Embrace your Geekiness\",\"publisher\":{\"@id\":\"https:\/\/hobby4geek.com\/#organization\"},\"potentialAction\":[{\"@type\":\"SearchAction\",\"target\":{\"@type\":\"EntryPoint\",\"urlTemplate\":\"https:\/\/hobby4geek.com\/?s={search_term_string}\"},\"query-input\":{\"@type\":\"PropertyValueSpecification\",\"valueRequired\":true,\"valueName\":\"search_term_string\"}}],\"inLanguage\":\"es\"},{\"@type\":\"Organization\",\"@id\":\"https:\/\/hobby4geek.com\/#organization\",\"name\":\"Hobby4Geek\",\"url\":\"https:\/\/hobby4geek.com\/\",\"logo\":{\"@type\":\"ImageObject\",\"inLanguage\":\"es\",\"@id\":\"https:\/\/hobby4geek.com\/#\/schema\/logo\/image\/\",\"url\":\"https:\/\/hobby4geek.com\/wp-content\/uploads\/2023\/02\/default-kit.png\",\"contentUrl\":\"https:\/\/hobby4geek.com\/wp-content\/uploads\/2023\/02\/default-kit.png\",\"width\":600,\"height\":600,\"caption\":\"Hobby4Geek\"},\"image\":{\"@id\":\"https:\/\/hobby4geek.com\/#\/schema\/logo\/image\/\"},\"sameAs\":[\"https:\/\/www.facebook.com\/hobby4geek\",\"https:\/\/x.com\/hobby4geek\",\"https:\/\/www.instagram.com\/hobby4geek\/\"]}]}<\/script>\n<meta property=\"product:brand\" content=\"Scifigure Industry\" \/>\n<meta property=\"product:price:amount\" content=\"294.00\" \/>\n<meta property=\"product:price:currency\" content=\"EUR\" \/>\n<meta property=\"og:availability\" content=\"instock\" \/>\n<meta property=\"product:availability\" content=\"instock\" \/>\n<meta property=\"product:condition\" content=\"new\" \/>\n<!-- \/ Yoast SEO Premium plugin. -->","yoast_head_json":{"title":"TFC Toys - Chengdu J-20 Black Flash | \u6b7c-20 \u9ed1\u95ea LUMITENT","robots":{"index":"index","follow":"follow","max-snippet":"max-snippet:-1","max-image-preview":"max-image-preview:large","max-video-preview":"max-video-preview:-1"},"canonical":"https:\/\/hobby4geek.com\/es\/producto\/tfc-toys-chengdu-j-20-black-flash-lumitent\/","og_locale":"es_ES","og_type":"article","og_title":"TFC Toys - Chengdu J-20 Black Flash | \u6b7c-20 \u9ed1\u95ea LUMITENT","og_description":"25cm long  Transforms from robot to fighter plane  Includes weapon and accessory","og_url":"https:\/\/hobby4geek.com\/es\/producto\/tfc-toys-chengdu-j-20-black-flash-lumitent\/","og_site_name":"Hobby4Geek","article_publisher":"https:\/\/www.facebook.com\/hobby4geek","article_modified_time":"2024-05-12T12:17:17+00:00","og_image":[{"width":1000,"height":667,"url":"https:\/\/hobby4geek.com\/wp-content\/uploads\/2023\/02\/tfc-toys-chengdu-j-20-black-flash-\u6b7c-20-\u9ed1\u95ea-lumitent.jpg","type":"image\/jpeg"}],"twitter_card":"summary_large_image","twitter_site":"@hobby4geek","schema":{"@context":"https:\/\/schema.org","@graph":[{"@type":"WebPage","@id":"https:\/\/hobby4geek.com\/product\/tfc-toys-chengdu-j-20-black-flash-lumitent\/","url":"https:\/\/hobby4geek.com\/product\/tfc-toys-chengdu-j-20-black-flash-lumitent\/","name":"TFC Toys - Chengdu J-20 Black Flash | \u6b7c-20 \u9ed1\u95ea LUMITENT","isPartOf":{"@id":"https:\/\/hobby4geek.com\/#website"},"primaryImageOfPage":{"@id":"https:\/\/hobby4geek.com\/product\/tfc-toys-chengdu-j-20-black-flash-lumitent\/#primaryimage"},"image":{"@id":"https:\/\/hobby4geek.com\/product\/tfc-toys-chengdu-j-20-black-flash-lumitent\/#primaryimage"},"thumbnailUrl":"https:\/\/hobby4geek.com\/wp-content\/uploads\/2023\/02\/tfc-toys-chengdu-j-20-black-flash-\u6b7c-20-\u9ed1\u95ea-lumitent.jpg","datePublished":"2020-12-15T15:51:26+00:00","dateModified":"2024-05-12T12:17:17+00:00","breadcrumb":{"@id":"https:\/\/hobby4geek.com\/product\/tfc-toys-chengdu-j-20-black-flash-lumitent\/#breadcrumb"},"inLanguage":"es","potentialAction":[{"@type":"ReadAction","target":["https:\/\/hobby4geek.com\/product\/tfc-toys-chengdu-j-20-black-flash-lumitent\/"]}]},{"@type":"ImageObject","inLanguage":"es","@id":"https:\/\/hobby4geek.com\/product\/tfc-toys-chengdu-j-20-black-flash-lumitent\/#primaryimage","url":"https:\/\/hobby4geek.com\/wp-content\/uploads\/2023\/02\/tfc-toys-chengdu-j-20-black-flash-\u6b7c-20-\u9ed1\u95ea-lumitent.jpg","contentUrl":"https:\/\/hobby4geek.com\/wp-content\/uploads\/2023\/02\/tfc-toys-chengdu-j-20-black-flash-\u6b7c-20-\u9ed1\u95ea-lumitent.jpg","width":1000,"height":667,"caption":"0089vhguly1gilcinga1qj30rs0ijtlu"},{"@type":"BreadcrumbList","@id":"https:\/\/hobby4geek.com\/product\/tfc-toys-chengdu-j-20-black-flash-lumitent\/#breadcrumb","itemListElement":[{"@type":"ListItem","position":1,"name":"Home","item":"https:\/\/hobby4geek.com\/"},{"@type":"ListItem","position":2,"name":"Shop","item":"https:\/\/hobby4geek.com\/shop\/"},{"@type":"ListItem","position":3,"name":"TFC Toys &#8211; Chengdu J-20 Black Flash | \u6b7c-20 \u9ed1\u95ea LUMITENT"}]},{"@type":"WebSite","@id":"https:\/\/hobby4geek.com\/#website","url":"https:\/\/hobby4geek.com\/","name":"Hobby4Geek","description":"Coleccionar, jugar y exhibir, abrazar su frikismo","publisher":{"@id":"https:\/\/hobby4geek.com\/#organization"},"potentialAction":[{"@type":"SearchAction","target":{"@type":"EntryPoint","urlTemplate":"https:\/\/hobby4geek.com\/?s={search_term_string}"},"query-input":{"@type":"PropertyValueSpecification","valueRequired":true,"valueName":"search_term_string"}}],"inLanguage":"es"},{"@type":"Organization","@id":"https:\/\/hobby4geek.com\/#organization","name":"Hobby4Geek","url":"https:\/\/hobby4geek.com\/","logo":{"@type":"ImageObject","inLanguage":"es","@id":"https:\/\/hobby4geek.com\/#\/schema\/logo\/image\/","url":"https:\/\/hobby4geek.com\/wp-content\/uploads\/2023\/02\/default-kit.png","contentUrl":"https:\/\/hobby4geek.com\/wp-content\/uploads\/2023\/02\/default-kit.png","width":600,"height":600,"caption":"Hobby4Geek"},"image":{"@id":"https:\/\/hobby4geek.com\/#\/schema\/logo\/image\/"},"sameAs":["https:\/\/www.facebook.com\/hobby4geek","https:\/\/x.com\/hobby4geek","https:\/\/www.instagram.com\/hobby4geek\/"]}]},"product_brand":"Scifigure Industry","product_price_amount":"294.00","product_price_currency":"EUR","og_availability":"instock","product_availability":"instock","product_condition":"new"},"_links":{"self":[{"href":"https:\/\/hobby4geek.com\/es\/wp-json\/wp\/v2\/product\/142021","targetHints":{"allow":["GET"]}}],"collection":[{"href":"https:\/\/hobby4geek.com\/es\/wp-json\/wp\/v2\/product"}],"about":[{"href":"https:\/\/hobby4geek.com\/es\/wp-json\/wp\/v2\/types\/product"}],"replies":[{"embeddable":true,"href":"https:\/\/hobby4geek.com\/es\/wp-json\/wp\/v2\/comments?post=142021"}],"version-history":[{"count":0,"href":"https:\/\/hobby4geek.com\/es\/wp-json\/wp\/v2\/product\/142021\/revisions"}],"wp:featuredmedia":[{"embeddable":true,"href":"https:\/\/hobby4geek.com\/es\/wp-json\/wp\/v2\/media\/180796"}],"wp:attachment":[{"href":"https:\/\/hobby4geek.com\/es\/wp-json\/wp\/v2\/media?parent=142021"}],"wp:term":[{"taxonomy":"product_brand","embeddable":true,"href":"https:\/\/hobby4geek.com\/es\/wp-json\/wp\/v2\/product_brand?post=142021"},{"taxonomy":"product_cat","embeddable":true,"href":"https:\/\/hobby4geek.com\/es\/wp-json\/wp\/v2\/product_cat?post=142021"},{"taxonomy":"product_tag","embeddable":true,"href":"https:\/\/hobby4geek.com\/es\/wp-json\/wp\/v2\/product_tag?post=142021"},{"taxonomy":"giftcard-category","embeddable":true,"href":"https:\/\/hobby4geek.com\/es\/wp-json\/wp\/v2\/giftcard-category?post=142021"}],"curies":[{"name":"wp","href":"https:\/\/api.w.org\/{rel}","templated":true}]}}