{"id":140099,"date":"2020-06-13T17:28:53","date_gmt":"2020-06-13T17:28:53","guid":{"rendered":"https:\/\/hobby4geek.com\/?post_type=product&#038;p=140099"},"modified":"2024-05-12T12:58:43","modified_gmt":"2024-05-12T11:58:43","slug":"transformers-earthrise-wfc-e11-leader-optimus-prime-remorque","status":"publish","type":"product","link":"https:\/\/hobby4geek.com\/es\/producto\/transformers-earthrise-wfc-e11-leader-optimus-prime-remorque\/","title":{"rendered":"Transformers Earthrise : WFC-E11 l\u00edder Optimus Prime + Remorque"},"content":{"rendered":"<p>El asedio ha terminado, pero la guerra por Cybertron no ha hecho m\u00e1s que empezar. Los Autobots y los Decepticons han abandonado Cybertron, pero su batalla contin\u00faa mientras corren por el espacio en busca de la Chispa Suprema. Con peligros imprevistos acechando y los Decepticons acerc\u00e1ndose por detr\u00e1s, la \u00fanica salida para los Autobots es encontrar una salida. Ambos bandos deben sortear los peligros del espacio y adaptarse al instante para luchar en cualquier lugar del cosmos.<\/p>\n<p>Con el avanzado sistema de enclavamiento AIR (Adaptable Interconnection Retrofitter), los cazas no se dirigen al campo de batalla, sino que se convierten en \u00e9l. Los robots capaces de convertirse en estaciones de combate modulares pueden unirse mediante AIR-Lock en configuraciones personalizadas para satisfacer las necesidades de la batalla.<\/p>\n<p>Mientras la batalla se libra en el espacio, el \u00e9xito depende de qui\u00e9n se adapte mejor al campo de batalla. Pero no s\u00f3lo el campo de batalla exige adaptabilidad. Las lealtades pueden cambiar con la misma rapidez, con una nueva facci\u00f3n de Mercenarios introducida en el mundo de Amanecer de la Tierra junto a los Autobots y los Decepticons.<\/p>\n<p><strong>PRODUCTO Caracter\u00edsticas del producto:<\/strong><\/p>\n<ul>\n<li>Escala : primera clase<\/li>\n<li>Tama\u00f1o del juguete : 7 pulgadas<\/li>\n<li>Las figuras de Earthrise permiten a los aficionados construir \u00e9picas batallas espaciales<\/li>\n<li>Las figuras pueden conectarse para ampliar el campo de batalla<\/li>\n<li>Optimus Prime puede convertirse al modo Estaci\u00f3n de Batalla Modular<\/li>\n<li>Se convierte al modo de cami\u00f3n G1 cl\u00e1sico en 35 pasos y viene<\/li>\n<li>En pl\u00e1stico<\/li>\n<li>El producto es nuevo y est\u00e1 en perfecto estado.<\/li>\n<\/ul>","protected":false},"excerpt":{"rendered":"<p><strong>PRODUCTO Caracter\u00edsticas del producto:<\/strong><\/p>\n<ul>\n<li>Escala : primera clase<\/li>\n<li>Tama\u00f1o del juguete : 7 pulgadas<\/li>\n<li>Las figuras de Earthrise permiten a los aficionados construir \u00e9picas batallas espaciales<\/li>\n<li>Las figuras pueden conectarse para ampliar el campo de batalla<\/li>\n<li>Optimus Prime puede convertirse al modo Estaci\u00f3n de Batalla Modular<\/li>\n<li>Se convierte al modo de cami\u00f3n G1 cl\u00e1sico en 35 pasos y viene<\/li>\n<li>En pl\u00e1stico<\/li>\n<li>El producto es nuevo y est\u00e1 en perfecto estado.<\/li>\n<\/ul>","protected":false},"featured_media":180344,"comment_status":"open","ping_status":"closed","template":"","meta":{"inline_featured_image":false},"product_brand":[],"product_cat":[1955,68,69],"product_tag":[1759,199,1003,253,234,1975,996,997,1004],"giftcard-category":[],"class_list":{"0":"post-140099","1":"product","2":"type-product","3":"status-publish","4":"has-post-thumbnail","6":"product_cat-transformers","7":"product_cat-hasbro","8":"product_cat-takara-tomy","9":"product_tag-action-toys","10":"product_tag-autobot","11":"product_tag-e11","12":"product_tag-leader","13":"product_tag-optimus-prime","14":"product_tag-toys-figures","15":"product_tag-transformers-generations-war-for-cybertron","16":"product_tag-wfc","17":"product_tag-wfc-e11","18":"product_shipping_class-from-china","19":"inventories-china-inventory","21":"first","22":"outofstock","23":"taxable","24":"shipping-taxable","25":"purchasable","26":"product-type-simple","27":"add-to-wishlist-after_add_to_cart"},"yoast_head":"<!-- This site is optimized with the Yoast SEO Premium plugin v25.3.1 (Yoast SEO v27.2) - https:\/\/yoast.com\/product\/yoast-seo-premium-wordpress\/ -->\n<title>Transformers Earthrise : WFC-E11 leader Optimus Prime + Remorque<\/title>\n<meta name=\"robots\" content=\"index, follow, max-snippet:-1, max-image-preview:large, max-video-preview:-1\" \/>\n<link rel=\"canonical\" href=\"https:\/\/hobby4geek.com\/es\/producto\/transformers-earthrise-wfc-e11-leader-optimus-prime-remorque\/\" \/>\n<meta property=\"og:locale\" content=\"es_ES\" \/>\n<meta property=\"og:type\" content=\"article\" \/>\n<meta property=\"og:title\" content=\"Transformers Earthrise : WFC-E11 leader Optimus Prime + Remorque\" \/>\n<meta property=\"og:description\" content=\"PRODUCT Product Features:   Scale : leading class  Toy size : 7 inches  Earthrise figures let fans build epic space battle scenes  Figures can connect to expand the battlefield  Optimus Prime can convert to Modular Battle Station mode  Converts to classic G1 truck mode in 35 steps and comes  In plastic  The product is new and in perfect condition.\" \/>\n<meta property=\"og:url\" content=\"https:\/\/hobby4geek.com\/es\/producto\/transformers-earthrise-wfc-e11-leader-optimus-prime-remorque\/\" \/>\n<meta property=\"og:site_name\" content=\"Hobby4Geek\" \/>\n<meta property=\"article:publisher\" content=\"https:\/\/www.facebook.com\/hobby4geek\" \/>\n<meta property=\"article:modified_time\" content=\"2024-05-12T11:58:43+00:00\" \/>\n<meta property=\"og:image\" content=\"https:\/\/hobby4geek.com\/wp-content\/uploads\/2023\/02\/transformers-earthrise-wfc-e11-leader-optimus-prime-remorque-5.jpg\" \/>\n\t<meta property=\"og:image:width\" content=\"640\" \/>\n\t<meta property=\"og:image:height\" content=\"640\" \/>\n\t<meta property=\"og:image:type\" content=\"image\/jpeg\" \/>\n<meta name=\"twitter:card\" content=\"summary_large_image\" \/>\n<meta name=\"twitter:site\" content=\"@hobby4geek\" \/>\n<script type=\"application\/ld+json\" class=\"yoast-schema-graph\">{\"@context\":\"https:\/\/schema.org\",\"@graph\":[{\"@type\":\"WebPage\",\"@id\":\"https:\/\/hobby4geek.com\/product\/transformers-earthrise-wfc-e11-leader-optimus-prime-remorque\/\",\"url\":\"https:\/\/hobby4geek.com\/product\/transformers-earthrise-wfc-e11-leader-optimus-prime-remorque\/\",\"name\":\"Transformers Earthrise : WFC-E11 leader Optimus Prime + Remorque\",\"isPartOf\":{\"@id\":\"https:\/\/hobby4geek.com\/#website\"},\"primaryImageOfPage\":{\"@id\":\"https:\/\/hobby4geek.com\/product\/transformers-earthrise-wfc-e11-leader-optimus-prime-remorque\/#primaryimage\"},\"image\":{\"@id\":\"https:\/\/hobby4geek.com\/product\/transformers-earthrise-wfc-e11-leader-optimus-prime-remorque\/#primaryimage\"},\"thumbnailUrl\":\"https:\/\/hobby4geek.com\/wp-content\/uploads\/2023\/02\/transformers-earthrise-wfc-e11-leader-optimus-prime-remorque-5.jpg\",\"datePublished\":\"2020-06-13T17:28:53+00:00\",\"dateModified\":\"2024-05-12T11:58:43+00:00\",\"breadcrumb\":{\"@id\":\"https:\/\/hobby4geek.com\/product\/transformers-earthrise-wfc-e11-leader-optimus-prime-remorque\/#breadcrumb\"},\"inLanguage\":\"es\",\"potentialAction\":[{\"@type\":\"ReadAction\",\"target\":[\"https:\/\/hobby4geek.com\/product\/transformers-earthrise-wfc-e11-leader-optimus-prime-remorque\/\"]}]},{\"@type\":\"ImageObject\",\"inLanguage\":\"es\",\"@id\":\"https:\/\/hobby4geek.com\/product\/transformers-earthrise-wfc-e11-leader-optimus-prime-remorque\/#primaryimage\",\"url\":\"https:\/\/hobby4geek.com\/wp-content\/uploads\/2023\/02\/transformers-earthrise-wfc-e11-leader-optimus-prime-remorque-5.jpg\",\"contentUrl\":\"https:\/\/hobby4geek.com\/wp-content\/uploads\/2023\/02\/transformers-earthrise-wfc-e11-leader-optimus-prime-remorque-5.jpg\",\"width\":640,\"height\":640},{\"@type\":\"BreadcrumbList\",\"@id\":\"https:\/\/hobby4geek.com\/product\/transformers-earthrise-wfc-e11-leader-optimus-prime-remorque\/#breadcrumb\",\"itemListElement\":[{\"@type\":\"ListItem\",\"position\":1,\"name\":\"Home\",\"item\":\"https:\/\/hobby4geek.com\/\"},{\"@type\":\"ListItem\",\"position\":2,\"name\":\"Shop\",\"item\":\"https:\/\/hobby4geek.com\/shop\/\"},{\"@type\":\"ListItem\",\"position\":3,\"name\":\"Transformers Earthrise : WFC-E11 leader Optimus Prime + Remorque\"}]},{\"@type\":\"WebSite\",\"@id\":\"https:\/\/hobby4geek.com\/#website\",\"url\":\"https:\/\/hobby4geek.com\/\",\"name\":\"Hobby4Geek\",\"description\":\"Collect, Play &amp; Showcase, Embrace your Geekiness\",\"publisher\":{\"@id\":\"https:\/\/hobby4geek.com\/#organization\"},\"potentialAction\":[{\"@type\":\"SearchAction\",\"target\":{\"@type\":\"EntryPoint\",\"urlTemplate\":\"https:\/\/hobby4geek.com\/?s={search_term_string}\"},\"query-input\":{\"@type\":\"PropertyValueSpecification\",\"valueRequired\":true,\"valueName\":\"search_term_string\"}}],\"inLanguage\":\"es\"},{\"@type\":\"Organization\",\"@id\":\"https:\/\/hobby4geek.com\/#organization\",\"name\":\"Hobby4Geek\",\"url\":\"https:\/\/hobby4geek.com\/\",\"logo\":{\"@type\":\"ImageObject\",\"inLanguage\":\"es\",\"@id\":\"https:\/\/hobby4geek.com\/#\/schema\/logo\/image\/\",\"url\":\"https:\/\/hobby4geek.com\/wp-content\/uploads\/2023\/02\/default-kit.png\",\"contentUrl\":\"https:\/\/hobby4geek.com\/wp-content\/uploads\/2023\/02\/default-kit.png\",\"width\":600,\"height\":600,\"caption\":\"Hobby4Geek\"},\"image\":{\"@id\":\"https:\/\/hobby4geek.com\/#\/schema\/logo\/image\/\"},\"sameAs\":[\"https:\/\/www.facebook.com\/hobby4geek\",\"https:\/\/x.com\/hobby4geek\",\"https:\/\/www.instagram.com\/hobby4geek\/\"]}]}<\/script>\n<meta property=\"product:brand\" content=\"Transformers\" \/>\n<meta property=\"product:price:amount\" content=\"98.00\" \/>\n<meta property=\"product:price:currency\" content=\"EUR\" \/>\n<meta property=\"og:availability\" content=\"out of stock\" \/>\n<meta property=\"product:availability\" content=\"out of stock\" \/>\n<meta property=\"product:condition\" content=\"new\" \/>\n<!-- \/ Yoast SEO Premium plugin. -->","yoast_head_json":{"title":"Transformers Earthrise : WFC-E11 l\u00edder Optimus Prime + Remorque","robots":{"index":"index","follow":"follow","max-snippet":"max-snippet:-1","max-image-preview":"max-image-preview:large","max-video-preview":"max-video-preview:-1"},"canonical":"https:\/\/hobby4geek.com\/es\/producto\/transformers-earthrise-wfc-e11-leader-optimus-prime-remorque\/","og_locale":"es_ES","og_type":"article","og_title":"Transformers Earthrise : WFC-E11 leader Optimus Prime + Remorque","og_description":"PRODUCT Product Features:   Scale : leading class  Toy size : 7 inches  Earthrise figures let fans build epic space battle scenes  Figures can connect to expand the battlefield  Optimus Prime can convert to Modular Battle Station mode  Converts to classic G1 truck mode in 35 steps and comes  In plastic  The product is new and in perfect condition.","og_url":"https:\/\/hobby4geek.com\/es\/producto\/transformers-earthrise-wfc-e11-leader-optimus-prime-remorque\/","og_site_name":"Hobby4Geek","article_publisher":"https:\/\/www.facebook.com\/hobby4geek","article_modified_time":"2024-05-12T11:58:43+00:00","og_image":[{"width":640,"height":640,"url":"https:\/\/hobby4geek.com\/wp-content\/uploads\/2023\/02\/transformers-earthrise-wfc-e11-leader-optimus-prime-remorque-5.jpg","type":"image\/jpeg"}],"twitter_card":"summary_large_image","twitter_site":"@hobby4geek","schema":{"@context":"https:\/\/schema.org","@graph":[{"@type":"WebPage","@id":"https:\/\/hobby4geek.com\/product\/transformers-earthrise-wfc-e11-leader-optimus-prime-remorque\/","url":"https:\/\/hobby4geek.com\/product\/transformers-earthrise-wfc-e11-leader-optimus-prime-remorque\/","name":"Transformers Earthrise : WFC-E11 l\u00edder Optimus Prime + Remorque","isPartOf":{"@id":"https:\/\/hobby4geek.com\/#website"},"primaryImageOfPage":{"@id":"https:\/\/hobby4geek.com\/product\/transformers-earthrise-wfc-e11-leader-optimus-prime-remorque\/#primaryimage"},"image":{"@id":"https:\/\/hobby4geek.com\/product\/transformers-earthrise-wfc-e11-leader-optimus-prime-remorque\/#primaryimage"},"thumbnailUrl":"https:\/\/hobby4geek.com\/wp-content\/uploads\/2023\/02\/transformers-earthrise-wfc-e11-leader-optimus-prime-remorque-5.jpg","datePublished":"2020-06-13T17:28:53+00:00","dateModified":"2024-05-12T11:58:43+00:00","breadcrumb":{"@id":"https:\/\/hobby4geek.com\/product\/transformers-earthrise-wfc-e11-leader-optimus-prime-remorque\/#breadcrumb"},"inLanguage":"es","potentialAction":[{"@type":"ReadAction","target":["https:\/\/hobby4geek.com\/product\/transformers-earthrise-wfc-e11-leader-optimus-prime-remorque\/"]}]},{"@type":"ImageObject","inLanguage":"es","@id":"https:\/\/hobby4geek.com\/product\/transformers-earthrise-wfc-e11-leader-optimus-prime-remorque\/#primaryimage","url":"https:\/\/hobby4geek.com\/wp-content\/uploads\/2023\/02\/transformers-earthrise-wfc-e11-leader-optimus-prime-remorque-5.jpg","contentUrl":"https:\/\/hobby4geek.com\/wp-content\/uploads\/2023\/02\/transformers-earthrise-wfc-e11-leader-optimus-prime-remorque-5.jpg","width":640,"height":640},{"@type":"BreadcrumbList","@id":"https:\/\/hobby4geek.com\/product\/transformers-earthrise-wfc-e11-leader-optimus-prime-remorque\/#breadcrumb","itemListElement":[{"@type":"ListItem","position":1,"name":"Home","item":"https:\/\/hobby4geek.com\/"},{"@type":"ListItem","position":2,"name":"Shop","item":"https:\/\/hobby4geek.com\/shop\/"},{"@type":"ListItem","position":3,"name":"Transformers Earthrise : WFC-E11 leader Optimus Prime + Remorque"}]},{"@type":"WebSite","@id":"https:\/\/hobby4geek.com\/#website","url":"https:\/\/hobby4geek.com\/","name":"Hobby4Geek","description":"Coleccionar, jugar y exhibir, abrazar su frikismo","publisher":{"@id":"https:\/\/hobby4geek.com\/#organization"},"potentialAction":[{"@type":"SearchAction","target":{"@type":"EntryPoint","urlTemplate":"https:\/\/hobby4geek.com\/?s={search_term_string}"},"query-input":{"@type":"PropertyValueSpecification","valueRequired":true,"valueName":"search_term_string"}}],"inLanguage":"es"},{"@type":"Organization","@id":"https:\/\/hobby4geek.com\/#organization","name":"Hobby4Geek","url":"https:\/\/hobby4geek.com\/","logo":{"@type":"ImageObject","inLanguage":"es","@id":"https:\/\/hobby4geek.com\/#\/schema\/logo\/image\/","url":"https:\/\/hobby4geek.com\/wp-content\/uploads\/2023\/02\/default-kit.png","contentUrl":"https:\/\/hobby4geek.com\/wp-content\/uploads\/2023\/02\/default-kit.png","width":600,"height":600,"caption":"Hobby4Geek"},"image":{"@id":"https:\/\/hobby4geek.com\/#\/schema\/logo\/image\/"},"sameAs":["https:\/\/www.facebook.com\/hobby4geek","https:\/\/x.com\/hobby4geek","https:\/\/www.instagram.com\/hobby4geek\/"]}]},"product_brand":"Transformers","product_price_amount":"98.00","product_price_currency":"EUR","og_availability":"out of stock","product_availability":"out of stock","product_condition":"new"},"_links":{"self":[{"href":"https:\/\/hobby4geek.com\/es\/wp-json\/wp\/v2\/product\/140099","targetHints":{"allow":["GET"]}}],"collection":[{"href":"https:\/\/hobby4geek.com\/es\/wp-json\/wp\/v2\/product"}],"about":[{"href":"https:\/\/hobby4geek.com\/es\/wp-json\/wp\/v2\/types\/product"}],"replies":[{"embeddable":true,"href":"https:\/\/hobby4geek.com\/es\/wp-json\/wp\/v2\/comments?post=140099"}],"version-history":[{"count":0,"href":"https:\/\/hobby4geek.com\/es\/wp-json\/wp\/v2\/product\/140099\/revisions"}],"wp:featuredmedia":[{"embeddable":true,"href":"https:\/\/hobby4geek.com\/es\/wp-json\/wp\/v2\/media\/180344"}],"wp:attachment":[{"href":"https:\/\/hobby4geek.com\/es\/wp-json\/wp\/v2\/media?parent=140099"}],"wp:term":[{"taxonomy":"product_brand","embeddable":true,"href":"https:\/\/hobby4geek.com\/es\/wp-json\/wp\/v2\/product_brand?post=140099"},{"taxonomy":"product_cat","embeddable":true,"href":"https:\/\/hobby4geek.com\/es\/wp-json\/wp\/v2\/product_cat?post=140099"},{"taxonomy":"product_tag","embeddable":true,"href":"https:\/\/hobby4geek.com\/es\/wp-json\/wp\/v2\/product_tag?post=140099"},{"taxonomy":"giftcard-category","embeddable":true,"href":"https:\/\/hobby4geek.com\/es\/wp-json\/wp\/v2\/giftcard-category?post=140099"}],"curies":[{"name":"wp","href":"https:\/\/api.w.org\/{rel}","templated":true}]}}