{"id":118473,"date":"2020-08-01T00:01:08","date_gmt":"2020-08-01T00:01:08","guid":{"rendered":"https:\/\/hobby4geek.com\/?post_type=product&#038;p=118473"},"modified":"2024-05-12T12:55:28","modified_gmt":"2024-05-12T11:55:28","slug":"masterpiece-movie-series-mpm-10-starscream","status":"publish","type":"product","link":"https:\/\/hobby4geek.com\/es\/producto\/masterpiece-movie-series-mpm-10-starscream\/","title":{"rendered":"Transformers: Masterpiece Movie Series MPM-10 Starscream"},"content":{"rendered":"<p>Hasbro ha lanzado su \u00faltima figura de la l\u00ednea Movie Masterpiece de TRANSFORMERS: \u00a1el MPM-10 Starscream!<\/p>\n<p>Esta figura coleccionable de TRANSFORMERS inspirada en los archivos CAD de la primera pel\u00edcula teatral mide aproximadamente 11 pulgadas (27,5 cm) y es una figura aut\u00e9ntica ideal para fans y coleccionistas, con caracter\u00edsticas inspiradas en la pel\u00edcula TRANSFORMERS de acci\u00f3n real de 2007 .<\/p>\n<p>La figura muestra al traicionero Comandante de las Fuerzas A\u00e9reas DECEPTICONS con atenci\u00f3n al detalle y cuenta con manos posables, boca posable, detalles moldeados y accesorios: la ametralladora Gatling, la sierra circular y el lanzamisiles.<\/p>\n<p>Puedes girar la cabeza, el cuello, la boca, los paquetes de salto, las alas, las mu\u00f1ecas y los tobillos y mucho m\u00e1s con sus 50 puntos de articulaci\u00f3n para conseguir posiciones realistas.<\/p>\n<p>Convierte el robot al modo Lockheed Martin F-22 Raptor Jet en 63 pasos.<\/p>\n<ul>\n<li>\u00a1Figura aut\u00e9ntica y ultrapremium del Decepticon traicionero!<\/li>\n<li>Inspirado en la pel\u00edcula de acci\u00f3n real Transformers de 2007.<\/li>\n<li>Pl\u00e1stico y moldeado<\/li>\n<li>27,5 cm de alto<\/li>\n<li>Starscream viene con una ametralladora Gatling, una sierra circular y un lanzamisiles.<\/li>\n<li>Cuenta con 50 puntos de articulaci\u00f3n, incluidas las manos y la boca.<\/li>\n<\/ul>\n<p><iframe title=\"MPM-10 Masterpiece Pel\u00edcula STARSCREAM: EmGo&#039;s Transformers Reviews N&#039; Stuff\" width=\"800\" height=\"450\" src=\"https:\/\/www.youtube.com\/embed\/ZTeE7o1r7M8?feature=oembed\" frameborder=\"0\" allow=\"accelerometer; autoplay; clipboard-write; encrypted-media; gyroscope; picture-in-picture; web-share\" referrerpolicy=\"strict-origin-when-cross-origin\" allowfullscreen><\/iframe><\/p>","protected":false},"excerpt":{"rendered":"<ul>\n<li>\u00a1Figura aut\u00e9ntica y ultrapremium del Decepticon traicionero!<\/li>\n<li>Inspirado en la pel\u00edcula de acci\u00f3n real Transformers de 2007.<\/li>\n<li>Pl\u00e1stico y moldeado<\/li>\n<li>27,5 cm de alto<\/li>\n<li>Starscream viene con una ametralladora Gatling, una sierra circular y un lanzamisiles.<\/li>\n<li>Cuenta con 50 puntos de articulaci\u00f3n, incluidas las manos y la boca.<\/li>\n<\/ul>","protected":false},"featured_media":179887,"comment_status":"open","ping_status":"closed","template":"","meta":{"inline_featured_image":false},"product_brand":[],"product_cat":[1955,68,69],"product_tag":[200,1759,221,202,836,250,203,1975,204],"giftcard-category":[],"class_list":{"0":"post-118473","1":"product","2":"type-product","3":"status-publish","4":"has-post-thumbnail","6":"product_cat-transformers","7":"product_cat-hasbro","8":"product_cat-takara-tomy","9":"product_tag-action-figures","10":"product_tag-action-toys","11":"product_tag-decepticon","12":"product_tag-masterpiece-movie-series","13":"product_tag-mpm-10","14":"product_tag-starscream","15":"product_tag-takara-tomy","16":"product_tag-toys-figures","17":"product_tag-transformers","18":"product_shipping_class-from-china","19":"inventories-china-inventory","21":"first","22":"outofstock","23":"taxable","24":"shipping-taxable","25":"purchasable","26":"product-type-simple","27":"add-to-wishlist-after_add_to_cart"},"yoast_head":"<!-- This site is optimized with the Yoast SEO Premium plugin v25.3.1 (Yoast SEO v27.2) - https:\/\/yoast.com\/product\/yoast-seo-premium-wordpress\/ -->\n<title>Transformers: Masterpiece Movie Series MPM-10 Starscream<\/title>\n<meta name=\"robots\" content=\"index, follow, max-snippet:-1, max-image-preview:large, max-video-preview:-1\" \/>\n<link rel=\"canonical\" href=\"https:\/\/hobby4geek.com\/es\/producto\/masterpiece-movie-series-mpm-10-starscream\/\" \/>\n<meta property=\"og:locale\" content=\"es_ES\" \/>\n<meta property=\"og:type\" content=\"article\" \/>\n<meta property=\"og:title\" content=\"Transformers: Masterpiece Movie Series MPM-10 Starscream\" \/>\n<meta property=\"og:description\" content=\"Authentic and ultra-premium figurine of the treacherous Decepticon!  Inspired by the 2007 Transformers live action movie.  Plastic and molded  11inches \/ 27.5cm tall  Starscream comes with a Gatling Gun, a Circular Saw and a Missile Launcher.  Features 50 points of articulation, including hands, and mouth!\" \/>\n<meta property=\"og:url\" content=\"https:\/\/hobby4geek.com\/es\/producto\/masterpiece-movie-series-mpm-10-starscream\/\" \/>\n<meta property=\"og:site_name\" content=\"Hobby4Geek\" \/>\n<meta property=\"article:publisher\" content=\"https:\/\/www.facebook.com\/hobby4geek\" \/>\n<meta property=\"article:modified_time\" content=\"2024-05-12T11:55:28+00:00\" \/>\n<meta property=\"og:image\" content=\"https:\/\/hobby4geek.com\/wp-content\/uploads\/2023\/02\/masterpiece-movie-series-mpm-10-starscream.jpg\" \/>\n\t<meta property=\"og:image:width\" content=\"904\" \/>\n\t<meta property=\"og:image:height\" content=\"1024\" \/>\n\t<meta property=\"og:image:type\" content=\"image\/jpeg\" \/>\n<meta name=\"twitter:card\" content=\"summary_large_image\" \/>\n<meta name=\"twitter:site\" content=\"@hobby4geek\" \/>\n<script type=\"application\/ld+json\" class=\"yoast-schema-graph\">{\"@context\":\"https:\/\/schema.org\",\"@graph\":[{\"@type\":\"WebPage\",\"@id\":\"https:\/\/hobby4geek.com\/product\/masterpiece-movie-series-mpm-10-starscream\/\",\"url\":\"https:\/\/hobby4geek.com\/product\/masterpiece-movie-series-mpm-10-starscream\/\",\"name\":\"Transformers: Masterpiece Movie Series MPM-10 Starscream\",\"isPartOf\":{\"@id\":\"https:\/\/hobby4geek.com\/#website\"},\"primaryImageOfPage\":{\"@id\":\"https:\/\/hobby4geek.com\/product\/masterpiece-movie-series-mpm-10-starscream\/#primaryimage\"},\"image\":{\"@id\":\"https:\/\/hobby4geek.com\/product\/masterpiece-movie-series-mpm-10-starscream\/#primaryimage\"},\"thumbnailUrl\":\"https:\/\/hobby4geek.com\/wp-content\/uploads\/2023\/02\/masterpiece-movie-series-mpm-10-starscream.jpg\",\"datePublished\":\"2020-08-01T00:01:08+00:00\",\"dateModified\":\"2024-05-12T11:55:28+00:00\",\"breadcrumb\":{\"@id\":\"https:\/\/hobby4geek.com\/product\/masterpiece-movie-series-mpm-10-starscream\/#breadcrumb\"},\"inLanguage\":\"es\",\"potentialAction\":[{\"@type\":\"ReadAction\",\"target\":[\"https:\/\/hobby4geek.com\/product\/masterpiece-movie-series-mpm-10-starscream\/\"]}]},{\"@type\":\"ImageObject\",\"inLanguage\":\"es\",\"@id\":\"https:\/\/hobby4geek.com\/product\/masterpiece-movie-series-mpm-10-starscream\/#primaryimage\",\"url\":\"https:\/\/hobby4geek.com\/wp-content\/uploads\/2023\/02\/masterpiece-movie-series-mpm-10-starscream.jpg\",\"contentUrl\":\"https:\/\/hobby4geek.com\/wp-content\/uploads\/2023\/02\/masterpiece-movie-series-mpm-10-starscream.jpg\",\"width\":904,\"height\":1024},{\"@type\":\"BreadcrumbList\",\"@id\":\"https:\/\/hobby4geek.com\/product\/masterpiece-movie-series-mpm-10-starscream\/#breadcrumb\",\"itemListElement\":[{\"@type\":\"ListItem\",\"position\":1,\"name\":\"Home\",\"item\":\"https:\/\/hobby4geek.com\/\"},{\"@type\":\"ListItem\",\"position\":2,\"name\":\"Shop\",\"item\":\"https:\/\/hobby4geek.com\/shop\/\"},{\"@type\":\"ListItem\",\"position\":3,\"name\":\"Transformers: Masterpiece Movie Series MPM-10 Starscream\"}]},{\"@type\":\"WebSite\",\"@id\":\"https:\/\/hobby4geek.com\/#website\",\"url\":\"https:\/\/hobby4geek.com\/\",\"name\":\"Hobby4Geek\",\"description\":\"Collect, Play &amp; Showcase, Embrace your Geekiness\",\"publisher\":{\"@id\":\"https:\/\/hobby4geek.com\/#organization\"},\"potentialAction\":[{\"@type\":\"SearchAction\",\"target\":{\"@type\":\"EntryPoint\",\"urlTemplate\":\"https:\/\/hobby4geek.com\/?s={search_term_string}\"},\"query-input\":{\"@type\":\"PropertyValueSpecification\",\"valueRequired\":true,\"valueName\":\"search_term_string\"}}],\"inLanguage\":\"es\"},{\"@type\":\"Organization\",\"@id\":\"https:\/\/hobby4geek.com\/#organization\",\"name\":\"Hobby4Geek\",\"url\":\"https:\/\/hobby4geek.com\/\",\"logo\":{\"@type\":\"ImageObject\",\"inLanguage\":\"es\",\"@id\":\"https:\/\/hobby4geek.com\/#\/schema\/logo\/image\/\",\"url\":\"https:\/\/hobby4geek.com\/wp-content\/uploads\/2023\/02\/default-kit.png\",\"contentUrl\":\"https:\/\/hobby4geek.com\/wp-content\/uploads\/2023\/02\/default-kit.png\",\"width\":600,\"height\":600,\"caption\":\"Hobby4Geek\"},\"image\":{\"@id\":\"https:\/\/hobby4geek.com\/#\/schema\/logo\/image\/\"},\"sameAs\":[\"https:\/\/www.facebook.com\/hobby4geek\",\"https:\/\/x.com\/hobby4geek\",\"https:\/\/www.instagram.com\/hobby4geek\/\"]}]}<\/script>\n<meta property=\"product:brand\" content=\"Transformers\" \/>\n<meta property=\"product:price:amount\" content=\"169.00\" \/>\n<meta property=\"product:price:currency\" content=\"EUR\" \/>\n<meta property=\"og:availability\" content=\"out of stock\" \/>\n<meta property=\"product:availability\" content=\"out of stock\" \/>\n<meta property=\"product:condition\" content=\"new\" \/>\n<!-- \/ Yoast SEO Premium plugin. -->","yoast_head_json":{"title":"Transformers: Masterpiece Movie Series MPM-10 Starscream","robots":{"index":"index","follow":"follow","max-snippet":"max-snippet:-1","max-image-preview":"max-image-preview:large","max-video-preview":"max-video-preview:-1"},"canonical":"https:\/\/hobby4geek.com\/es\/producto\/masterpiece-movie-series-mpm-10-starscream\/","og_locale":"es_ES","og_type":"article","og_title":"Transformers: Masterpiece Movie Series MPM-10 Starscream","og_description":"Authentic and ultra-premium figurine of the treacherous Decepticon!  Inspired by the 2007 Transformers live action movie.  Plastic and molded  11inches \/ 27.5cm tall  Starscream comes with a Gatling Gun, a Circular Saw and a Missile Launcher.  Features 50 points of articulation, including hands, and mouth!","og_url":"https:\/\/hobby4geek.com\/es\/producto\/masterpiece-movie-series-mpm-10-starscream\/","og_site_name":"Hobby4Geek","article_publisher":"https:\/\/www.facebook.com\/hobby4geek","article_modified_time":"2024-05-12T11:55:28+00:00","og_image":[{"width":904,"height":1024,"url":"https:\/\/hobby4geek.com\/wp-content\/uploads\/2023\/02\/masterpiece-movie-series-mpm-10-starscream.jpg","type":"image\/jpeg"}],"twitter_card":"summary_large_image","twitter_site":"@hobby4geek","schema":{"@context":"https:\/\/schema.org","@graph":[{"@type":"WebPage","@id":"https:\/\/hobby4geek.com\/product\/masterpiece-movie-series-mpm-10-starscream\/","url":"https:\/\/hobby4geek.com\/product\/masterpiece-movie-series-mpm-10-starscream\/","name":"Transformers: Masterpiece Movie Series MPM-10 Starscream","isPartOf":{"@id":"https:\/\/hobby4geek.com\/#website"},"primaryImageOfPage":{"@id":"https:\/\/hobby4geek.com\/product\/masterpiece-movie-series-mpm-10-starscream\/#primaryimage"},"image":{"@id":"https:\/\/hobby4geek.com\/product\/masterpiece-movie-series-mpm-10-starscream\/#primaryimage"},"thumbnailUrl":"https:\/\/hobby4geek.com\/wp-content\/uploads\/2023\/02\/masterpiece-movie-series-mpm-10-starscream.jpg","datePublished":"2020-08-01T00:01:08+00:00","dateModified":"2024-05-12T11:55:28+00:00","breadcrumb":{"@id":"https:\/\/hobby4geek.com\/product\/masterpiece-movie-series-mpm-10-starscream\/#breadcrumb"},"inLanguage":"es","potentialAction":[{"@type":"ReadAction","target":["https:\/\/hobby4geek.com\/product\/masterpiece-movie-series-mpm-10-starscream\/"]}]},{"@type":"ImageObject","inLanguage":"es","@id":"https:\/\/hobby4geek.com\/product\/masterpiece-movie-series-mpm-10-starscream\/#primaryimage","url":"https:\/\/hobby4geek.com\/wp-content\/uploads\/2023\/02\/masterpiece-movie-series-mpm-10-starscream.jpg","contentUrl":"https:\/\/hobby4geek.com\/wp-content\/uploads\/2023\/02\/masterpiece-movie-series-mpm-10-starscream.jpg","width":904,"height":1024},{"@type":"BreadcrumbList","@id":"https:\/\/hobby4geek.com\/product\/masterpiece-movie-series-mpm-10-starscream\/#breadcrumb","itemListElement":[{"@type":"ListItem","position":1,"name":"Home","item":"https:\/\/hobby4geek.com\/"},{"@type":"ListItem","position":2,"name":"Shop","item":"https:\/\/hobby4geek.com\/shop\/"},{"@type":"ListItem","position":3,"name":"Transformers: Masterpiece Movie Series MPM-10 Starscream"}]},{"@type":"WebSite","@id":"https:\/\/hobby4geek.com\/#website","url":"https:\/\/hobby4geek.com\/","name":"Hobby4Geek","description":"Coleccionar, jugar y exhibir, abrazar su frikismo","publisher":{"@id":"https:\/\/hobby4geek.com\/#organization"},"potentialAction":[{"@type":"SearchAction","target":{"@type":"EntryPoint","urlTemplate":"https:\/\/hobby4geek.com\/?s={search_term_string}"},"query-input":{"@type":"PropertyValueSpecification","valueRequired":true,"valueName":"search_term_string"}}],"inLanguage":"es"},{"@type":"Organization","@id":"https:\/\/hobby4geek.com\/#organization","name":"Hobby4Geek","url":"https:\/\/hobby4geek.com\/","logo":{"@type":"ImageObject","inLanguage":"es","@id":"https:\/\/hobby4geek.com\/#\/schema\/logo\/image\/","url":"https:\/\/hobby4geek.com\/wp-content\/uploads\/2023\/02\/default-kit.png","contentUrl":"https:\/\/hobby4geek.com\/wp-content\/uploads\/2023\/02\/default-kit.png","width":600,"height":600,"caption":"Hobby4Geek"},"image":{"@id":"https:\/\/hobby4geek.com\/#\/schema\/logo\/image\/"},"sameAs":["https:\/\/www.facebook.com\/hobby4geek","https:\/\/x.com\/hobby4geek","https:\/\/www.instagram.com\/hobby4geek\/"]}]},"product_brand":"Transformers","product_price_amount":"169.00","product_price_currency":"EUR","og_availability":"out of stock","product_availability":"out of stock","product_condition":"new"},"_links":{"self":[{"href":"https:\/\/hobby4geek.com\/es\/wp-json\/wp\/v2\/product\/118473","targetHints":{"allow":["GET"]}}],"collection":[{"href":"https:\/\/hobby4geek.com\/es\/wp-json\/wp\/v2\/product"}],"about":[{"href":"https:\/\/hobby4geek.com\/es\/wp-json\/wp\/v2\/types\/product"}],"replies":[{"embeddable":true,"href":"https:\/\/hobby4geek.com\/es\/wp-json\/wp\/v2\/comments?post=118473"}],"version-history":[{"count":0,"href":"https:\/\/hobby4geek.com\/es\/wp-json\/wp\/v2\/product\/118473\/revisions"}],"wp:featuredmedia":[{"embeddable":true,"href":"https:\/\/hobby4geek.com\/es\/wp-json\/wp\/v2\/media\/179887"}],"wp:attachment":[{"href":"https:\/\/hobby4geek.com\/es\/wp-json\/wp\/v2\/media?parent=118473"}],"wp:term":[{"taxonomy":"product_brand","embeddable":true,"href":"https:\/\/hobby4geek.com\/es\/wp-json\/wp\/v2\/product_brand?post=118473"},{"taxonomy":"product_cat","embeddable":true,"href":"https:\/\/hobby4geek.com\/es\/wp-json\/wp\/v2\/product_cat?post=118473"},{"taxonomy":"product_tag","embeddable":true,"href":"https:\/\/hobby4geek.com\/es\/wp-json\/wp\/v2\/product_tag?post=118473"},{"taxonomy":"giftcard-category","embeddable":true,"href":"https:\/\/hobby4geek.com\/es\/wp-json\/wp\/v2\/giftcard-category?post=118473"}],"curies":[{"name":"wp","href":"https:\/\/api.w.org\/{rel}","templated":true}]}}