{"id":104851,"date":"2024-08-01T10:17:07","date_gmt":"2024-08-01T09:17:07","guid":{"rendered":"https:\/\/hobby4geek.com\/?post_type=product&#038;p=104851"},"modified":"2025-04-05T14:07:28","modified_gmt":"2025-04-05T13:07:28","slug":"3a-transformers-soundwave-ravage-dlx-collectible-series","status":"publish","type":"product","link":"https:\/\/hobby4geek.com\/es\/producto\/3a-transformers-soundwave-ravage-dlx-collectible-series\/","title":{"rendered":"ThreeZero - Transformers Soundwave &amp; Ravage - DLX Collectible Series"},"content":{"rendered":"<p>Hasbro x Threezero Presentan DLX SOUNDWAVE Y RAVAGE Transformers Bumblebee DLX Collectible Series<\/p>\n<p>Hasbro y Threezero se enorgullecen de presentar al Decepticon m\u00e1s leal y confiable de Megatron, Soundwave (y a su devoto esp\u00eda-trooper Ravage) como el pr\u00f3ximo personaje de la serie de figuras coleccionables Transformers DLX.<\/p>\n<p>Cada figura coleccionable DLX cuenta con esculturas minuciosamente detalladas, un alto rango de articulaci\u00f3n, detalles iluminados por LED, piezas de metal fundido a presi\u00f3n y los efectos realistas de desgaste de pintura por los que Threezero es conocido, \u00a1todo a una escala m\u00e1s peque\u00f1a y a un precio m\u00e1s bajo!<\/p>\n<p>Con una altura de 11,2 pulgadas, el DLX Soundwave cuenta con unos impresionantes 80 puntos de articulaci\u00f3n, ojos iluminados por LED, ca\u00f1\u00f3n s\u00f3nico, Ravage plegable (en modo robot) y piezas de metal fundido.<\/p>\n<p>Licencia oficial de Hasbro y TakaraTomy<br \/>\n\u25cf Altura de unos 28,85 cm (11,35 pulgadas)<br \/>\n\u25cf 80 puntos de articulaci\u00f3n<br \/>\n\u25cf Ojos de luz LED<br \/>\n\u25cf Piezas de metal fundido a presi\u00f3n<\/p>\n<p><strong>Comprender :<\/strong><\/p>\n<p>\u25cf1x Soundwave Figura<br \/>\n\u25cf 1x Ravage plegable (modo robot)<br \/>\n\u25cf 1x Ca\u00f1\u00f3n S\u00f3nico<br \/>\n\u25cf Mano izquierda de mando<br \/>\n\u25cf 4 pares de manos intercambiables (Pu\u00f1os, Manos relajadas, Acci\u00f3n, Ranura para armas).<br \/>\n\u25cf 1x Soporte de acci\u00f3n con base<\/p>\n<p><strong>Material utilizado \/ Informaci\u00f3n del producto :<\/strong><\/p>\n<p>\u25cfMaterial - ABS, PVC, POM, ALEACI\u00d3N DE ZINC<br \/>\n\u25cf Im\u00e1n - N\/A<br \/>\n\u25cf Pila - AG-13 x 2 (no incluidas) (pilas no incluidas)<\/p>","protected":false},"excerpt":{"rendered":"<ul>\n<li>Licencia oficial de Hasbro y TakaraTomy<br \/>\n\u25cf Altura de unos 28,85 cm (11,35 pulgadas)<br \/>\n\u25cf 80 puntos de articulaci\u00f3n<br \/>\n\u25cf Ojos de luz LED<br \/>\n\u25cf Piezas de metal fundido a presi\u00f3n<\/li>\n<\/ul>","protected":false},"featured_media":198450,"comment_status":"open","ping_status":"closed","template":"","meta":{"inline_featured_image":false},"product_brand":[],"product_cat":[1955,68,90],"product_tag":[332,768,224,1976,221,333,334,335,1936,265,769,583,337,770,204,2453],"giftcard-category":[],"class_list":{"0":"post-104851","1":"product","2":"type-product","3":"status-publish","4":"has-post-thumbnail","6":"product_cat-transformers","7":"product_cat-hasbro","8":"product_cat-threezero","9":"product_tag-3a","10":"product_tag-3zero","11":"product_tag-bumblebee","12":"product_tag-collector-figures","13":"product_tag-decepticon","14":"product_tag-dlx-collectible-series","15":"product_tag-film","16":"product_tag-hasbro","17":"product_tag-models-co","18":"product_tag-pre-orders","19":"product_tag-ravage","20":"product_tag-soundwave","21":"product_tag-threea","22":"product_tag-threezero","23":"product_tag-transformers","24":"product_tag-transformers-x-threezero","25":"product_shipping_class-free-shipping","27":"first","28":"outofstock","29":"sale","30":"taxable","31":"shipping-taxable","32":"purchasable","33":"product-type-simple","34":"add-to-wishlist-after_add_to_cart"},"yoast_head":"<!-- This site is optimized with the Yoast SEO Premium plugin v25.3.1 (Yoast SEO v27.2) - https:\/\/yoast.com\/product\/yoast-seo-premium-wordpress\/ -->\n<title>ThreeZero - Transformers Soundwave &amp; Ravage - DLX Collectible Series<\/title>\n<meta name=\"robots\" content=\"index, follow, max-snippet:-1, max-image-preview:large, max-video-preview:-1\" \/>\n<link rel=\"canonical\" href=\"https:\/\/hobby4geek.com\/es\/producto\/3a-transformers-soundwave-ravage-dlx-collectible-series\/\" \/>\n<meta property=\"og:locale\" content=\"es_ES\" \/>\n<meta property=\"og:type\" content=\"article\" \/>\n<meta property=\"og:title\" content=\"ThreeZero - Transformers Soundwave &amp; Ravage - DLX Collectible Series\" \/>\n<meta property=\"og:description\" content=\"Official license from Hasbro and TakaraTomy \u25cf Height about 28.85 cm (11.35 inches) \u25cf 80 points of articulation \u25cf LED light eyes \u25cf Die-cast metal parts\" \/>\n<meta property=\"og:url\" content=\"https:\/\/hobby4geek.com\/es\/producto\/3a-transformers-soundwave-ravage-dlx-collectible-series\/\" \/>\n<meta property=\"og:site_name\" content=\"Hobby4Geek\" \/>\n<meta property=\"article:publisher\" content=\"https:\/\/www.facebook.com\/hobby4geek\" \/>\n<meta property=\"article:modified_time\" content=\"2025-04-05T13:07:28+00:00\" \/>\n<meta property=\"og:image\" content=\"https:\/\/hobby4geek.com\/wp-content\/uploads\/2019\/12\/hr_3z01600w0_s-scaled.jpg\" \/>\n\t<meta property=\"og:image:width\" content=\"2048\" \/>\n\t<meta property=\"og:image:height\" content=\"2048\" \/>\n\t<meta property=\"og:image:type\" content=\"image\/jpeg\" \/>\n<meta name=\"twitter:card\" content=\"summary_large_image\" \/>\n<meta name=\"twitter:site\" content=\"@hobby4geek\" \/>\n<script type=\"application\/ld+json\" class=\"yoast-schema-graph\">{\"@context\":\"https:\/\/schema.org\",\"@graph\":[{\"@type\":\"WebPage\",\"@id\":\"https:\/\/hobby4geek.com\/product\/3a-transformers-soundwave-ravage-dlx-collectible-series\/\",\"url\":\"https:\/\/hobby4geek.com\/product\/3a-transformers-soundwave-ravage-dlx-collectible-series\/\",\"name\":\"ThreeZero - Transformers Soundwave & Ravage - DLX Collectible Series\",\"isPartOf\":{\"@id\":\"https:\/\/hobby4geek.com\/#website\"},\"primaryImageOfPage\":{\"@id\":\"https:\/\/hobby4geek.com\/product\/3a-transformers-soundwave-ravage-dlx-collectible-series\/#primaryimage\"},\"image\":{\"@id\":\"https:\/\/hobby4geek.com\/product\/3a-transformers-soundwave-ravage-dlx-collectible-series\/#primaryimage\"},\"thumbnailUrl\":\"https:\/\/hobby4geek.com\/wp-content\/uploads\/2019\/12\/hr_3z01600w0_s-scaled.jpg\",\"datePublished\":\"2024-08-01T09:17:07+00:00\",\"dateModified\":\"2025-04-05T13:07:28+00:00\",\"breadcrumb\":{\"@id\":\"https:\/\/hobby4geek.com\/product\/3a-transformers-soundwave-ravage-dlx-collectible-series\/#breadcrumb\"},\"inLanguage\":\"es\",\"potentialAction\":[{\"@type\":\"ReadAction\",\"target\":[\"https:\/\/hobby4geek.com\/product\/3a-transformers-soundwave-ravage-dlx-collectible-series\/\"]}]},{\"@type\":\"ImageObject\",\"inLanguage\":\"es\",\"@id\":\"https:\/\/hobby4geek.com\/product\/3a-transformers-soundwave-ravage-dlx-collectible-series\/#primaryimage\",\"url\":\"https:\/\/hobby4geek.com\/wp-content\/uploads\/2019\/12\/hr_3z01600w0_s-scaled.jpg\",\"contentUrl\":\"https:\/\/hobby4geek.com\/wp-content\/uploads\/2019\/12\/hr_3z01600w0_s-scaled.jpg\",\"width\":2048,\"height\":2048},{\"@type\":\"BreadcrumbList\",\"@id\":\"https:\/\/hobby4geek.com\/product\/3a-transformers-soundwave-ravage-dlx-collectible-series\/#breadcrumb\",\"itemListElement\":[{\"@type\":\"ListItem\",\"position\":1,\"name\":\"Home\",\"item\":\"https:\/\/hobby4geek.com\/\"},{\"@type\":\"ListItem\",\"position\":2,\"name\":\"Shop\",\"item\":\"https:\/\/hobby4geek.com\/shop\/\"},{\"@type\":\"ListItem\",\"position\":3,\"name\":\"ThreeZero &#8211; Transformers Soundwave &#038; Ravage &#8211; DLX Collectible Series\"}]},{\"@type\":\"WebSite\",\"@id\":\"https:\/\/hobby4geek.com\/#website\",\"url\":\"https:\/\/hobby4geek.com\/\",\"name\":\"Hobby4Geek\",\"description\":\"Collect, Play &amp; Showcase, Embrace your Geekiness\",\"publisher\":{\"@id\":\"https:\/\/hobby4geek.com\/#organization\"},\"potentialAction\":[{\"@type\":\"SearchAction\",\"target\":{\"@type\":\"EntryPoint\",\"urlTemplate\":\"https:\/\/hobby4geek.com\/?s={search_term_string}\"},\"query-input\":{\"@type\":\"PropertyValueSpecification\",\"valueRequired\":true,\"valueName\":\"search_term_string\"}}],\"inLanguage\":\"es\"},{\"@type\":\"Organization\",\"@id\":\"https:\/\/hobby4geek.com\/#organization\",\"name\":\"Hobby4Geek\",\"url\":\"https:\/\/hobby4geek.com\/\",\"logo\":{\"@type\":\"ImageObject\",\"inLanguage\":\"es\",\"@id\":\"https:\/\/hobby4geek.com\/#\/schema\/logo\/image\/\",\"url\":\"https:\/\/hobby4geek.com\/wp-content\/uploads\/2023\/02\/default-kit.png\",\"contentUrl\":\"https:\/\/hobby4geek.com\/wp-content\/uploads\/2023\/02\/default-kit.png\",\"width\":600,\"height\":600,\"caption\":\"Hobby4Geek\"},\"image\":{\"@id\":\"https:\/\/hobby4geek.com\/#\/schema\/logo\/image\/\"},\"sameAs\":[\"https:\/\/www.facebook.com\/hobby4geek\",\"https:\/\/x.com\/hobby4geek\",\"https:\/\/www.instagram.com\/hobby4geek\/\"]}]}<\/script>\n<meta property=\"product:brand\" content=\"Transformers\" \/>\n<meta property=\"product:price:amount\" content=\"316.00\" \/>\n<meta property=\"product:price:currency\" content=\"EUR\" \/>\n<meta property=\"og:availability\" content=\"out of stock\" \/>\n<meta property=\"product:availability\" content=\"out of stock\" \/>\n<meta property=\"product:retailer_item_id\" content=\"4897056202627\" \/>\n<meta property=\"product:condition\" content=\"new\" \/>\n<!-- \/ Yoast SEO Premium plugin. -->","yoast_head_json":{"title":"ThreeZero - Transformers Soundwave &amp; Ravage - DLX Collectible Series","robots":{"index":"index","follow":"follow","max-snippet":"max-snippet:-1","max-image-preview":"max-image-preview:large","max-video-preview":"max-video-preview:-1"},"canonical":"https:\/\/hobby4geek.com\/es\/producto\/3a-transformers-soundwave-ravage-dlx-collectible-series\/","og_locale":"es_ES","og_type":"article","og_title":"ThreeZero - Transformers Soundwave & Ravage - DLX Collectible Series","og_description":"Official license from Hasbro and TakaraTomy \u25cf Height about 28.85 cm (11.35 inches) \u25cf 80 points of articulation \u25cf LED light eyes \u25cf Die-cast metal parts","og_url":"https:\/\/hobby4geek.com\/es\/producto\/3a-transformers-soundwave-ravage-dlx-collectible-series\/","og_site_name":"Hobby4Geek","article_publisher":"https:\/\/www.facebook.com\/hobby4geek","article_modified_time":"2025-04-05T13:07:28+00:00","og_image":[{"width":2048,"height":2048,"url":"https:\/\/hobby4geek.com\/wp-content\/uploads\/2019\/12\/hr_3z01600w0_s-scaled.jpg","type":"image\/jpeg"}],"twitter_card":"summary_large_image","twitter_site":"@hobby4geek","schema":{"@context":"https:\/\/schema.org","@graph":[{"@type":"WebPage","@id":"https:\/\/hobby4geek.com\/product\/3a-transformers-soundwave-ravage-dlx-collectible-series\/","url":"https:\/\/hobby4geek.com\/product\/3a-transformers-soundwave-ravage-dlx-collectible-series\/","name":"ThreeZero - Transformers Soundwave &amp; Ravage - DLX Collectible Series","isPartOf":{"@id":"https:\/\/hobby4geek.com\/#website"},"primaryImageOfPage":{"@id":"https:\/\/hobby4geek.com\/product\/3a-transformers-soundwave-ravage-dlx-collectible-series\/#primaryimage"},"image":{"@id":"https:\/\/hobby4geek.com\/product\/3a-transformers-soundwave-ravage-dlx-collectible-series\/#primaryimage"},"thumbnailUrl":"https:\/\/hobby4geek.com\/wp-content\/uploads\/2019\/12\/hr_3z01600w0_s-scaled.jpg","datePublished":"2024-08-01T09:17:07+00:00","dateModified":"2025-04-05T13:07:28+00:00","breadcrumb":{"@id":"https:\/\/hobby4geek.com\/product\/3a-transformers-soundwave-ravage-dlx-collectible-series\/#breadcrumb"},"inLanguage":"es","potentialAction":[{"@type":"ReadAction","target":["https:\/\/hobby4geek.com\/product\/3a-transformers-soundwave-ravage-dlx-collectible-series\/"]}]},{"@type":"ImageObject","inLanguage":"es","@id":"https:\/\/hobby4geek.com\/product\/3a-transformers-soundwave-ravage-dlx-collectible-series\/#primaryimage","url":"https:\/\/hobby4geek.com\/wp-content\/uploads\/2019\/12\/hr_3z01600w0_s-scaled.jpg","contentUrl":"https:\/\/hobby4geek.com\/wp-content\/uploads\/2019\/12\/hr_3z01600w0_s-scaled.jpg","width":2048,"height":2048},{"@type":"BreadcrumbList","@id":"https:\/\/hobby4geek.com\/product\/3a-transformers-soundwave-ravage-dlx-collectible-series\/#breadcrumb","itemListElement":[{"@type":"ListItem","position":1,"name":"Home","item":"https:\/\/hobby4geek.com\/"},{"@type":"ListItem","position":2,"name":"Shop","item":"https:\/\/hobby4geek.com\/shop\/"},{"@type":"ListItem","position":3,"name":"ThreeZero &#8211; Transformers Soundwave &#038; Ravage &#8211; DLX Collectible Series"}]},{"@type":"WebSite","@id":"https:\/\/hobby4geek.com\/#website","url":"https:\/\/hobby4geek.com\/","name":"Hobby4Geek","description":"Coleccionar, jugar y exhibir, abrazar su frikismo","publisher":{"@id":"https:\/\/hobby4geek.com\/#organization"},"potentialAction":[{"@type":"SearchAction","target":{"@type":"EntryPoint","urlTemplate":"https:\/\/hobby4geek.com\/?s={search_term_string}"},"query-input":{"@type":"PropertyValueSpecification","valueRequired":true,"valueName":"search_term_string"}}],"inLanguage":"es"},{"@type":"Organization","@id":"https:\/\/hobby4geek.com\/#organization","name":"Hobby4Geek","url":"https:\/\/hobby4geek.com\/","logo":{"@type":"ImageObject","inLanguage":"es","@id":"https:\/\/hobby4geek.com\/#\/schema\/logo\/image\/","url":"https:\/\/hobby4geek.com\/wp-content\/uploads\/2023\/02\/default-kit.png","contentUrl":"https:\/\/hobby4geek.com\/wp-content\/uploads\/2023\/02\/default-kit.png","width":600,"height":600,"caption":"Hobby4Geek"},"image":{"@id":"https:\/\/hobby4geek.com\/#\/schema\/logo\/image\/"},"sameAs":["https:\/\/www.facebook.com\/hobby4geek","https:\/\/x.com\/hobby4geek","https:\/\/www.instagram.com\/hobby4geek\/"]}]},"product_brand":"Transformers","product_price_amount":"316.00","product_price_currency":"EUR","og_availability":"out of stock","product_availability":"out of stock","product_retailer_item_id":"4897056202627","product_condition":"new"},"_links":{"self":[{"href":"https:\/\/hobby4geek.com\/es\/wp-json\/wp\/v2\/product\/104851","targetHints":{"allow":["GET"]}}],"collection":[{"href":"https:\/\/hobby4geek.com\/es\/wp-json\/wp\/v2\/product"}],"about":[{"href":"https:\/\/hobby4geek.com\/es\/wp-json\/wp\/v2\/types\/product"}],"replies":[{"embeddable":true,"href":"https:\/\/hobby4geek.com\/es\/wp-json\/wp\/v2\/comments?post=104851"}],"version-history":[{"count":0,"href":"https:\/\/hobby4geek.com\/es\/wp-json\/wp\/v2\/product\/104851\/revisions"}],"wp:featuredmedia":[{"embeddable":true,"href":"https:\/\/hobby4geek.com\/es\/wp-json\/wp\/v2\/media\/198450"}],"wp:attachment":[{"href":"https:\/\/hobby4geek.com\/es\/wp-json\/wp\/v2\/media?parent=104851"}],"wp:term":[{"taxonomy":"product_brand","embeddable":true,"href":"https:\/\/hobby4geek.com\/es\/wp-json\/wp\/v2\/product_brand?post=104851"},{"taxonomy":"product_cat","embeddable":true,"href":"https:\/\/hobby4geek.com\/es\/wp-json\/wp\/v2\/product_cat?post=104851"},{"taxonomy":"product_tag","embeddable":true,"href":"https:\/\/hobby4geek.com\/es\/wp-json\/wp\/v2\/product_tag?post=104851"},{"taxonomy":"giftcard-category","embeddable":true,"href":"https:\/\/hobby4geek.com\/es\/wp-json\/wp\/v2\/giftcard-category?post=104851"}],"curies":[{"name":"wp","href":"https:\/\/api.w.org\/{rel}","templated":true}]}}