{"id":186181,"date":"2023-04-07T01:15:52","date_gmt":"2023-04-07T00:15:52","guid":{"rendered":"https:\/\/hobby4geek.com\/?page_id=186181"},"modified":"2024-06-01T12:26:36","modified_gmt":"2024-06-01T11:26:36","slug":"faq","status":"publish","type":"page","link":"https:\/\/hobby4geek.com\/es\/faq\/","title":{"rendered":"Preguntas m\u00e1s frecuentes"},"content":{"rendered":"<div class=\"yith-faqs\">\n\t\t\t\t\n\t\t\t\t\t<ul class=\"yith-faqs-categories minimal\">\n\t\t\t\t\t\t<li>\n\t\t\t\t\t\t\t<a href=\"?term_id=all\" class=\"active\">Todo<\/a>\n\t\t\t\t\t\t<\/li>\n\t\t\t\t\t\t\t\t\t\t\t\t\t<li>\n\t\t\t\t\t\t\t\t<a href=\"?term_id=2003\" class=\"\">Env\u00edo<\/a>\n\t\t\t\t\t\t\t<\/li>\n\t\t\t\t\t\t\t\t\t\t\t\t\t<li>\n\t\t\t\t\t\t\t\t<a href=\"?term_id=2561\" class=\"\">Qui\u00e9nes somos<\/a>\n\t\t\t\t\t\t\t<\/li>\n\t\t\t\t\t\t\t\t\t\t\t\t\t<li>\n\t\t\t\t\t\t\t\t<a href=\"?term_id=2562\" class=\"\">Pagos<\/a>\n\t\t\t\t\t\t\t<\/li>\n\t\t\t\t\t\t\t\t\t\t\t\t\t<li>\n\t\t\t\t\t\t\t\t<a href=\"?term_id=2563\" class=\"\">Productos<\/a>\n\t\t\t\t\t\t\t<\/li>\n\t\t\t\t\t\t\t\t\t\t\t<\/ul>\n\n\t\t\t\t\t\t\t\t<div id=\"yith-faqs-container\" class=\"yith-faqs-container yith-faq-type-toggle minimal yith-faqs-paged  default-loader\" style=\"--ywfp-icon-font-size: 14px;\">\n\n\t\t\t\t\t\n\t\t\t\t\t\n\t\t\t\t\t\t\t\t\t\t\t\t<div id=\"faq-197609\" class=\"yith-faqs-item icon-right\">\n\t\t\t\t\t\t\t<div class=\"yith-faqs-title\">\n\t\t\t\t\t\t\t\t\t\t\t\t\t\t\t\t\t<div class=\"icon yfwp-plus\"><\/div>\n\t\t\t\t\t\t\t\t\t\t\t\t\t\t\t\t<b>\u00bfPrepedido? \u00bfDep\u00f3sito? \u00bfQu\u00e9 es eso?<\/b>\n\t\t\t\t\t\t\t<\/div>\n\t\t\t\t\t\t\t<div class=\"yith-faqs-content-wrapper\">\n\t\t\t\t\t\t\t\t<div class=\"yith-faqs-content\">\n\t\t\t\t\t\t\t\t\t<strong>\u00bfQu\u00e9 pasa con los pedidos anticipados?<\/strong>\r\n<ul>\r\n \t<li>\u00bfAlguna vez has so\u00f1ado con ser el \u00faltimo grito en tendencias y hacerte con los art\u00edculos m\u00e1s de moda antes de que salgan a la venta? En eso consiste un pedido anticipado. Te adelantas a los dem\u00e1s y te aseguras de ser la envidia de todos los frikis del barrio.<\/li>\r\n<\/ul>\r\n<strong>\u00bfPor qu\u00e9 deber\u00eda subirme al tren de los pedidos anticipados?<\/strong>\r\n<ul>\r\n \t<li>Imag\u00ednatelo: \u00a1es como desbloquear un superpoder en el mundo de las compras! Diga \"adi\u00f3s\" al temido mensaje de \"agotado\" y \"hola\" a conseguir exactamente lo que quiere, antes de que desaparezca. Adem\u00e1s, hacer un pedido anticipado suele significar conseguir ofertas especiales y exclusivas.<\/li>\r\n<\/ul>\r\n<strong>\u00bfQu\u00e9 pasa con los dep\u00f3sitos y por qu\u00e9 necesito uno?<\/strong>\r\n<ul>\r\n \t<li>Piense en ello como un anticipo de felicidad. Cuando haces un pedido anticipado de un art\u00edculo, est\u00e1s desembolsando un poco de dinero por adelantado para garantizar tu reserva. Es como tener tu propia entrada VIP que te garantiza que no te perder\u00e1s el art\u00edculo por el que has estado babeando.<\/li>\r\n<\/ul>\r\n<strong>\u00bfPor qu\u00e9 es tan importante pagar una fianza?<\/strong>\r\n<ul>\r\n \t<li>Es m\u00e1s guay que un oso polar bailando el chachach\u00e1. No s\u00f3lo te har\u00e1s con tu art\u00edculo imprescindible, sino que tambi\u00e9n te relajar\u00e1s con la tranquilidad de saber que te estar\u00e1 esperando en cuanto llegue a las estanter\u00edas, listo para que s\u00f3lo t\u00fa lo compres. - sin preocupaciones, \u00a1todo diversi\u00f3n!<\/li>\r\n<\/ul>\r\n<strong>\u00bfCu\u00e1les son las ventajas adicionales de reservar y depositar en Hobby4Geek?<\/strong>\r\n<ul>\r\n \t<li>Adem\u00e1s de asegurarnos de que siempre est\u00e9s a la \u00faltima, en Hobby4Geek nos encanta obsequiar a nuestros compradores m\u00e1s astutos. Piensa en descuentos especiales, ofertas exclusivas e incluso regalos sorpresa cuando haces un pedido anticipado y pagas un dep\u00f3sito. \u00bfA qu\u00e9 esperas? Aseg\u00farese sus productos favoritos.<\/li>\r\n<\/ul>\t\t\t\t\t\t\t\t<\/div>\n\t\t\t\t\t\t\t\t\t\t\t\t\t\t\t\t\t<div class=\"yith-faqs-link\">\n\t\t\t\t\t\t\t\t\t\t<a class=\"yith-faqs-copy\" href=\"#\" data-faq=\"https:\/\/hobby4geek.com\/es\/faq\/#faq-197609\">\n\t\t\t\t\t\t\t\t\t\t\t<span class=\"hover-text\">Copiar enlace<\/span>\n\t\t\t\t\t\t\t\t\t\t\t<span class=\"success-text\">\u00a1Copiado!<\/span>\n\t\t\t\t\t\t\t\t\t\t<\/a>\n\t\t\t\t\t\t\t\t\t<\/div>\n\t\t\t\t\t\t\t\t\t\t\t\t\t\t\t<\/div>\n\t\t\t\t\t\t<\/div>\n\n\t\t\t\t\t\n\t\t\t\t\t\t\t\t\t\t\t\t<div id=\"faq-197605\" class=\"yith-faqs-item icon-right\">\n\t\t\t\t\t\t\t<div class=\"yith-faqs-title\">\n\t\t\t\t\t\t\t\t\t\t\t\t\t\t\t\t\t<div class=\"icon yfwp-plus\"><\/div>\n\t\t\t\t\t\t\t\t\t\t\t\t\t\t\t\t<b>\u00bfC\u00f3mo ganar Geek points y por qu\u00e9?<\/b>\n\t\t\t\t\t\t\t<\/div>\n\t\t\t\t\t\t\t<div class=\"yith-faqs-content-wrapper\">\n\t\t\t\t\t\t\t\t<div class=\"yith-faqs-content\">\n\t\t\t\t\t\t\t\t\t<p>Con Hobby4Geek, acumular Geek Points es facil\u00edsimo. Por cada art\u00edculo que adquieras, acumular\u00e1s estos preciados puntos: \u00a1piensa en ellos como en tus amigos de compras que te animan!<\/p>\n<blockquote><p>B\u00e1sicamente, obtienes un Geek Point por cada 5,51 euros que gastes. Y ahora viene lo divertido: cada Geek Point tiene un gran valor: \u00a1unos 0,08 \u20ac!<\/p><\/blockquote>\n<p>\u00bfY adivina qu\u00e9? Puedes canjear estos tesoros digitales por dulces descuentos cuando est\u00e9s listo para pasar por caja.<\/p>\n<blockquote><p>As\u00ed que, imag\u00ednate esto: enganchas ese <a href=\"https:\/\/hobby4geek.com\/es\/producto\/newage-xm-2-duel\/\" target=\"_blank\" rel=\"noopener\">art\u00edculo impresionante<\/a> por 297,60 euros (IVA incluido), y pum - 59 Geek Points aterrizan en tu cuenta, por un buen total de 4,72 euros.<\/p><\/blockquote>\n<p>Es como un peque\u00f1o baile de la victoria por darte un capricho. Ah, y aqu\u00ed est\u00e1 la receta secreta entre bastidores: \"Geek Points = Importe del producto \/ 5,51\". F\u00e1cil, \u00bfverdad? \u00a1Felices compras, queridos geeks!<\/p>\n\t\t\t\t\t\t\t\t<\/div>\n\t\t\t\t\t\t\t\t\t\t\t\t\t\t\t\t\t<div class=\"yith-faqs-link\">\n\t\t\t\t\t\t\t\t\t\t<a class=\"yith-faqs-copy\" href=\"#\" data-faq=\"https:\/\/hobby4geek.com\/es\/faq\/#faq-197605\">\n\t\t\t\t\t\t\t\t\t\t\t<span class=\"hover-text\">Copiar enlace<\/span>\n\t\t\t\t\t\t\t\t\t\t\t<span class=\"success-text\">\u00a1Copiado!<\/span>\n\t\t\t\t\t\t\t\t\t\t<\/a>\n\t\t\t\t\t\t\t\t\t<\/div>\n\t\t\t\t\t\t\t\t\t\t\t\t\t\t\t<\/div>\n\t\t\t\t\t\t<\/div>\n\n\t\t\t\t\t\n\t\t\t\t\t\t\t\t\t\t\t\t<div id=\"faq-197601\" class=\"yith-faqs-item icon-right\">\n\t\t\t\t\t\t\t<div class=\"yith-faqs-title\">\n\t\t\t\t\t\t\t\t\t\t\t\t\t\t\t\t\t<div class=\"icon yfwp-plus\"><\/div>\n\t\t\t\t\t\t\t\t\t\t\t\t\t\t\t\t<b>\u00bfCu\u00e1les son las diferencias entre \"KO\", \"3rd Party, \"4th Party\" y bajo licencia oficial\"?<\/b>\n\t\t\t\t\t\t\t<\/div>\n\t\t\t\t\t\t\t<div class=\"yith-faqs-content-wrapper\">\n\t\t\t\t\t\t\t\t<div class=\"yith-faqs-content\">\n\t\t\t\t\t\t\t\t\t<blockquote><p>Los t\u00e9rminos \"Knock Off\" (KO), \"Third Party\" (3\u00aa parte), \"Fourth Party\" (4th Party) y \"Official\" (Licensed) se utilizan habitualmente en el contexto de los productos derivados, sobre todo en la industria del juguete y los coleccionables. He aqu\u00ed sus diferencias:<\/p><\/blockquote>\n<ul>\n<li><strong>\"Knock Off\" (KO)<\/strong>: Los knock offs, a menudo abreviados como KO, son productos sin licencia que imitan intencionadamente a los oficiales, pero suelen ser de calidad inferior pero m\u00e1s baratos.<\/li>\n<li><strong>\"Tercero\" (3rd Party)<\/strong>: Third Party se refiere a los fabricantes que producen sus propios productos sin licencia inspirados en personajes con licencia, pero dise\u00f1ados para ser compatibles con las gamas existentes de productos con licencia. Por ejemplo, en la industria del juguete Transformers, los fabricantes Third Party suelen producir figuras y accesorios compatibles con las l\u00edneas de juguetes oficiales, pero no producidos por Hasbro o Takara Tomy.<\/li>\n<li><strong>\"Cuarto Partido\" (4th Party)<\/strong>: El t\u00e9rmino \"Cuarta Parte\" no es tan com\u00fan como los dem\u00e1s y puede no estar universalmente reconocido en todos los contextos. Sin embargo, en algunos sectores, el t\u00e9rmino puede referirse a empresas o particulares que prestan servicios o suministran productos a terceros (Terceros), a menudo en el contexto de contratos o acuerdos complejos en los que intervienen m\u00faltiples partes. La distinci\u00f3n entre Tercero y Cuarto puede variar en funci\u00f3n del contexto espec\u00edfico.<\/li>\n<li><strong>Oficial (con licencia)<\/strong>: Los productos con licencia, tambi\u00e9n conocidos como productos oficiales, son aquellos autorizados por el titular de los derechos. Esto significa que el fabricante ha obtenido derechos legales para producir y vender productos basados en una franquicia, personaje o propiedad intelectual espec\u00edficos. Los productos con licencia suelen ser de mayor calidad y cuentan con el apoyo del titular de los derechos. Por ejemplo, los juguetes de Marvel o Star Wars fabricados por Hasbro son productos con licencia oficial.<\/li>\n<\/ul>\n\t\t\t\t\t\t\t\t<\/div>\n\t\t\t\t\t\t\t\t\t\t\t\t\t\t\t\t\t<div class=\"yith-faqs-link\">\n\t\t\t\t\t\t\t\t\t\t<a class=\"yith-faqs-copy\" href=\"#\" data-faq=\"https:\/\/hobby4geek.com\/es\/faq\/#faq-197601\">\n\t\t\t\t\t\t\t\t\t\t\t<span class=\"hover-text\">Copiar enlace<\/span>\n\t\t\t\t\t\t\t\t\t\t\t<span class=\"success-text\">\u00a1Copiado!<\/span>\n\t\t\t\t\t\t\t\t\t\t<\/a>\n\t\t\t\t\t\t\t\t\t<\/div>\n\t\t\t\t\t\t\t\t\t\t\t\t\t\t\t<\/div>\n\t\t\t\t\t\t<\/div>\n\n\t\t\t\t\t\n\t\t\t\t\t\t\t\t\t\t\t\t<div id=\"faq-197599\" class=\"yith-faqs-item icon-right\">\n\t\t\t\t\t\t\t<div class=\"yith-faqs-title\">\n\t\t\t\t\t\t\t\t\t\t\t\t\t\t\t\t\t<div class=\"icon yfwp-plus\"><\/div>\n\t\t\t\t\t\t\t\t\t\t\t\t\t\t\t\t<b>\u00bfC\u00f3mo naci\u00f3 Hobby4Geek?<\/b>\n\t\t\t\t\t\t\t<\/div>\n\t\t\t\t\t\t\t<div class=\"yith-faqs-content-wrapper\">\n\t\t\t\t\t\t\t\t<div class=\"yith-faqs-content\">\n\t\t\t\t\t\t\t\t\t<blockquote><p>HOBBY4GEEK se fund\u00f3 el 8 de febrero de 2023. \u00a1Naci\u00f3 de la pura pasi\u00f3n por Transformers y todas las cosas frikis! Imag\u00ednate un lugar donde los fans de los robots metamorfos m\u00e1s molones del universo puedan reunirse y encontrar todas las figuras de acci\u00f3n de sus sue\u00f1os. Pues eso es exactamente lo que hemos creado. Nuestra tienda en l\u00ednea es el refugio definitivo para los aficionados a Transformers, donde podr\u00e1s explorar un universo infinito de juguetes, ediciones especiales y art\u00edculos de colecci\u00f3n.<\/p><\/blockquote>\n<blockquote><p>Tuvimos esta brillante idea tras darnos cuenta de que no exist\u00eda realmente una tienda online dedicada por completo a estos superh\u00e9roes de metal. As\u00ed que decidimos tomar cartas en el asunto y construir el Templo Transformers en la web. \u00bfNuestra misi\u00f3n? Ofrecerte la m\u00e1s amplia selecci\u00f3n de figuras de acci\u00f3n de Transformers, desde los cl\u00e1sicos hasta los \u00faltimos lanzamientos, pasando por modelos ultra raros que no encontrar\u00e1s en ning\u00fan otro sitio.<\/p><\/blockquote>\n<blockquote><p>En HOBBY4GEEK, no nos andamos con chiquitas cuando se trata de Transformers. Estamos aqu\u00ed para ofrecerte una experiencia de compra tan \u00e9pica como la batalla entre Autobots y Decepticons. As\u00ed que prep\u00e1rate para embarcarte en un viaje en el que cada clic te acerca a tu pr\u00f3xima figura de acci\u00f3n favorita. \u00danete a nosotros y sum\u00e9rgete en la acci\u00f3n con HOBBY4GEEK, \u00a1donde la pasi\u00f3n por los juguetes se convierte en una aventura en s\u00ed misma!<\/p><\/blockquote>\n\t\t\t\t\t\t\t\t<\/div>\n\t\t\t\t\t\t\t\t\t\t\t\t\t\t\t\t\t<div class=\"yith-faqs-link\">\n\t\t\t\t\t\t\t\t\t\t<a class=\"yith-faqs-copy\" href=\"#\" data-faq=\"https:\/\/hobby4geek.com\/es\/faq\/#faq-197599\">\n\t\t\t\t\t\t\t\t\t\t\t<span class=\"hover-text\">Copiar enlace<\/span>\n\t\t\t\t\t\t\t\t\t\t\t<span class=\"success-text\">\u00a1Copiado!<\/span>\n\t\t\t\t\t\t\t\t\t\t<\/a>\n\t\t\t\t\t\t\t\t\t<\/div>\n\t\t\t\t\t\t\t\t\t\t\t\t\t\t\t<\/div>\n\t\t\t\t\t\t<\/div>\n\n\t\t\t\t\t\n\t\t\t\t\t\t\t\t\t\t\t\t<div id=\"faq-197596\" class=\"yith-faqs-item icon-right\">\n\t\t\t\t\t\t\t<div class=\"yith-faqs-title\">\n\t\t\t\t\t\t\t\t\t\t\t\t\t\t\t\t\t<div class=\"icon yfwp-plus\"><\/div>\n\t\t\t\t\t\t\t\t\t\t\t\t\t\t\t\t<b>\u00bfQu\u00e9 m\u00e9todos de pago se aceptan en Hobby4geek.com?<\/b>\n\t\t\t\t\t\t\t<\/div>\n\t\t\t\t\t\t\t<div class=\"yith-faqs-content-wrapper\">\n\t\t\t\t\t\t\t\t<div class=\"yith-faqs-content\">\n\t\t\t\t\t\t\t\t\t<p>El Cliente selecciona su modo de pago al final de su pedido y tiene la posibilidad de pagar por:<\/p>\n<ul>\n<li>Pague m\u00e1s tarde \/ 3 veces pago (por Klarna)<\/li>\n<li>Tarjeta de cr\u00e9dito \/ tarjeta de d\u00e9bito (por Stripe)<\/li>\n<li>Cuenta Paypal \/ Tarjetas de cr\u00e9dito (por PayPal)<\/li>\n<li>4 veces el pago (por PayPal)<\/li>\n<li>Pago bancario instant\u00e1neo (por Fintecture)<\/li>\n<li>Transferencia bancaria (por Wise)<\/li>\n<li>ApplePay<\/li>\n<li>GooglePay<\/li>\n<li>Bancontact<\/li>\n<li>EPS<\/li>\n<li>Giropay<\/li>\n<li>iDEAL<\/li>\n<li>Sofort<\/li>\n<li>Przelewy24 (P24)<\/li>\n<\/ul>\n\t\t\t\t\t\t\t\t<\/div>\n\t\t\t\t\t\t\t\t\t\t\t\t\t\t\t\t\t<div class=\"yith-faqs-link\">\n\t\t\t\t\t\t\t\t\t\t<a class=\"yith-faqs-copy\" href=\"#\" data-faq=\"https:\/\/hobby4geek.com\/es\/faq\/#faq-197596\">\n\t\t\t\t\t\t\t\t\t\t\t<span class=\"hover-text\">Copiar enlace<\/span>\n\t\t\t\t\t\t\t\t\t\t\t<span class=\"success-text\">\u00a1Copiado!<\/span>\n\t\t\t\t\t\t\t\t\t\t<\/a>\n\t\t\t\t\t\t\t\t\t<\/div>\n\t\t\t\t\t\t\t\t\t\t\t\t\t\t\t<\/div>\n\t\t\t\t\t\t<\/div>\n\n\t\t\t\t\t\n\t\t\t\t\t\t\t\t\t\t\t\t<div id=\"faq-197592\" class=\"yith-faqs-item icon-right\">\n\t\t\t\t\t\t\t<div class=\"yith-faqs-title\">\n\t\t\t\t\t\t\t\t\t\t\t\t\t\t\t\t\t<div class=\"icon yfwp-plus\"><\/div>\n\t\t\t\t\t\t\t\t\t\t\t\t\t\t\t\t<b>\u00bfQu\u00e9 significa el nombre Hobby4Geek?<\/b>\n\t\t\t\t\t\t\t<\/div>\n\t\t\t\t\t\t\t<div class=\"yith-faqs-content-wrapper\">\n\t\t\t\t\t\t\t\t<div class=\"yith-faqs-content\">\n\t\t\t\t\t\t\t\t\t<p>El nombre \"Hobby4Geek\" combina \"Hobby\", que se refiere a una actividad realizada regularmente por placer, y \"Geek\", que denota una persona con una profunda pasi\u00f3n y conocimientos en \u00e1reas espec\u00edficas como la tecnolog\u00eda, la ciencia ficci\u00f3n y los juegos. En concreto, Hobby4Geek.com se centra en juguetes y figuras coleccionables, con especial \u00e9nfasis en Transformers.<\/p>\n\t\t\t\t\t\t\t\t<\/div>\n\t\t\t\t\t\t\t\t\t\t\t\t\t\t\t\t\t<div class=\"yith-faqs-link\">\n\t\t\t\t\t\t\t\t\t\t<a class=\"yith-faqs-copy\" href=\"#\" data-faq=\"https:\/\/hobby4geek.com\/es\/faq\/#faq-197592\">\n\t\t\t\t\t\t\t\t\t\t\t<span class=\"hover-text\">Copiar enlace<\/span>\n\t\t\t\t\t\t\t\t\t\t\t<span class=\"success-text\">\u00a1Copiado!<\/span>\n\t\t\t\t\t\t\t\t\t\t<\/a>\n\t\t\t\t\t\t\t\t\t<\/div>\n\t\t\t\t\t\t\t\t\t\t\t\t\t\t\t<\/div>\n\t\t\t\t\t\t<\/div>\n\n\t\t\t\t\t\n\t\t\t\t\t\t\t\t\t\t\t\t<div id=\"faq-186180\" class=\"yith-faqs-item icon-right\">\n\t\t\t\t\t\t\t<div class=\"yith-faqs-title\">\n\t\t\t\t\t\t\t\t\t\t\t\t\t\t\t\t\t<div class=\"icon yfwp-plus\"><\/div>\n\t\t\t\t\t\t\t\t\t\t\t\t\t\t\t\t<b>\u00bfOrigen del paquete y gastos de env\u00edo?<\/b>\n\t\t\t\t\t\t\t<\/div>\n\t\t\t\t\t\t\t<div class=\"yith-faqs-content-wrapper\">\n\t\t\t\t\t\t\t\t<div class=\"yith-faqs-content\">\n\t\t\t\t\t\t\t\t\t<ul>\n<li>Nuestros paquetes se env\u00edan desde Francia y China, dependiendo de su ubicaci\u00f3n y del producto que elija. En la p\u00e1gina de cada producto, puede comprobar su disponibilidad para el env\u00edo desde Francia o China.<\/li>\n<\/ul>\n<p>&nbsp;<\/p>\n<ul>\n<li>Los env\u00edos desde China suelen ser gratuitos a casi todo el mundo.<\/li>\n<\/ul>\n<p>&nbsp;<\/p>\n<ul>\n<li>Para los productos enviados desde Francia, pueden aplicarse gastos de env\u00edo en funci\u00f3n del destino. Sin embargo, la entrega es gratuita en Europa para pedidos superiores a 70\u20ac e internacional para pedidos superiores a 150\u20ac.<\/li>\n<\/ul>\n\t\t\t\t\t\t\t\t<\/div>\n\t\t\t\t\t\t\t\t\t\t\t\t\t\t\t\t\t<div class=\"yith-faqs-link\">\n\t\t\t\t\t\t\t\t\t\t<a class=\"yith-faqs-copy\" href=\"#\" data-faq=\"https:\/\/hobby4geek.com\/es\/faq\/#faq-186180\">\n\t\t\t\t\t\t\t\t\t\t\t<span class=\"hover-text\">Copiar enlace<\/span>\n\t\t\t\t\t\t\t\t\t\t\t<span class=\"success-text\">\u00a1Copiado!<\/span>\n\t\t\t\t\t\t\t\t\t\t<\/a>\n\t\t\t\t\t\t\t\t\t<\/div>\n\t\t\t\t\t\t\t\t\t\t\t\t\t\t\t<\/div>\n\t\t\t\t\t\t<\/div>\n\n\t\t\t\t\t\n\t\t\t\t<\/div>\n\t\t\t\t\t\t\t<\/div>","protected":false},"excerpt":{"rendered":"","protected":false},"author":1,"featured_media":0,"parent":0,"menu_order":0,"comment_status":"closed","ping_status":"closed","template":"","meta":{"inline_featured_image":false,"footnotes":""},"class_list":["post-186181","page","type-page","status-publish","hentry"],"yoast_head":"<!-- This site is optimized with the Yoast SEO Premium plugin v25.3.1 (Yoast SEO v27.2) - https:\/\/yoast.com\/product\/yoast-seo-premium-wordpress\/ -->\n<title>Frequently asked questions<\/title>\n<meta name=\"robots\" content=\"index, follow, max-snippet:-1, max-image-preview:large, max-video-preview:-1\" \/>\n<link rel=\"canonical\" href=\"https:\/\/hobby4geek.com\/es\/faq\/\" \/>\n<meta property=\"og:locale\" content=\"es_ES\" \/>\n<meta property=\"og:type\" content=\"article\" \/>\n<meta property=\"og:title\" content=\"Frequently asked questions\" \/>\n<meta property=\"og:url\" content=\"https:\/\/hobby4geek.com\/es\/faq\/\" \/>\n<meta property=\"og:site_name\" content=\"Hobby4Geek\" \/>\n<meta property=\"article:publisher\" content=\"https:\/\/www.facebook.com\/hobby4geek\" \/>\n<meta property=\"article:modified_time\" content=\"2024-06-01T11:26:36+00:00\" \/>\n<meta name=\"twitter:card\" content=\"summary_large_image\" \/>\n<meta name=\"twitter:site\" content=\"@hobby4geek\" \/>\n<script type=\"application\/ld+json\" class=\"yoast-schema-graph\">{\"@context\":\"https:\/\/schema.org\",\"@graph\":[{\"@type\":\"WebPage\",\"@id\":\"https:\/\/hobby4geek.com\/faq\/\",\"url\":\"https:\/\/hobby4geek.com\/faq\/\",\"name\":\"Frequently asked questions\",\"isPartOf\":{\"@id\":\"https:\/\/hobby4geek.com\/#website\"},\"datePublished\":\"2023-04-07T00:15:52+00:00\",\"dateModified\":\"2024-06-01T11:26:36+00:00\",\"breadcrumb\":{\"@id\":\"https:\/\/hobby4geek.com\/faq\/#breadcrumb\"},\"inLanguage\":\"es\",\"potentialAction\":[{\"@type\":\"ReadAction\",\"target\":[\"https:\/\/hobby4geek.com\/faq\/\"]}]},{\"@type\":\"BreadcrumbList\",\"@id\":\"https:\/\/hobby4geek.com\/faq\/#breadcrumb\",\"itemListElement\":[{\"@type\":\"ListItem\",\"position\":1,\"name\":\"Home\",\"item\":\"https:\/\/hobby4geek.com\/\"},{\"@type\":\"ListItem\",\"position\":2,\"name\":\"Frequently asked questions\"}]},{\"@type\":\"WebSite\",\"@id\":\"https:\/\/hobby4geek.com\/#website\",\"url\":\"https:\/\/hobby4geek.com\/\",\"name\":\"Hobby4Geek\",\"description\":\"Collect, Play &amp; Showcase, Embrace your Geekiness\",\"publisher\":{\"@id\":\"https:\/\/hobby4geek.com\/#organization\"},\"potentialAction\":[{\"@type\":\"SearchAction\",\"target\":{\"@type\":\"EntryPoint\",\"urlTemplate\":\"https:\/\/hobby4geek.com\/?s={search_term_string}\"},\"query-input\":{\"@type\":\"PropertyValueSpecification\",\"valueRequired\":true,\"valueName\":\"search_term_string\"}}],\"inLanguage\":\"es\"},{\"@type\":\"Organization\",\"@id\":\"https:\/\/hobby4geek.com\/#organization\",\"name\":\"Hobby4Geek\",\"url\":\"https:\/\/hobby4geek.com\/\",\"logo\":{\"@type\":\"ImageObject\",\"inLanguage\":\"es\",\"@id\":\"https:\/\/hobby4geek.com\/#\/schema\/logo\/image\/\",\"url\":\"https:\/\/hobby4geek.com\/wp-content\/uploads\/2023\/02\/default-kit.png\",\"contentUrl\":\"https:\/\/hobby4geek.com\/wp-content\/uploads\/2023\/02\/default-kit.png\",\"width\":600,\"height\":600,\"caption\":\"Hobby4Geek\"},\"image\":{\"@id\":\"https:\/\/hobby4geek.com\/#\/schema\/logo\/image\/\"},\"sameAs\":[\"https:\/\/www.facebook.com\/hobby4geek\",\"https:\/\/x.com\/hobby4geek\",\"https:\/\/www.instagram.com\/hobby4geek\/\"]}]}<\/script>\n<!-- \/ Yoast SEO Premium plugin. -->","yoast_head_json":{"title":"Preguntas m\u00e1s frecuentes","robots":{"index":"index","follow":"follow","max-snippet":"max-snippet:-1","max-image-preview":"max-image-preview:large","max-video-preview":"max-video-preview:-1"},"canonical":"https:\/\/hobby4geek.com\/es\/faq\/","og_locale":"es_ES","og_type":"article","og_title":"Frequently asked questions","og_url":"https:\/\/hobby4geek.com\/es\/faq\/","og_site_name":"Hobby4Geek","article_publisher":"https:\/\/www.facebook.com\/hobby4geek","article_modified_time":"2024-06-01T11:26:36+00:00","twitter_card":"summary_large_image","twitter_site":"@hobby4geek","schema":{"@context":"https:\/\/schema.org","@graph":[{"@type":"WebPage","@id":"https:\/\/hobby4geek.com\/faq\/","url":"https:\/\/hobby4geek.com\/faq\/","name":"Preguntas m\u00e1s frecuentes","isPartOf":{"@id":"https:\/\/hobby4geek.com\/#website"},"datePublished":"2023-04-07T00:15:52+00:00","dateModified":"2024-06-01T11:26:36+00:00","breadcrumb":{"@id":"https:\/\/hobby4geek.com\/faq\/#breadcrumb"},"inLanguage":"es","potentialAction":[{"@type":"ReadAction","target":["https:\/\/hobby4geek.com\/faq\/"]}]},{"@type":"BreadcrumbList","@id":"https:\/\/hobby4geek.com\/faq\/#breadcrumb","itemListElement":[{"@type":"ListItem","position":1,"name":"Home","item":"https:\/\/hobby4geek.com\/"},{"@type":"ListItem","position":2,"name":"Frequently asked questions"}]},{"@type":"WebSite","@id":"https:\/\/hobby4geek.com\/#website","url":"https:\/\/hobby4geek.com\/","name":"Hobby4Geek","description":"Coleccionar, jugar y exhibir, abrazar su frikismo","publisher":{"@id":"https:\/\/hobby4geek.com\/#organization"},"potentialAction":[{"@type":"SearchAction","target":{"@type":"EntryPoint","urlTemplate":"https:\/\/hobby4geek.com\/?s={search_term_string}"},"query-input":{"@type":"PropertyValueSpecification","valueRequired":true,"valueName":"search_term_string"}}],"inLanguage":"es"},{"@type":"Organization","@id":"https:\/\/hobby4geek.com\/#organization","name":"Hobby4Geek","url":"https:\/\/hobby4geek.com\/","logo":{"@type":"ImageObject","inLanguage":"es","@id":"https:\/\/hobby4geek.com\/#\/schema\/logo\/image\/","url":"https:\/\/hobby4geek.com\/wp-content\/uploads\/2023\/02\/default-kit.png","contentUrl":"https:\/\/hobby4geek.com\/wp-content\/uploads\/2023\/02\/default-kit.png","width":600,"height":600,"caption":"Hobby4Geek"},"image":{"@id":"https:\/\/hobby4geek.com\/#\/schema\/logo\/image\/"},"sameAs":["https:\/\/www.facebook.com\/hobby4geek","https:\/\/x.com\/hobby4geek","https:\/\/www.instagram.com\/hobby4geek\/"]}]}},"_links":{"self":[{"href":"https:\/\/hobby4geek.com\/es\/wp-json\/wp\/v2\/pages\/186181","targetHints":{"allow":["GET"]}}],"collection":[{"href":"https:\/\/hobby4geek.com\/es\/wp-json\/wp\/v2\/pages"}],"about":[{"href":"https:\/\/hobby4geek.com\/es\/wp-json\/wp\/v2\/types\/page"}],"author":[{"embeddable":true,"href":"https:\/\/hobby4geek.com\/es\/wp-json\/wp\/v2\/users\/1"}],"replies":[{"embeddable":true,"href":"https:\/\/hobby4geek.com\/es\/wp-json\/wp\/v2\/comments?post=186181"}],"version-history":[{"count":0,"href":"https:\/\/hobby4geek.com\/es\/wp-json\/wp\/v2\/pages\/186181\/revisions"}],"wp:attachment":[{"href":"https:\/\/hobby4geek.com\/es\/wp-json\/wp\/v2\/media?parent=186181"}],"curies":[{"name":"wp","href":"https:\/\/api.w.org\/{rel}","templated":true}]}}