{"id":875,"date":"2024-01-01T19:25:39","date_gmt":"2024-01-01T18:25:39","guid":{"rendered":"https:\/\/hobby4geek.com\/?post_type=product&#038;p=875"},"modified":"2026-04-14T19:54:03","modified_gmt":"2026-04-14T18:54:03","slug":"weijiang-x-black-apple-w8606-commander-thunder-leader","status":"publish","type":"product","link":"https:\/\/hobby4geek.com\/de\/produkt\/weijiang-x-black-apple-w8606-commander-thunder-leader\/","title":{"rendered":"Black Apple W8606 Commander Thunder Leader \"Optimus Prime\""},"content":{"rendered":"<p>WJ &amp; Black Apple haben Commander Thunder Leader herausgebracht, eine \u00fcbergro\u00dfe und verbesserte Version des MPM-4. Mit einer beeindruckenden H\u00f6he von 29 cm bietet diese Figur einen Ma\u00dfstab, der mit dem der Transformers Movie Masterpiece Serie vergleichbar ist.<\/p>\n<p>Die H\u00e4nde sind beweglich und erm\u00f6glichen eine Vielzahl dynamischer Posen. Die Kampfmaske l\u00e4sst sich von der Innenseite des Kopfes abnehmen und verleiht der Figur authentischen Realismus. Verchromte Teile verbessern das Aussehen der Figur und verleihen ihr einen hochwertigen und anspruchsvollen Look.<\/p>\n<p>Die Kraftstofftanks lassen sich auf geniale Weise in Kanonen umwandeln und erweitern so die Kampff\u00e4higkeiten der Figur. Zus\u00e4tzlich verf\u00fcgt diese transformierbare Figur \u00fcber zwei Schwerter, die unter den Truck gesteckt werden k\u00f6nnen, um epische Szenen und spannende Schlachten nachzustellen.<\/p>\n<p>Mit seinen beweglichen H\u00e4nden, den verchromten Teilen, dem austauschbaren Gesicht und dem Zubeh\u00f6r, zu dem zwei Waffen und zwei Energon-Schwerter geh\u00f6ren, ist Commander - Thunder Leader ein unverzichtbares Sammlerst\u00fcck f\u00fcr jeden Transformers-Fan.<\/p>","protected":false},"excerpt":{"rendered":"<ul>\n<li>Gr\u00f6\u00dfe: 29 cm<\/li>\n<li>Gelenkige H\u00e4nde<\/li>\n<li>Verchromte Teile<\/li>\n<li>Auswechselbares Gesicht<\/li>\n<li>2 x Pistolen<\/li>\n<li>2 x Energon-Schwerter<\/li>\n<\/ul>\n<p><span style=\"font-size: 8pt;\"><em>Dieses Produkt ist derzeit nicht mehr durch den Kundendienst des Herstellers abgedeckt.<\/em><\/span><\/p>","protected":false},"featured_media":178357,"comment_status":"open","ping_status":"closed","template":"","meta":{"inline_featured_image":false},"product_brand":[],"product_cat":[83,84],"product_tag":[2572,1759,199,287,288,231,289,234,290,291,1975,204,292,293],"giftcard-category":[],"class_list":{"0":"post-875","1":"product","2":"type-product","3":"status-publish","4":"has-post-thumbnail","6":"product_cat-black-apple","7":"product_cat-wei-jiang","8":"product_tag-4th-party","9":"product_tag-action-toys","10":"product_tag-autobot","11":"product_tag-black-apple","12":"product_tag-commander","13":"product_tag-movie-masterpiece","14":"product_tag-mpm-4","15":"product_tag-optimus-prime","16":"product_tag-oversize","17":"product_tag-thunder-leader","18":"product_tag-toys-figures","19":"product_tag-transformers","20":"product_tag-wei-jiang","21":"product_tag-wj","22":"product_shipping_class-free-shipping","23":"inventories-china-inventory","25":"first","26":"instock","27":"taxable","28":"shipping-taxable","29":"purchasable","30":"product-type-simple","31":"add-to-wishlist-after_add_to_cart"},"yoast_head":"<!-- This site is optimized with the Yoast SEO Premium plugin v25.3.1 (Yoast SEO v27.2) - https:\/\/yoast.com\/product\/yoast-seo-premium-wordpress\/ -->\n<title>Black Apple W8606 Commander Thunder Leader &quot;Optimus Prime&quot;<\/title>\n<meta name=\"robots\" content=\"index, follow, max-snippet:-1, max-image-preview:large, max-video-preview:-1\" \/>\n<link rel=\"canonical\" href=\"https:\/\/hobby4geek.com\/de\/produkt\/weijiang-x-black-apple-w8606-commander-thunder-leader\/\" \/>\n<meta property=\"og:locale\" content=\"de_DE\" \/>\n<meta property=\"og:type\" content=\"article\" \/>\n<meta property=\"og:title\" content=\"Black Apple W8606 Commander Thunder Leader &quot;Optimus Prime&quot;\" \/>\n<meta property=\"og:description\" content=\"Size: 29 cm  Articulated hands  Chromed parts  Interchangeable face  2 x Guns  2 x Energon Swords  This product is currently no longer covered by the Manufacturer&#039;s After-Sales Service.\" \/>\n<meta property=\"og:url\" content=\"https:\/\/hobby4geek.com\/de\/produkt\/weijiang-x-black-apple-w8606-commander-thunder-leader\/\" \/>\n<meta property=\"og:site_name\" content=\"Hobby4Geek\" \/>\n<meta property=\"article:publisher\" content=\"https:\/\/www.facebook.com\/hobby4geek\" \/>\n<meta property=\"article:modified_time\" content=\"2026-04-14T18:54:03+00:00\" \/>\n<meta property=\"og:image\" content=\"https:\/\/hobby4geek.com\/wp-content\/uploads\/2023\/02\/weijiang-x-black-apple-w8606-commander-thunder-leader-6-1.jpg\" \/>\n\t<meta property=\"og:image:width\" content=\"600\" \/>\n\t<meta property=\"og:image:height\" content=\"483\" \/>\n\t<meta property=\"og:image:type\" content=\"image\/jpeg\" \/>\n<meta name=\"twitter:card\" content=\"summary_large_image\" \/>\n<meta name=\"twitter:site\" content=\"@hobby4geek\" \/>\n<script type=\"application\/ld+json\" class=\"yoast-schema-graph\">{\"@context\":\"https:\/\/schema.org\",\"@graph\":[{\"@type\":\"WebPage\",\"@id\":\"https:\/\/hobby4geek.com\/product\/black-apple-w8606-commander-thunder-leader\/\",\"url\":\"https:\/\/hobby4geek.com\/product\/black-apple-w8606-commander-thunder-leader\/\",\"name\":\"Black Apple W8606 Commander Thunder Leader \\\"Optimus Prime\\\"\",\"isPartOf\":{\"@id\":\"https:\/\/hobby4geek.com\/#website\"},\"primaryImageOfPage\":{\"@id\":\"https:\/\/hobby4geek.com\/product\/black-apple-w8606-commander-thunder-leader\/#primaryimage\"},\"image\":{\"@id\":\"https:\/\/hobby4geek.com\/product\/black-apple-w8606-commander-thunder-leader\/#primaryimage\"},\"thumbnailUrl\":\"https:\/\/hobby4geek.com\/wp-content\/uploads\/2023\/02\/weijiang-x-black-apple-w8606-commander-thunder-leader-6-1.jpg\",\"datePublished\":\"2024-01-01T18:25:39+00:00\",\"dateModified\":\"2026-04-14T18:54:03+00:00\",\"breadcrumb\":{\"@id\":\"https:\/\/hobby4geek.com\/product\/black-apple-w8606-commander-thunder-leader\/#breadcrumb\"},\"inLanguage\":\"de\",\"potentialAction\":[{\"@type\":\"ReadAction\",\"target\":[\"https:\/\/hobby4geek.com\/product\/black-apple-w8606-commander-thunder-leader\/\"]}]},{\"@type\":\"ImageObject\",\"inLanguage\":\"de\",\"@id\":\"https:\/\/hobby4geek.com\/product\/black-apple-w8606-commander-thunder-leader\/#primaryimage\",\"url\":\"https:\/\/hobby4geek.com\/wp-content\/uploads\/2023\/02\/weijiang-x-black-apple-w8606-commander-thunder-leader-6-1.jpg\",\"contentUrl\":\"https:\/\/hobby4geek.com\/wp-content\/uploads\/2023\/02\/weijiang-x-black-apple-w8606-commander-thunder-leader-6-1.jpg\",\"width\":600,\"height\":483},{\"@type\":\"BreadcrumbList\",\"@id\":\"https:\/\/hobby4geek.com\/product\/black-apple-w8606-commander-thunder-leader\/#breadcrumb\",\"itemListElement\":[{\"@type\":\"ListItem\",\"position\":1,\"name\":\"Home\",\"item\":\"https:\/\/hobby4geek.com\/\"},{\"@type\":\"ListItem\",\"position\":2,\"name\":\"Shop\",\"item\":\"https:\/\/hobby4geek.com\/shop\/\"},{\"@type\":\"ListItem\",\"position\":3,\"name\":\"Black Apple W8606 Commander Thunder Leader &#8220;Optimus Prime&#8221;\"}]},{\"@type\":\"WebSite\",\"@id\":\"https:\/\/hobby4geek.com\/#website\",\"url\":\"https:\/\/hobby4geek.com\/\",\"name\":\"Hobby4Geek\",\"description\":\"Collect, Play &amp; Showcase, Embrace your Geekiness\",\"publisher\":{\"@id\":\"https:\/\/hobby4geek.com\/#organization\"},\"potentialAction\":[{\"@type\":\"SearchAction\",\"target\":{\"@type\":\"EntryPoint\",\"urlTemplate\":\"https:\/\/hobby4geek.com\/?s={search_term_string}\"},\"query-input\":{\"@type\":\"PropertyValueSpecification\",\"valueRequired\":true,\"valueName\":\"search_term_string\"}}],\"inLanguage\":\"de\"},{\"@type\":\"Organization\",\"@id\":\"https:\/\/hobby4geek.com\/#organization\",\"name\":\"Hobby4Geek\",\"url\":\"https:\/\/hobby4geek.com\/\",\"logo\":{\"@type\":\"ImageObject\",\"inLanguage\":\"de\",\"@id\":\"https:\/\/hobby4geek.com\/#\/schema\/logo\/image\/\",\"url\":\"https:\/\/hobby4geek.com\/wp-content\/uploads\/2023\/02\/default-kit.png\",\"contentUrl\":\"https:\/\/hobby4geek.com\/wp-content\/uploads\/2023\/02\/default-kit.png\",\"width\":600,\"height\":600,\"caption\":\"Hobby4Geek\"},\"image\":{\"@id\":\"https:\/\/hobby4geek.com\/#\/schema\/logo\/image\/\"},\"sameAs\":[\"https:\/\/www.facebook.com\/hobby4geek\",\"https:\/\/x.com\/hobby4geek\",\"https:\/\/www.instagram.com\/hobby4geek\/\"]}]}<\/script>\n<meta property=\"product:brand\" content=\"Black Apple\" \/>\n<meta property=\"product:price:amount\" content=\"186.90\" \/>\n<meta property=\"product:price:currency\" content=\"EUR\" \/>\n<meta property=\"og:availability\" content=\"instock\" \/>\n<meta property=\"product:availability\" content=\"instock\" \/>\n<meta property=\"product:condition\" content=\"new\" \/>\n<!-- \/ Yoast SEO Premium plugin. -->","yoast_head_json":{"title":"Black Apple W8606 Commander Thunder Leader \"Optimus Prime\"","robots":{"index":"index","follow":"follow","max-snippet":"max-snippet:-1","max-image-preview":"max-image-preview:large","max-video-preview":"max-video-preview:-1"},"canonical":"https:\/\/hobby4geek.com\/de\/produkt\/weijiang-x-black-apple-w8606-commander-thunder-leader\/","og_locale":"de_DE","og_type":"article","og_title":"Black Apple W8606 Commander Thunder Leader \"Optimus Prime\"","og_description":"Size: 29 cm  Articulated hands  Chromed parts  Interchangeable face  2 x Guns  2 x Energon Swords  This product is currently no longer covered by the Manufacturer's After-Sales Service.","og_url":"https:\/\/hobby4geek.com\/de\/produkt\/weijiang-x-black-apple-w8606-commander-thunder-leader\/","og_site_name":"Hobby4Geek","article_publisher":"https:\/\/www.facebook.com\/hobby4geek","article_modified_time":"2026-04-14T18:54:03+00:00","og_image":[{"width":600,"height":483,"url":"https:\/\/hobby4geek.com\/wp-content\/uploads\/2023\/02\/weijiang-x-black-apple-w8606-commander-thunder-leader-6-1.jpg","type":"image\/jpeg"}],"twitter_card":"summary_large_image","twitter_site":"@hobby4geek","schema":{"@context":"https:\/\/schema.org","@graph":[{"@type":"WebPage","@id":"https:\/\/hobby4geek.com\/product\/black-apple-w8606-commander-thunder-leader\/","url":"https:\/\/hobby4geek.com\/product\/black-apple-w8606-commander-thunder-leader\/","name":"Black Apple W8606 Commander Thunder Leader \"Optimus Prime\"","isPartOf":{"@id":"https:\/\/hobby4geek.com\/#website"},"primaryImageOfPage":{"@id":"https:\/\/hobby4geek.com\/product\/black-apple-w8606-commander-thunder-leader\/#primaryimage"},"image":{"@id":"https:\/\/hobby4geek.com\/product\/black-apple-w8606-commander-thunder-leader\/#primaryimage"},"thumbnailUrl":"https:\/\/hobby4geek.com\/wp-content\/uploads\/2023\/02\/weijiang-x-black-apple-w8606-commander-thunder-leader-6-1.jpg","datePublished":"2024-01-01T18:25:39+00:00","dateModified":"2026-04-14T18:54:03+00:00","breadcrumb":{"@id":"https:\/\/hobby4geek.com\/product\/black-apple-w8606-commander-thunder-leader\/#breadcrumb"},"inLanguage":"de","potentialAction":[{"@type":"ReadAction","target":["https:\/\/hobby4geek.com\/product\/black-apple-w8606-commander-thunder-leader\/"]}]},{"@type":"ImageObject","inLanguage":"de","@id":"https:\/\/hobby4geek.com\/product\/black-apple-w8606-commander-thunder-leader\/#primaryimage","url":"https:\/\/hobby4geek.com\/wp-content\/uploads\/2023\/02\/weijiang-x-black-apple-w8606-commander-thunder-leader-6-1.jpg","contentUrl":"https:\/\/hobby4geek.com\/wp-content\/uploads\/2023\/02\/weijiang-x-black-apple-w8606-commander-thunder-leader-6-1.jpg","width":600,"height":483},{"@type":"BreadcrumbList","@id":"https:\/\/hobby4geek.com\/product\/black-apple-w8606-commander-thunder-leader\/#breadcrumb","itemListElement":[{"@type":"ListItem","position":1,"name":"Home","item":"https:\/\/hobby4geek.com\/"},{"@type":"ListItem","position":2,"name":"Shop","item":"https:\/\/hobby4geek.com\/shop\/"},{"@type":"ListItem","position":3,"name":"Black Apple W8606 Commander Thunder Leader &#8220;Optimus Prime&#8221;"}]},{"@type":"WebSite","@id":"https:\/\/hobby4geek.com\/#website","url":"https:\/\/hobby4geek.com\/","name":"Hobby4Geek","description":"Sammeln, Spielen &amp; Pr\u00e4sentieren, Umarmung der Geekiness","publisher":{"@id":"https:\/\/hobby4geek.com\/#organization"},"potentialAction":[{"@type":"SearchAction","target":{"@type":"EntryPoint","urlTemplate":"https:\/\/hobby4geek.com\/?s={search_term_string}"},"query-input":{"@type":"PropertyValueSpecification","valueRequired":true,"valueName":"search_term_string"}}],"inLanguage":"de"},{"@type":"Organization","@id":"https:\/\/hobby4geek.com\/#organization","name":"Hobby4Geek","url":"https:\/\/hobby4geek.com\/","logo":{"@type":"ImageObject","inLanguage":"de","@id":"https:\/\/hobby4geek.com\/#\/schema\/logo\/image\/","url":"https:\/\/hobby4geek.com\/wp-content\/uploads\/2023\/02\/default-kit.png","contentUrl":"https:\/\/hobby4geek.com\/wp-content\/uploads\/2023\/02\/default-kit.png","width":600,"height":600,"caption":"Hobby4Geek"},"image":{"@id":"https:\/\/hobby4geek.com\/#\/schema\/logo\/image\/"},"sameAs":["https:\/\/www.facebook.com\/hobby4geek","https:\/\/x.com\/hobby4geek","https:\/\/www.instagram.com\/hobby4geek\/"]}]},"product_brand":"Black Apple","product_price_amount":"186.90","product_price_currency":"EUR","og_availability":"instock","product_availability":"instock","product_condition":"new"},"_links":{"self":[{"href":"https:\/\/hobby4geek.com\/de\/wp-json\/wp\/v2\/product\/875","targetHints":{"allow":["GET"]}}],"collection":[{"href":"https:\/\/hobby4geek.com\/de\/wp-json\/wp\/v2\/product"}],"about":[{"href":"https:\/\/hobby4geek.com\/de\/wp-json\/wp\/v2\/types\/product"}],"replies":[{"embeddable":true,"href":"https:\/\/hobby4geek.com\/de\/wp-json\/wp\/v2\/comments?post=875"}],"version-history":[{"count":0,"href":"https:\/\/hobby4geek.com\/de\/wp-json\/wp\/v2\/product\/875\/revisions"}],"wp:featuredmedia":[{"embeddable":true,"href":"https:\/\/hobby4geek.com\/de\/wp-json\/wp\/v2\/media\/178357"}],"wp:attachment":[{"href":"https:\/\/hobby4geek.com\/de\/wp-json\/wp\/v2\/media?parent=875"}],"wp:term":[{"taxonomy":"product_brand","embeddable":true,"href":"https:\/\/hobby4geek.com\/de\/wp-json\/wp\/v2\/product_brand?post=875"},{"taxonomy":"product_cat","embeddable":true,"href":"https:\/\/hobby4geek.com\/de\/wp-json\/wp\/v2\/product_cat?post=875"},{"taxonomy":"product_tag","embeddable":true,"href":"https:\/\/hobby4geek.com\/de\/wp-json\/wp\/v2\/product_tag?post=875"},{"taxonomy":"giftcard-category","embeddable":true,"href":"https:\/\/hobby4geek.com\/de\/wp-json\/wp\/v2\/giftcard-category?post=875"}],"curies":[{"name":"wp","href":"https:\/\/api.w.org\/{rel}","templated":true}]}}