{"id":85107,"date":"2019-09-12T22:43:46","date_gmt":"2019-09-12T21:43:46","guid":{"rendered":"https:\/\/hobby4geek.com\/?post_type=product&#038;p=85107"},"modified":"2024-05-12T13:04:30","modified_gmt":"2024-05-12T12:04:30","slug":"transformers-studio-series-42-voyager-constructicon-long-haul","status":"publish","type":"product","link":"https:\/\/hobby4geek.com\/de\/produkt\/transformers-studio-series-42-voyager-constructicon-long-haul\/","title":{"rendered":"Transformers Studio Series - 42 Voyager Constructicon Fernverkehr"},"content":{"rendered":"<p>Die Studio Series-Figuren und ihre Deko sind in ihrer Gr\u00f6\u00dfe den Figuren aus dem Transformers-Universum angepasst und von ikonischen Figuren und Szenen aus dem Film inspiriert. Au\u00dferdem eignen sich diese Figuren hervorragend f\u00fcr den Aufbau einer tollen Transformers-Sammlung.<\/p>\n<p>In der W\u00fcstenpyramiden-Schlachtszene aus Transformers: Revenge of the Fallen verbindet sich das Constructicon Long Haul mit 7 seiner Constructicon-Kollegen zu dem brutalen Kombinator Devastator.<\/p>\n<p>Dieses Studio Series 42 Voyager Class Transformers : Revenge of the Fallen Constructicon Long Haul l\u00e4sst sich in 21 Schritten vom Roboter- in den Muldenkippermodus umwandeln. Entferne die Kulisse, um Constructicon Long Haul in der W\u00fcstenpyramiden-Schlachtszene zu pr\u00e4sentieren. Die Figur verf\u00fcgt \u00fcber eine lebendige, vom Film inspirierte Deko.<\/p>\n<ul>\n<li>16,51 cm (6,50 Zoll)<\/li>\n<li>Reisegr\u00f6\u00dfe<\/li>\n<li>Aus Kunststoff<\/li>\n<li>Basierend auf der Filmreihe Transformers<\/li>\n<li>Hochwertige Figuren und ein abnehmbarer Boden, inspiriert von den legend\u00e4ren Transformers-Filmszenen<\/li>\n<li>Long Haul wird in 21 Schritten vom Roboter- zum Zementmischer-Modus<\/li>\n<\/ul>","protected":false},"excerpt":{"rendered":"<ul>\n<li>16,51 cm (6,50 Zoll)<\/li>\n<li>Reisegr\u00f6\u00dfe<\/li>\n<li>Aus Kunststoff<\/li>\n<li>Basierend auf der Filmreihe Transformers<\/li>\n<li>Hochwertige Figuren und ein abnehmbarer Boden, inspiriert von den legend\u00e4ren Transformers-Filmszenen<\/li>\n<li>Long Haul wird in 21 Schritten vom Roboter- zum Zementmischer-Modus<\/li>\n<\/ul>","protected":false},"featured_media":179461,"comment_status":"open","ping_status":"closed","template":"","meta":{"inline_featured_image":false},"product_brand":[],"product_cat":[1955,68,69,1960],"product_tag":[702,200,1759,674,221,668,406,655,703,240,203,1975,204,247],"giftcard-category":[],"class_list":{"0":"post-85107","1":"product","2":"type-product","3":"status-publish","4":"has-post-thumbnail","6":"product_cat-transformers","7":"product_cat-hasbro","8":"product_cat-takara-tomy","9":"product_cat-transformers-generations","10":"product_tag-702","11":"product_tag-action-figures","12":"product_tag-action-toys","13":"product_tag-constructicon","14":"product_tag-decepticon","15":"product_tag-revenge-of-the-fallen","16":"product_tag-rotf","17":"product_tag-ss","18":"product_tag-ss42","19":"product_tag-studio-series","20":"product_tag-takara-tomy","21":"product_tag-toys-figures","22":"product_tag-transformers","23":"product_tag-voyager","24":"product_shipping_class-from-china","26":"first","27":"outofstock","28":"taxable","29":"shipping-taxable","30":"purchasable","31":"product-type-simple","32":"add-to-wishlist-after_add_to_cart"},"yoast_head":"<!-- This site is optimized with the Yoast SEO Premium plugin v25.3.1 (Yoast SEO v27.2) - https:\/\/yoast.com\/product\/yoast-seo-premium-wordpress\/ -->\n<title>Transformers Studio Series - 42 Voyager Constructicon Long Haul<\/title>\n<meta name=\"robots\" content=\"index, follow, max-snippet:-1, max-image-preview:large, max-video-preview:-1\" \/>\n<link rel=\"canonical\" href=\"https:\/\/hobby4geek.com\/de\/produkt\/transformers-studio-series-42-voyager-constructicon-long-haul\/\" \/>\n<meta property=\"og:locale\" content=\"de_DE\" \/>\n<meta property=\"og:type\" content=\"article\" \/>\n<meta property=\"og:title\" content=\"Transformers Studio Series - 42 Voyager Constructicon Long Haul\" \/>\n<meta property=\"og:description\" content=\"16.51cm (6.50 inches)  travel size  In plastic  Based on the Transformers film series  Premium figures and removable bottom inspired by iconic Transformers movie scenes  Long Haul goes from robot mode to cement mixer mode in 21 steps\" \/>\n<meta property=\"og:url\" content=\"https:\/\/hobby4geek.com\/de\/produkt\/transformers-studio-series-42-voyager-constructicon-long-haul\/\" \/>\n<meta property=\"og:site_name\" content=\"Hobby4Geek\" \/>\n<meta property=\"article:publisher\" content=\"https:\/\/www.facebook.com\/hobby4geek\" \/>\n<meta property=\"article:modified_time\" content=\"2024-05-12T12:04:30+00:00\" \/>\n<meta property=\"og:image\" content=\"https:\/\/hobby4geek.com\/wp-content\/uploads\/2023\/02\/transformers-studio-series-42-voyager-constructicon-long-haul.jpg\" \/>\n\t<meta property=\"og:image:width\" content=\"750\" \/>\n\t<meta property=\"og:image:height\" content=\"750\" \/>\n\t<meta property=\"og:image:type\" content=\"image\/jpeg\" \/>\n<meta name=\"twitter:card\" content=\"summary_large_image\" \/>\n<meta name=\"twitter:site\" content=\"@hobby4geek\" \/>\n<script type=\"application\/ld+json\" class=\"yoast-schema-graph\">{\"@context\":\"https:\/\/schema.org\",\"@graph\":[{\"@type\":\"WebPage\",\"@id\":\"https:\/\/hobby4geek.com\/de\/produkt\/transformers-studio-series-42-voyager-constructicon-long-haul\/\",\"url\":\"https:\/\/hobby4geek.com\/de\/produkt\/transformers-studio-series-42-voyager-constructicon-long-haul\/\",\"name\":\"Transformers Studio Series - 42 Voyager Constructicon Long Haul\",\"isPartOf\":{\"@id\":\"https:\/\/hobby4geek.com\/#website\"},\"primaryImageOfPage\":{\"@id\":\"https:\/\/hobby4geek.com\/de\/produkt\/transformers-studio-series-42-voyager-constructicon-long-haul\/#primaryimage\"},\"image\":{\"@id\":\"https:\/\/hobby4geek.com\/de\/produkt\/transformers-studio-series-42-voyager-constructicon-long-haul\/#primaryimage\"},\"thumbnailUrl\":\"https:\/\/hobby4geek.com\/wp-content\/uploads\/2023\/02\/transformers-studio-series-42-voyager-constructicon-long-haul.jpg\",\"datePublished\":\"2019-09-12T21:43:46+00:00\",\"dateModified\":\"2024-05-12T12:04:30+00:00\",\"breadcrumb\":{\"@id\":\"https:\/\/hobby4geek.com\/de\/produkt\/transformers-studio-series-42-voyager-constructicon-long-haul\/#breadcrumb\"},\"inLanguage\":\"de\",\"potentialAction\":[{\"@type\":\"ReadAction\",\"target\":[\"https:\/\/hobby4geek.com\/de\/produkt\/transformers-studio-series-42-voyager-constructicon-long-haul\/\"]}]},{\"@type\":\"ImageObject\",\"inLanguage\":\"de\",\"@id\":\"https:\/\/hobby4geek.com\/de\/produkt\/transformers-studio-series-42-voyager-constructicon-long-haul\/#primaryimage\",\"url\":\"https:\/\/hobby4geek.com\/wp-content\/uploads\/2023\/02\/transformers-studio-series-42-voyager-constructicon-long-haul.jpg\",\"contentUrl\":\"https:\/\/hobby4geek.com\/wp-content\/uploads\/2023\/02\/transformers-studio-series-42-voyager-constructicon-long-haul.jpg\",\"width\":750,\"height\":750},{\"@type\":\"BreadcrumbList\",\"@id\":\"https:\/\/hobby4geek.com\/de\/produkt\/transformers-studio-series-42-voyager-constructicon-long-haul\/#breadcrumb\",\"itemListElement\":[{\"@type\":\"ListItem\",\"position\":1,\"name\":\"Home\",\"item\":\"https:\/\/hobby4geek.com\/\"},{\"@type\":\"ListItem\",\"position\":2,\"name\":\"Shop\",\"item\":\"https:\/\/hobby4geek.com\/shop\/\"},{\"@type\":\"ListItem\",\"position\":3,\"name\":\"Transformers Studio Series &#8211; 42 Voyager Constructicon Long Haul\"}]},{\"@type\":\"WebSite\",\"@id\":\"https:\/\/hobby4geek.com\/#website\",\"url\":\"https:\/\/hobby4geek.com\/\",\"name\":\"Hobby4Geek\",\"description\":\"Collect, Play &amp; Showcase, Embrace your Geekiness\",\"publisher\":{\"@id\":\"https:\/\/hobby4geek.com\/#organization\"},\"potentialAction\":[{\"@type\":\"SearchAction\",\"target\":{\"@type\":\"EntryPoint\",\"urlTemplate\":\"https:\/\/hobby4geek.com\/?s={search_term_string}\"},\"query-input\":{\"@type\":\"PropertyValueSpecification\",\"valueRequired\":true,\"valueName\":\"search_term_string\"}}],\"inLanguage\":\"de\"},{\"@type\":\"Organization\",\"@id\":\"https:\/\/hobby4geek.com\/#organization\",\"name\":\"Hobby4Geek\",\"url\":\"https:\/\/hobby4geek.com\/\",\"logo\":{\"@type\":\"ImageObject\",\"inLanguage\":\"de\",\"@id\":\"https:\/\/hobby4geek.com\/#\/schema\/logo\/image\/\",\"url\":\"https:\/\/hobby4geek.com\/wp-content\/uploads\/2023\/02\/default-kit.png\",\"contentUrl\":\"https:\/\/hobby4geek.com\/wp-content\/uploads\/2023\/02\/default-kit.png\",\"width\":600,\"height\":600,\"caption\":\"Hobby4Geek\"},\"image\":{\"@id\":\"https:\/\/hobby4geek.com\/#\/schema\/logo\/image\/\"},\"sameAs\":[\"https:\/\/www.facebook.com\/hobby4geek\",\"https:\/\/x.com\/hobby4geek\",\"https:\/\/www.instagram.com\/hobby4geek\/\"]}]}<\/script>\n<meta property=\"product:brand\" content=\"Transformers\" \/>\n<meta property=\"product:price:amount\" content=\"48.00\" \/>\n<meta property=\"product:price:currency\" content=\"EUR\" \/>\n<meta property=\"og:availability\" content=\"out of stock\" \/>\n<meta property=\"product:availability\" content=\"out of stock\" \/>\n<meta property=\"product:condition\" content=\"new\" \/>\n<!-- \/ Yoast SEO Premium plugin. -->","yoast_head_json":{"title":"Transformers Studio Series - 42 Voyager Constructicon Fernverkehr","robots":{"index":"index","follow":"follow","max-snippet":"max-snippet:-1","max-image-preview":"max-image-preview:large","max-video-preview":"max-video-preview:-1"},"canonical":"https:\/\/hobby4geek.com\/de\/produkt\/transformers-studio-series-42-voyager-constructicon-long-haul\/","og_locale":"de_DE","og_type":"article","og_title":"Transformers Studio Series - 42 Voyager Constructicon Long Haul","og_description":"16.51cm (6.50 inches)  travel size  In plastic  Based on the Transformers film series  Premium figures and removable bottom inspired by iconic Transformers movie scenes  Long Haul goes from robot mode to cement mixer mode in 21 steps","og_url":"https:\/\/hobby4geek.com\/de\/produkt\/transformers-studio-series-42-voyager-constructicon-long-haul\/","og_site_name":"Hobby4Geek","article_publisher":"https:\/\/www.facebook.com\/hobby4geek","article_modified_time":"2024-05-12T12:04:30+00:00","og_image":[{"width":750,"height":750,"url":"https:\/\/hobby4geek.com\/wp-content\/uploads\/2023\/02\/transformers-studio-series-42-voyager-constructicon-long-haul.jpg","type":"image\/jpeg"}],"twitter_card":"summary_large_image","twitter_site":"@hobby4geek","schema":{"@context":"https:\/\/schema.org","@graph":[{"@type":"WebPage","@id":"https:\/\/hobby4geek.com\/de\/produkt\/transformers-studio-series-42-voyager-constructicon-long-haul\/","url":"https:\/\/hobby4geek.com\/de\/produkt\/transformers-studio-series-42-voyager-constructicon-long-haul\/","name":"Transformers Studio Series - 42 Voyager Constructicon Fernverkehr","isPartOf":{"@id":"https:\/\/hobby4geek.com\/#website"},"primaryImageOfPage":{"@id":"https:\/\/hobby4geek.com\/de\/produkt\/transformers-studio-series-42-voyager-constructicon-long-haul\/#primaryimage"},"image":{"@id":"https:\/\/hobby4geek.com\/de\/produkt\/transformers-studio-series-42-voyager-constructicon-long-haul\/#primaryimage"},"thumbnailUrl":"https:\/\/hobby4geek.com\/wp-content\/uploads\/2023\/02\/transformers-studio-series-42-voyager-constructicon-long-haul.jpg","datePublished":"2019-09-12T21:43:46+00:00","dateModified":"2024-05-12T12:04:30+00:00","breadcrumb":{"@id":"https:\/\/hobby4geek.com\/de\/produkt\/transformers-studio-series-42-voyager-constructicon-long-haul\/#breadcrumb"},"inLanguage":"de","potentialAction":[{"@type":"ReadAction","target":["https:\/\/hobby4geek.com\/de\/produkt\/transformers-studio-series-42-voyager-constructicon-long-haul\/"]}]},{"@type":"ImageObject","inLanguage":"de","@id":"https:\/\/hobby4geek.com\/de\/produkt\/transformers-studio-series-42-voyager-constructicon-long-haul\/#primaryimage","url":"https:\/\/hobby4geek.com\/wp-content\/uploads\/2023\/02\/transformers-studio-series-42-voyager-constructicon-long-haul.jpg","contentUrl":"https:\/\/hobby4geek.com\/wp-content\/uploads\/2023\/02\/transformers-studio-series-42-voyager-constructicon-long-haul.jpg","width":750,"height":750},{"@type":"BreadcrumbList","@id":"https:\/\/hobby4geek.com\/de\/produkt\/transformers-studio-series-42-voyager-constructicon-long-haul\/#breadcrumb","itemListElement":[{"@type":"ListItem","position":1,"name":"Home","item":"https:\/\/hobby4geek.com\/"},{"@type":"ListItem","position":2,"name":"Shop","item":"https:\/\/hobby4geek.com\/shop\/"},{"@type":"ListItem","position":3,"name":"Transformers Studio Series &#8211; 42 Voyager Constructicon Long Haul"}]},{"@type":"WebSite","@id":"https:\/\/hobby4geek.com\/#website","url":"https:\/\/hobby4geek.com\/","name":"Hobby4Geek","description":"Sammeln, Spielen &amp; Pr\u00e4sentieren, Umarmung der Geekiness","publisher":{"@id":"https:\/\/hobby4geek.com\/#organization"},"potentialAction":[{"@type":"SearchAction","target":{"@type":"EntryPoint","urlTemplate":"https:\/\/hobby4geek.com\/?s={search_term_string}"},"query-input":{"@type":"PropertyValueSpecification","valueRequired":true,"valueName":"search_term_string"}}],"inLanguage":"de"},{"@type":"Organization","@id":"https:\/\/hobby4geek.com\/#organization","name":"Hobby4Geek","url":"https:\/\/hobby4geek.com\/","logo":{"@type":"ImageObject","inLanguage":"de","@id":"https:\/\/hobby4geek.com\/#\/schema\/logo\/image\/","url":"https:\/\/hobby4geek.com\/wp-content\/uploads\/2023\/02\/default-kit.png","contentUrl":"https:\/\/hobby4geek.com\/wp-content\/uploads\/2023\/02\/default-kit.png","width":600,"height":600,"caption":"Hobby4Geek"},"image":{"@id":"https:\/\/hobby4geek.com\/#\/schema\/logo\/image\/"},"sameAs":["https:\/\/www.facebook.com\/hobby4geek","https:\/\/x.com\/hobby4geek","https:\/\/www.instagram.com\/hobby4geek\/"]}]},"product_brand":"Transformers","product_price_amount":"48.00","product_price_currency":"EUR","og_availability":"out of stock","product_availability":"out of stock","product_condition":"new"},"_links":{"self":[{"href":"https:\/\/hobby4geek.com\/de\/wp-json\/wp\/v2\/product\/85107","targetHints":{"allow":["GET"]}}],"collection":[{"href":"https:\/\/hobby4geek.com\/de\/wp-json\/wp\/v2\/product"}],"about":[{"href":"https:\/\/hobby4geek.com\/de\/wp-json\/wp\/v2\/types\/product"}],"replies":[{"embeddable":true,"href":"https:\/\/hobby4geek.com\/de\/wp-json\/wp\/v2\/comments?post=85107"}],"version-history":[{"count":0,"href":"https:\/\/hobby4geek.com\/de\/wp-json\/wp\/v2\/product\/85107\/revisions"}],"wp:featuredmedia":[{"embeddable":true,"href":"https:\/\/hobby4geek.com\/de\/wp-json\/wp\/v2\/media\/179461"}],"wp:attachment":[{"href":"https:\/\/hobby4geek.com\/de\/wp-json\/wp\/v2\/media?parent=85107"}],"wp:term":[{"taxonomy":"product_brand","embeddable":true,"href":"https:\/\/hobby4geek.com\/de\/wp-json\/wp\/v2\/product_brand?post=85107"},{"taxonomy":"product_cat","embeddable":true,"href":"https:\/\/hobby4geek.com\/de\/wp-json\/wp\/v2\/product_cat?post=85107"},{"taxonomy":"product_tag","embeddable":true,"href":"https:\/\/hobby4geek.com\/de\/wp-json\/wp\/v2\/product_tag?post=85107"},{"taxonomy":"giftcard-category","embeddable":true,"href":"https:\/\/hobby4geek.com\/de\/wp-json\/wp\/v2\/giftcard-category?post=85107"}],"curies":[{"name":"wp","href":"https:\/\/api.w.org\/{rel}","templated":true}]}}