{"id":85034,"date":"2019-10-10T03:25:00","date_gmt":"2019-10-10T02:25:00","guid":{"rendered":"https:\/\/hobby4geek.com\/?post_type=product&#038;p=85034"},"modified":"2024-05-12T12:55:09","modified_gmt":"2024-05-12T11:55:09","slug":"transformers-studio-series-52-deluxe-arcee-chromia-elita1","status":"publish","type":"product","link":"https:\/\/hobby4geek.com\/de\/produkt\/transformers-studio-series-52-deluxe-arcee-chromia-elita1\/","title":{"rendered":"Transformers Studio Series - 52 Deluxe Arcee, Chromia &amp; Elita-1"},"content":{"rendered":"<p>Die Studio Series-Figuren und ihre Deko sind in ihrer Gr\u00f6\u00dfe den Figuren aus dem Transformers-Universum angepasst und von ikonischen Figuren und Szenen aus dem Film inspiriert. Au\u00dferdem eignen sich diese Figuren hervorragend f\u00fcr den Aufbau einer tollen Transformers-Sammlung.<\/p>\n<p>In der Shanghai-Verfolgungsszene aus Transformers: Revenge of the Fallen verfolgen Arcee, Chromia und Elita-1 die Decepticons.<\/p>\n<p>Diese Figuren der Studio 52 Deluxe Serie Arcee, Chromia und Elita-1 verf\u00fcgen \u00fcber eine lebendige, vom Film inspirierte Deko und lassen sich in 15, 12 und 16 Schritten vom Roboter- in den Motorradmodus verwandeln. Nimm den Hintergrund ab, um die Pers\u00f6nlichkeiten aus der Verfolgungsszene in Shanghai zu zeigen. Enth\u00e4lt 3 St\u00e4nder und 3 detaillierte Zubeh\u00f6rteile.<\/p>\n<ul>\n<li>4,50 Zoll (11,43cm)<\/li>\n<li>Deluxe Gr\u00f6\u00dfe<\/li>\n<li>Aus Kunststoff<\/li>\n<li>Basierend auf Transformers: Revenge of the Fallen<\/li>\n<li>Umstellung vom Roboter- auf den Motorradmodus in 15, 12 und 16 Schritten.<\/li>\n<li>Premium-Wert<\/li>\n<li>Abnehmbarer Boden, inspiriert von einer ikonischen Szene aus dem Film Transformers<\/li>\n<li>Arcee-Figur<\/li>\n<li>Chromia-Figur<\/li>\n<li>Abbildung Elita-1<\/li>\n<li>3 Waffen<\/li>\n<li>3 St\u00e4nde<\/li>\n<\/ul>","protected":false},"excerpt":{"rendered":"<ul>\n<li>4,50 Zoll (11,43cm)<\/li>\n<li>Deluxe Gr\u00f6\u00dfe<\/li>\n<li>Aus Kunststoff<\/li>\n<li>Basierend auf Transformers: Revenge of the Fallen<\/li>\n<li>Umstellung vom Roboter- auf den Motorradmodus in 15, 12 und 16 Schritten.<\/li>\n<li>Premium-Wert<\/li>\n<li>Abnehmbarer Boden, inspiriert von einer ikonischen Szene aus dem Film Transformers<\/li>\n<li>Arcee-Figur<\/li>\n<li>Chromia-Figur<\/li>\n<li>Abbildung Elita-1<\/li>\n<li>3 Waffen<\/li>\n<li>3 St\u00e4nde<\/li>\n<\/ul>","protected":false},"featured_media":179429,"comment_status":"open","ping_status":"closed","template":"","meta":{"inline_featured_image":false},"product_brand":[],"product_cat":[1955,68,69,1960],"product_tag":[663,664,200,1759,665,199,666,239,667,668,406,655,669,240,203,1975,204],"giftcard-category":[],"class_list":{"0":"post-85034","1":"product","2":"type-product","3":"status-publish","4":"has-post-thumbnail","6":"product_cat-transformers","7":"product_cat-hasbro","8":"product_cat-takara-tomy","9":"product_cat-transformers-generations","10":"product_tag-3-pack","11":"product_tag-664","12":"product_tag-action-figures","13":"product_tag-action-toys","14":"product_tag-arcee","15":"product_tag-autobot","16":"product_tag-chromia","17":"product_tag-deluxe","18":"product_tag-elita-1","19":"product_tag-revenge-of-the-fallen","20":"product_tag-rotf","21":"product_tag-ss","22":"product_tag-ss52","23":"product_tag-studio-series","24":"product_tag-takara-tomy","25":"product_tag-toys-figures","26":"product_tag-transformers","27":"product_shipping_class-from-china","28":"inventories-china-inventory","30":"first","31":"outofstock","32":"taxable","33":"shipping-taxable","34":"purchasable","35":"product-type-simple","36":"add-to-wishlist-after_add_to_cart"},"yoast_head":"<!-- This site is optimized with the Yoast SEO Premium plugin v25.3.1 (Yoast SEO v27.2) - https:\/\/yoast.com\/product\/yoast-seo-premium-wordpress\/ -->\n<title>Transformers Studio Series - 52 Deluxe Arcee, Chromia &amp; Elita-1<\/title>\n<meta name=\"robots\" content=\"index, follow, max-snippet:-1, max-image-preview:large, max-video-preview:-1\" \/>\n<link rel=\"canonical\" href=\"https:\/\/hobby4geek.com\/de\/produkt\/transformers-studio-series-52-deluxe-arcee-chromia-elita1\/\" \/>\n<meta property=\"og:locale\" content=\"de_DE\" \/>\n<meta property=\"og:type\" content=\"article\" \/>\n<meta property=\"og:title\" content=\"Transformers Studio Series - 52 Deluxe Arcee, Chromia &amp; Elita-1\" \/>\n<meta property=\"og:description\" content=\"4.50 inches (11.43cm)  Deluxe Size  In plastic  Based on Transformers: Revenge of the Fallen  Convert from robot mode to motorcycle mode in 15, 12 and 16 steps.  Premium figure  Removable bottom inspired by an iconic scene from the Transformers movie  Arcee Figure  Chromia Figure  Figure Elita-1  3 weapons  3 stalls\" \/>\n<meta property=\"og:url\" content=\"https:\/\/hobby4geek.com\/de\/produkt\/transformers-studio-series-52-deluxe-arcee-chromia-elita1\/\" \/>\n<meta property=\"og:site_name\" content=\"Hobby4Geek\" \/>\n<meta property=\"article:publisher\" content=\"https:\/\/www.facebook.com\/hobby4geek\" \/>\n<meta property=\"article:modified_time\" content=\"2024-05-12T11:55:09+00:00\" \/>\n<meta property=\"og:image\" content=\"https:\/\/hobby4geek.com\/wp-content\/uploads\/2023\/02\/transformers-studio-series-52-deluxe-arcee-chromia-elita-1-5.jpg\" \/>\n\t<meta property=\"og:image:width\" content=\"720\" \/>\n\t<meta property=\"og:image:height\" content=\"540\" \/>\n\t<meta property=\"og:image:type\" content=\"image\/jpeg\" \/>\n<meta name=\"twitter:card\" content=\"summary_large_image\" \/>\n<meta name=\"twitter:site\" content=\"@hobby4geek\" \/>\n<script type=\"application\/ld+json\" class=\"yoast-schema-graph\">{\"@context\":\"https:\/\/schema.org\",\"@graph\":[{\"@type\":\"WebPage\",\"@id\":\"https:\/\/hobby4geek.com\/product\/transformers-studio-series-52-deluxe-arcee-chromia-elita1\/\",\"url\":\"https:\/\/hobby4geek.com\/product\/transformers-studio-series-52-deluxe-arcee-chromia-elita1\/\",\"name\":\"Transformers Studio Series - 52 Deluxe Arcee, Chromia & Elita-1\",\"isPartOf\":{\"@id\":\"https:\/\/hobby4geek.com\/#website\"},\"primaryImageOfPage\":{\"@id\":\"https:\/\/hobby4geek.com\/product\/transformers-studio-series-52-deluxe-arcee-chromia-elita1\/#primaryimage\"},\"image\":{\"@id\":\"https:\/\/hobby4geek.com\/product\/transformers-studio-series-52-deluxe-arcee-chromia-elita1\/#primaryimage\"},\"thumbnailUrl\":\"https:\/\/hobby4geek.com\/wp-content\/uploads\/2023\/02\/transformers-studio-series-52-deluxe-arcee-chromia-elita-1-5.jpg\",\"datePublished\":\"2019-10-10T02:25:00+00:00\",\"dateModified\":\"2024-05-12T11:55:09+00:00\",\"breadcrumb\":{\"@id\":\"https:\/\/hobby4geek.com\/product\/transformers-studio-series-52-deluxe-arcee-chromia-elita1\/#breadcrumb\"},\"inLanguage\":\"de\",\"potentialAction\":[{\"@type\":\"ReadAction\",\"target\":[\"https:\/\/hobby4geek.com\/product\/transformers-studio-series-52-deluxe-arcee-chromia-elita1\/\"]}]},{\"@type\":\"ImageObject\",\"inLanguage\":\"de\",\"@id\":\"https:\/\/hobby4geek.com\/product\/transformers-studio-series-52-deluxe-arcee-chromia-elita1\/#primaryimage\",\"url\":\"https:\/\/hobby4geek.com\/wp-content\/uploads\/2023\/02\/transformers-studio-series-52-deluxe-arcee-chromia-elita-1-5.jpg\",\"contentUrl\":\"https:\/\/hobby4geek.com\/wp-content\/uploads\/2023\/02\/transformers-studio-series-52-deluxe-arcee-chromia-elita-1-5.jpg\",\"width\":720,\"height\":540},{\"@type\":\"BreadcrumbList\",\"@id\":\"https:\/\/hobby4geek.com\/product\/transformers-studio-series-52-deluxe-arcee-chromia-elita1\/#breadcrumb\",\"itemListElement\":[{\"@type\":\"ListItem\",\"position\":1,\"name\":\"Home\",\"item\":\"https:\/\/hobby4geek.com\/\"},{\"@type\":\"ListItem\",\"position\":2,\"name\":\"Shop\",\"item\":\"https:\/\/hobby4geek.com\/shop\/\"},{\"@type\":\"ListItem\",\"position\":3,\"name\":\"Transformers Studio Series &#8211; 52 Deluxe Arcee, Chromia &#038; Elita-1\"}]},{\"@type\":\"WebSite\",\"@id\":\"https:\/\/hobby4geek.com\/#website\",\"url\":\"https:\/\/hobby4geek.com\/\",\"name\":\"Hobby4Geek\",\"description\":\"Collect, Play &amp; Showcase, Embrace your Geekiness\",\"publisher\":{\"@id\":\"https:\/\/hobby4geek.com\/#organization\"},\"potentialAction\":[{\"@type\":\"SearchAction\",\"target\":{\"@type\":\"EntryPoint\",\"urlTemplate\":\"https:\/\/hobby4geek.com\/?s={search_term_string}\"},\"query-input\":{\"@type\":\"PropertyValueSpecification\",\"valueRequired\":true,\"valueName\":\"search_term_string\"}}],\"inLanguage\":\"de\"},{\"@type\":\"Organization\",\"@id\":\"https:\/\/hobby4geek.com\/#organization\",\"name\":\"Hobby4Geek\",\"url\":\"https:\/\/hobby4geek.com\/\",\"logo\":{\"@type\":\"ImageObject\",\"inLanguage\":\"de\",\"@id\":\"https:\/\/hobby4geek.com\/#\/schema\/logo\/image\/\",\"url\":\"https:\/\/hobby4geek.com\/wp-content\/uploads\/2023\/02\/default-kit.png\",\"contentUrl\":\"https:\/\/hobby4geek.com\/wp-content\/uploads\/2023\/02\/default-kit.png\",\"width\":600,\"height\":600,\"caption\":\"Hobby4Geek\"},\"image\":{\"@id\":\"https:\/\/hobby4geek.com\/#\/schema\/logo\/image\/\"},\"sameAs\":[\"https:\/\/www.facebook.com\/hobby4geek\",\"https:\/\/x.com\/hobby4geek\",\"https:\/\/www.instagram.com\/hobby4geek\/\"]}]}<\/script>\n<meta property=\"product:brand\" content=\"Transformers\" \/>\n<meta property=\"product:price:amount\" content=\"32.00\" \/>\n<meta property=\"product:price:currency\" content=\"EUR\" \/>\n<meta property=\"og:availability\" content=\"out of stock\" \/>\n<meta property=\"product:availability\" content=\"out of stock\" \/>\n<meta property=\"product:retailer_item_id\" content=\"studioseries052\" \/>\n<meta property=\"product:condition\" content=\"new\" \/>\n<!-- \/ Yoast SEO Premium plugin. -->","yoast_head_json":{"title":"Transformers Studio Series - 52 Deluxe Arcee, Chromia &amp; Elita-1","robots":{"index":"index","follow":"follow","max-snippet":"max-snippet:-1","max-image-preview":"max-image-preview:large","max-video-preview":"max-video-preview:-1"},"canonical":"https:\/\/hobby4geek.com\/de\/produkt\/transformers-studio-series-52-deluxe-arcee-chromia-elita1\/","og_locale":"de_DE","og_type":"article","og_title":"Transformers Studio Series - 52 Deluxe Arcee, Chromia & Elita-1","og_description":"4.50 inches (11.43cm)  Deluxe Size  In plastic  Based on Transformers: Revenge of the Fallen  Convert from robot mode to motorcycle mode in 15, 12 and 16 steps.  Premium figure  Removable bottom inspired by an iconic scene from the Transformers movie  Arcee Figure  Chromia Figure  Figure Elita-1  3 weapons  3 stalls","og_url":"https:\/\/hobby4geek.com\/de\/produkt\/transformers-studio-series-52-deluxe-arcee-chromia-elita1\/","og_site_name":"Hobby4Geek","article_publisher":"https:\/\/www.facebook.com\/hobby4geek","article_modified_time":"2024-05-12T11:55:09+00:00","og_image":[{"width":720,"height":540,"url":"https:\/\/hobby4geek.com\/wp-content\/uploads\/2023\/02\/transformers-studio-series-52-deluxe-arcee-chromia-elita-1-5.jpg","type":"image\/jpeg"}],"twitter_card":"summary_large_image","twitter_site":"@hobby4geek","schema":{"@context":"https:\/\/schema.org","@graph":[{"@type":"WebPage","@id":"https:\/\/hobby4geek.com\/product\/transformers-studio-series-52-deluxe-arcee-chromia-elita1\/","url":"https:\/\/hobby4geek.com\/product\/transformers-studio-series-52-deluxe-arcee-chromia-elita1\/","name":"Transformers Studio Series - 52 Deluxe Arcee, Chromia &amp; Elita-1","isPartOf":{"@id":"https:\/\/hobby4geek.com\/#website"},"primaryImageOfPage":{"@id":"https:\/\/hobby4geek.com\/product\/transformers-studio-series-52-deluxe-arcee-chromia-elita1\/#primaryimage"},"image":{"@id":"https:\/\/hobby4geek.com\/product\/transformers-studio-series-52-deluxe-arcee-chromia-elita1\/#primaryimage"},"thumbnailUrl":"https:\/\/hobby4geek.com\/wp-content\/uploads\/2023\/02\/transformers-studio-series-52-deluxe-arcee-chromia-elita-1-5.jpg","datePublished":"2019-10-10T02:25:00+00:00","dateModified":"2024-05-12T11:55:09+00:00","breadcrumb":{"@id":"https:\/\/hobby4geek.com\/product\/transformers-studio-series-52-deluxe-arcee-chromia-elita1\/#breadcrumb"},"inLanguage":"de","potentialAction":[{"@type":"ReadAction","target":["https:\/\/hobby4geek.com\/product\/transformers-studio-series-52-deluxe-arcee-chromia-elita1\/"]}]},{"@type":"ImageObject","inLanguage":"de","@id":"https:\/\/hobby4geek.com\/product\/transformers-studio-series-52-deluxe-arcee-chromia-elita1\/#primaryimage","url":"https:\/\/hobby4geek.com\/wp-content\/uploads\/2023\/02\/transformers-studio-series-52-deluxe-arcee-chromia-elita-1-5.jpg","contentUrl":"https:\/\/hobby4geek.com\/wp-content\/uploads\/2023\/02\/transformers-studio-series-52-deluxe-arcee-chromia-elita-1-5.jpg","width":720,"height":540},{"@type":"BreadcrumbList","@id":"https:\/\/hobby4geek.com\/product\/transformers-studio-series-52-deluxe-arcee-chromia-elita1\/#breadcrumb","itemListElement":[{"@type":"ListItem","position":1,"name":"Home","item":"https:\/\/hobby4geek.com\/"},{"@type":"ListItem","position":2,"name":"Shop","item":"https:\/\/hobby4geek.com\/shop\/"},{"@type":"ListItem","position":3,"name":"Transformers Studio Series &#8211; 52 Deluxe Arcee, Chromia &#038; Elita-1"}]},{"@type":"WebSite","@id":"https:\/\/hobby4geek.com\/#website","url":"https:\/\/hobby4geek.com\/","name":"Hobby4Geek","description":"Sammeln, Spielen &amp; Pr\u00e4sentieren, Umarmung der Geekiness","publisher":{"@id":"https:\/\/hobby4geek.com\/#organization"},"potentialAction":[{"@type":"SearchAction","target":{"@type":"EntryPoint","urlTemplate":"https:\/\/hobby4geek.com\/?s={search_term_string}"},"query-input":{"@type":"PropertyValueSpecification","valueRequired":true,"valueName":"search_term_string"}}],"inLanguage":"de"},{"@type":"Organization","@id":"https:\/\/hobby4geek.com\/#organization","name":"Hobby4Geek","url":"https:\/\/hobby4geek.com\/","logo":{"@type":"ImageObject","inLanguage":"de","@id":"https:\/\/hobby4geek.com\/#\/schema\/logo\/image\/","url":"https:\/\/hobby4geek.com\/wp-content\/uploads\/2023\/02\/default-kit.png","contentUrl":"https:\/\/hobby4geek.com\/wp-content\/uploads\/2023\/02\/default-kit.png","width":600,"height":600,"caption":"Hobby4Geek"},"image":{"@id":"https:\/\/hobby4geek.com\/#\/schema\/logo\/image\/"},"sameAs":["https:\/\/www.facebook.com\/hobby4geek","https:\/\/x.com\/hobby4geek","https:\/\/www.instagram.com\/hobby4geek\/"]}]},"product_brand":"Transformers","product_price_amount":"32.00","product_price_currency":"EUR","og_availability":"out of stock","product_availability":"out of stock","product_retailer_item_id":"studioseries052","product_condition":"new"},"_links":{"self":[{"href":"https:\/\/hobby4geek.com\/de\/wp-json\/wp\/v2\/product\/85034","targetHints":{"allow":["GET"]}}],"collection":[{"href":"https:\/\/hobby4geek.com\/de\/wp-json\/wp\/v2\/product"}],"about":[{"href":"https:\/\/hobby4geek.com\/de\/wp-json\/wp\/v2\/types\/product"}],"replies":[{"embeddable":true,"href":"https:\/\/hobby4geek.com\/de\/wp-json\/wp\/v2\/comments?post=85034"}],"version-history":[{"count":0,"href":"https:\/\/hobby4geek.com\/de\/wp-json\/wp\/v2\/product\/85034\/revisions"}],"wp:featuredmedia":[{"embeddable":true,"href":"https:\/\/hobby4geek.com\/de\/wp-json\/wp\/v2\/media\/179429"}],"wp:attachment":[{"href":"https:\/\/hobby4geek.com\/de\/wp-json\/wp\/v2\/media?parent=85034"}],"wp:term":[{"taxonomy":"product_brand","embeddable":true,"href":"https:\/\/hobby4geek.com\/de\/wp-json\/wp\/v2\/product_brand?post=85034"},{"taxonomy":"product_cat","embeddable":true,"href":"https:\/\/hobby4geek.com\/de\/wp-json\/wp\/v2\/product_cat?post=85034"},{"taxonomy":"product_tag","embeddable":true,"href":"https:\/\/hobby4geek.com\/de\/wp-json\/wp\/v2\/product_tag?post=85034"},{"taxonomy":"giftcard-category","embeddable":true,"href":"https:\/\/hobby4geek.com\/de\/wp-json\/wp\/v2\/giftcard-category?post=85034"}],"curies":[{"name":"wp","href":"https:\/\/api.w.org\/{rel}","templated":true}]}}