{"id":81182,"date":"2023-08-24T15:50:55","date_gmt":"2023-08-24T13:50:55","guid":{"rendered":"https:\/\/hobby4geek.com\/?post_type=product&#038;p=81182"},"modified":"2024-05-12T13:03:37","modified_gmt":"2024-05-12T12:03:37","slug":"honey-badger-ko-mpm-8-megatron","status":"publish","type":"product","link":"https:\/\/hobby4geek.com\/de\/produkt\/honey-badger-ko-mpm-8-megatron\/","title":{"rendered":"HONIGDACHS - KO MPM-8 Megatron"},"content":{"rendered":"<p>KO Masterpiece Movie Series MEGATRON MPM-8 ist 12 Zoll (30,5 cm) gro\u00df und eine authentische Action-Figur, die ideal f\u00fcr Enthusiasten und Sammler ist, mit Merkmalen, die vom Live-Action-Film TRANSFORMERS von 2007 inspiriert sind. Die Figur zeigt den skrupellosen Anf\u00fchrer der DECEPTICONS mit viel Liebe zum Detail und verf\u00fcgt \u00fcber bewegliche H\u00e4nde, einen beweglichen Mund, 40,5 Gramm gegossene Details und Zubeh\u00f6r: Fusionskanone, Kettenschleuder und der ALLSPARK-W\u00fcrfel. Verwandle den Roboter in 50 Schritten in den CYBERTRONIAN Jet-Modus.<\/p>\n<p>Mit 35 cm Fl\u00fcgelspannweite im CYBERTRONIAN Jet-Modus und 43 Gelenkpunkten. Die TRANSFORMERS Masterpiece-Figuren zeigen die gr\u00f6\u00dften TRANSFORMERS-Charaktere in h\u00f6chster Detailtreue (jeweils separat erh\u00e4ltlich). Ultra-Premium-Sammelfiguren sind ein Muss f\u00fcr jede TRANSFORMERS-Sammlung. Die Masterpiece Movie Series-Kollektion enth\u00e4lt kultige Figuren aus den TRANSFORMERS-Filmen mit vom Kino inspirierten Details und Zubeh\u00f6r.<\/p>\n<ul>\n<li>Verbesserungen: Fugen und Anstriche<\/li>\n<li>12 Zoll \/ 30,5 cm hoch<\/li>\n<li>1x Fusionskanone<\/li>\n<li>2x Kettenschlegel<\/li>\n<li>1x AllSpark-W\u00fcrfel<\/li>\n<li>Mit 43 beweglichen Teilen, einschlie\u00dflich H\u00e4nden und Mund!<\/li>\n<li>Wird ohne Originalverpackung geliefert<\/li>\n<\/ul>","protected":false},"excerpt":{"rendered":"<p><em><strong><\/strong><\/em><\/p>\n<h4>Produktmerkmale:<\/h4>\n<ul>\n<li>Verbesserungen: Fugen und Anstriche<\/li>\n<li>12 Zoll \/ 30,5 cm hoch<\/li>\n<li>1x Fusionskanone<\/li>\n<li>2x Kettenschlegel<\/li>\n<li>1x AllSpark-W\u00fcrfel<\/li>\n<li>Mit 43 beweglichen Teilen, einschlie\u00dflich H\u00e4nden und Mund!<\/li>\n<li>Wird ohne Originalverpackung geliefert<\/li>\n<\/ul>","protected":false},"featured_media":179240,"comment_status":"open","ping_status":"closed","template":"","meta":{"inline_featured_image":false},"product_brand":[],"product_cat":[95],"product_tag":[200,1759,221,1928,596,202,306,2382,1930,1975,204],"giftcard-category":[],"class_list":{"0":"post-81182","1":"product","2":"type-product","3":"status-publish","4":"has-post-thumbnail","6":"product_cat-honey-badger","7":"product_tag-action-figures","8":"product_tag-action-toys","9":"product_tag-decepticon","10":"product_tag-honey-badger","11":"product_tag-ko","12":"product_tag-masterpiece-movie-series","13":"product_tag-megatron","14":"product_tag-mpm-8","15":"product_tag-pingtou","16":"product_tag-toys-figures","17":"product_tag-transformers","18":"product_shipping_class-free-shipping","20":"first","21":"outofstock","22":"taxable","23":"shipping-taxable","24":"purchasable","25":"product-type-simple","26":"add-to-wishlist-after_add_to_cart"},"yoast_head":"<!-- This site is optimized with the Yoast SEO Premium plugin v25.3.1 (Yoast SEO v27.2) - https:\/\/yoast.com\/product\/yoast-seo-premium-wordpress\/ -->\n<title>HONEY BADGER - KO MPM-8 Megatron<\/title>\n<meta name=\"robots\" content=\"index, follow, max-snippet:-1, max-image-preview:large, max-video-preview:-1\" \/>\n<link rel=\"canonical\" href=\"https:\/\/hobby4geek.com\/de\/produkt\/honey-badger-ko-mpm-8-megatron\/\" \/>\n<meta property=\"og:locale\" content=\"de_DE\" \/>\n<meta property=\"og:type\" content=\"article\" \/>\n<meta property=\"og:title\" content=\"HONEY BADGER - KO MPM-8 Megatron\" \/>\n<meta property=\"og:description\" content=\"Product Features:   Improvements: Joints and Painting  12 inches \/ 30.5 cm tall  1x Fusion Cannon  2x Chain Flail  1x AllSpark Cube  Features 43 points of articulation, including hands and mouth!  Delivered without its original box\" \/>\n<meta property=\"og:url\" content=\"https:\/\/hobby4geek.com\/de\/produkt\/honey-badger-ko-mpm-8-megatron\/\" \/>\n<meta property=\"og:site_name\" content=\"Hobby4Geek\" \/>\n<meta property=\"article:publisher\" content=\"https:\/\/www.facebook.com\/hobby4geek\" \/>\n<meta property=\"article:modified_time\" content=\"2024-05-12T12:03:37+00:00\" \/>\n<meta property=\"og:image\" content=\"https:\/\/hobby4geek.com\/wp-content\/uploads\/2023\/02\/honey-badger-ko-mpm-8-megatron.jpg\" \/>\n\t<meta property=\"og:image:width\" content=\"600\" \/>\n\t<meta property=\"og:image:height\" content=\"398\" \/>\n\t<meta property=\"og:image:type\" content=\"image\/jpeg\" \/>\n<meta name=\"twitter:card\" content=\"summary_large_image\" \/>\n<meta name=\"twitter:site\" content=\"@hobby4geek\" \/>\n<script type=\"application\/ld+json\" class=\"yoast-schema-graph\">{\"@context\":\"https:\/\/schema.org\",\"@graph\":[{\"@type\":\"WebPage\",\"@id\":\"https:\/\/hobby4geek.com\/product\/honey-badger-ko-mpm-8-megatron\/\",\"url\":\"https:\/\/hobby4geek.com\/product\/honey-badger-ko-mpm-8-megatron\/\",\"name\":\"HONEY BADGER - KO MPM-8 Megatron\",\"isPartOf\":{\"@id\":\"https:\/\/hobby4geek.com\/#website\"},\"primaryImageOfPage\":{\"@id\":\"https:\/\/hobby4geek.com\/product\/honey-badger-ko-mpm-8-megatron\/#primaryimage\"},\"image\":{\"@id\":\"https:\/\/hobby4geek.com\/product\/honey-badger-ko-mpm-8-megatron\/#primaryimage\"},\"thumbnailUrl\":\"https:\/\/hobby4geek.com\/wp-content\/uploads\/2023\/02\/honey-badger-ko-mpm-8-megatron.jpg\",\"datePublished\":\"2023-08-24T13:50:55+00:00\",\"dateModified\":\"2024-05-12T12:03:37+00:00\",\"breadcrumb\":{\"@id\":\"https:\/\/hobby4geek.com\/product\/honey-badger-ko-mpm-8-megatron\/#breadcrumb\"},\"inLanguage\":\"de\",\"potentialAction\":[{\"@type\":\"ReadAction\",\"target\":[\"https:\/\/hobby4geek.com\/product\/honey-badger-ko-mpm-8-megatron\/\"]}]},{\"@type\":\"ImageObject\",\"inLanguage\":\"de\",\"@id\":\"https:\/\/hobby4geek.com\/product\/honey-badger-ko-mpm-8-megatron\/#primaryimage\",\"url\":\"https:\/\/hobby4geek.com\/wp-content\/uploads\/2023\/02\/honey-badger-ko-mpm-8-megatron.jpg\",\"contentUrl\":\"https:\/\/hobby4geek.com\/wp-content\/uploads\/2023\/02\/honey-badger-ko-mpm-8-megatron.jpg\",\"width\":600,\"height\":398,\"caption\":\"69121643 10157609742013166 3370206149352620032 N\"},{\"@type\":\"BreadcrumbList\",\"@id\":\"https:\/\/hobby4geek.com\/product\/honey-badger-ko-mpm-8-megatron\/#breadcrumb\",\"itemListElement\":[{\"@type\":\"ListItem\",\"position\":1,\"name\":\"Home\",\"item\":\"https:\/\/hobby4geek.com\/\"},{\"@type\":\"ListItem\",\"position\":2,\"name\":\"Shop\",\"item\":\"https:\/\/hobby4geek.com\/shop\/\"},{\"@type\":\"ListItem\",\"position\":3,\"name\":\"HONEY BADGER &#8211; KO MPM-8 Megatron\"}]},{\"@type\":\"WebSite\",\"@id\":\"https:\/\/hobby4geek.com\/#website\",\"url\":\"https:\/\/hobby4geek.com\/\",\"name\":\"Hobby4Geek\",\"description\":\"Collect, Play &amp; Showcase, Embrace your Geekiness\",\"publisher\":{\"@id\":\"https:\/\/hobby4geek.com\/#organization\"},\"potentialAction\":[{\"@type\":\"SearchAction\",\"target\":{\"@type\":\"EntryPoint\",\"urlTemplate\":\"https:\/\/hobby4geek.com\/?s={search_term_string}\"},\"query-input\":{\"@type\":\"PropertyValueSpecification\",\"valueRequired\":true,\"valueName\":\"search_term_string\"}}],\"inLanguage\":\"de\"},{\"@type\":\"Organization\",\"@id\":\"https:\/\/hobby4geek.com\/#organization\",\"name\":\"Hobby4Geek\",\"url\":\"https:\/\/hobby4geek.com\/\",\"logo\":{\"@type\":\"ImageObject\",\"inLanguage\":\"de\",\"@id\":\"https:\/\/hobby4geek.com\/#\/schema\/logo\/image\/\",\"url\":\"https:\/\/hobby4geek.com\/wp-content\/uploads\/2023\/02\/default-kit.png\",\"contentUrl\":\"https:\/\/hobby4geek.com\/wp-content\/uploads\/2023\/02\/default-kit.png\",\"width\":600,\"height\":600,\"caption\":\"Hobby4Geek\"},\"image\":{\"@id\":\"https:\/\/hobby4geek.com\/#\/schema\/logo\/image\/\"},\"sameAs\":[\"https:\/\/www.facebook.com\/hobby4geek\",\"https:\/\/x.com\/hobby4geek\",\"https:\/\/www.instagram.com\/hobby4geek\/\"]}]}<\/script>\n<meta property=\"product:brand\" content=\"HONEY BADGER\" \/>\n<meta property=\"product:price:amount\" content=\"135.80\" \/>\n<meta property=\"product:price:currency\" content=\"EUR\" \/>\n<meta property=\"og:availability\" content=\"out of stock\" \/>\n<meta property=\"product:availability\" content=\"out of stock\" \/>\n<meta property=\"product:condition\" content=\"new\" \/>\n<!-- \/ Yoast SEO Premium plugin. -->","yoast_head_json":{"title":"HONIGDACHS - KO MPM-8 Megatron","robots":{"index":"index","follow":"follow","max-snippet":"max-snippet:-1","max-image-preview":"max-image-preview:large","max-video-preview":"max-video-preview:-1"},"canonical":"https:\/\/hobby4geek.com\/de\/produkt\/honey-badger-ko-mpm-8-megatron\/","og_locale":"de_DE","og_type":"article","og_title":"HONEY BADGER - KO MPM-8 Megatron","og_description":"Product Features:   Improvements: Joints and Painting  12 inches \/ 30.5 cm tall  1x Fusion Cannon  2x Chain Flail  1x AllSpark Cube  Features 43 points of articulation, including hands and mouth!  Delivered without its original box","og_url":"https:\/\/hobby4geek.com\/de\/produkt\/honey-badger-ko-mpm-8-megatron\/","og_site_name":"Hobby4Geek","article_publisher":"https:\/\/www.facebook.com\/hobby4geek","article_modified_time":"2024-05-12T12:03:37+00:00","og_image":[{"width":600,"height":398,"url":"https:\/\/hobby4geek.com\/wp-content\/uploads\/2023\/02\/honey-badger-ko-mpm-8-megatron.jpg","type":"image\/jpeg"}],"twitter_card":"summary_large_image","twitter_site":"@hobby4geek","schema":{"@context":"https:\/\/schema.org","@graph":[{"@type":"WebPage","@id":"https:\/\/hobby4geek.com\/product\/honey-badger-ko-mpm-8-megatron\/","url":"https:\/\/hobby4geek.com\/product\/honey-badger-ko-mpm-8-megatron\/","name":"HONIGDACHS - KO MPM-8 Megatron","isPartOf":{"@id":"https:\/\/hobby4geek.com\/#website"},"primaryImageOfPage":{"@id":"https:\/\/hobby4geek.com\/product\/honey-badger-ko-mpm-8-megatron\/#primaryimage"},"image":{"@id":"https:\/\/hobby4geek.com\/product\/honey-badger-ko-mpm-8-megatron\/#primaryimage"},"thumbnailUrl":"https:\/\/hobby4geek.com\/wp-content\/uploads\/2023\/02\/honey-badger-ko-mpm-8-megatron.jpg","datePublished":"2023-08-24T13:50:55+00:00","dateModified":"2024-05-12T12:03:37+00:00","breadcrumb":{"@id":"https:\/\/hobby4geek.com\/product\/honey-badger-ko-mpm-8-megatron\/#breadcrumb"},"inLanguage":"de","potentialAction":[{"@type":"ReadAction","target":["https:\/\/hobby4geek.com\/product\/honey-badger-ko-mpm-8-megatron\/"]}]},{"@type":"ImageObject","inLanguage":"de","@id":"https:\/\/hobby4geek.com\/product\/honey-badger-ko-mpm-8-megatron\/#primaryimage","url":"https:\/\/hobby4geek.com\/wp-content\/uploads\/2023\/02\/honey-badger-ko-mpm-8-megatron.jpg","contentUrl":"https:\/\/hobby4geek.com\/wp-content\/uploads\/2023\/02\/honey-badger-ko-mpm-8-megatron.jpg","width":600,"height":398,"caption":"69121643 10157609742013166 3370206149352620032 N"},{"@type":"BreadcrumbList","@id":"https:\/\/hobby4geek.com\/product\/honey-badger-ko-mpm-8-megatron\/#breadcrumb","itemListElement":[{"@type":"ListItem","position":1,"name":"Home","item":"https:\/\/hobby4geek.com\/"},{"@type":"ListItem","position":2,"name":"Shop","item":"https:\/\/hobby4geek.com\/shop\/"},{"@type":"ListItem","position":3,"name":"HONEY BADGER &#8211; KO MPM-8 Megatron"}]},{"@type":"WebSite","@id":"https:\/\/hobby4geek.com\/#website","url":"https:\/\/hobby4geek.com\/","name":"Hobby4Geek","description":"Sammeln, Spielen &amp; Pr\u00e4sentieren, Umarmung der Geekiness","publisher":{"@id":"https:\/\/hobby4geek.com\/#organization"},"potentialAction":[{"@type":"SearchAction","target":{"@type":"EntryPoint","urlTemplate":"https:\/\/hobby4geek.com\/?s={search_term_string}"},"query-input":{"@type":"PropertyValueSpecification","valueRequired":true,"valueName":"search_term_string"}}],"inLanguage":"de"},{"@type":"Organization","@id":"https:\/\/hobby4geek.com\/#organization","name":"Hobby4Geek","url":"https:\/\/hobby4geek.com\/","logo":{"@type":"ImageObject","inLanguage":"de","@id":"https:\/\/hobby4geek.com\/#\/schema\/logo\/image\/","url":"https:\/\/hobby4geek.com\/wp-content\/uploads\/2023\/02\/default-kit.png","contentUrl":"https:\/\/hobby4geek.com\/wp-content\/uploads\/2023\/02\/default-kit.png","width":600,"height":600,"caption":"Hobby4Geek"},"image":{"@id":"https:\/\/hobby4geek.com\/#\/schema\/logo\/image\/"},"sameAs":["https:\/\/www.facebook.com\/hobby4geek","https:\/\/x.com\/hobby4geek","https:\/\/www.instagram.com\/hobby4geek\/"]}]},"product_brand":"HONEY BADGER","product_price_amount":"135.80","product_price_currency":"EUR","og_availability":"out of stock","product_availability":"out of stock","product_condition":"new"},"_links":{"self":[{"href":"https:\/\/hobby4geek.com\/de\/wp-json\/wp\/v2\/product\/81182","targetHints":{"allow":["GET"]}}],"collection":[{"href":"https:\/\/hobby4geek.com\/de\/wp-json\/wp\/v2\/product"}],"about":[{"href":"https:\/\/hobby4geek.com\/de\/wp-json\/wp\/v2\/types\/product"}],"replies":[{"embeddable":true,"href":"https:\/\/hobby4geek.com\/de\/wp-json\/wp\/v2\/comments?post=81182"}],"version-history":[{"count":0,"href":"https:\/\/hobby4geek.com\/de\/wp-json\/wp\/v2\/product\/81182\/revisions"}],"wp:featuredmedia":[{"embeddable":true,"href":"https:\/\/hobby4geek.com\/de\/wp-json\/wp\/v2\/media\/179240"}],"wp:attachment":[{"href":"https:\/\/hobby4geek.com\/de\/wp-json\/wp\/v2\/media?parent=81182"}],"wp:term":[{"taxonomy":"product_brand","embeddable":true,"href":"https:\/\/hobby4geek.com\/de\/wp-json\/wp\/v2\/product_brand?post=81182"},{"taxonomy":"product_cat","embeddable":true,"href":"https:\/\/hobby4geek.com\/de\/wp-json\/wp\/v2\/product_cat?post=81182"},{"taxonomy":"product_tag","embeddable":true,"href":"https:\/\/hobby4geek.com\/de\/wp-json\/wp\/v2\/product_tag?post=81182"},{"taxonomy":"giftcard-category","embeddable":true,"href":"https:\/\/hobby4geek.com\/de\/wp-json\/wp\/v2\/giftcard-category?post=81182"}],"curies":[{"name":"wp","href":"https:\/\/api.w.org\/{rel}","templated":true}]}}