{"id":81072,"date":"2019-08-12T16:36:35","date_gmt":"2019-08-12T15:36:35","guid":{"rendered":"https:\/\/hobby4geek.com\/?post_type=product&#038;p=81072"},"modified":"2024-05-12T12:55:11","modified_gmt":"2024-05-12T11:55:11","slug":"transformers-studio-series-29-sideswipe","status":"publish","type":"product","link":"https:\/\/hobby4geek.com\/de\/produkt\/transformers-studio-series-29-sideswipe\/","title":{"rendered":"Transformers Studio Series - 29 Luxus Sideswipe"},"content":{"rendered":"<p>Komm auf die gro\u00dfe Leinwand und baue die ultimative Transformers-Sammlung mit Studio Series-Figuren auf, die von ber\u00fchmten Filmszenen inspiriert sind und das Design und den Ma\u00dfstab des Filmuniversums widerspiegeln.<\/p>\n<p>In der Dreads-Showdown-Szene in Transformers: Dark of the Moon unterst\u00fctzt Sideswipe Ironhide in einem Dreads-Showdown.<\/p>\n<p>Diese Studio Series 29 Deluxe Transformers: Dark of the Moon Sideswipe Figur l\u00e4sst sich in 18 Schritten vom Robotermodus in den 2011 Chevrolet Corvette Stingray Cabrio Modus verwandeln. Entferne das Hintergrunddekor aus der Verpackung, um Sideswipe in der Szene \"Dreads Showdown\" zu zeigen. Die Figur hat eine vom Film inspirierte Deko und 4 detaillierte Waffen - 2 Armklingen und 2 Blaster, die auf den Waffen basieren, die Sideswipe im Film benutzt.<\/p>\n<p>CHEVROLET, das BOWTIE-Logo, CORVETTE und das CORVETTE-Logo sowie CAMARO sind eingetragene Marken von General Motors, LLC.<\/p>\n<p>Transformers und alle zugeh\u00f6rigen Figuren sind Warenzeichen von Hasbro.<br \/>\n- Enth\u00e4lt Transformers Studio Series 29 Deluxe Transformers: Dark of the Moon Sideswipe Figur, 4 Zubeh\u00f6rteile, abnehmbare Kulisse und Anleitung.<br \/>\n- STUDIO SERIES DELUXE - Transformers Studio Series Deluxe-Figuren sind 4,5 Zoll gro\u00dfe Sammelfiguren, die von ber\u00fchmten Szenen aus den Filmen inspiriert wurden und das Design und den Ma\u00dfstab des Filmuniversums widerspiegeln. Fans k\u00f6nnen Figuren, die von ihren Lieblingsszenen aus den Filmen inspiriert sind, abholen, um ihre Sammlung zu vervollst\u00e4ndigen und ihre Figuren in einem Regal auszustellen.<br \/>\n- GR\u00d6SSE 11,5 CM - Die 29 Deluxe Transformers: Dark of the Moon Sideswipe Figur hat eine vom Film inspirierte Deko und 4 detaillierte Waffen - 2 Armklingen und 2 Blaster, die auf den Waffen basieren, die Sideswipe im Film benutzt. Die Figur ist hochgradig beweglich, um sie in alle Positionen zu bringen.<br \/>\n- INSPIRED BY THE BIG SCREEN - Die Figur ist im Verh\u00e4ltnis zum Film in Transformers: Dark of the Moon skaliert. Die Premium-Figur und die Verpackung sind von der ikonischen Dreads Showdown-Szene inspiriert, in der Sideswipe Ironhide in einem Dreads Showdown schultert.<br \/>\n- 2 ICONIC MODES - Klassischer Umbau vom Robotermodus zum 2011 Chevrolet Corvette Stingray Convertible Modus in 18 Schritten. Ideal f\u00fcr Fans, die eine Figur mit einem fortgeschrittenen Umbau suchen. F\u00fcr Kinder und Erwachsene ab 8 Jahren.<br \/>\n- ABNEHMBARER HINTERGRUND - Der abnehmbare Hintergrund zeigt die Sideswipe-Figur in der Dreads Showdown-Szene. Fans k\u00f6nnen die Kulisse verwenden und die Figur so darstellen, wie sie m\u00f6chten.<br \/>\n- Gr\u00f6\u00dfe der Figur: 11,5 cm<br \/>\n- Ab dem Alter von 8 Jahren<\/p>","protected":false},"excerpt":{"rendered":"<ul>\n<li>Dieser Sideswipe-Roboter verwandelt sich in 18 Schritten in ein Corvette-Auto.<\/li>\n<li>Das Dekor kann aus der Verpackung genommen werden, um Sideswipe in der Szene \"Dreads Showdown\" zu zeigen.<\/li>\n<li>4 Waffen<\/li>\n<li>Gr\u00f6\u00dfe: 11,5 cm<\/li>\n<\/ul>","protected":false},"featured_media":179178,"comment_status":"open","ping_status":"closed","template":"","meta":{"inline_featured_image":false},"product_brand":[],"product_cat":[1955,68,69,1960],"product_tag":[200,1759,199,239,393,580,240,203,1975,204],"giftcard-category":[],"class_list":{"0":"post-81072","1":"product","2":"type-product","3":"status-publish","4":"has-post-thumbnail","6":"product_cat-transformers","7":"product_cat-hasbro","8":"product_cat-takara-tomy","9":"product_cat-transformers-generations","10":"product_tag-action-figures","11":"product_tag-action-toys","12":"product_tag-autobot","13":"product_tag-deluxe","14":"product_tag-sideswipe","15":"product_tag-ss29","16":"product_tag-studio-series","17":"product_tag-takara-tomy","18":"product_tag-toys-figures","19":"product_tag-transformers","20":"inventories-china-inventory","22":"first","23":"outofstock","24":"taxable","25":"shipping-taxable","26":"purchasable","27":"product-type-simple","28":"add-to-wishlist-after_add_to_cart"},"yoast_head":"<!-- This site is optimized with the Yoast SEO Premium plugin v25.3.1 (Yoast SEO v27.2) - https:\/\/yoast.com\/product\/yoast-seo-premium-wordpress\/ -->\n<title>Transformers Studio Series - 29 Deluxe Sideswipe<\/title>\n<meta name=\"robots\" content=\"index, follow, max-snippet:-1, max-image-preview:large, max-video-preview:-1\" \/>\n<link rel=\"canonical\" href=\"https:\/\/hobby4geek.com\/de\/produkt\/transformers-studio-series-29-sideswipe\/\" \/>\n<meta property=\"og:locale\" content=\"de_DE\" \/>\n<meta property=\"og:type\" content=\"article\" \/>\n<meta property=\"og:title\" content=\"Transformers Studio Series - 29 Deluxe Sideswipe\" \/>\n<meta property=\"og:description\" content=\"This Sideswipe robot transforms into a Corvette car in 18 steps.  The decor can be removed from the packaging to display Sideswipe in the Dreads Showdown scene.  4 weapons  Size: 11.5cm\" \/>\n<meta property=\"og:url\" content=\"https:\/\/hobby4geek.com\/de\/produkt\/transformers-studio-series-29-sideswipe\/\" \/>\n<meta property=\"og:site_name\" content=\"Hobby4Geek\" \/>\n<meta property=\"article:publisher\" content=\"https:\/\/www.facebook.com\/hobby4geek\" \/>\n<meta property=\"article:modified_time\" content=\"2024-05-12T11:55:11+00:00\" \/>\n<meta property=\"og:image\" content=\"https:\/\/hobby4geek.com\/wp-content\/uploads\/2023\/02\/transformers-studio-series-29-deluxe-sideswipe.jpg\" \/>\n\t<meta property=\"og:image:width\" content=\"800\" \/>\n\t<meta property=\"og:image:height\" content=\"800\" \/>\n\t<meta property=\"og:image:type\" content=\"image\/jpeg\" \/>\n<meta name=\"twitter:card\" content=\"summary_large_image\" \/>\n<meta name=\"twitter:site\" content=\"@hobby4geek\" \/>\n<script type=\"application\/ld+json\" class=\"yoast-schema-graph\">{\"@context\":\"https:\/\/schema.org\",\"@graph\":[{\"@type\":\"WebPage\",\"@id\":\"https:\/\/hobby4geek.com\/product\/transformers-studio-series-29-sideswipe\/\",\"url\":\"https:\/\/hobby4geek.com\/product\/transformers-studio-series-29-sideswipe\/\",\"name\":\"Transformers Studio Series - 29 Deluxe Sideswipe\",\"isPartOf\":{\"@id\":\"https:\/\/hobby4geek.com\/#website\"},\"primaryImageOfPage\":{\"@id\":\"https:\/\/hobby4geek.com\/product\/transformers-studio-series-29-sideswipe\/#primaryimage\"},\"image\":{\"@id\":\"https:\/\/hobby4geek.com\/product\/transformers-studio-series-29-sideswipe\/#primaryimage\"},\"thumbnailUrl\":\"https:\/\/hobby4geek.com\/wp-content\/uploads\/2023\/02\/transformers-studio-series-29-deluxe-sideswipe.jpg\",\"datePublished\":\"2019-08-12T15:36:35+00:00\",\"dateModified\":\"2024-05-12T11:55:11+00:00\",\"breadcrumb\":{\"@id\":\"https:\/\/hobby4geek.com\/product\/transformers-studio-series-29-sideswipe\/#breadcrumb\"},\"inLanguage\":\"de\",\"potentialAction\":[{\"@type\":\"ReadAction\",\"target\":[\"https:\/\/hobby4geek.com\/product\/transformers-studio-series-29-sideswipe\/\"]}]},{\"@type\":\"ImageObject\",\"inLanguage\":\"de\",\"@id\":\"https:\/\/hobby4geek.com\/product\/transformers-studio-series-29-sideswipe\/#primaryimage\",\"url\":\"https:\/\/hobby4geek.com\/wp-content\/uploads\/2023\/02\/transformers-studio-series-29-deluxe-sideswipe.jpg\",\"contentUrl\":\"https:\/\/hobby4geek.com\/wp-content\/uploads\/2023\/02\/transformers-studio-series-29-deluxe-sideswipe.jpg\",\"width\":800,\"height\":800},{\"@type\":\"BreadcrumbList\",\"@id\":\"https:\/\/hobby4geek.com\/product\/transformers-studio-series-29-sideswipe\/#breadcrumb\",\"itemListElement\":[{\"@type\":\"ListItem\",\"position\":1,\"name\":\"Home\",\"item\":\"https:\/\/hobby4geek.com\/\"},{\"@type\":\"ListItem\",\"position\":2,\"name\":\"Shop\",\"item\":\"https:\/\/hobby4geek.com\/shop\/\"},{\"@type\":\"ListItem\",\"position\":3,\"name\":\"Transformers Studio Series &#8211; 29 Deluxe Sideswipe\"}]},{\"@type\":\"WebSite\",\"@id\":\"https:\/\/hobby4geek.com\/#website\",\"url\":\"https:\/\/hobby4geek.com\/\",\"name\":\"Hobby4Geek\",\"description\":\"Collect, Play &amp; Showcase, Embrace your Geekiness\",\"publisher\":{\"@id\":\"https:\/\/hobby4geek.com\/#organization\"},\"potentialAction\":[{\"@type\":\"SearchAction\",\"target\":{\"@type\":\"EntryPoint\",\"urlTemplate\":\"https:\/\/hobby4geek.com\/?s={search_term_string}\"},\"query-input\":{\"@type\":\"PropertyValueSpecification\",\"valueRequired\":true,\"valueName\":\"search_term_string\"}}],\"inLanguage\":\"de\"},{\"@type\":\"Organization\",\"@id\":\"https:\/\/hobby4geek.com\/#organization\",\"name\":\"Hobby4Geek\",\"url\":\"https:\/\/hobby4geek.com\/\",\"logo\":{\"@type\":\"ImageObject\",\"inLanguage\":\"de\",\"@id\":\"https:\/\/hobby4geek.com\/#\/schema\/logo\/image\/\",\"url\":\"https:\/\/hobby4geek.com\/wp-content\/uploads\/2023\/02\/default-kit.png\",\"contentUrl\":\"https:\/\/hobby4geek.com\/wp-content\/uploads\/2023\/02\/default-kit.png\",\"width\":600,\"height\":600,\"caption\":\"Hobby4Geek\"},\"image\":{\"@id\":\"https:\/\/hobby4geek.com\/#\/schema\/logo\/image\/\"},\"sameAs\":[\"https:\/\/www.facebook.com\/hobby4geek\",\"https:\/\/x.com\/hobby4geek\",\"https:\/\/www.instagram.com\/hobby4geek\/\"]}]}<\/script>\n<meta property=\"product:brand\" content=\"Transformers\" \/>\n<meta property=\"product:price:amount\" content=\"29.00\" \/>\n<meta property=\"product:price:currency\" content=\"EUR\" \/>\n<meta property=\"og:availability\" content=\"out of stock\" \/>\n<meta property=\"product:availability\" content=\"out of stock\" \/>\n<meta property=\"product:retailer_item_id\" content=\"studioseries029\" \/>\n<meta property=\"product:condition\" content=\"new\" \/>\n<!-- \/ Yoast SEO Premium plugin. -->","yoast_head_json":{"title":"Transformers Studio Series - 29 Luxus Sideswipe","robots":{"index":"index","follow":"follow","max-snippet":"max-snippet:-1","max-image-preview":"max-image-preview:large","max-video-preview":"max-video-preview:-1"},"canonical":"https:\/\/hobby4geek.com\/de\/produkt\/transformers-studio-series-29-sideswipe\/","og_locale":"de_DE","og_type":"article","og_title":"Transformers Studio Series - 29 Deluxe Sideswipe","og_description":"This Sideswipe robot transforms into a Corvette car in 18 steps.  The decor can be removed from the packaging to display Sideswipe in the Dreads Showdown scene.  4 weapons  Size: 11.5cm","og_url":"https:\/\/hobby4geek.com\/de\/produkt\/transformers-studio-series-29-sideswipe\/","og_site_name":"Hobby4Geek","article_publisher":"https:\/\/www.facebook.com\/hobby4geek","article_modified_time":"2024-05-12T11:55:11+00:00","og_image":[{"width":800,"height":800,"url":"https:\/\/hobby4geek.com\/wp-content\/uploads\/2023\/02\/transformers-studio-series-29-deluxe-sideswipe.jpg","type":"image\/jpeg"}],"twitter_card":"summary_large_image","twitter_site":"@hobby4geek","schema":{"@context":"https:\/\/schema.org","@graph":[{"@type":"WebPage","@id":"https:\/\/hobby4geek.com\/product\/transformers-studio-series-29-sideswipe\/","url":"https:\/\/hobby4geek.com\/product\/transformers-studio-series-29-sideswipe\/","name":"Transformers Studio Series - 29 Luxus Sideswipe","isPartOf":{"@id":"https:\/\/hobby4geek.com\/#website"},"primaryImageOfPage":{"@id":"https:\/\/hobby4geek.com\/product\/transformers-studio-series-29-sideswipe\/#primaryimage"},"image":{"@id":"https:\/\/hobby4geek.com\/product\/transformers-studio-series-29-sideswipe\/#primaryimage"},"thumbnailUrl":"https:\/\/hobby4geek.com\/wp-content\/uploads\/2023\/02\/transformers-studio-series-29-deluxe-sideswipe.jpg","datePublished":"2019-08-12T15:36:35+00:00","dateModified":"2024-05-12T11:55:11+00:00","breadcrumb":{"@id":"https:\/\/hobby4geek.com\/product\/transformers-studio-series-29-sideswipe\/#breadcrumb"},"inLanguage":"de","potentialAction":[{"@type":"ReadAction","target":["https:\/\/hobby4geek.com\/product\/transformers-studio-series-29-sideswipe\/"]}]},{"@type":"ImageObject","inLanguage":"de","@id":"https:\/\/hobby4geek.com\/product\/transformers-studio-series-29-sideswipe\/#primaryimage","url":"https:\/\/hobby4geek.com\/wp-content\/uploads\/2023\/02\/transformers-studio-series-29-deluxe-sideswipe.jpg","contentUrl":"https:\/\/hobby4geek.com\/wp-content\/uploads\/2023\/02\/transformers-studio-series-29-deluxe-sideswipe.jpg","width":800,"height":800},{"@type":"BreadcrumbList","@id":"https:\/\/hobby4geek.com\/product\/transformers-studio-series-29-sideswipe\/#breadcrumb","itemListElement":[{"@type":"ListItem","position":1,"name":"Home","item":"https:\/\/hobby4geek.com\/"},{"@type":"ListItem","position":2,"name":"Shop","item":"https:\/\/hobby4geek.com\/shop\/"},{"@type":"ListItem","position":3,"name":"Transformers Studio Series &#8211; 29 Deluxe Sideswipe"}]},{"@type":"WebSite","@id":"https:\/\/hobby4geek.com\/#website","url":"https:\/\/hobby4geek.com\/","name":"Hobby4Geek","description":"Sammeln, Spielen &amp; Pr\u00e4sentieren, Umarmung der Geekiness","publisher":{"@id":"https:\/\/hobby4geek.com\/#organization"},"potentialAction":[{"@type":"SearchAction","target":{"@type":"EntryPoint","urlTemplate":"https:\/\/hobby4geek.com\/?s={search_term_string}"},"query-input":{"@type":"PropertyValueSpecification","valueRequired":true,"valueName":"search_term_string"}}],"inLanguage":"de"},{"@type":"Organization","@id":"https:\/\/hobby4geek.com\/#organization","name":"Hobby4Geek","url":"https:\/\/hobby4geek.com\/","logo":{"@type":"ImageObject","inLanguage":"de","@id":"https:\/\/hobby4geek.com\/#\/schema\/logo\/image\/","url":"https:\/\/hobby4geek.com\/wp-content\/uploads\/2023\/02\/default-kit.png","contentUrl":"https:\/\/hobby4geek.com\/wp-content\/uploads\/2023\/02\/default-kit.png","width":600,"height":600,"caption":"Hobby4Geek"},"image":{"@id":"https:\/\/hobby4geek.com\/#\/schema\/logo\/image\/"},"sameAs":["https:\/\/www.facebook.com\/hobby4geek","https:\/\/x.com\/hobby4geek","https:\/\/www.instagram.com\/hobby4geek\/"]}]},"product_brand":"Transformers","product_price_amount":"29.00","product_price_currency":"EUR","og_availability":"out of stock","product_availability":"out of stock","product_retailer_item_id":"studioseries029","product_condition":"new"},"_links":{"self":[{"href":"https:\/\/hobby4geek.com\/de\/wp-json\/wp\/v2\/product\/81072","targetHints":{"allow":["GET"]}}],"collection":[{"href":"https:\/\/hobby4geek.com\/de\/wp-json\/wp\/v2\/product"}],"about":[{"href":"https:\/\/hobby4geek.com\/de\/wp-json\/wp\/v2\/types\/product"}],"replies":[{"embeddable":true,"href":"https:\/\/hobby4geek.com\/de\/wp-json\/wp\/v2\/comments?post=81072"}],"version-history":[{"count":0,"href":"https:\/\/hobby4geek.com\/de\/wp-json\/wp\/v2\/product\/81072\/revisions"}],"wp:featuredmedia":[{"embeddable":true,"href":"https:\/\/hobby4geek.com\/de\/wp-json\/wp\/v2\/media\/179178"}],"wp:attachment":[{"href":"https:\/\/hobby4geek.com\/de\/wp-json\/wp\/v2\/media?parent=81072"}],"wp:term":[{"taxonomy":"product_brand","embeddable":true,"href":"https:\/\/hobby4geek.com\/de\/wp-json\/wp\/v2\/product_brand?post=81072"},{"taxonomy":"product_cat","embeddable":true,"href":"https:\/\/hobby4geek.com\/de\/wp-json\/wp\/v2\/product_cat?post=81072"},{"taxonomy":"product_tag","embeddable":true,"href":"https:\/\/hobby4geek.com\/de\/wp-json\/wp\/v2\/product_tag?post=81072"},{"taxonomy":"giftcard-category","embeddable":true,"href":"https:\/\/hobby4geek.com\/de\/wp-json\/wp\/v2\/giftcard-category?post=81072"}],"curies":[{"name":"wp","href":"https:\/\/api.w.org\/{rel}","templated":true}]}}