{"id":724,"date":"2019-02-23T21:13:13","date_gmt":"2019-02-23T20:13:13","guid":{"rendered":"https:\/\/hobby4geek.com\/?post_type=product&#038;p=724"},"modified":"2024-05-12T12:55:16","modified_gmt":"2024-05-12T11:55:16","slug":"ss07-leader-grimlock","status":"publish","type":"product","link":"https:\/\/hobby4geek.com\/de\/produkt\/ss07-leader-grimlock\/","title":{"rendered":"Transformers Studio Series - 07 Anf\u00fchrer Grimlock"},"content":{"rendered":"<div class=\"row\">\n<div class=\"col-md-12\">\n<p>Mit den Figuren aus der Studio Serie kann man die neueste Kollektion Transformers aufstellen und Filmszenen originalgetreu nachstellen, die auf der gro\u00dfen Leinwand zu sehen sind.<\/p>\n<p>Die Autobots greifen KSI in einer Szene des Films Transformers: L'\u00e8re de l'extinction in Hongkong an. Grimlock, der aus dem Schiff von Lockdown befreit wurde, will sich mit Optimus Prime zusammentun. Nachdem er im Kampf gescheitert ist, wechselt er die Seite, um seine Freiheit zu verteidigen, und macht sich auf den Weg in die Stadt, um die Decepticons zu vernichten.<\/p>\n<p>Die Figur Grimlock des Klassenleiters Studio Series 07 (Film 4) wechselt in 14 Etappen vom Roboter- zum Tyrannenmodus und umgekehrt. Das Emballage-Dekor kann entfernt werden, um den legend\u00e4ren Chef von Dinobot in der Filmszene in Hongkong zu zeigen.<\/p>\n<p>&nbsp;<\/p>\n<h4><\/h4>\n<ul>\n<li>Studio Series 07 (Film 4) - Grimlock de classe leader<\/li>\n<li>Erstklassige Figuren und Embleme f\u00fcr den Aufbau einer emblematischen Szene in Hongkong<\/li>\n<li>Grandeur \u00e0 l'\u00e9chelle du film Transformers: L'\u00e8re de l'extinction<\/li>\n<li>\u00dcbergang vom Roboter- zum Tyrannenmodus in 14 Etappen<\/li>\n<li>Bewegliches Dekor f\u00fcr die Pr\u00e4sentation der Grimlock-Figur auf der Filmszene in Hongkong<\/li>\n<\/ul>\n<\/div>\n<\/div>","protected":false},"excerpt":{"rendered":"<h4><\/h4>\n<ul>\n<li>Studio Series 07 (Film 4) - Grimlock de classe leader<\/li>\n<li>Erstklassige Figuren und Embleme f\u00fcr den Aufbau einer emblematischen Szene in Hongkong<\/li>\n<li>Grandeur \u00e0 l'\u00e9chelle du film Transformers: L'\u00e8re de l'extinction<\/li>\n<li>\u00dcbergang vom Roboter- zum Tyrannenmodus in 14 Etappen<\/li>\n<li>Bewegliches Dekor f\u00fcr die Pr\u00e4sentation der Grimlock-Figur auf der Filmszene in Hongkong<\/li>\n<\/ul>","protected":false},"featured_media":178241,"comment_status":"open","ping_status":"closed","template":"","meta":{"inline_featured_image":false},"product_brand":[],"product_cat":[1955,68,69,1960],"product_tag":[200,1759,199,252,253,240,203,1975,204],"giftcard-category":[],"class_list":{"0":"post-724","1":"product","2":"type-product","3":"status-publish","4":"has-post-thumbnail","6":"product_cat-transformers","7":"product_cat-hasbro","8":"product_cat-takara-tomy","9":"product_cat-transformers-generations","10":"product_tag-action-figures","11":"product_tag-action-toys","12":"product_tag-autobot","13":"product_tag-grimlock","14":"product_tag-leader","15":"product_tag-studio-series","16":"product_tag-takara-tomy","17":"product_tag-toys-figures","18":"product_tag-transformers","19":"product_shipping_class-from-china","20":"inventories-china-inventory","22":"first","23":"outofstock","24":"taxable","25":"shipping-taxable","26":"purchasable","27":"product-type-simple","28":"add-to-wishlist-after_add_to_cart"},"yoast_head":"<!-- This site is optimized with the Yoast SEO Premium plugin v25.3.1 (Yoast SEO v27.2) - https:\/\/yoast.com\/product\/yoast-seo-premium-wordpress\/ -->\n<title>Transformers Studio Series - 07 Leader Grimlock<\/title>\n<meta name=\"robots\" content=\"index, follow, max-snippet:-1, max-image-preview:large, max-video-preview:-1\" \/>\n<link rel=\"canonical\" href=\"https:\/\/hobby4geek.com\/de\/produkt\/ss07-leader-grimlock\/\" \/>\n<meta property=\"og:locale\" content=\"de_DE\" \/>\n<meta property=\"og:type\" content=\"article\" \/>\n<meta property=\"og:title\" content=\"Transformers Studio Series - 07 Leader Grimlock\" \/>\n<meta property=\"og:description\" content=\"Studio Series 07 (Film 4) - Grimlock de classe leader  Figurine et emballage de premi\u00e8re qualit\u00e9 pour recr\u00e9er l&#039;embl\u00e9matique sc\u00e8ne de poursuite \u00e0 Hong Kong  Grandeur \u00e0 l&#039;\u00e9chelle du film Transformers: L&#039;\u00e8re de l&#039;extinction  Passe du mode robot au mode Tyrannosaure en 14 \u00e9tapes  D\u00e9cor amovible pour pr\u00e9senter la figurine Grimlock dans la sc\u00e8ne de poursuite \u00e0 Hong Kong\" \/>\n<meta property=\"og:url\" content=\"https:\/\/hobby4geek.com\/de\/produkt\/ss07-leader-grimlock\/\" \/>\n<meta property=\"og:site_name\" content=\"Hobby4Geek\" \/>\n<meta property=\"article:publisher\" content=\"https:\/\/www.facebook.com\/hobby4geek\" \/>\n<meta property=\"article:modified_time\" content=\"2024-05-12T11:55:16+00:00\" \/>\n<meta property=\"og:image\" content=\"https:\/\/hobby4geek.com\/wp-content\/uploads\/2023\/02\/transformers-studio-series-07-leader-grimlock.jpg\" \/>\n\t<meta property=\"og:image:width\" content=\"600\" \/>\n\t<meta property=\"og:image:height\" content=\"600\" \/>\n\t<meta property=\"og:image:type\" content=\"image\/jpeg\" \/>\n<meta name=\"twitter:card\" content=\"summary_large_image\" \/>\n<meta name=\"twitter:site\" content=\"@hobby4geek\" \/>\n<script type=\"application\/ld+json\" class=\"yoast-schema-graph\">{\"@context\":\"https:\/\/schema.org\",\"@graph\":[{\"@type\":\"WebPage\",\"@id\":\"https:\/\/hobby4geek.com\/product\/ss07-leader-grimlock\/\",\"url\":\"https:\/\/hobby4geek.com\/product\/ss07-leader-grimlock\/\",\"name\":\"Transformers Studio Series - 07 Leader Grimlock\",\"isPartOf\":{\"@id\":\"https:\/\/hobby4geek.com\/#website\"},\"primaryImageOfPage\":{\"@id\":\"https:\/\/hobby4geek.com\/product\/ss07-leader-grimlock\/#primaryimage\"},\"image\":{\"@id\":\"https:\/\/hobby4geek.com\/product\/ss07-leader-grimlock\/#primaryimage\"},\"thumbnailUrl\":\"https:\/\/hobby4geek.com\/wp-content\/uploads\/2023\/02\/transformers-studio-series-07-leader-grimlock.jpg\",\"datePublished\":\"2019-02-23T20:13:13+00:00\",\"dateModified\":\"2024-05-12T11:55:16+00:00\",\"breadcrumb\":{\"@id\":\"https:\/\/hobby4geek.com\/product\/ss07-leader-grimlock\/#breadcrumb\"},\"inLanguage\":\"de\",\"potentialAction\":[{\"@type\":\"ReadAction\",\"target\":[\"https:\/\/hobby4geek.com\/product\/ss07-leader-grimlock\/\"]}]},{\"@type\":\"ImageObject\",\"inLanguage\":\"de\",\"@id\":\"https:\/\/hobby4geek.com\/product\/ss07-leader-grimlock\/#primaryimage\",\"url\":\"https:\/\/hobby4geek.com\/wp-content\/uploads\/2023\/02\/transformers-studio-series-07-leader-grimlock.jpg\",\"contentUrl\":\"https:\/\/hobby4geek.com\/wp-content\/uploads\/2023\/02\/transformers-studio-series-07-leader-grimlock.jpg\",\"width\":600,\"height\":600,\"caption\":\"SS07 Box\"},{\"@type\":\"BreadcrumbList\",\"@id\":\"https:\/\/hobby4geek.com\/product\/ss07-leader-grimlock\/#breadcrumb\",\"itemListElement\":[{\"@type\":\"ListItem\",\"position\":1,\"name\":\"Home\",\"item\":\"https:\/\/hobby4geek.com\/\"},{\"@type\":\"ListItem\",\"position\":2,\"name\":\"Shop\",\"item\":\"https:\/\/hobby4geek.com\/shop\/\"},{\"@type\":\"ListItem\",\"position\":3,\"name\":\"Transformers Studio Series &#8211; 07 Leader Grimlock\"}]},{\"@type\":\"WebSite\",\"@id\":\"https:\/\/hobby4geek.com\/#website\",\"url\":\"https:\/\/hobby4geek.com\/\",\"name\":\"Hobby4Geek\",\"description\":\"Collect, Play &amp; Showcase, Embrace your Geekiness\",\"publisher\":{\"@id\":\"https:\/\/hobby4geek.com\/#organization\"},\"potentialAction\":[{\"@type\":\"SearchAction\",\"target\":{\"@type\":\"EntryPoint\",\"urlTemplate\":\"https:\/\/hobby4geek.com\/?s={search_term_string}\"},\"query-input\":{\"@type\":\"PropertyValueSpecification\",\"valueRequired\":true,\"valueName\":\"search_term_string\"}}],\"inLanguage\":\"de\"},{\"@type\":\"Organization\",\"@id\":\"https:\/\/hobby4geek.com\/#organization\",\"name\":\"Hobby4Geek\",\"url\":\"https:\/\/hobby4geek.com\/\",\"logo\":{\"@type\":\"ImageObject\",\"inLanguage\":\"de\",\"@id\":\"https:\/\/hobby4geek.com\/#\/schema\/logo\/image\/\",\"url\":\"https:\/\/hobby4geek.com\/wp-content\/uploads\/2023\/02\/default-kit.png\",\"contentUrl\":\"https:\/\/hobby4geek.com\/wp-content\/uploads\/2023\/02\/default-kit.png\",\"width\":600,\"height\":600,\"caption\":\"Hobby4Geek\"},\"image\":{\"@id\":\"https:\/\/hobby4geek.com\/#\/schema\/logo\/image\/\"},\"sameAs\":[\"https:\/\/www.facebook.com\/hobby4geek\",\"https:\/\/x.com\/hobby4geek\",\"https:\/\/www.instagram.com\/hobby4geek\/\"]}]}<\/script>\n<meta property=\"product:brand\" content=\"Transformers\" \/>\n<meta property=\"product:price:amount\" content=\"57.00\" \/>\n<meta property=\"product:price:currency\" content=\"EUR\" \/>\n<meta property=\"og:availability\" content=\"out of stock\" \/>\n<meta property=\"product:availability\" content=\"out of stock\" \/>\n<meta property=\"product:condition\" content=\"new\" \/>\n<!-- \/ Yoast SEO Premium plugin. -->","yoast_head_json":{"title":"Transformers Studio Series - 07 Anf\u00fchrer Grimlock","robots":{"index":"index","follow":"follow","max-snippet":"max-snippet:-1","max-image-preview":"max-image-preview:large","max-video-preview":"max-video-preview:-1"},"canonical":"https:\/\/hobby4geek.com\/de\/produkt\/ss07-leader-grimlock\/","og_locale":"de_DE","og_type":"article","og_title":"Transformers Studio Series - 07 Leader Grimlock","og_description":"Studio Series 07 (Film 4) - Grimlock de classe leader  Figurine et emballage de premi\u00e8re qualit\u00e9 pour recr\u00e9er l'embl\u00e9matique sc\u00e8ne de poursuite \u00e0 Hong Kong  Grandeur \u00e0 l'\u00e9chelle du film Transformers: L'\u00e8re de l'extinction  Passe du mode robot au mode Tyrannosaure en 14 \u00e9tapes  D\u00e9cor amovible pour pr\u00e9senter la figurine Grimlock dans la sc\u00e8ne de poursuite \u00e0 Hong Kong","og_url":"https:\/\/hobby4geek.com\/de\/produkt\/ss07-leader-grimlock\/","og_site_name":"Hobby4Geek","article_publisher":"https:\/\/www.facebook.com\/hobby4geek","article_modified_time":"2024-05-12T11:55:16+00:00","og_image":[{"width":600,"height":600,"url":"https:\/\/hobby4geek.com\/wp-content\/uploads\/2023\/02\/transformers-studio-series-07-leader-grimlock.jpg","type":"image\/jpeg"}],"twitter_card":"summary_large_image","twitter_site":"@hobby4geek","schema":{"@context":"https:\/\/schema.org","@graph":[{"@type":"WebPage","@id":"https:\/\/hobby4geek.com\/product\/ss07-leader-grimlock\/","url":"https:\/\/hobby4geek.com\/product\/ss07-leader-grimlock\/","name":"Transformers Studio Series - 07 Anf\u00fchrer Grimlock","isPartOf":{"@id":"https:\/\/hobby4geek.com\/#website"},"primaryImageOfPage":{"@id":"https:\/\/hobby4geek.com\/product\/ss07-leader-grimlock\/#primaryimage"},"image":{"@id":"https:\/\/hobby4geek.com\/product\/ss07-leader-grimlock\/#primaryimage"},"thumbnailUrl":"https:\/\/hobby4geek.com\/wp-content\/uploads\/2023\/02\/transformers-studio-series-07-leader-grimlock.jpg","datePublished":"2019-02-23T20:13:13+00:00","dateModified":"2024-05-12T11:55:16+00:00","breadcrumb":{"@id":"https:\/\/hobby4geek.com\/product\/ss07-leader-grimlock\/#breadcrumb"},"inLanguage":"de","potentialAction":[{"@type":"ReadAction","target":["https:\/\/hobby4geek.com\/product\/ss07-leader-grimlock\/"]}]},{"@type":"ImageObject","inLanguage":"de","@id":"https:\/\/hobby4geek.com\/product\/ss07-leader-grimlock\/#primaryimage","url":"https:\/\/hobby4geek.com\/wp-content\/uploads\/2023\/02\/transformers-studio-series-07-leader-grimlock.jpg","contentUrl":"https:\/\/hobby4geek.com\/wp-content\/uploads\/2023\/02\/transformers-studio-series-07-leader-grimlock.jpg","width":600,"height":600,"caption":"SS07 Box"},{"@type":"BreadcrumbList","@id":"https:\/\/hobby4geek.com\/product\/ss07-leader-grimlock\/#breadcrumb","itemListElement":[{"@type":"ListItem","position":1,"name":"Home","item":"https:\/\/hobby4geek.com\/"},{"@type":"ListItem","position":2,"name":"Shop","item":"https:\/\/hobby4geek.com\/shop\/"},{"@type":"ListItem","position":3,"name":"Transformers Studio Series &#8211; 07 Leader Grimlock"}]},{"@type":"WebSite","@id":"https:\/\/hobby4geek.com\/#website","url":"https:\/\/hobby4geek.com\/","name":"Hobby4Geek","description":"Sammeln, Spielen &amp; Pr\u00e4sentieren, Umarmung der Geekiness","publisher":{"@id":"https:\/\/hobby4geek.com\/#organization"},"potentialAction":[{"@type":"SearchAction","target":{"@type":"EntryPoint","urlTemplate":"https:\/\/hobby4geek.com\/?s={search_term_string}"},"query-input":{"@type":"PropertyValueSpecification","valueRequired":true,"valueName":"search_term_string"}}],"inLanguage":"de"},{"@type":"Organization","@id":"https:\/\/hobby4geek.com\/#organization","name":"Hobby4Geek","url":"https:\/\/hobby4geek.com\/","logo":{"@type":"ImageObject","inLanguage":"de","@id":"https:\/\/hobby4geek.com\/#\/schema\/logo\/image\/","url":"https:\/\/hobby4geek.com\/wp-content\/uploads\/2023\/02\/default-kit.png","contentUrl":"https:\/\/hobby4geek.com\/wp-content\/uploads\/2023\/02\/default-kit.png","width":600,"height":600,"caption":"Hobby4Geek"},"image":{"@id":"https:\/\/hobby4geek.com\/#\/schema\/logo\/image\/"},"sameAs":["https:\/\/www.facebook.com\/hobby4geek","https:\/\/x.com\/hobby4geek","https:\/\/www.instagram.com\/hobby4geek\/"]}]},"product_brand":"Transformers","product_price_amount":"57.00","product_price_currency":"EUR","og_availability":"out of stock","product_availability":"out of stock","product_condition":"new"},"_links":{"self":[{"href":"https:\/\/hobby4geek.com\/de\/wp-json\/wp\/v2\/product\/724","targetHints":{"allow":["GET"]}}],"collection":[{"href":"https:\/\/hobby4geek.com\/de\/wp-json\/wp\/v2\/product"}],"about":[{"href":"https:\/\/hobby4geek.com\/de\/wp-json\/wp\/v2\/types\/product"}],"replies":[{"embeddable":true,"href":"https:\/\/hobby4geek.com\/de\/wp-json\/wp\/v2\/comments?post=724"}],"version-history":[{"count":0,"href":"https:\/\/hobby4geek.com\/de\/wp-json\/wp\/v2\/product\/724\/revisions"}],"wp:featuredmedia":[{"embeddable":true,"href":"https:\/\/hobby4geek.com\/de\/wp-json\/wp\/v2\/media\/178241"}],"wp:attachment":[{"href":"https:\/\/hobby4geek.com\/de\/wp-json\/wp\/v2\/media?parent=724"}],"wp:term":[{"taxonomy":"product_brand","embeddable":true,"href":"https:\/\/hobby4geek.com\/de\/wp-json\/wp\/v2\/product_brand?post=724"},{"taxonomy":"product_cat","embeddable":true,"href":"https:\/\/hobby4geek.com\/de\/wp-json\/wp\/v2\/product_cat?post=724"},{"taxonomy":"product_tag","embeddable":true,"href":"https:\/\/hobby4geek.com\/de\/wp-json\/wp\/v2\/product_tag?post=724"},{"taxonomy":"giftcard-category","embeddable":true,"href":"https:\/\/hobby4geek.com\/de\/wp-json\/wp\/v2\/giftcard-category?post=724"}],"curies":[{"name":"wp","href":"https:\/\/api.w.org\/{rel}","templated":true}]}}