{"id":691,"date":"2019-02-23T20:16:45","date_gmt":"2019-02-23T19:16:45","guid":{"rendered":"https:\/\/hobby4geek.com\/?post_type=product&#038;p=691"},"modified":"2024-05-12T12:55:18","modified_gmt":"2024-05-12T11:55:18","slug":"ss04-deluxe-ratsche","status":"publish","type":"product","link":"https:\/\/hobby4geek.com\/de\/produkt\/ss04-deluxe-ratsche\/","title":{"rendered":"Transformers Studio Series - 04 Luxus Ratchet"},"content":{"rendered":"<p>Die ultimative Transformers-Sammlung besteht aus Studio Series-Figuren, die von ikonischen Filmszenen inspiriert sind und mit Deko und Figuren aus dem Filmuniversum gestaltet wurden.<\/p>\n<p>In der Schlacht von Mission City Movie 1 verteidigt der Autobot Ratchet den Allspark mit selbstloser Hingabe. Mit einem Salto aus der Luft hackt er einem Decepticon den Arm ab und k\u00e4mpft sich dann zum Sieg, w\u00e4hrend Sam Witwicky um die Rettung des Allsparks rennt.<\/p>\n<p>Diese Autobot Ratchet-Figur l\u00e4sst sich in 18 Schritten vom Roboter- in den Fahrzeugmodus umwandeln und wird mit einem Waffenzubeh\u00f6r geliefert. Entferne die Kulisse aus der Packung, um den zuverl\u00e4ssigen Autobot-Sanit\u00e4ter in der Mission City-Kampfszene zu pr\u00e4sentieren.<\/p>\n<ul>\n<li>Enth\u00e4lt Transformers Studio Series 04 (Movie 1) Deluxe Class Autobot Ratchet Figur, abnehmbare Kulisse und Anleitung.<\/li>\n<li>Transformers Studio Series 04 Deluxe Class Autobot Ratchet Figur (Film 1)<\/li>\n<li>Premium-Figur und -Verpackung inspiriert von der kultigen Mission City-Kampfszene<\/li>\n<li>Der Abbildungsma\u00dfstab entspricht der Gr\u00f6\u00dfe der Figuren in der Filmwelt Transformers 1<\/li>\n<li>In 18 Schritten vom Roboter zum Fahrzeug<\/li>\n<li>Der abnehmbare Hintergrund erm\u00f6glicht die Darstellung des Autobots Ratchet in der Kampfszene von Mission City<\/li>\n<\/ul>","protected":false},"excerpt":{"rendered":"<ul>\n<li>Enth\u00e4lt Transformers Studio Series 04 (Movie 1) Deluxe Class Autobot Ratchet Figur, abnehmbare Kulisse und Anleitung.<\/li>\n<li>Transformers Studio Series 04 Deluxe Class Autobot Ratchet Figur (Film 1)<\/li>\n<li>Premium-Figur und -Verpackung inspiriert von der kultigen Mission City-Kampfszene<\/li>\n<li>Der Abbildungsma\u00dfstab entspricht der Gr\u00f6\u00dfe der Figuren in der Filmwelt Transformers 1<\/li>\n<li>In 18 Schritten vom Roboter zum Fahrzeug<\/li>\n<li>Der abnehmbare Hintergrund erm\u00f6glicht die Darstellung des Autobots Ratchet in der Kampfszene von Mission City<\/li>\n<\/ul>","protected":false},"featured_media":178215,"comment_status":"open","ping_status":"closed","template":"","meta":{"inline_featured_image":false},"product_brand":[],"product_cat":[1955,68,69,1960],"product_tag":[200,1759,199,245,240,203,1975,204],"giftcard-category":[],"class_list":{"0":"post-691","1":"product","2":"type-product","3":"status-publish","4":"has-post-thumbnail","6":"product_cat-transformers","7":"product_cat-hasbro","8":"product_cat-takara-tomy","9":"product_cat-transformers-generations","10":"product_tag-action-figures","11":"product_tag-action-toys","12":"product_tag-autobot","13":"product_tag-ratchet","14":"product_tag-studio-series","15":"product_tag-takara-tomy","16":"product_tag-toys-figures","17":"product_tag-transformers","18":"product_shipping_class-from-china","19":"inventories-china-inventory","21":"first","22":"outofstock","23":"taxable","24":"shipping-taxable","25":"purchasable","26":"product-type-simple","27":"add-to-wishlist-after_add_to_cart"},"yoast_head":"<!-- This site is optimized with the Yoast SEO Premium plugin v25.3.1 (Yoast SEO v27.2) - https:\/\/yoast.com\/product\/yoast-seo-premium-wordpress\/ -->\n<title>Transformers Studio Series - 04 Deluxe Ratchet<\/title>\n<meta name=\"robots\" content=\"index, follow, max-snippet:-1, max-image-preview:large, max-video-preview:-1\" \/>\n<link rel=\"canonical\" href=\"https:\/\/hobby4geek.com\/de\/produkt\/ss04-deluxe-ratsche\/\" \/>\n<meta property=\"og:locale\" content=\"de_DE\" \/>\n<meta property=\"og:type\" content=\"article\" \/>\n<meta property=\"og:title\" content=\"Transformers Studio Series - 04 Deluxe Ratchet\" \/>\n<meta property=\"og:description\" content=\"Includes Transformers Studio Series 04 (Movie 1) Deluxe Class Autobot Ratchet figure, removable backdrop, and instructions.  Transformers Studio Series 04 Deluxe Class Autobot Ratchet Figure (Movie 1)  Premium figure and packaging inspired by the iconic Mission City battle scene  Figure scale reflects character size in Transformers 1 movie world  Go from robot to vehicle in 18 steps  Removable backdrop lets you display Autobot Ratchet in the Mission City battle scene\" \/>\n<meta property=\"og:url\" content=\"https:\/\/hobby4geek.com\/de\/produkt\/ss04-deluxe-ratsche\/\" \/>\n<meta property=\"og:site_name\" content=\"Hobby4Geek\" \/>\n<meta property=\"article:publisher\" content=\"https:\/\/www.facebook.com\/hobby4geek\" \/>\n<meta property=\"article:modified_time\" content=\"2024-05-12T11:55:18+00:00\" \/>\n<meta property=\"og:image\" content=\"https:\/\/hobby4geek.com\/wp-content\/uploads\/2023\/02\/transformers-studio-series-04-deluxe-ratchet.jpg\" \/>\n\t<meta property=\"og:image:width\" content=\"600\" \/>\n\t<meta property=\"og:image:height\" content=\"600\" \/>\n\t<meta property=\"og:image:type\" content=\"image\/jpeg\" \/>\n<meta name=\"twitter:card\" content=\"summary_large_image\" \/>\n<meta name=\"twitter:site\" content=\"@hobby4geek\" \/>\n<script type=\"application\/ld+json\" class=\"yoast-schema-graph\">{\"@context\":\"https:\/\/schema.org\",\"@graph\":[{\"@type\":\"WebPage\",\"@id\":\"https:\/\/hobby4geek.com\/product\/ss04-deluxe-ratchet\/\",\"url\":\"https:\/\/hobby4geek.com\/product\/ss04-deluxe-ratchet\/\",\"name\":\"Transformers Studio Series - 04 Deluxe Ratchet\",\"isPartOf\":{\"@id\":\"https:\/\/hobby4geek.com\/#website\"},\"primaryImageOfPage\":{\"@id\":\"https:\/\/hobby4geek.com\/product\/ss04-deluxe-ratchet\/#primaryimage\"},\"image\":{\"@id\":\"https:\/\/hobby4geek.com\/product\/ss04-deluxe-ratchet\/#primaryimage\"},\"thumbnailUrl\":\"https:\/\/hobby4geek.com\/wp-content\/uploads\/2023\/02\/transformers-studio-series-04-deluxe-ratchet.jpg\",\"datePublished\":\"2019-02-23T19:16:45+00:00\",\"dateModified\":\"2024-05-12T11:55:18+00:00\",\"breadcrumb\":{\"@id\":\"https:\/\/hobby4geek.com\/product\/ss04-deluxe-ratchet\/#breadcrumb\"},\"inLanguage\":\"de\",\"potentialAction\":[{\"@type\":\"ReadAction\",\"target\":[\"https:\/\/hobby4geek.com\/product\/ss04-deluxe-ratchet\/\"]}]},{\"@type\":\"ImageObject\",\"inLanguage\":\"de\",\"@id\":\"https:\/\/hobby4geek.com\/product\/ss04-deluxe-ratchet\/#primaryimage\",\"url\":\"https:\/\/hobby4geek.com\/wp-content\/uploads\/2023\/02\/transformers-studio-series-04-deluxe-ratchet.jpg\",\"contentUrl\":\"https:\/\/hobby4geek.com\/wp-content\/uploads\/2023\/02\/transformers-studio-series-04-deluxe-ratchet.jpg\",\"width\":600,\"height\":600,\"caption\":\"SS04 Box\"},{\"@type\":\"BreadcrumbList\",\"@id\":\"https:\/\/hobby4geek.com\/product\/ss04-deluxe-ratchet\/#breadcrumb\",\"itemListElement\":[{\"@type\":\"ListItem\",\"position\":1,\"name\":\"Home\",\"item\":\"https:\/\/hobby4geek.com\/\"},{\"@type\":\"ListItem\",\"position\":2,\"name\":\"Shop\",\"item\":\"https:\/\/hobby4geek.com\/shop\/\"},{\"@type\":\"ListItem\",\"position\":3,\"name\":\"Transformers Studio Series &#8211; 04 Deluxe Ratchet\"}]},{\"@type\":\"WebSite\",\"@id\":\"https:\/\/hobby4geek.com\/#website\",\"url\":\"https:\/\/hobby4geek.com\/\",\"name\":\"Hobby4Geek\",\"description\":\"Collect, Play &amp; Showcase, Embrace your Geekiness\",\"publisher\":{\"@id\":\"https:\/\/hobby4geek.com\/#organization\"},\"potentialAction\":[{\"@type\":\"SearchAction\",\"target\":{\"@type\":\"EntryPoint\",\"urlTemplate\":\"https:\/\/hobby4geek.com\/?s={search_term_string}\"},\"query-input\":{\"@type\":\"PropertyValueSpecification\",\"valueRequired\":true,\"valueName\":\"search_term_string\"}}],\"inLanguage\":\"de\"},{\"@type\":\"Organization\",\"@id\":\"https:\/\/hobby4geek.com\/#organization\",\"name\":\"Hobby4Geek\",\"url\":\"https:\/\/hobby4geek.com\/\",\"logo\":{\"@type\":\"ImageObject\",\"inLanguage\":\"de\",\"@id\":\"https:\/\/hobby4geek.com\/#\/schema\/logo\/image\/\",\"url\":\"https:\/\/hobby4geek.com\/wp-content\/uploads\/2023\/02\/default-kit.png\",\"contentUrl\":\"https:\/\/hobby4geek.com\/wp-content\/uploads\/2023\/02\/default-kit.png\",\"width\":600,\"height\":600,\"caption\":\"Hobby4Geek\"},\"image\":{\"@id\":\"https:\/\/hobby4geek.com\/#\/schema\/logo\/image\/\"},\"sameAs\":[\"https:\/\/www.facebook.com\/hobby4geek\",\"https:\/\/x.com\/hobby4geek\",\"https:\/\/www.instagram.com\/hobby4geek\/\"]}]}<\/script>\n<meta property=\"product:brand\" content=\"Transformers\" \/>\n<meta property=\"product:price:amount\" content=\"24.00\" \/>\n<meta property=\"product:price:currency\" content=\"EUR\" \/>\n<meta property=\"og:availability\" content=\"out of stock\" \/>\n<meta property=\"product:availability\" content=\"out of stock\" \/>\n<meta property=\"product:condition\" content=\"new\" \/>\n<!-- \/ Yoast SEO Premium plugin. -->","yoast_head_json":{"title":"Transformers Studio Series - 04 Luxus Ratchet","robots":{"index":"index","follow":"follow","max-snippet":"max-snippet:-1","max-image-preview":"max-image-preview:large","max-video-preview":"max-video-preview:-1"},"canonical":"https:\/\/hobby4geek.com\/de\/produkt\/ss04-deluxe-ratsche\/","og_locale":"de_DE","og_type":"article","og_title":"Transformers Studio Series - 04 Deluxe Ratchet","og_description":"Includes Transformers Studio Series 04 (Movie 1) Deluxe Class Autobot Ratchet figure, removable backdrop, and instructions.  Transformers Studio Series 04 Deluxe Class Autobot Ratchet Figure (Movie 1)  Premium figure and packaging inspired by the iconic Mission City battle scene  Figure scale reflects character size in Transformers 1 movie world  Go from robot to vehicle in 18 steps  Removable backdrop lets you display Autobot Ratchet in the Mission City battle scene","og_url":"https:\/\/hobby4geek.com\/de\/produkt\/ss04-deluxe-ratsche\/","og_site_name":"Hobby4Geek","article_publisher":"https:\/\/www.facebook.com\/hobby4geek","article_modified_time":"2024-05-12T11:55:18+00:00","og_image":[{"width":600,"height":600,"url":"https:\/\/hobby4geek.com\/wp-content\/uploads\/2023\/02\/transformers-studio-series-04-deluxe-ratchet.jpg","type":"image\/jpeg"}],"twitter_card":"summary_large_image","twitter_site":"@hobby4geek","schema":{"@context":"https:\/\/schema.org","@graph":[{"@type":"WebPage","@id":"https:\/\/hobby4geek.com\/product\/ss04-deluxe-ratchet\/","url":"https:\/\/hobby4geek.com\/product\/ss04-deluxe-ratchet\/","name":"Transformers Studio Series - 04 Luxus Ratchet","isPartOf":{"@id":"https:\/\/hobby4geek.com\/#website"},"primaryImageOfPage":{"@id":"https:\/\/hobby4geek.com\/product\/ss04-deluxe-ratchet\/#primaryimage"},"image":{"@id":"https:\/\/hobby4geek.com\/product\/ss04-deluxe-ratchet\/#primaryimage"},"thumbnailUrl":"https:\/\/hobby4geek.com\/wp-content\/uploads\/2023\/02\/transformers-studio-series-04-deluxe-ratchet.jpg","datePublished":"2019-02-23T19:16:45+00:00","dateModified":"2024-05-12T11:55:18+00:00","breadcrumb":{"@id":"https:\/\/hobby4geek.com\/product\/ss04-deluxe-ratchet\/#breadcrumb"},"inLanguage":"de","potentialAction":[{"@type":"ReadAction","target":["https:\/\/hobby4geek.com\/product\/ss04-deluxe-ratchet\/"]}]},{"@type":"ImageObject","inLanguage":"de","@id":"https:\/\/hobby4geek.com\/product\/ss04-deluxe-ratchet\/#primaryimage","url":"https:\/\/hobby4geek.com\/wp-content\/uploads\/2023\/02\/transformers-studio-series-04-deluxe-ratchet.jpg","contentUrl":"https:\/\/hobby4geek.com\/wp-content\/uploads\/2023\/02\/transformers-studio-series-04-deluxe-ratchet.jpg","width":600,"height":600,"caption":"SS04 Box"},{"@type":"BreadcrumbList","@id":"https:\/\/hobby4geek.com\/product\/ss04-deluxe-ratchet\/#breadcrumb","itemListElement":[{"@type":"ListItem","position":1,"name":"Home","item":"https:\/\/hobby4geek.com\/"},{"@type":"ListItem","position":2,"name":"Shop","item":"https:\/\/hobby4geek.com\/shop\/"},{"@type":"ListItem","position":3,"name":"Transformers Studio Series &#8211; 04 Deluxe Ratchet"}]},{"@type":"WebSite","@id":"https:\/\/hobby4geek.com\/#website","url":"https:\/\/hobby4geek.com\/","name":"Hobby4Geek","description":"Sammeln, Spielen &amp; Pr\u00e4sentieren, Umarmung der Geekiness","publisher":{"@id":"https:\/\/hobby4geek.com\/#organization"},"potentialAction":[{"@type":"SearchAction","target":{"@type":"EntryPoint","urlTemplate":"https:\/\/hobby4geek.com\/?s={search_term_string}"},"query-input":{"@type":"PropertyValueSpecification","valueRequired":true,"valueName":"search_term_string"}}],"inLanguage":"de"},{"@type":"Organization","@id":"https:\/\/hobby4geek.com\/#organization","name":"Hobby4Geek","url":"https:\/\/hobby4geek.com\/","logo":{"@type":"ImageObject","inLanguage":"de","@id":"https:\/\/hobby4geek.com\/#\/schema\/logo\/image\/","url":"https:\/\/hobby4geek.com\/wp-content\/uploads\/2023\/02\/default-kit.png","contentUrl":"https:\/\/hobby4geek.com\/wp-content\/uploads\/2023\/02\/default-kit.png","width":600,"height":600,"caption":"Hobby4Geek"},"image":{"@id":"https:\/\/hobby4geek.com\/#\/schema\/logo\/image\/"},"sameAs":["https:\/\/www.facebook.com\/hobby4geek","https:\/\/x.com\/hobby4geek","https:\/\/www.instagram.com\/hobby4geek\/"]}]},"product_brand":"Transformers","product_price_amount":"24.00","product_price_currency":"EUR","og_availability":"out of stock","product_availability":"out of stock","product_condition":"new"},"_links":{"self":[{"href":"https:\/\/hobby4geek.com\/de\/wp-json\/wp\/v2\/product\/691","targetHints":{"allow":["GET"]}}],"collection":[{"href":"https:\/\/hobby4geek.com\/de\/wp-json\/wp\/v2\/product"}],"about":[{"href":"https:\/\/hobby4geek.com\/de\/wp-json\/wp\/v2\/types\/product"}],"replies":[{"embeddable":true,"href":"https:\/\/hobby4geek.com\/de\/wp-json\/wp\/v2\/comments?post=691"}],"version-history":[{"count":0,"href":"https:\/\/hobby4geek.com\/de\/wp-json\/wp\/v2\/product\/691\/revisions"}],"wp:featuredmedia":[{"embeddable":true,"href":"https:\/\/hobby4geek.com\/de\/wp-json\/wp\/v2\/media\/178215"}],"wp:attachment":[{"href":"https:\/\/hobby4geek.com\/de\/wp-json\/wp\/v2\/media?parent=691"}],"wp:term":[{"taxonomy":"product_brand","embeddable":true,"href":"https:\/\/hobby4geek.com\/de\/wp-json\/wp\/v2\/product_brand?post=691"},{"taxonomy":"product_cat","embeddable":true,"href":"https:\/\/hobby4geek.com\/de\/wp-json\/wp\/v2\/product_cat?post=691"},{"taxonomy":"product_tag","embeddable":true,"href":"https:\/\/hobby4geek.com\/de\/wp-json\/wp\/v2\/product_tag?post=691"},{"taxonomy":"giftcard-category","embeddable":true,"href":"https:\/\/hobby4geek.com\/de\/wp-json\/wp\/v2\/giftcard-category?post=691"}],"curies":[{"name":"wp","href":"https:\/\/api.w.org\/{rel}","templated":true}]}}