{"id":641,"date":"2024-05-10T19:43:49","date_gmt":"2024-05-10T18:43:49","guid":{"rendered":"https:\/\/hobby4geek.com\/?post_type=product&#038;p=641"},"modified":"2024-09-05T12:21:39","modified_gmt":"2024-09-05T11:21:39","slug":"mpm-12-optimus-prime","status":"publish","type":"product","link":"https:\/\/hobby4geek.com\/de\/produkt\/mpm-12-optimus-prime\/","title":{"rendered":"Transformers: Masterpiece Movie Series MPM-12 Optimus Prime"},"content":{"rendered":"<div class=\"row\">\n<div class=\"col-md-12\">\n<p>Die authentischen Movie Masterpiece-Figuren sind von den Transformers-Actionfilmen inspiriert und verf\u00fcgen \u00fcber vom Film inspirierte Details und Zubeh\u00f6rteile, die sich perfekt f\u00fcr die Pr\u00e4sentation im Sammlerregal eignen. Diese authentische Transformers-Sammelfigur wurde von CAD-Dateien aus dem Film Transformers: Bumblebee inspiriert und verf\u00fcgt \u00fcber Druckgussteile und 150 Deko-Operationen mit \u00fcber 50 Artikulationspunkten.<\/p>\n<p>Optimus Prime kommt zur Verteidigung seiner Autobot-Kollegen und k\u00e4mpft ihr letztes heroisches Gefecht, w\u00e4hrend Cybertron f\u00e4llt. Diese Optimus Prime-Figur verf\u00fcgt \u00fcber Spezifikationen und Details, die von der Erscheinung des Autobot-Anf\u00fchrers in Transformers: Bumblebee inspiriert sind, und enth\u00e4lt sein ikonisches Matrix of Command-Zubeh\u00f6r, das in seine Brust passt, sowie ein Ion Blaster-Zubeh\u00f6r. Die Figur l\u00e4sst sich in 49 Schritten vom Roboter- in den pr\u00e4zisen Truck-Modus verwandeln und verf\u00fcgt \u00fcber einen beweglichen Kopf, H\u00e4nde, Taille und Brust.<\/p>\n<p>Halte Ausschau nach weiteren Movie Masterpiece Figuren, die ikonische Szenen aus den Transformers Filmen nachstellen. (Jede Figur ist separat erh\u00e4ltlich, je nach Verf\u00fcgbarkeit).<\/p>\n<ul>\n<li>Masterpiece Movie Series-Figuren sind authentische Transformers-Sammelfiguren nach dem Vorbild der Transformers-Live-Action-Filme, mit von der Leinwand inspirierten Details und Zubeh\u00f6r<\/li>\n<li>Diese Optimus Prime-Figur mit Druckgussteilen und 150 Deko-Ops mit \u00fcber 50 Artikulationspunkten wurde von den CAD-Dateien des Live-Action-Films inspiriert: Transformers: Bumblebee<\/li>\n<li>Baue die Optimus Prime-Figur in 49 Schritten in einen vom Film inspirierten Truck um, wie er im Live-Action-Film Transformers: Bumblebee zu sehen ist.<\/li>\n<li>Die Figur verf\u00fcgt \u00fcber bewegliche H\u00e4nde, Taille, Kopf und Brustplatte. Enth\u00e4lt eine F\u00fchrungsmatrix, die in die Brust der Figur passt, und ein Ion Blaster-Zubeh\u00f6r. Ion Blaster-Zubeh\u00f6r kann an der Figur im Roboter- und Truck-Modus befestigt werden.<\/li>\n<li>Erlebe ikonische Momente aus den Transformers-Filmen mit anderen Movie Masterpiece-Figuren neu. Jede Figur ist separat erh\u00e4ltlich. Je nach Verf\u00fcgbarkeit.<\/li>\n<\/ul>\n<\/div>\n<\/div>","protected":false},"excerpt":{"rendered":"<ul>\n<li>Ma\u00dfstab 1\/35<\/li>\n<li>Gr\u00f6\u00dfe: 24 cm \/ 9.45 in<\/li>\n<li>Kopf, H\u00e4nde, Taille und Brust sind beweglich<\/li>\n<li>Kompatibel mit MP-44 Convoy 3.0 Anh\u00e4nger<\/li>\n<li>Ionen-Blaster<\/li>\n<li>Matrix der F\u00fchrung<\/li>\n<li>Umwandlung in 49 Schritten<\/li>\n<\/ul>","protected":false},"featured_media":642,"comment_status":"open","ping_status":"closed","template":"","meta":{"inline_featured_image":false},"product_brand":[],"product_cat":[1955,68,69],"product_tag":[200,1759,199,224,226,227,228,229,230,202,231,232,233,234,203,1975,204,235],"giftcard-category":[],"class_list":{"0":"post-641","1":"product","2":"type-product","3":"status-publish","4":"has-post-thumbnail","6":"product_cat-transformers","7":"product_cat-hasbro","8":"product_cat-takara-tomy","9":"product_tag-action-figures","10":"product_tag-action-toys","11":"product_tag-autobot","12":"product_tag-bumblebee","13":"product_tag-bumblebee-movie","14":"product_tag-cybertron","15":"product_tag-g1","16":"product_tag-generation-1","17":"product_tag-masterpiece","18":"product_tag-masterpiece-movie-series","19":"product_tag-movie-masterpiece","20":"product_tag-mp-44-convoy-3-0","21":"product_tag-mpm-12","22":"product_tag-optimus-prime","23":"product_tag-takara-tomy","24":"product_tag-toys-figures","25":"product_tag-transformers","26":"product_tag-transformers-bumblebee","27":"product_shipping_class-from-china","28":"inventories-france-inventory","30":"first","31":"instock","32":"taxable","33":"shipping-taxable","34":"purchasable","35":"product-type-simple","36":"add-to-wishlist-after_add_to_cart"},"yoast_head":"<!-- This site is optimized with the Yoast SEO Premium plugin v25.3.1 (Yoast SEO v27.2) - https:\/\/yoast.com\/product\/yoast-seo-premium-wordpress\/ -->\n<title>Transformers: Masterpiece Movie Series MPM-12 Optimus Prime<\/title>\n<meta name=\"robots\" content=\"index, follow, max-snippet:-1, max-image-preview:large, max-video-preview:-1\" \/>\n<link rel=\"canonical\" href=\"https:\/\/hobby4geek.com\/de\/produkt\/mpm-12-optimus-prime\/\" \/>\n<meta property=\"og:locale\" content=\"de_DE\" \/>\n<meta property=\"og:type\" content=\"article\" \/>\n<meta property=\"og:title\" content=\"Transformers: Masterpiece Movie Series MPM-12 Optimus Prime\" \/>\n<meta property=\"og:description\" content=\"Scale 1\/35  Size: 24 cm \/ 9.45 in  Articulated Head, Hands, Waist and Chest  Compatible with MP-44 Convoy 3.0 trailer  Ion blaster  Matrix of Leadership  Transformation in 49 steps\" \/>\n<meta property=\"og:url\" content=\"https:\/\/hobby4geek.com\/de\/produkt\/mpm-12-optimus-prime\/\" \/>\n<meta property=\"og:site_name\" content=\"Hobby4Geek\" \/>\n<meta property=\"article:publisher\" content=\"https:\/\/www.facebook.com\/hobby4geek\" \/>\n<meta property=\"article:modified_time\" content=\"2024-09-05T11:21:39+00:00\" \/>\n<meta property=\"og:image\" content=\"https:\/\/hobby4geek.com\/wp-content\/uploads\/2023\/02\/masterpiece-movie-series-mpm-12-optimus-prime-5.jpg\" \/>\n\t<meta property=\"og:image:width\" content=\"1278\" \/>\n\t<meta property=\"og:image:height\" content=\"1278\" \/>\n\t<meta property=\"og:image:type\" content=\"image\/jpeg\" \/>\n<meta name=\"twitter:card\" content=\"summary_large_image\" \/>\n<meta name=\"twitter:site\" content=\"@hobby4geek\" \/>\n<script type=\"application\/ld+json\" class=\"yoast-schema-graph\">{\"@context\":\"https:\/\/schema.org\",\"@graph\":[{\"@type\":\"WebPage\",\"@id\":\"https:\/\/hobby4geek.com\/product\/mpm-12-optimus-prime\/\",\"url\":\"https:\/\/hobby4geek.com\/product\/mpm-12-optimus-prime\/\",\"name\":\"Transformers: Masterpiece Movie Series MPM-12 Optimus Prime\",\"isPartOf\":{\"@id\":\"https:\/\/hobby4geek.com\/#website\"},\"primaryImageOfPage\":{\"@id\":\"https:\/\/hobby4geek.com\/product\/mpm-12-optimus-prime\/#primaryimage\"},\"image\":{\"@id\":\"https:\/\/hobby4geek.com\/product\/mpm-12-optimus-prime\/#primaryimage\"},\"thumbnailUrl\":\"https:\/\/hobby4geek.com\/wp-content\/uploads\/2023\/02\/masterpiece-movie-series-mpm-12-optimus-prime-5.jpg\",\"datePublished\":\"2024-05-10T18:43:49+00:00\",\"dateModified\":\"2024-09-05T11:21:39+00:00\",\"breadcrumb\":{\"@id\":\"https:\/\/hobby4geek.com\/product\/mpm-12-optimus-prime\/#breadcrumb\"},\"inLanguage\":\"de\",\"potentialAction\":[{\"@type\":\"ReadAction\",\"target\":[\"https:\/\/hobby4geek.com\/product\/mpm-12-optimus-prime\/\"]}]},{\"@type\":\"ImageObject\",\"inLanguage\":\"de\",\"@id\":\"https:\/\/hobby4geek.com\/product\/mpm-12-optimus-prime\/#primaryimage\",\"url\":\"https:\/\/hobby4geek.com\/wp-content\/uploads\/2023\/02\/masterpiece-movie-series-mpm-12-optimus-prime-5.jpg\",\"contentUrl\":\"https:\/\/hobby4geek.com\/wp-content\/uploads\/2023\/02\/masterpiece-movie-series-mpm-12-optimus-prime-5.jpg\",\"width\":1278,\"height\":1278},{\"@type\":\"BreadcrumbList\",\"@id\":\"https:\/\/hobby4geek.com\/product\/mpm-12-optimus-prime\/#breadcrumb\",\"itemListElement\":[{\"@type\":\"ListItem\",\"position\":1,\"name\":\"Home\",\"item\":\"https:\/\/hobby4geek.com\/\"},{\"@type\":\"ListItem\",\"position\":2,\"name\":\"Shop\",\"item\":\"https:\/\/hobby4geek.com\/shop\/\"},{\"@type\":\"ListItem\",\"position\":3,\"name\":\"Transformers: Masterpiece Movie Series MPM-12 Optimus Prime\"}]},{\"@type\":\"WebSite\",\"@id\":\"https:\/\/hobby4geek.com\/#website\",\"url\":\"https:\/\/hobby4geek.com\/\",\"name\":\"Hobby4Geek\",\"description\":\"Collect, Play &amp; Showcase, Embrace your Geekiness\",\"publisher\":{\"@id\":\"https:\/\/hobby4geek.com\/#organization\"},\"potentialAction\":[{\"@type\":\"SearchAction\",\"target\":{\"@type\":\"EntryPoint\",\"urlTemplate\":\"https:\/\/hobby4geek.com\/?s={search_term_string}\"},\"query-input\":{\"@type\":\"PropertyValueSpecification\",\"valueRequired\":true,\"valueName\":\"search_term_string\"}}],\"inLanguage\":\"de\"},{\"@type\":\"Organization\",\"@id\":\"https:\/\/hobby4geek.com\/#organization\",\"name\":\"Hobby4Geek\",\"url\":\"https:\/\/hobby4geek.com\/\",\"logo\":{\"@type\":\"ImageObject\",\"inLanguage\":\"de\",\"@id\":\"https:\/\/hobby4geek.com\/#\/schema\/logo\/image\/\",\"url\":\"https:\/\/hobby4geek.com\/wp-content\/uploads\/2023\/02\/default-kit.png\",\"contentUrl\":\"https:\/\/hobby4geek.com\/wp-content\/uploads\/2023\/02\/default-kit.png\",\"width\":600,\"height\":600,\"caption\":\"Hobby4Geek\"},\"image\":{\"@id\":\"https:\/\/hobby4geek.com\/#\/schema\/logo\/image\/\"},\"sameAs\":[\"https:\/\/www.facebook.com\/hobby4geek\",\"https:\/\/x.com\/hobby4geek\",\"https:\/\/www.instagram.com\/hobby4geek\/\"]}]}<\/script>\n<meta property=\"product:brand\" content=\"Transformers\" \/>\n<meta property=\"product:price:amount\" content=\"138.60\" \/>\n<meta property=\"product:price:currency\" content=\"EUR\" \/>\n<meta property=\"og:availability\" content=\"instock\" \/>\n<meta property=\"product:availability\" content=\"instock\" \/>\n<meta property=\"product:retailer_item_id\" content=\"5010993845729\" \/>\n<meta property=\"product:condition\" content=\"new\" \/>\n<!-- \/ Yoast SEO Premium plugin. -->","yoast_head_json":{"title":"Transformers: Masterpiece Movie Series MPM-12 Optimus Prime","robots":{"index":"index","follow":"follow","max-snippet":"max-snippet:-1","max-image-preview":"max-image-preview:large","max-video-preview":"max-video-preview:-1"},"canonical":"https:\/\/hobby4geek.com\/de\/produkt\/mpm-12-optimus-prime\/","og_locale":"de_DE","og_type":"article","og_title":"Transformers: Masterpiece Movie Series MPM-12 Optimus Prime","og_description":"Scale 1\/35  Size: 24 cm \/ 9.45 in  Articulated Head, Hands, Waist and Chest  Compatible with MP-44 Convoy 3.0 trailer  Ion blaster  Matrix of Leadership  Transformation in 49 steps","og_url":"https:\/\/hobby4geek.com\/de\/produkt\/mpm-12-optimus-prime\/","og_site_name":"Hobby4Geek","article_publisher":"https:\/\/www.facebook.com\/hobby4geek","article_modified_time":"2024-09-05T11:21:39+00:00","og_image":[{"width":1278,"height":1278,"url":"https:\/\/hobby4geek.com\/wp-content\/uploads\/2023\/02\/masterpiece-movie-series-mpm-12-optimus-prime-5.jpg","type":"image\/jpeg"}],"twitter_card":"summary_large_image","twitter_site":"@hobby4geek","schema":{"@context":"https:\/\/schema.org","@graph":[{"@type":"WebPage","@id":"https:\/\/hobby4geek.com\/product\/mpm-12-optimus-prime\/","url":"https:\/\/hobby4geek.com\/product\/mpm-12-optimus-prime\/","name":"Transformers: Masterpiece Movie Series MPM-12 Optimus Prime","isPartOf":{"@id":"https:\/\/hobby4geek.com\/#website"},"primaryImageOfPage":{"@id":"https:\/\/hobby4geek.com\/product\/mpm-12-optimus-prime\/#primaryimage"},"image":{"@id":"https:\/\/hobby4geek.com\/product\/mpm-12-optimus-prime\/#primaryimage"},"thumbnailUrl":"https:\/\/hobby4geek.com\/wp-content\/uploads\/2023\/02\/masterpiece-movie-series-mpm-12-optimus-prime-5.jpg","datePublished":"2024-05-10T18:43:49+00:00","dateModified":"2024-09-05T11:21:39+00:00","breadcrumb":{"@id":"https:\/\/hobby4geek.com\/product\/mpm-12-optimus-prime\/#breadcrumb"},"inLanguage":"de","potentialAction":[{"@type":"ReadAction","target":["https:\/\/hobby4geek.com\/product\/mpm-12-optimus-prime\/"]}]},{"@type":"ImageObject","inLanguage":"de","@id":"https:\/\/hobby4geek.com\/product\/mpm-12-optimus-prime\/#primaryimage","url":"https:\/\/hobby4geek.com\/wp-content\/uploads\/2023\/02\/masterpiece-movie-series-mpm-12-optimus-prime-5.jpg","contentUrl":"https:\/\/hobby4geek.com\/wp-content\/uploads\/2023\/02\/masterpiece-movie-series-mpm-12-optimus-prime-5.jpg","width":1278,"height":1278},{"@type":"BreadcrumbList","@id":"https:\/\/hobby4geek.com\/product\/mpm-12-optimus-prime\/#breadcrumb","itemListElement":[{"@type":"ListItem","position":1,"name":"Home","item":"https:\/\/hobby4geek.com\/"},{"@type":"ListItem","position":2,"name":"Shop","item":"https:\/\/hobby4geek.com\/shop\/"},{"@type":"ListItem","position":3,"name":"Transformers: Masterpiece Movie Series MPM-12 Optimus Prime"}]},{"@type":"WebSite","@id":"https:\/\/hobby4geek.com\/#website","url":"https:\/\/hobby4geek.com\/","name":"Hobby4Geek","description":"Sammeln, Spielen &amp; Pr\u00e4sentieren, Umarmung der Geekiness","publisher":{"@id":"https:\/\/hobby4geek.com\/#organization"},"potentialAction":[{"@type":"SearchAction","target":{"@type":"EntryPoint","urlTemplate":"https:\/\/hobby4geek.com\/?s={search_term_string}"},"query-input":{"@type":"PropertyValueSpecification","valueRequired":true,"valueName":"search_term_string"}}],"inLanguage":"de"},{"@type":"Organization","@id":"https:\/\/hobby4geek.com\/#organization","name":"Hobby4Geek","url":"https:\/\/hobby4geek.com\/","logo":{"@type":"ImageObject","inLanguage":"de","@id":"https:\/\/hobby4geek.com\/#\/schema\/logo\/image\/","url":"https:\/\/hobby4geek.com\/wp-content\/uploads\/2023\/02\/default-kit.png","contentUrl":"https:\/\/hobby4geek.com\/wp-content\/uploads\/2023\/02\/default-kit.png","width":600,"height":600,"caption":"Hobby4Geek"},"image":{"@id":"https:\/\/hobby4geek.com\/#\/schema\/logo\/image\/"},"sameAs":["https:\/\/www.facebook.com\/hobby4geek","https:\/\/x.com\/hobby4geek","https:\/\/www.instagram.com\/hobby4geek\/"]}]},"product_brand":"Transformers","product_price_amount":"138.60","product_price_currency":"EUR","og_availability":"instock","product_availability":"instock","product_retailer_item_id":"5010993845729","product_condition":"new"},"_links":{"self":[{"href":"https:\/\/hobby4geek.com\/de\/wp-json\/wp\/v2\/product\/641","targetHints":{"allow":["GET"]}}],"collection":[{"href":"https:\/\/hobby4geek.com\/de\/wp-json\/wp\/v2\/product"}],"about":[{"href":"https:\/\/hobby4geek.com\/de\/wp-json\/wp\/v2\/types\/product"}],"replies":[{"embeddable":true,"href":"https:\/\/hobby4geek.com\/de\/wp-json\/wp\/v2\/comments?post=641"}],"version-history":[{"count":0,"href":"https:\/\/hobby4geek.com\/de\/wp-json\/wp\/v2\/product\/641\/revisions"}],"wp:featuredmedia":[{"embeddable":true,"href":"https:\/\/hobby4geek.com\/de\/wp-json\/wp\/v2\/media\/642"}],"wp:attachment":[{"href":"https:\/\/hobby4geek.com\/de\/wp-json\/wp\/v2\/media?parent=641"}],"wp:term":[{"taxonomy":"product_brand","embeddable":true,"href":"https:\/\/hobby4geek.com\/de\/wp-json\/wp\/v2\/product_brand?post=641"},{"taxonomy":"product_cat","embeddable":true,"href":"https:\/\/hobby4geek.com\/de\/wp-json\/wp\/v2\/product_cat?post=641"},{"taxonomy":"product_tag","embeddable":true,"href":"https:\/\/hobby4geek.com\/de\/wp-json\/wp\/v2\/product_tag?post=641"},{"taxonomy":"giftcard-category","embeddable":true,"href":"https:\/\/hobby4geek.com\/de\/wp-json\/wp\/v2\/giftcard-category?post=641"}],"curies":[{"name":"wp","href":"https:\/\/api.w.org\/{rel}","templated":true}]}}