{"id":2116,"date":"2022-04-22T11:00:28","date_gmt":"2022-04-22T11:00:28","guid":{"rendered":"https:\/\/hobby4geek.com\/?post_type=product&#038;p=2116"},"modified":"2024-09-19T19:08:20","modified_gmt":"2024-09-19T18:08:20","slug":"earthquake-t-11-rescuer","status":"publish","type":"product","link":"https:\/\/hobby4geek.com\/de\/produkt\/earthquake-t-11-rescuer\/","title":{"rendered":"EARTHQUAKE T-11 \u6551\u63f4\u8005 Retter \"Ratchet\""},"content":{"rendered":"<p>T-11 Rescuer ist eine Kopie von Movie Masterpiece MPM-11 Ratchet mit besserer Bemalung und Grafik, er misst fast 22 cm in der H\u00f6he!<br \/>\nDiese Sammelfigur wurde von den CAD-Daten des ersten Transformers-Films inspiriert und verf\u00fcgt \u00fcber Druckgussteile und 150 Farbdetails mit \u00fcber 35 Gelenkpunkten. von 2007 TRANSFORMERS.<\/p>\n<p>Die Figur zeigt den Autobot Medic Ratchet mit hochgradig beweglichen H\u00e4nden und einem beweglichen Mund.<br \/>\nInklusive Laserkanone, Kreiss\u00e4ge und 2 Raketenarmaufs\u00e4tzen.<br \/>\nVerwandle den Roboter in 61 Schritten in den vom Film inspirierten Hummer H2-Rettungsfahrzeugmodus.<\/p>\n<ul>\n<li>22 cm cm H\u00f6he<\/li>\n<li>Ma\u00dfstab 1:29<\/li>\n<li>Blaue LED-Augen<\/li>\n<li>Neue Farbe und grafische Gestaltung<\/li>\n<li>Inspiriert von dem Live-Action-Film Transformers aus dem Jahr 2007.<\/li>\n<li>Kunststoff und geformt<\/li>\n<li>Ratchet wird mit einer Laserkanone, einer Kreiss\u00e4ge und 2 Raketenarmaufs\u00e4tzen geliefert<\/li>\n<li>Mit 35 Artikulationspunkten, einschlie\u00dflich H\u00e4nden und Mund!<\/li>\n<li>\u00dcbertragungen in 61 Schritten<\/li>\n<\/ul>\n<p>F\u00fcr die LED-Funktionen sind Batterien erforderlich (nicht im Lieferumfang enthalten):<br \/>\n4 Batterien: AG3\/LR41\/LR736\/384\/392<\/p>","protected":false},"excerpt":{"rendered":"<ul>\n<li>22 cm<\/li>\n<li>Ma\u00dfstab 1:29<\/li>\n<li>LED<\/li>\n<\/ul>\n<p>F\u00fcr die LED-Funktionen sind Batterien erforderlich (nicht im Lieferumfang enthalten):<br \/>\n4 Batterien: AG3\/LR41\/LR736\/384\/392<\/p>","protected":false},"featured_media":183509,"comment_status":"open","ping_status":"closed","template":"","meta":{"inline_featured_image":false},"product_brand":[],"product_cat":[67],"product_tag":[395,396,397,344,21,398,400,230,401,299,403,245,404,405,406,407,408,204,411],"giftcard-category":[],"class_list":{"0":"post-2116","1":"product","2":"type-product","3":"status-publish","4":"has-post-thumbnail","6":"product_cat-earthquake","7":"product_tag-aoyimech","8":"product_tag-baymovie","9":"product_tag-blackmamba","10":"product_tag-bmb","11":"product_tag-EARTHQUAKE","12":"product_tag-heimamba","13":"product_tag-jh01","14":"product_tag-masterpiece","15":"product_tag-michaelbay","16":"product_tag-mpm","17":"product_tag-mpm11","18":"product_tag-ratchet","19":"product_tag-rescuepioneer","20":"product_tag-rescuer","21":"product_tag-rotf","22":"product_tag-t-11","23":"product_tag-t11","24":"product_tag-transformers","25":"product_tag-411","26":"product_shipping_class-free-shipping","27":"inventories-china-inventory","29":"first","30":"instock","31":"featured","32":"taxable","33":"shipping-taxable","34":"purchasable","35":"product-type-simple","36":"add-to-wishlist-after_add_to_cart"},"yoast_head":"<!-- This site is optimized with the Yoast SEO Premium plugin v25.3.1 (Yoast SEO v27.2) - https:\/\/yoast.com\/product\/yoast-seo-premium-wordpress\/ -->\n<title>EARTHQUAKE T-11 \u6551\u63f4\u8005 Rescuer &quot;Ratchet&quot;<\/title>\n<meta name=\"robots\" content=\"index, follow, max-snippet:-1, max-image-preview:large, max-video-preview:-1\" \/>\n<link rel=\"canonical\" href=\"https:\/\/hobby4geek.com\/de\/produkt\/earthquake-t-11-rescuer\/\" \/>\n<meta property=\"og:locale\" content=\"de_DE\" \/>\n<meta property=\"og:type\" content=\"article\" \/>\n<meta property=\"og:title\" content=\"EARTHQUAKE T-11 \u6551\u63f4\u8005 Rescuer &quot;Ratchet&quot;\" \/>\n<meta property=\"og:description\" content=\"22 cm  Scale 1:29  LED  LED functions require batteries (not included): 4 batteries: AG3\/LR41\/LR736\/384\/392\" \/>\n<meta property=\"og:url\" content=\"https:\/\/hobby4geek.com\/de\/produkt\/earthquake-t-11-rescuer\/\" \/>\n<meta property=\"og:site_name\" content=\"Hobby4Geek\" \/>\n<meta property=\"article:publisher\" content=\"https:\/\/www.facebook.com\/hobby4geek\" \/>\n<meta property=\"article:modified_time\" content=\"2024-09-19T18:08:20+00:00\" \/>\n<meta property=\"og:image\" content=\"https:\/\/hobby4geek.com\/wp-content\/uploads\/2022\/04\/earthquake-t-11-\u6551\u63f4\u8005-rescuer-ratchet-3.jpg\" \/>\n\t<meta property=\"og:image:width\" content=\"960\" \/>\n\t<meta property=\"og:image:height\" content=\"535\" \/>\n\t<meta property=\"og:image:type\" content=\"image\/jpeg\" \/>\n<meta name=\"twitter:card\" content=\"summary_large_image\" \/>\n<meta name=\"twitter:site\" content=\"@hobby4geek\" \/>\n<script type=\"application\/ld+json\" class=\"yoast-schema-graph\">{\"@context\":\"https:\/\/schema.org\",\"@graph\":[{\"@type\":\"WebPage\",\"@id\":\"https:\/\/hobby4geek.com\/product\/earthquake-t-11-rescuer\/\",\"url\":\"https:\/\/hobby4geek.com\/product\/earthquake-t-11-rescuer\/\",\"name\":\"EARTHQUAKE T-11 \u6551\u63f4\u8005 Rescuer \\\"Ratchet\\\"\",\"isPartOf\":{\"@id\":\"https:\/\/hobby4geek.com\/#website\"},\"primaryImageOfPage\":{\"@id\":\"https:\/\/hobby4geek.com\/product\/earthquake-t-11-rescuer\/#primaryimage\"},\"image\":{\"@id\":\"https:\/\/hobby4geek.com\/product\/earthquake-t-11-rescuer\/#primaryimage\"},\"thumbnailUrl\":\"https:\/\/hobby4geek.com\/wp-content\/uploads\/2022\/04\/earthquake-t-11-\u6551\u63f4\u8005-rescuer-ratchet-3.jpg\",\"datePublished\":\"2022-04-22T11:00:28+00:00\",\"dateModified\":\"2024-09-19T18:08:20+00:00\",\"breadcrumb\":{\"@id\":\"https:\/\/hobby4geek.com\/product\/earthquake-t-11-rescuer\/#breadcrumb\"},\"inLanguage\":\"de\",\"potentialAction\":[{\"@type\":\"ReadAction\",\"target\":[\"https:\/\/hobby4geek.com\/product\/earthquake-t-11-rescuer\/\"]}]},{\"@type\":\"ImageObject\",\"inLanguage\":\"de\",\"@id\":\"https:\/\/hobby4geek.com\/product\/earthquake-t-11-rescuer\/#primaryimage\",\"url\":\"https:\/\/hobby4geek.com\/wp-content\/uploads\/2022\/04\/earthquake-t-11-\u6551\u63f4\u8005-rescuer-ratchet-3.jpg\",\"contentUrl\":\"https:\/\/hobby4geek.com\/wp-content\/uploads\/2022\/04\/earthquake-t-11-\u6551\u63f4\u8005-rescuer-ratchet-3.jpg\",\"width\":960,\"height\":535,\"caption\":\"EARTHQUAKE T-11 \u6551\u63f4\u8005 Rescuer \\\"Ratchet\\\"\"},{\"@type\":\"BreadcrumbList\",\"@id\":\"https:\/\/hobby4geek.com\/product\/earthquake-t-11-rescuer\/#breadcrumb\",\"itemListElement\":[{\"@type\":\"ListItem\",\"position\":1,\"name\":\"Home\",\"item\":\"https:\/\/hobby4geek.com\/\"},{\"@type\":\"ListItem\",\"position\":2,\"name\":\"Shop\",\"item\":\"https:\/\/hobby4geek.com\/shop\/\"},{\"@type\":\"ListItem\",\"position\":3,\"name\":\"EARTHQUAKE T-11 \u6551\u63f4\u8005 Rescuer &#8220;Ratchet&#8221;\"}]},{\"@type\":\"WebSite\",\"@id\":\"https:\/\/hobby4geek.com\/#website\",\"url\":\"https:\/\/hobby4geek.com\/\",\"name\":\"Hobby4Geek\",\"description\":\"Collect, Play &amp; Showcase, Embrace your Geekiness\",\"publisher\":{\"@id\":\"https:\/\/hobby4geek.com\/#organization\"},\"potentialAction\":[{\"@type\":\"SearchAction\",\"target\":{\"@type\":\"EntryPoint\",\"urlTemplate\":\"https:\/\/hobby4geek.com\/?s={search_term_string}\"},\"query-input\":{\"@type\":\"PropertyValueSpecification\",\"valueRequired\":true,\"valueName\":\"search_term_string\"}}],\"inLanguage\":\"de\"},{\"@type\":\"Organization\",\"@id\":\"https:\/\/hobby4geek.com\/#organization\",\"name\":\"Hobby4Geek\",\"url\":\"https:\/\/hobby4geek.com\/\",\"logo\":{\"@type\":\"ImageObject\",\"inLanguage\":\"de\",\"@id\":\"https:\/\/hobby4geek.com\/#\/schema\/logo\/image\/\",\"url\":\"https:\/\/hobby4geek.com\/wp-content\/uploads\/2023\/02\/default-kit.png\",\"contentUrl\":\"https:\/\/hobby4geek.com\/wp-content\/uploads\/2023\/02\/default-kit.png\",\"width\":600,\"height\":600,\"caption\":\"Hobby4Geek\"},\"image\":{\"@id\":\"https:\/\/hobby4geek.com\/#\/schema\/logo\/image\/\"},\"sameAs\":[\"https:\/\/www.facebook.com\/hobby4geek\",\"https:\/\/x.com\/hobby4geek\",\"https:\/\/www.instagram.com\/hobby4geek\/\"]}]}<\/script>\n<meta property=\"product:brand\" content=\"EARTHQUAKE\" \/>\n<meta property=\"product:price:amount\" content=\"158.00\" \/>\n<meta property=\"product:price:currency\" content=\"EUR\" \/>\n<meta property=\"og:availability\" content=\"instock\" \/>\n<meta property=\"product:availability\" content=\"instock\" \/>\n<meta property=\"product:condition\" content=\"new\" \/>\n<!-- \/ Yoast SEO Premium plugin. -->","yoast_head_json":{"title":"EARTHQUAKE T-11 \u6551\u63f4\u8005 Retter \"Ratchet\"","robots":{"index":"index","follow":"follow","max-snippet":"max-snippet:-1","max-image-preview":"max-image-preview:large","max-video-preview":"max-video-preview:-1"},"canonical":"https:\/\/hobby4geek.com\/de\/produkt\/earthquake-t-11-rescuer\/","og_locale":"de_DE","og_type":"article","og_title":"EARTHQUAKE T-11 \u6551\u63f4\u8005 Rescuer \"Ratchet\"","og_description":"22 cm  Scale 1:29  LED  LED functions require batteries (not included): 4 batteries: AG3\/LR41\/LR736\/384\/392","og_url":"https:\/\/hobby4geek.com\/de\/produkt\/earthquake-t-11-rescuer\/","og_site_name":"Hobby4Geek","article_publisher":"https:\/\/www.facebook.com\/hobby4geek","article_modified_time":"2024-09-19T18:08:20+00:00","og_image":[{"width":960,"height":535,"url":"https:\/\/hobby4geek.com\/wp-content\/uploads\/2022\/04\/earthquake-t-11-\u6551\u63f4\u8005-rescuer-ratchet-3.jpg","type":"image\/jpeg"}],"twitter_card":"summary_large_image","twitter_site":"@hobby4geek","schema":{"@context":"https:\/\/schema.org","@graph":[{"@type":"WebPage","@id":"https:\/\/hobby4geek.com\/product\/earthquake-t-11-rescuer\/","url":"https:\/\/hobby4geek.com\/product\/earthquake-t-11-rescuer\/","name":"EARTHQUAKE T-11 \u6551\u63f4\u8005 Retter \"Ratchet\"","isPartOf":{"@id":"https:\/\/hobby4geek.com\/#website"},"primaryImageOfPage":{"@id":"https:\/\/hobby4geek.com\/product\/earthquake-t-11-rescuer\/#primaryimage"},"image":{"@id":"https:\/\/hobby4geek.com\/product\/earthquake-t-11-rescuer\/#primaryimage"},"thumbnailUrl":"https:\/\/hobby4geek.com\/wp-content\/uploads\/2022\/04\/earthquake-t-11-\u6551\u63f4\u8005-rescuer-ratchet-3.jpg","datePublished":"2022-04-22T11:00:28+00:00","dateModified":"2024-09-19T18:08:20+00:00","breadcrumb":{"@id":"https:\/\/hobby4geek.com\/product\/earthquake-t-11-rescuer\/#breadcrumb"},"inLanguage":"de","potentialAction":[{"@type":"ReadAction","target":["https:\/\/hobby4geek.com\/product\/earthquake-t-11-rescuer\/"]}]},{"@type":"ImageObject","inLanguage":"de","@id":"https:\/\/hobby4geek.com\/product\/earthquake-t-11-rescuer\/#primaryimage","url":"https:\/\/hobby4geek.com\/wp-content\/uploads\/2022\/04\/earthquake-t-11-\u6551\u63f4\u8005-rescuer-ratchet-3.jpg","contentUrl":"https:\/\/hobby4geek.com\/wp-content\/uploads\/2022\/04\/earthquake-t-11-\u6551\u63f4\u8005-rescuer-ratchet-3.jpg","width":960,"height":535,"caption":"EARTHQUAKE T-11 \u6551\u63f4\u8005 Rescuer \"Ratchet\""},{"@type":"BreadcrumbList","@id":"https:\/\/hobby4geek.com\/product\/earthquake-t-11-rescuer\/#breadcrumb","itemListElement":[{"@type":"ListItem","position":1,"name":"Home","item":"https:\/\/hobby4geek.com\/"},{"@type":"ListItem","position":2,"name":"Shop","item":"https:\/\/hobby4geek.com\/shop\/"},{"@type":"ListItem","position":3,"name":"EARTHQUAKE T-11 \u6551\u63f4\u8005 Rescuer &#8220;Ratchet&#8221;"}]},{"@type":"WebSite","@id":"https:\/\/hobby4geek.com\/#website","url":"https:\/\/hobby4geek.com\/","name":"Hobby4Geek","description":"Sammeln, Spielen &amp; Pr\u00e4sentieren, Umarmung der Geekiness","publisher":{"@id":"https:\/\/hobby4geek.com\/#organization"},"potentialAction":[{"@type":"SearchAction","target":{"@type":"EntryPoint","urlTemplate":"https:\/\/hobby4geek.com\/?s={search_term_string}"},"query-input":{"@type":"PropertyValueSpecification","valueRequired":true,"valueName":"search_term_string"}}],"inLanguage":"de"},{"@type":"Organization","@id":"https:\/\/hobby4geek.com\/#organization","name":"Hobby4Geek","url":"https:\/\/hobby4geek.com\/","logo":{"@type":"ImageObject","inLanguage":"de","@id":"https:\/\/hobby4geek.com\/#\/schema\/logo\/image\/","url":"https:\/\/hobby4geek.com\/wp-content\/uploads\/2023\/02\/default-kit.png","contentUrl":"https:\/\/hobby4geek.com\/wp-content\/uploads\/2023\/02\/default-kit.png","width":600,"height":600,"caption":"Hobby4Geek"},"image":{"@id":"https:\/\/hobby4geek.com\/#\/schema\/logo\/image\/"},"sameAs":["https:\/\/www.facebook.com\/hobby4geek","https:\/\/x.com\/hobby4geek","https:\/\/www.instagram.com\/hobby4geek\/"]}]},"product_brand":"EARTHQUAKE","product_price_amount":"158.00","product_price_currency":"EUR","og_availability":"instock","product_availability":"instock","product_condition":"new"},"_links":{"self":[{"href":"https:\/\/hobby4geek.com\/de\/wp-json\/wp\/v2\/product\/2116","targetHints":{"allow":["GET"]}}],"collection":[{"href":"https:\/\/hobby4geek.com\/de\/wp-json\/wp\/v2\/product"}],"about":[{"href":"https:\/\/hobby4geek.com\/de\/wp-json\/wp\/v2\/types\/product"}],"replies":[{"embeddable":true,"href":"https:\/\/hobby4geek.com\/de\/wp-json\/wp\/v2\/comments?post=2116"}],"version-history":[{"count":0,"href":"https:\/\/hobby4geek.com\/de\/wp-json\/wp\/v2\/product\/2116\/revisions"}],"wp:featuredmedia":[{"embeddable":true,"href":"https:\/\/hobby4geek.com\/de\/wp-json\/wp\/v2\/media\/183509"}],"wp:attachment":[{"href":"https:\/\/hobby4geek.com\/de\/wp-json\/wp\/v2\/media?parent=2116"}],"wp:term":[{"taxonomy":"product_brand","embeddable":true,"href":"https:\/\/hobby4geek.com\/de\/wp-json\/wp\/v2\/product_brand?post=2116"},{"taxonomy":"product_cat","embeddable":true,"href":"https:\/\/hobby4geek.com\/de\/wp-json\/wp\/v2\/product_cat?post=2116"},{"taxonomy":"product_tag","embeddable":true,"href":"https:\/\/hobby4geek.com\/de\/wp-json\/wp\/v2\/product_tag?post=2116"},{"taxonomy":"giftcard-category","embeddable":true,"href":"https:\/\/hobby4geek.com\/de\/wp-json\/wp\/v2\/giftcard-category?post=2116"}],"curies":[{"name":"wp","href":"https:\/\/api.w.org\/{rel}","templated":true}]}}