{"id":199632,"date":"2025-01-30T19:49:39","date_gmt":"2025-01-30T18:49:39","guid":{"rendered":"https:\/\/hobby4geek.com\/?post_type=product&#038;p=199632"},"modified":"2026-02-21T13:34:25","modified_gmt":"2026-02-21T12:34:25","slug":"dna-design-dk-51-nova-prime-upgrade-kits","status":"publish","type":"product","link":"https:\/\/hobby4geek.com\/de\/produkt\/dna-design-dk-51-nova-prime-upgrade-kits\/","title":{"rendered":"DNA Design - DK-51 NOVA PRIME Aufr\u00fcsts\u00e4tze"},"content":{"rendered":"<p><strong>DK-51 NOVA PRIME Upgrade Kits f\u00fcr Legacy Leader Class Nova Prime<\/strong><\/p>\n<p>Geben Sie Ihr <strong>NOVA PRIME<\/strong> den Ruhm, der ihm geb\u00fchrt, mit dem <strong>DK-51 Aufr\u00fcstsatz<\/strong> von DNA Design!<\/p>\n<ul>\n<li><strong>Gr\u00f6\u00dfere, gelenkige Fl\u00fcgel<\/strong> f\u00fcr eine souver\u00e4nere Pr\u00e4senz.<\/li>\n<li><strong>Gelenkte Finger<\/strong> f\u00fcr einen besseren Griff zu den Waffen.<\/li>\n<li><strong>Neue Rockpanzerung<\/strong> \u00c4sthetik und Mobilit\u00e4t zu verbinden.<\/li>\n<li><strong>Knieschutz<\/strong> f\u00fcr zus\u00e4tzliche Stabilit\u00e4t und Haltbarkeit.<\/li>\n<li><strong>H\u00f6henvergr\u00f6\u00dfernde F\u00fc\u00dfe<\/strong> Verbesserung der Gesamtproportionen.<\/li>\n<li><strong>Erweiterter Fahrzeugmodus<\/strong> mit gelenkigen Kanonen f\u00fcr bessere Spielbarkeit.<\/li>\n<\/ul>\n<p><strong>Erstausgabe-Bonus:<\/strong> Inklusive einer Waffenh\u00fclle (begrenzte Anzahl)!<\/p>\n<p><strong>Farbe aktualisieren:<\/strong> Anpassungen an den Fassteilen zur Verbesserung der Farbkonsistenz.<\/p>\n<p>DNA Design f\u00fchrt eine <strong>einzigartiges Waffenaufbewahrungssystem<\/strong>die selbst die engagiertesten Sammler begeistern werden.<\/p>\n<p>&nbsp;<\/p>\n<p><strong>DK-13 &amp; DK-51 Fusion - Experimentelles Upgrade<\/strong><\/p>\n<p>Auf Anregung der Fans pr\u00e4sentiert DNA Design eine <strong>experimentelle Fusion<\/strong> der <strong>DK-13<\/strong> und <strong>DK-51<\/strong> Baus\u00e4tze!<\/p>\n<p>\u26a0\ufe0f <strong>Unumkehrbare Ver\u00e4nderung<\/strong> die technische F\u00e4higkeiten und Anpassungswissen erfordern.<br \/>\n\u2699\ufe0f <strong>\u00c4sthetische Ergebnisse k\u00f6nnen variieren<\/strong> je nach pers\u00f6nlicher Vorliebe.<br \/>\n\ud83d\udd0e <strong>M\u00f6gliche Inkompatibilit\u00e4ten<\/strong> aufgrund des f\u00fcnfj\u00e4hrigen Abstands zwischen den beiden Baus\u00e4tzen.<\/p>\n<p>DNA Design sieht dies als eine <strong>lustiges und kreatives Experiment<\/strong>-Zur\u00fcck, um eure Gedanken und Builds zu teilen! \ud83c\udfa8<\/p>","protected":false},"excerpt":{"rendered":"<ul>\n<li><strong>Gr\u00f6\u00dfere, gelenkige Fl\u00fcgel<\/strong>\u00a0f\u00fcr eine souver\u00e4nere Pr\u00e4senz.<\/li>\n<li><strong>Gelenkte Finger<\/strong>\u00a0f\u00fcr einen besseren Griff zu den Waffen.<\/li>\n<li><strong>Neue Rockpanzerung<\/strong>\u00a0\u00c4sthetik und Mobilit\u00e4t zu verbinden.<\/li>\n<li><strong>Knieschutz<\/strong>\u00a0f\u00fcr zus\u00e4tzliche Stabilit\u00e4t und Haltbarkeit.<\/li>\n<li><strong>H\u00f6henvergr\u00f6\u00dfernde F\u00fc\u00dfe<\/strong>\u00a0Verbesserung der Gesamtproportionen.<\/li>\n<li><strong>Erweiterter Fahrzeugmodus<\/strong>\u00a0mit gelenkigen Kanonen f\u00fcr bessere Spielbarkeit.<\/li>\n<\/ul>\n<p><strong>Erstausgabe-Bonus:<\/strong>\u00a0Inklusive einer Waffenh\u00fclle (begrenzte Anzahl)!<\/p>","protected":false},"featured_media":199653,"comment_status":"open","ping_status":"closed","template":"","meta":{"inline_featured_image":false},"product_brand":[],"product_cat":[78],"product_tag":[2474,274,2686,276,2688,2687,1975,204,2354],"giftcard-category":[],"class_list":{"0":"post-199632","1":"product","2":"type-product","3":"status-publish","4":"has-post-thumbnail","6":"product_cat-dna-design","7":"product_tag-accessory-series","8":"product_tag-add-ons","9":"product_tag-dk-51","10":"product_tag-dna-design","11":"product_tag-legacy","12":"product_tag-nova-prime","13":"product_tag-toys-figures","14":"product_tag-transformers","15":"product_tag-upgrade-kits","16":"product_shipping_class-from-china","17":"inventories-china-inventory","19":"first","20":"instock","21":"taxable","22":"shipping-taxable","23":"purchasable","24":"product-type-simple","25":"add-to-wishlist-after_add_to_cart"},"yoast_head":"<!-- This site is optimized with the Yoast SEO Premium plugin v25.3.1 (Yoast SEO v27.2) - https:\/\/yoast.com\/product\/yoast-seo-premium-wordpress\/ -->\n<title>DNA Design - DK-51 NOVA PRIME Upgrade Kits<\/title>\n<meta name=\"robots\" content=\"index, follow, max-snippet:-1, max-image-preview:large, max-video-preview:-1\" \/>\n<link rel=\"canonical\" href=\"https:\/\/hobby4geek.com\/de\/produkt\/dna-design-dk-51-nova-prime-upgrade-kits\/\" \/>\n<meta property=\"og:locale\" content=\"de_DE\" \/>\n<meta property=\"og:type\" content=\"article\" \/>\n<meta property=\"og:title\" content=\"DNA Design - DK-51 NOVA PRIME Upgrade Kits\" \/>\n<meta property=\"og:description\" content=\"Larger, articulated wings\u00a0for a more commanding presence.  Articulated fingers\u00a0for a better grip on weapons.  New skirt armor\u00a0combining aesthetics and mobility.  Knee protection\u00a0for added stability and durability.  Height-boosting feet\u00a0improving overall proportions.  Enhanced vehicle mode\u00a0with articulated cannons for greater playability.  First Edition Bonus:\u00a0Includes a weapon cover (limited quantity)!\" \/>\n<meta property=\"og:url\" content=\"https:\/\/hobby4geek.com\/de\/produkt\/dna-design-dk-51-nova-prime-upgrade-kits\/\" \/>\n<meta property=\"og:site_name\" content=\"Hobby4Geek\" \/>\n<meta property=\"article:publisher\" content=\"https:\/\/www.facebook.com\/hobby4geek\" \/>\n<meta property=\"article:modified_time\" content=\"2026-02-21T12:34:25+00:00\" \/>\n<meta property=\"og:image\" content=\"https:\/\/hobby4geek.com\/wp-content\/uploads\/2025\/01\/455182173_972437058226148_607318805044488537_n.jpg\" \/>\n\t<meta property=\"og:image:width\" content=\"1206\" \/>\n\t<meta property=\"og:image:height\" content=\"926\" \/>\n\t<meta property=\"og:image:type\" content=\"image\/jpeg\" \/>\n<meta name=\"twitter:card\" content=\"summary_large_image\" \/>\n<meta name=\"twitter:site\" content=\"@hobby4geek\" \/>\n<script type=\"application\/ld+json\" class=\"yoast-schema-graph\">{\"@context\":\"https:\/\/schema.org\",\"@graph\":[{\"@type\":\"WebPage\",\"@id\":\"https:\/\/hobby4geek.com\/product\/dna-design-dk-51-nova-prime-upgrade-kits\/\",\"url\":\"https:\/\/hobby4geek.com\/product\/dna-design-dk-51-nova-prime-upgrade-kits\/\",\"name\":\"DNA Design - DK-51 NOVA PRIME Upgrade Kits\",\"isPartOf\":{\"@id\":\"https:\/\/hobby4geek.com\/#website\"},\"primaryImageOfPage\":{\"@id\":\"https:\/\/hobby4geek.com\/product\/dna-design-dk-51-nova-prime-upgrade-kits\/#primaryimage\"},\"image\":{\"@id\":\"https:\/\/hobby4geek.com\/product\/dna-design-dk-51-nova-prime-upgrade-kits\/#primaryimage\"},\"thumbnailUrl\":\"https:\/\/hobby4geek.com\/wp-content\/uploads\/2025\/01\/455182173_972437058226148_607318805044488537_n.jpg\",\"datePublished\":\"2025-01-30T18:49:39+00:00\",\"dateModified\":\"2026-02-21T12:34:25+00:00\",\"breadcrumb\":{\"@id\":\"https:\/\/hobby4geek.com\/product\/dna-design-dk-51-nova-prime-upgrade-kits\/#breadcrumb\"},\"inLanguage\":\"de\",\"potentialAction\":[{\"@type\":\"ReadAction\",\"target\":[\"https:\/\/hobby4geek.com\/product\/dna-design-dk-51-nova-prime-upgrade-kits\/\"]}]},{\"@type\":\"ImageObject\",\"inLanguage\":\"de\",\"@id\":\"https:\/\/hobby4geek.com\/product\/dna-design-dk-51-nova-prime-upgrade-kits\/#primaryimage\",\"url\":\"https:\/\/hobby4geek.com\/wp-content\/uploads\/2025\/01\/455182173_972437058226148_607318805044488537_n.jpg\",\"contentUrl\":\"https:\/\/hobby4geek.com\/wp-content\/uploads\/2025\/01\/455182173_972437058226148_607318805044488537_n.jpg\",\"width\":1206,\"height\":926},{\"@type\":\"BreadcrumbList\",\"@id\":\"https:\/\/hobby4geek.com\/product\/dna-design-dk-51-nova-prime-upgrade-kits\/#breadcrumb\",\"itemListElement\":[{\"@type\":\"ListItem\",\"position\":1,\"name\":\"Home\",\"item\":\"https:\/\/hobby4geek.com\/\"},{\"@type\":\"ListItem\",\"position\":2,\"name\":\"Shop\",\"item\":\"https:\/\/hobby4geek.com\/shop\/\"},{\"@type\":\"ListItem\",\"position\":3,\"name\":\"DNA Design &#8211; DK-51 NOVA PRIME Upgrade Kits\"}]},{\"@type\":\"WebSite\",\"@id\":\"https:\/\/hobby4geek.com\/#website\",\"url\":\"https:\/\/hobby4geek.com\/\",\"name\":\"Hobby4Geek\",\"description\":\"Collect, Play &amp; Showcase, Embrace your Geekiness\",\"publisher\":{\"@id\":\"https:\/\/hobby4geek.com\/#organization\"},\"potentialAction\":[{\"@type\":\"SearchAction\",\"target\":{\"@type\":\"EntryPoint\",\"urlTemplate\":\"https:\/\/hobby4geek.com\/?s={search_term_string}\"},\"query-input\":{\"@type\":\"PropertyValueSpecification\",\"valueRequired\":true,\"valueName\":\"search_term_string\"}}],\"inLanguage\":\"de\"},{\"@type\":\"Organization\",\"@id\":\"https:\/\/hobby4geek.com\/#organization\",\"name\":\"Hobby4Geek\",\"url\":\"https:\/\/hobby4geek.com\/\",\"logo\":{\"@type\":\"ImageObject\",\"inLanguage\":\"de\",\"@id\":\"https:\/\/hobby4geek.com\/#\/schema\/logo\/image\/\",\"url\":\"https:\/\/hobby4geek.com\/wp-content\/uploads\/2023\/02\/default-kit.png\",\"contentUrl\":\"https:\/\/hobby4geek.com\/wp-content\/uploads\/2023\/02\/default-kit.png\",\"width\":600,\"height\":600,\"caption\":\"Hobby4Geek\"},\"image\":{\"@id\":\"https:\/\/hobby4geek.com\/#\/schema\/logo\/image\/\"},\"sameAs\":[\"https:\/\/www.facebook.com\/hobby4geek\",\"https:\/\/x.com\/hobby4geek\",\"https:\/\/www.instagram.com\/hobby4geek\/\"]}]}<\/script>\n<meta property=\"product:brand\" content=\"DNA Design\" \/>\n<meta property=\"product:price:amount\" content=\"49.80\" \/>\n<meta property=\"product:price:currency\" content=\"EUR\" \/>\n<meta property=\"og:availability\" content=\"instock\" \/>\n<meta property=\"product:availability\" content=\"instock\" \/>\n<meta property=\"product:condition\" content=\"new\" \/>\n<!-- \/ Yoast SEO Premium plugin. -->","yoast_head_json":{"title":"DNA Design - DK-51 NOVA PRIME Aufr\u00fcsts\u00e4tze","robots":{"index":"index","follow":"follow","max-snippet":"max-snippet:-1","max-image-preview":"max-image-preview:large","max-video-preview":"max-video-preview:-1"},"canonical":"https:\/\/hobby4geek.com\/de\/produkt\/dna-design-dk-51-nova-prime-upgrade-kits\/","og_locale":"de_DE","og_type":"article","og_title":"DNA Design - DK-51 NOVA PRIME Upgrade Kits","og_description":"Larger, articulated wings\u00a0for a more commanding presence.  Articulated fingers\u00a0for a better grip on weapons.  New skirt armor\u00a0combining aesthetics and mobility.  Knee protection\u00a0for added stability and durability.  Height-boosting feet\u00a0improving overall proportions.  Enhanced vehicle mode\u00a0with articulated cannons for greater playability.  First Edition Bonus:\u00a0Includes a weapon cover (limited quantity)!","og_url":"https:\/\/hobby4geek.com\/de\/produkt\/dna-design-dk-51-nova-prime-upgrade-kits\/","og_site_name":"Hobby4Geek","article_publisher":"https:\/\/www.facebook.com\/hobby4geek","article_modified_time":"2026-02-21T12:34:25+00:00","og_image":[{"width":1206,"height":926,"url":"https:\/\/hobby4geek.com\/wp-content\/uploads\/2025\/01\/455182173_972437058226148_607318805044488537_n.jpg","type":"image\/jpeg"}],"twitter_card":"summary_large_image","twitter_site":"@hobby4geek","schema":{"@context":"https:\/\/schema.org","@graph":[{"@type":"WebPage","@id":"https:\/\/hobby4geek.com\/product\/dna-design-dk-51-nova-prime-upgrade-kits\/","url":"https:\/\/hobby4geek.com\/product\/dna-design-dk-51-nova-prime-upgrade-kits\/","name":"DNA Design - DK-51 NOVA PRIME Aufr\u00fcsts\u00e4tze","isPartOf":{"@id":"https:\/\/hobby4geek.com\/#website"},"primaryImageOfPage":{"@id":"https:\/\/hobby4geek.com\/product\/dna-design-dk-51-nova-prime-upgrade-kits\/#primaryimage"},"image":{"@id":"https:\/\/hobby4geek.com\/product\/dna-design-dk-51-nova-prime-upgrade-kits\/#primaryimage"},"thumbnailUrl":"https:\/\/hobby4geek.com\/wp-content\/uploads\/2025\/01\/455182173_972437058226148_607318805044488537_n.jpg","datePublished":"2025-01-30T18:49:39+00:00","dateModified":"2026-02-21T12:34:25+00:00","breadcrumb":{"@id":"https:\/\/hobby4geek.com\/product\/dna-design-dk-51-nova-prime-upgrade-kits\/#breadcrumb"},"inLanguage":"de","potentialAction":[{"@type":"ReadAction","target":["https:\/\/hobby4geek.com\/product\/dna-design-dk-51-nova-prime-upgrade-kits\/"]}]},{"@type":"ImageObject","inLanguage":"de","@id":"https:\/\/hobby4geek.com\/product\/dna-design-dk-51-nova-prime-upgrade-kits\/#primaryimage","url":"https:\/\/hobby4geek.com\/wp-content\/uploads\/2025\/01\/455182173_972437058226148_607318805044488537_n.jpg","contentUrl":"https:\/\/hobby4geek.com\/wp-content\/uploads\/2025\/01\/455182173_972437058226148_607318805044488537_n.jpg","width":1206,"height":926},{"@type":"BreadcrumbList","@id":"https:\/\/hobby4geek.com\/product\/dna-design-dk-51-nova-prime-upgrade-kits\/#breadcrumb","itemListElement":[{"@type":"ListItem","position":1,"name":"Home","item":"https:\/\/hobby4geek.com\/"},{"@type":"ListItem","position":2,"name":"Shop","item":"https:\/\/hobby4geek.com\/shop\/"},{"@type":"ListItem","position":3,"name":"DNA Design &#8211; DK-51 NOVA PRIME Upgrade Kits"}]},{"@type":"WebSite","@id":"https:\/\/hobby4geek.com\/#website","url":"https:\/\/hobby4geek.com\/","name":"Hobby4Geek","description":"Sammeln, Spielen &amp; Pr\u00e4sentieren, Umarmung der Geekiness","publisher":{"@id":"https:\/\/hobby4geek.com\/#organization"},"potentialAction":[{"@type":"SearchAction","target":{"@type":"EntryPoint","urlTemplate":"https:\/\/hobby4geek.com\/?s={search_term_string}"},"query-input":{"@type":"PropertyValueSpecification","valueRequired":true,"valueName":"search_term_string"}}],"inLanguage":"de"},{"@type":"Organization","@id":"https:\/\/hobby4geek.com\/#organization","name":"Hobby4Geek","url":"https:\/\/hobby4geek.com\/","logo":{"@type":"ImageObject","inLanguage":"de","@id":"https:\/\/hobby4geek.com\/#\/schema\/logo\/image\/","url":"https:\/\/hobby4geek.com\/wp-content\/uploads\/2023\/02\/default-kit.png","contentUrl":"https:\/\/hobby4geek.com\/wp-content\/uploads\/2023\/02\/default-kit.png","width":600,"height":600,"caption":"Hobby4Geek"},"image":{"@id":"https:\/\/hobby4geek.com\/#\/schema\/logo\/image\/"},"sameAs":["https:\/\/www.facebook.com\/hobby4geek","https:\/\/x.com\/hobby4geek","https:\/\/www.instagram.com\/hobby4geek\/"]}]},"product_brand":"DNA Design","product_price_amount":"49.80","product_price_currency":"EUR","og_availability":"instock","product_availability":"instock","product_condition":"new"},"_links":{"self":[{"href":"https:\/\/hobby4geek.com\/de\/wp-json\/wp\/v2\/product\/199632","targetHints":{"allow":["GET"]}}],"collection":[{"href":"https:\/\/hobby4geek.com\/de\/wp-json\/wp\/v2\/product"}],"about":[{"href":"https:\/\/hobby4geek.com\/de\/wp-json\/wp\/v2\/types\/product"}],"replies":[{"embeddable":true,"href":"https:\/\/hobby4geek.com\/de\/wp-json\/wp\/v2\/comments?post=199632"}],"version-history":[{"count":0,"href":"https:\/\/hobby4geek.com\/de\/wp-json\/wp\/v2\/product\/199632\/revisions"}],"wp:featuredmedia":[{"embeddable":true,"href":"https:\/\/hobby4geek.com\/de\/wp-json\/wp\/v2\/media\/199653"}],"wp:attachment":[{"href":"https:\/\/hobby4geek.com\/de\/wp-json\/wp\/v2\/media?parent=199632"}],"wp:term":[{"taxonomy":"product_brand","embeddable":true,"href":"https:\/\/hobby4geek.com\/de\/wp-json\/wp\/v2\/product_brand?post=199632"},{"taxonomy":"product_cat","embeddable":true,"href":"https:\/\/hobby4geek.com\/de\/wp-json\/wp\/v2\/product_cat?post=199632"},{"taxonomy":"product_tag","embeddable":true,"href":"https:\/\/hobby4geek.com\/de\/wp-json\/wp\/v2\/product_tag?post=199632"},{"taxonomy":"giftcard-category","embeddable":true,"href":"https:\/\/hobby4geek.com\/de\/wp-json\/wp\/v2\/giftcard-category?post=199632"}],"curies":[{"name":"wp","href":"https:\/\/api.w.org\/{rel}","templated":true}]}}