{"id":199476,"date":"2024-12-28T12:27:34","date_gmt":"2024-12-28T11:27:34","guid":{"rendered":"https:\/\/hobby4geek.com\/?post_type=product&#038;p=199476"},"modified":"2025-07-17T19:14:44","modified_gmt":"2025-07-17T18:14:44","slug":"yolopark-amk-pro-series-transformers-the-last-knight-optimus-prime-model-kit","status":"publish","type":"product","link":"https:\/\/hobby4geek.com\/de\/produkt\/yolopark-amk-pro-series-transformers-the-last-knight-optimus-prime-model-kit\/","title":{"rendered":"YOLOPARK: AMK PRO Series - Transformers: Der letzte Ritter - Optimus Prime - Modell-Bausatz"},"content":{"rendered":"<div data-elementor-type=\"product-post\" data-elementor-id=\"199476\" class=\"elementor elementor-199476\" data-elementor-post-type=\"product\">\n\t\t\t\t<div role=\"region\" aria-labelledby=\"e-n-accordion-item-8540\" class=\"elementor-element elementor-element-be5fbb7 e-flex e-con-boxed elementor-invisible e-con e-parent\" data-id=\"be5fbb7\" data-element_type=\"container\" data-e-type=\"container\" data-settings=\"{&quot;animation&quot;:&quot;fadeIn&quot;}\">\n\t\t\t\t\t<div class=\"e-con-inner\">\n\t\t<div role=\"region\" aria-labelledby=\"e-n-accordion-item-8540\" class=\"elementor-element elementor-element-36bd80b e-con-full e-flex e-con e-child\" data-id=\"36bd80b\" data-element_type=\"container\" data-e-type=\"container\">\n\t\t\t\t<div class=\"elementor-element elementor-element-080181c elementor-invisible elementor-widget elementor-widget-text-editor\" data-id=\"080181c\" data-element_type=\"widget\" data-e-type=\"widget\" data-settings=\"{&quot;_animation&quot;:&quot;fadeInLeft&quot;}\" data-widget_type=\"text-editor.default\">\n\t\t\t\t\t\t\t\t\t<p>AMK PRO Series Transformers: The Last Knight - 20cm Optimus Prime Vormontiertes Modell gl\u00e4nzt auf der Szene!<br \/>Wer im YOLOPARK-Shop vorbestellt, erh\u00e4lt einen limitierten Bonus: ein Shikishi-Brett und ein Abzeichen!<\/p><p>Das Modell ist eine originalgetreue Nachbildung von Optimus Primes furchtlosem und selbstgerechtem Auftreten aus dem Film, komplett mit seinen ikonischen Waffen wie Schwert und Schild, die die majest\u00e4tische Pr\u00e4senz des Autobot-Anf\u00fchrers unterstreichen!<br \/>Die neu gestaltete Basis bietet ein angenehmeres und praktischeres Erlebnis zum Ausstellen und Spielen!<\/p><p><em>\"Ehre bis zum Ende\".<\/em><\/p>\t\t\t\t\t\t\t\t<\/div>\n\t\t\t\t<\/div>\n\t\t\t\t\t<\/div>\n\t\t\t\t<\/div>\n\t\t<div role=\"region\" aria-labelledby=\"e-n-accordion-item-8540\" class=\"elementor-element elementor-element-bc9f61c e-flex e-con-boxed elementor-invisible e-con e-parent\" data-id=\"bc9f61c\" data-element_type=\"container\" data-e-type=\"container\" data-settings=\"{&quot;animation&quot;:&quot;fadeIn&quot;}\">\n\t\t\t\t\t<div class=\"e-con-inner\">\n\t\t<div role=\"region\" aria-labelledby=\"e-n-accordion-item-8540\" class=\"elementor-element elementor-element-0d5f10e e-con-full e-flex e-con e-child\" data-id=\"0d5f10e\" data-element_type=\"container\" data-e-type=\"container\">\n\t\t\t\t<div class=\"elementor-element elementor-element-1a1f0bf elementor-invisible elementor-widget elementor-widget-text-editor\" data-id=\"1a1f0bf\" data-element_type=\"widget\" data-e-type=\"widget\" data-settings=\"{&quot;_animation&quot;:&quot;fadeInLeft&quot;}\" data-widget_type=\"text-editor.default\">\n\t\t\t\t\t\t\t\t\t<p><strong>Informationen zum Produkt:<\/strong><br \/>Artikel Nr.: AMKPM5OP<br \/>Produkt Gr\u00f6\u00dfe: B 12,5*T 5,6*H 20,5cm<br \/>Produkt Material: ABS, PVC, PA66, Metall<\/p><p><strong>Produkt Inhalt:<\/strong><br \/>- Optimus Prime Abbildung*1<br \/>- Bewegliche H\u00e4nde*1 Paar<br \/>- Auswechselbare Zeiger*3 Paare<br \/>- Auswechselbare Gesichtskomponenten*4<br \/>- Auswechselbares Handgelenkteil * 1<br \/>- Anschlussteile f\u00fcr Waffen auf der R\u00fcckseite* 4<br \/>- Armklinge*1, Schwert*1, Schild*1<br \/>- Energon-Basis und St\u00e4nder*1<\/p><p><strong>Produktmerkmale:<\/strong><br \/>- Hochgradig restaurierte Filmoptik, mit feiner Bemalung und perfekt ausgewogenem Verwitterungsdesign.<br \/>- Das unabh\u00e4ngige Skelett und die segmentierte Panzerung sorgen f\u00fcr vielf\u00e4ltige Montageerfahrungen.<br \/>- Die Teile der \u00e4u\u00dferen R\u00fcstungen sind aus hochwertigem Druckguss gefertigt. Die Kombination aus hervorragender Beweglichkeit und Druckgussteilen verleiht dem Modellbausatz ausgezeichnete Stabilit\u00e4t und Spielbarkeit.<br \/>- 3 Modi von LED-Lichteffekten mit magnetischer Steuerung an den Augen.<br \/>- Neu \u00fcberarbeiteter Energon-Sockel und -St\u00e4nder, mit einem runden Sockel f\u00fcr verbesserte \u00c4sthetik und einem schlangenf\u00f6rmigen Metallst\u00e4nder f\u00fcr einfachere Unterst\u00fctzung und Winkeleinstellung.<\/p><p><em>Dieses Produkt ist offiziell von Hasbro lizenziert.<\/em><br \/><em>Die gezeigten Bilder dienen nur als Referenz. Bitte beziehen Sie sich auf das Endprodukt.<\/em><\/p>\t\t\t\t\t\t\t\t<\/div>\n\t\t\t\t<\/div>\n\t\t<div role=\"region\" aria-labelledby=\"e-n-accordion-item-8540\" class=\"elementor-element elementor-element-1664b00 e-con-full e-flex e-con e-child\" data-id=\"1664b00\" data-element_type=\"container\" data-e-type=\"container\">\n\t\t\t\t<div class=\"elementor-element elementor-element-bfb4ed6 elementor-arrows-position-inside elementor-invisible elementor-widget elementor-widget-image-carousel\" data-id=\"bfb4ed6\" data-element_type=\"widget\" data-e-type=\"widget\" data-settings=\"{&quot;slides_to_show&quot;:&quot;1&quot;,&quot;navigation&quot;:&quot;arrows&quot;,&quot;lazyload&quot;:&quot;yes&quot;,&quot;_animation&quot;:&quot;fadeInRight&quot;,&quot;autoplay&quot;:&quot;yes&quot;,&quot;pause_on_hover&quot;:&quot;yes&quot;,&quot;pause_on_interaction&quot;:&quot;yes&quot;,&quot;autoplay_speed&quot;:5000,&quot;infinite&quot;:&quot;yes&quot;,&quot;effect&quot;:&quot;slide&quot;,&quot;speed&quot;:500}\" data-widget_type=\"image-carousel.default\">\n\t\t\t\t\t\t\t<div class=\"elementor-image-carousel-wrapper swiper\" role=\"region\" aria-roledescription=\"carousel\" aria-label=\"Bild-Karussell\" dir=\"ltr\">\n\t\t\t<div class=\"elementor-image-carousel swiper-wrapper\" aria-live=\"off\">\n\t\t\t\t\t\t\t\t<div class=\"swiper-slide\" role=\"group\" aria-roledescription=\"slide\" aria-label=\"1 sur 5\"><figure class=\"swiper-slide-inner\"><img class=\"swiper-slide-image swiper-lazy\" data-src=\"https:\/\/hobby4geek.com\/wp-content\/uploads\/2024\/12\/TLK-OP-Detail_1-scaled.webp\" alt=\"TLK-OP-Detail_1\" \/><div class=\"swiper-lazy-preloader\"><\/div><\/figure><\/div><div class=\"swiper-slide\" role=\"group\" aria-roledescription=\"slide\" aria-label=\"2 sur 5\"><figure class=\"swiper-slide-inner\"><img class=\"swiper-slide-image swiper-lazy\" data-src=\"https:\/\/hobby4geek.com\/wp-content\/uploads\/2024\/12\/TLK-OP-Detail_2-scaled.webp\" alt=\"TLK-OP-Detail_2\" \/><div class=\"swiper-lazy-preloader\"><\/div><\/figure><\/div><div class=\"swiper-slide\" role=\"group\" aria-roledescription=\"slide\" aria-label=\"3 sur 5\"><figure class=\"swiper-slide-inner\"><img class=\"swiper-slide-image swiper-lazy\" data-src=\"https:\/\/hobby4geek.com\/wp-content\/uploads\/2024\/12\/TLK-OP-Detail_3-scaled.webp\" alt=\"TLK-OP-Detail_3\" \/><div class=\"swiper-lazy-preloader\"><\/div><\/figure><\/div><div class=\"swiper-slide\" role=\"group\" aria-roledescription=\"slide\" aria-label=\"4 sur 5\"><figure class=\"swiper-slide-inner\"><img class=\"swiper-slide-image swiper-lazy\" data-src=\"https:\/\/hobby4geek.com\/wp-content\/uploads\/2024\/12\/TLK-OP-Detail_4-scaled.webp\" alt=\"TLK-OP-Detail_4\" \/><div class=\"swiper-lazy-preloader\"><\/div><\/figure><\/div><div class=\"swiper-slide\" role=\"group\" aria-roledescription=\"slide\" aria-label=\"5 sur 5\"><figure class=\"swiper-slide-inner\"><img class=\"swiper-slide-image swiper-lazy\" data-src=\"https:\/\/hobby4geek.com\/wp-content\/uploads\/2024\/12\/TLK-OP-Detail_5-scaled.webp\" alt=\"TLK-OP-Detail_5\" \/><div class=\"swiper-lazy-preloader\"><\/div><\/figure><\/div>\t\t\t<\/div>\n\t\t\t\t\t\t\t\t\t\t\t\t<div class=\"elementor-swiper-button elementor-swiper-button-prev\" role=\"button\" tabindex=\"0\">\n\t\t\t\t\t\t<svg aria-hidden=\"true\" class=\"e-font-icon-svg e-eicon-chevron-left\" viewbox=\"0 0 1000 1000\" xmlns=\"http:\/\/www.w3.org\/2000\/svg\"><path d=\"M646 125C629 125 613 133 604 142L308 442C296 454 292 471 292 487 292 504 296 521 308 533L604 854C617 867 629 875 646 875 663 875 679 871 692 858 704 846 713 829 713 812 713 796 708 779 692 767L438 487 692 225C700 217 708 204 708 187 708 171 704 154 692 142 675 129 663 125 646 125Z\"><\/path><\/svg>\t\t\t\t\t<\/div>\n\t\t\t\t\t<div class=\"elementor-swiper-button elementor-swiper-button-next\" role=\"button\" tabindex=\"0\">\n\t\t\t\t\t\t<svg aria-hidden=\"true\" class=\"e-font-icon-svg e-eicon-chevron-right\" viewbox=\"0 0 1000 1000\" xmlns=\"http:\/\/www.w3.org\/2000\/svg\"><path d=\"M696 533C708 521 713 504 713 487 713 471 708 454 696 446L400 146C388 133 375 125 354 125 338 125 325 129 313 142 300 154 292 171 292 187 292 204 296 221 308 233L563 492 304 771C292 783 288 800 288 817 288 833 296 850 308 863 321 871 338 875 354 875 371 875 388 867 400 854L696 533Z\"><\/path><\/svg>\t\t\t\t\t<\/div>\n\t\t\t\t\n\t\t\t\t\t\t\t\t\t<\/div>\n\t\t\t\t\t\t<\/div>\n\t\t\t\t<\/div>\n\t\t\t\t\t<\/div>\n\t\t\t\t<\/div>\n\t\t\t\t<\/div>","protected":false},"excerpt":{"rendered":"<ul>\n<li><strong>Gr\u00f6\u00dfe<\/strong>: 20 cm hoch.<\/li>\n<li><strong>Sehr detailliertes Design<\/strong>: Filmgetreue Lackierung und Verwitterung.<\/li>\n<li><strong>Innovative Montage<\/strong>: Unabh\u00e4ngige Skelett- und R\u00fcstungskomponenten.<\/li>\n<li><strong>Druckguss-Komponenten<\/strong>: Bessere Stabilit\u00e4t und Beweglichkeit.<\/li>\n<li><strong>LED-Augenbeleuchtung<\/strong>: Drei Modi (Dauerlicht, Blitzlicht, Atmung).<\/li>\n<li><strong>Verbesserte Display-Basis<\/strong>: Runder Sockel mit schlangenf\u00f6rmigem Metallst\u00e4nder f\u00fcr dynamisches Posing.<\/li>\n<\/ul>","protected":false},"featured_media":199496,"comment_status":"open","ping_status":"closed","template":"","meta":{"inline_featured_image":false},"product_brand":[],"product_cat":[1955,2635,68,173],"product_tag":[2178,2560,1977,335,561,1341,1956,204,2458,2227,1702],"giftcard-category":[],"class_list":{"0":"post-199476","1":"product","2":"type-product","3":"status-publish","4":"has-post-thumbnail","6":"product_cat-transformers","7":"product_cat-amk-pro-series","8":"product_cat-hasbro","9":"product_cat-yolopark","10":"product_tag-amk-series","11":"product_tag-apelinq","12":"product_tag-figures-kit","13":"product_tag-hasbro","14":"product_tag-maximal","15":"product_tag-model-kits","16":"product_tag-rise-of-the-beasts","17":"product_tag-transformers","18":"product_tag-transformers-x-yolopark","19":"product_tag-transformers-rise-of-the-beasts","20":"product_tag-yolopark","21":"product_shipping_class-standard","22":"inventories-china-inventory","24":"first","25":"instock","26":"featured","27":"taxable","28":"shipping-taxable","29":"purchasable","30":"product-type-simple","31":"add-to-wishlist-after_add_to_cart"},"yoast_head":"<!-- This site is optimized with the Yoast SEO Premium plugin v25.3.1 (Yoast SEO v27.2) - https:\/\/yoast.com\/product\/yoast-seo-premium-wordpress\/ -->\n<title>YOLOPARK Optimus Prime Model Kit - AMK PRO Series<\/title>\n<meta name=\"description\" content=\"AMK PRO Optimus Prime (20cm) from Transformers: The Last Knight! Movie-accurate, LED eyes, diecast parts, and upgraded base.\" \/>\n<meta name=\"robots\" content=\"index, follow, max-snippet:-1, max-image-preview:large, max-video-preview:-1\" \/>\n<link rel=\"canonical\" href=\"https:\/\/hobby4geek.com\/de\/produkt\/yolopark-amk-pro-series-transformers-the-last-knight-optimus-prime-model-kit\/\" \/>\n<meta property=\"og:locale\" content=\"de_DE\" \/>\n<meta property=\"og:type\" content=\"article\" \/>\n<meta property=\"og:title\" content=\"YOLOPARK: AMK PRO Series - Transformers: The Last Knight - Optimus Prime - Model Kit\" \/>\n<meta property=\"og:description\" content=\"AMK PRO Optimus Prime (20cm) from Transformers: The Last Knight! Movie-accurate, LED eyes, diecast parts, and upgraded base.\" \/>\n<meta property=\"og:url\" content=\"https:\/\/hobby4geek.com\/de\/produkt\/yolopark-amk-pro-series-transformers-the-last-knight-optimus-prime-model-kit\/\" \/>\n<meta property=\"og:site_name\" content=\"Hobby4Geek\" \/>\n<meta property=\"article:publisher\" content=\"https:\/\/www.facebook.com\/hobby4geek\" \/>\n<meta property=\"article:modified_time\" content=\"2025-07-17T18:14:44+00:00\" \/>\n<meta property=\"og:image\" content=\"https:\/\/hobby4geek.com\/wp-content\/uploads\/2024\/12\/TF5-TheLastKnight-OP-1-scaled.jpg\" \/>\n\t<meta property=\"og:image:width\" content=\"2048\" \/>\n\t<meta property=\"og:image:height\" content=\"2048\" \/>\n\t<meta property=\"og:image:type\" content=\"image\/jpeg\" \/>\n<meta name=\"twitter:card\" content=\"summary_large_image\" \/>\n<meta name=\"twitter:site\" content=\"@hobby4geek\" \/>\n<script type=\"application\/ld+json\" class=\"yoast-schema-graph\">{\"@context\":\"https:\/\/schema.org\",\"@graph\":[{\"@type\":\"WebPage\",\"@id\":\"https:\/\/hobby4geek.com\/product\/yolopark-amk-pro-series-transformers-the-last-knight-optimus-prime-model-kit\/\",\"url\":\"https:\/\/hobby4geek.com\/product\/yolopark-amk-pro-series-transformers-the-last-knight-optimus-prime-model-kit\/\",\"name\":\"YOLOPARK Optimus Prime Model Kit - AMK PRO Series\",\"isPartOf\":{\"@id\":\"https:\/\/hobby4geek.com\/#website\"},\"primaryImageOfPage\":{\"@id\":\"https:\/\/hobby4geek.com\/product\/yolopark-amk-pro-series-transformers-the-last-knight-optimus-prime-model-kit\/#primaryimage\"},\"image\":{\"@id\":\"https:\/\/hobby4geek.com\/product\/yolopark-amk-pro-series-transformers-the-last-knight-optimus-prime-model-kit\/#primaryimage\"},\"thumbnailUrl\":\"https:\/\/hobby4geek.com\/wp-content\/uploads\/2024\/12\/TF5-TheLastKnight-OP-1-scaled.jpg\",\"datePublished\":\"2024-12-28T11:27:34+00:00\",\"dateModified\":\"2025-07-17T18:14:44+00:00\",\"description\":\"AMK PRO Optimus Prime (20cm) from Transformers: The Last Knight! Movie-accurate, LED eyes, diecast parts, and upgraded base.\",\"breadcrumb\":{\"@id\":\"https:\/\/hobby4geek.com\/product\/yolopark-amk-pro-series-transformers-the-last-knight-optimus-prime-model-kit\/#breadcrumb\"},\"inLanguage\":\"de\",\"potentialAction\":[{\"@type\":\"ReadAction\",\"target\":[\"https:\/\/hobby4geek.com\/product\/yolopark-amk-pro-series-transformers-the-last-knight-optimus-prime-model-kit\/\"]}]},{\"@type\":\"ImageObject\",\"inLanguage\":\"de\",\"@id\":\"https:\/\/hobby4geek.com\/product\/yolopark-amk-pro-series-transformers-the-last-knight-optimus-prime-model-kit\/#primaryimage\",\"url\":\"https:\/\/hobby4geek.com\/wp-content\/uploads\/2024\/12\/TF5-TheLastKnight-OP-1-scaled.jpg\",\"contentUrl\":\"https:\/\/hobby4geek.com\/wp-content\/uploads\/2024\/12\/TF5-TheLastKnight-OP-1-scaled.jpg\",\"width\":2048,\"height\":2048},{\"@type\":\"BreadcrumbList\",\"@id\":\"https:\/\/hobby4geek.com\/product\/yolopark-amk-pro-series-transformers-the-last-knight-optimus-prime-model-kit\/#breadcrumb\",\"itemListElement\":[{\"@type\":\"ListItem\",\"position\":1,\"name\":\"Home\",\"item\":\"https:\/\/hobby4geek.com\/\"},{\"@type\":\"ListItem\",\"position\":2,\"name\":\"Shop\",\"item\":\"https:\/\/hobby4geek.com\/shop\/\"},{\"@type\":\"ListItem\",\"position\":3,\"name\":\"YOLOPARK: AMK PRO Series &#8211; Transformers: The Last Knight &#8211; Optimus Prime &#8211; Model Kit\"}]},{\"@type\":\"WebSite\",\"@id\":\"https:\/\/hobby4geek.com\/#website\",\"url\":\"https:\/\/hobby4geek.com\/\",\"name\":\"Hobby4Geek\",\"description\":\"Collect, Play &amp; Showcase, Embrace your Geekiness\",\"publisher\":{\"@id\":\"https:\/\/hobby4geek.com\/#organization\"},\"potentialAction\":[{\"@type\":\"SearchAction\",\"target\":{\"@type\":\"EntryPoint\",\"urlTemplate\":\"https:\/\/hobby4geek.com\/?s={search_term_string}\"},\"query-input\":{\"@type\":\"PropertyValueSpecification\",\"valueRequired\":true,\"valueName\":\"search_term_string\"}}],\"inLanguage\":\"de\"},{\"@type\":\"Organization\",\"@id\":\"https:\/\/hobby4geek.com\/#organization\",\"name\":\"Hobby4Geek\",\"url\":\"https:\/\/hobby4geek.com\/\",\"logo\":{\"@type\":\"ImageObject\",\"inLanguage\":\"de\",\"@id\":\"https:\/\/hobby4geek.com\/#\/schema\/logo\/image\/\",\"url\":\"https:\/\/hobby4geek.com\/wp-content\/uploads\/2023\/02\/default-kit.png\",\"contentUrl\":\"https:\/\/hobby4geek.com\/wp-content\/uploads\/2023\/02\/default-kit.png\",\"width\":600,\"height\":600,\"caption\":\"Hobby4Geek\"},\"image\":{\"@id\":\"https:\/\/hobby4geek.com\/#\/schema\/logo\/image\/\"},\"sameAs\":[\"https:\/\/www.facebook.com\/hobby4geek\",\"https:\/\/x.com\/hobby4geek\",\"https:\/\/www.instagram.com\/hobby4geek\/\"]}]}<\/script>\n<meta property=\"product:brand\" content=\"Hasbro\" \/>\n<meta property=\"product:price:amount\" content=\"97.60\" \/>\n<meta property=\"product:price:currency\" content=\"EUR\" \/>\n<meta property=\"og:availability\" content=\"instock\" \/>\n<meta property=\"product:availability\" content=\"instock\" \/>\n<meta property=\"product:retailer_item_id\" content=\"4897131752139\" \/>\n<meta property=\"product:condition\" content=\"new\" \/>\n<!-- \/ Yoast SEO Premium plugin. -->","yoast_head_json":{"title":"YOLOPARK Optimus Prime Modell-Bausatz - AMK PRO Serie","description":"AMK PRO Optimus Prime (20cm) aus Transformers: The Last Knight! Film-genau, LED-Augen, Diecast-Teile, und aktualisierte Basis.","robots":{"index":"index","follow":"follow","max-snippet":"max-snippet:-1","max-image-preview":"max-image-preview:large","max-video-preview":"max-video-preview:-1"},"canonical":"https:\/\/hobby4geek.com\/de\/produkt\/yolopark-amk-pro-series-transformers-the-last-knight-optimus-prime-model-kit\/","og_locale":"de_DE","og_type":"article","og_title":"YOLOPARK: AMK PRO Series - Transformers: The Last Knight - Optimus Prime - Model Kit","og_description":"AMK PRO Optimus Prime (20cm) from Transformers: The Last Knight! Movie-accurate, LED eyes, diecast parts, and upgraded base.","og_url":"https:\/\/hobby4geek.com\/de\/produkt\/yolopark-amk-pro-series-transformers-the-last-knight-optimus-prime-model-kit\/","og_site_name":"Hobby4Geek","article_publisher":"https:\/\/www.facebook.com\/hobby4geek","article_modified_time":"2025-07-17T18:14:44+00:00","og_image":[{"width":2048,"height":2048,"url":"https:\/\/hobby4geek.com\/wp-content\/uploads\/2024\/12\/TF5-TheLastKnight-OP-1-scaled.jpg","type":"image\/jpeg"}],"twitter_card":"summary_large_image","twitter_site":"@hobby4geek","schema":{"@context":"https:\/\/schema.org","@graph":[{"@type":"WebPage","@id":"https:\/\/hobby4geek.com\/product\/yolopark-amk-pro-series-transformers-the-last-knight-optimus-prime-model-kit\/","url":"https:\/\/hobby4geek.com\/product\/yolopark-amk-pro-series-transformers-the-last-knight-optimus-prime-model-kit\/","name":"YOLOPARK Optimus Prime Modell-Bausatz - AMK PRO Serie","isPartOf":{"@id":"https:\/\/hobby4geek.com\/#website"},"primaryImageOfPage":{"@id":"https:\/\/hobby4geek.com\/product\/yolopark-amk-pro-series-transformers-the-last-knight-optimus-prime-model-kit\/#primaryimage"},"image":{"@id":"https:\/\/hobby4geek.com\/product\/yolopark-amk-pro-series-transformers-the-last-knight-optimus-prime-model-kit\/#primaryimage"},"thumbnailUrl":"https:\/\/hobby4geek.com\/wp-content\/uploads\/2024\/12\/TF5-TheLastKnight-OP-1-scaled.jpg","datePublished":"2024-12-28T11:27:34+00:00","dateModified":"2025-07-17T18:14:44+00:00","description":"AMK PRO Optimus Prime (20cm) aus Transformers: The Last Knight! Film-genau, LED-Augen, Diecast-Teile, und aktualisierte Basis.","breadcrumb":{"@id":"https:\/\/hobby4geek.com\/product\/yolopark-amk-pro-series-transformers-the-last-knight-optimus-prime-model-kit\/#breadcrumb"},"inLanguage":"de","potentialAction":[{"@type":"ReadAction","target":["https:\/\/hobby4geek.com\/product\/yolopark-amk-pro-series-transformers-the-last-knight-optimus-prime-model-kit\/"]}]},{"@type":"ImageObject","inLanguage":"de","@id":"https:\/\/hobby4geek.com\/product\/yolopark-amk-pro-series-transformers-the-last-knight-optimus-prime-model-kit\/#primaryimage","url":"https:\/\/hobby4geek.com\/wp-content\/uploads\/2024\/12\/TF5-TheLastKnight-OP-1-scaled.jpg","contentUrl":"https:\/\/hobby4geek.com\/wp-content\/uploads\/2024\/12\/TF5-TheLastKnight-OP-1-scaled.jpg","width":2048,"height":2048},{"@type":"BreadcrumbList","@id":"https:\/\/hobby4geek.com\/product\/yolopark-amk-pro-series-transformers-the-last-knight-optimus-prime-model-kit\/#breadcrumb","itemListElement":[{"@type":"ListItem","position":1,"name":"Home","item":"https:\/\/hobby4geek.com\/"},{"@type":"ListItem","position":2,"name":"Shop","item":"https:\/\/hobby4geek.com\/shop\/"},{"@type":"ListItem","position":3,"name":"YOLOPARK: AMK PRO Series &#8211; Transformers: The Last Knight &#8211; Optimus Prime &#8211; Model Kit"}]},{"@type":"WebSite","@id":"https:\/\/hobby4geek.com\/#website","url":"https:\/\/hobby4geek.com\/","name":"Hobby4Geek","description":"Sammeln, Spielen &amp; Pr\u00e4sentieren, Umarmung der Geekiness","publisher":{"@id":"https:\/\/hobby4geek.com\/#organization"},"potentialAction":[{"@type":"SearchAction","target":{"@type":"EntryPoint","urlTemplate":"https:\/\/hobby4geek.com\/?s={search_term_string}"},"query-input":{"@type":"PropertyValueSpecification","valueRequired":true,"valueName":"search_term_string"}}],"inLanguage":"de"},{"@type":"Organization","@id":"https:\/\/hobby4geek.com\/#organization","name":"Hobby4Geek","url":"https:\/\/hobby4geek.com\/","logo":{"@type":"ImageObject","inLanguage":"de","@id":"https:\/\/hobby4geek.com\/#\/schema\/logo\/image\/","url":"https:\/\/hobby4geek.com\/wp-content\/uploads\/2023\/02\/default-kit.png","contentUrl":"https:\/\/hobby4geek.com\/wp-content\/uploads\/2023\/02\/default-kit.png","width":600,"height":600,"caption":"Hobby4Geek"},"image":{"@id":"https:\/\/hobby4geek.com\/#\/schema\/logo\/image\/"},"sameAs":["https:\/\/www.facebook.com\/hobby4geek","https:\/\/x.com\/hobby4geek","https:\/\/www.instagram.com\/hobby4geek\/"]}]},"product_brand":"Hasbro","product_price_amount":"97.60","product_price_currency":"EUR","og_availability":"instock","product_availability":"instock","product_retailer_item_id":"4897131752139","product_condition":"new"},"_links":{"self":[{"href":"https:\/\/hobby4geek.com\/de\/wp-json\/wp\/v2\/product\/199476","targetHints":{"allow":["GET"]}}],"collection":[{"href":"https:\/\/hobby4geek.com\/de\/wp-json\/wp\/v2\/product"}],"about":[{"href":"https:\/\/hobby4geek.com\/de\/wp-json\/wp\/v2\/types\/product"}],"replies":[{"embeddable":true,"href":"https:\/\/hobby4geek.com\/de\/wp-json\/wp\/v2\/comments?post=199476"}],"version-history":[{"count":0,"href":"https:\/\/hobby4geek.com\/de\/wp-json\/wp\/v2\/product\/199476\/revisions"}],"wp:featuredmedia":[{"embeddable":true,"href":"https:\/\/hobby4geek.com\/de\/wp-json\/wp\/v2\/media\/199496"}],"wp:attachment":[{"href":"https:\/\/hobby4geek.com\/de\/wp-json\/wp\/v2\/media?parent=199476"}],"wp:term":[{"taxonomy":"product_brand","embeddable":true,"href":"https:\/\/hobby4geek.com\/de\/wp-json\/wp\/v2\/product_brand?post=199476"},{"taxonomy":"product_cat","embeddable":true,"href":"https:\/\/hobby4geek.com\/de\/wp-json\/wp\/v2\/product_cat?post=199476"},{"taxonomy":"product_tag","embeddable":true,"href":"https:\/\/hobby4geek.com\/de\/wp-json\/wp\/v2\/product_tag?post=199476"},{"taxonomy":"giftcard-category","embeddable":true,"href":"https:\/\/hobby4geek.com\/de\/wp-json\/wp\/v2\/giftcard-category?post=199476"}],"curies":[{"name":"wp","href":"https:\/\/api.w.org\/{rel}","templated":true}]}}