{"id":198916,"date":"2024-08-23T10:18:59","date_gmt":"2024-08-23T09:18:59","guid":{"rendered":"https:\/\/hobby4geek.com\/?post_type=product&#038;p=198916"},"modified":"2025-04-05T09:48:16","modified_gmt":"2025-04-05T08:48:16","slug":"transformers-legacy-united-infernac-universe-nucleous-2","status":"publish","type":"product","link":"https:\/\/hobby4geek.com\/de\/produkt\/transformers-legacy-united-infernac-universe-nucleous-2\/","title":{"rendered":"Transformers: Legacy United - Robots in Disguise 2015 Universe: Strongarm"},"content":{"rendered":"<p style=\"font-weight: 400;\"><span style=\"font-weight: 400;\">Vereinige deine Lieblingscharaktere aus der ganzen Welt der Transformers-Roboter in deiner Sammlung mit der Transformers Legacy United Deluxe Class Robots in Disguise 2015 Universe Strongarm Actionfigur! Diese 5,5 Zoll gro\u00dfe Robots in Disguise 2015 Universe Strongarm-Actionfigur l\u00e4sst sich in 15 Schritten zwischen Roboter- und Polizei-SUV-Modus umwandeln. Mit dem mitgelieferten Blaster und der Polizeisirene kannst du dich f\u00fcr den Kampf r\u00fcsten. Die Robots in Disguise 2015 Universe Strongarm Figur ist von der Figur aus der Zeichentrickserie Transformers: Robots in Disguise inspiriert und verf\u00fcgt \u00fcber einen beweglichen Kopf, Arme und Beine f\u00fcr tolle Action-Posen. Feiern Sie die letzten 40 Jahre der Transformers-Geschichte mit den Transformers Legacy-Actionfiguren. Transformers Legacy \u00f6ffnet das Tor zu einem ganz neuen Universum von - More Than Meets the Eye - und bringt alle Transformers-Generationen zusammen, wie du es noch nie zuvor gesehen hast. Sammle und kombiniere verschiedene Figuren, um deine ideale Legacy-Besetzung zusammenzustellen.<\/span><\/p>\n<p style=\"font-weight: 400;\"><span style=\"font-weight: 400;\">Enth\u00e4lt eine Figur, 2 Zubeh\u00f6rteile und eine Anleitung.<\/span><\/p>\n<ul style=\"font-weight: 400;\">\n<li>ROBOTS IN DISGUISE 2015 UNIVERSUM STRONGARM ACTIONFIGUR: Dieses 14 cm (5,5 Zoll) gro\u00dfe Robots in Disguise 2015 Universe Strongarm-Spielzeug ist von der Deko und den Details der Zeichentrickserie Transformers: Robots in Disguise inspiriert.<\/li>\n<li>2-IN-1 TRANSFORMERS TOY: Transformers Action-Figur verwandelt sich in 15 Schritten von einem Roboter in einen Polizei-SUV<\/li>\n<li>FANTASTISCHES ZUBEH\u00d6R: Diese Robots in Disguise 2015 Universe Strongarm Transformers Figur kommt mit Blaster und Polizeisirene Zubeh\u00f6r, das in beiden Modi befestigt werden kann<\/li>\n<li>GESTALTEN ZUM SPIELEN UND ANZEIGEN: Die Transformers-Figuren haben bewegliche K\u00f6pfe, Arme und Beine f\u00fcr Action-Posen.<\/li>\n<li>FEIERN SIE DIE LEGACY: Transformers Legacy United ehrt 40 Jahre Transformers-Animationsgeschichte! Sammle weitere Legacy: United-Figuren, um deine Sammlung zu vervollst\u00e4ndigen (jede Figur ist separat erh\u00e4ltlich, je nach Verf\u00fcgbarkeit)<\/li>\n<li>TRANSFORMERS-SAMMELGESCHENK: Diese Robots in Disguise 2015 Universe Strongarm Actionfigur ist ein tolles Geschenk f\u00fcr jeden Transformers-Fan<\/li>\n<\/ul>\n<p style=\"font-weight: 400;\"><span style=\"font-weight: 400;\">8 Jahre und \u00e4lter<\/span><\/p>\n<p><b><strong>\u26a0\ufe0f WARNUNG:\u00a0<\/strong><\/b>VERSTECKUNGSGEFAHR - Kleine Teile. Nicht f\u00fcr Kinder unter 3 Jahren geeignet.<\/p>","protected":false},"excerpt":{"rendered":"<ul>\n<li>14 cm<\/li>\n<li>Deluxe-Klasse<\/li>\n<li>Roboter wird zum Polizei-Gel\u00e4ndewagen umgebaut<\/li>\n<li>15 Schritte<\/li>\n<\/ul>","protected":false},"featured_media":198933,"comment_status":"open","ping_status":"closed","template":"","meta":{"inline_featured_image":false},"product_brand":[],"product_cat":[1955,68,69,1960],"product_tag":[1759,1964,335,2400,2655,2654,1860,1975,204],"giftcard-category":[],"class_list":{"0":"post-198916","1":"product","2":"type-product","3":"status-publish","4":"has-post-thumbnail","6":"product_cat-transformers","7":"product_cat-hasbro","8":"product_cat-takara-tomy","9":"product_cat-transformers-generations","10":"product_tag-action-toys","11":"product_tag-deluxe-class","12":"product_tag-hasbro","13":"product_tag-legacy-united","14":"product_tag-robots-in-disguise-2015-universe","15":"product_tag-strongarm","16":"product_tag-takaratomy","17":"product_tag-toys-figures","18":"product_tag-transformers","19":"product_shipping_class-light","21":"first","22":"outofstock","23":"featured","24":"taxable","25":"shipping-taxable","26":"purchasable","27":"product-type-simple","28":"add-to-wishlist-after_add_to_cart"},"yoast_head":"<!-- This site is optimized with the Yoast SEO Premium plugin v25.3.1 (Yoast SEO v27.2) - https:\/\/yoast.com\/product\/yoast-seo-premium-wordpress\/ -->\n<title>Transformers: Legacy United - Robots in Disguise 2015 Universe: Strongarm<\/title>\n<meta name=\"robots\" content=\"index, follow, max-snippet:-1, max-image-preview:large, max-video-preview:-1\" \/>\n<link rel=\"canonical\" href=\"https:\/\/hobby4geek.com\/de\/produkt\/transformers-legacy-united-infernac-universe-nucleous-2\/\" \/>\n<meta property=\"og:locale\" content=\"de_DE\" \/>\n<meta property=\"og:type\" content=\"article\" \/>\n<meta property=\"og:title\" content=\"Transformers: Legacy United - Robots in Disguise 2015 Universe: Strongarm\" \/>\n<meta property=\"og:description\" content=\"14 cm  Deluxe Class  Converts robot to police SUV  15 steps\" \/>\n<meta property=\"og:url\" content=\"https:\/\/hobby4geek.com\/de\/produkt\/transformers-legacy-united-infernac-universe-nucleous-2\/\" \/>\n<meta property=\"og:site_name\" content=\"Hobby4Geek\" \/>\n<meta property=\"article:publisher\" content=\"https:\/\/www.facebook.com\/hobby4geek\" \/>\n<meta property=\"article:modified_time\" content=\"2025-04-05T08:48:16+00:00\" \/>\n<meta property=\"og:image\" content=\"https:\/\/hobby4geek.com\/wp-content\/uploads\/2024\/08\/hr_hasf9187_n-scaled-1.jpg\" \/>\n\t<meta property=\"og:image:width\" content=\"2000\" \/>\n\t<meta property=\"og:image:height\" content=\"2000\" \/>\n\t<meta property=\"og:image:type\" content=\"image\/jpeg\" \/>\n<meta name=\"twitter:card\" content=\"summary_large_image\" \/>\n<meta name=\"twitter:site\" content=\"@hobby4geek\" \/>\n<script type=\"application\/ld+json\" class=\"yoast-schema-graph\">{\"@context\":\"https:\/\/schema.org\",\"@graph\":[{\"@type\":\"WebPage\",\"@id\":\"https:\/\/hobby4geek.com\/product\/transformers-legacy-united-robots-in-disguise-2015-universe-strongarm\/\",\"url\":\"https:\/\/hobby4geek.com\/product\/transformers-legacy-united-robots-in-disguise-2015-universe-strongarm\/\",\"name\":\"Transformers: Legacy United - Robots in Disguise 2015 Universe: Strongarm\",\"isPartOf\":{\"@id\":\"https:\/\/hobby4geek.com\/#website\"},\"primaryImageOfPage\":{\"@id\":\"https:\/\/hobby4geek.com\/product\/transformers-legacy-united-robots-in-disguise-2015-universe-strongarm\/#primaryimage\"},\"image\":{\"@id\":\"https:\/\/hobby4geek.com\/product\/transformers-legacy-united-robots-in-disguise-2015-universe-strongarm\/#primaryimage\"},\"thumbnailUrl\":\"https:\/\/hobby4geek.com\/wp-content\/uploads\/2024\/08\/hr_hasf9187_n-scaled-1.jpg\",\"datePublished\":\"2024-08-23T09:18:59+00:00\",\"dateModified\":\"2025-04-05T08:48:16+00:00\",\"breadcrumb\":{\"@id\":\"https:\/\/hobby4geek.com\/product\/transformers-legacy-united-robots-in-disguise-2015-universe-strongarm\/#breadcrumb\"},\"inLanguage\":\"de\",\"potentialAction\":[{\"@type\":\"ReadAction\",\"target\":[\"https:\/\/hobby4geek.com\/product\/transformers-legacy-united-robots-in-disguise-2015-universe-strongarm\/\"]}]},{\"@type\":\"ImageObject\",\"inLanguage\":\"de\",\"@id\":\"https:\/\/hobby4geek.com\/product\/transformers-legacy-united-robots-in-disguise-2015-universe-strongarm\/#primaryimage\",\"url\":\"https:\/\/hobby4geek.com\/wp-content\/uploads\/2024\/08\/hr_hasf9187_n-scaled-1.jpg\",\"contentUrl\":\"https:\/\/hobby4geek.com\/wp-content\/uploads\/2024\/08\/hr_hasf9187_n-scaled-1.jpg\",\"width\":2000,\"height\":2000},{\"@type\":\"BreadcrumbList\",\"@id\":\"https:\/\/hobby4geek.com\/product\/transformers-legacy-united-robots-in-disguise-2015-universe-strongarm\/#breadcrumb\",\"itemListElement\":[{\"@type\":\"ListItem\",\"position\":1,\"name\":\"Home\",\"item\":\"https:\/\/hobby4geek.com\/\"},{\"@type\":\"ListItem\",\"position\":2,\"name\":\"Shop\",\"item\":\"https:\/\/hobby4geek.com\/shop\/\"},{\"@type\":\"ListItem\",\"position\":3,\"name\":\"Transformers: Legacy United &#8211; Robots in Disguise 2015 Universe: Strongarm\"}]},{\"@type\":\"WebSite\",\"@id\":\"https:\/\/hobby4geek.com\/#website\",\"url\":\"https:\/\/hobby4geek.com\/\",\"name\":\"Hobby4Geek\",\"description\":\"Collect, Play &amp; Showcase, Embrace your Geekiness\",\"publisher\":{\"@id\":\"https:\/\/hobby4geek.com\/#organization\"},\"potentialAction\":[{\"@type\":\"SearchAction\",\"target\":{\"@type\":\"EntryPoint\",\"urlTemplate\":\"https:\/\/hobby4geek.com\/?s={search_term_string}\"},\"query-input\":{\"@type\":\"PropertyValueSpecification\",\"valueRequired\":true,\"valueName\":\"search_term_string\"}}],\"inLanguage\":\"de\"},{\"@type\":\"Organization\",\"@id\":\"https:\/\/hobby4geek.com\/#organization\",\"name\":\"Hobby4Geek\",\"url\":\"https:\/\/hobby4geek.com\/\",\"logo\":{\"@type\":\"ImageObject\",\"inLanguage\":\"de\",\"@id\":\"https:\/\/hobby4geek.com\/#\/schema\/logo\/image\/\",\"url\":\"https:\/\/hobby4geek.com\/wp-content\/uploads\/2023\/02\/default-kit.png\",\"contentUrl\":\"https:\/\/hobby4geek.com\/wp-content\/uploads\/2023\/02\/default-kit.png\",\"width\":600,\"height\":600,\"caption\":\"Hobby4Geek\"},\"image\":{\"@id\":\"https:\/\/hobby4geek.com\/#\/schema\/logo\/image\/\"},\"sameAs\":[\"https:\/\/www.facebook.com\/hobby4geek\",\"https:\/\/x.com\/hobby4geek\",\"https:\/\/www.instagram.com\/hobby4geek\/\"]}]}<\/script>\n<meta property=\"product:brand\" content=\"Transformers\" \/>\n<meta property=\"product:price:amount\" content=\"27.80\" \/>\n<meta property=\"product:price:currency\" content=\"EUR\" \/>\n<meta property=\"og:availability\" content=\"out of stock\" \/>\n<meta property=\"product:availability\" content=\"out of stock\" \/>\n<meta property=\"product:retailer_item_id\" content=\"5010996238887\" \/>\n<meta property=\"product:condition\" content=\"new\" \/>\n<!-- \/ Yoast SEO Premium plugin. -->","yoast_head_json":{"title":"Transformers: Legacy United - Robots in Disguise 2015 Universe: Strongarm","robots":{"index":"index","follow":"follow","max-snippet":"max-snippet:-1","max-image-preview":"max-image-preview:large","max-video-preview":"max-video-preview:-1"},"canonical":"https:\/\/hobby4geek.com\/de\/produkt\/transformers-legacy-united-infernac-universe-nucleous-2\/","og_locale":"de_DE","og_type":"article","og_title":"Transformers: Legacy United - Robots in Disguise 2015 Universe: Strongarm","og_description":"14 cm  Deluxe Class  Converts robot to police SUV  15 steps","og_url":"https:\/\/hobby4geek.com\/de\/produkt\/transformers-legacy-united-infernac-universe-nucleous-2\/","og_site_name":"Hobby4Geek","article_publisher":"https:\/\/www.facebook.com\/hobby4geek","article_modified_time":"2025-04-05T08:48:16+00:00","og_image":[{"width":2000,"height":2000,"url":"https:\/\/hobby4geek.com\/wp-content\/uploads\/2024\/08\/hr_hasf9187_n-scaled-1.jpg","type":"image\/jpeg"}],"twitter_card":"summary_large_image","twitter_site":"@hobby4geek","schema":{"@context":"https:\/\/schema.org","@graph":[{"@type":"WebPage","@id":"https:\/\/hobby4geek.com\/product\/transformers-legacy-united-robots-in-disguise-2015-universe-strongarm\/","url":"https:\/\/hobby4geek.com\/product\/transformers-legacy-united-robots-in-disguise-2015-universe-strongarm\/","name":"Transformers: Legacy United - Robots in Disguise 2015 Universe: Strongarm","isPartOf":{"@id":"https:\/\/hobby4geek.com\/#website"},"primaryImageOfPage":{"@id":"https:\/\/hobby4geek.com\/product\/transformers-legacy-united-robots-in-disguise-2015-universe-strongarm\/#primaryimage"},"image":{"@id":"https:\/\/hobby4geek.com\/product\/transformers-legacy-united-robots-in-disguise-2015-universe-strongarm\/#primaryimage"},"thumbnailUrl":"https:\/\/hobby4geek.com\/wp-content\/uploads\/2024\/08\/hr_hasf9187_n-scaled-1.jpg","datePublished":"2024-08-23T09:18:59+00:00","dateModified":"2025-04-05T08:48:16+00:00","breadcrumb":{"@id":"https:\/\/hobby4geek.com\/product\/transformers-legacy-united-robots-in-disguise-2015-universe-strongarm\/#breadcrumb"},"inLanguage":"de","potentialAction":[{"@type":"ReadAction","target":["https:\/\/hobby4geek.com\/product\/transformers-legacy-united-robots-in-disguise-2015-universe-strongarm\/"]}]},{"@type":"ImageObject","inLanguage":"de","@id":"https:\/\/hobby4geek.com\/product\/transformers-legacy-united-robots-in-disguise-2015-universe-strongarm\/#primaryimage","url":"https:\/\/hobby4geek.com\/wp-content\/uploads\/2024\/08\/hr_hasf9187_n-scaled-1.jpg","contentUrl":"https:\/\/hobby4geek.com\/wp-content\/uploads\/2024\/08\/hr_hasf9187_n-scaled-1.jpg","width":2000,"height":2000},{"@type":"BreadcrumbList","@id":"https:\/\/hobby4geek.com\/product\/transformers-legacy-united-robots-in-disguise-2015-universe-strongarm\/#breadcrumb","itemListElement":[{"@type":"ListItem","position":1,"name":"Home","item":"https:\/\/hobby4geek.com\/"},{"@type":"ListItem","position":2,"name":"Shop","item":"https:\/\/hobby4geek.com\/shop\/"},{"@type":"ListItem","position":3,"name":"Transformers: Legacy United &#8211; Robots in Disguise 2015 Universe: Strongarm"}]},{"@type":"WebSite","@id":"https:\/\/hobby4geek.com\/#website","url":"https:\/\/hobby4geek.com\/","name":"Hobby4Geek","description":"Sammeln, Spielen &amp; Pr\u00e4sentieren, Umarmung der Geekiness","publisher":{"@id":"https:\/\/hobby4geek.com\/#organization"},"potentialAction":[{"@type":"SearchAction","target":{"@type":"EntryPoint","urlTemplate":"https:\/\/hobby4geek.com\/?s={search_term_string}"},"query-input":{"@type":"PropertyValueSpecification","valueRequired":true,"valueName":"search_term_string"}}],"inLanguage":"de"},{"@type":"Organization","@id":"https:\/\/hobby4geek.com\/#organization","name":"Hobby4Geek","url":"https:\/\/hobby4geek.com\/","logo":{"@type":"ImageObject","inLanguage":"de","@id":"https:\/\/hobby4geek.com\/#\/schema\/logo\/image\/","url":"https:\/\/hobby4geek.com\/wp-content\/uploads\/2023\/02\/default-kit.png","contentUrl":"https:\/\/hobby4geek.com\/wp-content\/uploads\/2023\/02\/default-kit.png","width":600,"height":600,"caption":"Hobby4Geek"},"image":{"@id":"https:\/\/hobby4geek.com\/#\/schema\/logo\/image\/"},"sameAs":["https:\/\/www.facebook.com\/hobby4geek","https:\/\/x.com\/hobby4geek","https:\/\/www.instagram.com\/hobby4geek\/"]}]},"product_brand":"Transformers","product_price_amount":"27.80","product_price_currency":"EUR","og_availability":"out of stock","product_availability":"out of stock","product_retailer_item_id":"5010996238887","product_condition":"new"},"_links":{"self":[{"href":"https:\/\/hobby4geek.com\/de\/wp-json\/wp\/v2\/product\/198916","targetHints":{"allow":["GET"]}}],"collection":[{"href":"https:\/\/hobby4geek.com\/de\/wp-json\/wp\/v2\/product"}],"about":[{"href":"https:\/\/hobby4geek.com\/de\/wp-json\/wp\/v2\/types\/product"}],"replies":[{"embeddable":true,"href":"https:\/\/hobby4geek.com\/de\/wp-json\/wp\/v2\/comments?post=198916"}],"version-history":[{"count":0,"href":"https:\/\/hobby4geek.com\/de\/wp-json\/wp\/v2\/product\/198916\/revisions"}],"wp:featuredmedia":[{"embeddable":true,"href":"https:\/\/hobby4geek.com\/de\/wp-json\/wp\/v2\/media\/198933"}],"wp:attachment":[{"href":"https:\/\/hobby4geek.com\/de\/wp-json\/wp\/v2\/media?parent=198916"}],"wp:term":[{"taxonomy":"product_brand","embeddable":true,"href":"https:\/\/hobby4geek.com\/de\/wp-json\/wp\/v2\/product_brand?post=198916"},{"taxonomy":"product_cat","embeddable":true,"href":"https:\/\/hobby4geek.com\/de\/wp-json\/wp\/v2\/product_cat?post=198916"},{"taxonomy":"product_tag","embeddable":true,"href":"https:\/\/hobby4geek.com\/de\/wp-json\/wp\/v2\/product_tag?post=198916"},{"taxonomy":"giftcard-category","embeddable":true,"href":"https:\/\/hobby4geek.com\/de\/wp-json\/wp\/v2\/giftcard-category?post=198916"}],"curies":[{"name":"wp","href":"https:\/\/api.w.org\/{rel}","templated":true}]}}