{"id":198587,"date":"2024-02-05T17:17:32","date_gmt":"2024-02-05T16:17:32","guid":{"rendered":"https:\/\/hobby4geek.com\/?post_type=product&#038;p=198587"},"modified":"2024-08-05T19:46:26","modified_gmt":"2024-08-05T18:46:26","slug":"yolopark-amk-mini-series-transformers-generation-one","status":"publish","type":"product","link":"https:\/\/hobby4geek.com\/de\/produkt\/yolopark-amk-mini-series-transformers-generation-one\/","title":{"rendered":"YOLOPARK: AMK MINI SERIES - Transformers: Generation One - 6 Figuren"},"content":{"rendered":"<p>Entdecken Sie die ultimative Sammlung f\u00fcr Transformers-Fans mit unserem Mystery Box Assortment! Jede Box enth\u00e4lt eine von sechs ikonischen Figuren, die sorgf\u00e4ltig hergestellt wurden und etwa 10 bis 12 cm gro\u00df sind. Entdecke den Nervenkitzel der \u00dcberraschung und f\u00fcge deiner Sammlung mit jedem Kauf eine neue Figur hinzu.<\/p>\n<p>Das Set enth\u00e4lt:<\/p>\n<ul>\n<li>Grimlock<\/li>\n<li>Optimus Prime<\/li>\n<li>Starscream<\/li>\n<li>Bumblebee<\/li>\n<li>Soundwave<\/li>\n<li>Megatron<\/li>\n<\/ul>\n<p>&nbsp;<\/p>\n<p>Diese Figuren sind f\u00fcr Fans und Sammler gleicherma\u00dfen geeignet und fangen das Wesen deiner Lieblingsfiguren aus Transformers ein. Verpassen Sie nicht die Chance, Ihre Sammlung mit diesen hochwertigen, detaillierten Figuren zu vervollst\u00e4ndigen. Welchen legend\u00e4ren Transformer wirst du als n\u00e4chstes enth\u00fcllen?<\/p>","protected":false},"excerpt":{"rendered":"<ul>\n<li>Gr\u00f6\u00dfe: Ungef\u00e4hr 10-12cm H\u00f6he<\/li>\n<li>Modell-Bausatz<\/li>\n<li>Vollst\u00e4ndig gelenkig<\/li>\n<li>Material: ABS<\/li>\n<\/ul>","protected":false},"featured_media":198522,"comment_status":"open","ping_status":"closed","template":"","meta":{"inline_featured_image":false},"product_brand":[],"product_cat":[1955,2634,68,173],"product_tag":[2637,224,1977,252,335,306,1341,234,583,250,1975,204,2458,2639,2638,1702],"giftcard-category":[],"class_list":{"0":"post-198587","1":"product","2":"type-product","3":"status-publish","4":"has-post-thumbnail","6":"product_cat-transformers","7":"product_cat-amk-mini-series","8":"product_cat-hasbro","9":"product_cat-yolopark","10":"product_tag-amk-mini-series","11":"product_tag-bumblebee","12":"product_tag-figures-kit","13":"product_tag-grimlock","14":"product_tag-hasbro","15":"product_tag-megatron","16":"product_tag-model-kits","17":"product_tag-optimus-prime","18":"product_tag-soundwave","19":"product_tag-starscream","20":"product_tag-toys-figures","21":"product_tag-transformers","22":"product_tag-transformers-x-yolopark","23":"product_tag-transformers-g1","24":"product_tag-transformers-generation-one","25":"product_tag-yolopark","26":"product_shipping_class-standard","27":"inventories-france-inventory","29":"first","30":"instock","31":"featured","32":"taxable","33":"shipping-taxable","34":"purchasable","35":"product-type-variable","36":"add-to-wishlist-after_add_to_cart"},"yoast_head":"<!-- This site is optimized with the Yoast SEO Premium plugin v25.3.1 (Yoast SEO v27.2) - https:\/\/yoast.com\/product\/yoast-seo-premium-wordpress\/ -->\n<title>YOLOPARK: AMK MINI SERIES - Transformers: Generation One - 6 Figures<\/title>\n<meta name=\"robots\" content=\"index, follow, max-snippet:-1, max-image-preview:large, max-video-preview:-1\" \/>\n<link rel=\"canonical\" href=\"https:\/\/hobby4geek.com\/de\/produkt\/yolopark-amk-mini-series-transformers-generation-one\/\" \/>\n<meta property=\"og:locale\" content=\"de_DE\" \/>\n<meta property=\"og:type\" content=\"article\" \/>\n<meta property=\"og:title\" content=\"YOLOPARK: AMK MINI SERIES - Transformers: Generation One - 6 Figures\" \/>\n<meta property=\"og:description\" content=\"Size: Approximately 10-12cm height  Model Kit  Fully articulated  Material: ABS\" \/>\n<meta property=\"og:url\" content=\"https:\/\/hobby4geek.com\/de\/produkt\/yolopark-amk-mini-series-transformers-generation-one\/\" \/>\n<meta property=\"og:site_name\" content=\"Hobby4Geek\" \/>\n<meta property=\"article:publisher\" content=\"https:\/\/www.facebook.com\/hobby4geek\" \/>\n<meta property=\"article:modified_time\" content=\"2024-08-05T18:46:26+00:00\" \/>\n<meta property=\"og:image\" content=\"https:\/\/hobby4geek.com\/wp-content\/uploads\/2024\/08\/amk_mini_series_banner_00-e1722882178158.webp\" \/>\n\t<meta property=\"og:image:width\" content=\"1126\" \/>\n\t<meta property=\"og:image:height\" content=\"1125\" \/>\n\t<meta property=\"og:image:type\" content=\"image\/webp\" \/>\n<meta name=\"twitter:card\" content=\"summary_large_image\" \/>\n<meta name=\"twitter:site\" content=\"@hobby4geek\" \/>\n<script type=\"application\/ld+json\" class=\"yoast-schema-graph\">{\"@context\":\"https:\/\/schema.org\",\"@graph\":[{\"@type\":\"WebPage\",\"@id\":\"https:\/\/hobby4geek.com\/product\/yolopark-amk-mini-series-transformers-generation-one\/\",\"url\":\"https:\/\/hobby4geek.com\/product\/yolopark-amk-mini-series-transformers-generation-one\/\",\"name\":\"YOLOPARK: AMK MINI SERIES - Transformers: Generation One - 6 Figures\",\"isPartOf\":{\"@id\":\"https:\/\/hobby4geek.com\/#website\"},\"primaryImageOfPage\":{\"@id\":\"https:\/\/hobby4geek.com\/product\/yolopark-amk-mini-series-transformers-generation-one\/#primaryimage\"},\"image\":{\"@id\":\"https:\/\/hobby4geek.com\/product\/yolopark-amk-mini-series-transformers-generation-one\/#primaryimage\"},\"thumbnailUrl\":\"https:\/\/hobby4geek.com\/wp-content\/uploads\/2024\/08\/amk_mini_series_banner_00-e1722882178158.webp\",\"datePublished\":\"2024-02-05T16:17:32+00:00\",\"dateModified\":\"2024-08-05T18:46:26+00:00\",\"breadcrumb\":{\"@id\":\"https:\/\/hobby4geek.com\/product\/yolopark-amk-mini-series-transformers-generation-one\/#breadcrumb\"},\"inLanguage\":\"de\",\"potentialAction\":[{\"@type\":\"ReadAction\",\"target\":[\"https:\/\/hobby4geek.com\/product\/yolopark-amk-mini-series-transformers-generation-one\/\"]}]},{\"@type\":\"ImageObject\",\"inLanguage\":\"de\",\"@id\":\"https:\/\/hobby4geek.com\/product\/yolopark-amk-mini-series-transformers-generation-one\/#primaryimage\",\"url\":\"https:\/\/hobby4geek.com\/wp-content\/uploads\/2024\/08\/amk_mini_series_banner_00-e1722882178158.webp\",\"contentUrl\":\"https:\/\/hobby4geek.com\/wp-content\/uploads\/2024\/08\/amk_mini_series_banner_00-e1722882178158.webp\",\"width\":1126,\"height\":1125},{\"@type\":\"BreadcrumbList\",\"@id\":\"https:\/\/hobby4geek.com\/product\/yolopark-amk-mini-series-transformers-generation-one\/#breadcrumb\",\"itemListElement\":[{\"@type\":\"ListItem\",\"position\":1,\"name\":\"Home\",\"item\":\"https:\/\/hobby4geek.com\/\"},{\"@type\":\"ListItem\",\"position\":2,\"name\":\"Shop\",\"item\":\"https:\/\/hobby4geek.com\/shop\/\"},{\"@type\":\"ListItem\",\"position\":3,\"name\":\"YOLOPARK: AMK MINI SERIES &#8211; Transformers: Generation One &#8211; 6 Figures\"}]},{\"@type\":\"WebSite\",\"@id\":\"https:\/\/hobby4geek.com\/#website\",\"url\":\"https:\/\/hobby4geek.com\/\",\"name\":\"Hobby4Geek\",\"description\":\"Collect, Play &amp; Showcase, Embrace your Geekiness\",\"publisher\":{\"@id\":\"https:\/\/hobby4geek.com\/#organization\"},\"potentialAction\":[{\"@type\":\"SearchAction\",\"target\":{\"@type\":\"EntryPoint\",\"urlTemplate\":\"https:\/\/hobby4geek.com\/?s={search_term_string}\"},\"query-input\":{\"@type\":\"PropertyValueSpecification\",\"valueRequired\":true,\"valueName\":\"search_term_string\"}}],\"inLanguage\":\"de\"},{\"@type\":\"Organization\",\"@id\":\"https:\/\/hobby4geek.com\/#organization\",\"name\":\"Hobby4Geek\",\"url\":\"https:\/\/hobby4geek.com\/\",\"logo\":{\"@type\":\"ImageObject\",\"inLanguage\":\"de\",\"@id\":\"https:\/\/hobby4geek.com\/#\/schema\/logo\/image\/\",\"url\":\"https:\/\/hobby4geek.com\/wp-content\/uploads\/2023\/02\/default-kit.png\",\"contentUrl\":\"https:\/\/hobby4geek.com\/wp-content\/uploads\/2023\/02\/default-kit.png\",\"width\":600,\"height\":600,\"caption\":\"Hobby4Geek\"},\"image\":{\"@id\":\"https:\/\/hobby4geek.com\/#\/schema\/logo\/image\/\"},\"sameAs\":[\"https:\/\/www.facebook.com\/hobby4geek\",\"https:\/\/x.com\/hobby4geek\",\"https:\/\/www.instagram.com\/hobby4geek\/\"]}]}<\/script>\n<meta property=\"product:brand\" content=\"Hasbro\" \/>\n<meta property=\"og:availability\" content=\"instock\" \/>\n<meta property=\"product:availability\" content=\"instock\" \/>\n<meta property=\"product:retailer_item_id\" content=\"4897131750098\" \/>\n<meta property=\"product:condition\" content=\"new\" \/>\n<!-- \/ Yoast SEO Premium plugin. -->","yoast_head_json":{"title":"YOLOPARK: AMK MINI SERIES - Transformers: Generation One - 6 Figuren","robots":{"index":"index","follow":"follow","max-snippet":"max-snippet:-1","max-image-preview":"max-image-preview:large","max-video-preview":"max-video-preview:-1"},"canonical":"https:\/\/hobby4geek.com\/de\/produkt\/yolopark-amk-mini-series-transformers-generation-one\/","og_locale":"de_DE","og_type":"article","og_title":"YOLOPARK: AMK MINI SERIES - Transformers: Generation One - 6 Figures","og_description":"Size: Approximately 10-12cm height  Model Kit  Fully articulated  Material: ABS","og_url":"https:\/\/hobby4geek.com\/de\/produkt\/yolopark-amk-mini-series-transformers-generation-one\/","og_site_name":"Hobby4Geek","article_publisher":"https:\/\/www.facebook.com\/hobby4geek","article_modified_time":"2024-08-05T18:46:26+00:00","og_image":[{"width":1126,"height":1125,"url":"https:\/\/hobby4geek.com\/wp-content\/uploads\/2024\/08\/amk_mini_series_banner_00-e1722882178158.webp","type":"image\/webp"}],"twitter_card":"summary_large_image","twitter_site":"@hobby4geek","schema":{"@context":"https:\/\/schema.org","@graph":[{"@type":"WebPage","@id":"https:\/\/hobby4geek.com\/product\/yolopark-amk-mini-series-transformers-generation-one\/","url":"https:\/\/hobby4geek.com\/product\/yolopark-amk-mini-series-transformers-generation-one\/","name":"YOLOPARK: AMK MINI SERIES - Transformers: Generation One - 6 Figuren","isPartOf":{"@id":"https:\/\/hobby4geek.com\/#website"},"primaryImageOfPage":{"@id":"https:\/\/hobby4geek.com\/product\/yolopark-amk-mini-series-transformers-generation-one\/#primaryimage"},"image":{"@id":"https:\/\/hobby4geek.com\/product\/yolopark-amk-mini-series-transformers-generation-one\/#primaryimage"},"thumbnailUrl":"https:\/\/hobby4geek.com\/wp-content\/uploads\/2024\/08\/amk_mini_series_banner_00-e1722882178158.webp","datePublished":"2024-02-05T16:17:32+00:00","dateModified":"2024-08-05T18:46:26+00:00","breadcrumb":{"@id":"https:\/\/hobby4geek.com\/product\/yolopark-amk-mini-series-transformers-generation-one\/#breadcrumb"},"inLanguage":"de","potentialAction":[{"@type":"ReadAction","target":["https:\/\/hobby4geek.com\/product\/yolopark-amk-mini-series-transformers-generation-one\/"]}]},{"@type":"ImageObject","inLanguage":"de","@id":"https:\/\/hobby4geek.com\/product\/yolopark-amk-mini-series-transformers-generation-one\/#primaryimage","url":"https:\/\/hobby4geek.com\/wp-content\/uploads\/2024\/08\/amk_mini_series_banner_00-e1722882178158.webp","contentUrl":"https:\/\/hobby4geek.com\/wp-content\/uploads\/2024\/08\/amk_mini_series_banner_00-e1722882178158.webp","width":1126,"height":1125},{"@type":"BreadcrumbList","@id":"https:\/\/hobby4geek.com\/product\/yolopark-amk-mini-series-transformers-generation-one\/#breadcrumb","itemListElement":[{"@type":"ListItem","position":1,"name":"Home","item":"https:\/\/hobby4geek.com\/"},{"@type":"ListItem","position":2,"name":"Shop","item":"https:\/\/hobby4geek.com\/shop\/"},{"@type":"ListItem","position":3,"name":"YOLOPARK: AMK MINI SERIES &#8211; Transformers: Generation One &#8211; 6 Figures"}]},{"@type":"WebSite","@id":"https:\/\/hobby4geek.com\/#website","url":"https:\/\/hobby4geek.com\/","name":"Hobby4Geek","description":"Sammeln, Spielen &amp; Pr\u00e4sentieren, Umarmung der Geekiness","publisher":{"@id":"https:\/\/hobby4geek.com\/#organization"},"potentialAction":[{"@type":"SearchAction","target":{"@type":"EntryPoint","urlTemplate":"https:\/\/hobby4geek.com\/?s={search_term_string}"},"query-input":{"@type":"PropertyValueSpecification","valueRequired":true,"valueName":"search_term_string"}}],"inLanguage":"de"},{"@type":"Organization","@id":"https:\/\/hobby4geek.com\/#organization","name":"Hobby4Geek","url":"https:\/\/hobby4geek.com\/","logo":{"@type":"ImageObject","inLanguage":"de","@id":"https:\/\/hobby4geek.com\/#\/schema\/logo\/image\/","url":"https:\/\/hobby4geek.com\/wp-content\/uploads\/2023\/02\/default-kit.png","contentUrl":"https:\/\/hobby4geek.com\/wp-content\/uploads\/2023\/02\/default-kit.png","width":600,"height":600,"caption":"Hobby4Geek"},"image":{"@id":"https:\/\/hobby4geek.com\/#\/schema\/logo\/image\/"},"sameAs":["https:\/\/www.facebook.com\/hobby4geek","https:\/\/x.com\/hobby4geek","https:\/\/www.instagram.com\/hobby4geek\/"]}]},"product_brand":"Hasbro","og_availability":"instock","product_availability":"instock","product_retailer_item_id":"4897131750098","product_condition":"new"},"_links":{"self":[{"href":"https:\/\/hobby4geek.com\/de\/wp-json\/wp\/v2\/product\/198587","targetHints":{"allow":["GET"]}}],"collection":[{"href":"https:\/\/hobby4geek.com\/de\/wp-json\/wp\/v2\/product"}],"about":[{"href":"https:\/\/hobby4geek.com\/de\/wp-json\/wp\/v2\/types\/product"}],"replies":[{"embeddable":true,"href":"https:\/\/hobby4geek.com\/de\/wp-json\/wp\/v2\/comments?post=198587"}],"version-history":[{"count":0,"href":"https:\/\/hobby4geek.com\/de\/wp-json\/wp\/v2\/product\/198587\/revisions"}],"wp:featuredmedia":[{"embeddable":true,"href":"https:\/\/hobby4geek.com\/de\/wp-json\/wp\/v2\/media\/198522"}],"wp:attachment":[{"href":"https:\/\/hobby4geek.com\/de\/wp-json\/wp\/v2\/media?parent=198587"}],"wp:term":[{"taxonomy":"product_brand","embeddable":true,"href":"https:\/\/hobby4geek.com\/de\/wp-json\/wp\/v2\/product_brand?post=198587"},{"taxonomy":"product_cat","embeddable":true,"href":"https:\/\/hobby4geek.com\/de\/wp-json\/wp\/v2\/product_cat?post=198587"},{"taxonomy":"product_tag","embeddable":true,"href":"https:\/\/hobby4geek.com\/de\/wp-json\/wp\/v2\/product_tag?post=198587"},{"taxonomy":"giftcard-category","embeddable":true,"href":"https:\/\/hobby4geek.com\/de\/wp-json\/wp\/v2\/giftcard-category?post=198587"}],"curies":[{"name":"wp","href":"https:\/\/api.w.org\/{rel}","templated":true}]}}