{"id":198435,"date":"2024-08-04T15:25:08","date_gmt":"2024-08-04T14:25:08","guid":{"rendered":"https:\/\/hobby4geek.com\/?post_type=product&#038;p=198435"},"modified":"2024-08-04T17:14:57","modified_gmt":"2024-08-04T16:14:57","slug":"threezero-transformers-rise-of-the-beasts-dlx-mirage","status":"publish","type":"product","link":"https:\/\/hobby4geek.com\/de\/produkt\/threezero-transformers-rise-of-the-beasts-dlx-mirage\/","title":{"rendered":"DreiZero - Transformers: Rise of the Beasts DLX Mirage"},"content":{"rendered":"<p>Transformers: Rise of the Beasts DLX Mirage ist eine hochdetaillierte und voll artikulierte Sammelfigur des schnell sprechenden Autobots Mirage. Diese 8\u2033 (20,32 cm) gro\u00dfe Figur besteht aus hochwertigem Kunststoff mit einem Druckguss-Metallrahmen, der f\u00fcr verbesserte Haltbarkeit und eine unglaubliche Bandbreite an Gelenken sorgt, etwa 61 Ponts, die ein dynamisches Posieren und Pr\u00e4sentieren erm\u00f6glichen. Die verwitterte Lackierung f\u00e4ngt die vom Kampf gezeichnete \u00c4sthetik dieses heldenhaften Autobots ein.<\/p>\n<p>Transformers: Rise of the Beasts DLX Mirage ist die erste DLX-Figur von Threezeo, die mit magnetisch gesteuerten LED-Leuchten* ausgestattet ist. Die LED-Beleuchtung der Augen, des Ionen-Blasters, der Brust und der Schultern verleihen der Figur einen beeindruckenden Grad an Realismus und Detailtreue. Eine magnetische Autobot-Logo-H\u00fclle ist im Lieferumfang enthalten, die die Funktionen der LED-Leuchten steuert, indem die Magneth\u00fclle in der N\u00e4he der LED-Leuchten platziert wird und diese ein- und ausgeschaltet werden.<\/p>\n<p>Weiteres Zubeh\u00f6r sind ein Paar Ion Blasters, zwei austauschbare Gesichtsplatten, die sowohl einen l\u00e4chelnden als auch einen normalen Gesichtsausdruck bieten, und vier Paar austauschbare H\u00e4nde (F\u00e4uste, entspannt, Action und Zeigen).<\/p>\n<p>Zus\u00e4tzlich kommt DLX Mirage mit einer 4\u2033 (10,16 cm) gro\u00dfen Figur von Noah D\u00edaz in seinem Exo-Suit mit etwa 12 Gelenkpunkten. Die Exo-Suit Noah D\u00edaz-Figur verf\u00fcgt \u00fcber mehrere Zubeh\u00f6rteile, darunter ein Paar Exo-Suit-Schwerter und ein Paar Exo-Suit-Ion-Blaster, die die denkw\u00fcrdige Szene nachstellen, in der ein verletzter Mirage seine K\u00f6rperteile verwendet, um sich in einen Exo-Suit zu verwandeln, damit Noah an der Seite der Autobots k\u00e4mpfen kann.<\/p>\n<p>TRANSFORMERS und alle dazugeh\u00f6rigen Charaktere sind Markenzeichen von Hasbro und werden mit Genehmigung verwendet. \u00a9 2024 Hasbro. Alle Rechte vorbehalten. \u00a9 2024 Paramount Pictures Corporation. Alle Rechte vorbehalten. Lizensiert durch Hasbro<\/p>","protected":false},"excerpt":{"rendered":"<ul>\n<li>Offiziell lizenziert von Hasbro und TakaraTomy<\/li>\n<li>Ungef\u00e4hr 8 Zoll (20,32 cm) gro\u00df<\/li>\n<li>Enth\u00e4lt eine ca. 10,16 cm (4 Zoll) gro\u00dfe, voll bewegliche Figur von Noah D\u00edaz im Exo-Suit<\/li>\n<li>Magnetisch gesteuerte LED-beleuchtete Augen, Ionen-Blaster, Brust und Schultern*<\/li>\n<li>Technischer Kunststoff mit Metalldruckguss-Rahmenkonstruktion mit ca. 61 Gelenkpunkten<\/li>\n<li>Detaillierter verwitterter Farbauftrag<\/li>\n<li>Zwei austauschbare Faceplates<\/li>\n<\/ul>\n<p>&nbsp;<\/p>\n<p><strong>ZUBEH\u00d6R<\/strong><\/p>\n<p>F\u00fcr 8\" Mirage Figur:<\/p>\n<ul>\n<li>Ein (1) Paar Ion Blasters<\/li>\n<li>Ein (1) magnetisches Geh\u00e4use f\u00fcr LED-Lichtschalter<\/li>\n<li>Zwei (2) austauschbare Faceplates: ein (1) l\u00e4chelnder Ausdruck und ein (1) Standardausdruck<\/li>\n<li>Vier (4) Paare austauschbarer H\u00e4nde: F\u00e4uste, entspannte H\u00e4nde, Aktionsh\u00e4nde und zeigende H\u00e4nde<\/li>\n<li>Ein (1) DLX Action Stand<\/li>\n<\/ul>\n<p>F\u00fcr 4\" Figur von Noah D\u00edaz im Exo-Anzug:<\/p>\n<ul>\n<li>Ein (1) Paar Exo-Suit Sword<\/li>\n<li>Ein (1) Paar Exo-Suit Ion Blaster<\/li>\n<li style=\"list-style-type: none;\">\n<ul>\n<li style=\"list-style-type: none;\"><\/li>\n<\/ul>\n<\/li>\n<\/ul>\n<p>&nbsp;<\/p>\n<p><strong>Bemerkungen<\/strong><\/p>\n<p>* Ben\u00f6tigt AG3-Batterien x 12 (Batterien nicht im Lieferumfang enthalten)<br \/>\nMaterialien<br \/>\nABS, PVC, POM, druckgegossene Zinklegierung<br \/>\nVerpackung Gr\u00f6\u00dfe<br \/>\n~ (B293 x T201 x H100) mm (2 kg)<\/p>\n<ul>\n<li style=\"list-style-type: none;\">\n<ul>\n<li style=\"list-style-type: none;\">\n<ul>\n<li style=\"list-style-type: none;\"><\/li>\n<\/ul>\n<\/li>\n<\/ul>\n<\/li>\n<\/ul>","protected":false},"featured_media":198469,"comment_status":"open","ping_status":"closed","template":"","meta":{"inline_featured_image":false},"product_brand":[],"product_cat":[1955,68,90],"product_tag":[332,199,1976,333,334,335,2631,1936,265,1956,337,770,204,2453,2227],"giftcard-category":[],"class_list":{"0":"post-198435","1":"product","2":"type-product","3":"status-publish","4":"has-post-thumbnail","6":"product_cat-transformers","7":"product_cat-hasbro","8":"product_cat-threezero","9":"product_tag-3a","10":"product_tag-autobot","11":"product_tag-collector-figures","12":"product_tag-dlx-collectible-series","13":"product_tag-film","14":"product_tag-hasbro","15":"product_tag-mdlx-mirage","16":"product_tag-models-co","17":"product_tag-pre-orders","18":"product_tag-rise-of-the-beasts","19":"product_tag-threea","20":"product_tag-threezero","21":"product_tag-transformers","22":"product_tag-transformers-x-threezero","23":"product_tag-transformers-rise-of-the-beasts","24":"product_shipping_class-standard","25":"inventories-france-inventory","27":"first","28":"instock","29":"featured","30":"taxable","31":"shipping-taxable","32":"purchasable","33":"product-type-simple","34":"add-to-wishlist-after_add_to_cart"},"yoast_head":"<!-- This site is optimized with the Yoast SEO Premium plugin v25.3.1 (Yoast SEO v27.2) - https:\/\/yoast.com\/product\/yoast-seo-premium-wordpress\/ -->\n<title>ThreeZero \u2013 Transformers: Rise of the Beasts DLX Mirage<\/title>\n<meta name=\"robots\" content=\"index, follow, max-snippet:-1, max-image-preview:large, max-video-preview:-1\" \/>\n<link rel=\"canonical\" href=\"https:\/\/hobby4geek.com\/de\/produkt\/threezero-transformers-rise-of-the-beasts-dlx-mirage\/\" \/>\n<meta property=\"og:locale\" content=\"de_DE\" \/>\n<meta property=\"og:type\" content=\"article\" \/>\n<meta property=\"og:title\" content=\"ThreeZero \u2013 Transformers: Rise of the Beasts DLX Mirage\" \/>\n<meta property=\"og:description\" content=\"Officially Licensed by Hasbro and TakaraTomy  Approximately 8 inches (20.32 cm) tall  Includes approximately 4 inches (10.16 cm) tall fully-articulated figure of Noah D\u00edaz in Exo-Suit  Magnetically controlled LED illuminated eyes, Ion Blaster, chest, and shoulders*  Engineering grade plastics with die-cast metal frame design with approximately 61 points of articulation  Detailed weathered paint application  Two interchangeable faceplates  &nbsp;  ACCESSORIES  For 8\u201d Mirage figure:   One (1) pair of Ion Blasters  One (1) Magnetic Case for LED light switch  Two (2) interchangeable faceplates: one (1) smiling expression and one (1) standard expression  Four (4) pairs of interchangeable hands: fists, relaxed hands, action hands, and pointing hands  One (1) DLX Action Stand  For 4\u201d figure of Noah D\u00edaz in Exo-Suit:   One (1) pair of Exo-Suit Sword  One (1) pair of Exo-Suit Ion Blaster         &nbsp;  Remarks  * Requires AG3 batteries x 12 (Batteries Not Included) Materials ABS, PVC, POM, die-cast zinc alloy Packaging Size ~ (W293 x D201 x H100) mm (2 kg)\" \/>\n<meta property=\"og:url\" content=\"https:\/\/hobby4geek.com\/de\/produkt\/threezero-transformers-rise-of-the-beasts-dlx-mirage\/\" \/>\n<meta property=\"og:site_name\" content=\"Hobby4Geek\" \/>\n<meta property=\"article:publisher\" content=\"https:\/\/www.facebook.com\/hobby4geek\" \/>\n<meta property=\"article:modified_time\" content=\"2024-08-04T16:14:57+00:00\" \/>\n<meta property=\"og:image\" content=\"https:\/\/hobby4geek.com\/wp-content\/uploads\/2024\/08\/hr_3z05640w0_b-scaled.jpg\" \/>\n\t<meta property=\"og:image:width\" content=\"1638\" \/>\n\t<meta property=\"og:image:height\" content=\"2048\" \/>\n\t<meta property=\"og:image:type\" content=\"image\/jpeg\" \/>\n<meta name=\"twitter:card\" content=\"summary_large_image\" \/>\n<meta name=\"twitter:site\" content=\"@hobby4geek\" \/>\n<script type=\"application\/ld+json\" class=\"yoast-schema-graph\">{\"@context\":\"https:\/\/schema.org\",\"@graph\":[{\"@type\":\"WebPage\",\"@id\":\"https:\/\/hobby4geek.com\/product\/threezero-transformers-rise-of-the-beasts-dlx-mirage\/\",\"url\":\"https:\/\/hobby4geek.com\/product\/threezero-transformers-rise-of-the-beasts-dlx-mirage\/\",\"name\":\"ThreeZero \u2013 Transformers: Rise of the Beasts DLX Mirage\",\"isPartOf\":{\"@id\":\"https:\/\/hobby4geek.com\/#website\"},\"primaryImageOfPage\":{\"@id\":\"https:\/\/hobby4geek.com\/product\/threezero-transformers-rise-of-the-beasts-dlx-mirage\/#primaryimage\"},\"image\":{\"@id\":\"https:\/\/hobby4geek.com\/product\/threezero-transformers-rise-of-the-beasts-dlx-mirage\/#primaryimage\"},\"thumbnailUrl\":\"https:\/\/hobby4geek.com\/wp-content\/uploads\/2024\/08\/hr_3z05640w0_b-scaled.jpg\",\"datePublished\":\"2024-08-04T14:25:08+00:00\",\"dateModified\":\"2024-08-04T16:14:57+00:00\",\"breadcrumb\":{\"@id\":\"https:\/\/hobby4geek.com\/product\/threezero-transformers-rise-of-the-beasts-dlx-mirage\/#breadcrumb\"},\"inLanguage\":\"de\",\"potentialAction\":[{\"@type\":\"ReadAction\",\"target\":[\"https:\/\/hobby4geek.com\/product\/threezero-transformers-rise-of-the-beasts-dlx-mirage\/\"]}]},{\"@type\":\"ImageObject\",\"inLanguage\":\"de\",\"@id\":\"https:\/\/hobby4geek.com\/product\/threezero-transformers-rise-of-the-beasts-dlx-mirage\/#primaryimage\",\"url\":\"https:\/\/hobby4geek.com\/wp-content\/uploads\/2024\/08\/hr_3z05640w0_b-scaled.jpg\",\"contentUrl\":\"https:\/\/hobby4geek.com\/wp-content\/uploads\/2024\/08\/hr_3z05640w0_b-scaled.jpg\",\"width\":1638,\"height\":2048},{\"@type\":\"BreadcrumbList\",\"@id\":\"https:\/\/hobby4geek.com\/product\/threezero-transformers-rise-of-the-beasts-dlx-mirage\/#breadcrumb\",\"itemListElement\":[{\"@type\":\"ListItem\",\"position\":1,\"name\":\"Home\",\"item\":\"https:\/\/hobby4geek.com\/\"},{\"@type\":\"ListItem\",\"position\":2,\"name\":\"Shop\",\"item\":\"https:\/\/hobby4geek.com\/shop\/\"},{\"@type\":\"ListItem\",\"position\":3,\"name\":\"ThreeZero \u2013 Transformers: Rise of the Beasts DLX Mirage\"}]},{\"@type\":\"WebSite\",\"@id\":\"https:\/\/hobby4geek.com\/#website\",\"url\":\"https:\/\/hobby4geek.com\/\",\"name\":\"Hobby4Geek\",\"description\":\"Collect, Play &amp; Showcase, Embrace your Geekiness\",\"publisher\":{\"@id\":\"https:\/\/hobby4geek.com\/#organization\"},\"potentialAction\":[{\"@type\":\"SearchAction\",\"target\":{\"@type\":\"EntryPoint\",\"urlTemplate\":\"https:\/\/hobby4geek.com\/?s={search_term_string}\"},\"query-input\":{\"@type\":\"PropertyValueSpecification\",\"valueRequired\":true,\"valueName\":\"search_term_string\"}}],\"inLanguage\":\"de\"},{\"@type\":\"Organization\",\"@id\":\"https:\/\/hobby4geek.com\/#organization\",\"name\":\"Hobby4Geek\",\"url\":\"https:\/\/hobby4geek.com\/\",\"logo\":{\"@type\":\"ImageObject\",\"inLanguage\":\"de\",\"@id\":\"https:\/\/hobby4geek.com\/#\/schema\/logo\/image\/\",\"url\":\"https:\/\/hobby4geek.com\/wp-content\/uploads\/2023\/02\/default-kit.png\",\"contentUrl\":\"https:\/\/hobby4geek.com\/wp-content\/uploads\/2023\/02\/default-kit.png\",\"width\":600,\"height\":600,\"caption\":\"Hobby4Geek\"},\"image\":{\"@id\":\"https:\/\/hobby4geek.com\/#\/schema\/logo\/image\/\"},\"sameAs\":[\"https:\/\/www.facebook.com\/hobby4geek\",\"https:\/\/x.com\/hobby4geek\",\"https:\/\/www.instagram.com\/hobby4geek\/\"]}]}<\/script>\n<meta property=\"product:brand\" content=\"Transformers\" \/>\n<meta property=\"product:price:amount\" content=\"228.00\" \/>\n<meta property=\"product:price:currency\" content=\"EUR\" \/>\n<meta property=\"og:availability\" content=\"instock\" \/>\n<meta property=\"product:availability\" content=\"instock\" \/>\n<meta property=\"product:retailer_item_id\" content=\"4895250813717\" \/>\n<meta property=\"product:condition\" content=\"new\" \/>\n<!-- \/ Yoast SEO Premium plugin. -->","yoast_head_json":{"title":"DreiZero - Transformers: Rise of the Beasts DLX Mirage","robots":{"index":"index","follow":"follow","max-snippet":"max-snippet:-1","max-image-preview":"max-image-preview:large","max-video-preview":"max-video-preview:-1"},"canonical":"https:\/\/hobby4geek.com\/de\/produkt\/threezero-transformers-rise-of-the-beasts-dlx-mirage\/","og_locale":"de_DE","og_type":"article","og_title":"ThreeZero \u2013 Transformers: Rise of the Beasts DLX Mirage","og_description":"Officially Licensed by Hasbro and TakaraTomy  Approximately 8 inches (20.32 cm) tall  Includes approximately 4 inches (10.16 cm) tall fully-articulated figure of Noah D\u00edaz in Exo-Suit  Magnetically controlled LED illuminated eyes, Ion Blaster, chest, and shoulders*  Engineering grade plastics with die-cast metal frame design with approximately 61 points of articulation  Detailed weathered paint application  Two interchangeable faceplates  &nbsp;  ACCESSORIES  For 8\u201d Mirage figure:   One (1) pair of Ion Blasters  One (1) Magnetic Case for LED light switch  Two (2) interchangeable faceplates: one (1) smiling expression and one (1) standard expression  Four (4) pairs of interchangeable hands: fists, relaxed hands, action hands, and pointing hands  One (1) DLX Action Stand  For 4\u201d figure of Noah D\u00edaz in Exo-Suit:   One (1) pair of Exo-Suit Sword  One (1) pair of Exo-Suit Ion Blaster         &nbsp;  Remarks  * Requires AG3 batteries x 12 (Batteries Not Included) Materials ABS, PVC, POM, die-cast zinc alloy Packaging Size ~ (W293 x D201 x H100) mm (2 kg)","og_url":"https:\/\/hobby4geek.com\/de\/produkt\/threezero-transformers-rise-of-the-beasts-dlx-mirage\/","og_site_name":"Hobby4Geek","article_publisher":"https:\/\/www.facebook.com\/hobby4geek","article_modified_time":"2024-08-04T16:14:57+00:00","og_image":[{"width":1638,"height":2048,"url":"https:\/\/hobby4geek.com\/wp-content\/uploads\/2024\/08\/hr_3z05640w0_b-scaled.jpg","type":"image\/jpeg"}],"twitter_card":"summary_large_image","twitter_site":"@hobby4geek","schema":{"@context":"https:\/\/schema.org","@graph":[{"@type":"WebPage","@id":"https:\/\/hobby4geek.com\/product\/threezero-transformers-rise-of-the-beasts-dlx-mirage\/","url":"https:\/\/hobby4geek.com\/product\/threezero-transformers-rise-of-the-beasts-dlx-mirage\/","name":"DreiZero - Transformers: Rise of the Beasts DLX Mirage","isPartOf":{"@id":"https:\/\/hobby4geek.com\/#website"},"primaryImageOfPage":{"@id":"https:\/\/hobby4geek.com\/product\/threezero-transformers-rise-of-the-beasts-dlx-mirage\/#primaryimage"},"image":{"@id":"https:\/\/hobby4geek.com\/product\/threezero-transformers-rise-of-the-beasts-dlx-mirage\/#primaryimage"},"thumbnailUrl":"https:\/\/hobby4geek.com\/wp-content\/uploads\/2024\/08\/hr_3z05640w0_b-scaled.jpg","datePublished":"2024-08-04T14:25:08+00:00","dateModified":"2024-08-04T16:14:57+00:00","breadcrumb":{"@id":"https:\/\/hobby4geek.com\/product\/threezero-transformers-rise-of-the-beasts-dlx-mirage\/#breadcrumb"},"inLanguage":"de","potentialAction":[{"@type":"ReadAction","target":["https:\/\/hobby4geek.com\/product\/threezero-transformers-rise-of-the-beasts-dlx-mirage\/"]}]},{"@type":"ImageObject","inLanguage":"de","@id":"https:\/\/hobby4geek.com\/product\/threezero-transformers-rise-of-the-beasts-dlx-mirage\/#primaryimage","url":"https:\/\/hobby4geek.com\/wp-content\/uploads\/2024\/08\/hr_3z05640w0_b-scaled.jpg","contentUrl":"https:\/\/hobby4geek.com\/wp-content\/uploads\/2024\/08\/hr_3z05640w0_b-scaled.jpg","width":1638,"height":2048},{"@type":"BreadcrumbList","@id":"https:\/\/hobby4geek.com\/product\/threezero-transformers-rise-of-the-beasts-dlx-mirage\/#breadcrumb","itemListElement":[{"@type":"ListItem","position":1,"name":"Home","item":"https:\/\/hobby4geek.com\/"},{"@type":"ListItem","position":2,"name":"Shop","item":"https:\/\/hobby4geek.com\/shop\/"},{"@type":"ListItem","position":3,"name":"ThreeZero \u2013 Transformers: Rise of the Beasts DLX Mirage"}]},{"@type":"WebSite","@id":"https:\/\/hobby4geek.com\/#website","url":"https:\/\/hobby4geek.com\/","name":"Hobby4Geek","description":"Sammeln, Spielen &amp; Pr\u00e4sentieren, Umarmung der Geekiness","publisher":{"@id":"https:\/\/hobby4geek.com\/#organization"},"potentialAction":[{"@type":"SearchAction","target":{"@type":"EntryPoint","urlTemplate":"https:\/\/hobby4geek.com\/?s={search_term_string}"},"query-input":{"@type":"PropertyValueSpecification","valueRequired":true,"valueName":"search_term_string"}}],"inLanguage":"de"},{"@type":"Organization","@id":"https:\/\/hobby4geek.com\/#organization","name":"Hobby4Geek","url":"https:\/\/hobby4geek.com\/","logo":{"@type":"ImageObject","inLanguage":"de","@id":"https:\/\/hobby4geek.com\/#\/schema\/logo\/image\/","url":"https:\/\/hobby4geek.com\/wp-content\/uploads\/2023\/02\/default-kit.png","contentUrl":"https:\/\/hobby4geek.com\/wp-content\/uploads\/2023\/02\/default-kit.png","width":600,"height":600,"caption":"Hobby4Geek"},"image":{"@id":"https:\/\/hobby4geek.com\/#\/schema\/logo\/image\/"},"sameAs":["https:\/\/www.facebook.com\/hobby4geek","https:\/\/x.com\/hobby4geek","https:\/\/www.instagram.com\/hobby4geek\/"]}]},"product_brand":"Transformers","product_price_amount":"228.00","product_price_currency":"EUR","og_availability":"instock","product_availability":"instock","product_retailer_item_id":"4895250813717","product_condition":"new"},"_links":{"self":[{"href":"https:\/\/hobby4geek.com\/de\/wp-json\/wp\/v2\/product\/198435","targetHints":{"allow":["GET"]}}],"collection":[{"href":"https:\/\/hobby4geek.com\/de\/wp-json\/wp\/v2\/product"}],"about":[{"href":"https:\/\/hobby4geek.com\/de\/wp-json\/wp\/v2\/types\/product"}],"replies":[{"embeddable":true,"href":"https:\/\/hobby4geek.com\/de\/wp-json\/wp\/v2\/comments?post=198435"}],"version-history":[{"count":0,"href":"https:\/\/hobby4geek.com\/de\/wp-json\/wp\/v2\/product\/198435\/revisions"}],"wp:featuredmedia":[{"embeddable":true,"href":"https:\/\/hobby4geek.com\/de\/wp-json\/wp\/v2\/media\/198469"}],"wp:attachment":[{"href":"https:\/\/hobby4geek.com\/de\/wp-json\/wp\/v2\/media?parent=198435"}],"wp:term":[{"taxonomy":"product_brand","embeddable":true,"href":"https:\/\/hobby4geek.com\/de\/wp-json\/wp\/v2\/product_brand?post=198435"},{"taxonomy":"product_cat","embeddable":true,"href":"https:\/\/hobby4geek.com\/de\/wp-json\/wp\/v2\/product_cat?post=198435"},{"taxonomy":"product_tag","embeddable":true,"href":"https:\/\/hobby4geek.com\/de\/wp-json\/wp\/v2\/product_tag?post=198435"},{"taxonomy":"giftcard-category","embeddable":true,"href":"https:\/\/hobby4geek.com\/de\/wp-json\/wp\/v2\/giftcard-category?post=198435"}],"curies":[{"name":"wp","href":"https:\/\/api.w.org\/{rel}","templated":true}]}}