{"id":198203,"date":"2024-02-02T09:26:01","date_gmt":"2024-02-02T08:26:01","guid":{"rendered":"https:\/\/hobby4geek.com\/?post_type=product&#038;p=198203"},"modified":"2024-07-12T09:44:40","modified_gmt":"2024-07-12T08:44:40","slug":"star-wars-the-black-series-episode-i-droideka-destroyer-droid","status":"publish","type":"product","link":"https:\/\/hobby4geek.com\/de\/produkt\/star-wars-the-black-series-episode-i-droideka-destroyer-droid\/","title":{"rendered":"Star Wars: The Black Series - Episode I: Droideka Zerst\u00f6rer-Droide"},"content":{"rendered":"<p>DESTRO DROID DROIDEKA: Die mit Zwillingsarmkanonen ausgestatteten Droidekas sind Zerst\u00f6rungsdroiden, die nur einem Zweck dienen: der Vernichtung.<\/p>\n<p>Star Wars The Black Series enth\u00e4lt 6-Zoll-Figuren, Fahrzeuge und Cosplay-Artikel, die von \u00fcber 40 Jahren Star Wars Galaxie inspiriert sind. Mit ihrem hochwertigen Design entsprechen die Artikel dieser Kollektion der Qualit\u00e4t und dem Realismus, den Star Wars Fans erwarten. M\u00f6ge die Macht mit dir sein! (Zus\u00e4tzliche Produkte sind jeweils separat erh\u00e4ltlich, vorbehaltlich der Verf\u00fcgbarkeit).<\/p>","protected":false},"excerpt":{"rendered":"<ul>\n<li>Star Wars: The Black Series<\/li>\n<li>Droide aus Star Wars: Episode I<\/li>\n<li>Mit hochwertigen Details<\/li>\n<li>Mehrere Artikulationspunkte<\/li>\n<\/ul>","protected":false},"featured_media":198213,"comment_status":"open","ping_status":"closed","template":"","meta":{"inline_featured_image":false},"product_brand":[],"product_cat":[68,2005],"product_tag":[1759,2628,2627,2626,2008,2009,1975],"giftcard-category":[],"class_list":{"0":"post-198203","1":"product","2":"type-product","3":"status-publish","4":"has-post-thumbnail","6":"product_cat-hasbro","7":"product_cat-star-wars","8":"product_tag-action-toys","9":"product_tag-destroyer-droid","10":"product_tag-droideka","11":"product_tag-episode-i","12":"product_tag-star-wars","13":"product_tag-the-black-series","14":"product_tag-toys-figures","15":"product_shipping_class-light","17":"first","18":"outofstock","19":"taxable","20":"shipping-taxable","21":"purchasable","22":"product-type-simple","23":"add-to-wishlist-after_add_to_cart"},"yoast_head":"<!-- This site is optimized with the Yoast SEO Premium plugin v25.3.1 (Yoast SEO v27.2) - https:\/\/yoast.com\/product\/yoast-seo-premium-wordpress\/ -->\n<title>Star Wars: The Black Series - Episode I: Droideka Destroyer Droid<\/title>\n<meta name=\"robots\" content=\"index, follow, max-snippet:-1, max-image-preview:large, max-video-preview:-1\" \/>\n<link rel=\"canonical\" href=\"https:\/\/hobby4geek.com\/de\/produkt\/star-wars-the-black-series-episode-i-droideka-destroyer-droid\/\" \/>\n<meta property=\"og:locale\" content=\"de_DE\" \/>\n<meta property=\"og:type\" content=\"article\" \/>\n<meta property=\"og:title\" content=\"Star Wars: The Black Series - Episode I: Droideka Destroyer Droid\" \/>\n<meta property=\"og:description\" content=\"Star Wars: The Black Series  Droid from Star Wars: Episode I  Featuring premium detail  Multiple points of articulation\" \/>\n<meta property=\"og:url\" content=\"https:\/\/hobby4geek.com\/de\/produkt\/star-wars-the-black-series-episode-i-droideka-destroyer-droid\/\" \/>\n<meta property=\"og:site_name\" content=\"Hobby4Geek\" \/>\n<meta property=\"article:publisher\" content=\"https:\/\/www.facebook.com\/hobby4geek\" \/>\n<meta property=\"article:modified_time\" content=\"2024-07-12T08:44:40+00:00\" \/>\n<meta property=\"og:image\" content=\"https:\/\/hobby4geek.com\/wp-content\/uploads\/2024\/02\/hr_hasf9546_g-scaled.jpg\" \/>\n\t<meta property=\"og:image:width\" content=\"2048\" \/>\n\t<meta property=\"og:image:height\" content=\"2048\" \/>\n\t<meta property=\"og:image:type\" content=\"image\/jpeg\" \/>\n<meta name=\"twitter:card\" content=\"summary_large_image\" \/>\n<meta name=\"twitter:site\" content=\"@hobby4geek\" \/>\n<script type=\"application\/ld+json\" class=\"yoast-schema-graph\">{\"@context\":\"https:\/\/schema.org\",\"@graph\":[{\"@type\":\"WebPage\",\"@id\":\"https:\/\/hobby4geek.com\/product\/star-wars-the-black-series-episode-i-droideka-destroyer-droid\/\",\"url\":\"https:\/\/hobby4geek.com\/product\/star-wars-the-black-series-episode-i-droideka-destroyer-droid\/\",\"name\":\"Star Wars: The Black Series - Episode I: Droideka Destroyer Droid\",\"isPartOf\":{\"@id\":\"https:\/\/hobby4geek.com\/#website\"},\"primaryImageOfPage\":{\"@id\":\"https:\/\/hobby4geek.com\/product\/star-wars-the-black-series-episode-i-droideka-destroyer-droid\/#primaryimage\"},\"image\":{\"@id\":\"https:\/\/hobby4geek.com\/product\/star-wars-the-black-series-episode-i-droideka-destroyer-droid\/#primaryimage\"},\"thumbnailUrl\":\"https:\/\/hobby4geek.com\/wp-content\/uploads\/2024\/02\/hr_hasf9546_g-scaled.jpg\",\"datePublished\":\"2024-02-02T08:26:01+00:00\",\"dateModified\":\"2024-07-12T08:44:40+00:00\",\"breadcrumb\":{\"@id\":\"https:\/\/hobby4geek.com\/product\/star-wars-the-black-series-episode-i-droideka-destroyer-droid\/#breadcrumb\"},\"inLanguage\":\"de\",\"potentialAction\":[{\"@type\":\"ReadAction\",\"target\":[\"https:\/\/hobby4geek.com\/product\/star-wars-the-black-series-episode-i-droideka-destroyer-droid\/\"]}]},{\"@type\":\"ImageObject\",\"inLanguage\":\"de\",\"@id\":\"https:\/\/hobby4geek.com\/product\/star-wars-the-black-series-episode-i-droideka-destroyer-droid\/#primaryimage\",\"url\":\"https:\/\/hobby4geek.com\/wp-content\/uploads\/2024\/02\/hr_hasf9546_g-scaled.jpg\",\"contentUrl\":\"https:\/\/hobby4geek.com\/wp-content\/uploads\/2024\/02\/hr_hasf9546_g-scaled.jpg\",\"width\":2048,\"height\":2048},{\"@type\":\"BreadcrumbList\",\"@id\":\"https:\/\/hobby4geek.com\/product\/star-wars-the-black-series-episode-i-droideka-destroyer-droid\/#breadcrumb\",\"itemListElement\":[{\"@type\":\"ListItem\",\"position\":1,\"name\":\"Home\",\"item\":\"https:\/\/hobby4geek.com\/\"},{\"@type\":\"ListItem\",\"position\":2,\"name\":\"Shop\",\"item\":\"https:\/\/hobby4geek.com\/shop\/\"},{\"@type\":\"ListItem\",\"position\":3,\"name\":\"Star Wars: The Black Series &#8211; Episode I: Droideka Destroyer Droid\"}]},{\"@type\":\"WebSite\",\"@id\":\"https:\/\/hobby4geek.com\/#website\",\"url\":\"https:\/\/hobby4geek.com\/\",\"name\":\"Hobby4Geek\",\"description\":\"Collect, Play &amp; Showcase, Embrace your Geekiness\",\"publisher\":{\"@id\":\"https:\/\/hobby4geek.com\/#organization\"},\"potentialAction\":[{\"@type\":\"SearchAction\",\"target\":{\"@type\":\"EntryPoint\",\"urlTemplate\":\"https:\/\/hobby4geek.com\/?s={search_term_string}\"},\"query-input\":{\"@type\":\"PropertyValueSpecification\",\"valueRequired\":true,\"valueName\":\"search_term_string\"}}],\"inLanguage\":\"de\"},{\"@type\":\"Organization\",\"@id\":\"https:\/\/hobby4geek.com\/#organization\",\"name\":\"Hobby4Geek\",\"url\":\"https:\/\/hobby4geek.com\/\",\"logo\":{\"@type\":\"ImageObject\",\"inLanguage\":\"de\",\"@id\":\"https:\/\/hobby4geek.com\/#\/schema\/logo\/image\/\",\"url\":\"https:\/\/hobby4geek.com\/wp-content\/uploads\/2023\/02\/default-kit.png\",\"contentUrl\":\"https:\/\/hobby4geek.com\/wp-content\/uploads\/2023\/02\/default-kit.png\",\"width\":600,\"height\":600,\"caption\":\"Hobby4Geek\"},\"image\":{\"@id\":\"https:\/\/hobby4geek.com\/#\/schema\/logo\/image\/\"},\"sameAs\":[\"https:\/\/www.facebook.com\/hobby4geek\",\"https:\/\/x.com\/hobby4geek\",\"https:\/\/www.instagram.com\/hobby4geek\/\"]}]}<\/script>\n<meta property=\"product:brand\" content=\"Hasbro\" \/>\n<meta property=\"product:price:amount\" content=\"39.80\" \/>\n<meta property=\"product:price:currency\" content=\"EUR\" \/>\n<meta property=\"og:availability\" content=\"out of stock\" \/>\n<meta property=\"product:availability\" content=\"out of stock\" \/>\n<meta property=\"product:retailer_item_id\" content=\"5010996203724\" \/>\n<meta property=\"product:condition\" content=\"new\" \/>\n<!-- \/ Yoast SEO Premium plugin. -->","yoast_head_json":{"title":"Star Wars: The Black Series - Episode I: Droideka Zerst\u00f6rer-Droide","robots":{"index":"index","follow":"follow","max-snippet":"max-snippet:-1","max-image-preview":"max-image-preview:large","max-video-preview":"max-video-preview:-1"},"canonical":"https:\/\/hobby4geek.com\/de\/produkt\/star-wars-the-black-series-episode-i-droideka-destroyer-droid\/","og_locale":"de_DE","og_type":"article","og_title":"Star Wars: The Black Series - Episode I: Droideka Destroyer Droid","og_description":"Star Wars: The Black Series  Droid from Star Wars: Episode I  Featuring premium detail  Multiple points of articulation","og_url":"https:\/\/hobby4geek.com\/de\/produkt\/star-wars-the-black-series-episode-i-droideka-destroyer-droid\/","og_site_name":"Hobby4Geek","article_publisher":"https:\/\/www.facebook.com\/hobby4geek","article_modified_time":"2024-07-12T08:44:40+00:00","og_image":[{"width":2048,"height":2048,"url":"https:\/\/hobby4geek.com\/wp-content\/uploads\/2024\/02\/hr_hasf9546_g-scaled.jpg","type":"image\/jpeg"}],"twitter_card":"summary_large_image","twitter_site":"@hobby4geek","schema":{"@context":"https:\/\/schema.org","@graph":[{"@type":"WebPage","@id":"https:\/\/hobby4geek.com\/product\/star-wars-the-black-series-episode-i-droideka-destroyer-droid\/","url":"https:\/\/hobby4geek.com\/product\/star-wars-the-black-series-episode-i-droideka-destroyer-droid\/","name":"Star Wars: The Black Series - Episode I: Droideka Zerst\u00f6rer-Droide","isPartOf":{"@id":"https:\/\/hobby4geek.com\/#website"},"primaryImageOfPage":{"@id":"https:\/\/hobby4geek.com\/product\/star-wars-the-black-series-episode-i-droideka-destroyer-droid\/#primaryimage"},"image":{"@id":"https:\/\/hobby4geek.com\/product\/star-wars-the-black-series-episode-i-droideka-destroyer-droid\/#primaryimage"},"thumbnailUrl":"https:\/\/hobby4geek.com\/wp-content\/uploads\/2024\/02\/hr_hasf9546_g-scaled.jpg","datePublished":"2024-02-02T08:26:01+00:00","dateModified":"2024-07-12T08:44:40+00:00","breadcrumb":{"@id":"https:\/\/hobby4geek.com\/product\/star-wars-the-black-series-episode-i-droideka-destroyer-droid\/#breadcrumb"},"inLanguage":"de","potentialAction":[{"@type":"ReadAction","target":["https:\/\/hobby4geek.com\/product\/star-wars-the-black-series-episode-i-droideka-destroyer-droid\/"]}]},{"@type":"ImageObject","inLanguage":"de","@id":"https:\/\/hobby4geek.com\/product\/star-wars-the-black-series-episode-i-droideka-destroyer-droid\/#primaryimage","url":"https:\/\/hobby4geek.com\/wp-content\/uploads\/2024\/02\/hr_hasf9546_g-scaled.jpg","contentUrl":"https:\/\/hobby4geek.com\/wp-content\/uploads\/2024\/02\/hr_hasf9546_g-scaled.jpg","width":2048,"height":2048},{"@type":"BreadcrumbList","@id":"https:\/\/hobby4geek.com\/product\/star-wars-the-black-series-episode-i-droideka-destroyer-droid\/#breadcrumb","itemListElement":[{"@type":"ListItem","position":1,"name":"Home","item":"https:\/\/hobby4geek.com\/"},{"@type":"ListItem","position":2,"name":"Shop","item":"https:\/\/hobby4geek.com\/shop\/"},{"@type":"ListItem","position":3,"name":"Star Wars: The Black Series &#8211; Episode I: Droideka Destroyer Droid"}]},{"@type":"WebSite","@id":"https:\/\/hobby4geek.com\/#website","url":"https:\/\/hobby4geek.com\/","name":"Hobby4Geek","description":"Sammeln, Spielen &amp; Pr\u00e4sentieren, Umarmung der Geekiness","publisher":{"@id":"https:\/\/hobby4geek.com\/#organization"},"potentialAction":[{"@type":"SearchAction","target":{"@type":"EntryPoint","urlTemplate":"https:\/\/hobby4geek.com\/?s={search_term_string}"},"query-input":{"@type":"PropertyValueSpecification","valueRequired":true,"valueName":"search_term_string"}}],"inLanguage":"de"},{"@type":"Organization","@id":"https:\/\/hobby4geek.com\/#organization","name":"Hobby4Geek","url":"https:\/\/hobby4geek.com\/","logo":{"@type":"ImageObject","inLanguage":"de","@id":"https:\/\/hobby4geek.com\/#\/schema\/logo\/image\/","url":"https:\/\/hobby4geek.com\/wp-content\/uploads\/2023\/02\/default-kit.png","contentUrl":"https:\/\/hobby4geek.com\/wp-content\/uploads\/2023\/02\/default-kit.png","width":600,"height":600,"caption":"Hobby4Geek"},"image":{"@id":"https:\/\/hobby4geek.com\/#\/schema\/logo\/image\/"},"sameAs":["https:\/\/www.facebook.com\/hobby4geek","https:\/\/x.com\/hobby4geek","https:\/\/www.instagram.com\/hobby4geek\/"]}]},"product_brand":"Hasbro","product_price_amount":"39.80","product_price_currency":"EUR","og_availability":"out of stock","product_availability":"out of stock","product_retailer_item_id":"5010996203724","product_condition":"new"},"_links":{"self":[{"href":"https:\/\/hobby4geek.com\/de\/wp-json\/wp\/v2\/product\/198203","targetHints":{"allow":["GET"]}}],"collection":[{"href":"https:\/\/hobby4geek.com\/de\/wp-json\/wp\/v2\/product"}],"about":[{"href":"https:\/\/hobby4geek.com\/de\/wp-json\/wp\/v2\/types\/product"}],"replies":[{"embeddable":true,"href":"https:\/\/hobby4geek.com\/de\/wp-json\/wp\/v2\/comments?post=198203"}],"version-history":[{"count":0,"href":"https:\/\/hobby4geek.com\/de\/wp-json\/wp\/v2\/product\/198203\/revisions"}],"wp:featuredmedia":[{"embeddable":true,"href":"https:\/\/hobby4geek.com\/de\/wp-json\/wp\/v2\/media\/198213"}],"wp:attachment":[{"href":"https:\/\/hobby4geek.com\/de\/wp-json\/wp\/v2\/media?parent=198203"}],"wp:term":[{"taxonomy":"product_brand","embeddable":true,"href":"https:\/\/hobby4geek.com\/de\/wp-json\/wp\/v2\/product_brand?post=198203"},{"taxonomy":"product_cat","embeddable":true,"href":"https:\/\/hobby4geek.com\/de\/wp-json\/wp\/v2\/product_cat?post=198203"},{"taxonomy":"product_tag","embeddable":true,"href":"https:\/\/hobby4geek.com\/de\/wp-json\/wp\/v2\/product_tag?post=198203"},{"taxonomy":"giftcard-category","embeddable":true,"href":"https:\/\/hobby4geek.com\/de\/wp-json\/wp\/v2\/giftcard-category?post=198203"}],"curies":[{"name":"wp","href":"https:\/\/api.w.org\/{rel}","templated":true}]}}