{"id":198166,"date":"2024-07-08T22:17:04","date_gmt":"2024-07-08T21:17:04","guid":{"rendered":"https:\/\/hobby4geek.com\/?post_type=product&#038;p=198166"},"modified":"2025-04-05T10:58:55","modified_gmt":"2025-04-05T09:58:55","slug":"transformers-legacy-united-g1-universe-quake","status":"publish","type":"product","link":"https:\/\/hobby4geek.com\/de\/produkt\/transformers-legacy-united-g1-universe-quake\/","title":{"rendered":"Transformers: Legacy United - G1 Universe: Quake"},"content":{"rendered":"<p><span data-contrast=\"auto\">Vereinige deine Lieblingscharaktere aus der ganzen Welt der Transformers-Roboter in deiner Sammlung mit der Transformers Legacy United Deluxe Class G1 Universe Quake Actionfigur! Diese 5,5-Zoll-G1-Universum-Quake-Actionfigur l\u00e4sst sich in 24 Schritten zwischen Roboter- und Panzermodus umwandeln. Mach dich mit der mitgelieferten Targemaster G1 Universe Tiptop Figur und der Targetmaster G1 Universe Heater Figur f\u00fcr den Kampf bereit. Die G1 Universe Quake-Figur ist von der Figur aus der Zeichentrickserie Transformers: Transformers G1 inspiriert und verf\u00fcgt \u00fcber einen beweglichen Kopf, Arme und Beine f\u00fcr fantastische Action-Posen. Feiern Sie die letzten 40 Jahre der Transformers-Geschichte mit den Transformers Legacy-Actionfiguren. Transformers Legacy \u00f6ffnet das Tor zu einem ganz neuen Universum von - More Than Meets the Eye - und bringt alle Transformers-Generationen zusammen, wie du es noch nie zuvor gesehen hast. Sammle und kombiniere verschiedene Figuren, um deine ideale Legacy-Besetzung zusammenzustellen.\u00a0\u00a0<\/span><\/p>\n<p><span data-contrast=\"auto\">Enth\u00e4lt eine Figur, 2 Zubeh\u00f6rteile und eine Anleitung.\u00a0<\/span><\/p>\n<ul>\n<li><span data-contrast=\"none\">G1 UNIVERSUM BEBEN<\/span><span data-contrast=\"none\">\u00a0AKTIONSFIGUR: Diese 14 cm (5,5-inch) gro\u00dfe Quake-Actionfigur ist von der Deko und den Details des Spiels inspiriert.\u00a0<\/span><span data-contrast=\"none\">Transformers\u00a0<\/span><span data-contrast=\"none\">G1-Zeichentrickserie<\/span><span data-ccp-props=\"{}\">\u00a0<\/span><\/li>\n<\/ul>\n<ul>\n<li><span data-contrast=\"none\">2-IN-1 UMWANDELBARES TRANSFORMERSPIEL: Die Transformers-Actionfigur l\u00e4sst sich vom Roboterspielzeug in ein\u00a0<\/span><span data-contrast=\"none\">Tank<\/span><span data-contrast=\"none\">\u00a0Spielzeug in\u00a0<\/span><span data-contrast=\"none\">24<\/span><span data-contrast=\"none\">\u00a0Schritte<\/span><span data-ccp-props=\"{}\">\u00a0<\/span><\/li>\n<\/ul>\n<ul>\n<li><span data-contrast=\"none\">FANTASTISCHES ZUBEH\u00d6R: Diese\u00a0<\/span><span data-contrast=\"none\">G1 Universum Quake<\/span><span data-contrast=\"none\">\u00a0Transformers Figur kommt mit\u00a0<\/span><span data-contrast=\"none\">G1 Universe Targetmaster Tiptop Spielzeugfigur und G1 Universe Targetmaster Heater Spielzeugfigur<\/span><span data-ccp-props=\"{}\">\u00a0<\/span><\/li>\n<\/ul>\n<ul>\n<li><span data-contrast=\"none\">GESTALTEN ZUM SPIELEN UND ANZEIGEN: Die Transformers-Figuren haben bewegliche K\u00f6pfe, Arme und Beine f\u00fcr Action-Posen.<\/span><span data-ccp-props=\"{}\">\u00a0<\/span><\/li>\n<\/ul>\n<ul>\n<li><span data-contrast=\"none\">FEIERN SIE DIE LEGACY: Transformers Legacy United ehrt 40 Jahre Transformers-Animationsgeschichte! Sammle weitere Legacy: United-Figuren, um deine Sammlung zu vervollst\u00e4ndigen (jede Figur ist separat erh\u00e4ltlich, je nach Verf\u00fcgbarkeit)<\/span><span data-ccp-props=\"{}\">\u00a0<\/span><\/li>\n<\/ul>\n<ul>\n<li><span data-contrast=\"none\">GIFT TRANSFORMERS COLLECTIBLES: Diese\u00a0<\/span><span data-contrast=\"none\">G1 Universum Quake<\/span><span data-contrast=\"none\">\u00a0Die Action-Figur ist ein tolles Geschenk f\u00fcr jeden Transformers-Fan, der eine Sammelfigur sucht.<\/span><span data-ccp-props=\"{}\">\u00a0<\/span><\/li>\n<\/ul>\n<p><span data-ccp-props=\"{}\">\u00a0<\/span><span data-contrast=\"none\">8 Jahre und \u00e4lter<\/span><span data-ccp-props=\"{}\">\u00a0<\/span><\/p>\n<p><span data-contrast=\"auto\">Warnung: Verschluckungsgefahr - Kleinteile. Nicht f\u00fcr Kinder unter 3 Jahren geeignet.<\/span><span data-ccp-props=\"{}\">\u00a0<\/span><\/p>","protected":false},"excerpt":{"rendered":"<ul>\n<li>14 cm<\/li>\n<li>Deluxe-Klasse<\/li>\n<li>Verwandelt den Roboter in einen Tank<\/li>\n<li>24 Schritte<\/li>\n<\/ul>","protected":false},"featured_media":198176,"comment_status":"open","ping_status":"closed","template":"","meta":{"inline_featured_image":false},"product_brand":[],"product_cat":[1955,68,69,1960],"product_tag":[1759,199,1964,2468,2472,335,2400,2625,2443,1860,1975,204],"giftcard-category":[],"class_list":{"0":"post-198166","1":"product","2":"type-product","3":"status-publish","4":"has-post-thumbnail","6":"product_cat-transformers","7":"product_cat-hasbro","8":"product_cat-takara-tomy","9":"product_cat-transformers-generations","10":"product_tag-action-toys","11":"product_tag-autobot","12":"product_tag-deluxe-class","13":"product_tag-g1-universe","14":"product_tag-gears","15":"product_tag-hasbro","16":"product_tag-legacy-united","17":"product_tag-quake","18":"product_tag-shard","19":"product_tag-takaratomy","20":"product_tag-toys-figures","21":"product_tag-transformers","22":"product_shipping_class-light","23":"inventories-france-inventory","25":"first","26":"instock","27":"taxable","28":"shipping-taxable","29":"purchasable","30":"product-type-simple","31":"add-to-wishlist-after_add_to_cart"},"yoast_head":"<!-- This site is optimized with the Yoast SEO Premium plugin v25.3.1 (Yoast SEO v27.2) - https:\/\/yoast.com\/product\/yoast-seo-premium-wordpress\/ -->\n<title>Transformers: Legacy United - G1 Universe: Quake<\/title>\n<meta name=\"robots\" content=\"index, follow, max-snippet:-1, max-image-preview:large, max-video-preview:-1\" \/>\n<link rel=\"canonical\" href=\"https:\/\/hobby4geek.com\/de\/produkt\/transformers-legacy-united-g1-universe-quake\/\" \/>\n<meta property=\"og:locale\" content=\"de_DE\" \/>\n<meta property=\"og:type\" content=\"article\" \/>\n<meta property=\"og:title\" content=\"Transformers: Legacy United - G1 Universe: Quake\" \/>\n<meta property=\"og:description\" content=\"14 cm  Deluxe Class  Converts robot to tank  24 steps\" \/>\n<meta property=\"og:url\" content=\"https:\/\/hobby4geek.com\/de\/produkt\/transformers-legacy-united-g1-universe-quake\/\" \/>\n<meta property=\"og:site_name\" content=\"Hobby4Geek\" \/>\n<meta property=\"article:publisher\" content=\"https:\/\/www.facebook.com\/hobby4geek\" \/>\n<meta property=\"article:modified_time\" content=\"2025-04-05T09:58:55+00:00\" \/>\n<meta property=\"og:image\" content=\"https:\/\/hobby4geek.com\/wp-content\/uploads\/2024\/07\/hr_hasf8536_d.jpg\" \/>\n\t<meta property=\"og:image:width\" content=\"2000\" \/>\n\t<meta property=\"og:image:height\" content=\"2000\" \/>\n\t<meta property=\"og:image:type\" content=\"image\/jpeg\" \/>\n<meta name=\"twitter:card\" content=\"summary_large_image\" \/>\n<meta name=\"twitter:site\" content=\"@hobby4geek\" \/>\n<script type=\"application\/ld+json\" class=\"yoast-schema-graph\">{\"@context\":\"https:\/\/schema.org\",\"@graph\":[{\"@type\":\"WebPage\",\"@id\":\"https:\/\/hobby4geek.com\/product\/transformers-legacy-united-g1-universe-quake\/\",\"url\":\"https:\/\/hobby4geek.com\/product\/transformers-legacy-united-g1-universe-quake\/\",\"name\":\"Transformers: Legacy United - G1 Universe: Quake\",\"isPartOf\":{\"@id\":\"https:\/\/hobby4geek.com\/#website\"},\"primaryImageOfPage\":{\"@id\":\"https:\/\/hobby4geek.com\/product\/transformers-legacy-united-g1-universe-quake\/#primaryimage\"},\"image\":{\"@id\":\"https:\/\/hobby4geek.com\/product\/transformers-legacy-united-g1-universe-quake\/#primaryimage\"},\"thumbnailUrl\":\"https:\/\/hobby4geek.com\/wp-content\/uploads\/2024\/07\/hr_hasf8536_d.jpg\",\"datePublished\":\"2024-07-08T21:17:04+00:00\",\"dateModified\":\"2025-04-05T09:58:55+00:00\",\"breadcrumb\":{\"@id\":\"https:\/\/hobby4geek.com\/product\/transformers-legacy-united-g1-universe-quake\/#breadcrumb\"},\"inLanguage\":\"de\",\"potentialAction\":[{\"@type\":\"ReadAction\",\"target\":[\"https:\/\/hobby4geek.com\/product\/transformers-legacy-united-g1-universe-quake\/\"]}]},{\"@type\":\"ImageObject\",\"inLanguage\":\"de\",\"@id\":\"https:\/\/hobby4geek.com\/product\/transformers-legacy-united-g1-universe-quake\/#primaryimage\",\"url\":\"https:\/\/hobby4geek.com\/wp-content\/uploads\/2024\/07\/hr_hasf8536_d.jpg\",\"contentUrl\":\"https:\/\/hobby4geek.com\/wp-content\/uploads\/2024\/07\/hr_hasf8536_d.jpg\",\"width\":2000,\"height\":2000},{\"@type\":\"BreadcrumbList\",\"@id\":\"https:\/\/hobby4geek.com\/product\/transformers-legacy-united-g1-universe-quake\/#breadcrumb\",\"itemListElement\":[{\"@type\":\"ListItem\",\"position\":1,\"name\":\"Home\",\"item\":\"https:\/\/hobby4geek.com\/\"},{\"@type\":\"ListItem\",\"position\":2,\"name\":\"Shop\",\"item\":\"https:\/\/hobby4geek.com\/shop\/\"},{\"@type\":\"ListItem\",\"position\":3,\"name\":\"Transformers: Legacy United &#8211; G1 Universe: Quake\"}]},{\"@type\":\"WebSite\",\"@id\":\"https:\/\/hobby4geek.com\/#website\",\"url\":\"https:\/\/hobby4geek.com\/\",\"name\":\"Hobby4Geek\",\"description\":\"Collect, Play &amp; Showcase, Embrace your Geekiness\",\"publisher\":{\"@id\":\"https:\/\/hobby4geek.com\/#organization\"},\"potentialAction\":[{\"@type\":\"SearchAction\",\"target\":{\"@type\":\"EntryPoint\",\"urlTemplate\":\"https:\/\/hobby4geek.com\/?s={search_term_string}\"},\"query-input\":{\"@type\":\"PropertyValueSpecification\",\"valueRequired\":true,\"valueName\":\"search_term_string\"}}],\"inLanguage\":\"de\"},{\"@type\":\"Organization\",\"@id\":\"https:\/\/hobby4geek.com\/#organization\",\"name\":\"Hobby4Geek\",\"url\":\"https:\/\/hobby4geek.com\/\",\"logo\":{\"@type\":\"ImageObject\",\"inLanguage\":\"de\",\"@id\":\"https:\/\/hobby4geek.com\/#\/schema\/logo\/image\/\",\"url\":\"https:\/\/hobby4geek.com\/wp-content\/uploads\/2023\/02\/default-kit.png\",\"contentUrl\":\"https:\/\/hobby4geek.com\/wp-content\/uploads\/2023\/02\/default-kit.png\",\"width\":600,\"height\":600,\"caption\":\"Hobby4Geek\"},\"image\":{\"@id\":\"https:\/\/hobby4geek.com\/#\/schema\/logo\/image\/\"},\"sameAs\":[\"https:\/\/www.facebook.com\/hobby4geek\",\"https:\/\/x.com\/hobby4geek\",\"https:\/\/www.instagram.com\/hobby4geek\/\"]}]}<\/script>\n<meta property=\"product:brand\" content=\"Transformers\" \/>\n<meta property=\"product:price:amount\" content=\"27.80\" \/>\n<meta property=\"product:price:currency\" content=\"EUR\" \/>\n<meta property=\"og:availability\" content=\"instock\" \/>\n<meta property=\"product:availability\" content=\"instock\" \/>\n<meta property=\"product:retailer_item_id\" content=\"5010996254955\" \/>\n<meta property=\"product:condition\" content=\"new\" \/>\n<!-- \/ Yoast SEO Premium plugin. -->","yoast_head_json":{"title":"Transformers: Legacy United - G1 Universe: Quake","robots":{"index":"index","follow":"follow","max-snippet":"max-snippet:-1","max-image-preview":"max-image-preview:large","max-video-preview":"max-video-preview:-1"},"canonical":"https:\/\/hobby4geek.com\/de\/produkt\/transformers-legacy-united-g1-universe-quake\/","og_locale":"de_DE","og_type":"article","og_title":"Transformers: Legacy United - G1 Universe: Quake","og_description":"14 cm  Deluxe Class  Converts robot to tank  24 steps","og_url":"https:\/\/hobby4geek.com\/de\/produkt\/transformers-legacy-united-g1-universe-quake\/","og_site_name":"Hobby4Geek","article_publisher":"https:\/\/www.facebook.com\/hobby4geek","article_modified_time":"2025-04-05T09:58:55+00:00","og_image":[{"width":2000,"height":2000,"url":"https:\/\/hobby4geek.com\/wp-content\/uploads\/2024\/07\/hr_hasf8536_d.jpg","type":"image\/jpeg"}],"twitter_card":"summary_large_image","twitter_site":"@hobby4geek","schema":{"@context":"https:\/\/schema.org","@graph":[{"@type":"WebPage","@id":"https:\/\/hobby4geek.com\/product\/transformers-legacy-united-g1-universe-quake\/","url":"https:\/\/hobby4geek.com\/product\/transformers-legacy-united-g1-universe-quake\/","name":"Transformers: Legacy United - G1 Universe: Quake","isPartOf":{"@id":"https:\/\/hobby4geek.com\/#website"},"primaryImageOfPage":{"@id":"https:\/\/hobby4geek.com\/product\/transformers-legacy-united-g1-universe-quake\/#primaryimage"},"image":{"@id":"https:\/\/hobby4geek.com\/product\/transformers-legacy-united-g1-universe-quake\/#primaryimage"},"thumbnailUrl":"https:\/\/hobby4geek.com\/wp-content\/uploads\/2024\/07\/hr_hasf8536_d.jpg","datePublished":"2024-07-08T21:17:04+00:00","dateModified":"2025-04-05T09:58:55+00:00","breadcrumb":{"@id":"https:\/\/hobby4geek.com\/product\/transformers-legacy-united-g1-universe-quake\/#breadcrumb"},"inLanguage":"de","potentialAction":[{"@type":"ReadAction","target":["https:\/\/hobby4geek.com\/product\/transformers-legacy-united-g1-universe-quake\/"]}]},{"@type":"ImageObject","inLanguage":"de","@id":"https:\/\/hobby4geek.com\/product\/transformers-legacy-united-g1-universe-quake\/#primaryimage","url":"https:\/\/hobby4geek.com\/wp-content\/uploads\/2024\/07\/hr_hasf8536_d.jpg","contentUrl":"https:\/\/hobby4geek.com\/wp-content\/uploads\/2024\/07\/hr_hasf8536_d.jpg","width":2000,"height":2000},{"@type":"BreadcrumbList","@id":"https:\/\/hobby4geek.com\/product\/transformers-legacy-united-g1-universe-quake\/#breadcrumb","itemListElement":[{"@type":"ListItem","position":1,"name":"Home","item":"https:\/\/hobby4geek.com\/"},{"@type":"ListItem","position":2,"name":"Shop","item":"https:\/\/hobby4geek.com\/shop\/"},{"@type":"ListItem","position":3,"name":"Transformers: Legacy United &#8211; G1 Universe: Quake"}]},{"@type":"WebSite","@id":"https:\/\/hobby4geek.com\/#website","url":"https:\/\/hobby4geek.com\/","name":"Hobby4Geek","description":"Sammeln, Spielen &amp; Pr\u00e4sentieren, Umarmung der Geekiness","publisher":{"@id":"https:\/\/hobby4geek.com\/#organization"},"potentialAction":[{"@type":"SearchAction","target":{"@type":"EntryPoint","urlTemplate":"https:\/\/hobby4geek.com\/?s={search_term_string}"},"query-input":{"@type":"PropertyValueSpecification","valueRequired":true,"valueName":"search_term_string"}}],"inLanguage":"de"},{"@type":"Organization","@id":"https:\/\/hobby4geek.com\/#organization","name":"Hobby4Geek","url":"https:\/\/hobby4geek.com\/","logo":{"@type":"ImageObject","inLanguage":"de","@id":"https:\/\/hobby4geek.com\/#\/schema\/logo\/image\/","url":"https:\/\/hobby4geek.com\/wp-content\/uploads\/2023\/02\/default-kit.png","contentUrl":"https:\/\/hobby4geek.com\/wp-content\/uploads\/2023\/02\/default-kit.png","width":600,"height":600,"caption":"Hobby4Geek"},"image":{"@id":"https:\/\/hobby4geek.com\/#\/schema\/logo\/image\/"},"sameAs":["https:\/\/www.facebook.com\/hobby4geek","https:\/\/x.com\/hobby4geek","https:\/\/www.instagram.com\/hobby4geek\/"]}]},"product_brand":"Transformers","product_price_amount":"27.80","product_price_currency":"EUR","og_availability":"instock","product_availability":"instock","product_retailer_item_id":"5010996254955","product_condition":"new"},"_links":{"self":[{"href":"https:\/\/hobby4geek.com\/de\/wp-json\/wp\/v2\/product\/198166","targetHints":{"allow":["GET"]}}],"collection":[{"href":"https:\/\/hobby4geek.com\/de\/wp-json\/wp\/v2\/product"}],"about":[{"href":"https:\/\/hobby4geek.com\/de\/wp-json\/wp\/v2\/types\/product"}],"replies":[{"embeddable":true,"href":"https:\/\/hobby4geek.com\/de\/wp-json\/wp\/v2\/comments?post=198166"}],"version-history":[{"count":0,"href":"https:\/\/hobby4geek.com\/de\/wp-json\/wp\/v2\/product\/198166\/revisions"}],"wp:featuredmedia":[{"embeddable":true,"href":"https:\/\/hobby4geek.com\/de\/wp-json\/wp\/v2\/media\/198176"}],"wp:attachment":[{"href":"https:\/\/hobby4geek.com\/de\/wp-json\/wp\/v2\/media?parent=198166"}],"wp:term":[{"taxonomy":"product_brand","embeddable":true,"href":"https:\/\/hobby4geek.com\/de\/wp-json\/wp\/v2\/product_brand?post=198166"},{"taxonomy":"product_cat","embeddable":true,"href":"https:\/\/hobby4geek.com\/de\/wp-json\/wp\/v2\/product_cat?post=198166"},{"taxonomy":"product_tag","embeddable":true,"href":"https:\/\/hobby4geek.com\/de\/wp-json\/wp\/v2\/product_tag?post=198166"},{"taxonomy":"giftcard-category","embeddable":true,"href":"https:\/\/hobby4geek.com\/de\/wp-json\/wp\/v2\/giftcard-category?post=198166"}],"curies":[{"name":"wp","href":"https:\/\/api.w.org\/{rel}","templated":true}]}}